{"id":156,"date":"2020-10-18T16:15:45","date_gmt":"2020-10-18T16:15:45","guid":{"rendered":"https:\/\/ibomberdefense.standardof.net\/?page_id=156"},"modified":"2020-10-19T08:06:58","modified_gmt":"2020-10-19T08:06:58","slug":"quick-play-and-bonus-levels","status":"publish","type":"page","link":"https:\/\/ibomberdefense.standardof.net\/de\/guide\/schnellspiel-und-bonuslevel\/","title":{"rendered":"Schnellspiel- und Bonuslevel"},"content":{"rendered":"<p>Diese Anleitung setzt die exemplarische Vorgehensweise des Videospiels iBomber Defense fort und deckt alle Quick Play- und Bonus Level-Karten ab. Diese Anleitungen sind f\u00fcr die geschrieben <strong>Veteran <\/strong>Schwierigkeit (am schwierigsten) und demonstrieren Methoden, um a <strong>Perfekt <\/strong>Bewertung auf jeder einzelnen Karte. Diese Strategien sollen verwendet werden, um auch die Medaillen &quot;\u00dcberlebender&quot;, &quot;Basisverteidiger&quot; und &quot;Turmw\u00e4chter&quot; f\u00fcr jede Karte zu erhalten, die sich auf die Erfolge &quot;W\u00e4chter&quot;, &quot;\u00dcberlebender&quot; und &quot;Verteidiger&quot; f\u00fcr den Veteranen und niedrigere Schwierigkeitsgrade beziehen.<\/p>\n\n\n\n<p><strong>Hinweis: <\/strong>Obwohl ich bereits etwas anderes erw\u00e4hnt habe, unterscheiden sich die Quickplay-Missionen erheblich von den Kampagnenmissionen darin, dass Sie leicht eingeschr\u00e4nkten Wellen mit eingeschr\u00e4nkteren Turmoptionen ausgesetzt sind. Aus diesem Grund habe ich beschlossen, den Leitfaden f\u00fcr diese Missionen fortzusetzen. Jede Ebene ist unten verlinkt, jede hat ihre eigene Anleitung und Seite.<\/p>\n\n\n\n<p>** Dieser Leitfaden und seine Unterabschnitte sind derzeit WIP. Sobald die Anleitungen f\u00fcr jede Mission abgeschlossen und ver\u00f6ffentlicht sind, wird diese Seite mit den Links zu jeder Mission aktualisiert.<\/p>\n\n\n\n<h3 class=\"wp-block-heading\">Allied Quick Play Levels:<\/h3>\n\n\n\n<ol><li><strong><a href=\"https:\/\/ibomberdefense.standardof.net\/de\/guide\/schnellspiel-und-bonuslevel\/alliiert-westeuropa\/\" class=\"rank-math-link\">Westeuropa<\/a><\/strong><\/li><li><strong><a href=\"https:\/\/ibomberdefense.standardof.net\/de\/guide\/schnellspiel-und-bonuslevel\/alliiert-westlich-mediterran-2\/\" class=\"rank-math-link\">Westliches Mittelmeer<\/a><\/strong><\/li><li>Nordwestafrika<\/li><li>Westeuropa<\/li><li>S\u00fcdost Europa<\/li><li>\u00d6stliches Mittelmeer<\/li><li>S\u00fcdeuropa<\/li><li>Westrussland<\/li><li>Nordosteuropa<\/li><li>Nordeuropa<\/li><li>Deutschland<\/li><\/ol>\n\n\n\n<h3 class=\"wp-block-heading\">Axis Quick Play Levels:<\/h3>\n\n\n\n<ol><li>Nordeuropa<\/li><li>Westrussland<\/li><li>Nordosteuropa<\/li><li>Nordostafrika<\/li><li>S\u00fcdost Europa<\/li><li>\u00d6stliches Mittelmeer<\/li><li>Nordwestafrika<\/li><li>S\u00fcdeuropa<\/li><li>Westliches Mittelmeer<\/li><li>Westeuropa<\/li><li>Gro\u00dfbritannien<\/li><\/ol>\n\n\n\n<h3 class=\"wp-block-heading\">Bonusmissionen:<\/h3>\n\n\n\n<ol><li>Bittere Ernte<\/li><li>Unter den Ruinen<\/li><\/ol>\n\n\n\n<h3 class=\"wp-block-heading\">Andere iBomber-Verteidigungshandb\u00fccher:<\/h3>\n\n\n\n<p>Walkthrough f\u00fcr alliierte Kampagnen<br>Walkthrough zur Achsenkampagne<\/p>","protected":false},"excerpt":{"rendered":"<p>This guide continues the walkthrough of the video game iBomber Defense, covering all of the Quick Play and Bonus Level maps. These guides are written for the Veteran difficulty (hardest) and demonstrate methods used to get a Perfect rating on every single map. These strategies are meant to be used in order to also achieve [&hellip;]<\/p>","protected":false},"author":1,"featured_media":15,"parent":139,"menu_order":3,"comment_status":"closed","ping_status":"closed","template":"","meta":{"_uag_custom_page_level_css":"","site-sidebar-layout":"default","site-content-layout":"default","ast-site-content-layout":"","site-content-style":"default","site-sidebar-style":"default","ast-global-header-display":"","ast-banner-title-visibility":"","ast-main-header-display":"","ast-hfb-above-header-display":"","ast-hfb-below-header-display":"","ast-hfb-mobile-header-display":"","site-post-title":"","ast-breadcrumbs-content":"","ast-featured-img":"","footer-sml-layout":"","theme-transparent-header-meta":"default","adv-header-id-meta":"","stick-header-meta":"","header-above-stick-meta":"","header-main-stick-meta":"","header-below-stick-meta":"","astra-migrate-meta-layouts":"default","ast-page-background-enabled":"default","ast-page-background-meta":{"desktop":{"background-color":"","background-image":"","background-repeat":"repeat","background-position":"center center","background-size":"auto","background-attachment":"scroll","background-type":"","background-media":"","overlay-type":"","overlay-color":"","overlay-gradient":""},"tablet":{"background-color":"","background-image":"","background-repeat":"repeat","background-position":"center center","background-size":"auto","background-attachment":"scroll","background-type":"","background-media":"","overlay-type":"","overlay-color":"","overlay-gradient":""},"mobile":{"background-color":"","background-image":"","background-repeat":"repeat","background-position":"center center","background-size":"auto","background-attachment":"scroll","background-type":"","background-media":"","overlay-type":"","overlay-color":"","overlay-gradient":""}},"ast-content-background-meta":{"desktop":{"background-color":"var(--ast-global-color-5)","background-image":"","background-repeat":"repeat","background-position":"center center","background-size":"auto","background-attachment":"scroll","background-type":"","background-media":"","overlay-type":"","overlay-color":"","overlay-gradient":""},"tablet":{"background-color":"var(--ast-global-color-5)","background-image":"","background-repeat":"repeat","background-position":"center center","background-size":"auto","background-attachment":"scroll","background-type":"","background-media":"","overlay-type":"","overlay-color":"","overlay-gradient":""},"mobile":{"background-color":"var(--ast-global-color-5)","background-image":"","background-repeat":"repeat","background-position":"center center","background-size":"auto","background-attachment":"scroll","background-type":"","background-media":"","overlay-type":"","overlay-color":"","overlay-gradient":""}},"footnotes":""},"uagb_featured_image_src":{"full":["https:\/\/ibomberdefense.standardof.net\/wp-content\/uploads\/sites\/5\/2020\/10\/iBomber-Defense-Header-1.jpg",1020,766,false],"thumbnail":["https:\/\/ibomberdefense.standardof.net\/wp-content\/uploads\/sites\/5\/2020\/10\/iBomber-Defense-Header-1-200x150.jpg",200,150,true],"medium":["https:\/\/ibomberdefense.standardof.net\/wp-content\/uploads\/sites\/5\/2020\/10\/iBomber-Defense-Header-1-512x385.jpg",512,385,true],"medium_large":["https:\/\/ibomberdefense.standardof.net\/wp-content\/uploads\/sites\/5\/2020\/10\/iBomber-Defense-Header-1-768x577.jpg",768,577,true],"large":["https:\/\/ibomberdefense.standardof.net\/wp-content\/uploads\/sites\/5\/2020\/10\/iBomber-Defense-Header-1-800x601.jpg",800,601,true],"1536x1536":["https:\/\/ibomberdefense.standardof.net\/wp-content\/uploads\/sites\/5\/2020\/10\/iBomber-Defense-Header-1.jpg",1020,766,false],"2048x2048":["https:\/\/ibomberdefense.standardof.net\/wp-content\/uploads\/sites\/5\/2020\/10\/iBomber-Defense-Header-1.jpg",1020,766,false],"trp-custom-language-flag":["https:\/\/ibomberdefense.standardof.net\/wp-content\/uploads\/sites\/5\/2020\/10\/iBomber-Defense-Header-1-16x12.jpg",16,12,true]},"uagb_author_info":{"display_name":"SOE","author_link":"https:\/\/ibomberdefense.standardof.net\/de\/author\/k-tastic\/"},"uagb_comment_info":0,"uagb_excerpt":"This guide continues the walkthrough of the video game iBomber Defense, covering all of the Quick Play and Bonus Level maps. These guides are written for the Veteran difficulty (hardest) and demonstrate methods used to get a Perfect rating on every single map. These strategies are meant to be used in order to also achieve&hellip;","_links":{"self":[{"href":"https:\/\/ibomberdefense.standardof.net\/de\/wp-json\/wp\/v2\/pages\/156"}],"collection":[{"href":"https:\/\/ibomberdefense.standardof.net\/de\/wp-json\/wp\/v2\/pages"}],"about":[{"href":"https:\/\/ibomberdefense.standardof.net\/de\/wp-json\/wp\/v2\/types\/page"}],"author":[{"embeddable":true,"href":"https:\/\/ibomberdefense.standardof.net\/de\/wp-json\/wp\/v2\/users\/1"}],"replies":[{"embeddable":true,"href":"https:\/\/ibomberdefense.standardof.net\/de\/wp-json\/wp\/v2\/comments?post=156"}],"version-history":[{"count":0,"href":"https:\/\/ibomberdefense.standardof.net\/de\/wp-json\/wp\/v2\/pages\/156\/revisions"}],"up":[{"embeddable":true,"href":"https:\/\/ibomberdefense.standardof.net\/de\/wp-json\/wp\/v2\/pages\/139"}],"wp:featuredmedia":[{"embeddable":true,"href":"https:\/\/ibomberdefense.standardof.net\/de\/wp-json\/wp\/v2\/media\/15"}],"wp:attachment":[{"href":"https:\/\/ibomberdefense.standardof.net\/de\/wp-json\/wp\/v2\/media?parent=156"}],"curies":[{"name":"wp","href":"https:\/\/api.w.org\/{rel}","templated":true}]}}