{"id":159,"date":"2020-10-18T16:32:10","date_gmt":"2020-10-18T16:32:10","guid":{"rendered":"https:\/\/ibomberdefense.standardof.net\/?page_id=159"},"modified":"2020-10-19T08:07:04","modified_gmt":"2020-10-19T08:07:04","slug":"allied-western-europe","status":"publish","type":"page","link":"https:\/\/ibomberdefense.standardof.net\/de\/guide\/schnellspiel-und-bonuslevel\/alliiert-westeuropa\/","title":{"rendered":"Allied Quick Play Level: Westeuropa"},"content":{"rendered":"<p>Diese exemplarische Vorgehensweise behandelt das Level Westied, Allied Quickplay im Videospiel iBomber Defense. Im Inneren finden Sie ein Video-Durchspielen mit Kommentaren sowie detaillierte Anweisungen, wie und welche T\u00fcrme platziert werden m\u00fcssen, um Ihre Basis zu sch\u00fctzen und eine perfekte Bewertung zusammen mit allen drei Medaillen in diesem Level zu erzielen.<\/p>\n\n\n\n<div class=\"wp-block-image\"><figure class=\"aligncenter size-large\"><a href=\"https:\/\/ibomberdefense.standardof.net\/de\/guide\/schnellspiel-und-bonuslevel\/alliiert-westeuropa\/ibomber-defense-allied-quick-play-01-western-europe-1\/\"><img decoding=\"async\" width=\"800\" height=\"500\" src=\"https:\/\/ibomberdefense.standardof.net\/wp-content\/uploads\/sites\/5\/2020\/10\/iBomber-Defense-Allied-Quick-Play-01-Western-Europe-1-800x500.jpg\" alt=\"&quot;iBomber Defense&quot; - Allied Quick Play 01 - Westeuropa (1)\" class=\"wp-image-7\" title=\"\" srcset=\"https:\/\/ibomberdefense.standardof.net\/wp-content\/uploads\/sites\/5\/2020\/10\/iBomber-Defense-Allied-Quick-Play-01-Western-Europe-1-800x500.jpg 800w, https:\/\/ibomberdefense.standardof.net\/wp-content\/uploads\/sites\/5\/2020\/10\/iBomber-Defense-Allied-Quick-Play-01-Western-Europe-1-512x320.jpg 512w, https:\/\/ibomberdefense.standardof.net\/wp-content\/uploads\/sites\/5\/2020\/10\/iBomber-Defense-Allied-Quick-Play-01-Western-Europe-1-200x125.jpg 200w, https:\/\/ibomberdefense.standardof.net\/wp-content\/uploads\/sites\/5\/2020\/10\/iBomber-Defense-Allied-Quick-Play-01-Western-Europe-1-768x480.jpg 768w, https:\/\/ibomberdefense.standardof.net\/wp-content\/uploads\/sites\/5\/2020\/10\/iBomber-Defense-Allied-Quick-Play-01-Western-Europe-1-16x10.jpg 16w, https:\/\/ibomberdefense.standardof.net\/wp-content\/uploads\/sites\/5\/2020\/10\/iBomber-Defense-Allied-Quick-Play-01-Western-Europe-1.jpg 1280w\" sizes=\"(max-width: 800px) 100vw, 800px\" \/><\/a><figcaption>Richtung der feindlichen Streitkr\u00e4fte.<\/figcaption><\/figure><\/div>\n\n\n\n<p>Bei diesem erneuten Besuch der ersten einfachen Karte sehen Sie sich einem gemischten Angriff von Bodeneinheiten, haupts\u00e4chlich Infanterie- und Leichtfahrzeugen, f\u00fcr 20 Wellen gegen\u00fcber. Wie in der Kampagnenversion gibt es zwei Stra\u00dfen, die vom oberen Rand der Karte kommen und zu einem einzigen Pfad zusammenlaufen, der zu Ihrer Basis f\u00fchrt. Die optimale Strategie besteht darin, die Platzierung des Turmes entlang dieses konvergierten Pfades zu konzentrieren und die geteilten Routen zu ignorieren, um die Verwendung jedes ausgegebenen Dollars zu maximieren.<\/p>\n\n\n\n<h3 class=\"wp-block-heading\"><strong>Ausgaben f\u00fcr Siegpunkte:<\/strong><\/h3>\n\n\n\n<p>Sie haben nur einen Punkt f\u00fcr Upgrades f\u00fcr Ihre T\u00fcrme, wobei Ihnen bereits Stufe 2 von Kanone und Maschinengewehr sowie Stufe 1 AA (nicht verwendet) gegeben wurden. Nimm den verf\u00fcgbaren Punkt und gib ihn f\u00fcr Comm Towers der Stufe 1 aus.<\/p>\n\n\n\n<h3 class=\"wp-block-heading\"><strong>Revolverplatzierung:<\/strong><\/h3>\n\n\n\n<p>Die ersten Wellen werden ziemlich leicht sein, konzentrieren Sie sich also darauf, ein Paar Maschinengewehre entlang des konvergierten Pfades zu bauen und vollst\u00e4ndig zu verbessern<strong>,<\/strong> vor seiner ersten Kurve im S\u00fcden. Platzieren Sie einen dritten Maschinengewehr-Turm um Welle 7 am Eingang Ihrer Basis, mit einem kleinen Abstand zwischen ihm und dem Geb\u00e4ude selbst, um m\u00f6gliche Lecks abzudecken. Der Beginn von Welle 10 sollte einen Kanonenturm mit sich bringen, der in der N\u00e4he der ersten beiden Kanonen platziert ist. Dieser Punkt wird als F\u00fchrungsverteidigungsgruppe bezeichnet. Stellen Sie sicher, dass die Lead-Gruppe gruppiert ist, damit beim sp\u00e4teren Platzieren eines Comm Tower alle mit ihrem Boost aktualisiert werden.<\/p>\n\n\n\n<p>Welle 11 sollte Zeit f\u00fcr den Comm Tower sein, der wie oben erw\u00e4hnt platziert wurde. Abgesehen davon, dass Sie 50$ sparen, um Ihre Kanone auf Stufe 2 um Welle 17 zu verbessern, kann der Rest Ihres Geldes f\u00fcr die Platzierung weiterer Maschinengewehr-T\u00fcrme in der Frontalverteidigungsgruppe verwendet werden. Wenn etwas durchkommt, k\u00f6nnen Sie Ihren Leckschutzturm optional aufr\u00fcsten. Ich fand es jedoch unn\u00f6tig, dies zu tun. Versuchen Sie nicht, zu viel Geld zu sparen, da Sie das meiste davon ausgeben m\u00fcssen, um mit den Wellen Schritt zu halten.<\/p>\n\n\n\n<figure class=\"wp-block-gallery columns-2 is-cropped wp-block-gallery-1 is-layout-flex wp-block-gallery-is-layout-flex\"><ul class=\"blocks-gallery-grid\"><li class=\"blocks-gallery-item\"><figure><a href=\"https:\/\/ibomberdefense.standardof.net\/de\/guide\/schnellspiel-und-bonuslevel\/alliiert-westeuropa\/ibomber-defense-allied-quick-play-01-western-europe-2\/\"><img decoding=\"async\" width=\"800\" height=\"500\" src=\"https:\/\/ibomberdefense.standardof.net\/wp-content\/uploads\/sites\/5\/2020\/10\/iBomber-Defense-Allied-Quick-Play-01-Western-Europe-2-800x500.jpg\" alt=\"&quot;iBomber Defense&quot; - Allied Quick Play 01 - Westeuropa (2)\" data-id=\"8\" data-full-url=\"https:\/\/ibomberdefense.standardof.net\/wp-content\/uploads\/sites\/5\/2020\/10\/iBomber-Defense-Allied-Quick-Play-01-Western-Europe-2.jpg\" data-link=\"https:\/\/ibomberdefense.standardof.net\/guide\/quick-play-and-bonus-levels\/allied-western-europe\/ibomber-defense-allied-quick-play-01-western-europe-2\/\" class=\"wp-image-8\" title=\"\" srcset=\"https:\/\/ibomberdefense.standardof.net\/wp-content\/uploads\/sites\/5\/2020\/10\/iBomber-Defense-Allied-Quick-Play-01-Western-Europe-2-800x500.jpg 800w, https:\/\/ibomberdefense.standardof.net\/wp-content\/uploads\/sites\/5\/2020\/10\/iBomber-Defense-Allied-Quick-Play-01-Western-Europe-2-512x320.jpg 512w, https:\/\/ibomberdefense.standardof.net\/wp-content\/uploads\/sites\/5\/2020\/10\/iBomber-Defense-Allied-Quick-Play-01-Western-Europe-2-200x125.jpg 200w, https:\/\/ibomberdefense.standardof.net\/wp-content\/uploads\/sites\/5\/2020\/10\/iBomber-Defense-Allied-Quick-Play-01-Western-Europe-2-768x480.jpg 768w, https:\/\/ibomberdefense.standardof.net\/wp-content\/uploads\/sites\/5\/2020\/10\/iBomber-Defense-Allied-Quick-Play-01-Western-Europe-2-16x10.jpg 16w, https:\/\/ibomberdefense.standardof.net\/wp-content\/uploads\/sites\/5\/2020\/10\/iBomber-Defense-Allied-Quick-Play-01-Western-Europe-2.jpg 1280w\" sizes=\"(max-width: 800px) 100vw, 800px\" \/><\/a><figcaption class=\"blocks-gallery-item__caption\">Platzierung des Revolvers der Welle 10.<\/figcaption><\/figure><\/li><li class=\"blocks-gallery-item\"><figure><a href=\"https:\/\/ibomberdefense.standardof.net\/de\/guide\/schnellspiel-und-bonuslevel\/alliiert-westeuropa\/ibomber-defense-allied-quick-play-01-western-europe-3\/\"><img decoding=\"async\" width=\"800\" height=\"500\" src=\"https:\/\/ibomberdefense.standardof.net\/wp-content\/uploads\/sites\/5\/2020\/10\/iBomber-Defense-Allied-Quick-Play-01-Western-Europe-3-800x500.jpg\" alt=\"&quot;iBomber Defense&quot; - Allied Quick Play 01 - Westeuropa (3)\" data-id=\"9\" data-full-url=\"https:\/\/ibomberdefense.standardof.net\/wp-content\/uploads\/sites\/5\/2020\/10\/iBomber-Defense-Allied-Quick-Play-01-Western-Europe-3.jpg\" data-link=\"https:\/\/ibomberdefense.standardof.net\/guide\/quick-play-and-bonus-levels\/allied-western-europe\/ibomber-defense-allied-quick-play-01-western-europe-3\/\" class=\"wp-image-9\" title=\"\" srcset=\"https:\/\/ibomberdefense.standardof.net\/wp-content\/uploads\/sites\/5\/2020\/10\/iBomber-Defense-Allied-Quick-Play-01-Western-Europe-3-800x500.jpg 800w, https:\/\/ibomberdefense.standardof.net\/wp-content\/uploads\/sites\/5\/2020\/10\/iBomber-Defense-Allied-Quick-Play-01-Western-Europe-3-512x320.jpg 512w, https:\/\/ibomberdefense.standardof.net\/wp-content\/uploads\/sites\/5\/2020\/10\/iBomber-Defense-Allied-Quick-Play-01-Western-Europe-3-200x125.jpg 200w, https:\/\/ibomberdefense.standardof.net\/wp-content\/uploads\/sites\/5\/2020\/10\/iBomber-Defense-Allied-Quick-Play-01-Western-Europe-3-768x480.jpg 768w, https:\/\/ibomberdefense.standardof.net\/wp-content\/uploads\/sites\/5\/2020\/10\/iBomber-Defense-Allied-Quick-Play-01-Western-Europe-3-16x10.jpg 16w, https:\/\/ibomberdefense.standardof.net\/wp-content\/uploads\/sites\/5\/2020\/10\/iBomber-Defense-Allied-Quick-Play-01-Western-Europe-3.jpg 1280w\" sizes=\"(max-width: 800px) 100vw, 800px\" \/><\/a><figcaption class=\"blocks-gallery-item__caption\">Platzierung des Revolvers der Welle 20.<\/figcaption><\/figure><\/li><\/ul><\/figure>\n\n\n\n<hr class=\"wp-block-separator\"\/>\n\n\n\n<h4 class=\"has-text-align-center wp-block-heading\">Videoanleitung<\/h4>\n\n\n\n<figure class=\"wp-block-embed-youtube wp-block-embed is-type-video is-provider-youtube wp-embed-aspect-4-3 wp-has-aspect-ratio\"><div class=\"wp-block-embed__wrapper\">\n<div class=\"ast-oembed-container\" style=\"height: 100%;\"><iframe title=\"iBomber Defense - Westeuropa - Schnellspielmodus - Veteran + Perfekt\" width=\"500\" height=\"375\" src=\"https:\/\/www.youtube.com\/embed\/NHkoyBFki8k?feature=oembed\" frameborder=\"0\" allow=\"accelerometer; autoplay; clipboard-write; encrypted-media; gyroscope; picture-in-picture; web-share\" referrerpolicy=\"strict-origin-when-cross-origin\" allowfullscreen><\/iframe><\/div>\n<\/div><\/figure>","protected":false},"excerpt":{"rendered":"<p>This walkthrough guide will cover the Western Europe, Allied Quickplay level in the video game iBomber Defense. Within you will find a video playthrough with commentary along with detailed instructions on how and what turrets to place in order to protect your base and achieve a perfect rating along with all three medals in this [&hellip;]<\/p>","protected":false},"author":1,"featured_media":18,"parent":156,"menu_order":1,"comment_status":"open","ping_status":"closed","template":"","meta":{"_uag_custom_page_level_css":"","site-sidebar-layout":"default","site-content-layout":"default","ast-site-content-layout":"","site-content-style":"default","site-sidebar-style":"default","ast-global-header-display":"","ast-banner-title-visibility":"","ast-main-header-display":"","ast-hfb-above-header-display":"","ast-hfb-below-header-display":"","ast-hfb-mobile-header-display":"","site-post-title":"","ast-breadcrumbs-content":"","ast-featured-img":"","footer-sml-layout":"","theme-transparent-header-meta":"default","adv-header-id-meta":"","stick-header-meta":"","header-above-stick-meta":"","header-main-stick-meta":"","header-below-stick-meta":"","astra-migrate-meta-layouts":"default","ast-page-background-enabled":"default","ast-page-background-meta":{"desktop":{"background-color":"","background-image":"","background-repeat":"repeat","background-position":"center center","background-size":"auto","background-attachment":"scroll","background-type":"","background-media":"","overlay-type":"","overlay-color":"","overlay-gradient":""},"tablet":{"background-color":"","background-image":"","background-repeat":"repeat","background-position":"center center","background-size":"auto","background-attachment":"scroll","background-type":"","background-media":"","overlay-type":"","overlay-color":"","overlay-gradient":""},"mobile":{"background-color":"","background-image":"","background-repeat":"repeat","background-position":"center center","background-size":"auto","background-attachment":"scroll","background-type":"","background-media":"","overlay-type":"","overlay-color":"","overlay-gradient":""}},"ast-content-background-meta":{"desktop":{"background-color":"var(--ast-global-color-5)","background-image":"","background-repeat":"repeat","background-position":"center center","background-size":"auto","background-attachment":"scroll","background-type":"","background-media":"","overlay-type":"","overlay-color":"","overlay-gradient":""},"tablet":{"background-color":"var(--ast-global-color-5)","background-image":"","background-repeat":"repeat","background-position":"center center","background-size":"auto","background-attachment":"scroll","background-type":"","background-media":"","overlay-type":"","overlay-color":"","overlay-gradient":""},"mobile":{"background-color":"var(--ast-global-color-5)","background-image":"","background-repeat":"repeat","background-position":"center center","background-size":"auto","background-attachment":"scroll","background-type":"","background-media":"","overlay-type":"","overlay-color":"","overlay-gradient":""}},"footnotes":""},"uagb_featured_image_src":{"full":["https:\/\/ibomberdefense.standardof.net\/wp-content\/uploads\/sites\/5\/2020\/10\/iBomber-Defense-Level-1-Western-Europe-The-Fight-Starts-Here-2.jpg",1280,720,false],"thumbnail":["https:\/\/ibomberdefense.standardof.net\/wp-content\/uploads\/sites\/5\/2020\/10\/iBomber-Defense-Level-1-Western-Europe-The-Fight-Starts-Here-2-200x113.jpg",200,113,true],"medium":["https:\/\/ibomberdefense.standardof.net\/wp-content\/uploads\/sites\/5\/2020\/10\/iBomber-Defense-Level-1-Western-Europe-The-Fight-Starts-Here-2-512x288.jpg",512,288,true],"medium_large":["https:\/\/ibomberdefense.standardof.net\/wp-content\/uploads\/sites\/5\/2020\/10\/iBomber-Defense-Level-1-Western-Europe-The-Fight-Starts-Here-2-768x432.jpg",768,432,true],"large":["https:\/\/ibomberdefense.standardof.net\/wp-content\/uploads\/sites\/5\/2020\/10\/iBomber-Defense-Level-1-Western-Europe-The-Fight-Starts-Here-2-800x450.jpg",800,450,true],"1536x1536":["https:\/\/ibomberdefense.standardof.net\/wp-content\/uploads\/sites\/5\/2020\/10\/iBomber-Defense-Level-1-Western-Europe-The-Fight-Starts-Here-2.jpg",1280,720,false],"2048x2048":["https:\/\/ibomberdefense.standardof.net\/wp-content\/uploads\/sites\/5\/2020\/10\/iBomber-Defense-Level-1-Western-Europe-The-Fight-Starts-Here-2.jpg",1280,720,false],"trp-custom-language-flag":["https:\/\/ibomberdefense.standardof.net\/wp-content\/uploads\/sites\/5\/2020\/10\/iBomber-Defense-Level-1-Western-Europe-The-Fight-Starts-Here-2-16x9.jpg",16,9,true]},"uagb_author_info":{"display_name":"SOE","author_link":"https:\/\/ibomberdefense.standardof.net\/de\/author\/k-tastic\/"},"uagb_comment_info":0,"uagb_excerpt":"This walkthrough guide will cover the Western Europe, Allied Quickplay level in the video game iBomber Defense. Within you will find a video playthrough with commentary along with detailed instructions on how and what turrets to place in order to protect your base and achieve a perfect rating along with all three medals in this&hellip;","_links":{"self":[{"href":"https:\/\/ibomberdefense.standardof.net\/de\/wp-json\/wp\/v2\/pages\/159"}],"collection":[{"href":"https:\/\/ibomberdefense.standardof.net\/de\/wp-json\/wp\/v2\/pages"}],"about":[{"href":"https:\/\/ibomberdefense.standardof.net\/de\/wp-json\/wp\/v2\/types\/page"}],"author":[{"embeddable":true,"href":"https:\/\/ibomberdefense.standardof.net\/de\/wp-json\/wp\/v2\/users\/1"}],"replies":[{"embeddable":true,"href":"https:\/\/ibomberdefense.standardof.net\/de\/wp-json\/wp\/v2\/comments?post=159"}],"version-history":[{"count":0,"href":"https:\/\/ibomberdefense.standardof.net\/de\/wp-json\/wp\/v2\/pages\/159\/revisions"}],"up":[{"embeddable":true,"href":"https:\/\/ibomberdefense.standardof.net\/de\/wp-json\/wp\/v2\/pages\/156"}],"wp:featuredmedia":[{"embeddable":true,"href":"https:\/\/ibomberdefense.standardof.net\/de\/wp-json\/wp\/v2\/media\/18"}],"wp:attachment":[{"href":"https:\/\/ibomberdefense.standardof.net\/de\/wp-json\/wp\/v2\/media?parent=159"}],"curies":[{"name":"wp","href":"https:\/\/api.w.org\/{rel}","templated":true}]}}