{"id":262,"date":"2020-10-19T05:24:17","date_gmt":"2020-10-19T05:24:17","guid":{"rendered":"https:\/\/ibomberdefense.standardof.net\/?page_id=262"},"modified":"2020-10-19T08:07:07","modified_gmt":"2020-10-19T08:07:07","slug":"allied-western-mediterranean","status":"publish","type":"page","link":"https:\/\/ibomberdefense.standardof.net\/de\/guide\/schnellspiel-und-bonuslevel\/alliiert-westlich-mediterran-2\/","title":{"rendered":"Allied Quick Play Level: Westliches Mittelmeer"},"content":{"rendered":"<p>Diese Anleitung behandelt das Level Allied Quick Play im westlichen Mittelmeerraum im Videospiel iBomber Defense. Im Inneren finden Sie ein Video-Durchspielen mit Kommentaren sowie detaillierte Anweisungen, wie und welche T\u00fcrme platziert werden m\u00fcssen, um Ihre Basis zu sch\u00fctzen und eine perfekte Bewertung zusammen mit allen drei Medaillen in diesem Level zu erzielen.<\/p>\n\n\n\n<div class=\"wp-block-image\"><figure class=\"aligncenter size-large\"><a href=\"https:\/\/ibomberdefense.standardof.net\/de\/guide\/schnellspiel-und-bonuslevel\/alliiert-westlich-mediterran-2\/ibomber-defense-allied-quick-play-02-western-mediterranean-1\/\"><img decoding=\"async\" width=\"800\" height=\"500\" src=\"https:\/\/ibomberdefense.standardof.net\/wp-content\/uploads\/sites\/5\/2020\/10\/iBomber-Defense-Allied-Quick-Play-02-Western-Mediterranean-1-800x500.jpg\" alt=\"&quot;iBomber Defense&quot; - Allied Quick Play 02 - Westliches Mittelmeer (1)\" class=\"wp-image-10\" title=\"\" srcset=\"https:\/\/ibomberdefense.standardof.net\/wp-content\/uploads\/sites\/5\/2020\/10\/iBomber-Defense-Allied-Quick-Play-02-Western-Mediterranean-1-800x500.jpg 800w, https:\/\/ibomberdefense.standardof.net\/wp-content\/uploads\/sites\/5\/2020\/10\/iBomber-Defense-Allied-Quick-Play-02-Western-Mediterranean-1-512x320.jpg 512w, https:\/\/ibomberdefense.standardof.net\/wp-content\/uploads\/sites\/5\/2020\/10\/iBomber-Defense-Allied-Quick-Play-02-Western-Mediterranean-1-200x125.jpg 200w, https:\/\/ibomberdefense.standardof.net\/wp-content\/uploads\/sites\/5\/2020\/10\/iBomber-Defense-Allied-Quick-Play-02-Western-Mediterranean-1-768x480.jpg 768w, https:\/\/ibomberdefense.standardof.net\/wp-content\/uploads\/sites\/5\/2020\/10\/iBomber-Defense-Allied-Quick-Play-02-Western-Mediterranean-1-16x10.jpg 16w, https:\/\/ibomberdefense.standardof.net\/wp-content\/uploads\/sites\/5\/2020\/10\/iBomber-Defense-Allied-Quick-Play-02-Western-Mediterranean-1.jpg 1280w\" sizes=\"(max-width: 800px) 100vw, 800px\" \/><\/a><figcaption>Der Weg der feindlichen Einheiten im westlichen Mittelmeerraum.<\/figcaption><\/figure><\/div>\n\n\n\n<p>Eine weitere einfache Schnellspiel-Mission: In der alliierten Version des westlichen Mittelmeers werden Sie nur einer Reihe gemischter Marineeinheiten gegen\u00fcberstehen, die durch ein Trio von Inseln zwischen einigen Festlandhalbinseln fahren und vom S\u00fcdwesten in den Nordosten reisen. Diese Mission wird sich auf die Qualit\u00e4t der T\u00fcrme und die Platzierung \u00fcber der Quantit\u00e4t konzentrieren, da die Verwendung der wenigen optimalen Schusspositionen hier entscheidend sein wird.<\/p>\n\n\n\n<h3 class=\"wp-block-heading\">Ausgaben f\u00fcr Siegpunkte:<\/h3>\n\n\n\n<p>Es muss nur ein Punkt ausgegeben werden, um Maschinengewehr-Gesch\u00fctzt\u00fcrme auf Stufe drei zu bringen, was eine wichtige Hilfe bei dieser Mission sein wird.<\/p>\n\n\n\n<div class=\"wp-block-image\"><figure class=\"aligncenter size-large\"><a href=\"https:\/\/ibomberdefense.standardof.net\/de\/guide\/schnellspiel-und-bonuslevel\/alliiert-westlich-mediterran-2\/ibomber-defense-allied-quick-play-02-western-mediterranean-2\/\"><img decoding=\"async\" width=\"800\" height=\"500\" src=\"https:\/\/ibomberdefense.standardof.net\/wp-content\/uploads\/sites\/5\/2020\/10\/iBomber-Defense-Allied-Quick-Play-02-Western-Mediterranean-2-800x500.jpg\" alt=\"&quot;iBomber Defense&quot; - Allied Quick Play 02 - Westliches Mittelmeer (2)\" class=\"wp-image-11\" title=\"\" srcset=\"https:\/\/ibomberdefense.standardof.net\/wp-content\/uploads\/sites\/5\/2020\/10\/iBomber-Defense-Allied-Quick-Play-02-Western-Mediterranean-2-800x500.jpg 800w, https:\/\/ibomberdefense.standardof.net\/wp-content\/uploads\/sites\/5\/2020\/10\/iBomber-Defense-Allied-Quick-Play-02-Western-Mediterranean-2-512x320.jpg 512w, https:\/\/ibomberdefense.standardof.net\/wp-content\/uploads\/sites\/5\/2020\/10\/iBomber-Defense-Allied-Quick-Play-02-Western-Mediterranean-2-200x125.jpg 200w, https:\/\/ibomberdefense.standardof.net\/wp-content\/uploads\/sites\/5\/2020\/10\/iBomber-Defense-Allied-Quick-Play-02-Western-Mediterranean-2-768x480.jpg 768w, https:\/\/ibomberdefense.standardof.net\/wp-content\/uploads\/sites\/5\/2020\/10\/iBomber-Defense-Allied-Quick-Play-02-Western-Mediterranean-2-16x10.jpg 16w, https:\/\/ibomberdefense.standardof.net\/wp-content\/uploads\/sites\/5\/2020\/10\/iBomber-Defense-Allied-Quick-Play-02-Western-Mediterranean-2.jpg 1280w\" sizes=\"(max-width: 800px) 100vw, 800px\" \/><\/a><figcaption>Anleitung zur Platzierung des Turmes.<\/figcaption><\/figure><\/div>\n\n\n\n<h3 class=\"wp-block-heading\">Revolverplatzierung<\/h3>\n\n\n\n<p>F\u00fcr den Zweck dieses Missionsleitfadens werde ich einen etwas anderen Ansatz als normal verfolgen, da die verwendete Strategie nur eine Handvoll T\u00fcrme behandelt, die an strategischen Orten platziert sind. Ich werde einen Schritt-f\u00fcr-Schritt-Leitfaden f\u00fcr die Platzierung jedes Turmes einzeln durchgehen und sie Welle, an der sie platziert sind. Stellen Sie sicher, dass Sie sich auf das zweite Bild rechts beziehen, um die richtigen Positionen der genannten Punkte zu finden.<\/p>\n\n\n\n<p>Welle 1: Beginnen Sie mit dem Bau und der vollst\u00e4ndigen Aufr\u00fcstung eines Maschinengewehrs auf Stufe 3, das an der richtigen Stelle platziert ist <strong>EIN<\/strong>Dies ist die kleine Single-Spot-Insel in der N\u00e4he der Einfahrt der Schiffe in die Karte. Behalte diesen Turm w\u00e4hrend des gesamten Levels im Auge, da du ihn gegen Ende reparieren musst.<\/p>\n\n\n\n<p>Ende von Welle 4: Platzieren Sie einen MG-Turm der Stufe 1 am Punkt <strong>B.<\/strong>, auf der Halbinsel des Festlandes an der Stelle, die am weitesten westlich im Wasser ragt. Upgrade auf Level 2 bei Welle 6 und Level 3 am Ende von Welle 8.<\/p>\n\n\n\n<p>Welle 9: Platzieren Sie Ihr drittes und letztes Maschinengewehr an der richtigen Stelle <strong>D.<\/strong> am s\u00fcdlichsten Punkt der Nordinsel. Upgrade auf Level 2 bei Welle 10.<\/p>\n\n\n\n<p>Ende von Welle 13: Platzieren Sie Ihren ersten Kanonenturm an einem Punkt <strong>C.<\/strong> Auf der s\u00fcdlichen Halbinsel zwei Felder rechts und ein Feld vom Maschinengewehr entfernt auf demselben St\u00fcck Land, das Sie zuvor gebaut haben.<\/p>\n\n\n\n<p>Welle 16: Aktualisieren Sie den Punkt <strong>D.<\/strong> MG-Turm auf sein endg\u00fcltiges Niveau (3).<\/p>\n\n\n\n<p>Welle 17: Bauen Sie an einem Punkt eine zweite Kanone <strong>E.<\/strong> Das ist ein Quadrat nord\u00f6stlich von Punkt der Punkt <strong>D.<\/strong> Maschinengewehr, das Sie gerade aktualisiert haben.<\/p>\n\n\n\n<p>R\u00fcsten Sie von nun an Ihre erste Kanone bei Punkt C auf Stufe 2 auf, wenn Sie die Gelegenheit dazu haben, und \u00fcberpr\u00fcfen Sie Ihre Bleit\u00fcrme auf m\u00f6gliche Reparaturen. Es sollte ein Wrap mit dem sein, was Sie jetzt haben.<\/p>\n\n\n\n<figure class=\"wp-block-gallery columns-2 is-cropped wp-block-gallery-1 is-layout-flex wp-block-gallery-is-layout-flex\"><ul class=\"blocks-gallery-grid\"><li class=\"blocks-gallery-item\"><figure><a href=\"https:\/\/ibomberdefense.standardof.net\/de\/guide\/schnellspiel-und-bonuslevel\/alliiert-westlich-mediterran-2\/ibomber-defense-allied-quick-play-02-western-mediterranean-3\/\"><img decoding=\"async\" width=\"800\" height=\"500\" src=\"https:\/\/ibomberdefense.standardof.net\/wp-content\/uploads\/sites\/5\/2020\/10\/iBomber-Defense-Allied-Quick-Play-02-Western-Mediterranean-3-800x500.jpg\" alt=\"&quot;iBomber Defense&quot; - Allied Quick Play 02 - Westliches Mittelmeer (3)\" data-id=\"12\" data-full-url=\"https:\/\/ibomberdefense.standardof.net\/wp-content\/uploads\/sites\/5\/2020\/10\/iBomber-Defense-Allied-Quick-Play-02-Western-Mediterranean-3.jpg\" data-link=\"https:\/\/ibomberdefense.standardof.net\/guide\/quick-play-and-bonus-levels\/allied-western-mediterranean\/ibomber-defense-allied-quick-play-02-western-mediterranean-3\/\" class=\"wp-image-12\" title=\"\" srcset=\"https:\/\/ibomberdefense.standardof.net\/wp-content\/uploads\/sites\/5\/2020\/10\/iBomber-Defense-Allied-Quick-Play-02-Western-Mediterranean-3-800x500.jpg 800w, https:\/\/ibomberdefense.standardof.net\/wp-content\/uploads\/sites\/5\/2020\/10\/iBomber-Defense-Allied-Quick-Play-02-Western-Mediterranean-3-512x320.jpg 512w, https:\/\/ibomberdefense.standardof.net\/wp-content\/uploads\/sites\/5\/2020\/10\/iBomber-Defense-Allied-Quick-Play-02-Western-Mediterranean-3-200x125.jpg 200w, https:\/\/ibomberdefense.standardof.net\/wp-content\/uploads\/sites\/5\/2020\/10\/iBomber-Defense-Allied-Quick-Play-02-Western-Mediterranean-3-768x480.jpg 768w, https:\/\/ibomberdefense.standardof.net\/wp-content\/uploads\/sites\/5\/2020\/10\/iBomber-Defense-Allied-Quick-Play-02-Western-Mediterranean-3-16x10.jpg 16w, https:\/\/ibomberdefense.standardof.net\/wp-content\/uploads\/sites\/5\/2020\/10\/iBomber-Defense-Allied-Quick-Play-02-Western-Mediterranean-3.jpg 1280w\" sizes=\"(max-width: 800px) 100vw, 800px\" \/><\/a><figcaption class=\"blocks-gallery-item__caption\">Platzierung des Revolvers der Welle 10.<\/figcaption><\/figure><\/li><li class=\"blocks-gallery-item\"><figure><a href=\"https:\/\/ibomberdefense.standardof.net\/de\/guide\/schnellspiel-und-bonuslevel\/alliiert-westlich-mediterran-2\/ibomber-defense-allied-quick-play-02-western-mediterranean-4\/\"><img decoding=\"async\" width=\"800\" height=\"500\" src=\"https:\/\/ibomberdefense.standardof.net\/wp-content\/uploads\/sites\/5\/2020\/10\/iBomber-Defense-Allied-Quick-Play-02-Western-Mediterranean-4-800x500.jpg\" alt=\"&quot;iBomber Defense&quot; - Allied Quick Play 02 - Westliches Mittelmeer (4)\" data-id=\"13\" data-full-url=\"https:\/\/ibomberdefense.standardof.net\/wp-content\/uploads\/sites\/5\/2020\/10\/iBomber-Defense-Allied-Quick-Play-02-Western-Mediterranean-4.jpg\" data-link=\"https:\/\/ibomberdefense.standardof.net\/guide\/quick-play-and-bonus-levels\/allied-western-mediterranean\/ibomber-defense-allied-quick-play-02-western-mediterranean-4\/\" class=\"wp-image-13\" title=\"\" srcset=\"https:\/\/ibomberdefense.standardof.net\/wp-content\/uploads\/sites\/5\/2020\/10\/iBomber-Defense-Allied-Quick-Play-02-Western-Mediterranean-4-800x500.jpg 800w, https:\/\/ibomberdefense.standardof.net\/wp-content\/uploads\/sites\/5\/2020\/10\/iBomber-Defense-Allied-Quick-Play-02-Western-Mediterranean-4-512x320.jpg 512w, https:\/\/ibomberdefense.standardof.net\/wp-content\/uploads\/sites\/5\/2020\/10\/iBomber-Defense-Allied-Quick-Play-02-Western-Mediterranean-4-200x125.jpg 200w, https:\/\/ibomberdefense.standardof.net\/wp-content\/uploads\/sites\/5\/2020\/10\/iBomber-Defense-Allied-Quick-Play-02-Western-Mediterranean-4-768x480.jpg 768w, https:\/\/ibomberdefense.standardof.net\/wp-content\/uploads\/sites\/5\/2020\/10\/iBomber-Defense-Allied-Quick-Play-02-Western-Mediterranean-4-16x10.jpg 16w, https:\/\/ibomberdefense.standardof.net\/wp-content\/uploads\/sites\/5\/2020\/10\/iBomber-Defense-Allied-Quick-Play-02-Western-Mediterranean-4.jpg 1280w\" sizes=\"(max-width: 800px) 100vw, 800px\" \/><\/a><figcaption class=\"blocks-gallery-item__caption\">Welle 20.<\/figcaption><\/figure><\/li><\/ul><\/figure>\n\n\n\n<hr class=\"wp-block-separator\"\/>\n\n\n\n<h4 class=\"has-text-align-center wp-block-heading\">Videoanleitung<\/h4>\n\n\n\n<figure class=\"wp-block-embed-youtube wp-block-embed is-type-video is-provider-youtube wp-embed-aspect-4-3 wp-has-aspect-ratio\"><div class=\"wp-block-embed__wrapper\">\n<div class=\"ast-oembed-container\" style=\"height: 100%;\"><iframe title=\"iBomber Defense - Westliches Mittelmeer - Schnellspielmodus - Veteran + Perfekt\" width=\"500\" height=\"375\" src=\"https:\/\/www.youtube.com\/embed\/9nyuZG1F55g?feature=oembed\" frameborder=\"0\" allow=\"accelerometer; autoplay; clipboard-write; encrypted-media; gyroscope; picture-in-picture; web-share\" referrerpolicy=\"strict-origin-when-cross-origin\" allowfullscreen><\/iframe><\/div>\n<\/div><\/figure>","protected":false},"excerpt":{"rendered":"<p>This walkthrough guide will cover the Western Mediterranean, Allied Quick Play level in the video game iBomber Defense. Within you will find a video playthrough with commentary along with detailed instructions on how and what turrets to place in order to protect your base and achieve a perfect rating along with all three medals in [&hellip;]<\/p>","protected":false},"author":1,"featured_media":13,"parent":156,"menu_order":2,"comment_status":"open","ping_status":"closed","template":"","meta":{"_uag_custom_page_level_css":"","site-sidebar-layout":"default","site-content-layout":"default","ast-site-content-layout":"","site-content-style":"default","site-sidebar-style":"default","ast-global-header-display":"","ast-banner-title-visibility":"","ast-main-header-display":"","ast-hfb-above-header-display":"","ast-hfb-below-header-display":"","ast-hfb-mobile-header-display":"","site-post-title":"","ast-breadcrumbs-content":"","ast-featured-img":"","footer-sml-layout":"","theme-transparent-header-meta":"default","adv-header-id-meta":"","stick-header-meta":"","header-above-stick-meta":"","header-main-stick-meta":"","header-below-stick-meta":"","astra-migrate-meta-layouts":"default","ast-page-background-enabled":"default","ast-page-background-meta":{"desktop":{"background-color":"","background-image":"","background-repeat":"repeat","background-position":"center center","background-size":"auto","background-attachment":"scroll","background-type":"","background-media":"","overlay-type":"","overlay-color":"","overlay-gradient":""},"tablet":{"background-color":"","background-image":"","background-repeat":"repeat","background-position":"center center","background-size":"auto","background-attachment":"scroll","background-type":"","background-media":"","overlay-type":"","overlay-color":"","overlay-gradient":""},"mobile":{"background-color":"","background-image":"","background-repeat":"repeat","background-position":"center center","background-size":"auto","background-attachment":"scroll","background-type":"","background-media":"","overlay-type":"","overlay-color":"","overlay-gradient":""}},"ast-content-background-meta":{"desktop":{"background-color":"var(--ast-global-color-5)","background-image":"","background-repeat":"repeat","background-position":"center center","background-size":"auto","background-attachment":"scroll","background-type":"","background-media":"","overlay-type":"","overlay-color":"","overlay-gradient":""},"tablet":{"background-color":"var(--ast-global-color-5)","background-image":"","background-repeat":"repeat","background-position":"center center","background-size":"auto","background-attachment":"scroll","background-type":"","background-media":"","overlay-type":"","overlay-color":"","overlay-gradient":""},"mobile":{"background-color":"var(--ast-global-color-5)","background-image":"","background-repeat":"repeat","background-position":"center center","background-size":"auto","background-attachment":"scroll","background-type":"","background-media":"","overlay-type":"","overlay-color":"","overlay-gradient":""}},"footnotes":""},"uagb_featured_image_src":{"full":["https:\/\/ibomberdefense.standardof.net\/wp-content\/uploads\/sites\/5\/2020\/10\/iBomber-Defense-Allied-Quick-Play-02-Western-Mediterranean-4.jpg",1280,800,false],"thumbnail":["https:\/\/ibomberdefense.standardof.net\/wp-content\/uploads\/sites\/5\/2020\/10\/iBomber-Defense-Allied-Quick-Play-02-Western-Mediterranean-4-200x125.jpg",200,125,true],"medium":["https:\/\/ibomberdefense.standardof.net\/wp-content\/uploads\/sites\/5\/2020\/10\/iBomber-Defense-Allied-Quick-Play-02-Western-Mediterranean-4-512x320.jpg",512,320,true],"medium_large":["https:\/\/ibomberdefense.standardof.net\/wp-content\/uploads\/sites\/5\/2020\/10\/iBomber-Defense-Allied-Quick-Play-02-Western-Mediterranean-4-768x480.jpg",768,480,true],"large":["https:\/\/ibomberdefense.standardof.net\/wp-content\/uploads\/sites\/5\/2020\/10\/iBomber-Defense-Allied-Quick-Play-02-Western-Mediterranean-4-800x500.jpg",800,500,true],"1536x1536":["https:\/\/ibomberdefense.standardof.net\/wp-content\/uploads\/sites\/5\/2020\/10\/iBomber-Defense-Allied-Quick-Play-02-Western-Mediterranean-4.jpg",1280,800,false],"2048x2048":["https:\/\/ibomberdefense.standardof.net\/wp-content\/uploads\/sites\/5\/2020\/10\/iBomber-Defense-Allied-Quick-Play-02-Western-Mediterranean-4.jpg",1280,800,false],"trp-custom-language-flag":["https:\/\/ibomberdefense.standardof.net\/wp-content\/uploads\/sites\/5\/2020\/10\/iBomber-Defense-Allied-Quick-Play-02-Western-Mediterranean-4-16x10.jpg",16,10,true]},"uagb_author_info":{"display_name":"SOE","author_link":"https:\/\/ibomberdefense.standardof.net\/de\/author\/k-tastic\/"},"uagb_comment_info":0,"uagb_excerpt":"This walkthrough guide will cover the Western Mediterranean, Allied Quick Play level in the video game iBomber Defense. Within you will find a video playthrough with commentary along with detailed instructions on how and what turrets to place in order to protect your base and achieve a perfect rating along with all three medals in&hellip;","_links":{"self":[{"href":"https:\/\/ibomberdefense.standardof.net\/de\/wp-json\/wp\/v2\/pages\/262"}],"collection":[{"href":"https:\/\/ibomberdefense.standardof.net\/de\/wp-json\/wp\/v2\/pages"}],"about":[{"href":"https:\/\/ibomberdefense.standardof.net\/de\/wp-json\/wp\/v2\/types\/page"}],"author":[{"embeddable":true,"href":"https:\/\/ibomberdefense.standardof.net\/de\/wp-json\/wp\/v2\/users\/1"}],"replies":[{"embeddable":true,"href":"https:\/\/ibomberdefense.standardof.net\/de\/wp-json\/wp\/v2\/comments?post=262"}],"version-history":[{"count":0,"href":"https:\/\/ibomberdefense.standardof.net\/de\/wp-json\/wp\/v2\/pages\/262\/revisions"}],"up":[{"embeddable":true,"href":"https:\/\/ibomberdefense.standardof.net\/de\/wp-json\/wp\/v2\/pages\/156"}],"wp:featuredmedia":[{"embeddable":true,"href":"https:\/\/ibomberdefense.standardof.net\/de\/wp-json\/wp\/v2\/media\/13"}],"wp:attachment":[{"href":"https:\/\/ibomberdefense.standardof.net\/de\/wp-json\/wp\/v2\/media?parent=262"}],"curies":[{"name":"wp","href":"https:\/\/api.w.org\/{rel}","templated":true}]}}