{"id":266,"date":"2020-10-19T05:28:50","date_gmt":"2020-10-19T05:28:50","guid":{"rendered":"https:\/\/ibomberdefense.standardof.net\/?page_id=266"},"modified":"2020-10-19T08:06:52","modified_gmt":"2020-10-19T08:06:52","slug":"allied-campaign","status":"publish","type":"page","link":"https:\/\/ibomberdefense.standardof.net\/de\/guide\/alliierte-kampagne\/","title":{"rendered":"Kampagne der Alliierten"},"content":{"rendered":"<h2 class=\"wp-block-heading\">Teil 1<\/h2>\n\n\n\n<p>In dieser exemplarischen Vorgehensweise werden die ersten 7 Missionen behandelt, die im Kampagnenmodus der Alliierten im PC- und iPhone-Videospiel gespielt werden <em>iBomber Defense<\/em>. Die Schwierigkeit der Durchspielen, die f\u00fcr das Schreiben dieses Handbuchs und die Erstellung seiner Videos durchgef\u00fchrt werden, ist festgelegt <strong>Veteran<\/strong>oder die schwierigste Schwierigkeit im Spiel. Dar\u00fcber hinaus zeigen die Videos, wie man eine bekommt <strong>Perfekt <\/strong>Bewertung in jedem Level.<\/p>\n\n\n\n<p>Dieser Leitfaden und seine Videos k\u00f6nnen verwendet werden, um alle drei Medaillen auf Veteran freizuschalten. \u00dcberlebender, Basisverteidiger und Turmw\u00e4chter.<\/p>\n\n\n\n<ol><li><a href=\"https:\/\/ibomberdefense.standardof.net\/de\/guide\/alliierte-kampagne\/1-west-europa-der-kampf-beginnt-hier\/\" class=\"rank-math-link\">Westeuropa: Der Kampf beginnt hier!<\/a><\/li><li><a href=\"https:\/\/ibomberdefense.standardof.net\/de\/guide\/alliierte-kampagne\/2-westliche-mediterrane-seeteufel\/\" class=\"rank-math-link\">Westliches Mittelmeer: Sea Devils!<\/a><\/li><li><a href=\"https:\/\/ibomberdefense.standardof.net\/de\/guide\/alliierte-kampagne\/3-nordwest-afrika-seiged\/\" class=\"rank-math-link\">Nordwestafrika: Seiged<\/a><\/li><li><a href=\"https:\/\/ibomberdefense.standardof.net\/de\/guide\/alliierte-kampagne\/4-nordwest-afrika-gegenangriff\/\" class=\"rank-math-link\">Nordwestafrika: Gegenangriff<\/a><\/li><li><a href=\"https:\/\/ibomberdefense.standardof.net\/de\/guide\/alliierte-kampagne\/5-nordost-afrika-rot-skorpion\/\" class=\"rank-math-link\">Nordostafrika: Roter Skorpion<\/a><\/li><li><a href=\"https:\/\/ibomberdefense.standardof.net\/de\/guide\/alliierte-kampagne\/6-sudost-europa-achtball-2\/\" class=\"rank-math-link\">S\u00fcdosteuropa: Eightball<\/a><\/li><li><a href=\"https:\/\/ibomberdefense.standardof.net\/de\/guide\/alliierte-kampagne\/7-ostlicher-mediterraner-engpass-2\/\" class=\"rank-math-link\">\u00d6stliches Mittelmeer: Engpass<\/a><\/li><\/ol>\n\n\n\n<h2 class=\"wp-block-heading\">Teil 2<\/h2>\n\n\n\n<p>Dieser Leitfaden setzt die zweite H\u00e4lfte und die letzten sieben Missionen der alliierten Kampagne im Videospiel fort <em>iBomber Defense<\/em>. Wie bereits in der ersten H\u00e4lfte erw\u00e4hnt, sind diese Anleitungen f\u00fcr die <strong>Veteran <\/strong>Schwierigkeit (am schwierigsten) und demonstrieren Methoden, um a <strong>Perfekt <\/strong>Bewertung auf jeder einzelnen Karte.<\/p>\n\n\n\n<p>An diesem Punkt der Kampagne ist es wichtig zu beachten, dass alle Upgrades ab Mission 7 vollst\u00e4ndig freigeschaltet wurden, da das Erreichen der Perfektion bei jeder Mission gen\u00fcgend Siegpunkte daf\u00fcr gew\u00e4hrt. Aus diesem Grund werden Siegpunkte und ihre Ausgaben in dieser H\u00e4lfte nicht diskutiert, da sie nicht mehr relevant sind.<\/p>\n\n\n\n<ul><li>8. <a href=\"https:\/\/ibomberdefense.standardof.net\/de\/guide\/alliierte-kampagne\/8-ost-mittelmeer-gegenangriff\/\" class=\"rank-math-link\">\u00d6stliches Mittelmeer: Gegenangriff<\/a><\/li><li>9. <a href=\"https:\/\/ibomberdefense.standardof.net\/de\/guide\/alliierte-kampagne\/9-sudost-europa-schneeblind-2\/\" class=\"rank-math-link\">S\u00fcdosteuropa: Schneeblind<\/a><\/li><li>10. <a href=\"https:\/\/ibomberdefense.standardof.net\/de\/guide\/alliierte-kampagne\/10-westrussland-barbarossa-2\/\" class=\"rank-math-link\">Westrussland: Barbarossa<\/a><\/li><li>11. <a href=\"https:\/\/ibomberdefense.standardof.net\/de\/guide\/alliierte-kampagne\/11-nordost-europa-herz-aus-eiche\/\" class=\"rank-math-link\">Nordosteuropa: Herz aus Eiche<\/a><\/li><li>12. <a href=\"https:\/\/ibomberdefense.standardof.net\/de\/guide\/alliierte-kampagne\/12-nordeuropa-feuersturm\/\" class=\"rank-math-link\">Nordeuropa: Feuersturm<\/a><\/li><li>13. <a href=\"https:\/\/ibomberdefense.standardof.net\/de\/guide\/alliierte-kampagne\/13-sudost-europa-gegenangriff\/\" class=\"rank-math-link\">S\u00fcdosteuropa: Gegenangriff<\/a><\/li><li>14. <a href=\"https:\/\/ibomberdefense.standardof.net\/de\/guide\/alliierte-kampagne\/14-deutschland-der-letzte-kampf\/\" class=\"rank-math-link\">Deutschland: Der letzte Kampf<\/a><\/li><\/ul>","protected":false},"excerpt":{"rendered":"<p>Part 1 This walkthrough will cover the first 7 missions played in the Allied campaign mode in the PC and iPhone video game iBomber Defense. The difficulty of the playthroughs performed for the writing of this guide and the creation of its videos is set to Veteran, or the hardest difficulty in the game. In [&hellip;]<\/p>","protected":false},"author":1,"featured_media":15,"parent":139,"menu_order":1,"comment_status":"open","ping_status":"closed","template":"","meta":{"_uag_custom_page_level_css":"","site-sidebar-layout":"default","site-content-layout":"default","ast-site-content-layout":"","site-content-style":"default","site-sidebar-style":"default","ast-global-header-display":"","ast-banner-title-visibility":"","ast-main-header-display":"","ast-hfb-above-header-display":"","ast-hfb-below-header-display":"","ast-hfb-mobile-header-display":"","site-post-title":"","ast-breadcrumbs-content":"","ast-featured-img":"","footer-sml-layout":"","theme-transparent-header-meta":"default","adv-header-id-meta":"","stick-header-meta":"","header-above-stick-meta":"","header-main-stick-meta":"","header-below-stick-meta":"","astra-migrate-meta-layouts":"default","ast-page-background-enabled":"default","ast-page-background-meta":{"desktop":{"background-color":"","background-image":"","background-repeat":"repeat","background-position":"center center","background-size":"auto","background-attachment":"scroll","background-type":"","background-media":"","overlay-type":"","overlay-color":"","overlay-gradient":""},"tablet":{"background-color":"","background-image":"","background-repeat":"repeat","background-position":"center center","background-size":"auto","background-attachment":"scroll","background-type":"","background-media":"","overlay-type":"","overlay-color":"","overlay-gradient":""},"mobile":{"background-color":"","background-image":"","background-repeat":"repeat","background-position":"center center","background-size":"auto","background-attachment":"scroll","background-type":"","background-media":"","overlay-type":"","overlay-color":"","overlay-gradient":""}},"ast-content-background-meta":{"desktop":{"background-color":"var(--ast-global-color-5)","background-image":"","background-repeat":"repeat","background-position":"center center","background-size":"auto","background-attachment":"scroll","background-type":"","background-media":"","overlay-type":"","overlay-color":"","overlay-gradient":""},"tablet":{"background-color":"var(--ast-global-color-5)","background-image":"","background-repeat":"repeat","background-position":"center center","background-size":"auto","background-attachment":"scroll","background-type":"","background-media":"","overlay-type":"","overlay-color":"","overlay-gradient":""},"mobile":{"background-color":"var(--ast-global-color-5)","background-image":"","background-repeat":"repeat","background-position":"center center","background-size":"auto","background-attachment":"scroll","background-type":"","background-media":"","overlay-type":"","overlay-color":"","overlay-gradient":""}},"footnotes":""},"uagb_featured_image_src":{"full":["https:\/\/ibomberdefense.standardof.net\/wp-content\/uploads\/sites\/5\/2020\/10\/iBomber-Defense-Header-1.jpg",1020,766,false],"thumbnail":["https:\/\/ibomberdefense.standardof.net\/wp-content\/uploads\/sites\/5\/2020\/10\/iBomber-Defense-Header-1-200x150.jpg",200,150,true],"medium":["https:\/\/ibomberdefense.standardof.net\/wp-content\/uploads\/sites\/5\/2020\/10\/iBomber-Defense-Header-1-512x385.jpg",512,385,true],"medium_large":["https:\/\/ibomberdefense.standardof.net\/wp-content\/uploads\/sites\/5\/2020\/10\/iBomber-Defense-Header-1-768x577.jpg",768,577,true],"large":["https:\/\/ibomberdefense.standardof.net\/wp-content\/uploads\/sites\/5\/2020\/10\/iBomber-Defense-Header-1-800x601.jpg",800,601,true],"1536x1536":["https:\/\/ibomberdefense.standardof.net\/wp-content\/uploads\/sites\/5\/2020\/10\/iBomber-Defense-Header-1.jpg",1020,766,false],"2048x2048":["https:\/\/ibomberdefense.standardof.net\/wp-content\/uploads\/sites\/5\/2020\/10\/iBomber-Defense-Header-1.jpg",1020,766,false],"trp-custom-language-flag":["https:\/\/ibomberdefense.standardof.net\/wp-content\/uploads\/sites\/5\/2020\/10\/iBomber-Defense-Header-1-16x12.jpg",16,12,true]},"uagb_author_info":{"display_name":"SOE","author_link":"https:\/\/ibomberdefense.standardof.net\/de\/author\/k-tastic\/"},"uagb_comment_info":0,"uagb_excerpt":"Part 1 This walkthrough will cover the first 7 missions played in the Allied campaign mode in the PC and iPhone video game iBomber Defense. The difficulty of the playthroughs performed for the writing of this guide and the creation of its videos is set to Veteran, or the hardest difficulty in the game. In&hellip;","_links":{"self":[{"href":"https:\/\/ibomberdefense.standardof.net\/de\/wp-json\/wp\/v2\/pages\/266"}],"collection":[{"href":"https:\/\/ibomberdefense.standardof.net\/de\/wp-json\/wp\/v2\/pages"}],"about":[{"href":"https:\/\/ibomberdefense.standardof.net\/de\/wp-json\/wp\/v2\/types\/page"}],"author":[{"embeddable":true,"href":"https:\/\/ibomberdefense.standardof.net\/de\/wp-json\/wp\/v2\/users\/1"}],"replies":[{"embeddable":true,"href":"https:\/\/ibomberdefense.standardof.net\/de\/wp-json\/wp\/v2\/comments?post=266"}],"version-history":[{"count":0,"href":"https:\/\/ibomberdefense.standardof.net\/de\/wp-json\/wp\/v2\/pages\/266\/revisions"}],"up":[{"embeddable":true,"href":"https:\/\/ibomberdefense.standardof.net\/de\/wp-json\/wp\/v2\/pages\/139"}],"wp:featuredmedia":[{"embeddable":true,"href":"https:\/\/ibomberdefense.standardof.net\/de\/wp-json\/wp\/v2\/media\/15"}],"wp:attachment":[{"href":"https:\/\/ibomberdefense.standardof.net\/de\/wp-json\/wp\/v2\/media?parent=266"}],"curies":[{"name":"wp","href":"https:\/\/api.w.org\/{rel}","templated":true}]}}