{"id":268,"date":"2020-10-19T05:30:12","date_gmt":"2020-10-19T05:30:12","guid":{"rendered":"https:\/\/ibomberdefense.standardof.net\/?page_id=268"},"modified":"2020-10-19T08:06:55","modified_gmt":"2020-10-19T08:06:55","slug":"axis-campaign","status":"publish","type":"page","link":"https:\/\/ibomberdefense.standardof.net\/de\/guide\/achsenkampagne-2\/","title":{"rendered":"Achsenkampagne"},"content":{"rendered":"<h2 class=\"wp-block-heading\">Teil 1<\/h2>\n\n\n\n<p>Dies ist eine Anleitung f\u00fcr das Videospiel <em>iBomber Defense<\/em>und bietet exemplarische Vorgehensweisen f\u00fcr die ersten sieben Ebenen der Achsenkampagne. Dieser Leitfaden ist f\u00fcr die geschrieben <strong>Veteran <\/strong>Schwierigkeit (am schwierigsten) und demonstriert Methoden, um a zu bekommen <strong>Perfekt <\/strong>Bewertung auf jeder einzelnen Karte. In finden Sie Videos, Karten und zus\u00e4tzliche n\u00fctzliche Informationen.<\/p>\n\n\n\n<p>Wenn Sie die neue Achsenkampagne nach Abschluss der Alliierten-Kampagne starten, beginnen Sie erneut mit dem Erwerb von Siegpunkten. Zwei T\u00fcrme unterscheiden sich erheblich von den Alliierten-Varianten: Der Feuersturm und die X-Waffe ersetzen die Sabotage bzw. die Kommunikation. Da Sie keine Kommunikation mehr haben, k\u00f6nnen keine Zinsen mehr aufgelaufen werden. Die Achsenrevolver sind jedoch billiger zu bauen. Spezifische Strategien, die sich ge\u00e4ndert haben, werden in den folgenden Ebenenabschnitten erl\u00e4utert.<\/p>\n\n\n\n<h3 class=\"wp-block-heading\"><strong>Inhaltsverzeichnis<\/strong><\/h3>\n\n\n\n<ol><li><a href=\"https:\/\/ibomberdefense.standardof.net\/de\/guide\/achsenkampagne-2\/1-nordeuropa-walhall-2\/\" class=\"rank-math-link\">Nordeuropa: Walhalla<\/a><\/li><li><a href=\"https:\/\/ibomberdefense.standardof.net\/de\/guide\/achsenkampagne-2\/2-nordost-europa-blitz\/\" class=\"rank-math-link\">Nordosteuropa: Blitz<\/a><\/li><li><a href=\"https:\/\/ibomberdefense.standardof.net\/de\/guide\/achsenkampagne-2\/3-westrussland-redbeard\/\" class=\"rank-math-link\">Westrussland: Rotbart<\/a><\/li><li><a href=\"https:\/\/ibomberdefense.standardof.net\/de\/guide\/achsenkampagne-2\/4-nordost-europa-gegenangriff\/\" class=\"rank-math-link\">Nordosteuropa: Gegenangriff<\/a><\/li><li><a href=\"https:\/\/ibomberdefense.standardof.net\/de\/guide\/achsenkampagne-2\/5-nordost-afrika-wuste-dammerung\/\" class=\"rank-math-link\">Nordostafrika: W\u00fcstend\u00e4mmerung<\/a><\/li><li><a href=\"https:\/\/ibomberdefense.standardof.net\/de\/guide\/achsenkampagne-2\/6-sudost-europa-hitzewelle\/\" class=\"rank-math-link\">S\u00fcdosteuropa: Hitzewelle<\/a><\/li><li><a href=\"https:\/\/ibomberdefense.standardof.net\/de\/guide\/achsenkampagne-2\/7-ost-mittelmeer-tigerhai\/\" class=\"rank-math-link\">\u00d6stliches Mittelmeer: Tigerhai<\/a><\/li><\/ol>\n\n\n\n<h2 class=\"wp-block-heading\">Teil 2<\/h2>\n\n\n\n<p>Diese exemplarische Vorgehensweise behandelt die zweite H\u00e4lfte der Axis-Kampagne im Videospiel <em>iBomber Defense<\/em>. Im Inneren finden Sie Karten und Tipps f\u00fcr die Platzierung von T\u00fcrmen, die f\u00fcr das geschrieben wurden <strong>Veteran <\/strong>Schwierigkeit, mit Videos, die zeigen, wie man eine bekommt <strong>Perfekt <\/strong>Bewertung in den Missionen 8 bis 14.<\/p>\n\n\n\n<p><strong>Inhaltsverzeichnis:<\/strong><\/p>\n\n\n\n<p>8. <a href=\"https:\/\/ibomberdefense.standardof.net\/de\/guide\/achsenkampagne-2\/8-ost-mittelmeer-gegenangriff-2\/\" class=\"rank-math-link\">\u00d6stliches Mittelmeer - Gegenangriff<\/a><br>9. <a href=\"https:\/\/ibomberdefense.standardof.net\/de\/guide\/achsenkampagne-2\/9-nordwest-afrika-am-strand\/\" class=\"rank-math-link\">Nordwestafrika - Am Strand<\/a><br>10. <a href=\"https:\/\/ibomberdefense.standardof.net\/de\/guide\/achsenkampagne-2\/10-sudeuropa-dreizack\/\" class=\"rank-math-link\">S\u00fcdeuropa - Dreizack<\/a><br>11. <a href=\"https:\/\/ibomberdefense.standardof.net\/de\/guide\/achsenkampagne-2\/11-westeuropa-eisenkreuz-2\/\" class=\"rank-math-link\">Westeuropa - Kreuz aus Eisen<\/a><br>12. <a href=\"https:\/\/ibomberdefense.standardof.net\/de\/guide\/achsenkampagne-2\/12-westliches-mediterranes-spinnennetz\/\" class=\"rank-math-link\">Westliches Mittelmeer - Spinnennetz<\/a><br>13. <a href=\"https:\/\/ibomberdefense.standardof.net\/de\/guide\/achsenkampagne-2\/13-nordwest-afrika-gegenangriff\/\" class=\"rank-math-link\">Nordwestafrika - Gegenangriff<\/a><br>14. <a href=\"https:\/\/ibomberdefense.standardof.net\/de\/guide\/achsenkampagne-2\/14-grosbritannien-finalsieg\/\" class=\"rank-math-link\">Gro\u00dfbritannien - Endg\u00fcltiger Sieg!<\/a><\/p>","protected":false},"excerpt":{"rendered":"<p>Part 1 This is a guide for the video game iBomber Defense, and it provides walkthroughs for the first seven levels of the Axis campaign. This guide is written for the Veteran difficulty (hardest) and demonstrates methods used to get a Perfect rating on every single map. Within you will find videos, maps, and additional [&hellip;]<\/p>","protected":false},"author":1,"featured_media":15,"parent":139,"menu_order":2,"comment_status":"open","ping_status":"closed","template":"","meta":{"_uag_custom_page_level_css":"","site-sidebar-layout":"default","site-content-layout":"default","ast-site-content-layout":"","site-content-style":"default","site-sidebar-style":"default","ast-global-header-display":"","ast-banner-title-visibility":"","ast-main-header-display":"","ast-hfb-above-header-display":"","ast-hfb-below-header-display":"","ast-hfb-mobile-header-display":"","site-post-title":"","ast-breadcrumbs-content":"","ast-featured-img":"","footer-sml-layout":"","theme-transparent-header-meta":"default","adv-header-id-meta":"","stick-header-meta":"","header-above-stick-meta":"","header-main-stick-meta":"","header-below-stick-meta":"","astra-migrate-meta-layouts":"default","ast-page-background-enabled":"default","ast-page-background-meta":{"desktop":{"background-color":"","background-image":"","background-repeat":"repeat","background-position":"center center","background-size":"auto","background-attachment":"scroll","background-type":"","background-media":"","overlay-type":"","overlay-color":"","overlay-gradient":""},"tablet":{"background-color":"","background-image":"","background-repeat":"repeat","background-position":"center center","background-size":"auto","background-attachment":"scroll","background-type":"","background-media":"","overlay-type":"","overlay-color":"","overlay-gradient":""},"mobile":{"background-color":"","background-image":"","background-repeat":"repeat","background-position":"center center","background-size":"auto","background-attachment":"scroll","background-type":"","background-media":"","overlay-type":"","overlay-color":"","overlay-gradient":""}},"ast-content-background-meta":{"desktop":{"background-color":"var(--ast-global-color-5)","background-image":"","background-repeat":"repeat","background-position":"center center","background-size":"auto","background-attachment":"scroll","background-type":"","background-media":"","overlay-type":"","overlay-color":"","overlay-gradient":""},"tablet":{"background-color":"var(--ast-global-color-5)","background-image":"","background-repeat":"repeat","background-position":"center center","background-size":"auto","background-attachment":"scroll","background-type":"","background-media":"","overlay-type":"","overlay-color":"","overlay-gradient":""},"mobile":{"background-color":"var(--ast-global-color-5)","background-image":"","background-repeat":"repeat","background-position":"center center","background-size":"auto","background-attachment":"scroll","background-type":"","background-media":"","overlay-type":"","overlay-color":"","overlay-gradient":""}},"footnotes":""},"uagb_featured_image_src":{"full":["https:\/\/ibomberdefense.standardof.net\/wp-content\/uploads\/sites\/5\/2020\/10\/iBomber-Defense-Header-1.jpg",1020,766,false],"thumbnail":["https:\/\/ibomberdefense.standardof.net\/wp-content\/uploads\/sites\/5\/2020\/10\/iBomber-Defense-Header-1-200x150.jpg",200,150,true],"medium":["https:\/\/ibomberdefense.standardof.net\/wp-content\/uploads\/sites\/5\/2020\/10\/iBomber-Defense-Header-1-512x385.jpg",512,385,true],"medium_large":["https:\/\/ibomberdefense.standardof.net\/wp-content\/uploads\/sites\/5\/2020\/10\/iBomber-Defense-Header-1-768x577.jpg",768,577,true],"large":["https:\/\/ibomberdefense.standardof.net\/wp-content\/uploads\/sites\/5\/2020\/10\/iBomber-Defense-Header-1-800x601.jpg",800,601,true],"1536x1536":["https:\/\/ibomberdefense.standardof.net\/wp-content\/uploads\/sites\/5\/2020\/10\/iBomber-Defense-Header-1.jpg",1020,766,false],"2048x2048":["https:\/\/ibomberdefense.standardof.net\/wp-content\/uploads\/sites\/5\/2020\/10\/iBomber-Defense-Header-1.jpg",1020,766,false],"trp-custom-language-flag":["https:\/\/ibomberdefense.standardof.net\/wp-content\/uploads\/sites\/5\/2020\/10\/iBomber-Defense-Header-1-16x12.jpg",16,12,true]},"uagb_author_info":{"display_name":"SOE","author_link":"https:\/\/ibomberdefense.standardof.net\/de\/author\/k-tastic\/"},"uagb_comment_info":0,"uagb_excerpt":"Part 1 This is a guide for the video game iBomber Defense, and it provides walkthroughs for the first seven levels of the Axis campaign. This guide is written for the Veteran difficulty (hardest) and demonstrates methods used to get a Perfect rating on every single map. Within you will find videos, maps, and additional&hellip;","_links":{"self":[{"href":"https:\/\/ibomberdefense.standardof.net\/de\/wp-json\/wp\/v2\/pages\/268"}],"collection":[{"href":"https:\/\/ibomberdefense.standardof.net\/de\/wp-json\/wp\/v2\/pages"}],"about":[{"href":"https:\/\/ibomberdefense.standardof.net\/de\/wp-json\/wp\/v2\/types\/page"}],"author":[{"embeddable":true,"href":"https:\/\/ibomberdefense.standardof.net\/de\/wp-json\/wp\/v2\/users\/1"}],"replies":[{"embeddable":true,"href":"https:\/\/ibomberdefense.standardof.net\/de\/wp-json\/wp\/v2\/comments?post=268"}],"version-history":[{"count":0,"href":"https:\/\/ibomberdefense.standardof.net\/de\/wp-json\/wp\/v2\/pages\/268\/revisions"}],"up":[{"embeddable":true,"href":"https:\/\/ibomberdefense.standardof.net\/de\/wp-json\/wp\/v2\/pages\/139"}],"wp:featuredmedia":[{"embeddable":true,"href":"https:\/\/ibomberdefense.standardof.net\/de\/wp-json\/wp\/v2\/media\/15"}],"wp:attachment":[{"href":"https:\/\/ibomberdefense.standardof.net\/de\/wp-json\/wp\/v2\/media?parent=268"}],"curies":[{"name":"wp","href":"https:\/\/api.w.org\/{rel}","templated":true}]}}