{"id":271,"date":"2020-10-19T05:51:03","date_gmt":"2020-10-19T05:51:03","guid":{"rendered":"https:\/\/ibomberdefense.standardof.net\/?page_id=271"},"modified":"2020-10-19T08:05:46","modified_gmt":"2020-10-19T08:05:46","slug":"1-western-europe-the-fight-starts-here","status":"publish","type":"page","link":"https:\/\/ibomberdefense.standardof.net\/de\/guide\/alliierte-kampagne\/1-west-europa-der-kampf-beginnt-hier\/","title":{"rendered":"1. Westeuropa: Der Kampf beginnt hier!"},"content":{"rendered":"<p>Westeuropa, das erste Level der alliierten Kampagne, ist ein Einf\u00fchrungskurs in die Taktiken und Strategien eines Turmverteidigungsspiels. Dieses Level findet in einem Waldgebiet statt, in dem Sie nur 20 Wellen von Bodentruppen ausgesetzt sind.<\/p>\n\n\n\n<div class=\"wp-block-image\"><figure class=\"aligncenter size-large\"><a href=\"https:\/\/ibomberdefense.standardof.net\/de\/guide\/alliierte-kampagne\/1-west-europa-der-kampf-beginnt-hier\/ibomber-defense-level-1-western-europe-the-fight-starts-here-1\/\"><img decoding=\"async\" width=\"800\" height=\"450\" src=\"https:\/\/ibomberdefense.standardof.net\/wp-content\/uploads\/sites\/5\/2020\/10\/iBomber-Defense-Level-1-Western-Europe-The-Fight-Starts-Here-1-800x450.jpg\" alt=\"&quot;iBomber Defense&quot; - Level 1 - Westeuropa: Der Kampf beginnt hier! (1)\" class=\"wp-image-17\" title=\"\" srcset=\"https:\/\/ibomberdefense.standardof.net\/wp-content\/uploads\/sites\/5\/2020\/10\/iBomber-Defense-Level-1-Western-Europe-The-Fight-Starts-Here-1-800x450.jpg 800w, https:\/\/ibomberdefense.standardof.net\/wp-content\/uploads\/sites\/5\/2020\/10\/iBomber-Defense-Level-1-Western-Europe-The-Fight-Starts-Here-1-512x288.jpg 512w, https:\/\/ibomberdefense.standardof.net\/wp-content\/uploads\/sites\/5\/2020\/10\/iBomber-Defense-Level-1-Western-Europe-The-Fight-Starts-Here-1-200x113.jpg 200w, https:\/\/ibomberdefense.standardof.net\/wp-content\/uploads\/sites\/5\/2020\/10\/iBomber-Defense-Level-1-Western-Europe-The-Fight-Starts-Here-1-768x432.jpg 768w, https:\/\/ibomberdefense.standardof.net\/wp-content\/uploads\/sites\/5\/2020\/10\/iBomber-Defense-Level-1-Western-Europe-The-Fight-Starts-Here-1-16x9.jpg 16w, https:\/\/ibomberdefense.standardof.net\/wp-content\/uploads\/sites\/5\/2020\/10\/iBomber-Defense-Level-1-Western-Europe-The-Fight-Starts-Here-1.jpg 1280w\" sizes=\"(max-width: 800px) 100vw, 800px\" \/><\/a><figcaption>Westeuropa - Reisewege feindlicher Einheiten.<\/figcaption><\/figure><\/div>\n\n\n\n<p>An diesem Punkt in der Kampagne von <em>iBomber Defense<\/em> Sie k\u00f6nnen nur Maschinengewehr- und Kanonent\u00fcrme platzieren, die beide nur auf Stufe 2 aufger\u00fcstet werden k\u00f6nnen. Sie m\u00fcssen Siegpunkte sammeln, indem Sie Missionen schlagen, um zus\u00e4tzliche Aufr\u00fcstungsstufen und Gesch\u00fctzt\u00fcrme freizuschalten. Am Ende des Walkthroughs jedes Levels wird erw\u00e4hnt, wof\u00fcr ich die Siegpunkte ausgegeben habe, um dem Leitfaden zu folgen.<\/p>\n\n\n\n<h3 class=\"wp-block-heading\"><strong>Revolverplatzierung<\/strong><\/h3>\n\n\n\n<p>Die Platzierung des Turmes in Westeuropa ist ziemlich einfach. Haupts\u00e4chlich m\u00f6chten Sie eine Handvoll Maschinengewehrt\u00fcrme der Stufe 2 entlang des Hauptwegs haben, nachdem die beiden Zufahrtsstra\u00dfen zusammenlaufen. Wenn Sie Ihre T\u00fcrme entlang dieser Route platzieren, schie\u00dfen sie immer auf feindliche Einheiten, anstatt nur dann wirksam zu sein, wenn eine Welle aus ihrer bestimmten Richtung kommt, wenn sie vor der Konvergenz platziert wird. Ein Paar Kanonent\u00fcrme wird die Maschinengewehre gut erg\u00e4nzen, wenn es Zeit f\u00fcr die schwer gepanzerten Endwellen ist.<\/p>\n\n\n\n<figure class=\"wp-block-gallery columns-2 is-cropped wp-block-gallery-1 is-layout-flex wp-block-gallery-is-layout-flex\"><ul class=\"blocks-gallery-grid\"><li class=\"blocks-gallery-item\"><figure><a href=\"https:\/\/ibomberdefense.standardof.net\/de\/guide\/alliierte-kampagne\/1-west-europa-der-kampf-beginnt-hier\/ibomber-defense-level-1-western-europe-the-fight-starts-here-2\/\"><img decoding=\"async\" width=\"800\" height=\"450\" src=\"https:\/\/ibomberdefense.standardof.net\/wp-content\/uploads\/sites\/5\/2020\/10\/iBomber-Defense-Level-1-Western-Europe-The-Fight-Starts-Here-2-800x450.jpg\" alt=\"&quot;iBomber Defense&quot; - Level 1 - Westeuropa: Der Kampf beginnt hier! (2)\" data-id=\"18\" data-full-url=\"https:\/\/ibomberdefense.standardof.net\/wp-content\/uploads\/sites\/5\/2020\/10\/iBomber-Defense-Level-1-Western-Europe-The-Fight-Starts-Here-2.jpg\" data-link=\"https:\/\/ibomberdefense.standardof.net\/guide\/allied-campaign\/1-western-europe-the-fight-starts-here\/ibomber-defense-level-1-western-europe-the-fight-starts-here-2\/\" class=\"wp-image-18\" title=\"\" srcset=\"https:\/\/ibomberdefense.standardof.net\/wp-content\/uploads\/sites\/5\/2020\/10\/iBomber-Defense-Level-1-Western-Europe-The-Fight-Starts-Here-2-800x450.jpg 800w, https:\/\/ibomberdefense.standardof.net\/wp-content\/uploads\/sites\/5\/2020\/10\/iBomber-Defense-Level-1-Western-Europe-The-Fight-Starts-Here-2-512x288.jpg 512w, https:\/\/ibomberdefense.standardof.net\/wp-content\/uploads\/sites\/5\/2020\/10\/iBomber-Defense-Level-1-Western-Europe-The-Fight-Starts-Here-2-200x113.jpg 200w, https:\/\/ibomberdefense.standardof.net\/wp-content\/uploads\/sites\/5\/2020\/10\/iBomber-Defense-Level-1-Western-Europe-The-Fight-Starts-Here-2-768x432.jpg 768w, https:\/\/ibomberdefense.standardof.net\/wp-content\/uploads\/sites\/5\/2020\/10\/iBomber-Defense-Level-1-Western-Europe-The-Fight-Starts-Here-2-16x9.jpg 16w, https:\/\/ibomberdefense.standardof.net\/wp-content\/uploads\/sites\/5\/2020\/10\/iBomber-Defense-Level-1-Western-Europe-The-Fight-Starts-Here-2.jpg 1280w\" sizes=\"(max-width: 800px) 100vw, 800px\" \/><\/a><figcaption class=\"blocks-gallery-item__caption\">Revolverplatzierung bei Welle 11<\/figcaption><\/figure><\/li><li class=\"blocks-gallery-item\"><figure><a href=\"https:\/\/ibomberdefense.standardof.net\/de\/guide\/alliierte-kampagne\/1-west-europa-der-kampf-beginnt-hier\/ibomber-defense-level-1-western-europe-the-fight-starts-here-3\/\"><img decoding=\"async\" width=\"800\" height=\"450\" src=\"https:\/\/ibomberdefense.standardof.net\/wp-content\/uploads\/sites\/5\/2020\/10\/iBomber-Defense-Level-1-Western-Europe-The-Fight-Starts-Here-3-800x450.jpg\" alt=\"&quot;iBomber Defense&quot; - Level 1 - Westeuropa: Der Kampf beginnt hier! (3)\" data-id=\"19\" data-full-url=\"https:\/\/ibomberdefense.standardof.net\/wp-content\/uploads\/sites\/5\/2020\/10\/iBomber-Defense-Level-1-Western-Europe-The-Fight-Starts-Here-3.jpg\" data-link=\"https:\/\/ibomberdefense.standardof.net\/guide\/allied-campaign\/1-western-europe-the-fight-starts-here\/ibomber-defense-level-1-western-europe-the-fight-starts-here-3\/\" class=\"wp-image-19\" title=\"\" srcset=\"https:\/\/ibomberdefense.standardof.net\/wp-content\/uploads\/sites\/5\/2020\/10\/iBomber-Defense-Level-1-Western-Europe-The-Fight-Starts-Here-3-800x450.jpg 800w, https:\/\/ibomberdefense.standardof.net\/wp-content\/uploads\/sites\/5\/2020\/10\/iBomber-Defense-Level-1-Western-Europe-The-Fight-Starts-Here-3-512x288.jpg 512w, https:\/\/ibomberdefense.standardof.net\/wp-content\/uploads\/sites\/5\/2020\/10\/iBomber-Defense-Level-1-Western-Europe-The-Fight-Starts-Here-3-200x113.jpg 200w, https:\/\/ibomberdefense.standardof.net\/wp-content\/uploads\/sites\/5\/2020\/10\/iBomber-Defense-Level-1-Western-Europe-The-Fight-Starts-Here-3-768x432.jpg 768w, https:\/\/ibomberdefense.standardof.net\/wp-content\/uploads\/sites\/5\/2020\/10\/iBomber-Defense-Level-1-Western-Europe-The-Fight-Starts-Here-3-16x9.jpg 16w, https:\/\/ibomberdefense.standardof.net\/wp-content\/uploads\/sites\/5\/2020\/10\/iBomber-Defense-Level-1-Western-Europe-The-Fight-Starts-Here-3.jpg 1280w\" sizes=\"(max-width: 800px) 100vw, 800px\" \/><\/a><figcaption class=\"blocks-gallery-item__caption\">Revolverplatzierung bei Welle 20<\/figcaption><\/figure><\/li><\/ul><\/figure>\n\n\n\n<h3 class=\"wp-block-heading\"><strong>Siegpunktausgaben<\/strong><\/h3>\n\n\n\n<p>Da sich die n\u00e4chsten Missionen ausschlie\u00dflich auf schw\u00e4chere Bodeneinheiten konzentrieren werden, habe ich mich entschieden, Siegpunkte f\u00fcr Maschinengewehr und Kanone auszugeben und das Level 3-Upgrade f\u00fcr beide Waffen freizuschalten.<\/p>\n\n\n\n<p>Die aktuellen R\u00e4nge der freigeschalteten Gegenst\u00e4nde sind:<br>Maschinengewehr 3, Kanone 3, Luftabwehr 1<\/p>\n\n\n\n<hr class=\"wp-block-separator\"\/>\n\n\n\n<h4 class=\"has-text-align-center wp-block-heading\">Videoanleitung<\/h4>\n\n\n\n<figure class=\"wp-block-embed-youtube wp-block-embed is-type-video is-provider-youtube wp-embed-aspect-16-9 wp-has-aspect-ratio\"><div class=\"wp-block-embed__wrapper\">\n<div class=\"ast-oembed-container\" style=\"height: 100%;\"><iframe title=\"iBomber Defense - Westeuropa - Veteran + Perfekt\" width=\"500\" height=\"281\" src=\"https:\/\/www.youtube.com\/embed\/JRC6j0sOqck?feature=oembed\" frameborder=\"0\" allow=\"accelerometer; autoplay; clipboard-write; encrypted-media; gyroscope; picture-in-picture; web-share\" referrerpolicy=\"strict-origin-when-cross-origin\" allowfullscreen><\/iframe><\/div>\n<\/div><\/figure>","protected":false},"excerpt":{"rendered":"<p>The first level in the Allied campaign, Western Europe is a bit of an introductory course in the tactics and strategies of a turret defense game. This level takes place in a forested area where you will face 20 waves of ground forces only. At this point in the campaign of iBomber Defense you will [&hellip;]<\/p>","protected":false},"author":1,"featured_media":19,"parent":266,"menu_order":1,"comment_status":"open","ping_status":"closed","template":"","meta":{"_uag_custom_page_level_css":"","site-sidebar-layout":"default","site-content-layout":"default","ast-site-content-layout":"","site-content-style":"default","site-sidebar-style":"default","ast-global-header-display":"","ast-banner-title-visibility":"","ast-main-header-display":"","ast-hfb-above-header-display":"","ast-hfb-below-header-display":"","ast-hfb-mobile-header-display":"","site-post-title":"","ast-breadcrumbs-content":"","ast-featured-img":"","footer-sml-layout":"","theme-transparent-header-meta":"default","adv-header-id-meta":"","stick-header-meta":"","header-above-stick-meta":"","header-main-stick-meta":"","header-below-stick-meta":"","astra-migrate-meta-layouts":"default","ast-page-background-enabled":"default","ast-page-background-meta":{"desktop":{"background-color":"","background-image":"","background-repeat":"repeat","background-position":"center center","background-size":"auto","background-attachment":"scroll","background-type":"","background-media":"","overlay-type":"","overlay-color":"","overlay-gradient":""},"tablet":{"background-color":"","background-image":"","background-repeat":"repeat","background-position":"center center","background-size":"auto","background-attachment":"scroll","background-type":"","background-media":"","overlay-type":"","overlay-color":"","overlay-gradient":""},"mobile":{"background-color":"","background-image":"","background-repeat":"repeat","background-position":"center center","background-size":"auto","background-attachment":"scroll","background-type":"","background-media":"","overlay-type":"","overlay-color":"","overlay-gradient":""}},"ast-content-background-meta":{"desktop":{"background-color":"var(--ast-global-color-5)","background-image":"","background-repeat":"repeat","background-position":"center center","background-size":"auto","background-attachment":"scroll","background-type":"","background-media":"","overlay-type":"","overlay-color":"","overlay-gradient":""},"tablet":{"background-color":"var(--ast-global-color-5)","background-image":"","background-repeat":"repeat","background-position":"center center","background-size":"auto","background-attachment":"scroll","background-type":"","background-media":"","overlay-type":"","overlay-color":"","overlay-gradient":""},"mobile":{"background-color":"var(--ast-global-color-5)","background-image":"","background-repeat":"repeat","background-position":"center center","background-size":"auto","background-attachment":"scroll","background-type":"","background-media":"","overlay-type":"","overlay-color":"","overlay-gradient":""}},"footnotes":""},"uagb_featured_image_src":{"full":["https:\/\/ibomberdefense.standardof.net\/wp-content\/uploads\/sites\/5\/2020\/10\/iBomber-Defense-Level-1-Western-Europe-The-Fight-Starts-Here-3.jpg",1280,720,false],"thumbnail":["https:\/\/ibomberdefense.standardof.net\/wp-content\/uploads\/sites\/5\/2020\/10\/iBomber-Defense-Level-1-Western-Europe-The-Fight-Starts-Here-3-200x113.jpg",200,113,true],"medium":["https:\/\/ibomberdefense.standardof.net\/wp-content\/uploads\/sites\/5\/2020\/10\/iBomber-Defense-Level-1-Western-Europe-The-Fight-Starts-Here-3-512x288.jpg",512,288,true],"medium_large":["https:\/\/ibomberdefense.standardof.net\/wp-content\/uploads\/sites\/5\/2020\/10\/iBomber-Defense-Level-1-Western-Europe-The-Fight-Starts-Here-3-768x432.jpg",768,432,true],"large":["https:\/\/ibomberdefense.standardof.net\/wp-content\/uploads\/sites\/5\/2020\/10\/iBomber-Defense-Level-1-Western-Europe-The-Fight-Starts-Here-3-800x450.jpg",800,450,true],"1536x1536":["https:\/\/ibomberdefense.standardof.net\/wp-content\/uploads\/sites\/5\/2020\/10\/iBomber-Defense-Level-1-Western-Europe-The-Fight-Starts-Here-3.jpg",1280,720,false],"2048x2048":["https:\/\/ibomberdefense.standardof.net\/wp-content\/uploads\/sites\/5\/2020\/10\/iBomber-Defense-Level-1-Western-Europe-The-Fight-Starts-Here-3.jpg",1280,720,false],"trp-custom-language-flag":["https:\/\/ibomberdefense.standardof.net\/wp-content\/uploads\/sites\/5\/2020\/10\/iBomber-Defense-Level-1-Western-Europe-The-Fight-Starts-Here-3-16x9.jpg",16,9,true]},"uagb_author_info":{"display_name":"SOE","author_link":"https:\/\/ibomberdefense.standardof.net\/de\/author\/k-tastic\/"},"uagb_comment_info":1,"uagb_excerpt":"The first level in the Allied campaign, Western Europe is a bit of an introductory course in the tactics and strategies of a turret defense game. This level takes place in a forested area where you will face 20 waves of ground forces only. At this point in the campaign of iBomber Defense you will&hellip;","_links":{"self":[{"href":"https:\/\/ibomberdefense.standardof.net\/de\/wp-json\/wp\/v2\/pages\/271"}],"collection":[{"href":"https:\/\/ibomberdefense.standardof.net\/de\/wp-json\/wp\/v2\/pages"}],"about":[{"href":"https:\/\/ibomberdefense.standardof.net\/de\/wp-json\/wp\/v2\/types\/page"}],"author":[{"embeddable":true,"href":"https:\/\/ibomberdefense.standardof.net\/de\/wp-json\/wp\/v2\/users\/1"}],"replies":[{"embeddable":true,"href":"https:\/\/ibomberdefense.standardof.net\/de\/wp-json\/wp\/v2\/comments?post=271"}],"version-history":[{"count":0,"href":"https:\/\/ibomberdefense.standardof.net\/de\/wp-json\/wp\/v2\/pages\/271\/revisions"}],"up":[{"embeddable":true,"href":"https:\/\/ibomberdefense.standardof.net\/de\/wp-json\/wp\/v2\/pages\/266"}],"wp:featuredmedia":[{"embeddable":true,"href":"https:\/\/ibomberdefense.standardof.net\/de\/wp-json\/wp\/v2\/media\/19"}],"wp:attachment":[{"href":"https:\/\/ibomberdefense.standardof.net\/de\/wp-json\/wp\/v2\/media?parent=271"}],"curies":[{"name":"wp","href":"https:\/\/api.w.org\/{rel}","templated":true}]}}