{"id":274,"date":"2020-10-19T05:56:18","date_gmt":"2020-10-19T05:56:18","guid":{"rendered":"https:\/\/ibomberdefense.standardof.net\/?page_id=274"},"modified":"2020-10-19T08:05:52","modified_gmt":"2020-10-19T08:05:52","slug":"2-western-mediterranean-sea-devils","status":"publish","type":"page","link":"https:\/\/ibomberdefense.standardof.net\/de\/guide\/alliierte-kampagne\/2-westliche-mediterrane-seeteufel\/","title":{"rendered":"2. Westliches Mittelmeer: Seeteufel!"},"content":{"rendered":"<p>Das westliche Mittelmeer in <em>iBomber Defense<\/em> bringt uns zu einem Kanal, den feindliche Marineschiffe zu \u00fcberqueren versuchen, um Ihre Basis zu erreichen. Es ist an der Zeit, zum ersten Mal im Spiel auf Wassereinheiten zu treffen und H\u00f6henvorteile zu nutzen, um die Reichweite Ihrer T\u00fcrme zu erh\u00f6hen.<\/p>\n\n\n\n<div class=\"wp-block-image\"><figure class=\"aligncenter size-large\"><a href=\"https:\/\/ibomberdefense.standardof.net\/de\/guide\/alliierte-kampagne\/2-westliche-mediterrane-seeteufel\/ibomber-defense-level-2-western-mediterranean-sea-devils-1\/\"><img decoding=\"async\" width=\"800\" height=\"450\" src=\"https:\/\/ibomberdefense.standardof.net\/wp-content\/uploads\/sites\/5\/2020\/10\/iBomber-Defense-Level-2-Western-Mediterranean-Sea-Devils-1-800x450.jpg\" alt=\"&quot;iBomber Defense&quot; - Level 2 - Westliches Mittelmeer: Sea Devils! (1)\" class=\"wp-image-20\" title=\"\" srcset=\"https:\/\/ibomberdefense.standardof.net\/wp-content\/uploads\/sites\/5\/2020\/10\/iBomber-Defense-Level-2-Western-Mediterranean-Sea-Devils-1-800x450.jpg 800w, https:\/\/ibomberdefense.standardof.net\/wp-content\/uploads\/sites\/5\/2020\/10\/iBomber-Defense-Level-2-Western-Mediterranean-Sea-Devils-1-512x288.jpg 512w, https:\/\/ibomberdefense.standardof.net\/wp-content\/uploads\/sites\/5\/2020\/10\/iBomber-Defense-Level-2-Western-Mediterranean-Sea-Devils-1-200x113.jpg 200w, https:\/\/ibomberdefense.standardof.net\/wp-content\/uploads\/sites\/5\/2020\/10\/iBomber-Defense-Level-2-Western-Mediterranean-Sea-Devils-1-768x432.jpg 768w, https:\/\/ibomberdefense.standardof.net\/wp-content\/uploads\/sites\/5\/2020\/10\/iBomber-Defense-Level-2-Western-Mediterranean-Sea-Devils-1-16x9.jpg 16w, https:\/\/ibomberdefense.standardof.net\/wp-content\/uploads\/sites\/5\/2020\/10\/iBomber-Defense-Level-2-Western-Mediterranean-Sea-Devils-1.jpg 1280w\" sizes=\"(max-width: 800px) 100vw, 800px\" \/><\/a><figcaption>Es gibt nur einen Weg f\u00fcr die Marineeinheiten im westlichen Mittelmeerraum.<\/figcaption><\/figure><\/div>\n\n\n\n<p>Marineebenen priorisieren im Allgemeinen die Platzierung von Kanonent\u00fcrmen gegen\u00fcber Maschinengewehrt\u00fcrmen aufgrund der normalerweise st\u00e4rker gepanzerten Einheiten und weiter entfernten Entfernungen, von denen sich die Marineeinheiten auf ihrem Weg bewegen, und Stellen, die f\u00fcr die Platzierung der T\u00fcrme offen sind. Dieses Level ist eine Ausnahme, da es noch fr\u00fch ist, aber Cannon Turrets werden hier immer noch ihren Wert haben.<\/p>\n\n\n\n<h3 class=\"wp-block-heading\"><strong>Revolverplatzierung<\/strong><\/h3>\n\n\n\n<p>Da wir k\u00fcrzlich Kanonen und Maschinengewehre der Stufe 3 freigeschaltet haben, werden wir uns darauf konzentrieren, nur eine Handvoll hochstufiger T\u00fcrme f\u00fcr dieses Level zu bekommen, was dem Zweck entspricht, den Feind perfekt zu stoppen. Dies ist zahlreichen T\u00fcrmen vorzuziehen, da die optimalen Schussorte in dieser Mission gering sind.<\/p>\n\n\n\n<p>Zwei Maschinengewehr-T\u00fcrme sollten sich auf beiden Seiten des Landes befinden, das die erste Kurve auf dem Weg der Marineeinheiten bildet, w\u00e4hrend zwei zus\u00e4tzliche Maschinengewehre und eine einzelne Kanone die richtige Insel besetzen. \u00dcberpr\u00fcfen Sie die Bilder auf der rechten Seite oder sehen Sie sich das Video unten an, um zu sehen, welche Revolverpositionen verwendet wurden.<\/p>\n\n\n\n<figure class=\"wp-block-gallery columns-2 is-cropped wp-block-gallery-1 is-layout-flex wp-block-gallery-is-layout-flex\"><ul class=\"blocks-gallery-grid\"><li class=\"blocks-gallery-item\"><figure><a href=\"https:\/\/ibomberdefense.standardof.net\/de\/guide\/alliierte-kampagne\/2-westliche-mediterrane-seeteufel\/ibomber-defense-level-2-western-mediterranean-sea-devils-2\/\"><img decoding=\"async\" width=\"800\" height=\"450\" src=\"https:\/\/ibomberdefense.standardof.net\/wp-content\/uploads\/sites\/5\/2020\/10\/iBomber-Defense-Level-2-Western-Mediterranean-Sea-Devils-2-800x450.jpg\" alt=\"&quot;iBomber Defense&quot; - Level 2 - Westliches Mittelmeer: Sea Devils! (2)\" data-id=\"21\" data-full-url=\"https:\/\/ibomberdefense.standardof.net\/wp-content\/uploads\/sites\/5\/2020\/10\/iBomber-Defense-Level-2-Western-Mediterranean-Sea-Devils-2.jpg\" data-link=\"https:\/\/ibomberdefense.standardof.net\/guide\/allied-campaign\/2-western-mediterranean-sea-devils\/ibomber-defense-level-2-western-mediterranean-sea-devils-2\/\" class=\"wp-image-21\" title=\"\" srcset=\"https:\/\/ibomberdefense.standardof.net\/wp-content\/uploads\/sites\/5\/2020\/10\/iBomber-Defense-Level-2-Western-Mediterranean-Sea-Devils-2-800x450.jpg 800w, https:\/\/ibomberdefense.standardof.net\/wp-content\/uploads\/sites\/5\/2020\/10\/iBomber-Defense-Level-2-Western-Mediterranean-Sea-Devils-2-512x288.jpg 512w, https:\/\/ibomberdefense.standardof.net\/wp-content\/uploads\/sites\/5\/2020\/10\/iBomber-Defense-Level-2-Western-Mediterranean-Sea-Devils-2-200x113.jpg 200w, https:\/\/ibomberdefense.standardof.net\/wp-content\/uploads\/sites\/5\/2020\/10\/iBomber-Defense-Level-2-Western-Mediterranean-Sea-Devils-2-768x432.jpg 768w, https:\/\/ibomberdefense.standardof.net\/wp-content\/uploads\/sites\/5\/2020\/10\/iBomber-Defense-Level-2-Western-Mediterranean-Sea-Devils-2-16x9.jpg 16w, https:\/\/ibomberdefense.standardof.net\/wp-content\/uploads\/sites\/5\/2020\/10\/iBomber-Defense-Level-2-Western-Mediterranean-Sea-Devils-2.jpg 1280w\" sizes=\"(max-width: 800px) 100vw, 800px\" \/><\/a><figcaption class=\"blocks-gallery-item__caption\">Platzierung des Revolvers der Welle 10.<\/figcaption><\/figure><\/li><li class=\"blocks-gallery-item\"><figure><a href=\"https:\/\/ibomberdefense.standardof.net\/de\/guide\/alliierte-kampagne\/2-westliche-mediterrane-seeteufel\/ibomber-defense-level-2-western-mediterranean-sea-devils-3\/\"><img decoding=\"async\" width=\"800\" height=\"450\" src=\"https:\/\/ibomberdefense.standardof.net\/wp-content\/uploads\/sites\/5\/2020\/10\/iBomber-Defense-Level-2-Western-Mediterranean-Sea-Devils-3-800x450.jpg\" alt=\"&quot;iBomber Defense&quot; - Level 2 - Westliches Mittelmeer: Sea Devils! (3)\" data-id=\"22\" data-full-url=\"https:\/\/ibomberdefense.standardof.net\/wp-content\/uploads\/sites\/5\/2020\/10\/iBomber-Defense-Level-2-Western-Mediterranean-Sea-Devils-3.jpg\" data-link=\"https:\/\/ibomberdefense.standardof.net\/guide\/allied-campaign\/2-western-mediterranean-sea-devils\/ibomber-defense-level-2-western-mediterranean-sea-devils-3\/\" class=\"wp-image-22\" title=\"\" srcset=\"https:\/\/ibomberdefense.standardof.net\/wp-content\/uploads\/sites\/5\/2020\/10\/iBomber-Defense-Level-2-Western-Mediterranean-Sea-Devils-3-800x450.jpg 800w, https:\/\/ibomberdefense.standardof.net\/wp-content\/uploads\/sites\/5\/2020\/10\/iBomber-Defense-Level-2-Western-Mediterranean-Sea-Devils-3-512x288.jpg 512w, https:\/\/ibomberdefense.standardof.net\/wp-content\/uploads\/sites\/5\/2020\/10\/iBomber-Defense-Level-2-Western-Mediterranean-Sea-Devils-3-200x113.jpg 200w, https:\/\/ibomberdefense.standardof.net\/wp-content\/uploads\/sites\/5\/2020\/10\/iBomber-Defense-Level-2-Western-Mediterranean-Sea-Devils-3-768x432.jpg 768w, https:\/\/ibomberdefense.standardof.net\/wp-content\/uploads\/sites\/5\/2020\/10\/iBomber-Defense-Level-2-Western-Mediterranean-Sea-Devils-3-16x9.jpg 16w, https:\/\/ibomberdefense.standardof.net\/wp-content\/uploads\/sites\/5\/2020\/10\/iBomber-Defense-Level-2-Western-Mediterranean-Sea-Devils-3.jpg 1280w\" sizes=\"(max-width: 800px) 100vw, 800px\" \/><\/a><figcaption class=\"blocks-gallery-item__caption\">Platzierung des Revolvers der Welle 20.<\/figcaption><\/figure><\/li><\/ul><\/figure>\n\n\n\n<h3 class=\"wp-block-heading\"><strong>Siegpunktausgaben<\/strong><\/h3>\n\n\n\n<p>Zu diesem Zeitpunkt wurden die beiden in dieser Mission erreichten Siegpunkte f\u00fcr das Freischalten des Sabotage-Turms verwendet, um Gruppen von Feinden zu verlangsamen, w\u00e4hrend ein Punkt in den Anti-Luft-Turm gelegt wurde, um das zweite Level freizuschalten, wie es ben\u00f6tigt wird demn\u00e4chst.<\/p>\n\n\n\n<p>Aktuelle R\u00e4nge der freigeschalteten Gegenst\u00e4nde:<br>Maschinengewehr 3, Kanone 3, Luftabwehr 2, Sabotage 1<\/p>\n\n\n\n<hr class=\"wp-block-separator\"\/>\n\n\n\n<h4 class=\"has-text-align-center wp-block-heading\">Videoanleitung<\/h4>\n\n\n\n<figure class=\"wp-block-embed-youtube wp-block-embed is-type-video is-provider-youtube wp-embed-aspect-16-9 wp-has-aspect-ratio wp-embed-aspect-4-3\"><div class=\"wp-block-embed__wrapper\">\n<div class=\"ast-oembed-container\" style=\"height: 100%;\"><iframe title=\"iBomber Defense - Westliches Mittelmeer - Veteran + Perfekt\" width=\"500\" height=\"281\" src=\"https:\/\/www.youtube.com\/embed\/hEjBsdPlZ4A?feature=oembed\" frameborder=\"0\" allow=\"accelerometer; autoplay; clipboard-write; encrypted-media; gyroscope; picture-in-picture; web-share\" referrerpolicy=\"strict-origin-when-cross-origin\" allowfullscreen><\/iframe><\/div>\n<\/div><\/figure>","protected":false},"excerpt":{"rendered":"<p>The Western Mediterranean level in iBomber Defense takes us to a channel which enemy naval vessels are trying to cross in order to reach your base. Its time to encounter water units for the first time in the game, using height advantages to boost the range of your turrets. Naval levels will generally prioritize the [&hellip;]<\/p>","protected":false},"author":1,"featured_media":22,"parent":266,"menu_order":2,"comment_status":"open","ping_status":"closed","template":"","meta":{"_uag_custom_page_level_css":"","site-sidebar-layout":"default","site-content-layout":"default","ast-site-content-layout":"","site-content-style":"default","site-sidebar-style":"default","ast-global-header-display":"","ast-banner-title-visibility":"","ast-main-header-display":"","ast-hfb-above-header-display":"","ast-hfb-below-header-display":"","ast-hfb-mobile-header-display":"","site-post-title":"","ast-breadcrumbs-content":"","ast-featured-img":"","footer-sml-layout":"","theme-transparent-header-meta":"default","adv-header-id-meta":"","stick-header-meta":"","header-above-stick-meta":"","header-main-stick-meta":"","header-below-stick-meta":"","astra-migrate-meta-layouts":"default","ast-page-background-enabled":"default","ast-page-background-meta":{"desktop":{"background-color":"","background-image":"","background-repeat":"repeat","background-position":"center center","background-size":"auto","background-attachment":"scroll","background-type":"","background-media":"","overlay-type":"","overlay-color":"","overlay-gradient":""},"tablet":{"background-color":"","background-image":"","background-repeat":"repeat","background-position":"center center","background-size":"auto","background-attachment":"scroll","background-type":"","background-media":"","overlay-type":"","overlay-color":"","overlay-gradient":""},"mobile":{"background-color":"","background-image":"","background-repeat":"repeat","background-position":"center center","background-size":"auto","background-attachment":"scroll","background-type":"","background-media":"","overlay-type":"","overlay-color":"","overlay-gradient":""}},"ast-content-background-meta":{"desktop":{"background-color":"var(--ast-global-color-5)","background-image":"","background-repeat":"repeat","background-position":"center center","background-size":"auto","background-attachment":"scroll","background-type":"","background-media":"","overlay-type":"","overlay-color":"","overlay-gradient":""},"tablet":{"background-color":"var(--ast-global-color-5)","background-image":"","background-repeat":"repeat","background-position":"center center","background-size":"auto","background-attachment":"scroll","background-type":"","background-media":"","overlay-type":"","overlay-color":"","overlay-gradient":""},"mobile":{"background-color":"var(--ast-global-color-5)","background-image":"","background-repeat":"repeat","background-position":"center center","background-size":"auto","background-attachment":"scroll","background-type":"","background-media":"","overlay-type":"","overlay-color":"","overlay-gradient":""}},"footnotes":""},"uagb_featured_image_src":{"full":["https:\/\/ibomberdefense.standardof.net\/wp-content\/uploads\/sites\/5\/2020\/10\/iBomber-Defense-Level-2-Western-Mediterranean-Sea-Devils-3.jpg",1280,720,false],"thumbnail":["https:\/\/ibomberdefense.standardof.net\/wp-content\/uploads\/sites\/5\/2020\/10\/iBomber-Defense-Level-2-Western-Mediterranean-Sea-Devils-3-200x113.jpg",200,113,true],"medium":["https:\/\/ibomberdefense.standardof.net\/wp-content\/uploads\/sites\/5\/2020\/10\/iBomber-Defense-Level-2-Western-Mediterranean-Sea-Devils-3-512x288.jpg",512,288,true],"medium_large":["https:\/\/ibomberdefense.standardof.net\/wp-content\/uploads\/sites\/5\/2020\/10\/iBomber-Defense-Level-2-Western-Mediterranean-Sea-Devils-3-768x432.jpg",768,432,true],"large":["https:\/\/ibomberdefense.standardof.net\/wp-content\/uploads\/sites\/5\/2020\/10\/iBomber-Defense-Level-2-Western-Mediterranean-Sea-Devils-3-800x450.jpg",800,450,true],"1536x1536":["https:\/\/ibomberdefense.standardof.net\/wp-content\/uploads\/sites\/5\/2020\/10\/iBomber-Defense-Level-2-Western-Mediterranean-Sea-Devils-3.jpg",1280,720,false],"2048x2048":["https:\/\/ibomberdefense.standardof.net\/wp-content\/uploads\/sites\/5\/2020\/10\/iBomber-Defense-Level-2-Western-Mediterranean-Sea-Devils-3.jpg",1280,720,false],"trp-custom-language-flag":["https:\/\/ibomberdefense.standardof.net\/wp-content\/uploads\/sites\/5\/2020\/10\/iBomber-Defense-Level-2-Western-Mediterranean-Sea-Devils-3-16x9.jpg",16,9,true]},"uagb_author_info":{"display_name":"SOE","author_link":"https:\/\/ibomberdefense.standardof.net\/de\/author\/k-tastic\/"},"uagb_comment_info":0,"uagb_excerpt":"The Western Mediterranean level in iBomber Defense takes us to a channel which enemy naval vessels are trying to cross in order to reach your base. Its time to encounter water units for the first time in the game, using height advantages to boost the range of your turrets. Naval levels will generally prioritize the&hellip;","_links":{"self":[{"href":"https:\/\/ibomberdefense.standardof.net\/de\/wp-json\/wp\/v2\/pages\/274"}],"collection":[{"href":"https:\/\/ibomberdefense.standardof.net\/de\/wp-json\/wp\/v2\/pages"}],"about":[{"href":"https:\/\/ibomberdefense.standardof.net\/de\/wp-json\/wp\/v2\/types\/page"}],"author":[{"embeddable":true,"href":"https:\/\/ibomberdefense.standardof.net\/de\/wp-json\/wp\/v2\/users\/1"}],"replies":[{"embeddable":true,"href":"https:\/\/ibomberdefense.standardof.net\/de\/wp-json\/wp\/v2\/comments?post=274"}],"version-history":[{"count":0,"href":"https:\/\/ibomberdefense.standardof.net\/de\/wp-json\/wp\/v2\/pages\/274\/revisions"}],"up":[{"embeddable":true,"href":"https:\/\/ibomberdefense.standardof.net\/de\/wp-json\/wp\/v2\/pages\/266"}],"wp:featuredmedia":[{"embeddable":true,"href":"https:\/\/ibomberdefense.standardof.net\/de\/wp-json\/wp\/v2\/media\/22"}],"wp:attachment":[{"href":"https:\/\/ibomberdefense.standardof.net\/de\/wp-json\/wp\/v2\/media?parent=274"}],"curies":[{"name":"wp","href":"https:\/\/api.w.org\/{rel}","templated":true}]}}