{"id":276,"date":"2020-10-19T06:00:04","date_gmt":"2020-10-19T06:00:04","guid":{"rendered":"https:\/\/ibomberdefense.standardof.net\/?page_id=276"},"modified":"2020-10-19T08:05:56","modified_gmt":"2020-10-19T08:05:56","slug":"3-north-west-africa-seiged","status":"publish","type":"page","link":"https:\/\/ibomberdefense.standardof.net\/de\/guide\/alliierte-kampagne\/3-nordwest-afrika-seiged\/","title":{"rendered":"3. Nordwestafrika: Seiged"},"content":{"rendered":"<div class=\"wp-block-image\"><figure class=\"aligncenter size-large\"><a href=\"https:\/\/ibomberdefense.standardof.net\/de\/guide\/alliierte-kampagne\/3-nordwest-afrika-seiged\/ibomber-defense-level-3-north-west-africa-seiged-1\/\"><img decoding=\"async\" width=\"800\" height=\"450\" src=\"https:\/\/ibomberdefense.standardof.net\/wp-content\/uploads\/sites\/5\/2020\/10\/iBomber-Defense-Level-3-North-West-Africa-Seiged-1-800x450.jpg\" alt=\"&quot;iBomber Defense&quot; - Level 3 - Nordwestafrika: Seiged (1)\" class=\"wp-image-23\" title=\"\" srcset=\"https:\/\/ibomberdefense.standardof.net\/wp-content\/uploads\/sites\/5\/2020\/10\/iBomber-Defense-Level-3-North-West-Africa-Seiged-1-800x450.jpg 800w, https:\/\/ibomberdefense.standardof.net\/wp-content\/uploads\/sites\/5\/2020\/10\/iBomber-Defense-Level-3-North-West-Africa-Seiged-1-512x288.jpg 512w, https:\/\/ibomberdefense.standardof.net\/wp-content\/uploads\/sites\/5\/2020\/10\/iBomber-Defense-Level-3-North-West-Africa-Seiged-1-200x113.jpg 200w, https:\/\/ibomberdefense.standardof.net\/wp-content\/uploads\/sites\/5\/2020\/10\/iBomber-Defense-Level-3-North-West-Africa-Seiged-1-768x432.jpg 768w, https:\/\/ibomberdefense.standardof.net\/wp-content\/uploads\/sites\/5\/2020\/10\/iBomber-Defense-Level-3-North-West-Africa-Seiged-1-16x9.jpg 16w, https:\/\/ibomberdefense.standardof.net\/wp-content\/uploads\/sites\/5\/2020\/10\/iBomber-Defense-Level-3-North-West-Africa-Seiged-1.jpg 1280w\" sizes=\"(max-width: 800px) 100vw, 800px\" \/><\/a><figcaption>Reisewege f\u00fcr Einheiten in Nordwestafrika.<\/figcaption><\/figure><\/div>\n\n\n\n<p>Nordwestafrika f\u00fchrt uns erst in der dritten Ebene der alliierten Kampagne in zu Bodeneinheiten zur\u00fcck <em>iBomber Defense<\/em>. In dieser W\u00fcstenebene mit mehreren Hochebenen, auf denen nicht gebaut werden kann, werden wir 30 Wellen begegnen, die von zwei Pfaden kommen, die schnell zu einer aus dem Westen zusammenlaufen.<\/p>\n\n\n\n<p>Vermeiden Sie es, T\u00fcrme in der N\u00e4he oder entlang der schwachen Umrisse eines Pfades zu bauen, der sich s\u00fcdlich des Plateaus kr\u00fcmmt, auf dem die beiden Stra\u00dfen zuvor zusammenlaufen. Als n\u00e4chstes wird es eine Gegenangriffs-Bonusmission geben, bei der dieser Landstreifen bombardiert wird und T\u00fcrme zerst\u00f6rt werden, die direkt auf oder in der N\u00e4he dieser Linie platziert sind.<\/p>\n\n\n\n<h3 class=\"wp-block-heading\"><strong>Revolverplatzierung<\/strong><\/h3>\n\n\n\n<p>Der beste Ort, um den Gro\u00dfteil Ihrer T\u00fcrme zu platzieren, ist auf der rechten Seite des Pfades, der zu Ihrer Basis f\u00fchrt, direkt n\u00f6rdlich der Basis. Ein paar Kanonen und eine Handvoll Maschinengewehrt\u00fcrme, die alle auf Stufe 3 aufger\u00fcstet wurden, leisten hervorragende Arbeit im Umgang mit den Feinden. Wir sind noch fr\u00fch genug im Spiel, wo gepanzerte Einheiten nicht in Flutwellen kommen, daher haben Maschinengewehre definitiv Priorit\u00e4t.<\/p>\n\n\n\n<p>Ein Sabotage-Turm eignet sich gut, wenn er direkt vor Ihrer Hauptgruppe von T\u00fcrmen direkt vor der Basis platziert wird. T\u00fcrme hier sind auch n\u00fctzlich gegen die Einheiten, die w\u00e4hrend der n\u00e4chsten Gegenschlag-Mission auf den schwachen Umrisspfad kommen. Dabei bleiben alle T\u00fcrme erhalten, die Sie in diesem Level gebaut haben, abz\u00fcglich der zerst\u00f6rten. Wenn Sie das Bild der Welle 30 rechts bemerken, befindet sich der eine Maschinengewehr-Turm in der Mitte des Trios links vom Pfad in der N\u00e4he der Basis in der T\u00f6tungszone, die zerst\u00f6rt wird, wenn der neue Pfad die n\u00e4chste Mission er\u00f6ffnet .<\/p>\n\n\n\n<figure class=\"wp-block-gallery columns-2 is-cropped wp-block-gallery-1 is-layout-flex wp-block-gallery-is-layout-flex\"><ul class=\"blocks-gallery-grid\"><li class=\"blocks-gallery-item\"><figure><a href=\"https:\/\/ibomberdefense.standardof.net\/de\/guide\/alliierte-kampagne\/3-nordwest-afrika-seiged\/ibomber-defense-level-3-north-west-africa-seiged-2\/\"><img decoding=\"async\" width=\"800\" height=\"450\" src=\"https:\/\/ibomberdefense.standardof.net\/wp-content\/uploads\/sites\/5\/2020\/10\/iBomber-Defense-Level-3-North-West-Africa-Seiged-2-800x450.jpg\" alt=\"&quot;iBomber Defense&quot; - Level 3 - Nordwestafrika: Seiged (2)\" data-id=\"24\" data-full-url=\"https:\/\/ibomberdefense.standardof.net\/wp-content\/uploads\/sites\/5\/2020\/10\/iBomber-Defense-Level-3-North-West-Africa-Seiged-2.jpg\" data-link=\"https:\/\/ibomberdefense.standardof.net\/guide\/allied-campaign\/3-north-west-africa-seiged\/ibomber-defense-level-3-north-west-africa-seiged-2\/\" class=\"wp-image-24\" title=\"\" srcset=\"https:\/\/ibomberdefense.standardof.net\/wp-content\/uploads\/sites\/5\/2020\/10\/iBomber-Defense-Level-3-North-West-Africa-Seiged-2-800x450.jpg 800w, https:\/\/ibomberdefense.standardof.net\/wp-content\/uploads\/sites\/5\/2020\/10\/iBomber-Defense-Level-3-North-West-Africa-Seiged-2-512x288.jpg 512w, https:\/\/ibomberdefense.standardof.net\/wp-content\/uploads\/sites\/5\/2020\/10\/iBomber-Defense-Level-3-North-West-Africa-Seiged-2-200x113.jpg 200w, https:\/\/ibomberdefense.standardof.net\/wp-content\/uploads\/sites\/5\/2020\/10\/iBomber-Defense-Level-3-North-West-Africa-Seiged-2-768x432.jpg 768w, https:\/\/ibomberdefense.standardof.net\/wp-content\/uploads\/sites\/5\/2020\/10\/iBomber-Defense-Level-3-North-West-Africa-Seiged-2-16x9.jpg 16w, https:\/\/ibomberdefense.standardof.net\/wp-content\/uploads\/sites\/5\/2020\/10\/iBomber-Defense-Level-3-North-West-Africa-Seiged-2.jpg 1280w\" sizes=\"(max-width: 800px) 100vw, 800px\" \/><\/a><figcaption class=\"blocks-gallery-item__caption\">Platzierung des Revolvers der Welle 10.<\/figcaption><\/figure><\/li><li class=\"blocks-gallery-item\"><figure><a href=\"https:\/\/ibomberdefense.standardof.net\/de\/guide\/alliierte-kampagne\/3-nordwest-afrika-seiged\/ibomber-defense-level-3-north-west-africa-seiged-3\/\"><img decoding=\"async\" width=\"800\" height=\"450\" src=\"https:\/\/ibomberdefense.standardof.net\/wp-content\/uploads\/sites\/5\/2020\/10\/iBomber-Defense-Level-3-North-West-Africa-Seiged-3-800x450.jpg\" alt=\"&quot;iBomber Defense&quot; - Level 3 - Nordwestafrika: Seiged (3)\" data-id=\"25\" data-full-url=\"https:\/\/ibomberdefense.standardof.net\/wp-content\/uploads\/sites\/5\/2020\/10\/iBomber-Defense-Level-3-North-West-Africa-Seiged-3.jpg\" data-link=\"https:\/\/ibomberdefense.standardof.net\/guide\/allied-campaign\/3-north-west-africa-seiged\/ibomber-defense-level-3-north-west-africa-seiged-3\/\" class=\"wp-image-25\" title=\"\" srcset=\"https:\/\/ibomberdefense.standardof.net\/wp-content\/uploads\/sites\/5\/2020\/10\/iBomber-Defense-Level-3-North-West-Africa-Seiged-3-800x450.jpg 800w, https:\/\/ibomberdefense.standardof.net\/wp-content\/uploads\/sites\/5\/2020\/10\/iBomber-Defense-Level-3-North-West-Africa-Seiged-3-512x288.jpg 512w, https:\/\/ibomberdefense.standardof.net\/wp-content\/uploads\/sites\/5\/2020\/10\/iBomber-Defense-Level-3-North-West-Africa-Seiged-3-200x113.jpg 200w, https:\/\/ibomberdefense.standardof.net\/wp-content\/uploads\/sites\/5\/2020\/10\/iBomber-Defense-Level-3-North-West-Africa-Seiged-3-768x432.jpg 768w, https:\/\/ibomberdefense.standardof.net\/wp-content\/uploads\/sites\/5\/2020\/10\/iBomber-Defense-Level-3-North-West-Africa-Seiged-3-16x9.jpg 16w, https:\/\/ibomberdefense.standardof.net\/wp-content\/uploads\/sites\/5\/2020\/10\/iBomber-Defense-Level-3-North-West-Africa-Seiged-3.jpg 1280w\" sizes=\"(max-width: 800px) 100vw, 800px\" \/><\/a><figcaption class=\"blocks-gallery-item__caption\">Platzierung des Revolvers der Welle 20.<\/figcaption><\/figure><\/li><li class=\"blocks-gallery-item\"><figure><a href=\"https:\/\/ibomberdefense.standardof.net\/de\/guide\/alliierte-kampagne\/3-nordwest-afrika-seiged\/ibomber-defense-level-3-north-west-africa-seiged-4\/\"><img decoding=\"async\" width=\"800\" height=\"450\" src=\"https:\/\/ibomberdefense.standardof.net\/wp-content\/uploads\/sites\/5\/2020\/10\/iBomber-Defense-Level-3-North-West-Africa-Seiged-4-800x450.jpg\" alt=\"&quot;iBomber Defense&quot; - Level 3 - Nordwestafrika: Seiged (4)\" data-id=\"26\" data-full-url=\"https:\/\/ibomberdefense.standardof.net\/wp-content\/uploads\/sites\/5\/2020\/10\/iBomber-Defense-Level-3-North-West-Africa-Seiged-4.jpg\" data-link=\"https:\/\/ibomberdefense.standardof.net\/guide\/allied-campaign\/3-north-west-africa-seiged\/ibomber-defense-level-3-north-west-africa-seiged-4\/\" class=\"wp-image-26\" title=\"\" srcset=\"https:\/\/ibomberdefense.standardof.net\/wp-content\/uploads\/sites\/5\/2020\/10\/iBomber-Defense-Level-3-North-West-Africa-Seiged-4-800x450.jpg 800w, https:\/\/ibomberdefense.standardof.net\/wp-content\/uploads\/sites\/5\/2020\/10\/iBomber-Defense-Level-3-North-West-Africa-Seiged-4-512x288.jpg 512w, https:\/\/ibomberdefense.standardof.net\/wp-content\/uploads\/sites\/5\/2020\/10\/iBomber-Defense-Level-3-North-West-Africa-Seiged-4-200x113.jpg 200w, https:\/\/ibomberdefense.standardof.net\/wp-content\/uploads\/sites\/5\/2020\/10\/iBomber-Defense-Level-3-North-West-Africa-Seiged-4-768x432.jpg 768w, https:\/\/ibomberdefense.standardof.net\/wp-content\/uploads\/sites\/5\/2020\/10\/iBomber-Defense-Level-3-North-West-Africa-Seiged-4-16x9.jpg 16w, https:\/\/ibomberdefense.standardof.net\/wp-content\/uploads\/sites\/5\/2020\/10\/iBomber-Defense-Level-3-North-West-Africa-Seiged-4.jpg 1280w\" sizes=\"(max-width: 800px) 100vw, 800px\" \/><\/a><figcaption class=\"blocks-gallery-item__caption\">Platzierung des Revolvers der Welle 30.<\/figcaption><\/figure><\/li><\/ul><\/figure>\n\n\n\n<h3 class=\"wp-block-heading\"><strong>Siegpunktausgaben<\/strong><\/h3>\n\n\n\n<p>Die zwei Siegpunkte, die ich in meinem Durchspielen dieser Mission erreicht habe, wurden f\u00fcr das Freischalten von Kommunikationst\u00fcrmen auf Stufe 1 und die Reparatur auf Stufe 1 ausgegeben, wodurch die Kosten f\u00fcr die Reparatur von T\u00fcrmen w\u00e4hrend des Spiels gesenkt wurden. Der Kommunikationsturm erh\u00f6ht die Reichweite und Feuerkraft der T\u00fcrme in der N\u00e4he und erm\u00f6glicht es Ihnen, w\u00e4hrend des Levels Zinsen mit gespartem Geld zu sammeln.<\/p>\n\n\n\n<p>Stufen der derzeit freigeschalteten Gegenst\u00e4nde:<br>Maschinengewehr 3, Kanone 3, Luftabwehr 2, Sabotage 1, Kommunikation 1, Reparatur 1<\/p>\n\n\n\n<hr class=\"wp-block-separator\"\/>\n\n\n\n<h4 class=\"has-text-align-center wp-block-heading\">Videoanleitung<\/h4>\n\n\n\n<figure class=\"wp-block-embed-youtube wp-block-embed is-type-video is-provider-youtube wp-embed-aspect-16-9 wp-has-aspect-ratio wp-embed-aspect-4-3\"><div class=\"wp-block-embed__wrapper\">\n<div class=\"ast-oembed-container\" style=\"height: 100%;\"><iframe title=\"iBomber Defense - Nordwestafrika - Seiged - Veteran + Perfekt\" width=\"500\" height=\"281\" src=\"https:\/\/www.youtube.com\/embed\/qSDFBieAOa0?feature=oembed\" frameborder=\"0\" allow=\"accelerometer; autoplay; clipboard-write; encrypted-media; gyroscope; picture-in-picture; web-share\" referrerpolicy=\"strict-origin-when-cross-origin\" allowfullscreen><\/iframe><\/div>\n<\/div><\/figure>","protected":false},"excerpt":{"rendered":"<p>North West Africa takes us back to facing ground units only in the third level of the Allied campaign in iBomber Defense. In this desert level featuring several plateaus that cannot be built on we will face 30 waves coming from two paths converging quickly to one from the west. Avoid building turrets near or [&hellip;]<\/p>","protected":false},"author":1,"featured_media":26,"parent":266,"menu_order":3,"comment_status":"open","ping_status":"closed","template":"","meta":{"_uag_custom_page_level_css":"","site-sidebar-layout":"default","site-content-layout":"default","ast-site-content-layout":"","site-content-style":"default","site-sidebar-style":"default","ast-global-header-display":"","ast-banner-title-visibility":"","ast-main-header-display":"","ast-hfb-above-header-display":"","ast-hfb-below-header-display":"","ast-hfb-mobile-header-display":"","site-post-title":"","ast-breadcrumbs-content":"","ast-featured-img":"","footer-sml-layout":"","theme-transparent-header-meta":"default","adv-header-id-meta":"","stick-header-meta":"","header-above-stick-meta":"","header-main-stick-meta":"","header-below-stick-meta":"","astra-migrate-meta-layouts":"default","ast-page-background-enabled":"default","ast-page-background-meta":{"desktop":{"background-color":"","background-image":"","background-repeat":"repeat","background-position":"center center","background-size":"auto","background-attachment":"scroll","background-type":"","background-media":"","overlay-type":"","overlay-color":"","overlay-gradient":""},"tablet":{"background-color":"","background-image":"","background-repeat":"repeat","background-position":"center center","background-size":"auto","background-attachment":"scroll","background-type":"","background-media":"","overlay-type":"","overlay-color":"","overlay-gradient":""},"mobile":{"background-color":"","background-image":"","background-repeat":"repeat","background-position":"center center","background-size":"auto","background-attachment":"scroll","background-type":"","background-media":"","overlay-type":"","overlay-color":"","overlay-gradient":""}},"ast-content-background-meta":{"desktop":{"background-color":"var(--ast-global-color-5)","background-image":"","background-repeat":"repeat","background-position":"center center","background-size":"auto","background-attachment":"scroll","background-type":"","background-media":"","overlay-type":"","overlay-color":"","overlay-gradient":""},"tablet":{"background-color":"var(--ast-global-color-5)","background-image":"","background-repeat":"repeat","background-position":"center center","background-size":"auto","background-attachment":"scroll","background-type":"","background-media":"","overlay-type":"","overlay-color":"","overlay-gradient":""},"mobile":{"background-color":"var(--ast-global-color-5)","background-image":"","background-repeat":"repeat","background-position":"center center","background-size":"auto","background-attachment":"scroll","background-type":"","background-media":"","overlay-type":"","overlay-color":"","overlay-gradient":""}},"footnotes":""},"uagb_featured_image_src":{"full":["https:\/\/ibomberdefense.standardof.net\/wp-content\/uploads\/sites\/5\/2020\/10\/iBomber-Defense-Level-3-North-West-Africa-Seiged-4.jpg",1280,720,false],"thumbnail":["https:\/\/ibomberdefense.standardof.net\/wp-content\/uploads\/sites\/5\/2020\/10\/iBomber-Defense-Level-3-North-West-Africa-Seiged-4-200x113.jpg",200,113,true],"medium":["https:\/\/ibomberdefense.standardof.net\/wp-content\/uploads\/sites\/5\/2020\/10\/iBomber-Defense-Level-3-North-West-Africa-Seiged-4-512x288.jpg",512,288,true],"medium_large":["https:\/\/ibomberdefense.standardof.net\/wp-content\/uploads\/sites\/5\/2020\/10\/iBomber-Defense-Level-3-North-West-Africa-Seiged-4-768x432.jpg",768,432,true],"large":["https:\/\/ibomberdefense.standardof.net\/wp-content\/uploads\/sites\/5\/2020\/10\/iBomber-Defense-Level-3-North-West-Africa-Seiged-4-800x450.jpg",800,450,true],"1536x1536":["https:\/\/ibomberdefense.standardof.net\/wp-content\/uploads\/sites\/5\/2020\/10\/iBomber-Defense-Level-3-North-West-Africa-Seiged-4.jpg",1280,720,false],"2048x2048":["https:\/\/ibomberdefense.standardof.net\/wp-content\/uploads\/sites\/5\/2020\/10\/iBomber-Defense-Level-3-North-West-Africa-Seiged-4.jpg",1280,720,false],"trp-custom-language-flag":["https:\/\/ibomberdefense.standardof.net\/wp-content\/uploads\/sites\/5\/2020\/10\/iBomber-Defense-Level-3-North-West-Africa-Seiged-4-16x9.jpg",16,9,true]},"uagb_author_info":{"display_name":"SOE","author_link":"https:\/\/ibomberdefense.standardof.net\/de\/author\/k-tastic\/"},"uagb_comment_info":0,"uagb_excerpt":"North West Africa takes us back to facing ground units only in the third level of the Allied campaign in iBomber Defense. In this desert level featuring several plateaus that cannot be built on we will face 30 waves coming from two paths converging quickly to one from the west. Avoid building turrets near or&hellip;","_links":{"self":[{"href":"https:\/\/ibomberdefense.standardof.net\/de\/wp-json\/wp\/v2\/pages\/276"}],"collection":[{"href":"https:\/\/ibomberdefense.standardof.net\/de\/wp-json\/wp\/v2\/pages"}],"about":[{"href":"https:\/\/ibomberdefense.standardof.net\/de\/wp-json\/wp\/v2\/types\/page"}],"author":[{"embeddable":true,"href":"https:\/\/ibomberdefense.standardof.net\/de\/wp-json\/wp\/v2\/users\/1"}],"replies":[{"embeddable":true,"href":"https:\/\/ibomberdefense.standardof.net\/de\/wp-json\/wp\/v2\/comments?post=276"}],"version-history":[{"count":0,"href":"https:\/\/ibomberdefense.standardof.net\/de\/wp-json\/wp\/v2\/pages\/276\/revisions"}],"up":[{"embeddable":true,"href":"https:\/\/ibomberdefense.standardof.net\/de\/wp-json\/wp\/v2\/pages\/266"}],"wp:featuredmedia":[{"embeddable":true,"href":"https:\/\/ibomberdefense.standardof.net\/de\/wp-json\/wp\/v2\/media\/26"}],"wp:attachment":[{"href":"https:\/\/ibomberdefense.standardof.net\/de\/wp-json\/wp\/v2\/media?parent=276"}],"curies":[{"name":"wp","href":"https:\/\/api.w.org\/{rel}","templated":true}]}}