{"id":283,"date":"2020-10-19T06:06:58","date_gmt":"2020-10-19T06:06:58","guid":{"rendered":"https:\/\/ibomberdefense.standardof.net\/?page_id=283"},"modified":"2020-10-19T08:05:59","modified_gmt":"2020-10-19T08:05:59","slug":"4-north-west-africa-counterattack","status":"publish","type":"page","link":"https:\/\/ibomberdefense.standardof.net\/de\/guide\/alliierte-kampagne\/4-nordwest-afrika-gegenangriff\/","title":{"rendered":"4. Nordwestafrika: Gegenangriff"},"content":{"rendered":"<div class=\"wp-block-image\"><figure class=\"aligncenter size-large\"><a href=\"https:\/\/ibomberdefense.standardof.net\/de\/guide\/alliierte-kampagne\/4-nordwest-afrika-gegenangriff\/ibomber-defense-level-4-north-west-africa-counterattack-1\/\"><img decoding=\"async\" width=\"800\" height=\"450\" src=\"https:\/\/ibomberdefense.standardof.net\/wp-content\/uploads\/sites\/5\/2020\/10\/iBomber-Defense-Level-4-North-West-Africa-Counterattack-1-800x450.jpg\" alt=\"&quot;iBomber Defense&quot; - Level 4 - Nordwestafrika: Gegenangriff (1)\" class=\"wp-image-27\" title=\"\" srcset=\"https:\/\/ibomberdefense.standardof.net\/wp-content\/uploads\/sites\/5\/2020\/10\/iBomber-Defense-Level-4-North-West-Africa-Counterattack-1-800x450.jpg 800w, https:\/\/ibomberdefense.standardof.net\/wp-content\/uploads\/sites\/5\/2020\/10\/iBomber-Defense-Level-4-North-West-Africa-Counterattack-1-512x288.jpg 512w, https:\/\/ibomberdefense.standardof.net\/wp-content\/uploads\/sites\/5\/2020\/10\/iBomber-Defense-Level-4-North-West-Africa-Counterattack-1-200x113.jpg 200w, https:\/\/ibomberdefense.standardof.net\/wp-content\/uploads\/sites\/5\/2020\/10\/iBomber-Defense-Level-4-North-West-Africa-Counterattack-1-768x432.jpg 768w, https:\/\/ibomberdefense.standardof.net\/wp-content\/uploads\/sites\/5\/2020\/10\/iBomber-Defense-Level-4-North-West-Africa-Counterattack-1-16x9.jpg 16w, https:\/\/ibomberdefense.standardof.net\/wp-content\/uploads\/sites\/5\/2020\/10\/iBomber-Defense-Level-4-North-West-Africa-Counterattack-1.jpg 1280w\" sizes=\"(max-width: 800px) 100vw, 800px\" \/><\/a><figcaption>Reisewege feindlicher Einheiten im Gegenangriffsniveau Nordwestafrikas.<\/figcaption><\/figure><\/div>\n\n\n\n<p>Bei dieser Gegenangriffs-Bonusmission ist es an der Zeit, zum vorherigen Level, Nordwestafrika, zur\u00fcckzukehren und dort weiterzumachen, wo wir f\u00fcr weitere 20 Wellen aufgeh\u00f6rt haben. Wenn Sie erreichen, ohne Leben zu verlieren, erhalten Sie 3 Siegpunkte. Da es sich bei dieser Mission um eine Bonusmission handelt, m\u00fcssen Sie sie nicht bestehen, um mit der Kampagne fortzufahren. Es ist jedoch durchaus m\u00f6glich, hier auch bei Veteranen eine perfekte Mission zu verdienen.<\/p>\n\n\n\n<p>Mit meiner Turmposition vom Ende der letzten Mission und einer deutlich aufgeblasenen Startkasse wird es Zeit, mich auf eine zus\u00e4tzliche Herausforderung vorzubereiten. Wenn die Kommunikationst\u00fcrme freigeschaltet sind, nachdem die Siegpunkte des letzten Levels ausgegeben wurden, k\u00f6nnen wir auch die Reichweite des Turms, die Feuerkraft und das Interesse an aufgelaufenem Geld erh\u00f6hen.<\/p>\n\n\n\n<h3 class=\"wp-block-heading\"><strong>Revolverplatzierung<\/strong><\/h3>\n\n\n\n<p>Ein Maschinengewehr-Turm wird zerst\u00f6rt, wenn die feindlichen Bomber zu Beginn der Mission auftauchen, um den neuen feindlichen Weg freizumachen. Dies kann leicht ausgeglichen werden, indem ein paar Maschinengewehre und ein Sabotage-Turm entlang des schwachen Pfades platziert werden, w\u00e4hrend weiterhin T\u00fcrme in dem Patch angesammelt werden, der zuvor in der N\u00e4he der Heimatbasis aufgebaut wurde.<\/p>\n\n\n\n<p>Es ist eine weitere immense Hilfe, mehr Kanonen auf Stufe 3 zu bringen und mindestens einen Kommunikationsturm zu verwenden, um die Reichweite und Kraft so vieler anderer Waffen wie m\u00f6glich zu erh\u00f6hen, da wir mit dieser Platzierung immer noch alle Pfade mit einer Gruppe von Waffen abdecken k\u00f6nnen. Es gibt noch keine Lufteinheiten auf dieser Ebene, daher ist Anti Air kein Problem.<\/p>\n\n\n\n<figure class=\"wp-block-gallery columns-2 is-cropped wp-block-gallery-1 is-layout-flex wp-block-gallery-is-layout-flex\"><ul class=\"blocks-gallery-grid\"><li class=\"blocks-gallery-item\"><figure><a href=\"https:\/\/ibomberdefense.standardof.net\/de\/guide\/alliierte-kampagne\/4-nordwest-afrika-gegenangriff\/ibomber-defense-level-4-north-west-africa-counterattack-2\/\"><img decoding=\"async\" width=\"800\" height=\"450\" src=\"https:\/\/ibomberdefense.standardof.net\/wp-content\/uploads\/sites\/5\/2020\/10\/iBomber-Defense-Level-4-North-West-Africa-Counterattack-2-800x450.jpg\" alt=\"&quot;iBomber Defense&quot; - Level 4 - Nordwestafrika: Gegenangriff (2)\" data-id=\"28\" data-full-url=\"https:\/\/ibomberdefense.standardof.net\/wp-content\/uploads\/sites\/5\/2020\/10\/iBomber-Defense-Level-4-North-West-Africa-Counterattack-2.jpg\" data-link=\"https:\/\/ibomberdefense.standardof.net\/guide\/allied-campaign\/4-north-west-africa-counterattack\/ibomber-defense-level-4-north-west-africa-counterattack-2\/\" class=\"wp-image-28\" title=\"\" srcset=\"https:\/\/ibomberdefense.standardof.net\/wp-content\/uploads\/sites\/5\/2020\/10\/iBomber-Defense-Level-4-North-West-Africa-Counterattack-2-800x450.jpg 800w, https:\/\/ibomberdefense.standardof.net\/wp-content\/uploads\/sites\/5\/2020\/10\/iBomber-Defense-Level-4-North-West-Africa-Counterattack-2-512x288.jpg 512w, https:\/\/ibomberdefense.standardof.net\/wp-content\/uploads\/sites\/5\/2020\/10\/iBomber-Defense-Level-4-North-West-Africa-Counterattack-2-200x113.jpg 200w, https:\/\/ibomberdefense.standardof.net\/wp-content\/uploads\/sites\/5\/2020\/10\/iBomber-Defense-Level-4-North-West-Africa-Counterattack-2-768x432.jpg 768w, https:\/\/ibomberdefense.standardof.net\/wp-content\/uploads\/sites\/5\/2020\/10\/iBomber-Defense-Level-4-North-West-Africa-Counterattack-2-16x9.jpg 16w, https:\/\/ibomberdefense.standardof.net\/wp-content\/uploads\/sites\/5\/2020\/10\/iBomber-Defense-Level-4-North-West-Africa-Counterattack-2.jpg 1280w\" sizes=\"(max-width: 800px) 100vw, 800px\" \/><\/a><figcaption class=\"blocks-gallery-item__caption\">Platzierung des Revolvers der Welle 10.<\/figcaption><\/figure><\/li><li class=\"blocks-gallery-item\"><figure><a href=\"https:\/\/ibomberdefense.standardof.net\/de\/guide\/alliierte-kampagne\/4-nordwest-afrika-gegenangriff\/ibomber-defense-level-4-north-west-africa-counterattack-3\/\"><img decoding=\"async\" width=\"800\" height=\"450\" src=\"https:\/\/ibomberdefense.standardof.net\/wp-content\/uploads\/sites\/5\/2020\/10\/iBomber-Defense-Level-4-North-West-Africa-Counterattack-3-800x450.jpg\" alt=\"&quot;iBomber Defense&quot; - Level 4 - Nordwestafrika: Gegenangriff (3)\" data-id=\"29\" data-full-url=\"https:\/\/ibomberdefense.standardof.net\/wp-content\/uploads\/sites\/5\/2020\/10\/iBomber-Defense-Level-4-North-West-Africa-Counterattack-3.jpg\" data-link=\"https:\/\/ibomberdefense.standardof.net\/guide\/allied-campaign\/4-north-west-africa-counterattack\/ibomber-defense-level-4-north-west-africa-counterattack-3\/\" class=\"wp-image-29\" title=\"\" srcset=\"https:\/\/ibomberdefense.standardof.net\/wp-content\/uploads\/sites\/5\/2020\/10\/iBomber-Defense-Level-4-North-West-Africa-Counterattack-3-800x450.jpg 800w, https:\/\/ibomberdefense.standardof.net\/wp-content\/uploads\/sites\/5\/2020\/10\/iBomber-Defense-Level-4-North-West-Africa-Counterattack-3-512x288.jpg 512w, https:\/\/ibomberdefense.standardof.net\/wp-content\/uploads\/sites\/5\/2020\/10\/iBomber-Defense-Level-4-North-West-Africa-Counterattack-3-200x113.jpg 200w, https:\/\/ibomberdefense.standardof.net\/wp-content\/uploads\/sites\/5\/2020\/10\/iBomber-Defense-Level-4-North-West-Africa-Counterattack-3-768x432.jpg 768w, https:\/\/ibomberdefense.standardof.net\/wp-content\/uploads\/sites\/5\/2020\/10\/iBomber-Defense-Level-4-North-West-Africa-Counterattack-3-16x9.jpg 16w, https:\/\/ibomberdefense.standardof.net\/wp-content\/uploads\/sites\/5\/2020\/10\/iBomber-Defense-Level-4-North-West-Africa-Counterattack-3.jpg 1280w\" sizes=\"(max-width: 800px) 100vw, 800px\" \/><\/a><figcaption class=\"blocks-gallery-item__caption\">Platzierung des Revolvers der Welle 20.<\/figcaption><\/figure><\/li><\/ul><\/figure>\n\n\n\n<h3 class=\"wp-block-heading\"><strong>Siegpunktausgaben<\/strong><\/h3>\n\n\n\n<p>Mit den 3 Siegpunkten, die f\u00fcr den perfekten Abschluss dieser Mission vergeben wurden, habe ich mich entschieden, zwei dieser Punkte in das Kauf-Upgrade zu stecken, um den Wiederverkaufswert zu erh\u00f6hen und eine gr\u00f6\u00dfere Startkasse bereitzustellen. Der dritte Punkt geht in den Kommunikationsturm, um die zweite Ebene freizuschalten.<\/p>\n\n\n\n<p>Stufen der derzeit freigeschalteten Gegenst\u00e4nde:<br>Maschinengewehr 3, Kanone 3, Luftabwehr 2, Sabotage 1, Kommunikation 2, Kauf 2, Reparatur 1<\/p>\n\n\n\n<hr class=\"wp-block-separator\"\/>\n\n\n\n<h4 class=\"has-text-align-center wp-block-heading\">Videoanleitung<\/h4>\n\n\n\n<figure class=\"wp-block-embed-youtube wp-block-embed is-type-video is-provider-youtube wp-embed-aspect-16-9 wp-has-aspect-ratio\"><div class=\"wp-block-embed__wrapper\">\n<div class=\"ast-oembed-container\" style=\"height: 100%;\"><iframe title=\"iBomber Defense - Gegenangriff in Nordwestafrika - Veteran + Perfekt\" width=\"500\" height=\"281\" src=\"https:\/\/www.youtube.com\/embed\/ASmemkYsZQs?feature=oembed\" frameborder=\"0\" allow=\"accelerometer; autoplay; clipboard-write; encrypted-media; gyroscope; picture-in-picture; web-share\" referrerpolicy=\"strict-origin-when-cross-origin\" allowfullscreen><\/iframe><\/div>\n<\/div><\/figure>","protected":false},"excerpt":{"rendered":"<p>In this counterattack bonus mission it is time to go back to the previous level, North West Africa, picking up where we left off for another 20 waves, which if you reach without losing any lives you will be awarded 3 victory points. Since this mission is a bonus one, you do not have to [&hellip;]<\/p>","protected":false},"author":1,"featured_media":29,"parent":266,"menu_order":4,"comment_status":"open","ping_status":"closed","template":"","meta":{"_uag_custom_page_level_css":"","site-sidebar-layout":"default","site-content-layout":"default","ast-site-content-layout":"","site-content-style":"default","site-sidebar-style":"default","ast-global-header-display":"","ast-banner-title-visibility":"","ast-main-header-display":"","ast-hfb-above-header-display":"","ast-hfb-below-header-display":"","ast-hfb-mobile-header-display":"","site-post-title":"","ast-breadcrumbs-content":"","ast-featured-img":"","footer-sml-layout":"","theme-transparent-header-meta":"default","adv-header-id-meta":"","stick-header-meta":"","header-above-stick-meta":"","header-main-stick-meta":"","header-below-stick-meta":"","astra-migrate-meta-layouts":"default","ast-page-background-enabled":"default","ast-page-background-meta":{"desktop":{"background-color":"","background-image":"","background-repeat":"repeat","background-position":"center center","background-size":"auto","background-attachment":"scroll","background-type":"","background-media":"","overlay-type":"","overlay-color":"","overlay-gradient":""},"tablet":{"background-color":"","background-image":"","background-repeat":"repeat","background-position":"center center","background-size":"auto","background-attachment":"scroll","background-type":"","background-media":"","overlay-type":"","overlay-color":"","overlay-gradient":""},"mobile":{"background-color":"","background-image":"","background-repeat":"repeat","background-position":"center center","background-size":"auto","background-attachment":"scroll","background-type":"","background-media":"","overlay-type":"","overlay-color":"","overlay-gradient":""}},"ast-content-background-meta":{"desktop":{"background-color":"var(--ast-global-color-5)","background-image":"","background-repeat":"repeat","background-position":"center center","background-size":"auto","background-attachment":"scroll","background-type":"","background-media":"","overlay-type":"","overlay-color":"","overlay-gradient":""},"tablet":{"background-color":"var(--ast-global-color-5)","background-image":"","background-repeat":"repeat","background-position":"center center","background-size":"auto","background-attachment":"scroll","background-type":"","background-media":"","overlay-type":"","overlay-color":"","overlay-gradient":""},"mobile":{"background-color":"var(--ast-global-color-5)","background-image":"","background-repeat":"repeat","background-position":"center center","background-size":"auto","background-attachment":"scroll","background-type":"","background-media":"","overlay-type":"","overlay-color":"","overlay-gradient":""}},"footnotes":""},"uagb_featured_image_src":{"full":["https:\/\/ibomberdefense.standardof.net\/wp-content\/uploads\/sites\/5\/2020\/10\/iBomber-Defense-Level-4-North-West-Africa-Counterattack-3.jpg",1280,720,false],"thumbnail":["https:\/\/ibomberdefense.standardof.net\/wp-content\/uploads\/sites\/5\/2020\/10\/iBomber-Defense-Level-4-North-West-Africa-Counterattack-3-200x113.jpg",200,113,true],"medium":["https:\/\/ibomberdefense.standardof.net\/wp-content\/uploads\/sites\/5\/2020\/10\/iBomber-Defense-Level-4-North-West-Africa-Counterattack-3-512x288.jpg",512,288,true],"medium_large":["https:\/\/ibomberdefense.standardof.net\/wp-content\/uploads\/sites\/5\/2020\/10\/iBomber-Defense-Level-4-North-West-Africa-Counterattack-3-768x432.jpg",768,432,true],"large":["https:\/\/ibomberdefense.standardof.net\/wp-content\/uploads\/sites\/5\/2020\/10\/iBomber-Defense-Level-4-North-West-Africa-Counterattack-3-800x450.jpg",800,450,true],"1536x1536":["https:\/\/ibomberdefense.standardof.net\/wp-content\/uploads\/sites\/5\/2020\/10\/iBomber-Defense-Level-4-North-West-Africa-Counterattack-3.jpg",1280,720,false],"2048x2048":["https:\/\/ibomberdefense.standardof.net\/wp-content\/uploads\/sites\/5\/2020\/10\/iBomber-Defense-Level-4-North-West-Africa-Counterattack-3.jpg",1280,720,false],"trp-custom-language-flag":["https:\/\/ibomberdefense.standardof.net\/wp-content\/uploads\/sites\/5\/2020\/10\/iBomber-Defense-Level-4-North-West-Africa-Counterattack-3-16x9.jpg",16,9,true]},"uagb_author_info":{"display_name":"SOE","author_link":"https:\/\/ibomberdefense.standardof.net\/de\/author\/k-tastic\/"},"uagb_comment_info":0,"uagb_excerpt":"In this counterattack bonus mission it is time to go back to the previous level, North West Africa, picking up where we left off for another 20 waves, which if you reach without losing any lives you will be awarded 3 victory points. Since this mission is a bonus one, you do not have to&hellip;","_links":{"self":[{"href":"https:\/\/ibomberdefense.standardof.net\/de\/wp-json\/wp\/v2\/pages\/283"}],"collection":[{"href":"https:\/\/ibomberdefense.standardof.net\/de\/wp-json\/wp\/v2\/pages"}],"about":[{"href":"https:\/\/ibomberdefense.standardof.net\/de\/wp-json\/wp\/v2\/types\/page"}],"author":[{"embeddable":true,"href":"https:\/\/ibomberdefense.standardof.net\/de\/wp-json\/wp\/v2\/users\/1"}],"replies":[{"embeddable":true,"href":"https:\/\/ibomberdefense.standardof.net\/de\/wp-json\/wp\/v2\/comments?post=283"}],"version-history":[{"count":0,"href":"https:\/\/ibomberdefense.standardof.net\/de\/wp-json\/wp\/v2\/pages\/283\/revisions"}],"up":[{"embeddable":true,"href":"https:\/\/ibomberdefense.standardof.net\/de\/wp-json\/wp\/v2\/pages\/266"}],"wp:featuredmedia":[{"embeddable":true,"href":"https:\/\/ibomberdefense.standardof.net\/de\/wp-json\/wp\/v2\/media\/29"}],"wp:attachment":[{"href":"https:\/\/ibomberdefense.standardof.net\/de\/wp-json\/wp\/v2\/media?parent=283"}],"curies":[{"name":"wp","href":"https:\/\/api.w.org\/{rel}","templated":true}]}}