{"id":284,"date":"2020-10-19T06:07:15","date_gmt":"2020-10-19T06:07:15","guid":{"rendered":"https:\/\/ibomberdefense.standardof.net\/?page_id=284"},"modified":"2020-10-19T08:06:04","modified_gmt":"2020-10-19T08:06:04","slug":"5-north-east-africa-red-scorpion","status":"publish","type":"page","link":"https:\/\/ibomberdefense.standardof.net\/de\/guide\/alliierte-kampagne\/5-nordost-afrika-rot-skorpion\/","title":{"rendered":"5. Nordostafrika: Roter Skorpion"},"content":{"rendered":"<div class=\"wp-block-image\"><figure class=\"aligncenter size-large\"><a href=\"https:\/\/ibomberdefense.standardof.net\/de\/guide\/alliierte-kampagne\/5-nordost-afrika-rot-skorpion\/ibomber-defense-level-5-north-east-africa-red-scorpion-1\/\"><img decoding=\"async\" width=\"800\" height=\"450\" src=\"https:\/\/ibomberdefense.standardof.net\/wp-content\/uploads\/sites\/5\/2020\/10\/iBomber-Defense-Level-5-North-East-Africa-Red-Scorpion-1-800x450.jpg\" alt=\"&quot;iBomber Defense&quot; - Level 5 - Nordostafrika: Roter Skorpion (1)\" class=\"wp-image-30\" title=\"\" srcset=\"https:\/\/ibomberdefense.standardof.net\/wp-content\/uploads\/sites\/5\/2020\/10\/iBomber-Defense-Level-5-North-East-Africa-Red-Scorpion-1-800x450.jpg 800w, https:\/\/ibomberdefense.standardof.net\/wp-content\/uploads\/sites\/5\/2020\/10\/iBomber-Defense-Level-5-North-East-Africa-Red-Scorpion-1-512x288.jpg 512w, https:\/\/ibomberdefense.standardof.net\/wp-content\/uploads\/sites\/5\/2020\/10\/iBomber-Defense-Level-5-North-East-Africa-Red-Scorpion-1-200x113.jpg 200w, https:\/\/ibomberdefense.standardof.net\/wp-content\/uploads\/sites\/5\/2020\/10\/iBomber-Defense-Level-5-North-East-Africa-Red-Scorpion-1-768x432.jpg 768w, https:\/\/ibomberdefense.standardof.net\/wp-content\/uploads\/sites\/5\/2020\/10\/iBomber-Defense-Level-5-North-East-Africa-Red-Scorpion-1-16x9.jpg 16w, https:\/\/ibomberdefense.standardof.net\/wp-content\/uploads\/sites\/5\/2020\/10\/iBomber-Defense-Level-5-North-East-Africa-Red-Scorpion-1.jpg 1280w\" sizes=\"(max-width: 800px) 100vw, 800px\" \/><\/a><figcaption>Routen feindlicher Einheiten in Nordostafrika. Gr\u00fcne und gelbe Pfade sind Bodeneinheiten, schwarze Linie sind Lufteinheiten.<\/figcaption><\/figure><\/div>\n\n\n\n<p>Jetzt waren wir wieder in der W\u00fcste, aber an einem neuen Ort, Nordostafrika mit Blick auf drei verschiedene Pfade von Bodeneinheiten, die sich zwischen einer Reihe von Hochebenen bewegen, auf denen wir aufbauen k\u00f6nnen, um die Reichweite zu erh\u00f6hen, wobei die erste Gruppe von Lufteinheiten bisher nach unten f\u00e4hrt das Zentrum der Karte.<\/p>\n\n\n\n<p>Der beste Ort, um sich auf den Aufbau Ihrer Waffen zu konzentrieren, sind diese Hochebenen, die sich in der Mitte der Karte befinden. Da sich die Stra\u00dfen zwischen diesem erh\u00f6hten Boden schl\u00e4ngeln und um diesen herum zusammenlaufen, haben T\u00fcrme, die entlang dieses Bereichs platziert sind, ein ausgezeichnetes Feuerfeld, um die gro\u00dfe Mehrheit der Einheiten zu treffen, die auf Ihre Basis zukommen.<\/p>\n\n\n\n<h3 class=\"wp-block-heading\"><strong>Revolverplatzierung<\/strong><\/h3>\n\n\n\n<p>Beginnen Sie mit dem Platzieren eines Paares Maschinengewehrt\u00fcrme, bei denen die Pfade in die letzte einzelne Stra\u00dfe zur Basis hin auf dem Plateau direkt nordwestlich der Basis zusammenlaufen. Beginnen Sie mit dem Speichern, damit Comms-T\u00fcrme auf diesem Plateau platziert werden k\u00f6nnen, und bauen Sie dann mit Kanonen und einem anderen Maschinengewehr weiter darauf auf, damit mehrere T\u00fcrme den Konvergenzbereich \u00fcberlappen, insbesondere angesichts der Erh\u00f6hung der H\u00f6he und der Kommunikationsreichweite.<\/p>\n\n\n\n<p>Airwaves werden zum ersten Mal im Spiel bei Welle 20 angezeigt. Stellen Sie daher sicher, dass Sie bis dahin einige Anti-Air-T\u00fcrme haben, und platzieren Sie sie in der Mitte der Karte, um die beste Abdeckung auf dem Weg der Lufteinheit zu erzielen. Sobald das erste Plateau gut bewaffnet ist, k\u00f6nnen Sie daran arbeiten, die anderen 3 zentralen Plateaus zu erweitern, w\u00e4hrend Sie jedem Comms hinzuf\u00fcgen, um sich ein leistungsf\u00e4higes Verteidigungsnetzwerk zu schaffen.<\/p>\n\n\n\n<figure class=\"wp-block-gallery columns-2 is-cropped wp-block-gallery-1 is-layout-flex wp-block-gallery-is-layout-flex\"><ul class=\"blocks-gallery-grid\"><li class=\"blocks-gallery-item\"><figure><a href=\"https:\/\/ibomberdefense.standardof.net\/de\/guide\/alliierte-kampagne\/5-nordost-afrika-rot-skorpion\/ibomber-defense-level-5-north-east-africa-red-scorpion-2\/\"><img decoding=\"async\" width=\"800\" height=\"450\" src=\"https:\/\/ibomberdefense.standardof.net\/wp-content\/uploads\/sites\/5\/2020\/10\/iBomber-Defense-Level-5-North-East-Africa-Red-Scorpion-2-800x450.jpg\" alt=\"&quot;iBomber Defense&quot; - Level 5 - Nordostafrika: Roter Skorpion (2)\" data-id=\"31\" data-full-url=\"https:\/\/ibomberdefense.standardof.net\/wp-content\/uploads\/sites\/5\/2020\/10\/iBomber-Defense-Level-5-North-East-Africa-Red-Scorpion-2.jpg\" data-link=\"https:\/\/ibomberdefense.standardof.net\/guide\/allied-campaign\/5-north-east-africa-red-scorpion\/ibomber-defense-level-5-north-east-africa-red-scorpion-2\/\" class=\"wp-image-31\" title=\"\" srcset=\"https:\/\/ibomberdefense.standardof.net\/wp-content\/uploads\/sites\/5\/2020\/10\/iBomber-Defense-Level-5-North-East-Africa-Red-Scorpion-2-800x450.jpg 800w, https:\/\/ibomberdefense.standardof.net\/wp-content\/uploads\/sites\/5\/2020\/10\/iBomber-Defense-Level-5-North-East-Africa-Red-Scorpion-2-512x288.jpg 512w, https:\/\/ibomberdefense.standardof.net\/wp-content\/uploads\/sites\/5\/2020\/10\/iBomber-Defense-Level-5-North-East-Africa-Red-Scorpion-2-200x113.jpg 200w, https:\/\/ibomberdefense.standardof.net\/wp-content\/uploads\/sites\/5\/2020\/10\/iBomber-Defense-Level-5-North-East-Africa-Red-Scorpion-2-768x432.jpg 768w, https:\/\/ibomberdefense.standardof.net\/wp-content\/uploads\/sites\/5\/2020\/10\/iBomber-Defense-Level-5-North-East-Africa-Red-Scorpion-2-16x9.jpg 16w, https:\/\/ibomberdefense.standardof.net\/wp-content\/uploads\/sites\/5\/2020\/10\/iBomber-Defense-Level-5-North-East-Africa-Red-Scorpion-2.jpg 1280w\" sizes=\"(max-width: 800px) 100vw, 800px\" \/><\/a><figcaption class=\"blocks-gallery-item__caption\">Platzierung des Revolvers der Welle 10.<\/figcaption><\/figure><\/li><li class=\"blocks-gallery-item\"><figure><a href=\"https:\/\/ibomberdefense.standardof.net\/de\/guide\/alliierte-kampagne\/5-nordost-afrika-rot-skorpion\/ibomber-defense-level-5-north-east-africa-red-scorpion-3\/\"><img decoding=\"async\" width=\"800\" height=\"450\" src=\"https:\/\/ibomberdefense.standardof.net\/wp-content\/uploads\/sites\/5\/2020\/10\/iBomber-Defense-Level-5-North-East-Africa-Red-Scorpion-3-800x450.jpg\" alt=\"&quot;iBomber Defense&quot; - Level 5 - Nordostafrika: Roter Skorpion (3)\" data-id=\"32\" data-full-url=\"https:\/\/ibomberdefense.standardof.net\/wp-content\/uploads\/sites\/5\/2020\/10\/iBomber-Defense-Level-5-North-East-Africa-Red-Scorpion-3.jpg\" data-link=\"https:\/\/ibomberdefense.standardof.net\/guide\/allied-campaign\/5-north-east-africa-red-scorpion\/ibomber-defense-level-5-north-east-africa-red-scorpion-3\/\" class=\"wp-image-32\" title=\"\" srcset=\"https:\/\/ibomberdefense.standardof.net\/wp-content\/uploads\/sites\/5\/2020\/10\/iBomber-Defense-Level-5-North-East-Africa-Red-Scorpion-3-800x450.jpg 800w, https:\/\/ibomberdefense.standardof.net\/wp-content\/uploads\/sites\/5\/2020\/10\/iBomber-Defense-Level-5-North-East-Africa-Red-Scorpion-3-512x288.jpg 512w, https:\/\/ibomberdefense.standardof.net\/wp-content\/uploads\/sites\/5\/2020\/10\/iBomber-Defense-Level-5-North-East-Africa-Red-Scorpion-3-200x113.jpg 200w, https:\/\/ibomberdefense.standardof.net\/wp-content\/uploads\/sites\/5\/2020\/10\/iBomber-Defense-Level-5-North-East-Africa-Red-Scorpion-3-768x432.jpg 768w, https:\/\/ibomberdefense.standardof.net\/wp-content\/uploads\/sites\/5\/2020\/10\/iBomber-Defense-Level-5-North-East-Africa-Red-Scorpion-3-16x9.jpg 16w, https:\/\/ibomberdefense.standardof.net\/wp-content\/uploads\/sites\/5\/2020\/10\/iBomber-Defense-Level-5-North-East-Africa-Red-Scorpion-3.jpg 1280w\" sizes=\"(max-width: 800px) 100vw, 800px\" \/><\/a><figcaption class=\"blocks-gallery-item__caption\">Platzierung des Revolvers der Welle 20.<\/figcaption><\/figure><\/li><li class=\"blocks-gallery-item\"><figure><a href=\"https:\/\/ibomberdefense.standardof.net\/de\/guide\/alliierte-kampagne\/5-nordost-afrika-rot-skorpion\/ibomber-defense-level-5-north-east-africa-red-scorpion-4\/\"><img decoding=\"async\" width=\"800\" height=\"450\" src=\"https:\/\/ibomberdefense.standardof.net\/wp-content\/uploads\/sites\/5\/2020\/10\/iBomber-Defense-Level-5-North-East-Africa-Red-Scorpion-4-800x450.jpg\" alt=\"&quot;iBomber Defense&quot; - Level 5 - Nordostafrika: Roter Skorpion (4)\" data-id=\"33\" data-full-url=\"https:\/\/ibomberdefense.standardof.net\/wp-content\/uploads\/sites\/5\/2020\/10\/iBomber-Defense-Level-5-North-East-Africa-Red-Scorpion-4.jpg\" data-link=\"https:\/\/ibomberdefense.standardof.net\/guide\/allied-campaign\/5-north-east-africa-red-scorpion\/ibomber-defense-level-5-north-east-africa-red-scorpion-4\/\" class=\"wp-image-33\" title=\"\" srcset=\"https:\/\/ibomberdefense.standardof.net\/wp-content\/uploads\/sites\/5\/2020\/10\/iBomber-Defense-Level-5-North-East-Africa-Red-Scorpion-4-800x450.jpg 800w, https:\/\/ibomberdefense.standardof.net\/wp-content\/uploads\/sites\/5\/2020\/10\/iBomber-Defense-Level-5-North-East-Africa-Red-Scorpion-4-512x288.jpg 512w, https:\/\/ibomberdefense.standardof.net\/wp-content\/uploads\/sites\/5\/2020\/10\/iBomber-Defense-Level-5-North-East-Africa-Red-Scorpion-4-200x113.jpg 200w, https:\/\/ibomberdefense.standardof.net\/wp-content\/uploads\/sites\/5\/2020\/10\/iBomber-Defense-Level-5-North-East-Africa-Red-Scorpion-4-768x432.jpg 768w, https:\/\/ibomberdefense.standardof.net\/wp-content\/uploads\/sites\/5\/2020\/10\/iBomber-Defense-Level-5-North-East-Africa-Red-Scorpion-4-16x9.jpg 16w, https:\/\/ibomberdefense.standardof.net\/wp-content\/uploads\/sites\/5\/2020\/10\/iBomber-Defense-Level-5-North-East-Africa-Red-Scorpion-4.jpg 1280w\" sizes=\"(max-width: 800px) 100vw, 800px\" \/><\/a><figcaption class=\"blocks-gallery-item__caption\">Platzierung des Revolvers der Welle 30.<\/figcaption><\/figure><\/li><\/ul><\/figure>\n\n\n\n<h3 class=\"wp-block-heading\"><strong>Siegpunktausgaben<\/strong><\/h3>\n\n\n\n<p>Mit der Einf\u00fchrung von Lufteinheiten zu diesem Zeitpunkt im Spiel ist es am besten, einen der beiden von diesem Level gewonnenen Siegpunkte f\u00fcr den Anti-Luft-Turm auszugeben, um das dritte Level freizuschalten, da der Platz f\u00fcr sie h\u00e4ufig begrenzt ist und Upgrades des 3. Levels erforderlich sind. Als n\u00e4chstes k\u00f6nnen wir den Sabotage-Turm auf Stufe 2 aufr\u00fcsten, um ein besseres Werkzeug zu haben, mit dem wir den Feind verlangsamen k\u00f6nnen.<\/p>\n\n\n\n<p>Stufen der derzeit freigeschalteten Gegenst\u00e4nde:<br>Maschinengewehr 3, Kanone 3, Luftabwehr 3, Sabotage 2, Kommunikation 2, Kauf 2, Reparatur 1<\/p>\n\n\n\n<hr class=\"wp-block-separator\"\/>\n\n\n\n<h4 class=\"has-text-align-center wp-block-heading\">Videoanleitung<\/h4>\n\n\n\n<figure class=\"wp-block-embed-youtube wp-block-embed is-type-video is-provider-youtube wp-embed-aspect-16-9 wp-has-aspect-ratio\"><div class=\"wp-block-embed__wrapper\">\n<div class=\"ast-oembed-container\" style=\"height: 100%;\"><iframe title=\"iBomber Defense - Nordostafrika - Roter Skorpion - Veteran + Perfekt\" width=\"500\" height=\"281\" src=\"https:\/\/www.youtube.com\/embed\/3Vn9yk3Rkgc?feature=oembed\" frameborder=\"0\" allow=\"accelerometer; autoplay; clipboard-write; encrypted-media; gyroscope; picture-in-picture; web-share\" referrerpolicy=\"strict-origin-when-cross-origin\" allowfullscreen><\/iframe><\/div>\n<\/div><\/figure>","protected":false},"excerpt":{"rendered":"<p>Now were back to the desert again but in a new location, North East Africa facing 3 different paths of ground units that travel between a series of plateaus that we can build on for increased range with the first group of air units faced so far traveling down the center of the map. The [&hellip;]<\/p>","protected":false},"author":1,"featured_media":33,"parent":266,"menu_order":5,"comment_status":"open","ping_status":"closed","template":"","meta":{"_uag_custom_page_level_css":"","site-sidebar-layout":"default","site-content-layout":"default","ast-site-content-layout":"","site-content-style":"default","site-sidebar-style":"default","ast-global-header-display":"","ast-banner-title-visibility":"","ast-main-header-display":"","ast-hfb-above-header-display":"","ast-hfb-below-header-display":"","ast-hfb-mobile-header-display":"","site-post-title":"","ast-breadcrumbs-content":"","ast-featured-img":"","footer-sml-layout":"","theme-transparent-header-meta":"default","adv-header-id-meta":"","stick-header-meta":"","header-above-stick-meta":"","header-main-stick-meta":"","header-below-stick-meta":"","astra-migrate-meta-layouts":"default","ast-page-background-enabled":"default","ast-page-background-meta":{"desktop":{"background-color":"","background-image":"","background-repeat":"repeat","background-position":"center center","background-size":"auto","background-attachment":"scroll","background-type":"","background-media":"","overlay-type":"","overlay-color":"","overlay-gradient":""},"tablet":{"background-color":"","background-image":"","background-repeat":"repeat","background-position":"center center","background-size":"auto","background-attachment":"scroll","background-type":"","background-media":"","overlay-type":"","overlay-color":"","overlay-gradient":""},"mobile":{"background-color":"","background-image":"","background-repeat":"repeat","background-position":"center center","background-size":"auto","background-attachment":"scroll","background-type":"","background-media":"","overlay-type":"","overlay-color":"","overlay-gradient":""}},"ast-content-background-meta":{"desktop":{"background-color":"var(--ast-global-color-5)","background-image":"","background-repeat":"repeat","background-position":"center center","background-size":"auto","background-attachment":"scroll","background-type":"","background-media":"","overlay-type":"","overlay-color":"","overlay-gradient":""},"tablet":{"background-color":"var(--ast-global-color-5)","background-image":"","background-repeat":"repeat","background-position":"center center","background-size":"auto","background-attachment":"scroll","background-type":"","background-media":"","overlay-type":"","overlay-color":"","overlay-gradient":""},"mobile":{"background-color":"var(--ast-global-color-5)","background-image":"","background-repeat":"repeat","background-position":"center center","background-size":"auto","background-attachment":"scroll","background-type":"","background-media":"","overlay-type":"","overlay-color":"","overlay-gradient":""}},"footnotes":""},"uagb_featured_image_src":{"full":["https:\/\/ibomberdefense.standardof.net\/wp-content\/uploads\/sites\/5\/2020\/10\/iBomber-Defense-Level-5-North-East-Africa-Red-Scorpion-4.jpg",1280,720,false],"thumbnail":["https:\/\/ibomberdefense.standardof.net\/wp-content\/uploads\/sites\/5\/2020\/10\/iBomber-Defense-Level-5-North-East-Africa-Red-Scorpion-4-200x113.jpg",200,113,true],"medium":["https:\/\/ibomberdefense.standardof.net\/wp-content\/uploads\/sites\/5\/2020\/10\/iBomber-Defense-Level-5-North-East-Africa-Red-Scorpion-4-512x288.jpg",512,288,true],"medium_large":["https:\/\/ibomberdefense.standardof.net\/wp-content\/uploads\/sites\/5\/2020\/10\/iBomber-Defense-Level-5-North-East-Africa-Red-Scorpion-4-768x432.jpg",768,432,true],"large":["https:\/\/ibomberdefense.standardof.net\/wp-content\/uploads\/sites\/5\/2020\/10\/iBomber-Defense-Level-5-North-East-Africa-Red-Scorpion-4-800x450.jpg",800,450,true],"1536x1536":["https:\/\/ibomberdefense.standardof.net\/wp-content\/uploads\/sites\/5\/2020\/10\/iBomber-Defense-Level-5-North-East-Africa-Red-Scorpion-4.jpg",1280,720,false],"2048x2048":["https:\/\/ibomberdefense.standardof.net\/wp-content\/uploads\/sites\/5\/2020\/10\/iBomber-Defense-Level-5-North-East-Africa-Red-Scorpion-4.jpg",1280,720,false],"trp-custom-language-flag":["https:\/\/ibomberdefense.standardof.net\/wp-content\/uploads\/sites\/5\/2020\/10\/iBomber-Defense-Level-5-North-East-Africa-Red-Scorpion-4-16x9.jpg",16,9,true]},"uagb_author_info":{"display_name":"SOE","author_link":"https:\/\/ibomberdefense.standardof.net\/de\/author\/k-tastic\/"},"uagb_comment_info":0,"uagb_excerpt":"Now were back to the desert again but in a new location, North East Africa facing 3 different paths of ground units that travel between a series of plateaus that we can build on for increased range with the first group of air units faced so far traveling down the center of the map. The&hellip;","_links":{"self":[{"href":"https:\/\/ibomberdefense.standardof.net\/de\/wp-json\/wp\/v2\/pages\/284"}],"collection":[{"href":"https:\/\/ibomberdefense.standardof.net\/de\/wp-json\/wp\/v2\/pages"}],"about":[{"href":"https:\/\/ibomberdefense.standardof.net\/de\/wp-json\/wp\/v2\/types\/page"}],"author":[{"embeddable":true,"href":"https:\/\/ibomberdefense.standardof.net\/de\/wp-json\/wp\/v2\/users\/1"}],"replies":[{"embeddable":true,"href":"https:\/\/ibomberdefense.standardof.net\/de\/wp-json\/wp\/v2\/comments?post=284"}],"version-history":[{"count":0,"href":"https:\/\/ibomberdefense.standardof.net\/de\/wp-json\/wp\/v2\/pages\/284\/revisions"}],"up":[{"embeddable":true,"href":"https:\/\/ibomberdefense.standardof.net\/de\/wp-json\/wp\/v2\/pages\/266"}],"wp:featuredmedia":[{"embeddable":true,"href":"https:\/\/ibomberdefense.standardof.net\/de\/wp-json\/wp\/v2\/media\/33"}],"wp:attachment":[{"href":"https:\/\/ibomberdefense.standardof.net\/de\/wp-json\/wp\/v2\/media?parent=284"}],"curies":[{"name":"wp","href":"https:\/\/api.w.org\/{rel}","templated":true}]}}