{"id":285,"date":"2020-10-19T06:07:32","date_gmt":"2020-10-19T06:07:32","guid":{"rendered":"https:\/\/ibomberdefense.standardof.net\/?page_id=285"},"modified":"2020-10-19T08:06:08","modified_gmt":"2020-10-19T08:06:08","slug":"6-south-east-europe-eightball","status":"publish","type":"page","link":"https:\/\/ibomberdefense.standardof.net\/de\/guide\/alliierte-kampagne\/6-sudost-europa-achtball-2\/","title":{"rendered":"6. S\u00fcdosteuropa: Eightball"},"content":{"rendered":"<div class=\"wp-block-image\"><figure class=\"aligncenter size-large\"><a href=\"https:\/\/ibomberdefense.standardof.net\/de\/guide\/alliierte-kampagne\/6-sudost-europa-achtball-2\/ibomber-defense-level-6-south-east-europe-eightball-1\/\"><img decoding=\"async\" width=\"800\" height=\"450\" src=\"https:\/\/ibomberdefense.standardof.net\/wp-content\/uploads\/sites\/5\/2020\/10\/iBomber-Defense-Level-6-South-East-Europe-Eightball-1-800x450.jpg\" alt=\"&quot;iBomber Defense&quot; - Level 6 - S\u00fcdosteuropa: Eightball (1)\" class=\"wp-image-34\" title=\"\" srcset=\"https:\/\/ibomberdefense.standardof.net\/wp-content\/uploads\/sites\/5\/2020\/10\/iBomber-Defense-Level-6-South-East-Europe-Eightball-1-800x450.jpg 800w, https:\/\/ibomberdefense.standardof.net\/wp-content\/uploads\/sites\/5\/2020\/10\/iBomber-Defense-Level-6-South-East-Europe-Eightball-1-512x288.jpg 512w, https:\/\/ibomberdefense.standardof.net\/wp-content\/uploads\/sites\/5\/2020\/10\/iBomber-Defense-Level-6-South-East-Europe-Eightball-1-200x113.jpg 200w, https:\/\/ibomberdefense.standardof.net\/wp-content\/uploads\/sites\/5\/2020\/10\/iBomber-Defense-Level-6-South-East-Europe-Eightball-1-768x432.jpg 768w, https:\/\/ibomberdefense.standardof.net\/wp-content\/uploads\/sites\/5\/2020\/10\/iBomber-Defense-Level-6-South-East-Europe-Eightball-1-16x9.jpg 16w, https:\/\/ibomberdefense.standardof.net\/wp-content\/uploads\/sites\/5\/2020\/10\/iBomber-Defense-Level-6-South-East-Europe-Eightball-1.jpg 1280w\" sizes=\"(max-width: 800px) 100vw, 800px\" \/><\/a><figcaption>Rote und blaue Pfade kennzeichnen die Reiserouten von Bodeneinheiten, wobei Lufteinheiten den orangefarbenen Pfad in S\u00fcdosteuropa nehmen.<\/figcaption><\/figure><\/div>\n\n\n\n<p>Jetzt kehren wir in die hellgr\u00fcnen Waldgebiete zur\u00fcck und begegnen 30 Wellen von Boden- und Lufteinheiten, die sich um und \u00fcber einen nahe gelegenen See bewegen, dessen Basis sich s\u00fcd\u00f6stlich befindet. Leider konvergieren die Pfade hier sehr sp\u00e4t und bieten nur wenig Platzierungsm\u00f6glichkeiten f\u00fcr T\u00fcrme. Daher m\u00fcssen sich die Strategien hier auf zwei separate Feuerbasen konzentrieren, um jeden der Eingangspfade von Bodeneinheiten mit AA in der Mitte zu handhaben.<\/p>\n\n\n\n<p>Es gibt nur zwei Wege, die die Bodeneinheiten nehmen, wobei ein dritter f\u00fcr das Flugzeug durch die Mitte geht und sich ungef\u00e4hr zur Basis kr\u00fcmmt. Die Feuerbasen, die wir bauen werden, befinden sich auf dem s\u00fcdlichen Plateau und dem offenen Fleck zwischen Wald und See am n\u00f6rdlichen Eingang.<\/p>\n\n\n\n<h3 class=\"wp-block-heading\"><strong>Revolverplatzierung<\/strong><\/h3>\n\n\n\n<p>Bis zur Welle 10 ist es am besten, sich auf ein Paar Maschinengewehr-T\u00fcrme f\u00fcr jede der oben genannten und in den Wellenbildern rechts sichtbaren Feuerbasen zu konzentrieren. Bringe jedes Paar Maschinengewehr-Gesch\u00fctzt\u00fcrme auf Stufe 3, da sie bis zu diesem Punkt haupts\u00e4chlich leichten Einheiten zugewandt sind. Jedes Mal, wenn ein neuer Maschinengewehr-Turm hochf\u00e4hrt, sollte er ziemlich schnell auf Stufe 3 aufger\u00fcstet werden.<\/p>\n\n\n\n<p>Von den Wellen 10 bis 20 m\u00f6chten Sie sich darauf konzentrieren, an jeder Feuerbasis einen dritten Maschinengewehr-Turm zu bauen, w\u00e4hrend Sie jedem einen Kommunikationsturm hinzuf\u00fcgen, um die Reichweite zu erh\u00f6hen. Ab Stufe 15 muss ein Luftabwehr-Turm an der n\u00f6rdlichen Feuerbasis vom Rand des Pfades entfernt angebracht sein, um zu vermeiden, dass ein f\u00fcr eine andere Waffe n\u00fctzlicherer Punkt verbraucht wird. Gegen 20 k\u00f6nnen wir durch Hinzuf\u00fcgen einer Kanone mit einem dritten Kommunikationsturm direkt neben der Basis an den Konvergenzpfaden eine Sicherung gegen alles durchf\u00fchren, was durchrutscht.<\/p>\n\n\n\n<p>Die Wellen 20 bis 30 sollten sich darauf konzentrieren, die Kommunikationst\u00fcrme auf Stufe 2 zu verbessern, w\u00e4hrend beiden Feuerbasen und auf der anderen Seite des Pfades neben der Basis, an der die beiden Hauptstra\u00dfen zusammenlaufen, ein zus\u00e4tzlicher Kanonenturm hinzugef\u00fcgt wird. Wenn Sie etwas mehr Geld haben, sollte das Upgrade der Kanonen nach Stufe 1 gegen Ende erfolgen, da Kanonen der Stufe 2 hier nicht unbedingt erforderlich sind.<\/p>\n\n\n\n<figure class=\"wp-block-gallery columns-2 is-cropped wp-block-gallery-1 is-layout-flex wp-block-gallery-is-layout-flex\"><ul class=\"blocks-gallery-grid\"><li class=\"blocks-gallery-item\"><figure><a href=\"https:\/\/ibomberdefense.standardof.net\/de\/guide\/alliierte-kampagne\/6-sudost-europa-achtball-2\/ibomber-defense-level-6-south-east-europe-eightball-2\/\"><img decoding=\"async\" width=\"800\" height=\"450\" src=\"https:\/\/ibomberdefense.standardof.net\/wp-content\/uploads\/sites\/5\/2020\/10\/iBomber-Defense-Level-6-South-East-Europe-Eightball-2-800x450.jpg\" alt=\"&quot;iBomber Defense&quot; - Level 6 - S\u00fcdosteuropa: Eightball (2)\" data-id=\"35\" data-full-url=\"https:\/\/ibomberdefense.standardof.net\/wp-content\/uploads\/sites\/5\/2020\/10\/iBomber-Defense-Level-6-South-East-Europe-Eightball-2.jpg\" data-link=\"https:\/\/ibomberdefense.standardof.net\/guide\/allied-campaign\/6-south-east-europe-eightball\/ibomber-defense-level-6-south-east-europe-eightball-2\/\" class=\"wp-image-35\" title=\"\" srcset=\"https:\/\/ibomberdefense.standardof.net\/wp-content\/uploads\/sites\/5\/2020\/10\/iBomber-Defense-Level-6-South-East-Europe-Eightball-2-800x450.jpg 800w, https:\/\/ibomberdefense.standardof.net\/wp-content\/uploads\/sites\/5\/2020\/10\/iBomber-Defense-Level-6-South-East-Europe-Eightball-2-512x288.jpg 512w, https:\/\/ibomberdefense.standardof.net\/wp-content\/uploads\/sites\/5\/2020\/10\/iBomber-Defense-Level-6-South-East-Europe-Eightball-2-200x113.jpg 200w, https:\/\/ibomberdefense.standardof.net\/wp-content\/uploads\/sites\/5\/2020\/10\/iBomber-Defense-Level-6-South-East-Europe-Eightball-2-768x432.jpg 768w, https:\/\/ibomberdefense.standardof.net\/wp-content\/uploads\/sites\/5\/2020\/10\/iBomber-Defense-Level-6-South-East-Europe-Eightball-2-16x9.jpg 16w, https:\/\/ibomberdefense.standardof.net\/wp-content\/uploads\/sites\/5\/2020\/10\/iBomber-Defense-Level-6-South-East-Europe-Eightball-2.jpg 1280w\" sizes=\"(max-width: 800px) 100vw, 800px\" \/><\/a><figcaption class=\"blocks-gallery-item__caption\">Platzierung des Revolvers der Welle 10.<\/figcaption><\/figure><\/li><li class=\"blocks-gallery-item\"><figure><a href=\"https:\/\/ibomberdefense.standardof.net\/de\/guide\/alliierte-kampagne\/6-sudost-europa-achtball-2\/ibomber-defense-level-6-south-east-europe-eightball-3\/\"><img decoding=\"async\" width=\"800\" height=\"450\" src=\"https:\/\/ibomberdefense.standardof.net\/wp-content\/uploads\/sites\/5\/2020\/10\/iBomber-Defense-Level-6-South-East-Europe-Eightball-3-800x450.jpg\" alt=\"&quot;iBomber Defense&quot; - Level 6 - S\u00fcdosteuropa: Eightball (3)\" data-id=\"36\" data-full-url=\"https:\/\/ibomberdefense.standardof.net\/wp-content\/uploads\/sites\/5\/2020\/10\/iBomber-Defense-Level-6-South-East-Europe-Eightball-3.jpg\" data-link=\"https:\/\/ibomberdefense.standardof.net\/guide\/allied-campaign\/6-south-east-europe-eightball\/ibomber-defense-level-6-south-east-europe-eightball-3\/\" class=\"wp-image-36\" title=\"\" srcset=\"https:\/\/ibomberdefense.standardof.net\/wp-content\/uploads\/sites\/5\/2020\/10\/iBomber-Defense-Level-6-South-East-Europe-Eightball-3-800x450.jpg 800w, https:\/\/ibomberdefense.standardof.net\/wp-content\/uploads\/sites\/5\/2020\/10\/iBomber-Defense-Level-6-South-East-Europe-Eightball-3-512x288.jpg 512w, https:\/\/ibomberdefense.standardof.net\/wp-content\/uploads\/sites\/5\/2020\/10\/iBomber-Defense-Level-6-South-East-Europe-Eightball-3-200x113.jpg 200w, https:\/\/ibomberdefense.standardof.net\/wp-content\/uploads\/sites\/5\/2020\/10\/iBomber-Defense-Level-6-South-East-Europe-Eightball-3-768x432.jpg 768w, https:\/\/ibomberdefense.standardof.net\/wp-content\/uploads\/sites\/5\/2020\/10\/iBomber-Defense-Level-6-South-East-Europe-Eightball-3-16x9.jpg 16w, https:\/\/ibomberdefense.standardof.net\/wp-content\/uploads\/sites\/5\/2020\/10\/iBomber-Defense-Level-6-South-East-Europe-Eightball-3.jpg 1280w\" sizes=\"(max-width: 800px) 100vw, 800px\" \/><\/a><figcaption class=\"blocks-gallery-item__caption\">Platzierung des Revolvers der Welle 20.<\/figcaption><\/figure><\/li><li class=\"blocks-gallery-item\"><figure><a href=\"https:\/\/ibomberdefense.standardof.net\/de\/guide\/alliierte-kampagne\/6-sudost-europa-achtball-2\/ibomber-defense-level-6-south-east-europe-eightball-4\/\"><img decoding=\"async\" width=\"800\" height=\"450\" src=\"https:\/\/ibomberdefense.standardof.net\/wp-content\/uploads\/sites\/5\/2020\/10\/iBomber-Defense-Level-6-South-East-Europe-Eightball-4-800x450.jpg\" alt=\"&quot;iBomber Defense&quot; - Level 6 - S\u00fcdosteuropa: Eightball (4)\" data-id=\"37\" data-full-url=\"https:\/\/ibomberdefense.standardof.net\/wp-content\/uploads\/sites\/5\/2020\/10\/iBomber-Defense-Level-6-South-East-Europe-Eightball-4.jpg\" data-link=\"https:\/\/ibomberdefense.standardof.net\/guide\/allied-campaign\/6-south-east-europe-eightball\/ibomber-defense-level-6-south-east-europe-eightball-4\/\" class=\"wp-image-37\" title=\"\" srcset=\"https:\/\/ibomberdefense.standardof.net\/wp-content\/uploads\/sites\/5\/2020\/10\/iBomber-Defense-Level-6-South-East-Europe-Eightball-4-800x450.jpg 800w, https:\/\/ibomberdefense.standardof.net\/wp-content\/uploads\/sites\/5\/2020\/10\/iBomber-Defense-Level-6-South-East-Europe-Eightball-4-512x288.jpg 512w, https:\/\/ibomberdefense.standardof.net\/wp-content\/uploads\/sites\/5\/2020\/10\/iBomber-Defense-Level-6-South-East-Europe-Eightball-4-200x113.jpg 200w, https:\/\/ibomberdefense.standardof.net\/wp-content\/uploads\/sites\/5\/2020\/10\/iBomber-Defense-Level-6-South-East-Europe-Eightball-4-768x432.jpg 768w, https:\/\/ibomberdefense.standardof.net\/wp-content\/uploads\/sites\/5\/2020\/10\/iBomber-Defense-Level-6-South-East-Europe-Eightball-4-16x9.jpg 16w, https:\/\/ibomberdefense.standardof.net\/wp-content\/uploads\/sites\/5\/2020\/10\/iBomber-Defense-Level-6-South-East-Europe-Eightball-4.jpg 1280w\" sizes=\"(max-width: 800px) 100vw, 800px\" \/><\/a><figcaption class=\"blocks-gallery-item__caption\">Platzierung des Revolvers der Welle 30.<\/figcaption><\/figure><\/li><\/ul><\/figure>\n\n\n\n<h3 class=\"wp-block-heading\"><strong>Siegpunktausgaben<\/strong><\/h3>\n\n\n\n<p>Mit den zwei Punkten, die f\u00fcr den perfekten Abschluss dieses Levels vergeben wurden, wurde ein Punkt f\u00fcr den Kommunikationsturm ausgegeben, um das dritte Level und das unglaubliche Potenzial f\u00fcr Bonusguthaben freizuschalten, w\u00e4hrend der andere f\u00fcr den Sabotageturm verwendet wurde, sodass alle Waffen aufr\u00fcstbar sind Stufe 3. Zu diesem Zeitpunkt ist alles Stufe 3, au\u00dfer Kaufen und Reparieren, die sich noch auf Stufe 2 befinden.<\/p>\n\n\n\n<hr class=\"wp-block-separator\"\/>\n\n\n\n<h4 class=\"has-text-align-center wp-block-heading\">Videoanleitung<\/h4>\n\n\n\n<figure class=\"wp-block-embed-youtube wp-block-embed is-type-video is-provider-youtube wp-embed-aspect-16-9 wp-has-aspect-ratio\"><div class=\"wp-block-embed__wrapper\">\n<div class=\"ast-oembed-container\" style=\"height: 100%;\"><iframe title=\"iBomber Defense - S\u00fcdosteuropa - Eightball - Veteran + Perfekt\" width=\"500\" height=\"281\" src=\"https:\/\/www.youtube.com\/embed\/bWgEgcBmGLY?feature=oembed\" frameborder=\"0\" allow=\"accelerometer; autoplay; clipboard-write; encrypted-media; gyroscope; picture-in-picture; web-share\" referrerpolicy=\"strict-origin-when-cross-origin\" allowfullscreen><\/iframe><\/div>\n<\/div><\/figure>","protected":false},"excerpt":{"rendered":"<p>Now we are back to the bright green lands of forest to face 30 waves of ground and air units that travel around and over a nearby lake which the base sits just southeast of. Unfortunately the paths here converge very late in an are with little turret placement opportunity so strategies here will have [&hellip;]<\/p>","protected":false},"author":1,"featured_media":37,"parent":266,"menu_order":6,"comment_status":"open","ping_status":"closed","template":"","meta":{"_uag_custom_page_level_css":"","site-sidebar-layout":"default","site-content-layout":"default","ast-site-content-layout":"","site-content-style":"default","site-sidebar-style":"default","ast-global-header-display":"","ast-banner-title-visibility":"","ast-main-header-display":"","ast-hfb-above-header-display":"","ast-hfb-below-header-display":"","ast-hfb-mobile-header-display":"","site-post-title":"","ast-breadcrumbs-content":"","ast-featured-img":"","footer-sml-layout":"","theme-transparent-header-meta":"default","adv-header-id-meta":"","stick-header-meta":"","header-above-stick-meta":"","header-main-stick-meta":"","header-below-stick-meta":"","astra-migrate-meta-layouts":"default","ast-page-background-enabled":"default","ast-page-background-meta":{"desktop":{"background-color":"","background-image":"","background-repeat":"repeat","background-position":"center center","background-size":"auto","background-attachment":"scroll","background-type":"","background-media":"","overlay-type":"","overlay-color":"","overlay-gradient":""},"tablet":{"background-color":"","background-image":"","background-repeat":"repeat","background-position":"center center","background-size":"auto","background-attachment":"scroll","background-type":"","background-media":"","overlay-type":"","overlay-color":"","overlay-gradient":""},"mobile":{"background-color":"","background-image":"","background-repeat":"repeat","background-position":"center center","background-size":"auto","background-attachment":"scroll","background-type":"","background-media":"","overlay-type":"","overlay-color":"","overlay-gradient":""}},"ast-content-background-meta":{"desktop":{"background-color":"var(--ast-global-color-5)","background-image":"","background-repeat":"repeat","background-position":"center center","background-size":"auto","background-attachment":"scroll","background-type":"","background-media":"","overlay-type":"","overlay-color":"","overlay-gradient":""},"tablet":{"background-color":"var(--ast-global-color-5)","background-image":"","background-repeat":"repeat","background-position":"center center","background-size":"auto","background-attachment":"scroll","background-type":"","background-media":"","overlay-type":"","overlay-color":"","overlay-gradient":""},"mobile":{"background-color":"var(--ast-global-color-5)","background-image":"","background-repeat":"repeat","background-position":"center center","background-size":"auto","background-attachment":"scroll","background-type":"","background-media":"","overlay-type":"","overlay-color":"","overlay-gradient":""}},"footnotes":""},"uagb_featured_image_src":{"full":["https:\/\/ibomberdefense.standardof.net\/wp-content\/uploads\/sites\/5\/2020\/10\/iBomber-Defense-Level-6-South-East-Europe-Eightball-4.jpg",1280,720,false],"thumbnail":["https:\/\/ibomberdefense.standardof.net\/wp-content\/uploads\/sites\/5\/2020\/10\/iBomber-Defense-Level-6-South-East-Europe-Eightball-4-200x113.jpg",200,113,true],"medium":["https:\/\/ibomberdefense.standardof.net\/wp-content\/uploads\/sites\/5\/2020\/10\/iBomber-Defense-Level-6-South-East-Europe-Eightball-4-512x288.jpg",512,288,true],"medium_large":["https:\/\/ibomberdefense.standardof.net\/wp-content\/uploads\/sites\/5\/2020\/10\/iBomber-Defense-Level-6-South-East-Europe-Eightball-4-768x432.jpg",768,432,true],"large":["https:\/\/ibomberdefense.standardof.net\/wp-content\/uploads\/sites\/5\/2020\/10\/iBomber-Defense-Level-6-South-East-Europe-Eightball-4-800x450.jpg",800,450,true],"1536x1536":["https:\/\/ibomberdefense.standardof.net\/wp-content\/uploads\/sites\/5\/2020\/10\/iBomber-Defense-Level-6-South-East-Europe-Eightball-4.jpg",1280,720,false],"2048x2048":["https:\/\/ibomberdefense.standardof.net\/wp-content\/uploads\/sites\/5\/2020\/10\/iBomber-Defense-Level-6-South-East-Europe-Eightball-4.jpg",1280,720,false],"trp-custom-language-flag":["https:\/\/ibomberdefense.standardof.net\/wp-content\/uploads\/sites\/5\/2020\/10\/iBomber-Defense-Level-6-South-East-Europe-Eightball-4-16x9.jpg",16,9,true]},"uagb_author_info":{"display_name":"SOE","author_link":"https:\/\/ibomberdefense.standardof.net\/de\/author\/k-tastic\/"},"uagb_comment_info":0,"uagb_excerpt":"Now we are back to the bright green lands of forest to face 30 waves of ground and air units that travel around and over a nearby lake which the base sits just southeast of. Unfortunately the paths here converge very late in an are with little turret placement opportunity so strategies here will have&hellip;","_links":{"self":[{"href":"https:\/\/ibomberdefense.standardof.net\/de\/wp-json\/wp\/v2\/pages\/285"}],"collection":[{"href":"https:\/\/ibomberdefense.standardof.net\/de\/wp-json\/wp\/v2\/pages"}],"about":[{"href":"https:\/\/ibomberdefense.standardof.net\/de\/wp-json\/wp\/v2\/types\/page"}],"author":[{"embeddable":true,"href":"https:\/\/ibomberdefense.standardof.net\/de\/wp-json\/wp\/v2\/users\/1"}],"replies":[{"embeddable":true,"href":"https:\/\/ibomberdefense.standardof.net\/de\/wp-json\/wp\/v2\/comments?post=285"}],"version-history":[{"count":0,"href":"https:\/\/ibomberdefense.standardof.net\/de\/wp-json\/wp\/v2\/pages\/285\/revisions"}],"up":[{"embeddable":true,"href":"https:\/\/ibomberdefense.standardof.net\/de\/wp-json\/wp\/v2\/pages\/266"}],"wp:featuredmedia":[{"embeddable":true,"href":"https:\/\/ibomberdefense.standardof.net\/de\/wp-json\/wp\/v2\/media\/37"}],"wp:attachment":[{"href":"https:\/\/ibomberdefense.standardof.net\/de\/wp-json\/wp\/v2\/media?parent=285"}],"curies":[{"name":"wp","href":"https:\/\/api.w.org\/{rel}","templated":true}]}}