{"id":286,"date":"2020-10-19T06:07:46","date_gmt":"2020-10-19T06:07:46","guid":{"rendered":"https:\/\/ibomberdefense.standardof.net\/?page_id=286"},"modified":"2020-10-19T08:06:12","modified_gmt":"2020-10-19T08:06:12","slug":"7-eastern-mediterranean-bottleneck","status":"publish","type":"page","link":"https:\/\/ibomberdefense.standardof.net\/de\/guide\/alliierte-kampagne\/7-ostlicher-mediterraner-engpass-2\/","title":{"rendered":"7. \u00d6stliches Mittelmeer: Engpass"},"content":{"rendered":"<div class=\"wp-block-image\"><figure class=\"aligncenter size-large\"><a href=\"https:\/\/ibomberdefense.standardof.net\/de\/guide\/alliierte-kampagne\/7-ostlicher-mediterraner-engpass-2\/ibomber-defense-level-7-eastern-mediterranean-bottleneck-1\/\"><img decoding=\"async\" width=\"800\" height=\"450\" src=\"https:\/\/ibomberdefense.standardof.net\/wp-content\/uploads\/sites\/5\/2020\/10\/iBomber-Defense-Level-7-Eastern-Mediterranean-Bottleneck-1-800x450.jpg\" alt=\"&quot;iBomber Defense&quot; - Stufe 7 - \u00d6stliches Mittelmeer: Engpass (1)\" class=\"wp-image-38\" title=\"\" srcset=\"https:\/\/ibomberdefense.standardof.net\/wp-content\/uploads\/sites\/5\/2020\/10\/iBomber-Defense-Level-7-Eastern-Mediterranean-Bottleneck-1-800x450.jpg 800w, https:\/\/ibomberdefense.standardof.net\/wp-content\/uploads\/sites\/5\/2020\/10\/iBomber-Defense-Level-7-Eastern-Mediterranean-Bottleneck-1-512x288.jpg 512w, https:\/\/ibomberdefense.standardof.net\/wp-content\/uploads\/sites\/5\/2020\/10\/iBomber-Defense-Level-7-Eastern-Mediterranean-Bottleneck-1-200x113.jpg 200w, https:\/\/ibomberdefense.standardof.net\/wp-content\/uploads\/sites\/5\/2020\/10\/iBomber-Defense-Level-7-Eastern-Mediterranean-Bottleneck-1-768x432.jpg 768w, https:\/\/ibomberdefense.standardof.net\/wp-content\/uploads\/sites\/5\/2020\/10\/iBomber-Defense-Level-7-Eastern-Mediterranean-Bottleneck-1-16x9.jpg 16w, https:\/\/ibomberdefense.standardof.net\/wp-content\/uploads\/sites\/5\/2020\/10\/iBomber-Defense-Level-7-Eastern-Mediterranean-Bottleneck-1.jpg 1280w\" sizes=\"(max-width: 800px) 100vw, 800px\" \/><\/a><figcaption>Der gr\u00fcne Pfad kennzeichnet die Route, die von Lufteinheiten zur\u00fcckgelegt wird, w\u00e4hrend die rote und orange Markierung angibt, wohin die Marineeinheiten im \u00f6stlichen Mittelmeer reisen.<\/figcaption><\/figure><\/div>\n\n\n\n<p>Das siebte Level in der alliierten Kampagne, in dem die Bonusmissionen gez\u00e4hlt werden, ist die Karte des \u00f6stlichen Mittelmeers, auf der Sie einen Hafen mit drei Inseln verteidigen, um die sich die feindlichen Marineeinheiten von zwei Haupteing\u00e4ngen auf ihrem Weg bis zu Ihrer Basis au\u00dferhalb drehen. Bildschirm nach Osten.<\/p>\n\n\n\n<p>Dieses Mal werden wir 40 Wellen sowohl von Lufteinheiten als auch von Marineeinheiten gegen\u00fcberstehen, wobei das Flugzeug bei Welle 20 auftaucht. Schlie\u00dflich werden Sie f\u00fcr einen Gegenangriffslevel zu dieser Mission zur\u00fcckkehren, also stellen Sie sicher, dass Sie am Ende nichts verkaufen diese Mission.<\/p>\n\n\n\n<h3 class=\"wp-block-heading\"><strong>Revolverplatzierung<\/strong><\/h3>\n\n\n\n<figure class=\"wp-block-gallery columns-2 is-cropped wp-block-gallery-1 is-layout-flex wp-block-gallery-is-layout-flex\"><ul class=\"blocks-gallery-grid\"><li class=\"blocks-gallery-item\"><figure><a href=\"https:\/\/ibomberdefense.standardof.net\/de\/guide\/alliierte-kampagne\/7-ostlicher-mediterraner-engpass-2\/ibomber-defense-level-7-eastern-mediterranean-bottleneck-2\/\"><img decoding=\"async\" width=\"800\" height=\"450\" src=\"https:\/\/ibomberdefense.standardof.net\/wp-content\/uploads\/sites\/5\/2020\/10\/iBomber-Defense-Level-7-Eastern-Mediterranean-Bottleneck-2-800x450.jpg\" alt=\"&quot;iBomber Defense&quot; - Stufe 7 - \u00d6stliches Mittelmeer: Engpass (2)\" data-id=\"39\" data-full-url=\"https:\/\/ibomberdefense.standardof.net\/wp-content\/uploads\/sites\/5\/2020\/10\/iBomber-Defense-Level-7-Eastern-Mediterranean-Bottleneck-2.jpg\" data-link=\"https:\/\/ibomberdefense.standardof.net\/guide\/allied-campaign\/7-eastern-mediterranean-bottleneck\/ibomber-defense-level-7-eastern-mediterranean-bottleneck-2\/\" class=\"wp-image-39\" title=\"\" srcset=\"https:\/\/ibomberdefense.standardof.net\/wp-content\/uploads\/sites\/5\/2020\/10\/iBomber-Defense-Level-7-Eastern-Mediterranean-Bottleneck-2-800x450.jpg 800w, https:\/\/ibomberdefense.standardof.net\/wp-content\/uploads\/sites\/5\/2020\/10\/iBomber-Defense-Level-7-Eastern-Mediterranean-Bottleneck-2-512x288.jpg 512w, https:\/\/ibomberdefense.standardof.net\/wp-content\/uploads\/sites\/5\/2020\/10\/iBomber-Defense-Level-7-Eastern-Mediterranean-Bottleneck-2-200x113.jpg 200w, https:\/\/ibomberdefense.standardof.net\/wp-content\/uploads\/sites\/5\/2020\/10\/iBomber-Defense-Level-7-Eastern-Mediterranean-Bottleneck-2-768x432.jpg 768w, https:\/\/ibomberdefense.standardof.net\/wp-content\/uploads\/sites\/5\/2020\/10\/iBomber-Defense-Level-7-Eastern-Mediterranean-Bottleneck-2-16x9.jpg 16w, https:\/\/ibomberdefense.standardof.net\/wp-content\/uploads\/sites\/5\/2020\/10\/iBomber-Defense-Level-7-Eastern-Mediterranean-Bottleneck-2.jpg 1280w\" sizes=\"(max-width: 800px) 100vw, 800px\" \/><\/a><figcaption class=\"blocks-gallery-item__caption\">Platzierung des Revolvers der Welle 10.<\/figcaption><\/figure><\/li><li class=\"blocks-gallery-item\"><figure><a href=\"https:\/\/ibomberdefense.standardof.net\/de\/guide\/alliierte-kampagne\/7-ostlicher-mediterraner-engpass-2\/ibomber-defense-level-7-eastern-mediterranean-bottleneck-3\/\"><img decoding=\"async\" width=\"800\" height=\"450\" src=\"https:\/\/ibomberdefense.standardof.net\/wp-content\/uploads\/sites\/5\/2020\/10\/iBomber-Defense-Level-7-Eastern-Mediterranean-Bottleneck-3-800x450.jpg\" alt=\"&quot;iBomber Defense&quot; - Stufe 7 - \u00d6stliches Mittelmeer: Engpass (3)\" data-id=\"40\" data-full-url=\"https:\/\/ibomberdefense.standardof.net\/wp-content\/uploads\/sites\/5\/2020\/10\/iBomber-Defense-Level-7-Eastern-Mediterranean-Bottleneck-3.jpg\" data-link=\"https:\/\/ibomberdefense.standardof.net\/guide\/allied-campaign\/7-eastern-mediterranean-bottleneck\/ibomber-defense-level-7-eastern-mediterranean-bottleneck-3\/\" class=\"wp-image-40\" title=\"\" srcset=\"https:\/\/ibomberdefense.standardof.net\/wp-content\/uploads\/sites\/5\/2020\/10\/iBomber-Defense-Level-7-Eastern-Mediterranean-Bottleneck-3-800x450.jpg 800w, https:\/\/ibomberdefense.standardof.net\/wp-content\/uploads\/sites\/5\/2020\/10\/iBomber-Defense-Level-7-Eastern-Mediterranean-Bottleneck-3-512x288.jpg 512w, https:\/\/ibomberdefense.standardof.net\/wp-content\/uploads\/sites\/5\/2020\/10\/iBomber-Defense-Level-7-Eastern-Mediterranean-Bottleneck-3-200x113.jpg 200w, https:\/\/ibomberdefense.standardof.net\/wp-content\/uploads\/sites\/5\/2020\/10\/iBomber-Defense-Level-7-Eastern-Mediterranean-Bottleneck-3-768x432.jpg 768w, https:\/\/ibomberdefense.standardof.net\/wp-content\/uploads\/sites\/5\/2020\/10\/iBomber-Defense-Level-7-Eastern-Mediterranean-Bottleneck-3-16x9.jpg 16w, https:\/\/ibomberdefense.standardof.net\/wp-content\/uploads\/sites\/5\/2020\/10\/iBomber-Defense-Level-7-Eastern-Mediterranean-Bottleneck-3.jpg 1280w\" sizes=\"(max-width: 800px) 100vw, 800px\" \/><\/a><figcaption class=\"blocks-gallery-item__caption\">Platzierung des Revolvers der Welle 20.<\/figcaption><\/figure><\/li><\/ul><\/figure>\n\n\n\n<p>Bis zu Welle 10 sollte man sich darauf konzentrieren, 3 Maschinengewehre zu bauen und sie jeweils auf Stufe 3 zu bringen. 2 von ihnen sollten auf der kleineren der beiden nicht verbundenen Inseln platziert werden, w\u00e4hrend die dritte am Konvergenzpunkt so westlich wie m\u00f6glich gegen das Wasser liegt.<\/p>\n\n\n\n<p>Wenn Sie sich auf den Weg zur Welle 20 machen, sollten Sie sich auf die oberen und unteren Landst\u00fccke konzentrieren, die die Oberseite des seitlichen Y bilden, das den Konvergenzpunkt f\u00fcr die beiden Pfade der Marineschiffe bildet. F\u00fcgen Sie mindestens einen Kommunikationsturm f\u00fcr erh\u00f6hte Feuerkraft zur Nordseite hinzu und setzen Sie einen Luftabwehr-Turm ein, bevor Sie Level 20 erreichen.<\/p>\n\n\n\n<p>Versuchen Sie, \u00fcbersch\u00fcssiges Geld zu sparen, sobald Sie ein Comms der zweiten Stufe haben, w\u00e4hrend Sie sich der Welle 30 n\u00e4hern. Bis dahin sollten Sie mindestens zwei Kanonen der Stufe 3 und ein Komms der Stufe 3 haben, mit denen Sie Feuerkraft, Reichweite und aufgelaufene Zinsen f\u00fcr Ihre Reste gew\u00e4hren k\u00f6nnen Geld. Viele Maschinengewehrt\u00fcrme sind zu diesem Zeitpunkt im Spiel noch wirksam, obwohl sie sich Marineschiffen gegen\u00fcbersehen, da es hier immer noch viele der schw\u00e4cheren Sorten gibt.<\/p>\n\n\n\n<p>Sobald Sie Level 35 erreicht haben, ist es an der Zeit, nur noch Kanonen hinzuzuf\u00fcgen. Bis zu diesem Zeitpunkt haben Sie den gr\u00f6\u00dften Teil der Freifl\u00e4chen entlang des konvergierenden Bereichs ausgef\u00fcllt und zus\u00e4tzliche Luftabwehr hinzugef\u00fcgt, sobald die schwereren Bomber auftauchen. Denken Sie daran, die Bilder rechts zu \u00fcberpr\u00fcfen, um zu sehen, wie meine T\u00fcrme bei den verschiedenen Wellen aussahen.<\/p>\n\n\n\n<figure class=\"wp-block-gallery columns-2 is-cropped wp-block-gallery-2 is-layout-flex wp-block-gallery-is-layout-flex\"><ul class=\"blocks-gallery-grid\"><li class=\"blocks-gallery-item\"><figure><a href=\"https:\/\/ibomberdefense.standardof.net\/de\/guide\/alliierte-kampagne\/7-ostlicher-mediterraner-engpass-2\/ibomber-defense-level-7-eastern-mediterranean-bottleneck-4\/\"><img decoding=\"async\" width=\"800\" height=\"450\" src=\"https:\/\/ibomberdefense.standardof.net\/wp-content\/uploads\/sites\/5\/2020\/10\/iBomber-Defense-Level-7-Eastern-Mediterranean-Bottleneck-4-800x450.jpg\" alt=\"&quot;iBomber Defense&quot; - Stufe 7 - \u00d6stliches Mittelmeer: Engpass (4)\" data-id=\"41\" data-full-url=\"https:\/\/ibomberdefense.standardof.net\/wp-content\/uploads\/sites\/5\/2020\/10\/iBomber-Defense-Level-7-Eastern-Mediterranean-Bottleneck-4.jpg\" data-link=\"https:\/\/ibomberdefense.standardof.net\/guide\/allied-campaign\/7-eastern-mediterranean-bottleneck\/ibomber-defense-level-7-eastern-mediterranean-bottleneck-4\/\" class=\"wp-image-41\" title=\"\" srcset=\"https:\/\/ibomberdefense.standardof.net\/wp-content\/uploads\/sites\/5\/2020\/10\/iBomber-Defense-Level-7-Eastern-Mediterranean-Bottleneck-4-800x450.jpg 800w, https:\/\/ibomberdefense.standardof.net\/wp-content\/uploads\/sites\/5\/2020\/10\/iBomber-Defense-Level-7-Eastern-Mediterranean-Bottleneck-4-512x288.jpg 512w, https:\/\/ibomberdefense.standardof.net\/wp-content\/uploads\/sites\/5\/2020\/10\/iBomber-Defense-Level-7-Eastern-Mediterranean-Bottleneck-4-200x113.jpg 200w, https:\/\/ibomberdefense.standardof.net\/wp-content\/uploads\/sites\/5\/2020\/10\/iBomber-Defense-Level-7-Eastern-Mediterranean-Bottleneck-4-768x432.jpg 768w, https:\/\/ibomberdefense.standardof.net\/wp-content\/uploads\/sites\/5\/2020\/10\/iBomber-Defense-Level-7-Eastern-Mediterranean-Bottleneck-4-16x9.jpg 16w, https:\/\/ibomberdefense.standardof.net\/wp-content\/uploads\/sites\/5\/2020\/10\/iBomber-Defense-Level-7-Eastern-Mediterranean-Bottleneck-4.jpg 1280w\" sizes=\"(max-width: 800px) 100vw, 800px\" \/><\/a><figcaption class=\"blocks-gallery-item__caption\">Platzierung des Revolvers der Welle 30.<\/figcaption><\/figure><\/li><li class=\"blocks-gallery-item\"><figure><a href=\"https:\/\/ibomberdefense.standardof.net\/de\/guide\/alliierte-kampagne\/7-ostlicher-mediterraner-engpass-2\/ibomber-defense-level-7-eastern-mediterranean-bottleneck-5\/\"><img decoding=\"async\" width=\"800\" height=\"450\" src=\"https:\/\/ibomberdefense.standardof.net\/wp-content\/uploads\/sites\/5\/2020\/10\/iBomber-Defense-Level-7-Eastern-Mediterranean-Bottleneck-5-800x450.jpg\" alt=\"&quot;iBomber Defense&quot; - Stufe 7 - \u00d6stliches Mittelmeer: Engpass (5)\" data-id=\"42\" data-full-url=\"https:\/\/ibomberdefense.standardof.net\/wp-content\/uploads\/sites\/5\/2020\/10\/iBomber-Defense-Level-7-Eastern-Mediterranean-Bottleneck-5.jpg\" data-link=\"https:\/\/ibomberdefense.standardof.net\/guide\/allied-campaign\/7-eastern-mediterranean-bottleneck\/ibomber-defense-level-7-eastern-mediterranean-bottleneck-5\/\" class=\"wp-image-42\" title=\"\" srcset=\"https:\/\/ibomberdefense.standardof.net\/wp-content\/uploads\/sites\/5\/2020\/10\/iBomber-Defense-Level-7-Eastern-Mediterranean-Bottleneck-5-800x450.jpg 800w, https:\/\/ibomberdefense.standardof.net\/wp-content\/uploads\/sites\/5\/2020\/10\/iBomber-Defense-Level-7-Eastern-Mediterranean-Bottleneck-5-512x288.jpg 512w, https:\/\/ibomberdefense.standardof.net\/wp-content\/uploads\/sites\/5\/2020\/10\/iBomber-Defense-Level-7-Eastern-Mediterranean-Bottleneck-5-200x113.jpg 200w, https:\/\/ibomberdefense.standardof.net\/wp-content\/uploads\/sites\/5\/2020\/10\/iBomber-Defense-Level-7-Eastern-Mediterranean-Bottleneck-5-768x432.jpg 768w, https:\/\/ibomberdefense.standardof.net\/wp-content\/uploads\/sites\/5\/2020\/10\/iBomber-Defense-Level-7-Eastern-Mediterranean-Bottleneck-5-16x9.jpg 16w, https:\/\/ibomberdefense.standardof.net\/wp-content\/uploads\/sites\/5\/2020\/10\/iBomber-Defense-Level-7-Eastern-Mediterranean-Bottleneck-5.jpg 1280w\" sizes=\"(max-width: 800px) 100vw, 800px\" \/><\/a><figcaption class=\"blocks-gallery-item__caption\">Platzierung des Revolvers der Welle 40.<\/figcaption><\/figure><\/li><\/ul><\/figure>\n\n\n\n<h3 class=\"wp-block-heading\"><strong>Siegpunktausgaben<\/strong><\/h3>\n\n\n\n<p>Mit den beiden in diesem Level erzielten Siegpunkten k\u00f6nnen Sie jetzt alle Upgrades vollst\u00e4ndig aussch\u00f6pfen, wenn Sie den maximalen Betrag aus den vorherigen Missionen verdient haben. Ab diesem Zeitpunkt werden Siegpunkte aus dem alliierten Kampagnenf\u00fchrer f\u00fcr ausgeschlossen <em>iBomber Defense<\/em> da es kein Problem mehr ist, sie auszugeben.<\/p>\n\n\n\n<hr class=\"wp-block-separator\"\/>\n\n\n\n<h4 class=\"has-text-align-center wp-block-heading\">Videoanleitung<\/h4>\n\n\n\n<figure class=\"wp-block-embed-youtube wp-block-embed is-type-video is-provider-youtube wp-embed-aspect-16-9 wp-has-aspect-ratio\"><div class=\"wp-block-embed__wrapper\">\n<div class=\"ast-oembed-container\" style=\"height: 100%;\"><iframe title=\"iBomber Defense - \u00d6stliches Mittelmeer - Engpass - Veteran + Perfekt\" width=\"500\" height=\"281\" src=\"https:\/\/www.youtube.com\/embed\/BkCTuVpcb6A?feature=oembed\" frameborder=\"0\" allow=\"accelerometer; autoplay; clipboard-write; encrypted-media; gyroscope; picture-in-picture; web-share\" referrerpolicy=\"strict-origin-when-cross-origin\" allowfullscreen><\/iframe><\/div>\n<\/div><\/figure>","protected":false},"excerpt":{"rendered":"<p>The seventh level in the Allied campaign, counting the bonus missions, is the Eastern Mediterranean map which has you defending a harbor with a trio of Islands that the enemy naval units will curve around from two main entrances on their route through to your base off-screen to the east. This time around we will [&hellip;]<\/p>","protected":false},"author":1,"featured_media":42,"parent":266,"menu_order":7,"comment_status":"open","ping_status":"closed","template":"","meta":{"_uag_custom_page_level_css":"","site-sidebar-layout":"default","site-content-layout":"default","ast-site-content-layout":"","site-content-style":"default","site-sidebar-style":"default","ast-global-header-display":"","ast-banner-title-visibility":"","ast-main-header-display":"","ast-hfb-above-header-display":"","ast-hfb-below-header-display":"","ast-hfb-mobile-header-display":"","site-post-title":"","ast-breadcrumbs-content":"","ast-featured-img":"","footer-sml-layout":"","theme-transparent-header-meta":"default","adv-header-id-meta":"","stick-header-meta":"","header-above-stick-meta":"","header-main-stick-meta":"","header-below-stick-meta":"","astra-migrate-meta-layouts":"default","ast-page-background-enabled":"default","ast-page-background-meta":{"desktop":{"background-color":"","background-image":"","background-repeat":"repeat","background-position":"center center","background-size":"auto","background-attachment":"scroll","background-type":"","background-media":"","overlay-type":"","overlay-color":"","overlay-gradient":""},"tablet":{"background-color":"","background-image":"","background-repeat":"repeat","background-position":"center center","background-size":"auto","background-attachment":"scroll","background-type":"","background-media":"","overlay-type":"","overlay-color":"","overlay-gradient":""},"mobile":{"background-color":"","background-image":"","background-repeat":"repeat","background-position":"center center","background-size":"auto","background-attachment":"scroll","background-type":"","background-media":"","overlay-type":"","overlay-color":"","overlay-gradient":""}},"ast-content-background-meta":{"desktop":{"background-color":"var(--ast-global-color-5)","background-image":"","background-repeat":"repeat","background-position":"center center","background-size":"auto","background-attachment":"scroll","background-type":"","background-media":"","overlay-type":"","overlay-color":"","overlay-gradient":""},"tablet":{"background-color":"var(--ast-global-color-5)","background-image":"","background-repeat":"repeat","background-position":"center center","background-size":"auto","background-attachment":"scroll","background-type":"","background-media":"","overlay-type":"","overlay-color":"","overlay-gradient":""},"mobile":{"background-color":"var(--ast-global-color-5)","background-image":"","background-repeat":"repeat","background-position":"center center","background-size":"auto","background-attachment":"scroll","background-type":"","background-media":"","overlay-type":"","overlay-color":"","overlay-gradient":""}},"footnotes":""},"uagb_featured_image_src":{"full":["https:\/\/ibomberdefense.standardof.net\/wp-content\/uploads\/sites\/5\/2020\/10\/iBomber-Defense-Level-7-Eastern-Mediterranean-Bottleneck-5.jpg",1280,720,false],"thumbnail":["https:\/\/ibomberdefense.standardof.net\/wp-content\/uploads\/sites\/5\/2020\/10\/iBomber-Defense-Level-7-Eastern-Mediterranean-Bottleneck-5-200x113.jpg",200,113,true],"medium":["https:\/\/ibomberdefense.standardof.net\/wp-content\/uploads\/sites\/5\/2020\/10\/iBomber-Defense-Level-7-Eastern-Mediterranean-Bottleneck-5-512x288.jpg",512,288,true],"medium_large":["https:\/\/ibomberdefense.standardof.net\/wp-content\/uploads\/sites\/5\/2020\/10\/iBomber-Defense-Level-7-Eastern-Mediterranean-Bottleneck-5-768x432.jpg",768,432,true],"large":["https:\/\/ibomberdefense.standardof.net\/wp-content\/uploads\/sites\/5\/2020\/10\/iBomber-Defense-Level-7-Eastern-Mediterranean-Bottleneck-5-800x450.jpg",800,450,true],"1536x1536":["https:\/\/ibomberdefense.standardof.net\/wp-content\/uploads\/sites\/5\/2020\/10\/iBomber-Defense-Level-7-Eastern-Mediterranean-Bottleneck-5.jpg",1280,720,false],"2048x2048":["https:\/\/ibomberdefense.standardof.net\/wp-content\/uploads\/sites\/5\/2020\/10\/iBomber-Defense-Level-7-Eastern-Mediterranean-Bottleneck-5.jpg",1280,720,false],"trp-custom-language-flag":["https:\/\/ibomberdefense.standardof.net\/wp-content\/uploads\/sites\/5\/2020\/10\/iBomber-Defense-Level-7-Eastern-Mediterranean-Bottleneck-5-16x9.jpg",16,9,true]},"uagb_author_info":{"display_name":"SOE","author_link":"https:\/\/ibomberdefense.standardof.net\/de\/author\/k-tastic\/"},"uagb_comment_info":0,"uagb_excerpt":"The seventh level in the Allied campaign, counting the bonus missions, is the Eastern Mediterranean map which has you defending a harbor with a trio of Islands that the enemy naval units will curve around from two main entrances on their route through to your base off-screen to the east. This time around we will&hellip;","_links":{"self":[{"href":"https:\/\/ibomberdefense.standardof.net\/de\/wp-json\/wp\/v2\/pages\/286"}],"collection":[{"href":"https:\/\/ibomberdefense.standardof.net\/de\/wp-json\/wp\/v2\/pages"}],"about":[{"href":"https:\/\/ibomberdefense.standardof.net\/de\/wp-json\/wp\/v2\/types\/page"}],"author":[{"embeddable":true,"href":"https:\/\/ibomberdefense.standardof.net\/de\/wp-json\/wp\/v2\/users\/1"}],"replies":[{"embeddable":true,"href":"https:\/\/ibomberdefense.standardof.net\/de\/wp-json\/wp\/v2\/comments?post=286"}],"version-history":[{"count":0,"href":"https:\/\/ibomberdefense.standardof.net\/de\/wp-json\/wp\/v2\/pages\/286\/revisions"}],"up":[{"embeddable":true,"href":"https:\/\/ibomberdefense.standardof.net\/de\/wp-json\/wp\/v2\/pages\/266"}],"wp:featuredmedia":[{"embeddable":true,"href":"https:\/\/ibomberdefense.standardof.net\/de\/wp-json\/wp\/v2\/media\/42"}],"wp:attachment":[{"href":"https:\/\/ibomberdefense.standardof.net\/de\/wp-json\/wp\/v2\/media?parent=286"}],"curies":[{"name":"wp","href":"https:\/\/api.w.org\/{rel}","templated":true}]}}