{"id":299,"date":"2020-10-19T06:25:43","date_gmt":"2020-10-19T06:25:43","guid":{"rendered":"https:\/\/ibomberdefense.standardof.net\/?page_id=299"},"modified":"2020-10-19T08:06:19","modified_gmt":"2020-10-19T08:06:19","slug":"9-south-east-europe-snowblind","status":"publish","type":"page","link":"https:\/\/ibomberdefense.standardof.net\/de\/guide\/alliierte-kampagne\/9-sudost-europa-schneeblind-2\/","title":{"rendered":"9. S\u00fcdosteuropa: Schneeblind"},"content":{"rendered":"<div class=\"wp-block-image\"><figure class=\"aligncenter size-large\"><a href=\"https:\/\/ibomberdefense.standardof.net\/de\/guide\/alliierte-kampagne\/9-sudost-europa-schneeblind-2\/ibomber-defense-level-9-south-east-europe-snowblind-1\/\"><img decoding=\"async\" width=\"800\" height=\"450\" src=\"https:\/\/ibomberdefense.standardof.net\/wp-content\/uploads\/sites\/5\/2020\/10\/iBomber-Defense-Level-9-South-East-Europe-Snowblind-1-800x450.jpg\" alt=\"&quot;iBomber Defense&quot; - Level 9 - S\u00fcdosteuropa: Schneeblind (1)\" class=\"wp-image-46\" title=\"\" srcset=\"https:\/\/ibomberdefense.standardof.net\/wp-content\/uploads\/sites\/5\/2020\/10\/iBomber-Defense-Level-9-South-East-Europe-Snowblind-1-800x450.jpg 800w, https:\/\/ibomberdefense.standardof.net\/wp-content\/uploads\/sites\/5\/2020\/10\/iBomber-Defense-Level-9-South-East-Europe-Snowblind-1-512x288.jpg 512w, https:\/\/ibomberdefense.standardof.net\/wp-content\/uploads\/sites\/5\/2020\/10\/iBomber-Defense-Level-9-South-East-Europe-Snowblind-1-200x113.jpg 200w, https:\/\/ibomberdefense.standardof.net\/wp-content\/uploads\/sites\/5\/2020\/10\/iBomber-Defense-Level-9-South-East-Europe-Snowblind-1-768x432.jpg 768w, https:\/\/ibomberdefense.standardof.net\/wp-content\/uploads\/sites\/5\/2020\/10\/iBomber-Defense-Level-9-South-East-Europe-Snowblind-1-16x9.jpg 16w, https:\/\/ibomberdefense.standardof.net\/wp-content\/uploads\/sites\/5\/2020\/10\/iBomber-Defense-Level-9-South-East-Europe-Snowblind-1.jpg 1280w\" sizes=\"(max-width: 800px) 100vw, 800px\" \/><\/a><figcaption>Pfade ankommender Feinde in S\u00fcdosteuropa der iBomber-Verteidigung. Rot, Gelb und Orange sind Bodeneinheiten, blaue Linie ist Flugzeug.<\/figcaption><\/figure><\/div>\n\n\n\n<p>Weiter in der alliierten Kampagne von <em>iBomber Defense<\/em> Es ist Zeit, sich dem s\u00fcdosteurop\u00e4ischen Niveau zu stellen, das in einem gr\u00fcnen Tal stattfindet, das um einen zentralen schneebedeckten Berg verl\u00e4uft und an den Seiten von noch gr\u00f6\u00dferen schneebedeckten K\u00e4mmen ges\u00e4umt ist. Sie m\u00fcssen sich insgesamt 40 Wellen von Feinden von kombinierten Bodeneinheiten und Flugzeugen stellen.<\/p>\n\n\n\n<p>Die Turmpositionierung konzentriert sich haupts\u00e4chlich auf die westliche H\u00e4lfte der Karte, wobei die T\u00fcrme auf dem Mittelberg platziert sind, um sowohl die obere als auch die untere Route zu erreichen. Lufteinheiten werden auf Stufe 20 auftauchen und es wird eine Bonus-Gegenangriffsmission geben, die sp\u00e4ter auf diese Stufe zur\u00fcckkehrt.<\/p>\n\n\n\n<h3 class=\"wp-block-heading\"><strong>Revolverplatzierung<\/strong><\/h3>\n\n\n\n<figure class=\"wp-block-gallery columns-2 is-cropped wp-block-gallery-1 is-layout-flex wp-block-gallery-is-layout-flex\"><ul class=\"blocks-gallery-grid\"><li class=\"blocks-gallery-item\"><figure><a href=\"https:\/\/ibomberdefense.standardof.net\/de\/guide\/alliierte-kampagne\/9-sudost-europa-schneeblind-2\/ibomber-defense-level-9-south-east-europe-snowblind-2\/\"><img decoding=\"async\" width=\"800\" height=\"450\" src=\"https:\/\/ibomberdefense.standardof.net\/wp-content\/uploads\/sites\/5\/2020\/10\/iBomber-Defense-Level-9-South-East-Europe-Snowblind-2-800x450.jpg\" alt=\"&quot;iBomber Defense&quot; - Level 9 - S\u00fcdosteuropa: Schneeblind (2)\" data-id=\"47\" data-full-url=\"https:\/\/ibomberdefense.standardof.net\/wp-content\/uploads\/sites\/5\/2020\/10\/iBomber-Defense-Level-9-South-East-Europe-Snowblind-2.jpg\" data-link=\"https:\/\/ibomberdefense.standardof.net\/guide\/allied-campaign\/9-south-east-europe-snowblind\/ibomber-defense-level-9-south-east-europe-snowblind-2\/\" class=\"wp-image-47\" title=\"\" srcset=\"https:\/\/ibomberdefense.standardof.net\/wp-content\/uploads\/sites\/5\/2020\/10\/iBomber-Defense-Level-9-South-East-Europe-Snowblind-2-800x450.jpg 800w, https:\/\/ibomberdefense.standardof.net\/wp-content\/uploads\/sites\/5\/2020\/10\/iBomber-Defense-Level-9-South-East-Europe-Snowblind-2-512x288.jpg 512w, https:\/\/ibomberdefense.standardof.net\/wp-content\/uploads\/sites\/5\/2020\/10\/iBomber-Defense-Level-9-South-East-Europe-Snowblind-2-200x113.jpg 200w, https:\/\/ibomberdefense.standardof.net\/wp-content\/uploads\/sites\/5\/2020\/10\/iBomber-Defense-Level-9-South-East-Europe-Snowblind-2-768x432.jpg 768w, https:\/\/ibomberdefense.standardof.net\/wp-content\/uploads\/sites\/5\/2020\/10\/iBomber-Defense-Level-9-South-East-Europe-Snowblind-2-16x9.jpg 16w, https:\/\/ibomberdefense.standardof.net\/wp-content\/uploads\/sites\/5\/2020\/10\/iBomber-Defense-Level-9-South-East-Europe-Snowblind-2.jpg 1280w\" sizes=\"(max-width: 800px) 100vw, 800px\" \/><\/a><figcaption class=\"blocks-gallery-item__caption\">Revolverplatzierung bei Welle 10.<\/figcaption><\/figure><\/li><li class=\"blocks-gallery-item\"><figure><a href=\"https:\/\/ibomberdefense.standardof.net\/de\/guide\/alliierte-kampagne\/9-sudost-europa-schneeblind-2\/ibomber-defense-level-9-south-east-europe-snowblind-3\/\"><img decoding=\"async\" width=\"800\" height=\"450\" src=\"https:\/\/ibomberdefense.standardof.net\/wp-content\/uploads\/sites\/5\/2020\/10\/iBomber-Defense-Level-9-South-East-Europe-Snowblind-3-800x450.jpg\" alt=\"&quot;iBomber Defense&quot; - Level 9 - S\u00fcdosteuropa: Schneeblind (3)\" data-id=\"48\" data-full-url=\"https:\/\/ibomberdefense.standardof.net\/wp-content\/uploads\/sites\/5\/2020\/10\/iBomber-Defense-Level-9-South-East-Europe-Snowblind-3.jpg\" data-link=\"https:\/\/ibomberdefense.standardof.net\/guide\/allied-campaign\/9-south-east-europe-snowblind\/ibomber-defense-level-9-south-east-europe-snowblind-3\/\" class=\"wp-image-48\" title=\"\" srcset=\"https:\/\/ibomberdefense.standardof.net\/wp-content\/uploads\/sites\/5\/2020\/10\/iBomber-Defense-Level-9-South-East-Europe-Snowblind-3-800x450.jpg 800w, https:\/\/ibomberdefense.standardof.net\/wp-content\/uploads\/sites\/5\/2020\/10\/iBomber-Defense-Level-9-South-East-Europe-Snowblind-3-512x288.jpg 512w, https:\/\/ibomberdefense.standardof.net\/wp-content\/uploads\/sites\/5\/2020\/10\/iBomber-Defense-Level-9-South-East-Europe-Snowblind-3-200x113.jpg 200w, https:\/\/ibomberdefense.standardof.net\/wp-content\/uploads\/sites\/5\/2020\/10\/iBomber-Defense-Level-9-South-East-Europe-Snowblind-3-768x432.jpg 768w, https:\/\/ibomberdefense.standardof.net\/wp-content\/uploads\/sites\/5\/2020\/10\/iBomber-Defense-Level-9-South-East-Europe-Snowblind-3-16x9.jpg 16w, https:\/\/ibomberdefense.standardof.net\/wp-content\/uploads\/sites\/5\/2020\/10\/iBomber-Defense-Level-9-South-East-Europe-Snowblind-3.jpg 1280w\" sizes=\"(max-width: 800px) 100vw, 800px\" \/><\/a><figcaption class=\"blocks-gallery-item__caption\">Revolverplatzierung bei Welle 20.<\/figcaption><\/figure><\/li><\/ul><\/figure>\n\n\n\n<p>Von der Startwelle bis zur Nummer zehn ist es am besten, sich darauf zu konzentrieren, zwei vollst\u00e4ndig aufger\u00fcstete Maschinengewehr-Gesch\u00fctzt\u00fcrme zu erhalten, einen an jedem Eingang mit einem zus\u00e4tzlichen an der Basis und einen Kanonenturm auf dem Mittelberg, der von dieser Position aus gegen beide schie\u00dfen kann Routen. Denken Sie daran, dass die Gegenangriffsmission eine neue Route unten links in der Mitte der Karte \u00f6ffnet, auf der Sie einen schneebedeckten Pfad sehen k\u00f6nnen.<\/p>\n\n\n\n<p>Gegen Welle zwanzig sollten Sie sich darauf konzentrieren, eine weitere Kanone auf dem Zentralberg zusammen mit einem AA-Turm f\u00fcr das ankommende Flugzeug zu bauen. Sie sollten sich auch darauf konzentrieren, neue zus\u00e4tzliche Feuerbasen mit Kommunikationst\u00fcrmen zu bauen, um das Interesse an den Nord- und S\u00fcdwestteilen der Karte in der N\u00e4he der Basis zu steigern und Interesse zu wecken.<\/p>\n\n\n\n<p>Von Welle 20 bis 30 sollten Sie daran arbeiten, Ihre Kommunikationst\u00fcrme zu Interessenszwecken zu verbessern, w\u00e4hrend Sie Kanonent\u00fcrme zu allen drei Standorten hinzuf\u00fcgen, auf denen bisher die Nord- und S\u00fcdwestseite der Karte und der Zentralberg aufgebaut sind. Arbeiten Sie auch in dieser Zeit daran, Ihren Anti-Luft-Turm auf Stufe 3 zu bringen.<\/p>\n\n\n\n<p>Die letzten zehn Wellen sollten sich darauf konzentrieren, den Zinsbonus jeder Runde zu maximieren, w\u00e4hrend Sie das zus\u00e4tzliche Geld verwenden, um alle Ihre Kanonent\u00fcrme auf Stufe 3 zu verbessern. Es lohnt sich, irgendwo auf dem zentralen Pfad, den die Flugzeuge nehmen, einen zweiten Luftabwehr-Turm hinzuzuf\u00fcgen. pers\u00f6nlich w\u00e4hle ich die Ostseite des Mittelberges.<\/p>\n\n\n\n<figure class=\"wp-block-gallery columns-2 is-cropped wp-block-gallery-2 is-layout-flex wp-block-gallery-is-layout-flex\"><ul class=\"blocks-gallery-grid\"><li class=\"blocks-gallery-item\"><figure><a href=\"https:\/\/ibomberdefense.standardof.net\/de\/guide\/alliierte-kampagne\/9-sudost-europa-schneeblind-2\/ibomber-defense-level-9-south-east-europe-snowblind-4\/\"><img decoding=\"async\" width=\"800\" height=\"450\" src=\"https:\/\/ibomberdefense.standardof.net\/wp-content\/uploads\/sites\/5\/2020\/10\/iBomber-Defense-Level-9-South-East-Europe-Snowblind-4-800x450.jpg\" alt=\"&quot;iBomber Defense&quot; - Level 9 - S\u00fcdosteuropa: Schneeblind (4)\" data-id=\"49\" data-full-url=\"https:\/\/ibomberdefense.standardof.net\/wp-content\/uploads\/sites\/5\/2020\/10\/iBomber-Defense-Level-9-South-East-Europe-Snowblind-4.jpg\" data-link=\"https:\/\/ibomberdefense.standardof.net\/guide\/allied-campaign\/9-south-east-europe-snowblind\/ibomber-defense-level-9-south-east-europe-snowblind-4\/\" class=\"wp-image-49\" title=\"\" srcset=\"https:\/\/ibomberdefense.standardof.net\/wp-content\/uploads\/sites\/5\/2020\/10\/iBomber-Defense-Level-9-South-East-Europe-Snowblind-4-800x450.jpg 800w, https:\/\/ibomberdefense.standardof.net\/wp-content\/uploads\/sites\/5\/2020\/10\/iBomber-Defense-Level-9-South-East-Europe-Snowblind-4-512x288.jpg 512w, https:\/\/ibomberdefense.standardof.net\/wp-content\/uploads\/sites\/5\/2020\/10\/iBomber-Defense-Level-9-South-East-Europe-Snowblind-4-200x113.jpg 200w, https:\/\/ibomberdefense.standardof.net\/wp-content\/uploads\/sites\/5\/2020\/10\/iBomber-Defense-Level-9-South-East-Europe-Snowblind-4-768x432.jpg 768w, https:\/\/ibomberdefense.standardof.net\/wp-content\/uploads\/sites\/5\/2020\/10\/iBomber-Defense-Level-9-South-East-Europe-Snowblind-4-16x9.jpg 16w, https:\/\/ibomberdefense.standardof.net\/wp-content\/uploads\/sites\/5\/2020\/10\/iBomber-Defense-Level-9-South-East-Europe-Snowblind-4.jpg 1280w\" sizes=\"(max-width: 800px) 100vw, 800px\" \/><\/a><figcaption class=\"blocks-gallery-item__caption\">Revolverplatzierung bei Welle 30.<\/figcaption><\/figure><\/li><li class=\"blocks-gallery-item\"><figure><a href=\"https:\/\/ibomberdefense.standardof.net\/de\/guide\/alliierte-kampagne\/9-sudost-europa-schneeblind-2\/ibomber-defense-level-9-south-east-europe-snowblind-5\/\"><img decoding=\"async\" width=\"800\" height=\"450\" src=\"https:\/\/ibomberdefense.standardof.net\/wp-content\/uploads\/sites\/5\/2020\/10\/iBomber-Defense-Level-9-South-East-Europe-Snowblind-5-800x450.jpg\" alt=\"&quot;iBomber Defense&quot; - Level 9 - S\u00fcdosteuropa: Schneeblind (5)\" data-id=\"50\" data-full-url=\"https:\/\/ibomberdefense.standardof.net\/wp-content\/uploads\/sites\/5\/2020\/10\/iBomber-Defense-Level-9-South-East-Europe-Snowblind-5.jpg\" data-link=\"https:\/\/ibomberdefense.standardof.net\/guide\/allied-campaign\/9-south-east-europe-snowblind\/ibomber-defense-level-9-south-east-europe-snowblind-5\/\" class=\"wp-image-50\" title=\"\" srcset=\"https:\/\/ibomberdefense.standardof.net\/wp-content\/uploads\/sites\/5\/2020\/10\/iBomber-Defense-Level-9-South-East-Europe-Snowblind-5-800x450.jpg 800w, https:\/\/ibomberdefense.standardof.net\/wp-content\/uploads\/sites\/5\/2020\/10\/iBomber-Defense-Level-9-South-East-Europe-Snowblind-5-512x288.jpg 512w, https:\/\/ibomberdefense.standardof.net\/wp-content\/uploads\/sites\/5\/2020\/10\/iBomber-Defense-Level-9-South-East-Europe-Snowblind-5-200x113.jpg 200w, https:\/\/ibomberdefense.standardof.net\/wp-content\/uploads\/sites\/5\/2020\/10\/iBomber-Defense-Level-9-South-East-Europe-Snowblind-5-768x432.jpg 768w, https:\/\/ibomberdefense.standardof.net\/wp-content\/uploads\/sites\/5\/2020\/10\/iBomber-Defense-Level-9-South-East-Europe-Snowblind-5-16x9.jpg 16w, https:\/\/ibomberdefense.standardof.net\/wp-content\/uploads\/sites\/5\/2020\/10\/iBomber-Defense-Level-9-South-East-Europe-Snowblind-5.jpg 1280w\" sizes=\"(max-width: 800px) 100vw, 800px\" \/><\/a><figcaption class=\"blocks-gallery-item__caption\">Revolverplatzierung bei Welle 40.<\/figcaption><\/figure><\/li><\/ul><\/figure>\n\n\n\n<hr class=\"wp-block-separator\"\/>\n\n\n\n<h4 class=\"has-text-align-center wp-block-heading\">Videoanleitung<\/h4>\n\n\n\n<figure class=\"wp-block-embed-youtube wp-block-embed is-type-video is-provider-youtube wp-embed-aspect-4-3 wp-has-aspect-ratio\"><div class=\"wp-block-embed__wrapper\">\n<div class=\"ast-oembed-container\" style=\"height: 100%;\"><iframe title=\"iBomber Defense - S\u00fcdosteuropa - Schneeblind - Veteran + Perfekt\" width=\"500\" height=\"281\" src=\"https:\/\/www.youtube.com\/embed\/qZ8uu88C06g?feature=oembed\" frameborder=\"0\" allow=\"accelerometer; autoplay; clipboard-write; encrypted-media; gyroscope; picture-in-picture; web-share\" referrerpolicy=\"strict-origin-when-cross-origin\" allowfullscreen><\/iframe><\/div>\n<\/div><\/figure>","protected":false},"excerpt":{"rendered":"<p>Proceeding onwards in the Allied campaign of iBomber Defense it is time to face the South East Europe level, taking place in a green valley that runs around a central snow covered mountain and lined with even larger snow covered ridges along the sides. You will have to face a total of 40 waves of [&hellip;]<\/p>","protected":false},"author":1,"featured_media":50,"parent":266,"menu_order":9,"comment_status":"open","ping_status":"closed","template":"","meta":{"_uag_custom_page_level_css":"","site-sidebar-layout":"default","site-content-layout":"default","ast-site-content-layout":"","site-content-style":"default","site-sidebar-style":"default","ast-global-header-display":"","ast-banner-title-visibility":"","ast-main-header-display":"","ast-hfb-above-header-display":"","ast-hfb-below-header-display":"","ast-hfb-mobile-header-display":"","site-post-title":"","ast-breadcrumbs-content":"","ast-featured-img":"","footer-sml-layout":"","theme-transparent-header-meta":"default","adv-header-id-meta":"","stick-header-meta":"","header-above-stick-meta":"","header-main-stick-meta":"","header-below-stick-meta":"","astra-migrate-meta-layouts":"default","ast-page-background-enabled":"default","ast-page-background-meta":{"desktop":{"background-color":"","background-image":"","background-repeat":"repeat","background-position":"center center","background-size":"auto","background-attachment":"scroll","background-type":"","background-media":"","overlay-type":"","overlay-color":"","overlay-gradient":""},"tablet":{"background-color":"","background-image":"","background-repeat":"repeat","background-position":"center center","background-size":"auto","background-attachment":"scroll","background-type":"","background-media":"","overlay-type":"","overlay-color":"","overlay-gradient":""},"mobile":{"background-color":"","background-image":"","background-repeat":"repeat","background-position":"center center","background-size":"auto","background-attachment":"scroll","background-type":"","background-media":"","overlay-type":"","overlay-color":"","overlay-gradient":""}},"ast-content-background-meta":{"desktop":{"background-color":"var(--ast-global-color-5)","background-image":"","background-repeat":"repeat","background-position":"center center","background-size":"auto","background-attachment":"scroll","background-type":"","background-media":"","overlay-type":"","overlay-color":"","overlay-gradient":""},"tablet":{"background-color":"var(--ast-global-color-5)","background-image":"","background-repeat":"repeat","background-position":"center center","background-size":"auto","background-attachment":"scroll","background-type":"","background-media":"","overlay-type":"","overlay-color":"","overlay-gradient":""},"mobile":{"background-color":"var(--ast-global-color-5)","background-image":"","background-repeat":"repeat","background-position":"center center","background-size":"auto","background-attachment":"scroll","background-type":"","background-media":"","overlay-type":"","overlay-color":"","overlay-gradient":""}},"footnotes":""},"uagb_featured_image_src":{"full":["https:\/\/ibomberdefense.standardof.net\/wp-content\/uploads\/sites\/5\/2020\/10\/iBomber-Defense-Level-9-South-East-Europe-Snowblind-5.jpg",1280,720,false],"thumbnail":["https:\/\/ibomberdefense.standardof.net\/wp-content\/uploads\/sites\/5\/2020\/10\/iBomber-Defense-Level-9-South-East-Europe-Snowblind-5-200x113.jpg",200,113,true],"medium":["https:\/\/ibomberdefense.standardof.net\/wp-content\/uploads\/sites\/5\/2020\/10\/iBomber-Defense-Level-9-South-East-Europe-Snowblind-5-512x288.jpg",512,288,true],"medium_large":["https:\/\/ibomberdefense.standardof.net\/wp-content\/uploads\/sites\/5\/2020\/10\/iBomber-Defense-Level-9-South-East-Europe-Snowblind-5-768x432.jpg",768,432,true],"large":["https:\/\/ibomberdefense.standardof.net\/wp-content\/uploads\/sites\/5\/2020\/10\/iBomber-Defense-Level-9-South-East-Europe-Snowblind-5-800x450.jpg",800,450,true],"1536x1536":["https:\/\/ibomberdefense.standardof.net\/wp-content\/uploads\/sites\/5\/2020\/10\/iBomber-Defense-Level-9-South-East-Europe-Snowblind-5.jpg",1280,720,false],"2048x2048":["https:\/\/ibomberdefense.standardof.net\/wp-content\/uploads\/sites\/5\/2020\/10\/iBomber-Defense-Level-9-South-East-Europe-Snowblind-5.jpg",1280,720,false],"trp-custom-language-flag":["https:\/\/ibomberdefense.standardof.net\/wp-content\/uploads\/sites\/5\/2020\/10\/iBomber-Defense-Level-9-South-East-Europe-Snowblind-5-16x9.jpg",16,9,true]},"uagb_author_info":{"display_name":"SOE","author_link":"https:\/\/ibomberdefense.standardof.net\/de\/author\/k-tastic\/"},"uagb_comment_info":0,"uagb_excerpt":"Proceeding onwards in the Allied campaign of iBomber Defense it is time to face the South East Europe level, taking place in a green valley that runs around a central snow covered mountain and lined with even larger snow covered ridges along the sides. You will have to face a total of 40 waves of&hellip;","_links":{"self":[{"href":"https:\/\/ibomberdefense.standardof.net\/de\/wp-json\/wp\/v2\/pages\/299"}],"collection":[{"href":"https:\/\/ibomberdefense.standardof.net\/de\/wp-json\/wp\/v2\/pages"}],"about":[{"href":"https:\/\/ibomberdefense.standardof.net\/de\/wp-json\/wp\/v2\/types\/page"}],"author":[{"embeddable":true,"href":"https:\/\/ibomberdefense.standardof.net\/de\/wp-json\/wp\/v2\/users\/1"}],"replies":[{"embeddable":true,"href":"https:\/\/ibomberdefense.standardof.net\/de\/wp-json\/wp\/v2\/comments?post=299"}],"version-history":[{"count":0,"href":"https:\/\/ibomberdefense.standardof.net\/de\/wp-json\/wp\/v2\/pages\/299\/revisions"}],"up":[{"embeddable":true,"href":"https:\/\/ibomberdefense.standardof.net\/de\/wp-json\/wp\/v2\/pages\/266"}],"wp:featuredmedia":[{"embeddable":true,"href":"https:\/\/ibomberdefense.standardof.net\/de\/wp-json\/wp\/v2\/media\/50"}],"wp:attachment":[{"href":"https:\/\/ibomberdefense.standardof.net\/de\/wp-json\/wp\/v2\/media?parent=299"}],"curies":[{"name":"wp","href":"https:\/\/api.w.org\/{rel}","templated":true}]}}