{"id":300,"date":"2020-10-19T06:26:07","date_gmt":"2020-10-19T06:26:07","guid":{"rendered":"https:\/\/ibomberdefense.standardof.net\/?page_id=300"},"modified":"2020-10-19T08:06:23","modified_gmt":"2020-10-19T08:06:23","slug":"10-western-russia-barbarossa","status":"publish","type":"page","link":"https:\/\/ibomberdefense.standardof.net\/de\/guide\/alliierte-kampagne\/10-westrussland-barbarossa-2\/","title":{"rendered":"10. Westrussland: Barbarossa"},"content":{"rendered":"<div class=\"wp-block-image\"><figure class=\"aligncenter size-large\"><a href=\"https:\/\/ibomberdefense.standardof.net\/de\/guide\/alliierte-kampagne\/10-westrussland-barbarossa-2\/ibomber-defense-level-10-western-russia-barbarossa-1\/\"><img decoding=\"async\" width=\"800\" height=\"450\" src=\"https:\/\/ibomberdefense.standardof.net\/wp-content\/uploads\/sites\/5\/2020\/10\/iBomber-Defense-Level-10-Western-Russia-Barbarossa-1-800x450.jpg\" alt=\"&quot;iBomber Defense&quot; - Level 10 - Westrussland: Barbarossa (1)\" class=\"wp-image-51\" title=\"\" srcset=\"https:\/\/ibomberdefense.standardof.net\/wp-content\/uploads\/sites\/5\/2020\/10\/iBomber-Defense-Level-10-Western-Russia-Barbarossa-1-800x450.jpg 800w, https:\/\/ibomberdefense.standardof.net\/wp-content\/uploads\/sites\/5\/2020\/10\/iBomber-Defense-Level-10-Western-Russia-Barbarossa-1-512x288.jpg 512w, https:\/\/ibomberdefense.standardof.net\/wp-content\/uploads\/sites\/5\/2020\/10\/iBomber-Defense-Level-10-Western-Russia-Barbarossa-1-200x113.jpg 200w, https:\/\/ibomberdefense.standardof.net\/wp-content\/uploads\/sites\/5\/2020\/10\/iBomber-Defense-Level-10-Western-Russia-Barbarossa-1-768x432.jpg 768w, https:\/\/ibomberdefense.standardof.net\/wp-content\/uploads\/sites\/5\/2020\/10\/iBomber-Defense-Level-10-Western-Russia-Barbarossa-1-16x9.jpg 16w, https:\/\/ibomberdefense.standardof.net\/wp-content\/uploads\/sites\/5\/2020\/10\/iBomber-Defense-Level-10-Western-Russia-Barbarossa-1.jpg 1280w\" sizes=\"(max-width: 800px) 100vw, 800px\" \/><\/a><figcaption>Wege der Bodeneinheiten in Westrussland.<\/figcaption><\/figure><\/div>\n\n\n\n<p>Das zehnte Level in der alliierten Kampagne von <em>iBomber Defense<\/em> und die dritte Mission in dieser zweiten H\u00e4lfte des Walkthrough-Leitfadens f\u00fchrt uns in die schneebedeckten L\u00e4nder Westrusslands. Sie werden vierzig Wellen von Bodeneinheiten gegen\u00fcberstehen, die von drei Stra\u00dfen kommen, die von Nordwesten, Nordosten und S\u00fcdwesten ausgehen und sich in Richtung der Kartenmitte drehen, auf der die Basis liegt. In diesem Level gibt es keine Lufteinheiten.<\/p>\n\n\n\n<p>Die Platzierung der T\u00fcrme in Westrussland wird sich darauf konzentrieren, eine dicke Linie von haupts\u00e4chlich Kanonen zu erstellen, die alle durch Kommunikationst\u00fcrme verst\u00e4rkt werden, die sich \u00fcber die Mitte der Karte erstrecken. Dieses Level bietet ausgezeichnete Orte, um viele T\u00fcrme zu platzieren, die mehrere Routen abdecken.<\/p>\n\n\n\n<h3 class=\"wp-block-heading\"><strong>Revolverplatzierung<\/strong><\/h3>\n\n\n\n<figure class=\"wp-block-gallery columns-2 is-cropped wp-block-gallery-1 is-layout-flex wp-block-gallery-is-layout-flex\"><ul class=\"blocks-gallery-grid\"><li class=\"blocks-gallery-item\"><figure><a href=\"https:\/\/ibomberdefense.standardof.net\/de\/guide\/alliierte-kampagne\/10-westrussland-barbarossa-2\/ibomber-defense-level-10-western-russia-barbarossa-2\/\"><img decoding=\"async\" width=\"800\" height=\"450\" src=\"https:\/\/ibomberdefense.standardof.net\/wp-content\/uploads\/sites\/5\/2020\/10\/iBomber-Defense-Level-10-Western-Russia-Barbarossa-2-800x450.jpg\" alt=\"&quot;iBomber Defense&quot; - Level 10 - Westrussland: Barbarossa (2)\" data-id=\"52\" data-full-url=\"https:\/\/ibomberdefense.standardof.net\/wp-content\/uploads\/sites\/5\/2020\/10\/iBomber-Defense-Level-10-Western-Russia-Barbarossa-2.jpg\" data-link=\"https:\/\/ibomberdefense.standardof.net\/guide\/allied-campaign\/10-western-russia-barbarossa\/ibomber-defense-level-10-western-russia-barbarossa-2\/\" class=\"wp-image-52\" title=\"\" srcset=\"https:\/\/ibomberdefense.standardof.net\/wp-content\/uploads\/sites\/5\/2020\/10\/iBomber-Defense-Level-10-Western-Russia-Barbarossa-2-800x450.jpg 800w, https:\/\/ibomberdefense.standardof.net\/wp-content\/uploads\/sites\/5\/2020\/10\/iBomber-Defense-Level-10-Western-Russia-Barbarossa-2-512x288.jpg 512w, https:\/\/ibomberdefense.standardof.net\/wp-content\/uploads\/sites\/5\/2020\/10\/iBomber-Defense-Level-10-Western-Russia-Barbarossa-2-200x113.jpg 200w, https:\/\/ibomberdefense.standardof.net\/wp-content\/uploads\/sites\/5\/2020\/10\/iBomber-Defense-Level-10-Western-Russia-Barbarossa-2-768x432.jpg 768w, https:\/\/ibomberdefense.standardof.net\/wp-content\/uploads\/sites\/5\/2020\/10\/iBomber-Defense-Level-10-Western-Russia-Barbarossa-2-16x9.jpg 16w, https:\/\/ibomberdefense.standardof.net\/wp-content\/uploads\/sites\/5\/2020\/10\/iBomber-Defense-Level-10-Western-Russia-Barbarossa-2.jpg 1280w\" sizes=\"(max-width: 800px) 100vw, 800px\" \/><\/a><figcaption class=\"blocks-gallery-item__caption\">Platzierung des Revolvers der Welle 10.<\/figcaption><\/figure><\/li><li class=\"blocks-gallery-item\"><figure><a href=\"https:\/\/ibomberdefense.standardof.net\/de\/guide\/alliierte-kampagne\/10-westrussland-barbarossa-2\/ibomber-defense-level-10-western-russia-barbarossa-3\/\"><img decoding=\"async\" width=\"800\" height=\"450\" src=\"https:\/\/ibomberdefense.standardof.net\/wp-content\/uploads\/sites\/5\/2020\/10\/iBomber-Defense-Level-10-Western-Russia-Barbarossa-3-800x450.jpg\" alt=\"&quot;iBomber Defense&quot; - Level 10 - Westrussland: Barbarossa (3)\" data-id=\"53\" data-full-url=\"https:\/\/ibomberdefense.standardof.net\/wp-content\/uploads\/sites\/5\/2020\/10\/iBomber-Defense-Level-10-Western-Russia-Barbarossa-3.jpg\" data-link=\"https:\/\/ibomberdefense.standardof.net\/guide\/allied-campaign\/10-western-russia-barbarossa\/ibomber-defense-level-10-western-russia-barbarossa-3\/\" class=\"wp-image-53\" title=\"\" srcset=\"https:\/\/ibomberdefense.standardof.net\/wp-content\/uploads\/sites\/5\/2020\/10\/iBomber-Defense-Level-10-Western-Russia-Barbarossa-3-800x450.jpg 800w, https:\/\/ibomberdefense.standardof.net\/wp-content\/uploads\/sites\/5\/2020\/10\/iBomber-Defense-Level-10-Western-Russia-Barbarossa-3-512x288.jpg 512w, https:\/\/ibomberdefense.standardof.net\/wp-content\/uploads\/sites\/5\/2020\/10\/iBomber-Defense-Level-10-Western-Russia-Barbarossa-3-200x113.jpg 200w, https:\/\/ibomberdefense.standardof.net\/wp-content\/uploads\/sites\/5\/2020\/10\/iBomber-Defense-Level-10-Western-Russia-Barbarossa-3-768x432.jpg 768w, https:\/\/ibomberdefense.standardof.net\/wp-content\/uploads\/sites\/5\/2020\/10\/iBomber-Defense-Level-10-Western-Russia-Barbarossa-3-16x9.jpg 16w, https:\/\/ibomberdefense.standardof.net\/wp-content\/uploads\/sites\/5\/2020\/10\/iBomber-Defense-Level-10-Western-Russia-Barbarossa-3.jpg 1280w\" sizes=\"(max-width: 800px) 100vw, 800px\" \/><\/a><figcaption class=\"blocks-gallery-item__caption\">Platzierung des Revolvers der Welle 20.<\/figcaption><\/figure><\/li><\/ul><\/figure>\n\n\n\n<p>Vom Start bis zur Welle 10 sollten Sie sich darauf konzentrieren, wie es normalerweise bei Bodentruppen der Fall ist, zun\u00e4chst ein Paar Maschinengewehre der Stufe 3 zu bauen, eines auf jeder Seite des Punktes, an dem alle drei Pfade zusammenlaufen. Sobald diese verf\u00fcgbar sind, k\u00f6nnen Sie ein weiteres Maschinengewehr hinzuf\u00fcgen, um links neben dem winzigen Plateau in der N\u00e4he Ihrer Basis mit dem Upgrade zu beginnen.<\/p>\n\n\n\n<p>Das Erreichen von Welle 20 sollte das Erweitern der Turmverteidigung umfassen, die Sie sowohl auf der rechten als auch auf der linken Seite der Basis haben. Jede Verteidigung wird durch Kommunikationst\u00fcrme der Stufe 2 unterst\u00fctzt, die anfangen sollten, Interesse f\u00fcr Sie zu wecken. Stellen Sie sicher, dass Sie auf beiden Seiten Kanonen der Stufe 1 zusammen mit zus\u00e4tzlichen Maschinengewehren platzieren.<\/p>\n\n\n\n<p>Beginnen Sie auf Ihrem Weg zur Welle drei\u00dfig in Westrussland mit dem Bau einer Ableger-Turmbasis, bei der die Eingangsstra\u00dfen oben rechts und unten links zu einer zusammenlaufen, bevor Sie sich vor der Basis mit der Stra\u00dfe oben links treffen. Versuchen Sie, drei Kommunikationst\u00fcrme der Stufe 3 und alle platzierten T\u00fcrme auf ihre maximale Stufe zu bringen. Sabotaget\u00fcrme k\u00f6nnen hier hilfreich sein, um die kurzen Entfernungen auszugleichen, mit denen Sie den Feind aufhalten m\u00fcssen.<\/p>\n\n\n\n<p>Zwischen Welle 30 und schlie\u00dflich Welle 40 sollten Sie in der Lage sein, das enorme Interesse, das Sie an jeder Welle haben, zu nutzen, um Kanonenfelder anzuh\u00e4ufen, um den Feind zu \u00fcberw\u00e4ltigen. Denken Sie daran, die Bilder rechts und das Video unten zu verwenden, um genauere Informationen zu meinen Turmplatzierungen zu erhalten.<\/p>\n\n\n\n<figure class=\"wp-block-gallery columns-2 is-cropped wp-block-gallery-2 is-layout-flex wp-block-gallery-is-layout-flex\"><ul class=\"blocks-gallery-grid\"><li class=\"blocks-gallery-item\"><figure><a href=\"https:\/\/ibomberdefense.standardof.net\/de\/guide\/alliierte-kampagne\/10-westrussland-barbarossa-2\/ibomber-defense-level-10-western-russia-barbarossa-4\/\"><img decoding=\"async\" width=\"800\" height=\"450\" src=\"https:\/\/ibomberdefense.standardof.net\/wp-content\/uploads\/sites\/5\/2020\/10\/iBomber-Defense-Level-10-Western-Russia-Barbarossa-4-800x450.jpg\" alt=\"&quot;iBomber Defense&quot; - Level 10 - Westrussland: Barbarossa (4)\" data-id=\"54\" data-full-url=\"https:\/\/ibomberdefense.standardof.net\/wp-content\/uploads\/sites\/5\/2020\/10\/iBomber-Defense-Level-10-Western-Russia-Barbarossa-4.jpg\" data-link=\"https:\/\/ibomberdefense.standardof.net\/guide\/allied-campaign\/10-western-russia-barbarossa\/ibomber-defense-level-10-western-russia-barbarossa-4\/\" class=\"wp-image-54\" title=\"\" srcset=\"https:\/\/ibomberdefense.standardof.net\/wp-content\/uploads\/sites\/5\/2020\/10\/iBomber-Defense-Level-10-Western-Russia-Barbarossa-4-800x450.jpg 800w, https:\/\/ibomberdefense.standardof.net\/wp-content\/uploads\/sites\/5\/2020\/10\/iBomber-Defense-Level-10-Western-Russia-Barbarossa-4-512x288.jpg 512w, https:\/\/ibomberdefense.standardof.net\/wp-content\/uploads\/sites\/5\/2020\/10\/iBomber-Defense-Level-10-Western-Russia-Barbarossa-4-200x113.jpg 200w, https:\/\/ibomberdefense.standardof.net\/wp-content\/uploads\/sites\/5\/2020\/10\/iBomber-Defense-Level-10-Western-Russia-Barbarossa-4-768x432.jpg 768w, https:\/\/ibomberdefense.standardof.net\/wp-content\/uploads\/sites\/5\/2020\/10\/iBomber-Defense-Level-10-Western-Russia-Barbarossa-4-16x9.jpg 16w, https:\/\/ibomberdefense.standardof.net\/wp-content\/uploads\/sites\/5\/2020\/10\/iBomber-Defense-Level-10-Western-Russia-Barbarossa-4.jpg 1280w\" sizes=\"(max-width: 800px) 100vw, 800px\" \/><\/a><figcaption class=\"blocks-gallery-item__caption\">Platzierung des Revolvers der Welle 30.<\/figcaption><\/figure><\/li><li class=\"blocks-gallery-item\"><figure><a href=\"https:\/\/ibomberdefense.standardof.net\/de\/guide\/alliierte-kampagne\/10-westrussland-barbarossa-2\/ibomber-defense-level-10-western-russia-barbarossa-5\/\"><img decoding=\"async\" width=\"800\" height=\"450\" src=\"https:\/\/ibomberdefense.standardof.net\/wp-content\/uploads\/sites\/5\/2020\/10\/iBomber-Defense-Level-10-Western-Russia-Barbarossa-5-800x450.jpg\" alt=\"&quot;iBomber Defense&quot; - Level 10 - Westrussland: Barbarossa (5)\" data-id=\"55\" data-full-url=\"https:\/\/ibomberdefense.standardof.net\/wp-content\/uploads\/sites\/5\/2020\/10\/iBomber-Defense-Level-10-Western-Russia-Barbarossa-5.jpg\" data-link=\"https:\/\/ibomberdefense.standardof.net\/guide\/allied-campaign\/10-western-russia-barbarossa\/ibomber-defense-level-10-western-russia-barbarossa-5\/\" class=\"wp-image-55\" title=\"\" srcset=\"https:\/\/ibomberdefense.standardof.net\/wp-content\/uploads\/sites\/5\/2020\/10\/iBomber-Defense-Level-10-Western-Russia-Barbarossa-5-800x450.jpg 800w, https:\/\/ibomberdefense.standardof.net\/wp-content\/uploads\/sites\/5\/2020\/10\/iBomber-Defense-Level-10-Western-Russia-Barbarossa-5-512x288.jpg 512w, https:\/\/ibomberdefense.standardof.net\/wp-content\/uploads\/sites\/5\/2020\/10\/iBomber-Defense-Level-10-Western-Russia-Barbarossa-5-200x113.jpg 200w, https:\/\/ibomberdefense.standardof.net\/wp-content\/uploads\/sites\/5\/2020\/10\/iBomber-Defense-Level-10-Western-Russia-Barbarossa-5-768x432.jpg 768w, https:\/\/ibomberdefense.standardof.net\/wp-content\/uploads\/sites\/5\/2020\/10\/iBomber-Defense-Level-10-Western-Russia-Barbarossa-5-16x9.jpg 16w, https:\/\/ibomberdefense.standardof.net\/wp-content\/uploads\/sites\/5\/2020\/10\/iBomber-Defense-Level-10-Western-Russia-Barbarossa-5.jpg 1280w\" sizes=\"(max-width: 800px) 100vw, 800px\" \/><\/a><figcaption class=\"blocks-gallery-item__caption\">Platzierung des Revolvers der Welle 40.<\/figcaption><\/figure><\/li><\/ul><\/figure>\n\n\n\n<hr class=\"wp-block-separator\"\/>\n\n\n\n<h4 class=\"has-text-align-center wp-block-heading\">Videoanleitung<\/h4>\n\n\n\n<figure class=\"wp-block-embed-youtube wp-block-embed is-type-video is-provider-youtube wp-embed-aspect-16-9 wp-has-aspect-ratio\"><div class=\"wp-block-embed__wrapper\">\n<div class=\"ast-oembed-container\" style=\"height: 100%;\"><iframe title=\"iBomber Defense - Westrussland - Barbarossa - Veteran + Perfekt\" width=\"500\" height=\"281\" src=\"https:\/\/www.youtube.com\/embed\/UuXaSzCxym8?feature=oembed\" frameborder=\"0\" allow=\"accelerometer; autoplay; clipboard-write; encrypted-media; gyroscope; picture-in-picture; web-share\" referrerpolicy=\"strict-origin-when-cross-origin\" allowfullscreen><\/iframe><\/div>\n<\/div><\/figure>","protected":false},"excerpt":{"rendered":"<p>The tenth level in the Allied campaign of iBomber Defense and the third mission in this second half of the walkthrough guide takes us to the snow covered lands of Western Russia. You will be facing forty waves of ground units that come from 3 roads emanating from the northwest, northeast and southwest, curling around [&hellip;]<\/p>","protected":false},"author":1,"featured_media":55,"parent":266,"menu_order":10,"comment_status":"open","ping_status":"closed","template":"","meta":{"_uag_custom_page_level_css":"","site-sidebar-layout":"default","site-content-layout":"default","ast-site-content-layout":"","site-content-style":"default","site-sidebar-style":"default","ast-global-header-display":"","ast-banner-title-visibility":"","ast-main-header-display":"","ast-hfb-above-header-display":"","ast-hfb-below-header-display":"","ast-hfb-mobile-header-display":"","site-post-title":"","ast-breadcrumbs-content":"","ast-featured-img":"","footer-sml-layout":"","theme-transparent-header-meta":"default","adv-header-id-meta":"","stick-header-meta":"","header-above-stick-meta":"","header-main-stick-meta":"","header-below-stick-meta":"","astra-migrate-meta-layouts":"default","ast-page-background-enabled":"default","ast-page-background-meta":{"desktop":{"background-color":"","background-image":"","background-repeat":"repeat","background-position":"center center","background-size":"auto","background-attachment":"scroll","background-type":"","background-media":"","overlay-type":"","overlay-color":"","overlay-gradient":""},"tablet":{"background-color":"","background-image":"","background-repeat":"repeat","background-position":"center center","background-size":"auto","background-attachment":"scroll","background-type":"","background-media":"","overlay-type":"","overlay-color":"","overlay-gradient":""},"mobile":{"background-color":"","background-image":"","background-repeat":"repeat","background-position":"center center","background-size":"auto","background-attachment":"scroll","background-type":"","background-media":"","overlay-type":"","overlay-color":"","overlay-gradient":""}},"ast-content-background-meta":{"desktop":{"background-color":"var(--ast-global-color-5)","background-image":"","background-repeat":"repeat","background-position":"center center","background-size":"auto","background-attachment":"scroll","background-type":"","background-media":"","overlay-type":"","overlay-color":"","overlay-gradient":""},"tablet":{"background-color":"var(--ast-global-color-5)","background-image":"","background-repeat":"repeat","background-position":"center center","background-size":"auto","background-attachment":"scroll","background-type":"","background-media":"","overlay-type":"","overlay-color":"","overlay-gradient":""},"mobile":{"background-color":"var(--ast-global-color-5)","background-image":"","background-repeat":"repeat","background-position":"center center","background-size":"auto","background-attachment":"scroll","background-type":"","background-media":"","overlay-type":"","overlay-color":"","overlay-gradient":""}},"footnotes":""},"uagb_featured_image_src":{"full":["https:\/\/ibomberdefense.standardof.net\/wp-content\/uploads\/sites\/5\/2020\/10\/iBomber-Defense-Level-10-Western-Russia-Barbarossa-5.jpg",1280,720,false],"thumbnail":["https:\/\/ibomberdefense.standardof.net\/wp-content\/uploads\/sites\/5\/2020\/10\/iBomber-Defense-Level-10-Western-Russia-Barbarossa-5-200x113.jpg",200,113,true],"medium":["https:\/\/ibomberdefense.standardof.net\/wp-content\/uploads\/sites\/5\/2020\/10\/iBomber-Defense-Level-10-Western-Russia-Barbarossa-5-512x288.jpg",512,288,true],"medium_large":["https:\/\/ibomberdefense.standardof.net\/wp-content\/uploads\/sites\/5\/2020\/10\/iBomber-Defense-Level-10-Western-Russia-Barbarossa-5-768x432.jpg",768,432,true],"large":["https:\/\/ibomberdefense.standardof.net\/wp-content\/uploads\/sites\/5\/2020\/10\/iBomber-Defense-Level-10-Western-Russia-Barbarossa-5-800x450.jpg",800,450,true],"1536x1536":["https:\/\/ibomberdefense.standardof.net\/wp-content\/uploads\/sites\/5\/2020\/10\/iBomber-Defense-Level-10-Western-Russia-Barbarossa-5.jpg",1280,720,false],"2048x2048":["https:\/\/ibomberdefense.standardof.net\/wp-content\/uploads\/sites\/5\/2020\/10\/iBomber-Defense-Level-10-Western-Russia-Barbarossa-5.jpg",1280,720,false],"trp-custom-language-flag":["https:\/\/ibomberdefense.standardof.net\/wp-content\/uploads\/sites\/5\/2020\/10\/iBomber-Defense-Level-10-Western-Russia-Barbarossa-5-16x9.jpg",16,9,true]},"uagb_author_info":{"display_name":"SOE","author_link":"https:\/\/ibomberdefense.standardof.net\/de\/author\/k-tastic\/"},"uagb_comment_info":0,"uagb_excerpt":"The tenth level in the Allied campaign of iBomber Defense and the third mission in this second half of the walkthrough guide takes us to the snow covered lands of Western Russia. You will be facing forty waves of ground units that come from 3 roads emanating from the northwest, northeast and southwest, curling around&hellip;","_links":{"self":[{"href":"https:\/\/ibomberdefense.standardof.net\/de\/wp-json\/wp\/v2\/pages\/300"}],"collection":[{"href":"https:\/\/ibomberdefense.standardof.net\/de\/wp-json\/wp\/v2\/pages"}],"about":[{"href":"https:\/\/ibomberdefense.standardof.net\/de\/wp-json\/wp\/v2\/types\/page"}],"author":[{"embeddable":true,"href":"https:\/\/ibomberdefense.standardof.net\/de\/wp-json\/wp\/v2\/users\/1"}],"replies":[{"embeddable":true,"href":"https:\/\/ibomberdefense.standardof.net\/de\/wp-json\/wp\/v2\/comments?post=300"}],"version-history":[{"count":0,"href":"https:\/\/ibomberdefense.standardof.net\/de\/wp-json\/wp\/v2\/pages\/300\/revisions"}],"up":[{"embeddable":true,"href":"https:\/\/ibomberdefense.standardof.net\/de\/wp-json\/wp\/v2\/pages\/266"}],"wp:featuredmedia":[{"embeddable":true,"href":"https:\/\/ibomberdefense.standardof.net\/de\/wp-json\/wp\/v2\/media\/55"}],"wp:attachment":[{"href":"https:\/\/ibomberdefense.standardof.net\/de\/wp-json\/wp\/v2\/media?parent=300"}],"curies":[{"name":"wp","href":"https:\/\/api.w.org\/{rel}","templated":true}]}}