{"id":301,"date":"2020-10-19T06:26:26","date_gmt":"2020-10-19T06:26:26","guid":{"rendered":"https:\/\/ibomberdefense.standardof.net\/?page_id=301"},"modified":"2020-10-19T08:06:28","modified_gmt":"2020-10-19T08:06:28","slug":"11-north-east-europe-heart-of-oak","status":"publish","type":"page","link":"https:\/\/ibomberdefense.standardof.net\/de\/guide\/alliierte-kampagne\/11-nordost-europa-herz-aus-eiche\/","title":{"rendered":"11. Nordosteuropa: Herz aus Eiche"},"content":{"rendered":"<div class=\"wp-block-image\"><figure class=\"aligncenter size-large\"><a href=\"https:\/\/ibomberdefense.standardof.net\/de\/guide\/alliierte-kampagne\/11-nordost-europa-herz-aus-eiche\/ibomber-defense-level-11-north-east-europe-heart-of-oak-1\/\"><img decoding=\"async\" width=\"800\" height=\"450\" src=\"https:\/\/ibomberdefense.standardof.net\/wp-content\/uploads\/sites\/5\/2020\/10\/iBomber-Defense-Level-11-North-East-Europe-Heart-of-Oak-1-800x450.jpg\" alt=\"&quot;iBomber Defense&quot; - Level 11 - Nordosteuropa: Herz aus Eiche (1)\" class=\"wp-image-56\" title=\"\" srcset=\"https:\/\/ibomberdefense.standardof.net\/wp-content\/uploads\/sites\/5\/2020\/10\/iBomber-Defense-Level-11-North-East-Europe-Heart-of-Oak-1-800x450.jpg 800w, https:\/\/ibomberdefense.standardof.net\/wp-content\/uploads\/sites\/5\/2020\/10\/iBomber-Defense-Level-11-North-East-Europe-Heart-of-Oak-1-512x288.jpg 512w, https:\/\/ibomberdefense.standardof.net\/wp-content\/uploads\/sites\/5\/2020\/10\/iBomber-Defense-Level-11-North-East-Europe-Heart-of-Oak-1-200x113.jpg 200w, https:\/\/ibomberdefense.standardof.net\/wp-content\/uploads\/sites\/5\/2020\/10\/iBomber-Defense-Level-11-North-East-Europe-Heart-of-Oak-1-768x432.jpg 768w, https:\/\/ibomberdefense.standardof.net\/wp-content\/uploads\/sites\/5\/2020\/10\/iBomber-Defense-Level-11-North-East-Europe-Heart-of-Oak-1-16x9.jpg 16w, https:\/\/ibomberdefense.standardof.net\/wp-content\/uploads\/sites\/5\/2020\/10\/iBomber-Defense-Level-11-North-East-Europe-Heart-of-Oak-1.jpg 1280w\" sizes=\"(max-width: 800px) 100vw, 800px\" \/><\/a><figcaption>Die vielen verschiedenen Routen der feindlichen Einheiten in Nordosteuropa. Die lila Linie ist das Flugzeug.<\/figcaption><\/figure><\/div>\n\n\n\n<p>Das nordosteurop\u00e4ische Niveau der alliierten Kampagne in <em>iBomber Defense<\/em> Bringt uns zur\u00fcck in die gr\u00fcnen Waldgebiete, um eine Basis mit 8 verschiedenen Angriffsrouten zu verteidigen, ohne die Route, die von Lufteinheiten zu Ihrer Basis zur\u00fcckgelegt wird. Die Platzierung des Turmes wird in diesem Level etwas schwierig, da die Stra\u00dfen so viel Platz beanspruchen, dass die Platzierungsm\u00f6glichkeiten etwas eingeschr\u00e4nkt sind.<\/p>\n\n\n\n<p>Da dies eine weitere Mission mit begrenzten Build-Spots ist, ist es ziemlich wichtig, dass Sie Ihre T\u00fcrme bis zum maximalen Level aufr\u00fcsten. Die hier gebauten T\u00fcrme werden haupts\u00e4chlich auf und um die beiden zentralen Hochebenen zentriert sein. In Nordosteuropa m\u00fcssen insgesamt 40 Wellen abgewehrt werden, und ab Welle 20 tauchen Flugzeuge auf.<\/p>\n\n\n\n<h3 class=\"wp-block-heading\"><strong>Revolverplatzierung<\/strong><\/h3>\n\n\n\n<figure class=\"wp-block-gallery columns-2 is-cropped wp-block-gallery-1 is-layout-flex wp-block-gallery-is-layout-flex\"><ul class=\"blocks-gallery-grid\"><li class=\"blocks-gallery-item\"><figure><a href=\"https:\/\/ibomberdefense.standardof.net\/de\/guide\/alliierte-kampagne\/11-nordost-europa-herz-aus-eiche\/ibomber-defense-level-11-north-east-europe-heart-of-oak-2\/\"><img decoding=\"async\" width=\"800\" height=\"450\" src=\"https:\/\/ibomberdefense.standardof.net\/wp-content\/uploads\/sites\/5\/2020\/10\/iBomber-Defense-Level-11-North-East-Europe-Heart-of-Oak-2-800x450.jpg\" alt=\"&quot;iBomber Defense&quot; - Level 11 - Nordosteuropa: Herz aus Eiche (2)\" data-id=\"57\" data-full-url=\"https:\/\/ibomberdefense.standardof.net\/wp-content\/uploads\/sites\/5\/2020\/10\/iBomber-Defense-Level-11-North-East-Europe-Heart-of-Oak-2.jpg\" data-link=\"https:\/\/ibomberdefense.standardof.net\/guide\/allied-campaign\/11-north-east-europe-heart-of-oak\/ibomber-defense-level-11-north-east-europe-heart-of-oak-2\/\" class=\"wp-image-57\" title=\"\" srcset=\"https:\/\/ibomberdefense.standardof.net\/wp-content\/uploads\/sites\/5\/2020\/10\/iBomber-Defense-Level-11-North-East-Europe-Heart-of-Oak-2-800x450.jpg 800w, https:\/\/ibomberdefense.standardof.net\/wp-content\/uploads\/sites\/5\/2020\/10\/iBomber-Defense-Level-11-North-East-Europe-Heart-of-Oak-2-512x288.jpg 512w, https:\/\/ibomberdefense.standardof.net\/wp-content\/uploads\/sites\/5\/2020\/10\/iBomber-Defense-Level-11-North-East-Europe-Heart-of-Oak-2-200x113.jpg 200w, https:\/\/ibomberdefense.standardof.net\/wp-content\/uploads\/sites\/5\/2020\/10\/iBomber-Defense-Level-11-North-East-Europe-Heart-of-Oak-2-768x432.jpg 768w, https:\/\/ibomberdefense.standardof.net\/wp-content\/uploads\/sites\/5\/2020\/10\/iBomber-Defense-Level-11-North-East-Europe-Heart-of-Oak-2-16x9.jpg 16w, https:\/\/ibomberdefense.standardof.net\/wp-content\/uploads\/sites\/5\/2020\/10\/iBomber-Defense-Level-11-North-East-Europe-Heart-of-Oak-2.jpg 1280w\" sizes=\"(max-width: 800px) 100vw, 800px\" \/><\/a><figcaption class=\"blocks-gallery-item__caption\">Platzierung des Revolvers der Welle 10.<\/figcaption><\/figure><\/li><li class=\"blocks-gallery-item\"><figure><a href=\"https:\/\/ibomberdefense.standardof.net\/de\/guide\/alliierte-kampagne\/11-nordost-europa-herz-aus-eiche\/ibomber-defense-level-11-north-east-europe-heart-of-oak-3\/\"><img decoding=\"async\" width=\"800\" height=\"450\" src=\"https:\/\/ibomberdefense.standardof.net\/wp-content\/uploads\/sites\/5\/2020\/10\/iBomber-Defense-Level-11-North-East-Europe-Heart-of-Oak-3-800x450.jpg\" alt=\"&quot;iBomber Defense&quot; - Level 11 - Nordosteuropa: Herz aus Eiche (3)\" data-id=\"58\" data-full-url=\"https:\/\/ibomberdefense.standardof.net\/wp-content\/uploads\/sites\/5\/2020\/10\/iBomber-Defense-Level-11-North-East-Europe-Heart-of-Oak-3.jpg\" data-link=\"https:\/\/ibomberdefense.standardof.net\/guide\/allied-campaign\/11-north-east-europe-heart-of-oak\/ibomber-defense-level-11-north-east-europe-heart-of-oak-3\/\" class=\"wp-image-58\" title=\"\" srcset=\"https:\/\/ibomberdefense.standardof.net\/wp-content\/uploads\/sites\/5\/2020\/10\/iBomber-Defense-Level-11-North-East-Europe-Heart-of-Oak-3-800x450.jpg 800w, https:\/\/ibomberdefense.standardof.net\/wp-content\/uploads\/sites\/5\/2020\/10\/iBomber-Defense-Level-11-North-East-Europe-Heart-of-Oak-3-512x288.jpg 512w, https:\/\/ibomberdefense.standardof.net\/wp-content\/uploads\/sites\/5\/2020\/10\/iBomber-Defense-Level-11-North-East-Europe-Heart-of-Oak-3-200x113.jpg 200w, https:\/\/ibomberdefense.standardof.net\/wp-content\/uploads\/sites\/5\/2020\/10\/iBomber-Defense-Level-11-North-East-Europe-Heart-of-Oak-3-768x432.jpg 768w, https:\/\/ibomberdefense.standardof.net\/wp-content\/uploads\/sites\/5\/2020\/10\/iBomber-Defense-Level-11-North-East-Europe-Heart-of-Oak-3-16x9.jpg 16w, https:\/\/ibomberdefense.standardof.net\/wp-content\/uploads\/sites\/5\/2020\/10\/iBomber-Defense-Level-11-North-East-Europe-Heart-of-Oak-3.jpg 1280w\" sizes=\"(max-width: 800px) 100vw, 800px\" \/><\/a><figcaption class=\"blocks-gallery-item__caption\">Platzierung des Revolvers der Welle 20.<\/figcaption><\/figure><\/li><\/ul><\/figure>\n\n\n\n<p>Um zu beginnen und den Ball ins Rollen zu bringen, sollte sich der Weg in Richtung Welle 10 darauf konzentrieren, zwei Maschinengewehr-T\u00fcrme auf beiden Seiten des Pfades zu erhalten, auf denen alle Stra\u00dfen zusammenlaufen. Nachdem diese ersten beiden oben und mindestens Stufe 2 sind, stellen Sie sicher, dass Sie irgendwo auf dem roten Pfad einen Turm platzieren, vorzugsweise dort, wo sich der rote und der orangefarbene Pfad treffen (siehe Bild rechts).<\/p>\n\n\n\n<p>Wenn Sie sich Welle 20 n\u00e4hern, sollten Sie sich darauf konzentrieren, Ihrem Arsenal Kanonent\u00fcrme, einen Kommunikationsturm der Stufe 2 und einen Luftabwehr-Turm hinzuzuf\u00fcgen, der wahrscheinlich ein Upgrade der Stufe 2 von der Fledermaus vertr\u00e4gt, das sich in der oberen linken Ecke des rechten zentralen Plateaus befindet . Auf dem linken Plateau sollten zwei Felder belegt sein, von denen mindestens eines Kanone sein sollte, das andere ein Maschinengewehr.<\/p>\n\n\n\n<p>Wenn Sie von Welle 20 bis 30 fortfahren, erweitern Sie die Standorte, auf denen Sie bisher aufgebaut haben, und platzieren Sie 3 Kommunikationst\u00fcrme der Stufe drei, um Ihre T\u00fcrme zu verst\u00e4rken, und beginnen Sie den \u00dcberw\u00e4ltigungsprozess erneut mit 50$-Zinsboni pro Welle. Ein Anti-Luft-Turm der Stufe 3 ist zu diesem Zeitpunkt noch in Ordnung, aber Sie sollten jetzt ein paar Kanonen der Stufe 2 haben.<\/p>\n\n\n\n<p>Bei den letzten 10 Wellen, die normalerweise am langwierigsten und nat\u00fcrlich am schwersten gepanzert sind, geht es darum, die Masse der Kanonent\u00fcrme, die Sie haben sollten, mit Hilfe von Comms auf Stufe 3 zu bringen. Eine weitere Stufe 3 Der Anti-Luft-Turm kann platziert werden. Wenn beide mit Comms verst\u00e4rkt werden, reicht es aus, um die Flut aller feindlichen Flugzeuge einzud\u00e4mmen, denen Sie gegen\u00fcberstehen.<\/p>\n\n\n\n<figure class=\"wp-block-gallery columns-2 is-cropped wp-block-gallery-2 is-layout-flex wp-block-gallery-is-layout-flex\"><ul class=\"blocks-gallery-grid\"><li class=\"blocks-gallery-item\"><figure><a href=\"https:\/\/ibomberdefense.standardof.net\/de\/guide\/alliierte-kampagne\/11-nordost-europa-herz-aus-eiche\/ibomber-defense-level-11-north-east-europe-heart-of-oak-4\/\"><img decoding=\"async\" width=\"800\" height=\"450\" src=\"https:\/\/ibomberdefense.standardof.net\/wp-content\/uploads\/sites\/5\/2020\/10\/iBomber-Defense-Level-11-North-East-Europe-Heart-of-Oak-4-800x450.jpg\" alt=\"&quot;iBomber Defense&quot; - Level 11 - Nordosteuropa: Herz aus Eichenholz (4)\" data-id=\"59\" data-full-url=\"https:\/\/ibomberdefense.standardof.net\/wp-content\/uploads\/sites\/5\/2020\/10\/iBomber-Defense-Level-11-North-East-Europe-Heart-of-Oak-4.jpg\" data-link=\"https:\/\/ibomberdefense.standardof.net\/guide\/allied-campaign\/11-north-east-europe-heart-of-oak\/ibomber-defense-level-11-north-east-europe-heart-of-oak-4\/\" class=\"wp-image-59\" title=\"\" srcset=\"https:\/\/ibomberdefense.standardof.net\/wp-content\/uploads\/sites\/5\/2020\/10\/iBomber-Defense-Level-11-North-East-Europe-Heart-of-Oak-4-800x450.jpg 800w, https:\/\/ibomberdefense.standardof.net\/wp-content\/uploads\/sites\/5\/2020\/10\/iBomber-Defense-Level-11-North-East-Europe-Heart-of-Oak-4-512x288.jpg 512w, https:\/\/ibomberdefense.standardof.net\/wp-content\/uploads\/sites\/5\/2020\/10\/iBomber-Defense-Level-11-North-East-Europe-Heart-of-Oak-4-200x113.jpg 200w, https:\/\/ibomberdefense.standardof.net\/wp-content\/uploads\/sites\/5\/2020\/10\/iBomber-Defense-Level-11-North-East-Europe-Heart-of-Oak-4-768x432.jpg 768w, https:\/\/ibomberdefense.standardof.net\/wp-content\/uploads\/sites\/5\/2020\/10\/iBomber-Defense-Level-11-North-East-Europe-Heart-of-Oak-4-16x9.jpg 16w, https:\/\/ibomberdefense.standardof.net\/wp-content\/uploads\/sites\/5\/2020\/10\/iBomber-Defense-Level-11-North-East-Europe-Heart-of-Oak-4.jpg 1280w\" sizes=\"(max-width: 800px) 100vw, 800px\" \/><\/a><figcaption class=\"blocks-gallery-item__caption\">Platzierung des Revolvers der Welle 30.<\/figcaption><\/figure><\/li><li class=\"blocks-gallery-item\"><figure><a href=\"https:\/\/ibomberdefense.standardof.net\/de\/guide\/alliierte-kampagne\/11-nordost-europa-herz-aus-eiche\/ibomber-defense-level-11-north-east-europe-heart-of-oak-5\/\"><img decoding=\"async\" width=\"800\" height=\"450\" src=\"https:\/\/ibomberdefense.standardof.net\/wp-content\/uploads\/sites\/5\/2020\/10\/iBomber-Defense-Level-11-North-East-Europe-Heart-of-Oak-5-800x450.jpg\" alt=\"&quot;iBomber Defense&quot; - Level 11 - Nordosteuropa: Herz aus Eiche (5)\" data-id=\"60\" data-full-url=\"https:\/\/ibomberdefense.standardof.net\/wp-content\/uploads\/sites\/5\/2020\/10\/iBomber-Defense-Level-11-North-East-Europe-Heart-of-Oak-5.jpg\" data-link=\"https:\/\/ibomberdefense.standardof.net\/guide\/allied-campaign\/11-north-east-europe-heart-of-oak\/ibomber-defense-level-11-north-east-europe-heart-of-oak-5\/\" class=\"wp-image-60\" title=\"\" srcset=\"https:\/\/ibomberdefense.standardof.net\/wp-content\/uploads\/sites\/5\/2020\/10\/iBomber-Defense-Level-11-North-East-Europe-Heart-of-Oak-5-800x450.jpg 800w, https:\/\/ibomberdefense.standardof.net\/wp-content\/uploads\/sites\/5\/2020\/10\/iBomber-Defense-Level-11-North-East-Europe-Heart-of-Oak-5-512x288.jpg 512w, https:\/\/ibomberdefense.standardof.net\/wp-content\/uploads\/sites\/5\/2020\/10\/iBomber-Defense-Level-11-North-East-Europe-Heart-of-Oak-5-200x113.jpg 200w, https:\/\/ibomberdefense.standardof.net\/wp-content\/uploads\/sites\/5\/2020\/10\/iBomber-Defense-Level-11-North-East-Europe-Heart-of-Oak-5-768x432.jpg 768w, https:\/\/ibomberdefense.standardof.net\/wp-content\/uploads\/sites\/5\/2020\/10\/iBomber-Defense-Level-11-North-East-Europe-Heart-of-Oak-5-16x9.jpg 16w, https:\/\/ibomberdefense.standardof.net\/wp-content\/uploads\/sites\/5\/2020\/10\/iBomber-Defense-Level-11-North-East-Europe-Heart-of-Oak-5.jpg 1280w\" sizes=\"(max-width: 800px) 100vw, 800px\" \/><\/a><figcaption class=\"blocks-gallery-item__caption\">Platzierung des Revolvers der Welle 40.<\/figcaption><\/figure><\/li><\/ul><\/figure>\n\n\n\n<hr class=\"wp-block-separator\"\/>\n\n\n\n<h4 class=\"has-text-align-center wp-block-heading\">Videoanleitung<\/h4>\n\n\n\n<figure class=\"wp-block-embed-youtube wp-block-embed is-type-video is-provider-youtube wp-embed-aspect-16-9 wp-has-aspect-ratio\"><div class=\"wp-block-embed__wrapper\">\n<div class=\"ast-oembed-container\" style=\"height: 100%;\"><iframe title=\"iBomber Defense - Nordosteuropa - Herz aus Eichenholz - Veteran + Perfekt\" width=\"500\" height=\"281\" src=\"https:\/\/www.youtube.com\/embed\/8mlxvN6yhaY?feature=oembed\" frameborder=\"0\" allow=\"accelerometer; autoplay; clipboard-write; encrypted-media; gyroscope; picture-in-picture; web-share\" referrerpolicy=\"strict-origin-when-cross-origin\" allowfullscreen><\/iframe><\/div>\n<\/div><\/figure>","protected":false},"excerpt":{"rendered":"<p>The North East Europe level of the Allied campaign in iBomber Defense takes us back to the green forested lands to defend a base that has 8 different routes of attack, not including the route traveled by air units towards your base. Turret placement begins to get a little tricky in this level as so [&hellip;]<\/p>","protected":false},"author":1,"featured_media":60,"parent":266,"menu_order":11,"comment_status":"open","ping_status":"closed","template":"","meta":{"_uag_custom_page_level_css":"","site-sidebar-layout":"default","site-content-layout":"default","ast-site-content-layout":"","site-content-style":"default","site-sidebar-style":"default","ast-global-header-display":"","ast-banner-title-visibility":"","ast-main-header-display":"","ast-hfb-above-header-display":"","ast-hfb-below-header-display":"","ast-hfb-mobile-header-display":"","site-post-title":"","ast-breadcrumbs-content":"","ast-featured-img":"","footer-sml-layout":"","theme-transparent-header-meta":"default","adv-header-id-meta":"","stick-header-meta":"","header-above-stick-meta":"","header-main-stick-meta":"","header-below-stick-meta":"","astra-migrate-meta-layouts":"default","ast-page-background-enabled":"default","ast-page-background-meta":{"desktop":{"background-color":"","background-image":"","background-repeat":"repeat","background-position":"center center","background-size":"auto","background-attachment":"scroll","background-type":"","background-media":"","overlay-type":"","overlay-color":"","overlay-gradient":""},"tablet":{"background-color":"","background-image":"","background-repeat":"repeat","background-position":"center center","background-size":"auto","background-attachment":"scroll","background-type":"","background-media":"","overlay-type":"","overlay-color":"","overlay-gradient":""},"mobile":{"background-color":"","background-image":"","background-repeat":"repeat","background-position":"center center","background-size":"auto","background-attachment":"scroll","background-type":"","background-media":"","overlay-type":"","overlay-color":"","overlay-gradient":""}},"ast-content-background-meta":{"desktop":{"background-color":"var(--ast-global-color-5)","background-image":"","background-repeat":"repeat","background-position":"center center","background-size":"auto","background-attachment":"scroll","background-type":"","background-media":"","overlay-type":"","overlay-color":"","overlay-gradient":""},"tablet":{"background-color":"var(--ast-global-color-5)","background-image":"","background-repeat":"repeat","background-position":"center center","background-size":"auto","background-attachment":"scroll","background-type":"","background-media":"","overlay-type":"","overlay-color":"","overlay-gradient":""},"mobile":{"background-color":"var(--ast-global-color-5)","background-image":"","background-repeat":"repeat","background-position":"center center","background-size":"auto","background-attachment":"scroll","background-type":"","background-media":"","overlay-type":"","overlay-color":"","overlay-gradient":""}},"footnotes":""},"uagb_featured_image_src":{"full":["https:\/\/ibomberdefense.standardof.net\/wp-content\/uploads\/sites\/5\/2020\/10\/iBomber-Defense-Level-11-North-East-Europe-Heart-of-Oak-5.jpg",1280,720,false],"thumbnail":["https:\/\/ibomberdefense.standardof.net\/wp-content\/uploads\/sites\/5\/2020\/10\/iBomber-Defense-Level-11-North-East-Europe-Heart-of-Oak-5-200x113.jpg",200,113,true],"medium":["https:\/\/ibomberdefense.standardof.net\/wp-content\/uploads\/sites\/5\/2020\/10\/iBomber-Defense-Level-11-North-East-Europe-Heart-of-Oak-5-512x288.jpg",512,288,true],"medium_large":["https:\/\/ibomberdefense.standardof.net\/wp-content\/uploads\/sites\/5\/2020\/10\/iBomber-Defense-Level-11-North-East-Europe-Heart-of-Oak-5-768x432.jpg",768,432,true],"large":["https:\/\/ibomberdefense.standardof.net\/wp-content\/uploads\/sites\/5\/2020\/10\/iBomber-Defense-Level-11-North-East-Europe-Heart-of-Oak-5-800x450.jpg",800,450,true],"1536x1536":["https:\/\/ibomberdefense.standardof.net\/wp-content\/uploads\/sites\/5\/2020\/10\/iBomber-Defense-Level-11-North-East-Europe-Heart-of-Oak-5.jpg",1280,720,false],"2048x2048":["https:\/\/ibomberdefense.standardof.net\/wp-content\/uploads\/sites\/5\/2020\/10\/iBomber-Defense-Level-11-North-East-Europe-Heart-of-Oak-5.jpg",1280,720,false],"trp-custom-language-flag":["https:\/\/ibomberdefense.standardof.net\/wp-content\/uploads\/sites\/5\/2020\/10\/iBomber-Defense-Level-11-North-East-Europe-Heart-of-Oak-5-16x9.jpg",16,9,true]},"uagb_author_info":{"display_name":"SOE","author_link":"https:\/\/ibomberdefense.standardof.net\/de\/author\/k-tastic\/"},"uagb_comment_info":0,"uagb_excerpt":"The North East Europe level of the Allied campaign in iBomber Defense takes us back to the green forested lands to defend a base that has 8 different routes of attack, not including the route traveled by air units towards your base. Turret placement begins to get a little tricky in this level as so&hellip;","_links":{"self":[{"href":"https:\/\/ibomberdefense.standardof.net\/de\/wp-json\/wp\/v2\/pages\/301"}],"collection":[{"href":"https:\/\/ibomberdefense.standardof.net\/de\/wp-json\/wp\/v2\/pages"}],"about":[{"href":"https:\/\/ibomberdefense.standardof.net\/de\/wp-json\/wp\/v2\/types\/page"}],"author":[{"embeddable":true,"href":"https:\/\/ibomberdefense.standardof.net\/de\/wp-json\/wp\/v2\/users\/1"}],"replies":[{"embeddable":true,"href":"https:\/\/ibomberdefense.standardof.net\/de\/wp-json\/wp\/v2\/comments?post=301"}],"version-history":[{"count":0,"href":"https:\/\/ibomberdefense.standardof.net\/de\/wp-json\/wp\/v2\/pages\/301\/revisions"}],"up":[{"embeddable":true,"href":"https:\/\/ibomberdefense.standardof.net\/de\/wp-json\/wp\/v2\/pages\/266"}],"wp:featuredmedia":[{"embeddable":true,"href":"https:\/\/ibomberdefense.standardof.net\/de\/wp-json\/wp\/v2\/media\/60"}],"wp:attachment":[{"href":"https:\/\/ibomberdefense.standardof.net\/de\/wp-json\/wp\/v2\/media?parent=301"}],"curies":[{"name":"wp","href":"https:\/\/api.w.org\/{rel}","templated":true}]}}