{"id":302,"date":"2020-10-19T06:26:41","date_gmt":"2020-10-19T06:26:41","guid":{"rendered":"https:\/\/ibomberdefense.standardof.net\/?page_id=302"},"modified":"2020-10-19T08:06:32","modified_gmt":"2020-10-19T08:06:32","slug":"12-northern-europe-firestorm","status":"publish","type":"page","link":"https:\/\/ibomberdefense.standardof.net\/de\/guide\/alliierte-kampagne\/12-nordeuropa-feuersturm\/","title":{"rendered":"12. Nordeuropa: Feuersturm"},"content":{"rendered":"<div class=\"wp-block-image\"><figure class=\"aligncenter size-large\"><a href=\"https:\/\/ibomberdefense.standardof.net\/de\/guide\/alliierte-kampagne\/12-nordeuropa-feuersturm\/ibomber-defense-level-12-northern-europe-firestorm-1\/\"><img decoding=\"async\" width=\"800\" height=\"450\" src=\"https:\/\/ibomberdefense.standardof.net\/wp-content\/uploads\/sites\/5\/2020\/10\/iBomber-Defense-Level-12-Northern-Europe-Firestorm-1-800x450.jpg\" alt=\"&quot;iBomber Defense&quot; - Level 12 - Nordeuropa: Feuersturm (1)\" class=\"wp-image-61\" title=\"\" srcset=\"https:\/\/ibomberdefense.standardof.net\/wp-content\/uploads\/sites\/5\/2020\/10\/iBomber-Defense-Level-12-Northern-Europe-Firestorm-1-800x450.jpg 800w, https:\/\/ibomberdefense.standardof.net\/wp-content\/uploads\/sites\/5\/2020\/10\/iBomber-Defense-Level-12-Northern-Europe-Firestorm-1-512x288.jpg 512w, https:\/\/ibomberdefense.standardof.net\/wp-content\/uploads\/sites\/5\/2020\/10\/iBomber-Defense-Level-12-Northern-Europe-Firestorm-1-200x113.jpg 200w, https:\/\/ibomberdefense.standardof.net\/wp-content\/uploads\/sites\/5\/2020\/10\/iBomber-Defense-Level-12-Northern-Europe-Firestorm-1-768x432.jpg 768w, https:\/\/ibomberdefense.standardof.net\/wp-content\/uploads\/sites\/5\/2020\/10\/iBomber-Defense-Level-12-Northern-Europe-Firestorm-1-16x9.jpg 16w, https:\/\/ibomberdefense.standardof.net\/wp-content\/uploads\/sites\/5\/2020\/10\/iBomber-Defense-Level-12-Northern-Europe-Firestorm-1.jpg 1280w\" sizes=\"(max-width: 800px) 100vw, 800px\" \/><\/a><figcaption>Die vielen Routen, die Marineschiffe in Nordeuropa nehmen, mit Ausnahme des hellblauen Weges, den Flugzeuge zur\u00fccklegen. Pfeile werden weggelassen, um die Unordnung zu verringern, aber alles bewegt sich von West nach Ost.<\/figcaption><\/figure><\/div>\n\n\n\n<p>Nordeuropa bringt uns zur\u00fcck in die eisigen Gew\u00e4sser, um 50 Wellen von Marineschiffen auf der wahrscheinlich kompliziertesten Karte abzuwehren, wenn es darum geht, die Route Ihres Feindes vorherzusagen. Da es sich bei dieser Karte um eine Reihe von Inseln handelt, durch die die Schiffe korkenziehen, ist es wichtig, \u00fcber eine breite Reichweite zu verf\u00fcgen, um mit dem Feind fertig zu werden.<\/p>\n\n\n\n<p>Flugzeuge tauchen wie in der Vergangenheit bei Welle 20 auf, aber zum gr\u00f6\u00dften Teil liegt Ihr Fokus darauf, die zentralen und rechten Inseln mit so vielen Kanonent\u00fcrmen der Stufe 3 wie m\u00f6glich zu \u00fcbers\u00e4en, die alle mit Kommunikationst\u00fcrmen mit gelegentlichem Anti verst\u00e4rkt sind Luftrevolver und nur ein Spritzer Maschinengewehrrevolver an einigen Kurven des feindlichen Pfades.<\/p>\n\n\n\n<h3 class=\"wp-block-heading\"><strong>Revolverplatzierung<\/strong><\/h3>\n\n\n\n<figure class=\"wp-block-gallery columns-2 is-cropped wp-block-gallery-1 is-layout-flex wp-block-gallery-is-layout-flex\"><ul class=\"blocks-gallery-grid\"><li class=\"blocks-gallery-item\"><figure><a href=\"https:\/\/ibomberdefense.standardof.net\/de\/guide\/alliierte-kampagne\/12-nordeuropa-feuersturm\/ibomber-defense-level-12-northern-europe-firestorm-2\/\"><img decoding=\"async\" width=\"800\" height=\"450\" src=\"https:\/\/ibomberdefense.standardof.net\/wp-content\/uploads\/sites\/5\/2020\/10\/iBomber-Defense-Level-12-Northern-Europe-Firestorm-2-800x450.jpg\" alt=\"&quot;iBomber Defense&quot; - Level 12 - Nordeuropa: Feuersturm (2)\" data-id=\"62\" data-full-url=\"https:\/\/ibomberdefense.standardof.net\/wp-content\/uploads\/sites\/5\/2020\/10\/iBomber-Defense-Level-12-Northern-Europe-Firestorm-2.jpg\" data-link=\"https:\/\/ibomberdefense.standardof.net\/guide\/allied-campaign\/12-northern-europe-firestorm\/ibomber-defense-level-12-northern-europe-firestorm-2\/\" class=\"wp-image-62\" title=\"\" srcset=\"https:\/\/ibomberdefense.standardof.net\/wp-content\/uploads\/sites\/5\/2020\/10\/iBomber-Defense-Level-12-Northern-Europe-Firestorm-2-800x450.jpg 800w, https:\/\/ibomberdefense.standardof.net\/wp-content\/uploads\/sites\/5\/2020\/10\/iBomber-Defense-Level-12-Northern-Europe-Firestorm-2-512x288.jpg 512w, https:\/\/ibomberdefense.standardof.net\/wp-content\/uploads\/sites\/5\/2020\/10\/iBomber-Defense-Level-12-Northern-Europe-Firestorm-2-200x113.jpg 200w, https:\/\/ibomberdefense.standardof.net\/wp-content\/uploads\/sites\/5\/2020\/10\/iBomber-Defense-Level-12-Northern-Europe-Firestorm-2-768x432.jpg 768w, https:\/\/ibomberdefense.standardof.net\/wp-content\/uploads\/sites\/5\/2020\/10\/iBomber-Defense-Level-12-Northern-Europe-Firestorm-2-16x9.jpg 16w, https:\/\/ibomberdefense.standardof.net\/wp-content\/uploads\/sites\/5\/2020\/10\/iBomber-Defense-Level-12-Northern-Europe-Firestorm-2.jpg 1280w\" sizes=\"(max-width: 800px) 100vw, 800px\" \/><\/a><figcaption class=\"blocks-gallery-item__caption\">Platzierung des Turmes der Welle 10 in Nordeuropa von \u201eiBomber Defense\u201c.<\/figcaption><\/figure><\/li><li class=\"blocks-gallery-item\"><figure><a href=\"https:\/\/ibomberdefense.standardof.net\/de\/guide\/alliierte-kampagne\/12-nordeuropa-feuersturm\/ibomber-defense-level-12-northern-europe-firestorm-3\/\"><img decoding=\"async\" width=\"800\" height=\"450\" src=\"https:\/\/ibomberdefense.standardof.net\/wp-content\/uploads\/sites\/5\/2020\/10\/iBomber-Defense-Level-12-Northern-Europe-Firestorm-3-800x450.jpg\" alt=\"&quot;iBomber Defense&quot; - Level 12 - Nordeuropa: Feuersturm (3)\" data-id=\"63\" data-full-url=\"https:\/\/ibomberdefense.standardof.net\/wp-content\/uploads\/sites\/5\/2020\/10\/iBomber-Defense-Level-12-Northern-Europe-Firestorm-3.jpg\" data-link=\"https:\/\/ibomberdefense.standardof.net\/guide\/allied-campaign\/12-northern-europe-firestorm\/ibomber-defense-level-12-northern-europe-firestorm-3\/\" class=\"wp-image-63\" title=\"\" srcset=\"https:\/\/ibomberdefense.standardof.net\/wp-content\/uploads\/sites\/5\/2020\/10\/iBomber-Defense-Level-12-Northern-Europe-Firestorm-3-800x450.jpg 800w, https:\/\/ibomberdefense.standardof.net\/wp-content\/uploads\/sites\/5\/2020\/10\/iBomber-Defense-Level-12-Northern-Europe-Firestorm-3-512x288.jpg 512w, https:\/\/ibomberdefense.standardof.net\/wp-content\/uploads\/sites\/5\/2020\/10\/iBomber-Defense-Level-12-Northern-Europe-Firestorm-3-200x113.jpg 200w, https:\/\/ibomberdefense.standardof.net\/wp-content\/uploads\/sites\/5\/2020\/10\/iBomber-Defense-Level-12-Northern-Europe-Firestorm-3-768x432.jpg 768w, https:\/\/ibomberdefense.standardof.net\/wp-content\/uploads\/sites\/5\/2020\/10\/iBomber-Defense-Level-12-Northern-Europe-Firestorm-3-16x9.jpg 16w, https:\/\/ibomberdefense.standardof.net\/wp-content\/uploads\/sites\/5\/2020\/10\/iBomber-Defense-Level-12-Northern-Europe-Firestorm-3.jpg 1280w\" sizes=\"(max-width: 800px) 100vw, 800px\" \/><\/a><figcaption class=\"blocks-gallery-item__caption\">Platzierung des Revolvers der Welle 20.<\/figcaption><\/figure><\/li><\/ul><\/figure>\n\n\n\n<p>Ab dem Aufstieg in Richtung Welle zehn sollten Sie sich wie gewohnt auf Maschinengewehr-T\u00fcrme konzentrieren und vier davon platzieren, eine an jeder der verschiedenen Kurven, die die Marineschiffe auf ihren Wegen machen. Dies ist am besten auf den Bildern rechts zu sehen (Miniaturbild #2).<\/p>\n\n\n\n<p>Der Weg zur Welle 20 sollte mit der Aufr\u00fcstung einiger dieser Maschinengewehr-T\u00fcrme gepflastert sein, w\u00e4hrend ein einzelner AA-Turm in der Mitte der gr\u00f6\u00dften Insel gebaut wird, w\u00e4hrend die rechte kleine Insel voller T\u00fcrme bedeckt wird, die von einem Kommunikationsturm verst\u00e4rkt werden. Kanonen werden von nun an Ihr bevorzugtes Geb\u00e4ude der Wahl sein.<\/p>\n\n\n\n<p>Wenn Sie sich von Level 20 bis Level 30 fortbewegen, verbringen Sie diese Zeit damit, Interesse zu wecken, w\u00e4hrend Sie die T\u00fcrme auf Ihrer kleinen rechten Insel aufr\u00fcsten, w\u00e4hrend Sie mit der Entwicklung auf der gro\u00dfen zentralen beginnen. Welle 30 selbst sollte auch bedeuten, dass 2 Kommunikationst\u00fcrme der Stufe 3 Ihnen mit jeder Runde zus\u00e4tzliches Geld gew\u00e4hren.<\/p>\n\n\n\n<p>Wenn Sie bis zur Welle vierzig fortfahren, sollten Sie nach dem Platzieren eines dritten Kommunikationsturms wirklich den Teig harken, um die auf der Zentralinsel platzierten T\u00fcrme abzudecken, w\u00e4hrend Sie alle drei T\u00fcrme auf die h\u00f6chste Upgrade-Stufe aufr\u00fcsten. Verwenden Sie die \u00fcberw\u00e4ltigenden Mittel, um die gesamte zentrale Insel mit Kanonen zu bedecken, mit Ausnahme der Boosting Comms und zweier Anti-Air-T\u00fcrme auf Stufe 3. Wenn Sie sich auf Stufe 50 zubewegen, wird der Fokus darauf gerichtet sein, das Kanonenregal in der Welle 40 nach oben zu bringen auf Stufe 3, die eine buchst\u00e4bliche Wand aus schweren Granaten bietet, um die Marineschiffe in St\u00fccke zu schlagen.<\/p>\n\n\n\n<figure class=\"wp-block-gallery columns-2 is-cropped wp-block-gallery-2 is-layout-flex wp-block-gallery-is-layout-flex\"><ul class=\"blocks-gallery-grid\"><li class=\"blocks-gallery-item\"><figure><a href=\"https:\/\/ibomberdefense.standardof.net\/de\/guide\/alliierte-kampagne\/12-nordeuropa-feuersturm\/ibomber-defense-level-12-northern-europe-firestorm-4\/\"><img decoding=\"async\" width=\"800\" height=\"450\" src=\"https:\/\/ibomberdefense.standardof.net\/wp-content\/uploads\/sites\/5\/2020\/10\/iBomber-Defense-Level-12-Northern-Europe-Firestorm-4-800x450.jpg\" alt=\"&quot;iBomber Defense&quot; - Level 12 - Nordeuropa: Feuersturm (4)\" data-id=\"64\" data-full-url=\"https:\/\/ibomberdefense.standardof.net\/wp-content\/uploads\/sites\/5\/2020\/10\/iBomber-Defense-Level-12-Northern-Europe-Firestorm-4.jpg\" data-link=\"https:\/\/ibomberdefense.standardof.net\/guide\/allied-campaign\/12-northern-europe-firestorm\/ibomber-defense-level-12-northern-europe-firestorm-4\/\" class=\"wp-image-64\" title=\"\" srcset=\"https:\/\/ibomberdefense.standardof.net\/wp-content\/uploads\/sites\/5\/2020\/10\/iBomber-Defense-Level-12-Northern-Europe-Firestorm-4-800x450.jpg 800w, https:\/\/ibomberdefense.standardof.net\/wp-content\/uploads\/sites\/5\/2020\/10\/iBomber-Defense-Level-12-Northern-Europe-Firestorm-4-512x288.jpg 512w, https:\/\/ibomberdefense.standardof.net\/wp-content\/uploads\/sites\/5\/2020\/10\/iBomber-Defense-Level-12-Northern-Europe-Firestorm-4-200x113.jpg 200w, https:\/\/ibomberdefense.standardof.net\/wp-content\/uploads\/sites\/5\/2020\/10\/iBomber-Defense-Level-12-Northern-Europe-Firestorm-4-768x432.jpg 768w, https:\/\/ibomberdefense.standardof.net\/wp-content\/uploads\/sites\/5\/2020\/10\/iBomber-Defense-Level-12-Northern-Europe-Firestorm-4-16x9.jpg 16w, https:\/\/ibomberdefense.standardof.net\/wp-content\/uploads\/sites\/5\/2020\/10\/iBomber-Defense-Level-12-Northern-Europe-Firestorm-4.jpg 1280w\" sizes=\"(max-width: 800px) 100vw, 800px\" \/><\/a><figcaption class=\"blocks-gallery-item__caption\">Platzierung des Revolvers der Welle 30.<\/figcaption><\/figure><\/li><li class=\"blocks-gallery-item\"><figure><a href=\"https:\/\/ibomberdefense.standardof.net\/de\/guide\/alliierte-kampagne\/12-nordeuropa-feuersturm\/ibomber-defense-level-12-northern-europe-firestorm-5\/\"><img decoding=\"async\" width=\"800\" height=\"450\" src=\"https:\/\/ibomberdefense.standardof.net\/wp-content\/uploads\/sites\/5\/2020\/10\/iBomber-Defense-Level-12-Northern-Europe-Firestorm-5-800x450.jpg\" alt=\"&quot;iBomber Defense&quot; - Level 12 - Nordeuropa: Feuersturm (5)\" data-id=\"65\" data-full-url=\"https:\/\/ibomberdefense.standardof.net\/wp-content\/uploads\/sites\/5\/2020\/10\/iBomber-Defense-Level-12-Northern-Europe-Firestorm-5.jpg\" data-link=\"https:\/\/ibomberdefense.standardof.net\/guide\/allied-campaign\/12-northern-europe-firestorm\/ibomber-defense-level-12-northern-europe-firestorm-5\/\" class=\"wp-image-65\" title=\"\" srcset=\"https:\/\/ibomberdefense.standardof.net\/wp-content\/uploads\/sites\/5\/2020\/10\/iBomber-Defense-Level-12-Northern-Europe-Firestorm-5-800x450.jpg 800w, https:\/\/ibomberdefense.standardof.net\/wp-content\/uploads\/sites\/5\/2020\/10\/iBomber-Defense-Level-12-Northern-Europe-Firestorm-5-512x288.jpg 512w, https:\/\/ibomberdefense.standardof.net\/wp-content\/uploads\/sites\/5\/2020\/10\/iBomber-Defense-Level-12-Northern-Europe-Firestorm-5-200x113.jpg 200w, https:\/\/ibomberdefense.standardof.net\/wp-content\/uploads\/sites\/5\/2020\/10\/iBomber-Defense-Level-12-Northern-Europe-Firestorm-5-768x432.jpg 768w, https:\/\/ibomberdefense.standardof.net\/wp-content\/uploads\/sites\/5\/2020\/10\/iBomber-Defense-Level-12-Northern-Europe-Firestorm-5-16x9.jpg 16w, https:\/\/ibomberdefense.standardof.net\/wp-content\/uploads\/sites\/5\/2020\/10\/iBomber-Defense-Level-12-Northern-Europe-Firestorm-5.jpg 1280w\" sizes=\"(max-width: 800px) 100vw, 800px\" \/><\/a><figcaption class=\"blocks-gallery-item__caption\">Platzierung des Turmes der Welle 40 in Nordeuropa von \u201eiBomber Defense\u201c.<\/figcaption><\/figure><\/li><li class=\"blocks-gallery-item\"><figure><a href=\"https:\/\/ibomberdefense.standardof.net\/de\/guide\/alliierte-kampagne\/12-nordeuropa-feuersturm\/ibomber-defense-level-12-northern-europe-firestorm-6\/\"><img decoding=\"async\" width=\"800\" height=\"450\" src=\"https:\/\/ibomberdefense.standardof.net\/wp-content\/uploads\/sites\/5\/2020\/10\/iBomber-Defense-Level-12-Northern-Europe-Firestorm-6-800x450.jpg\" alt=\"&quot;iBomber Defense&quot; - Level 12 - Nordeuropa: Feuersturm (6)\" data-id=\"66\" data-full-url=\"https:\/\/ibomberdefense.standardof.net\/wp-content\/uploads\/sites\/5\/2020\/10\/iBomber-Defense-Level-12-Northern-Europe-Firestorm-6.jpg\" data-link=\"https:\/\/ibomberdefense.standardof.net\/guide\/allied-campaign\/12-northern-europe-firestorm\/ibomber-defense-level-12-northern-europe-firestorm-6\/\" class=\"wp-image-66\" title=\"\" srcset=\"https:\/\/ibomberdefense.standardof.net\/wp-content\/uploads\/sites\/5\/2020\/10\/iBomber-Defense-Level-12-Northern-Europe-Firestorm-6-800x450.jpg 800w, https:\/\/ibomberdefense.standardof.net\/wp-content\/uploads\/sites\/5\/2020\/10\/iBomber-Defense-Level-12-Northern-Europe-Firestorm-6-512x288.jpg 512w, https:\/\/ibomberdefense.standardof.net\/wp-content\/uploads\/sites\/5\/2020\/10\/iBomber-Defense-Level-12-Northern-Europe-Firestorm-6-200x113.jpg 200w, https:\/\/ibomberdefense.standardof.net\/wp-content\/uploads\/sites\/5\/2020\/10\/iBomber-Defense-Level-12-Northern-Europe-Firestorm-6-768x432.jpg 768w, https:\/\/ibomberdefense.standardof.net\/wp-content\/uploads\/sites\/5\/2020\/10\/iBomber-Defense-Level-12-Northern-Europe-Firestorm-6-16x9.jpg 16w, https:\/\/ibomberdefense.standardof.net\/wp-content\/uploads\/sites\/5\/2020\/10\/iBomber-Defense-Level-12-Northern-Europe-Firestorm-6.jpg 1280w\" sizes=\"(max-width: 800px) 100vw, 800px\" \/><\/a><figcaption class=\"blocks-gallery-item__caption\">Platzierung des Wave 50-Turmes in Nordeuropa von \u201eiBomber Defense\u201c.<\/figcaption><\/figure><\/li><\/ul><\/figure>\n\n\n\n<hr class=\"wp-block-separator\"\/>\n\n\n\n<h4 class=\"has-text-align-center wp-block-heading\">Videoanleitung<\/h4>\n\n\n\n<figure class=\"wp-block-embed-youtube wp-block-embed is-type-video is-provider-youtube wp-embed-aspect-16-9 wp-has-aspect-ratio\"><div class=\"wp-block-embed__wrapper\">\n<div class=\"ast-oembed-container\" style=\"height: 100%;\"><iframe title=\"iBomber Defense - Nordeuropa - Feuersturm - Veteran + Perfekt\" width=\"500\" height=\"281\" src=\"https:\/\/www.youtube.com\/embed\/kwe8sJlFnhk?feature=oembed\" frameborder=\"0\" allow=\"accelerometer; autoplay; clipboard-write; encrypted-media; gyroscope; picture-in-picture; web-share\" referrerpolicy=\"strict-origin-when-cross-origin\" allowfullscreen><\/iframe><\/div>\n<\/div><\/figure>","protected":false},"excerpt":{"rendered":"<p>Northern Europe takes us back to the icy waters in order to fend off a massive 50 waves of naval vessels in what is quite possibly the most complicated map so far when it comes to predicting the route your enemy will take. Since this map is a series of island through which the ships [&hellip;]<\/p>","protected":false},"author":1,"featured_media":66,"parent":266,"menu_order":12,"comment_status":"open","ping_status":"closed","template":"","meta":{"_uag_custom_page_level_css":"","site-sidebar-layout":"default","site-content-layout":"default","ast-site-content-layout":"","site-content-style":"default","site-sidebar-style":"default","ast-global-header-display":"","ast-banner-title-visibility":"","ast-main-header-display":"","ast-hfb-above-header-display":"","ast-hfb-below-header-display":"","ast-hfb-mobile-header-display":"","site-post-title":"","ast-breadcrumbs-content":"","ast-featured-img":"","footer-sml-layout":"","theme-transparent-header-meta":"default","adv-header-id-meta":"","stick-header-meta":"","header-above-stick-meta":"","header-main-stick-meta":"","header-below-stick-meta":"","astra-migrate-meta-layouts":"default","ast-page-background-enabled":"default","ast-page-background-meta":{"desktop":{"background-color":"","background-image":"","background-repeat":"repeat","background-position":"center center","background-size":"auto","background-attachment":"scroll","background-type":"","background-media":"","overlay-type":"","overlay-color":"","overlay-gradient":""},"tablet":{"background-color":"","background-image":"","background-repeat":"repeat","background-position":"center center","background-size":"auto","background-attachment":"scroll","background-type":"","background-media":"","overlay-type":"","overlay-color":"","overlay-gradient":""},"mobile":{"background-color":"","background-image":"","background-repeat":"repeat","background-position":"center center","background-size":"auto","background-attachment":"scroll","background-type":"","background-media":"","overlay-type":"","overlay-color":"","overlay-gradient":""}},"ast-content-background-meta":{"desktop":{"background-color":"var(--ast-global-color-5)","background-image":"","background-repeat":"repeat","background-position":"center center","background-size":"auto","background-attachment":"scroll","background-type":"","background-media":"","overlay-type":"","overlay-color":"","overlay-gradient":""},"tablet":{"background-color":"var(--ast-global-color-5)","background-image":"","background-repeat":"repeat","background-position":"center center","background-size":"auto","background-attachment":"scroll","background-type":"","background-media":"","overlay-type":"","overlay-color":"","overlay-gradient":""},"mobile":{"background-color":"var(--ast-global-color-5)","background-image":"","background-repeat":"repeat","background-position":"center center","background-size":"auto","background-attachment":"scroll","background-type":"","background-media":"","overlay-type":"","overlay-color":"","overlay-gradient":""}},"footnotes":""},"uagb_featured_image_src":{"full":["https:\/\/ibomberdefense.standardof.net\/wp-content\/uploads\/sites\/5\/2020\/10\/iBomber-Defense-Level-12-Northern-Europe-Firestorm-6.jpg",1280,720,false],"thumbnail":["https:\/\/ibomberdefense.standardof.net\/wp-content\/uploads\/sites\/5\/2020\/10\/iBomber-Defense-Level-12-Northern-Europe-Firestorm-6-200x113.jpg",200,113,true],"medium":["https:\/\/ibomberdefense.standardof.net\/wp-content\/uploads\/sites\/5\/2020\/10\/iBomber-Defense-Level-12-Northern-Europe-Firestorm-6-512x288.jpg",512,288,true],"medium_large":["https:\/\/ibomberdefense.standardof.net\/wp-content\/uploads\/sites\/5\/2020\/10\/iBomber-Defense-Level-12-Northern-Europe-Firestorm-6-768x432.jpg",768,432,true],"large":["https:\/\/ibomberdefense.standardof.net\/wp-content\/uploads\/sites\/5\/2020\/10\/iBomber-Defense-Level-12-Northern-Europe-Firestorm-6-800x450.jpg",800,450,true],"1536x1536":["https:\/\/ibomberdefense.standardof.net\/wp-content\/uploads\/sites\/5\/2020\/10\/iBomber-Defense-Level-12-Northern-Europe-Firestorm-6.jpg",1280,720,false],"2048x2048":["https:\/\/ibomberdefense.standardof.net\/wp-content\/uploads\/sites\/5\/2020\/10\/iBomber-Defense-Level-12-Northern-Europe-Firestorm-6.jpg",1280,720,false],"trp-custom-language-flag":["https:\/\/ibomberdefense.standardof.net\/wp-content\/uploads\/sites\/5\/2020\/10\/iBomber-Defense-Level-12-Northern-Europe-Firestorm-6-16x9.jpg",16,9,true]},"uagb_author_info":{"display_name":"SOE","author_link":"https:\/\/ibomberdefense.standardof.net\/de\/author\/k-tastic\/"},"uagb_comment_info":0,"uagb_excerpt":"Northern Europe takes us back to the icy waters in order to fend off a massive 50 waves of naval vessels in what is quite possibly the most complicated map so far when it comes to predicting the route your enemy will take. Since this map is a series of island through which the ships&hellip;","_links":{"self":[{"href":"https:\/\/ibomberdefense.standardof.net\/de\/wp-json\/wp\/v2\/pages\/302"}],"collection":[{"href":"https:\/\/ibomberdefense.standardof.net\/de\/wp-json\/wp\/v2\/pages"}],"about":[{"href":"https:\/\/ibomberdefense.standardof.net\/de\/wp-json\/wp\/v2\/types\/page"}],"author":[{"embeddable":true,"href":"https:\/\/ibomberdefense.standardof.net\/de\/wp-json\/wp\/v2\/users\/1"}],"replies":[{"embeddable":true,"href":"https:\/\/ibomberdefense.standardof.net\/de\/wp-json\/wp\/v2\/comments?post=302"}],"version-history":[{"count":0,"href":"https:\/\/ibomberdefense.standardof.net\/de\/wp-json\/wp\/v2\/pages\/302\/revisions"}],"up":[{"embeddable":true,"href":"https:\/\/ibomberdefense.standardof.net\/de\/wp-json\/wp\/v2\/pages\/266"}],"wp:featuredmedia":[{"embeddable":true,"href":"https:\/\/ibomberdefense.standardof.net\/de\/wp-json\/wp\/v2\/media\/66"}],"wp:attachment":[{"href":"https:\/\/ibomberdefense.standardof.net\/de\/wp-json\/wp\/v2\/media?parent=302"}],"curies":[{"name":"wp","href":"https:\/\/api.w.org\/{rel}","templated":true}]}}