{"id":304,"date":"2020-10-19T06:27:16","date_gmt":"2020-10-19T06:27:16","guid":{"rendered":"https:\/\/ibomberdefense.standardof.net\/?page_id=304"},"modified":"2020-10-19T08:06:40","modified_gmt":"2020-10-19T08:06:40","slug":"14-germany-the-final-fight","status":"publish","type":"page","link":"https:\/\/ibomberdefense.standardof.net\/de\/guide\/alliierte-kampagne\/14-deutschland-der-letzte-kampf\/","title":{"rendered":"14. Deutschland: Der letzte Kampf"},"content":{"rendered":"<div class=\"wp-block-image\"><figure class=\"aligncenter size-large\"><a href=\"https:\/\/ibomberdefense.standardof.net\/de\/guide\/alliierte-kampagne\/14-deutschland-der-letzte-kampf\/ibomber-defense-level-14-germany-the-final-fight-1\/\"><img decoding=\"async\" width=\"800\" height=\"450\" src=\"https:\/\/ibomberdefense.standardof.net\/wp-content\/uploads\/sites\/5\/2020\/10\/iBomber-Defense-Level-14-Germany-The-Final-Fight-1-800x450.jpg\" alt=\"&quot;iBomber Defense&quot; - Level 14 - Deutschland: Der letzte Kampf (1)\" class=\"wp-image-71\" title=\"\" srcset=\"https:\/\/ibomberdefense.standardof.net\/wp-content\/uploads\/sites\/5\/2020\/10\/iBomber-Defense-Level-14-Germany-The-Final-Fight-1-800x450.jpg 800w, https:\/\/ibomberdefense.standardof.net\/wp-content\/uploads\/sites\/5\/2020\/10\/iBomber-Defense-Level-14-Germany-The-Final-Fight-1-512x288.jpg 512w, https:\/\/ibomberdefense.standardof.net\/wp-content\/uploads\/sites\/5\/2020\/10\/iBomber-Defense-Level-14-Germany-The-Final-Fight-1-200x113.jpg 200w, https:\/\/ibomberdefense.standardof.net\/wp-content\/uploads\/sites\/5\/2020\/10\/iBomber-Defense-Level-14-Germany-The-Final-Fight-1-768x432.jpg 768w, https:\/\/ibomberdefense.standardof.net\/wp-content\/uploads\/sites\/5\/2020\/10\/iBomber-Defense-Level-14-Germany-The-Final-Fight-1-16x9.jpg 16w, https:\/\/ibomberdefense.standardof.net\/wp-content\/uploads\/sites\/5\/2020\/10\/iBomber-Defense-Level-14-Germany-The-Final-Fight-1.jpg 1280w\" sizes=\"(max-width: 800px) 100vw, 800px\" \/><\/a><figcaption>Wege der feindlichen Einheiten im deutschen Level &quot;iBomber Defense&quot;. Die schwarze Linie steht f\u00fcr Marineeinheiten und die violette Linie f\u00fcr Flugzeuge (Pfeile). Der Rest ist geschliffen (nur Linien).<\/figcaption><\/figure><\/div>\n\n\n\n<p>Das Deutschland-Level ist die letzte Mission, die Sie in der alliierten Kampagne \u00fcberwinden m\u00fcssen, und stellt Sie vor die bisher gr\u00f6\u00dfte Herausforderung. Hier sehen Sie alle drei Arten von Einheiten gleichzeitig, Flugzeuge, Marineschiffe und Bodeneinheiten in H\u00fclle und F\u00fclle. In Kombination mit der ausgebombten Stadt, die es schwierig macht, T\u00fcrme zu platzieren, ist es sehr wichtig, wo Sie was in dieser Mission platzieren.<\/p>\n\n\n\n<p>Es gibt 50 Wellen von Einheiten, durch die Sie sich k\u00e4mpfen k\u00f6nnen, wobei Marineeinheiten zum ersten Mal bei Welle 10 auftauchen und Flugzeuge bei der atypischen Welle 21 auftauchen. Es ist fast eine Notwendigkeit, den \u00fcberw\u00e4ltigenden Einkommenstrick mit 150$ + von auszuf\u00fchren Sie haben Geld gespart, w\u00e4hrend Sie 3 oder mehr Kommunikationst\u00fcrme der Stufe drei besa\u00dfen. Ebenfalls in der Mitte des Levels wird Artillerie von au\u00dferhalb des Bildschirms kommen, um den rosa Pfad zu \u00f6ffnen, der durch das abgerissene Geb\u00e4ude f\u00fchrt, aber keinen Ihrer T\u00fcrme zerst\u00f6ren, und das Gebiet war \u00fcberhaupt nicht baubar.<\/p>\n\n\n\n<h3 class=\"wp-block-heading\"><strong>Revolverplatzierung<\/strong><\/h3>\n\n\n\n<figure class=\"wp-block-gallery columns-2 is-cropped wp-block-gallery-1 is-layout-flex wp-block-gallery-is-layout-flex\"><ul class=\"blocks-gallery-grid\"><li class=\"blocks-gallery-item\"><figure><a href=\"https:\/\/ibomberdefense.standardof.net\/de\/guide\/alliierte-kampagne\/14-deutschland-der-letzte-kampf\/ibomber-defense-level-14-germany-the-final-fight-2\/\"><img decoding=\"async\" width=\"800\" height=\"450\" src=\"https:\/\/ibomberdefense.standardof.net\/wp-content\/uploads\/sites\/5\/2020\/10\/iBomber-Defense-Level-14-Germany-The-Final-Fight-2-800x450.jpg\" alt=\"&quot;iBomber Defense&quot; - Level 14 - Deutschland: Der letzte Kampf (2)\" data-id=\"72\" data-full-url=\"https:\/\/ibomberdefense.standardof.net\/wp-content\/uploads\/sites\/5\/2020\/10\/iBomber-Defense-Level-14-Germany-The-Final-Fight-2.jpg\" data-link=\"https:\/\/ibomberdefense.standardof.net\/guide\/allied-campaign\/14-germany-the-final-fight\/ibomber-defense-level-14-germany-the-final-fight-2\/\" class=\"wp-image-72\" title=\"\" srcset=\"https:\/\/ibomberdefense.standardof.net\/wp-content\/uploads\/sites\/5\/2020\/10\/iBomber-Defense-Level-14-Germany-The-Final-Fight-2-800x450.jpg 800w, https:\/\/ibomberdefense.standardof.net\/wp-content\/uploads\/sites\/5\/2020\/10\/iBomber-Defense-Level-14-Germany-The-Final-Fight-2-512x288.jpg 512w, https:\/\/ibomberdefense.standardof.net\/wp-content\/uploads\/sites\/5\/2020\/10\/iBomber-Defense-Level-14-Germany-The-Final-Fight-2-200x113.jpg 200w, https:\/\/ibomberdefense.standardof.net\/wp-content\/uploads\/sites\/5\/2020\/10\/iBomber-Defense-Level-14-Germany-The-Final-Fight-2-768x432.jpg 768w, https:\/\/ibomberdefense.standardof.net\/wp-content\/uploads\/sites\/5\/2020\/10\/iBomber-Defense-Level-14-Germany-The-Final-Fight-2-16x9.jpg 16w, https:\/\/ibomberdefense.standardof.net\/wp-content\/uploads\/sites\/5\/2020\/10\/iBomber-Defense-Level-14-Germany-The-Final-Fight-2.jpg 1280w\" sizes=\"(max-width: 800px) 100vw, 800px\" \/><\/a><figcaption class=\"blocks-gallery-item__caption\">Platzierung des Revolvers der Welle 10.<\/figcaption><\/figure><\/li><li class=\"blocks-gallery-item\"><figure><a href=\"https:\/\/ibomberdefense.standardof.net\/de\/guide\/alliierte-kampagne\/14-deutschland-der-letzte-kampf\/ibomber-defense-level-14-germany-the-final-fight-3\/\"><img decoding=\"async\" width=\"800\" height=\"450\" src=\"https:\/\/ibomberdefense.standardof.net\/wp-content\/uploads\/sites\/5\/2020\/10\/iBomber-Defense-Level-14-Germany-The-Final-Fight-3-800x450.jpg\" alt=\"&quot;iBomber Defense&quot; - Level 14 - Deutschland: Der letzte Kampf (3)\" data-id=\"73\" data-full-url=\"https:\/\/ibomberdefense.standardof.net\/wp-content\/uploads\/sites\/5\/2020\/10\/iBomber-Defense-Level-14-Germany-The-Final-Fight-3.jpg\" data-link=\"https:\/\/ibomberdefense.standardof.net\/guide\/allied-campaign\/14-germany-the-final-fight\/ibomber-defense-level-14-germany-the-final-fight-3\/\" class=\"wp-image-73\" title=\"\" srcset=\"https:\/\/ibomberdefense.standardof.net\/wp-content\/uploads\/sites\/5\/2020\/10\/iBomber-Defense-Level-14-Germany-The-Final-Fight-3-800x450.jpg 800w, https:\/\/ibomberdefense.standardof.net\/wp-content\/uploads\/sites\/5\/2020\/10\/iBomber-Defense-Level-14-Germany-The-Final-Fight-3-512x288.jpg 512w, https:\/\/ibomberdefense.standardof.net\/wp-content\/uploads\/sites\/5\/2020\/10\/iBomber-Defense-Level-14-Germany-The-Final-Fight-3-200x113.jpg 200w, https:\/\/ibomberdefense.standardof.net\/wp-content\/uploads\/sites\/5\/2020\/10\/iBomber-Defense-Level-14-Germany-The-Final-Fight-3-768x432.jpg 768w, https:\/\/ibomberdefense.standardof.net\/wp-content\/uploads\/sites\/5\/2020\/10\/iBomber-Defense-Level-14-Germany-The-Final-Fight-3-16x9.jpg 16w, https:\/\/ibomberdefense.standardof.net\/wp-content\/uploads\/sites\/5\/2020\/10\/iBomber-Defense-Level-14-Germany-The-Final-Fight-3.jpg 1280w\" sizes=\"(max-width: 800px) 100vw, 800px\" \/><\/a><figcaption class=\"blocks-gallery-item__caption\">Platzierung des Revolvers der Welle 20.<\/figcaption><\/figure><\/li><\/ul><\/figure>\n\n\n\n<p>Auch hier ist es sehr hilfreich, das Video unten oder die Bilder an der Seite auf genauere Details zu \u00fcberpr\u00fcfen, aber der Beginn dieser Mission bis zur Welle zehn sollte aus strategisch platzierten Maschinengewehren bestehen. Man sollte in die obere rechte Ecke des Plateaus neben Ihrer Landbasis gehen, eine weitere in den kleinen Ring aus Sands\u00e4cken im Zentrum der Stadt, der dritte Turm f\u00fchrt dahin, wo sich die gr\u00fcnen und gelben Pfade im Osten treffen, und schlie\u00dflich einer unten rechte Ecke des oben erw\u00e4hnten Plateaus so nah wie m\u00f6glich an Level 10, um die Flut der Marineeinheit einzud\u00e4mmen. Gegen Ende dieser Mission werden wir diesen vierten Maschinengewehr-Turm verkaufen, wenn er weniger n\u00fctzlich ist.<\/p>\n\n\n\n<p>In den Wellen zehn bis zwanzig sollte es darum gehen, Kanonen und einen Kommunikationsturm der Stufe 3 auf dem Plateau aufzubauen, auf dem wir zuvor die beiden Maschinengewehre gebaut haben. Wenn diese Landmasse mit der H\u00f6he und den Kommunikationswerten erh\u00f6ht wird, k\u00f6nnen die dort platzierten Kanonen alle auf dieser Karte vorhandenen Bodeneinheiten und Marineeinheiten treffen, da alle ihre Pfade unter ihrer Schussreichweite enden.<\/p>\n\n\n\n<figure class=\"wp-block-gallery columns-2 is-cropped wp-block-gallery-2 is-layout-flex wp-block-gallery-is-layout-flex\"><ul class=\"blocks-gallery-grid\"><li class=\"blocks-gallery-item\"><figure><a href=\"https:\/\/ibomberdefense.standardof.net\/de\/guide\/alliierte-kampagne\/14-deutschland-der-letzte-kampf\/ibomber-defense-level-14-germany-the-final-fight-4\/\"><img decoding=\"async\" width=\"800\" height=\"450\" src=\"https:\/\/ibomberdefense.standardof.net\/wp-content\/uploads\/sites\/5\/2020\/10\/iBomber-Defense-Level-14-Germany-The-Final-Fight-4-800x450.jpg\" alt=\"&quot;iBomber Defense&quot; - Level 14 - Deutschland: Der letzte Kampf (4)\" data-id=\"74\" data-full-url=\"https:\/\/ibomberdefense.standardof.net\/wp-content\/uploads\/sites\/5\/2020\/10\/iBomber-Defense-Level-14-Germany-The-Final-Fight-4.jpg\" data-link=\"https:\/\/ibomberdefense.standardof.net\/guide\/allied-campaign\/14-germany-the-final-fight\/ibomber-defense-level-14-germany-the-final-fight-4\/\" class=\"wp-image-74\" title=\"\" srcset=\"https:\/\/ibomberdefense.standardof.net\/wp-content\/uploads\/sites\/5\/2020\/10\/iBomber-Defense-Level-14-Germany-The-Final-Fight-4-800x450.jpg 800w, https:\/\/ibomberdefense.standardof.net\/wp-content\/uploads\/sites\/5\/2020\/10\/iBomber-Defense-Level-14-Germany-The-Final-Fight-4-512x288.jpg 512w, https:\/\/ibomberdefense.standardof.net\/wp-content\/uploads\/sites\/5\/2020\/10\/iBomber-Defense-Level-14-Germany-The-Final-Fight-4-200x113.jpg 200w, https:\/\/ibomberdefense.standardof.net\/wp-content\/uploads\/sites\/5\/2020\/10\/iBomber-Defense-Level-14-Germany-The-Final-Fight-4-768x432.jpg 768w, https:\/\/ibomberdefense.standardof.net\/wp-content\/uploads\/sites\/5\/2020\/10\/iBomber-Defense-Level-14-Germany-The-Final-Fight-4-16x9.jpg 16w, https:\/\/ibomberdefense.standardof.net\/wp-content\/uploads\/sites\/5\/2020\/10\/iBomber-Defense-Level-14-Germany-The-Final-Fight-4.jpg 1280w\" sizes=\"(max-width: 800px) 100vw, 800px\" \/><\/a><figcaption class=\"blocks-gallery-item__caption\">Platzierung des Revolvers der Welle 30.<\/figcaption><\/figure><\/li><li class=\"blocks-gallery-item\"><figure><a href=\"https:\/\/ibomberdefense.standardof.net\/de\/guide\/alliierte-kampagne\/14-deutschland-der-letzte-kampf\/ibomber-defense-level-14-germany-the-final-fight-5\/\"><img decoding=\"async\" width=\"800\" height=\"450\" src=\"https:\/\/ibomberdefense.standardof.net\/wp-content\/uploads\/sites\/5\/2020\/10\/iBomber-Defense-Level-14-Germany-The-Final-Fight-5-800x450.jpg\" alt=\"&quot;iBomber Defense&quot; - Level 14 - Deutschland: Der letzte Kampf (5)\" data-id=\"75\" data-full-url=\"https:\/\/ibomberdefense.standardof.net\/wp-content\/uploads\/sites\/5\/2020\/10\/iBomber-Defense-Level-14-Germany-The-Final-Fight-5.jpg\" data-link=\"https:\/\/ibomberdefense.standardof.net\/guide\/allied-campaign\/14-germany-the-final-fight\/ibomber-defense-level-14-germany-the-final-fight-5\/\" class=\"wp-image-75\" title=\"\" srcset=\"https:\/\/ibomberdefense.standardof.net\/wp-content\/uploads\/sites\/5\/2020\/10\/iBomber-Defense-Level-14-Germany-The-Final-Fight-5-800x450.jpg 800w, https:\/\/ibomberdefense.standardof.net\/wp-content\/uploads\/sites\/5\/2020\/10\/iBomber-Defense-Level-14-Germany-The-Final-Fight-5-512x288.jpg 512w, https:\/\/ibomberdefense.standardof.net\/wp-content\/uploads\/sites\/5\/2020\/10\/iBomber-Defense-Level-14-Germany-The-Final-Fight-5-200x113.jpg 200w, https:\/\/ibomberdefense.standardof.net\/wp-content\/uploads\/sites\/5\/2020\/10\/iBomber-Defense-Level-14-Germany-The-Final-Fight-5-768x432.jpg 768w, https:\/\/ibomberdefense.standardof.net\/wp-content\/uploads\/sites\/5\/2020\/10\/iBomber-Defense-Level-14-Germany-The-Final-Fight-5-16x9.jpg 16w, https:\/\/ibomberdefense.standardof.net\/wp-content\/uploads\/sites\/5\/2020\/10\/iBomber-Defense-Level-14-Germany-The-Final-Fight-5.jpg 1280w\" sizes=\"(max-width: 800px) 100vw, 800px\" \/><\/a><figcaption class=\"blocks-gallery-item__caption\">Platzierung des Revolvers der Welle 40.<\/figcaption><\/figure><\/li><\/ul><\/figure>\n\n\n\n<p>Auf dem Weg nach vorne in Richtung Welle 30 wird es Zeit, sich auszubreiten und die Kanonen ein wenig zu verbessern, aber meistens neue zu bauen, wobei die Kommunikation im am weitesten links zerst\u00f6rten Geb\u00e4ude mit einigen Anti-Luft-T\u00fcrmen verst\u00e4rkt wird, die Sands\u00e4cke weiter links davon und die Insel unter diesem Ort. Einige T\u00fcrme, die sich in dem kleinen Feld rechts von Ihrer Landbasis befinden, k\u00f6nnen f\u00fcr alles n\u00fctzlich sein, was durchrutscht. Ignorieren Sie jedoch das 2 \u00d7 2-Feld rechts von Ihrer Marinebasis. Es ist wertlos.<\/p>\n\n\n\n<p>30 bis zur letzten Welle 50 sollte es sein, zuerst Ihren jetzt 50$ zu verwenden, ein Welleninteresse, das Sie inzwischen erreicht haben sollten, um alle Ihre T\u00fcrme auf die h\u00f6chste Stufe zu bringen und Ihren Anti Air auf zwei T\u00fcrmen der Stufe drei zu stoppen, die f\u00fcr die begrenzte Flugzeuge vorhanden. Es ist auch eine gute Idee, einige Ihrer Maschinengewehr-T\u00fcrme von fr\u00fcher zu verkaufen, um sie durch weitere Kanonen zu ersetzen, da dies die erste echte Ebene ist, in der der Platz auf den Punkt begrenzt ist, an dem dies zu einer guten Idee wird. Sabotaget\u00fcrme k\u00f6nnen im gesamten Level so gut wie ignoriert werden und sind bei begrenztem Platz nicht so n\u00fctzlich.<\/p>\n\n\n\n<div class=\"wp-block-image\"><figure class=\"aligncenter size-large\"><a href=\"https:\/\/ibomberdefense.standardof.net\/de\/guide\/alliierte-kampagne\/14-deutschland-der-letzte-kampf\/ibomber-defense-level-14-germany-the-final-fight-6\/\"><img decoding=\"async\" width=\"800\" height=\"450\" src=\"https:\/\/ibomberdefense.standardof.net\/wp-content\/uploads\/sites\/5\/2020\/10\/iBomber-Defense-Level-14-Germany-The-Final-Fight-6-800x450.jpg\" alt=\"&quot;iBomber Defense&quot; - Level 14 - Deutschland: Der letzte Kampf (6)\" class=\"wp-image-76\" title=\"\" srcset=\"https:\/\/ibomberdefense.standardof.net\/wp-content\/uploads\/sites\/5\/2020\/10\/iBomber-Defense-Level-14-Germany-The-Final-Fight-6-800x450.jpg 800w, https:\/\/ibomberdefense.standardof.net\/wp-content\/uploads\/sites\/5\/2020\/10\/iBomber-Defense-Level-14-Germany-The-Final-Fight-6-512x288.jpg 512w, https:\/\/ibomberdefense.standardof.net\/wp-content\/uploads\/sites\/5\/2020\/10\/iBomber-Defense-Level-14-Germany-The-Final-Fight-6-200x113.jpg 200w, https:\/\/ibomberdefense.standardof.net\/wp-content\/uploads\/sites\/5\/2020\/10\/iBomber-Defense-Level-14-Germany-The-Final-Fight-6-768x432.jpg 768w, https:\/\/ibomberdefense.standardof.net\/wp-content\/uploads\/sites\/5\/2020\/10\/iBomber-Defense-Level-14-Germany-The-Final-Fight-6-16x9.jpg 16w, https:\/\/ibomberdefense.standardof.net\/wp-content\/uploads\/sites\/5\/2020\/10\/iBomber-Defense-Level-14-Germany-The-Final-Fight-6.jpg 1280w\" sizes=\"(max-width: 800px) 100vw, 800px\" \/><\/a><figcaption>Platzierung des Revolvers der Welle 50.<\/figcaption><\/figure><\/div>\n\n\n\n<hr class=\"wp-block-separator\"\/>\n\n\n\n<h4 class=\"has-text-align-center wp-block-heading\">Videoanleitung<\/h4>\n\n\n\n<figure class=\"wp-block-embed-youtube wp-block-embed is-type-video is-provider-youtube wp-embed-aspect-4-3 wp-has-aspect-ratio\"><div class=\"wp-block-embed__wrapper\">\n<div class=\"ast-oembed-container\" style=\"height: 100%;\"><iframe title=\"iBomber Defense - Deutschland - Der letzte Kampf - Veteran + Perfekt\" width=\"500\" height=\"281\" src=\"https:\/\/www.youtube.com\/embed\/QIdS_h-p84Q?feature=oembed\" frameborder=\"0\" allow=\"accelerometer; autoplay; clipboard-write; encrypted-media; gyroscope; picture-in-picture; web-share\" referrerpolicy=\"strict-origin-when-cross-origin\" allowfullscreen><\/iframe><\/div>\n<\/div><\/figure>","protected":false},"excerpt":{"rendered":"<p>The Germany level is the final mission for you to overcome in the Allied campaign, serving you the greatest challenge so far. Here you will be facing all three types of units at once, aircraft, naval vessels and ground units galore. This combined with the bombed out city making it difficult to place turrets, it [&hellip;]<\/p>","protected":false},"author":1,"featured_media":76,"parent":266,"menu_order":14,"comment_status":"open","ping_status":"closed","template":"","meta":{"_uag_custom_page_level_css":"","site-sidebar-layout":"default","site-content-layout":"default","ast-site-content-layout":"","site-content-style":"default","site-sidebar-style":"default","ast-global-header-display":"","ast-banner-title-visibility":"","ast-main-header-display":"","ast-hfb-above-header-display":"","ast-hfb-below-header-display":"","ast-hfb-mobile-header-display":"","site-post-title":"","ast-breadcrumbs-content":"","ast-featured-img":"","footer-sml-layout":"","theme-transparent-header-meta":"default","adv-header-id-meta":"","stick-header-meta":"","header-above-stick-meta":"","header-main-stick-meta":"","header-below-stick-meta":"","astra-migrate-meta-layouts":"default","ast-page-background-enabled":"default","ast-page-background-meta":{"desktop":{"background-color":"","background-image":"","background-repeat":"repeat","background-position":"center center","background-size":"auto","background-attachment":"scroll","background-type":"","background-media":"","overlay-type":"","overlay-color":"","overlay-gradient":""},"tablet":{"background-color":"","background-image":"","background-repeat":"repeat","background-position":"center center","background-size":"auto","background-attachment":"scroll","background-type":"","background-media":"","overlay-type":"","overlay-color":"","overlay-gradient":""},"mobile":{"background-color":"","background-image":"","background-repeat":"repeat","background-position":"center center","background-size":"auto","background-attachment":"scroll","background-type":"","background-media":"","overlay-type":"","overlay-color":"","overlay-gradient":""}},"ast-content-background-meta":{"desktop":{"background-color":"var(--ast-global-color-5)","background-image":"","background-repeat":"repeat","background-position":"center center","background-size":"auto","background-attachment":"scroll","background-type":"","background-media":"","overlay-type":"","overlay-color":"","overlay-gradient":""},"tablet":{"background-color":"var(--ast-global-color-5)","background-image":"","background-repeat":"repeat","background-position":"center center","background-size":"auto","background-attachment":"scroll","background-type":"","background-media":"","overlay-type":"","overlay-color":"","overlay-gradient":""},"mobile":{"background-color":"var(--ast-global-color-5)","background-image":"","background-repeat":"repeat","background-position":"center center","background-size":"auto","background-attachment":"scroll","background-type":"","background-media":"","overlay-type":"","overlay-color":"","overlay-gradient":""}},"footnotes":""},"uagb_featured_image_src":{"full":["https:\/\/ibomberdefense.standardof.net\/wp-content\/uploads\/sites\/5\/2020\/10\/iBomber-Defense-Level-14-Germany-The-Final-Fight-6.jpg",1280,720,false],"thumbnail":["https:\/\/ibomberdefense.standardof.net\/wp-content\/uploads\/sites\/5\/2020\/10\/iBomber-Defense-Level-14-Germany-The-Final-Fight-6-200x113.jpg",200,113,true],"medium":["https:\/\/ibomberdefense.standardof.net\/wp-content\/uploads\/sites\/5\/2020\/10\/iBomber-Defense-Level-14-Germany-The-Final-Fight-6-512x288.jpg",512,288,true],"medium_large":["https:\/\/ibomberdefense.standardof.net\/wp-content\/uploads\/sites\/5\/2020\/10\/iBomber-Defense-Level-14-Germany-The-Final-Fight-6-768x432.jpg",768,432,true],"large":["https:\/\/ibomberdefense.standardof.net\/wp-content\/uploads\/sites\/5\/2020\/10\/iBomber-Defense-Level-14-Germany-The-Final-Fight-6-800x450.jpg",800,450,true],"1536x1536":["https:\/\/ibomberdefense.standardof.net\/wp-content\/uploads\/sites\/5\/2020\/10\/iBomber-Defense-Level-14-Germany-The-Final-Fight-6.jpg",1280,720,false],"2048x2048":["https:\/\/ibomberdefense.standardof.net\/wp-content\/uploads\/sites\/5\/2020\/10\/iBomber-Defense-Level-14-Germany-The-Final-Fight-6.jpg",1280,720,false],"trp-custom-language-flag":["https:\/\/ibomberdefense.standardof.net\/wp-content\/uploads\/sites\/5\/2020\/10\/iBomber-Defense-Level-14-Germany-The-Final-Fight-6-16x9.jpg",16,9,true]},"uagb_author_info":{"display_name":"SOE","author_link":"https:\/\/ibomberdefense.standardof.net\/de\/author\/k-tastic\/"},"uagb_comment_info":0,"uagb_excerpt":"The Germany level is the final mission for you to overcome in the Allied campaign, serving you the greatest challenge so far. Here you will be facing all three types of units at once, aircraft, naval vessels and ground units galore. This combined with the bombed out city making it difficult to place turrets, it&hellip;","_links":{"self":[{"href":"https:\/\/ibomberdefense.standardof.net\/de\/wp-json\/wp\/v2\/pages\/304"}],"collection":[{"href":"https:\/\/ibomberdefense.standardof.net\/de\/wp-json\/wp\/v2\/pages"}],"about":[{"href":"https:\/\/ibomberdefense.standardof.net\/de\/wp-json\/wp\/v2\/types\/page"}],"author":[{"embeddable":true,"href":"https:\/\/ibomberdefense.standardof.net\/de\/wp-json\/wp\/v2\/users\/1"}],"replies":[{"embeddable":true,"href":"https:\/\/ibomberdefense.standardof.net\/de\/wp-json\/wp\/v2\/comments?post=304"}],"version-history":[{"count":0,"href":"https:\/\/ibomberdefense.standardof.net\/de\/wp-json\/wp\/v2\/pages\/304\/revisions"}],"up":[{"embeddable":true,"href":"https:\/\/ibomberdefense.standardof.net\/de\/wp-json\/wp\/v2\/pages\/266"}],"wp:featuredmedia":[{"embeddable":true,"href":"https:\/\/ibomberdefense.standardof.net\/de\/wp-json\/wp\/v2\/media\/76"}],"wp:attachment":[{"href":"https:\/\/ibomberdefense.standardof.net\/de\/wp-json\/wp\/v2\/media?parent=304"}],"curies":[{"name":"wp","href":"https:\/\/api.w.org\/{rel}","templated":true}]}}