{"id":321,"date":"2020-10-19T07:16:19","date_gmt":"2020-10-19T07:16:19","guid":{"rendered":"https:\/\/ibomberdefense.standardof.net\/?page_id=321"},"modified":"2020-10-19T08:05:03","modified_gmt":"2020-10-19T08:05:03","slug":"1-northern-europe-valhalla","status":"publish","type":"page","link":"https:\/\/ibomberdefense.standardof.net\/de\/guide\/achsenkampagne-2\/1-nordeuropa-walhall-2\/","title":{"rendered":"1. Nordeuropa: Walhalla"},"content":{"rendered":"<div class=\"wp-block-image\"><figure class=\"aligncenter size-large\"><a href=\"https:\/\/ibomberdefense.standardof.net\/de\/guide\/achsenkampagne-2\/1-nordeuropa-walhall-2\/ibomber-defense-axis-campaign-01-northern-europe-valhalla-1\/\"><img decoding=\"async\" width=\"800\" height=\"450\" src=\"https:\/\/ibomberdefense.standardof.net\/wp-content\/uploads\/sites\/5\/2020\/10\/iBomber-Defense-Axis-Campaign-01.-Northern-Europe-Valhalla-1-800x450.jpg\" alt=\"&quot;iBomber Defense&quot; - Achsenkampagne - 01. Nordeuropa: Valhalla (1)\" class=\"wp-image-77\" title=\"\" srcset=\"https:\/\/ibomberdefense.standardof.net\/wp-content\/uploads\/sites\/5\/2020\/10\/iBomber-Defense-Axis-Campaign-01.-Northern-Europe-Valhalla-1-800x450.jpg 800w, https:\/\/ibomberdefense.standardof.net\/wp-content\/uploads\/sites\/5\/2020\/10\/iBomber-Defense-Axis-Campaign-01.-Northern-Europe-Valhalla-1-512x288.jpg 512w, https:\/\/ibomberdefense.standardof.net\/wp-content\/uploads\/sites\/5\/2020\/10\/iBomber-Defense-Axis-Campaign-01.-Northern-Europe-Valhalla-1-200x113.jpg 200w, https:\/\/ibomberdefense.standardof.net\/wp-content\/uploads\/sites\/5\/2020\/10\/iBomber-Defense-Axis-Campaign-01.-Northern-Europe-Valhalla-1-768x432.jpg 768w, https:\/\/ibomberdefense.standardof.net\/wp-content\/uploads\/sites\/5\/2020\/10\/iBomber-Defense-Axis-Campaign-01.-Northern-Europe-Valhalla-1-16x9.jpg 16w, https:\/\/ibomberdefense.standardof.net\/wp-content\/uploads\/sites\/5\/2020\/10\/iBomber-Defense-Axis-Campaign-01.-Northern-Europe-Valhalla-1.jpg 1280w\" sizes=\"(max-width: 800px) 100vw, 800px\" \/><\/a><figcaption>Karte der vom Feind eingeschlagenen Routen in der Achsenebene Nordeuropa - Walhall<\/figcaption><\/figure><\/div>\n\n\n\n<p>Das erste Level der Achsenkampagne f\u00fchrt uns zur\u00fcck in eines der zuvor eroberten Gebiete, wo die Reihe neuer Wendungen an alten Gebieten beginnt, die in diesem Teil des Spiels vorhanden sind. Nicht alle Levels sind Wiederholungen und einige haben sich erheblich ver\u00e4ndert, abgesehen von den Wellen, die angreifen, oder den T\u00fcrmen, die Ihnen zur Verf\u00fcgung stehen.<\/p>\n\n\n\n<p>Dieses Mal sind Sie in Nordeuropa, Valhalla, einer deutlich geringeren Bedrohung durch 20 Wellen leichterer Marinefahrzeuge ohne Luftunterst\u00fctzung ausgesetzt. Zu diesem Zeitpunkt sind Sie auch auf Maschinengewehre und Kanonen der Stufe 2 beschr\u00e4nkt. Der Feind f\u00e4hrt einen einzigen Weg von Westen nach oben durch den Wasserstreifen zwischen der gro\u00dfen Insel und der rechten Halbinsel.<\/p>\n\n\n\n<h3 class=\"wp-block-heading\"><strong>Revolverplatzierung<\/strong><\/h3>\n\n\n\n<p>Das Platzieren Ihrer T\u00fcrme hier ist angesichts des geringen Schwierigkeitsgrades und der begrenzten Anzahl von Wellen in diesem Level ziemlich einfach. Die Wellen 1\u201310 sollten sich auf den Bau von 5 Maschinengewehr-T\u00fcrmen der Stufe 2 entlang der s\u00fcd\u00f6stlichen Seite der Zentralinsel an Stellen konzentrieren, an denen sie den Weg des Feindes optimal abdecken k\u00f6nnen.<\/p>\n\n\n\n<p>Die Wellen 10 bis 20 k\u00f6nnen auf das Hinzuf\u00fcgen von 3 Kanonen konzentriert werden, die entlang derselben Linie verteilt sind, gegen die die MG-T\u00fcrme ausgerichtet sind, um zus\u00e4tzliche Feuerkraft gegen die h\u00e4rteren gepanzerten Marineschiffe bereitzustellen. Sie sollten genug haben, um mindestens eine auf Stufe zwei aufzur\u00fcsten, aber platzieren Sie alle drei, bevor Sie dies tun, da ihre niedrige Feuerrate durch mehrere Waffen ausgeglichen wird.<\/p>\n\n\n\n<figure class=\"wp-block-gallery columns-2 is-cropped wp-block-gallery-1 is-layout-flex wp-block-gallery-is-layout-flex\"><ul class=\"blocks-gallery-grid\"><li class=\"blocks-gallery-item\"><figure><a href=\"https:\/\/ibomberdefense.standardof.net\/de\/guide\/achsenkampagne-2\/1-nordeuropa-walhall-2\/ibomber-defense-axis-campaign-01-northern-europe-valhalla-2\/\"><img decoding=\"async\" width=\"800\" height=\"450\" src=\"https:\/\/ibomberdefense.standardof.net\/wp-content\/uploads\/sites\/5\/2020\/10\/iBomber-Defense-Axis-Campaign-01.-Northern-Europe-Valhalla-2-800x450.jpg\" alt=\"&quot;iBomber Defense&quot; - Achsenkampagne - 01. Nordeuropa: Valhalla (2)\" data-id=\"78\" data-full-url=\"https:\/\/ibomberdefense.standardof.net\/wp-content\/uploads\/sites\/5\/2020\/10\/iBomber-Defense-Axis-Campaign-01.-Northern-Europe-Valhalla-2.jpg\" data-link=\"https:\/\/ibomberdefense.standardof.net\/guide\/axis-campaign\/1-northern-europe-valhalla\/ibomber-defense-axis-campaign-01-northern-europe-valhalla-2\/\" class=\"wp-image-78\" title=\"\" srcset=\"https:\/\/ibomberdefense.standardof.net\/wp-content\/uploads\/sites\/5\/2020\/10\/iBomber-Defense-Axis-Campaign-01.-Northern-Europe-Valhalla-2-800x450.jpg 800w, https:\/\/ibomberdefense.standardof.net\/wp-content\/uploads\/sites\/5\/2020\/10\/iBomber-Defense-Axis-Campaign-01.-Northern-Europe-Valhalla-2-512x288.jpg 512w, https:\/\/ibomberdefense.standardof.net\/wp-content\/uploads\/sites\/5\/2020\/10\/iBomber-Defense-Axis-Campaign-01.-Northern-Europe-Valhalla-2-200x113.jpg 200w, https:\/\/ibomberdefense.standardof.net\/wp-content\/uploads\/sites\/5\/2020\/10\/iBomber-Defense-Axis-Campaign-01.-Northern-Europe-Valhalla-2-768x432.jpg 768w, https:\/\/ibomberdefense.standardof.net\/wp-content\/uploads\/sites\/5\/2020\/10\/iBomber-Defense-Axis-Campaign-01.-Northern-Europe-Valhalla-2-16x9.jpg 16w, https:\/\/ibomberdefense.standardof.net\/wp-content\/uploads\/sites\/5\/2020\/10\/iBomber-Defense-Axis-Campaign-01.-Northern-Europe-Valhalla-2.jpg 1280w\" sizes=\"(max-width: 800px) 100vw, 800px\" \/><\/a><figcaption class=\"blocks-gallery-item__caption\">Platzierung des Revolvers der Welle 10.<\/figcaption><\/figure><\/li><li class=\"blocks-gallery-item\"><figure><a href=\"https:\/\/ibomberdefense.standardof.net\/de\/guide\/achsenkampagne-2\/1-nordeuropa-walhall-2\/ibomber-defense-axis-campaign-01-northern-europe-valhalla-3\/\"><img decoding=\"async\" width=\"800\" height=\"450\" src=\"https:\/\/ibomberdefense.standardof.net\/wp-content\/uploads\/sites\/5\/2020\/10\/iBomber-Defense-Axis-Campaign-01.-Northern-Europe-Valhalla-3-800x450.jpg\" alt=\"&quot;iBomber Defense&quot; - Achsenkampagne - 01. Nordeuropa: Valhalla (3)\" data-id=\"79\" data-full-url=\"https:\/\/ibomberdefense.standardof.net\/wp-content\/uploads\/sites\/5\/2020\/10\/iBomber-Defense-Axis-Campaign-01.-Northern-Europe-Valhalla-3.jpg\" data-link=\"https:\/\/ibomberdefense.standardof.net\/guide\/axis-campaign\/1-northern-europe-valhalla\/ibomber-defense-axis-campaign-01-northern-europe-valhalla-3\/\" class=\"wp-image-79\" title=\"\" srcset=\"https:\/\/ibomberdefense.standardof.net\/wp-content\/uploads\/sites\/5\/2020\/10\/iBomber-Defense-Axis-Campaign-01.-Northern-Europe-Valhalla-3-800x450.jpg 800w, https:\/\/ibomberdefense.standardof.net\/wp-content\/uploads\/sites\/5\/2020\/10\/iBomber-Defense-Axis-Campaign-01.-Northern-Europe-Valhalla-3-512x288.jpg 512w, https:\/\/ibomberdefense.standardof.net\/wp-content\/uploads\/sites\/5\/2020\/10\/iBomber-Defense-Axis-Campaign-01.-Northern-Europe-Valhalla-3-200x113.jpg 200w, https:\/\/ibomberdefense.standardof.net\/wp-content\/uploads\/sites\/5\/2020\/10\/iBomber-Defense-Axis-Campaign-01.-Northern-Europe-Valhalla-3-768x432.jpg 768w, https:\/\/ibomberdefense.standardof.net\/wp-content\/uploads\/sites\/5\/2020\/10\/iBomber-Defense-Axis-Campaign-01.-Northern-Europe-Valhalla-3-16x9.jpg 16w, https:\/\/ibomberdefense.standardof.net\/wp-content\/uploads\/sites\/5\/2020\/10\/iBomber-Defense-Axis-Campaign-01.-Northern-Europe-Valhalla-3.jpg 1280w\" sizes=\"(max-width: 800px) 100vw, 800px\" \/><\/a><figcaption class=\"blocks-gallery-item__caption\">Platzierung des Revolvers der Welle 20.<\/figcaption><\/figure><\/li><\/ul><\/figure>\n\n\n\n<h3 class=\"wp-block-heading\"><strong>Siegpunktausgaben<\/strong><\/h3>\n\n\n\n<p>Da wir wieder mit Kanonen und Maschinengewehren der Stufe 2 beginnen, ist es an der Zeit, alle verf\u00fcgbaren Upgrades in der Axis-Kampagne erneut freizuschalten. Da die Mittel ohne Zinsen begrenzt sind, setzen Sie einen Punkt in die Kauff\u00e4higkeit f\u00fcr zus\u00e4tzliches Startgeld und einen weiteren Punkt in Maschinengewehre, um Level 3 freizuschalten.<\/p>\n\n\n\n<p>Die aktuellen R\u00e4nge der freigeschalteten Gegenst\u00e4nde sind:<br>Maschinengewehr 3, Kanone 2, Luftabwehr 1, Kauf 1<\/p>\n\n\n\n<hr class=\"wp-block-separator\"\/>\n\n\n\n<h4 class=\"has-text-align-center wp-block-heading\">Videoanleitung<\/h4>\n\n\n\n<figure class=\"wp-block-embed-youtube wp-block-embed is-type-video is-provider-youtube wp-embed-aspect-16-9 wp-has-aspect-ratio\"><div class=\"wp-block-embed__wrapper\">\n<div class=\"ast-oembed-container\" style=\"height: 100%;\"><iframe title=\"iBomber Defense - Nordeuropa - Valhalla - Veteran + Perfekt\" width=\"500\" height=\"281\" src=\"https:\/\/www.youtube.com\/embed\/nha1AToCtFI?feature=oembed\" frameborder=\"0\" allow=\"accelerometer; autoplay; clipboard-write; encrypted-media; gyroscope; picture-in-picture; web-share\" referrerpolicy=\"strict-origin-when-cross-origin\" allowfullscreen><\/iframe><\/div>\n<\/div><\/figure>","protected":false},"excerpt":{"rendered":"<p>The first level in the Axis campaign takes us back to one of the previously conquered territories beginning the series of new twists on old areas that are present in this portion of the game. Not all levels are repeats and some that are have changed significantly beyond just the waves that attack or the [&hellip;]<\/p>","protected":false},"author":1,"featured_media":79,"parent":268,"menu_order":1,"comment_status":"open","ping_status":"closed","template":"","meta":{"_uag_custom_page_level_css":"","site-sidebar-layout":"default","site-content-layout":"default","ast-site-content-layout":"","site-content-style":"default","site-sidebar-style":"default","ast-global-header-display":"","ast-banner-title-visibility":"","ast-main-header-display":"","ast-hfb-above-header-display":"","ast-hfb-below-header-display":"","ast-hfb-mobile-header-display":"","site-post-title":"","ast-breadcrumbs-content":"","ast-featured-img":"","footer-sml-layout":"","theme-transparent-header-meta":"default","adv-header-id-meta":"","stick-header-meta":"","header-above-stick-meta":"","header-main-stick-meta":"","header-below-stick-meta":"","astra-migrate-meta-layouts":"default","ast-page-background-enabled":"default","ast-page-background-meta":{"desktop":{"background-color":"","background-image":"","background-repeat":"repeat","background-position":"center center","background-size":"auto","background-attachment":"scroll","background-type":"","background-media":"","overlay-type":"","overlay-color":"","overlay-gradient":""},"tablet":{"background-color":"","background-image":"","background-repeat":"repeat","background-position":"center center","background-size":"auto","background-attachment":"scroll","background-type":"","background-media":"","overlay-type":"","overlay-color":"","overlay-gradient":""},"mobile":{"background-color":"","background-image":"","background-repeat":"repeat","background-position":"center center","background-size":"auto","background-attachment":"scroll","background-type":"","background-media":"","overlay-type":"","overlay-color":"","overlay-gradient":""}},"ast-content-background-meta":{"desktop":{"background-color":"var(--ast-global-color-5)","background-image":"","background-repeat":"repeat","background-position":"center center","background-size":"auto","background-attachment":"scroll","background-type":"","background-media":"","overlay-type":"","overlay-color":"","overlay-gradient":""},"tablet":{"background-color":"var(--ast-global-color-5)","background-image":"","background-repeat":"repeat","background-position":"center center","background-size":"auto","background-attachment":"scroll","background-type":"","background-media":"","overlay-type":"","overlay-color":"","overlay-gradient":""},"mobile":{"background-color":"var(--ast-global-color-5)","background-image":"","background-repeat":"repeat","background-position":"center center","background-size":"auto","background-attachment":"scroll","background-type":"","background-media":"","overlay-type":"","overlay-color":"","overlay-gradient":""}},"footnotes":""},"uagb_featured_image_src":{"full":["https:\/\/ibomberdefense.standardof.net\/wp-content\/uploads\/sites\/5\/2020\/10\/iBomber-Defense-Axis-Campaign-01.-Northern-Europe-Valhalla-3.jpg",1280,720,false],"thumbnail":["https:\/\/ibomberdefense.standardof.net\/wp-content\/uploads\/sites\/5\/2020\/10\/iBomber-Defense-Axis-Campaign-01.-Northern-Europe-Valhalla-3-200x113.jpg",200,113,true],"medium":["https:\/\/ibomberdefense.standardof.net\/wp-content\/uploads\/sites\/5\/2020\/10\/iBomber-Defense-Axis-Campaign-01.-Northern-Europe-Valhalla-3-512x288.jpg",512,288,true],"medium_large":["https:\/\/ibomberdefense.standardof.net\/wp-content\/uploads\/sites\/5\/2020\/10\/iBomber-Defense-Axis-Campaign-01.-Northern-Europe-Valhalla-3-768x432.jpg",768,432,true],"large":["https:\/\/ibomberdefense.standardof.net\/wp-content\/uploads\/sites\/5\/2020\/10\/iBomber-Defense-Axis-Campaign-01.-Northern-Europe-Valhalla-3-800x450.jpg",800,450,true],"1536x1536":["https:\/\/ibomberdefense.standardof.net\/wp-content\/uploads\/sites\/5\/2020\/10\/iBomber-Defense-Axis-Campaign-01.-Northern-Europe-Valhalla-3.jpg",1280,720,false],"2048x2048":["https:\/\/ibomberdefense.standardof.net\/wp-content\/uploads\/sites\/5\/2020\/10\/iBomber-Defense-Axis-Campaign-01.-Northern-Europe-Valhalla-3.jpg",1280,720,false],"trp-custom-language-flag":["https:\/\/ibomberdefense.standardof.net\/wp-content\/uploads\/sites\/5\/2020\/10\/iBomber-Defense-Axis-Campaign-01.-Northern-Europe-Valhalla-3-16x9.jpg",16,9,true]},"uagb_author_info":{"display_name":"SOE","author_link":"https:\/\/ibomberdefense.standardof.net\/de\/author\/k-tastic\/"},"uagb_comment_info":0,"uagb_excerpt":"The first level in the Axis campaign takes us back to one of the previously conquered territories beginning the series of new twists on old areas that are present in this portion of the game. Not all levels are repeats and some that are have changed significantly beyond just the waves that attack or the&hellip;","_links":{"self":[{"href":"https:\/\/ibomberdefense.standardof.net\/de\/wp-json\/wp\/v2\/pages\/321"}],"collection":[{"href":"https:\/\/ibomberdefense.standardof.net\/de\/wp-json\/wp\/v2\/pages"}],"about":[{"href":"https:\/\/ibomberdefense.standardof.net\/de\/wp-json\/wp\/v2\/types\/page"}],"author":[{"embeddable":true,"href":"https:\/\/ibomberdefense.standardof.net\/de\/wp-json\/wp\/v2\/users\/1"}],"replies":[{"embeddable":true,"href":"https:\/\/ibomberdefense.standardof.net\/de\/wp-json\/wp\/v2\/comments?post=321"}],"version-history":[{"count":0,"href":"https:\/\/ibomberdefense.standardof.net\/de\/wp-json\/wp\/v2\/pages\/321\/revisions"}],"up":[{"embeddable":true,"href":"https:\/\/ibomberdefense.standardof.net\/de\/wp-json\/wp\/v2\/pages\/268"}],"wp:featuredmedia":[{"embeddable":true,"href":"https:\/\/ibomberdefense.standardof.net\/de\/wp-json\/wp\/v2\/media\/79"}],"wp:attachment":[{"href":"https:\/\/ibomberdefense.standardof.net\/de\/wp-json\/wp\/v2\/media?parent=321"}],"curies":[{"name":"wp","href":"https:\/\/api.w.org\/{rel}","templated":true}]}}