{"id":322,"date":"2020-10-19T07:16:37","date_gmt":"2020-10-19T07:16:37","guid":{"rendered":"https:\/\/ibomberdefense.standardof.net\/?page_id=322"},"modified":"2020-10-19T08:05:07","modified_gmt":"2020-10-19T08:05:07","slug":"2-north-east-europe-lightning-bolt","status":"publish","type":"page","link":"https:\/\/ibomberdefense.standardof.net\/de\/guide\/achsenkampagne-2\/2-nordost-europa-blitz\/","title":{"rendered":"2. Nordosteuropa: Blitz"},"content":{"rendered":"<div class=\"wp-block-image\"><figure class=\"aligncenter size-large\"><a href=\"https:\/\/ibomberdefense.standardof.net\/de\/guide\/achsenkampagne-2\/2-nordost-europa-blitz\/ibomber-defense-axis-campaign-02-north-east-europe-lightning-bolt-1\/\"><img decoding=\"async\" width=\"800\" height=\"450\" src=\"https:\/\/ibomberdefense.standardof.net\/wp-content\/uploads\/sites\/5\/2020\/10\/iBomber-Defense-Axis-Campaign-02.-North-East-Europe-Lightning-Bolt-1-800x450.jpg\" alt=\"&quot;iBomber Defense&quot; - Achsenkampagne - 02. Nordosteuropa: Blitz (1)\" class=\"wp-image-80\" title=\"\" srcset=\"https:\/\/ibomberdefense.standardof.net\/wp-content\/uploads\/sites\/5\/2020\/10\/iBomber-Defense-Axis-Campaign-02.-North-East-Europe-Lightning-Bolt-1-800x450.jpg 800w, https:\/\/ibomberdefense.standardof.net\/wp-content\/uploads\/sites\/5\/2020\/10\/iBomber-Defense-Axis-Campaign-02.-North-East-Europe-Lightning-Bolt-1-512x288.jpg 512w, https:\/\/ibomberdefense.standardof.net\/wp-content\/uploads\/sites\/5\/2020\/10\/iBomber-Defense-Axis-Campaign-02.-North-East-Europe-Lightning-Bolt-1-200x113.jpg 200w, https:\/\/ibomberdefense.standardof.net\/wp-content\/uploads\/sites\/5\/2020\/10\/iBomber-Defense-Axis-Campaign-02.-North-East-Europe-Lightning-Bolt-1-768x432.jpg 768w, https:\/\/ibomberdefense.standardof.net\/wp-content\/uploads\/sites\/5\/2020\/10\/iBomber-Defense-Axis-Campaign-02.-North-East-Europe-Lightning-Bolt-1-16x9.jpg 16w, https:\/\/ibomberdefense.standardof.net\/wp-content\/uploads\/sites\/5\/2020\/10\/iBomber-Defense-Axis-Campaign-02.-North-East-Europe-Lightning-Bolt-1.jpg 1280w\" sizes=\"(max-width: 800px) 100vw, 800px\" \/><\/a><figcaption>Karte der Routen auf der Achsenebene von &quot;iBomber Defense&quot;, Nordosteuropa - Blitz.<\/figcaption><\/figure><\/div>\n\n\n\n<p>In der zweiten Ebene der Achsenkampagne ist es an der Zeit, sich jetzt in Nordosteuropa den Bodeneinheiten \u201eLightning Bolt\u201c zu stellen. In diesem Level musst du 30 Wellen von Infanterie, Fahrzeugen und Panzern begegnen, die sich von den nord\u00f6stlichen und nordwestlichen Pfaden n\u00e4hern und nahe der oberen Mitte der Karte zusammenlaufen, bevor sie sich zur Basis kr\u00fcmmen und eine J-Form bilden.<\/p>\n\n\n\n<p>Die Platzierung des Turmes in diesem Level des Spiels konzentriert sich auf den Aufbau von Waffen auf dem Plateau im s\u00fcdlichen zentralen Teil der Karte direkt neben der Basis. Die hier platzierten Waffen haben nicht nur die beste Wirksamkeit gegen Einheiten, die sich von beiden Eing\u00e4ngen n\u00e4hern, sondern erweisen sich auch als n\u00fctzlich, wenn es darum geht, in der kommenden Gegenangriffsbonusmission auf dieses Niveau zur\u00fcckzukehren.<\/p>\n\n\n\n<h3 class=\"wp-block-heading\"><strong>Revolverplatzierung<\/strong><\/h3>\n\n\n\n<figure class=\"wp-block-gallery columns-2 is-cropped wp-block-gallery-1 is-layout-flex wp-block-gallery-is-layout-flex\"><ul class=\"blocks-gallery-grid\"><li class=\"blocks-gallery-item\"><figure><a href=\"https:\/\/ibomberdefense.standardof.net\/de\/guide\/achsenkampagne-2\/2-nordost-europa-blitz\/ibomber-defense-axis-campaign-02-north-east-europe-lightning-bolt-2\/\"><img decoding=\"async\" width=\"800\" height=\"450\" src=\"https:\/\/ibomberdefense.standardof.net\/wp-content\/uploads\/sites\/5\/2020\/10\/iBomber-Defense-Axis-Campaign-02.-North-East-Europe-Lightning-Bolt-2-800x450.jpg\" alt=\"&quot;iBomber Defense&quot; - Achsenkampagne - 02. Nordosteuropa: Blitz (2)\" data-id=\"81\" data-full-url=\"https:\/\/ibomberdefense.standardof.net\/wp-content\/uploads\/sites\/5\/2020\/10\/iBomber-Defense-Axis-Campaign-02.-North-East-Europe-Lightning-Bolt-2.jpg\" data-link=\"https:\/\/ibomberdefense.standardof.net\/guide\/axis-campaign\/2-north-east-europe-lightning-bolt\/ibomber-defense-axis-campaign-02-north-east-europe-lightning-bolt-2\/\" class=\"wp-image-81\" title=\"\" srcset=\"https:\/\/ibomberdefense.standardof.net\/wp-content\/uploads\/sites\/5\/2020\/10\/iBomber-Defense-Axis-Campaign-02.-North-East-Europe-Lightning-Bolt-2-800x450.jpg 800w, https:\/\/ibomberdefense.standardof.net\/wp-content\/uploads\/sites\/5\/2020\/10\/iBomber-Defense-Axis-Campaign-02.-North-East-Europe-Lightning-Bolt-2-512x288.jpg 512w, https:\/\/ibomberdefense.standardof.net\/wp-content\/uploads\/sites\/5\/2020\/10\/iBomber-Defense-Axis-Campaign-02.-North-East-Europe-Lightning-Bolt-2-200x113.jpg 200w, https:\/\/ibomberdefense.standardof.net\/wp-content\/uploads\/sites\/5\/2020\/10\/iBomber-Defense-Axis-Campaign-02.-North-East-Europe-Lightning-Bolt-2-768x432.jpg 768w, https:\/\/ibomberdefense.standardof.net\/wp-content\/uploads\/sites\/5\/2020\/10\/iBomber-Defense-Axis-Campaign-02.-North-East-Europe-Lightning-Bolt-2-16x9.jpg 16w, https:\/\/ibomberdefense.standardof.net\/wp-content\/uploads\/sites\/5\/2020\/10\/iBomber-Defense-Axis-Campaign-02.-North-East-Europe-Lightning-Bolt-2.jpg 1280w\" sizes=\"(max-width: 800px) 100vw, 800px\" \/><\/a><figcaption class=\"blocks-gallery-item__caption\">Revolverplatzierung am Ende von Welle 10.<\/figcaption><\/figure><\/li><li class=\"blocks-gallery-item\"><figure><a href=\"https:\/\/ibomberdefense.standardof.net\/de\/guide\/achsenkampagne-2\/2-nordost-europa-blitz\/ibomber-defense-axis-campaign-02-north-east-europe-lightning-bolt-3\/\"><img decoding=\"async\" width=\"800\" height=\"450\" src=\"https:\/\/ibomberdefense.standardof.net\/wp-content\/uploads\/sites\/5\/2020\/10\/iBomber-Defense-Axis-Campaign-02.-North-East-Europe-Lightning-Bolt-3-800x450.jpg\" alt=\"&quot;iBomber Defense&quot; - Achsenkampagne - 02. Nordosteuropa: Blitz (3)\" data-id=\"82\" data-full-url=\"https:\/\/ibomberdefense.standardof.net\/wp-content\/uploads\/sites\/5\/2020\/10\/iBomber-Defense-Axis-Campaign-02.-North-East-Europe-Lightning-Bolt-3.jpg\" data-link=\"https:\/\/ibomberdefense.standardof.net\/guide\/axis-campaign\/2-north-east-europe-lightning-bolt\/ibomber-defense-axis-campaign-02-north-east-europe-lightning-bolt-3\/\" class=\"wp-image-82\" title=\"\" srcset=\"https:\/\/ibomberdefense.standardof.net\/wp-content\/uploads\/sites\/5\/2020\/10\/iBomber-Defense-Axis-Campaign-02.-North-East-Europe-Lightning-Bolt-3-800x450.jpg 800w, https:\/\/ibomberdefense.standardof.net\/wp-content\/uploads\/sites\/5\/2020\/10\/iBomber-Defense-Axis-Campaign-02.-North-East-Europe-Lightning-Bolt-3-512x288.jpg 512w, https:\/\/ibomberdefense.standardof.net\/wp-content\/uploads\/sites\/5\/2020\/10\/iBomber-Defense-Axis-Campaign-02.-North-East-Europe-Lightning-Bolt-3-200x113.jpg 200w, https:\/\/ibomberdefense.standardof.net\/wp-content\/uploads\/sites\/5\/2020\/10\/iBomber-Defense-Axis-Campaign-02.-North-East-Europe-Lightning-Bolt-3-768x432.jpg 768w, https:\/\/ibomberdefense.standardof.net\/wp-content\/uploads\/sites\/5\/2020\/10\/iBomber-Defense-Axis-Campaign-02.-North-East-Europe-Lightning-Bolt-3-16x9.jpg 16w, https:\/\/ibomberdefense.standardof.net\/wp-content\/uploads\/sites\/5\/2020\/10\/iBomber-Defense-Axis-Campaign-02.-North-East-Europe-Lightning-Bolt-3.jpg 1280w\" sizes=\"(max-width: 800px) 100vw, 800px\" \/><\/a><figcaption class=\"blocks-gallery-item__caption\">Revolverplatzierung am Ende der Welle 20.<\/figcaption><\/figure><\/li><\/ul><\/figure>\n\n\n\n<p>Beginnend in diesem Level und bis zur zehnten Welle von Feinden sollte sich Ihre Turmplatzierung darauf konzentrieren, 3 Maschinengewehr-T\u00fcrme der Stufe drei am Rand des oben erw\u00e4hnten Plateaus zu platzieren. Bauen Sie schlie\u00dflich eine vierte an der offenen Stelle zwischen der Klippe und der Stra\u00dfe selbst (siehe zweites Bild rechts), um mit den anf\u00e4nglichen leichteren Einheiten fertig zu werden.<\/p>\n\n\n\n<p>Stellen Sie auf Ihrem Weg zu Welle 20 sicher, dass sich alle vier von Ihnen platzierten Maschinengewehre auf Stufe 3 befinden, und beginnen Sie mit dem Bau eines Trios von Kanonent\u00fcrmen auf den verbleibenden Freifl\u00e4chen dieses Plateaus. Versuchen Sie, eine dieser Kanonen auf die zweite Stufe zu aktualisieren.<\/p>\n\n\n\n<p>Bringe von Welle 20 bis zur letzten Welle alle deine Kanonen in ihre zweite Stufe und finde einen anderen Platz, um ein Maschinengewehr der Stufe 2 und eine Kanone der Stufe 1 zu platzieren, die die letzten Gegenst\u00e4nde sein sollten, die du baust. Obwohl das letzte Bild zeigt, wie sie beim Zusammentreffen der beiden Eingangspfade platziert wurden, werden sie beim Gegenangriff effektiver, wenn auch nicht notwendig, wenn sie nach S\u00fcden zwischen dem rechten Plateau und der Hauptstra\u00dfe platziert werden.<\/p>\n\n\n\n<div class=\"wp-block-image\"><figure class=\"aligncenter size-large\"><a href=\"https:\/\/ibomberdefense.standardof.net\/de\/guide\/achsenkampagne-2\/2-nordost-europa-blitz\/ibomber-defense-axis-campaign-02-north-east-europe-lightning-bolt-4\/\"><img decoding=\"async\" width=\"800\" height=\"450\" src=\"https:\/\/ibomberdefense.standardof.net\/wp-content\/uploads\/sites\/5\/2020\/10\/iBomber-Defense-Axis-Campaign-02.-North-East-Europe-Lightning-Bolt-4-800x450.jpg\" alt=\"&quot;iBomber Defense&quot; - Achsenkampagne - 02. Nordosteuropa: Blitz (4)\" class=\"wp-image-83\" title=\"\" srcset=\"https:\/\/ibomberdefense.standardof.net\/wp-content\/uploads\/sites\/5\/2020\/10\/iBomber-Defense-Axis-Campaign-02.-North-East-Europe-Lightning-Bolt-4-800x450.jpg 800w, https:\/\/ibomberdefense.standardof.net\/wp-content\/uploads\/sites\/5\/2020\/10\/iBomber-Defense-Axis-Campaign-02.-North-East-Europe-Lightning-Bolt-4-512x288.jpg 512w, https:\/\/ibomberdefense.standardof.net\/wp-content\/uploads\/sites\/5\/2020\/10\/iBomber-Defense-Axis-Campaign-02.-North-East-Europe-Lightning-Bolt-4-200x113.jpg 200w, https:\/\/ibomberdefense.standardof.net\/wp-content\/uploads\/sites\/5\/2020\/10\/iBomber-Defense-Axis-Campaign-02.-North-East-Europe-Lightning-Bolt-4-768x432.jpg 768w, https:\/\/ibomberdefense.standardof.net\/wp-content\/uploads\/sites\/5\/2020\/10\/iBomber-Defense-Axis-Campaign-02.-North-East-Europe-Lightning-Bolt-4-16x9.jpg 16w, https:\/\/ibomberdefense.standardof.net\/wp-content\/uploads\/sites\/5\/2020\/10\/iBomber-Defense-Axis-Campaign-02.-North-East-Europe-Lightning-Bolt-4.jpg 1280w\" sizes=\"(max-width: 800px) 100vw, 800px\" \/><\/a><figcaption>Revolverplatzierung am Ende der Welle 30.<\/figcaption><\/figure><\/div>\n\n\n\n<h3 class=\"wp-block-heading\"><strong>Siegpunktausgaben<\/strong><\/h3>\n\n\n\n<p>Da wir noch ein paar Level davon entfernt sind, uns einem Flugzeug zu stellen oder die gro\u00dfe Menge an Geldern zu sammeln, die f\u00fcr einen effektiven Einsatz von X-Waffen ben\u00f6tigt werden, ist es der beste Ort, um Siegpunkte auszugeben, Kanonen der dritten Stufe und die erste Stufe der Feuersturmwaffe freizuschalten ist unglaublich praktisch in dieser Kampagne.<\/p>\n\n\n\n<p>Stufen der derzeit freigeschalteten Gegenst\u00e4nde:<br>MG 3, Kanone 3, AA 1, Feuersturm 1, Kauf 1<\/p>\n\n\n\n<hr class=\"wp-block-separator\"\/>\n\n\n\n<h4 class=\"has-text-align-center wp-block-heading\">Videoanleitung<\/h4>\n\n\n\n<figure class=\"wp-block-embed-youtube wp-block-embed is-type-video is-provider-youtube wp-embed-aspect-16-9 wp-has-aspect-ratio\"><div class=\"wp-block-embed__wrapper\">\n<div class=\"ast-oembed-container\" style=\"height: 100%;\"><iframe title=\"iBomber Defense - Nordosteuropa - Blitz - Veteran + Perfekt\" width=\"500\" height=\"281\" src=\"https:\/\/www.youtube.com\/embed\/bVfjuBohAys?feature=oembed\" frameborder=\"0\" allow=\"accelerometer; autoplay; clipboard-write; encrypted-media; gyroscope; picture-in-picture; web-share\" referrerpolicy=\"strict-origin-when-cross-origin\" allowfullscreen><\/iframe><\/div>\n<\/div><\/figure>","protected":false},"excerpt":{"rendered":"<p>In the second level of the Axis campaign it is time to face ground units now in North East Europe, &#8220;Lightning Bolt&#8221;. In this level you will be tasked with facing 30 waves of infantry, vehicles and tanks that approach from the northeast and northwest paths, converging near the top center of the map before [&hellip;]<\/p>","protected":false},"author":1,"featured_media":83,"parent":268,"menu_order":2,"comment_status":"open","ping_status":"closed","template":"","meta":{"_uag_custom_page_level_css":"","site-sidebar-layout":"default","site-content-layout":"default","ast-site-content-layout":"","site-content-style":"default","site-sidebar-style":"default","ast-global-header-display":"","ast-banner-title-visibility":"","ast-main-header-display":"","ast-hfb-above-header-display":"","ast-hfb-below-header-display":"","ast-hfb-mobile-header-display":"","site-post-title":"","ast-breadcrumbs-content":"","ast-featured-img":"","footer-sml-layout":"","theme-transparent-header-meta":"default","adv-header-id-meta":"","stick-header-meta":"","header-above-stick-meta":"","header-main-stick-meta":"","header-below-stick-meta":"","astra-migrate-meta-layouts":"default","ast-page-background-enabled":"default","ast-page-background-meta":{"desktop":{"background-color":"","background-image":"","background-repeat":"repeat","background-position":"center center","background-size":"auto","background-attachment":"scroll","background-type":"","background-media":"","overlay-type":"","overlay-color":"","overlay-gradient":""},"tablet":{"background-color":"","background-image":"","background-repeat":"repeat","background-position":"center center","background-size":"auto","background-attachment":"scroll","background-type":"","background-media":"","overlay-type":"","overlay-color":"","overlay-gradient":""},"mobile":{"background-color":"","background-image":"","background-repeat":"repeat","background-position":"center center","background-size":"auto","background-attachment":"scroll","background-type":"","background-media":"","overlay-type":"","overlay-color":"","overlay-gradient":""}},"ast-content-background-meta":{"desktop":{"background-color":"var(--ast-global-color-5)","background-image":"","background-repeat":"repeat","background-position":"center center","background-size":"auto","background-attachment":"scroll","background-type":"","background-media":"","overlay-type":"","overlay-color":"","overlay-gradient":""},"tablet":{"background-color":"var(--ast-global-color-5)","background-image":"","background-repeat":"repeat","background-position":"center center","background-size":"auto","background-attachment":"scroll","background-type":"","background-media":"","overlay-type":"","overlay-color":"","overlay-gradient":""},"mobile":{"background-color":"var(--ast-global-color-5)","background-image":"","background-repeat":"repeat","background-position":"center center","background-size":"auto","background-attachment":"scroll","background-type":"","background-media":"","overlay-type":"","overlay-color":"","overlay-gradient":""}},"footnotes":""},"uagb_featured_image_src":{"full":["https:\/\/ibomberdefense.standardof.net\/wp-content\/uploads\/sites\/5\/2020\/10\/iBomber-Defense-Axis-Campaign-02.-North-East-Europe-Lightning-Bolt-4.jpg",1280,720,false],"thumbnail":["https:\/\/ibomberdefense.standardof.net\/wp-content\/uploads\/sites\/5\/2020\/10\/iBomber-Defense-Axis-Campaign-02.-North-East-Europe-Lightning-Bolt-4-200x113.jpg",200,113,true],"medium":["https:\/\/ibomberdefense.standardof.net\/wp-content\/uploads\/sites\/5\/2020\/10\/iBomber-Defense-Axis-Campaign-02.-North-East-Europe-Lightning-Bolt-4-512x288.jpg",512,288,true],"medium_large":["https:\/\/ibomberdefense.standardof.net\/wp-content\/uploads\/sites\/5\/2020\/10\/iBomber-Defense-Axis-Campaign-02.-North-East-Europe-Lightning-Bolt-4-768x432.jpg",768,432,true],"large":["https:\/\/ibomberdefense.standardof.net\/wp-content\/uploads\/sites\/5\/2020\/10\/iBomber-Defense-Axis-Campaign-02.-North-East-Europe-Lightning-Bolt-4-800x450.jpg",800,450,true],"1536x1536":["https:\/\/ibomberdefense.standardof.net\/wp-content\/uploads\/sites\/5\/2020\/10\/iBomber-Defense-Axis-Campaign-02.-North-East-Europe-Lightning-Bolt-4.jpg",1280,720,false],"2048x2048":["https:\/\/ibomberdefense.standardof.net\/wp-content\/uploads\/sites\/5\/2020\/10\/iBomber-Defense-Axis-Campaign-02.-North-East-Europe-Lightning-Bolt-4.jpg",1280,720,false],"trp-custom-language-flag":["https:\/\/ibomberdefense.standardof.net\/wp-content\/uploads\/sites\/5\/2020\/10\/iBomber-Defense-Axis-Campaign-02.-North-East-Europe-Lightning-Bolt-4-16x9.jpg",16,9,true]},"uagb_author_info":{"display_name":"SOE","author_link":"https:\/\/ibomberdefense.standardof.net\/de\/author\/k-tastic\/"},"uagb_comment_info":0,"uagb_excerpt":"In the second level of the Axis campaign it is time to face ground units now in North East Europe, &#8220;Lightning Bolt&#8221;. In this level you will be tasked with facing 30 waves of infantry, vehicles and tanks that approach from the northeast and northwest paths, converging near the top center of the map before&hellip;","_links":{"self":[{"href":"https:\/\/ibomberdefense.standardof.net\/de\/wp-json\/wp\/v2\/pages\/322"}],"collection":[{"href":"https:\/\/ibomberdefense.standardof.net\/de\/wp-json\/wp\/v2\/pages"}],"about":[{"href":"https:\/\/ibomberdefense.standardof.net\/de\/wp-json\/wp\/v2\/types\/page"}],"author":[{"embeddable":true,"href":"https:\/\/ibomberdefense.standardof.net\/de\/wp-json\/wp\/v2\/users\/1"}],"replies":[{"embeddable":true,"href":"https:\/\/ibomberdefense.standardof.net\/de\/wp-json\/wp\/v2\/comments?post=322"}],"version-history":[{"count":0,"href":"https:\/\/ibomberdefense.standardof.net\/de\/wp-json\/wp\/v2\/pages\/322\/revisions"}],"up":[{"embeddable":true,"href":"https:\/\/ibomberdefense.standardof.net\/de\/wp-json\/wp\/v2\/pages\/268"}],"wp:featuredmedia":[{"embeddable":true,"href":"https:\/\/ibomberdefense.standardof.net\/de\/wp-json\/wp\/v2\/media\/83"}],"wp:attachment":[{"href":"https:\/\/ibomberdefense.standardof.net\/de\/wp-json\/wp\/v2\/media?parent=322"}],"curies":[{"name":"wp","href":"https:\/\/api.w.org\/{rel}","templated":true}]}}