{"id":323,"date":"2020-10-19T07:16:52","date_gmt":"2020-10-19T07:16:52","guid":{"rendered":"https:\/\/ibomberdefense.standardof.net\/?page_id=323"},"modified":"2020-10-19T08:05:11","modified_gmt":"2020-10-19T08:05:11","slug":"3-western-russia-redbeard","status":"publish","type":"page","link":"https:\/\/ibomberdefense.standardof.net\/de\/guide\/achsenkampagne-2\/3-westrussland-redbeard\/","title":{"rendered":"3. Westrussland: Rotbart"},"content":{"rendered":"<div class=\"wp-block-image\"><figure class=\"aligncenter size-large\"><a href=\"https:\/\/ibomberdefense.standardof.net\/de\/guide\/achsenkampagne-2\/3-westrussland-redbeard\/ibomber-defense-axis-campaign-03-western-russia-redbeard-1\/\"><img decoding=\"async\" width=\"800\" height=\"450\" src=\"https:\/\/ibomberdefense.standardof.net\/wp-content\/uploads\/sites\/5\/2020\/10\/iBomber-Defense-Axis-Campaign-03.-Western-Russia-Redbeard-1-800x450.jpg\" alt=\"&quot;iBomber Defense&quot; - Achsenkampagne - 03. Westrussland: Redbeard (1)\" class=\"wp-image-84\" title=\"\" srcset=\"https:\/\/ibomberdefense.standardof.net\/wp-content\/uploads\/sites\/5\/2020\/10\/iBomber-Defense-Axis-Campaign-03.-Western-Russia-Redbeard-1-800x450.jpg 800w, https:\/\/ibomberdefense.standardof.net\/wp-content\/uploads\/sites\/5\/2020\/10\/iBomber-Defense-Axis-Campaign-03.-Western-Russia-Redbeard-1-512x288.jpg 512w, https:\/\/ibomberdefense.standardof.net\/wp-content\/uploads\/sites\/5\/2020\/10\/iBomber-Defense-Axis-Campaign-03.-Western-Russia-Redbeard-1-200x113.jpg 200w, https:\/\/ibomberdefense.standardof.net\/wp-content\/uploads\/sites\/5\/2020\/10\/iBomber-Defense-Axis-Campaign-03.-Western-Russia-Redbeard-1-768x432.jpg 768w, https:\/\/ibomberdefense.standardof.net\/wp-content\/uploads\/sites\/5\/2020\/10\/iBomber-Defense-Axis-Campaign-03.-Western-Russia-Redbeard-1-16x9.jpg 16w, https:\/\/ibomberdefense.standardof.net\/wp-content\/uploads\/sites\/5\/2020\/10\/iBomber-Defense-Axis-Campaign-03.-Western-Russia-Redbeard-1.jpg 1280w\" sizes=\"(max-width: 800px) 100vw, 800px\" \/><\/a><figcaption>Vom Feind eingeschlagene Routen im westrussischen \u201eRedbeard\u201c -Level.<\/figcaption><\/figure><\/div>\n\n\n\n<p>Stufe drei der Achsenkampagne f\u00fchrt Sie in die schneebedeckte, raue Landschaft Westrusslands, um Ihre Basis gegen 30 Wellen rein bodenst\u00e4ndiger Einheiten zu verteidigen, die noch frei von Luftunterst\u00fctzung sind. Auf dieser Karte befinden sich zwei Eing\u00e4nge, die von Nordwesten nach S\u00fcdosten kommen und ein gekr\u00fcmmtes Y in Richtung Ihrer Basis bilden.<\/p>\n\n\n\n<p>Wie bei der vorherigen Mission sollte die Platzierung des Turms auf den konvergierten Pfad ausgerichtet sein, damit alle Ihre Waffen auf alle Einheiten schie\u00dfen k\u00f6nnen, denen Sie gegen\u00fcberstehen, um eine Verschwendung von Effektivit\u00e4t zu vermeiden. Es gibt eine s\u00fcdliche Anh\u00f6he, die die Reichweite Ihrer Kanonen erh\u00f6hen kann, aber etwas zu weit vom Weg f\u00fcr Maschinengewehre entfernt ist.<\/p>\n\n\n\n<h3 class=\"wp-block-heading\"><strong>Revolverplatzierung<\/strong><\/h3>\n\n\n\n<figure class=\"wp-block-gallery columns-2 is-cropped wp-block-gallery-1 is-layout-flex wp-block-gallery-is-layout-flex\"><ul class=\"blocks-gallery-grid\"><li class=\"blocks-gallery-item\"><figure><a href=\"https:\/\/ibomberdefense.standardof.net\/de\/guide\/achsenkampagne-2\/3-westrussland-redbeard\/ibomber-defense-axis-campaign-03-western-russia-redbeard-2\/\"><img decoding=\"async\" width=\"800\" height=\"450\" src=\"https:\/\/ibomberdefense.standardof.net\/wp-content\/uploads\/sites\/5\/2020\/10\/iBomber-Defense-Axis-Campaign-03.-Western-Russia-Redbeard-2-800x450.jpg\" alt=\"&quot;iBomber Defense&quot; - Achsenkampagne - 03. Westrussland: Redbeard (2)\" data-id=\"85\" data-full-url=\"https:\/\/ibomberdefense.standardof.net\/wp-content\/uploads\/sites\/5\/2020\/10\/iBomber-Defense-Axis-Campaign-03.-Western-Russia-Redbeard-2.jpg\" data-link=\"https:\/\/ibomberdefense.standardof.net\/guide\/axis-campaign\/3-western-russia-redbeard\/ibomber-defense-axis-campaign-03-western-russia-redbeard-2\/\" class=\"wp-image-85\" title=\"\" srcset=\"https:\/\/ibomberdefense.standardof.net\/wp-content\/uploads\/sites\/5\/2020\/10\/iBomber-Defense-Axis-Campaign-03.-Western-Russia-Redbeard-2-800x450.jpg 800w, https:\/\/ibomberdefense.standardof.net\/wp-content\/uploads\/sites\/5\/2020\/10\/iBomber-Defense-Axis-Campaign-03.-Western-Russia-Redbeard-2-512x288.jpg 512w, https:\/\/ibomberdefense.standardof.net\/wp-content\/uploads\/sites\/5\/2020\/10\/iBomber-Defense-Axis-Campaign-03.-Western-Russia-Redbeard-2-200x113.jpg 200w, https:\/\/ibomberdefense.standardof.net\/wp-content\/uploads\/sites\/5\/2020\/10\/iBomber-Defense-Axis-Campaign-03.-Western-Russia-Redbeard-2-768x432.jpg 768w, https:\/\/ibomberdefense.standardof.net\/wp-content\/uploads\/sites\/5\/2020\/10\/iBomber-Defense-Axis-Campaign-03.-Western-Russia-Redbeard-2-16x9.jpg 16w, https:\/\/ibomberdefense.standardof.net\/wp-content\/uploads\/sites\/5\/2020\/10\/iBomber-Defense-Axis-Campaign-03.-Western-Russia-Redbeard-2.jpg 1280w\" sizes=\"(max-width: 800px) 100vw, 800px\" \/><\/a><figcaption class=\"blocks-gallery-item__caption\">Revolverplatzierung am Ende von Welle 10.<\/figcaption><\/figure><\/li><li class=\"blocks-gallery-item\"><figure><a href=\"https:\/\/ibomberdefense.standardof.net\/de\/guide\/achsenkampagne-2\/3-westrussland-redbeard\/ibomber-defense-axis-campaign-03-western-russia-redbeard-3\/\"><img decoding=\"async\" width=\"800\" height=\"450\" src=\"https:\/\/ibomberdefense.standardof.net\/wp-content\/uploads\/sites\/5\/2020\/10\/iBomber-Defense-Axis-Campaign-03.-Western-Russia-Redbeard-3-800x450.jpg\" alt=\"&quot;iBomber Defense&quot; - Achsenkampagne - 03. Westrussland: Redbeard (3)\" data-id=\"86\" data-full-url=\"https:\/\/ibomberdefense.standardof.net\/wp-content\/uploads\/sites\/5\/2020\/10\/iBomber-Defense-Axis-Campaign-03.-Western-Russia-Redbeard-3.jpg\" data-link=\"https:\/\/ibomberdefense.standardof.net\/guide\/axis-campaign\/3-western-russia-redbeard\/ibomber-defense-axis-campaign-03-western-russia-redbeard-3\/\" class=\"wp-image-86\" title=\"\" srcset=\"https:\/\/ibomberdefense.standardof.net\/wp-content\/uploads\/sites\/5\/2020\/10\/iBomber-Defense-Axis-Campaign-03.-Western-Russia-Redbeard-3-800x450.jpg 800w, https:\/\/ibomberdefense.standardof.net\/wp-content\/uploads\/sites\/5\/2020\/10\/iBomber-Defense-Axis-Campaign-03.-Western-Russia-Redbeard-3-512x288.jpg 512w, https:\/\/ibomberdefense.standardof.net\/wp-content\/uploads\/sites\/5\/2020\/10\/iBomber-Defense-Axis-Campaign-03.-Western-Russia-Redbeard-3-200x113.jpg 200w, https:\/\/ibomberdefense.standardof.net\/wp-content\/uploads\/sites\/5\/2020\/10\/iBomber-Defense-Axis-Campaign-03.-Western-Russia-Redbeard-3-768x432.jpg 768w, https:\/\/ibomberdefense.standardof.net\/wp-content\/uploads\/sites\/5\/2020\/10\/iBomber-Defense-Axis-Campaign-03.-Western-Russia-Redbeard-3-16x9.jpg 16w, https:\/\/ibomberdefense.standardof.net\/wp-content\/uploads\/sites\/5\/2020\/10\/iBomber-Defense-Axis-Campaign-03.-Western-Russia-Redbeard-3.jpg 1280w\" sizes=\"(max-width: 800px) 100vw, 800px\" \/><\/a><figcaption class=\"blocks-gallery-item__caption\">Revolverplatzierung am Ende der Welle 20.<\/figcaption><\/figure><\/li><\/ul><\/figure>\n\n\n\n<p>Vom Aufstieg bis zur Welle zehn ist es \u00e4hnlich wie bei den vorherigen Missionen, sich darauf zu konzentrieren, einige Maschinengewehre auf dem konvergierten Pfad zu platzieren. Versuchen Sie, bis zum Ende von Level 10 mindestens drei vollst\u00e4ndig zu aktualisieren.<\/p>\n\n\n\n<p>Bauen Sie mit dem erh\u00f6hten Geldfluss der zus\u00e4tzlichen Feinde, die Ihre Basis in den Wellen 10 bis 20 angreifen, einen einzelnen Feuersturm gegen den Pfad, ein viertes voll aufger\u00fcstetes Maschinengewehr und ein paar Kanonen entlang der s\u00fcdlichen Anh\u00f6he. Der Feuersturm hilft dabei, den Feind zu verlangsamen, damit Ihre anderen T\u00fcrme mehr Sch\u00fcsse abgeben k\u00f6nnen, w\u00e4hrend sie ihre R\u00fcstung abbrennen.<\/p>\n\n\n\n<p>Wenn Sie das Ende von Level 30 erreicht haben, versuchen Sie, 5 Kanonen der Stufe 2 zu haben, um die schwere R\u00fcstung zu entfernen, und bauen Sie an diesem Punkt des Levels nur diese. Solange sich diese auch auf dem konvergierten Pfad befinden, reicht diese Methode aus, um den Feind aufzuhalten.<\/p>\n\n\n\n<div class=\"wp-block-image\"><figure class=\"aligncenter size-large\"><a href=\"https:\/\/ibomberdefense.standardof.net\/de\/guide\/achsenkampagne-2\/3-westrussland-redbeard\/ibomber-defense-axis-campaign-03-western-russia-redbeard-4\/\"><img decoding=\"async\" width=\"800\" height=\"450\" src=\"https:\/\/ibomberdefense.standardof.net\/wp-content\/uploads\/sites\/5\/2020\/10\/iBomber-Defense-Axis-Campaign-03.-Western-Russia-Redbeard-4-800x450.jpg\" alt=\"&quot;iBomber Defense&quot; - Achsenkampagne - 03. Westrussland: Redbeard (4)\" class=\"wp-image-87\" title=\"\" srcset=\"https:\/\/ibomberdefense.standardof.net\/wp-content\/uploads\/sites\/5\/2020\/10\/iBomber-Defense-Axis-Campaign-03.-Western-Russia-Redbeard-4-800x450.jpg 800w, https:\/\/ibomberdefense.standardof.net\/wp-content\/uploads\/sites\/5\/2020\/10\/iBomber-Defense-Axis-Campaign-03.-Western-Russia-Redbeard-4-512x288.jpg 512w, https:\/\/ibomberdefense.standardof.net\/wp-content\/uploads\/sites\/5\/2020\/10\/iBomber-Defense-Axis-Campaign-03.-Western-Russia-Redbeard-4-200x113.jpg 200w, https:\/\/ibomberdefense.standardof.net\/wp-content\/uploads\/sites\/5\/2020\/10\/iBomber-Defense-Axis-Campaign-03.-Western-Russia-Redbeard-4-768x432.jpg 768w, https:\/\/ibomberdefense.standardof.net\/wp-content\/uploads\/sites\/5\/2020\/10\/iBomber-Defense-Axis-Campaign-03.-Western-Russia-Redbeard-4-16x9.jpg 16w, https:\/\/ibomberdefense.standardof.net\/wp-content\/uploads\/sites\/5\/2020\/10\/iBomber-Defense-Axis-Campaign-03.-Western-Russia-Redbeard-4.jpg 1280w\" sizes=\"(max-width: 800px) 100vw, 800px\" \/><\/a><figcaption>Revolverplatzierung am Ende der Welle 30.<\/figcaption><\/figure><\/div>\n\n\n\n<h3 class=\"wp-block-heading\"><strong>Siegpunktausgaben<\/strong><\/h3>\n\n\n\n<p>Da sich die Flugzeugniveaus bald n\u00e4hern werden, entscheide ich mich an dieser Stelle, einen einzigen Siegpunkt in das Flugabwehrflugzeug zu setzen, w\u00e4hrend der zweite in das Reparatur-Upgrade einflie\u00dft. Sie k\u00f6nnen den AA-Punkt optional f\u00fcr etwas anderes \u00fcberspringen und stattdessen das Level nach dem n\u00e4chsten verwenden, da Mission 4 kein Flugzeug hat.<\/p>\n\n\n\n<p>Die aktuellen R\u00e4nge der freigeschalteten Gegenst\u00e4nde sind:<br>MG 3, Kanone 3, AA 2, Feuersturm 1, Kauf 1, Reparatur 1<\/p>\n\n\n\n<hr class=\"wp-block-separator\"\/>\n\n\n\n<h4 class=\"has-text-align-center wp-block-heading\">Videoanleitung<\/h4>\n\n\n\n<figure class=\"wp-block-embed-youtube wp-block-embed is-type-video is-provider-youtube wp-embed-aspect-4-3 wp-has-aspect-ratio\"><div class=\"wp-block-embed__wrapper\">\n<div class=\"ast-oembed-container\" style=\"height: 100%;\"><iframe title=\"iBomber Defense - Westrussland - Redbeard - Veteran + Perfekt\" width=\"500\" height=\"281\" src=\"https:\/\/www.youtube.com\/embed\/FazG-hJv3yU?feature=oembed\" frameborder=\"0\" allow=\"accelerometer; autoplay; clipboard-write; encrypted-media; gyroscope; picture-in-picture; web-share\" referrerpolicy=\"strict-origin-when-cross-origin\" allowfullscreen><\/iframe><\/div>\n<\/div><\/figure>","protected":false},"excerpt":{"rendered":"<p>Level three of the Axis campaign takes you to the snowy, rugged landscape of Western Russia to defend your base against 30 waves of purely ground units, still free of air support. Two entrances exist on this map, coming from the northwest, heading southeast making a curved Y towards your base. Like the previous mission, [&hellip;]<\/p>","protected":false},"author":1,"featured_media":87,"parent":268,"menu_order":3,"comment_status":"open","ping_status":"closed","template":"","meta":{"_uag_custom_page_level_css":"","site-sidebar-layout":"default","site-content-layout":"default","ast-site-content-layout":"","site-content-style":"default","site-sidebar-style":"default","ast-global-header-display":"","ast-banner-title-visibility":"","ast-main-header-display":"","ast-hfb-above-header-display":"","ast-hfb-below-header-display":"","ast-hfb-mobile-header-display":"","site-post-title":"","ast-breadcrumbs-content":"","ast-featured-img":"","footer-sml-layout":"","theme-transparent-header-meta":"default","adv-header-id-meta":"","stick-header-meta":"","header-above-stick-meta":"","header-main-stick-meta":"","header-below-stick-meta":"","astra-migrate-meta-layouts":"default","ast-page-background-enabled":"default","ast-page-background-meta":{"desktop":{"background-color":"","background-image":"","background-repeat":"repeat","background-position":"center center","background-size":"auto","background-attachment":"scroll","background-type":"","background-media":"","overlay-type":"","overlay-color":"","overlay-gradient":""},"tablet":{"background-color":"","background-image":"","background-repeat":"repeat","background-position":"center center","background-size":"auto","background-attachment":"scroll","background-type":"","background-media":"","overlay-type":"","overlay-color":"","overlay-gradient":""},"mobile":{"background-color":"","background-image":"","background-repeat":"repeat","background-position":"center center","background-size":"auto","background-attachment":"scroll","background-type":"","background-media":"","overlay-type":"","overlay-color":"","overlay-gradient":""}},"ast-content-background-meta":{"desktop":{"background-color":"var(--ast-global-color-5)","background-image":"","background-repeat":"repeat","background-position":"center center","background-size":"auto","background-attachment":"scroll","background-type":"","background-media":"","overlay-type":"","overlay-color":"","overlay-gradient":""},"tablet":{"background-color":"var(--ast-global-color-5)","background-image":"","background-repeat":"repeat","background-position":"center center","background-size":"auto","background-attachment":"scroll","background-type":"","background-media":"","overlay-type":"","overlay-color":"","overlay-gradient":""},"mobile":{"background-color":"var(--ast-global-color-5)","background-image":"","background-repeat":"repeat","background-position":"center center","background-size":"auto","background-attachment":"scroll","background-type":"","background-media":"","overlay-type":"","overlay-color":"","overlay-gradient":""}},"footnotes":""},"uagb_featured_image_src":{"full":["https:\/\/ibomberdefense.standardof.net\/wp-content\/uploads\/sites\/5\/2020\/10\/iBomber-Defense-Axis-Campaign-03.-Western-Russia-Redbeard-4.jpg",1280,720,false],"thumbnail":["https:\/\/ibomberdefense.standardof.net\/wp-content\/uploads\/sites\/5\/2020\/10\/iBomber-Defense-Axis-Campaign-03.-Western-Russia-Redbeard-4-200x113.jpg",200,113,true],"medium":["https:\/\/ibomberdefense.standardof.net\/wp-content\/uploads\/sites\/5\/2020\/10\/iBomber-Defense-Axis-Campaign-03.-Western-Russia-Redbeard-4-512x288.jpg",512,288,true],"medium_large":["https:\/\/ibomberdefense.standardof.net\/wp-content\/uploads\/sites\/5\/2020\/10\/iBomber-Defense-Axis-Campaign-03.-Western-Russia-Redbeard-4-768x432.jpg",768,432,true],"large":["https:\/\/ibomberdefense.standardof.net\/wp-content\/uploads\/sites\/5\/2020\/10\/iBomber-Defense-Axis-Campaign-03.-Western-Russia-Redbeard-4-800x450.jpg",800,450,true],"1536x1536":["https:\/\/ibomberdefense.standardof.net\/wp-content\/uploads\/sites\/5\/2020\/10\/iBomber-Defense-Axis-Campaign-03.-Western-Russia-Redbeard-4.jpg",1280,720,false],"2048x2048":["https:\/\/ibomberdefense.standardof.net\/wp-content\/uploads\/sites\/5\/2020\/10\/iBomber-Defense-Axis-Campaign-03.-Western-Russia-Redbeard-4.jpg",1280,720,false],"trp-custom-language-flag":["https:\/\/ibomberdefense.standardof.net\/wp-content\/uploads\/sites\/5\/2020\/10\/iBomber-Defense-Axis-Campaign-03.-Western-Russia-Redbeard-4-16x9.jpg",16,9,true]},"uagb_author_info":{"display_name":"SOE","author_link":"https:\/\/ibomberdefense.standardof.net\/de\/author\/k-tastic\/"},"uagb_comment_info":0,"uagb_excerpt":"Level three of the Axis campaign takes you to the snowy, rugged landscape of Western Russia to defend your base against 30 waves of purely ground units, still free of air support. Two entrances exist on this map, coming from the northwest, heading southeast making a curved Y towards your base. Like the previous mission,&hellip;","_links":{"self":[{"href":"https:\/\/ibomberdefense.standardof.net\/de\/wp-json\/wp\/v2\/pages\/323"}],"collection":[{"href":"https:\/\/ibomberdefense.standardof.net\/de\/wp-json\/wp\/v2\/pages"}],"about":[{"href":"https:\/\/ibomberdefense.standardof.net\/de\/wp-json\/wp\/v2\/types\/page"}],"author":[{"embeddable":true,"href":"https:\/\/ibomberdefense.standardof.net\/de\/wp-json\/wp\/v2\/users\/1"}],"replies":[{"embeddable":true,"href":"https:\/\/ibomberdefense.standardof.net\/de\/wp-json\/wp\/v2\/comments?post=323"}],"version-history":[{"count":0,"href":"https:\/\/ibomberdefense.standardof.net\/de\/wp-json\/wp\/v2\/pages\/323\/revisions"}],"up":[{"embeddable":true,"href":"https:\/\/ibomberdefense.standardof.net\/de\/wp-json\/wp\/v2\/pages\/268"}],"wp:featuredmedia":[{"embeddable":true,"href":"https:\/\/ibomberdefense.standardof.net\/de\/wp-json\/wp\/v2\/media\/87"}],"wp:attachment":[{"href":"https:\/\/ibomberdefense.standardof.net\/de\/wp-json\/wp\/v2\/media?parent=323"}],"curies":[{"name":"wp","href":"https:\/\/api.w.org\/{rel}","templated":true}]}}