{"id":325,"date":"2020-10-19T07:17:25","date_gmt":"2020-10-19T07:17:25","guid":{"rendered":"https:\/\/ibomberdefense.standardof.net\/?page_id=325"},"modified":"2020-10-19T08:05:18","modified_gmt":"2020-10-19T08:05:18","slug":"5-north-east-africa-desert-dusk","status":"publish","type":"page","link":"https:\/\/ibomberdefense.standardof.net\/de\/guide\/achsenkampagne-2\/5-nordost-afrika-wuste-dammerung\/","title":{"rendered":"5. Nordostafrika: W\u00fcstend\u00e4mmerung"},"content":{"rendered":"<div class=\"wp-block-image\"><figure class=\"aligncenter size-large\"><a href=\"https:\/\/ibomberdefense.standardof.net\/de\/guide\/achsenkampagne-2\/5-nordost-afrika-wuste-dammerung\/ibomber-defense-axis-campaign-05-north-east-africa-desert-dusk-1\/\"><img decoding=\"async\" width=\"800\" height=\"450\" src=\"https:\/\/ibomberdefense.standardof.net\/wp-content\/uploads\/sites\/5\/2020\/10\/iBomber-Defense-Axis-Campaign-05.-North-East-Africa-Desert-Dusk-1-800x450.jpg\" alt=\"&quot;iBomber Defense&quot; - Achsenkampagne - 05. Nordostafrika: W\u00fcstend\u00e4mmerung (1)\" class=\"wp-image-92\" title=\"\" srcset=\"https:\/\/ibomberdefense.standardof.net\/wp-content\/uploads\/sites\/5\/2020\/10\/iBomber-Defense-Axis-Campaign-05.-North-East-Africa-Desert-Dusk-1-800x450.jpg 800w, https:\/\/ibomberdefense.standardof.net\/wp-content\/uploads\/sites\/5\/2020\/10\/iBomber-Defense-Axis-Campaign-05.-North-East-Africa-Desert-Dusk-1-512x288.jpg 512w, https:\/\/ibomberdefense.standardof.net\/wp-content\/uploads\/sites\/5\/2020\/10\/iBomber-Defense-Axis-Campaign-05.-North-East-Africa-Desert-Dusk-1-200x113.jpg 200w, https:\/\/ibomberdefense.standardof.net\/wp-content\/uploads\/sites\/5\/2020\/10\/iBomber-Defense-Axis-Campaign-05.-North-East-Africa-Desert-Dusk-1-768x432.jpg 768w, https:\/\/ibomberdefense.standardof.net\/wp-content\/uploads\/sites\/5\/2020\/10\/iBomber-Defense-Axis-Campaign-05.-North-East-Africa-Desert-Dusk-1-16x9.jpg 16w, https:\/\/ibomberdefense.standardof.net\/wp-content\/uploads\/sites\/5\/2020\/10\/iBomber-Defense-Axis-Campaign-05.-North-East-Africa-Desert-Dusk-1.jpg 1280w\" sizes=\"(max-width: 800px) 100vw, 800px\" \/><\/a><figcaption>Feindliche Routen in Nordostafrika &quot;Desert Dusk&quot; von &quot;iBomber Defense&quot;. Die blaue Linie wird von Flugzeugen genommen.<\/figcaption><\/figure><\/div>\n\n\n\n<p>Mission 5 in der Achsenkampagne ist das erste Level, in dem feindliche Flugzeuge vorgestellt werden, die Sie in \u201eDesert Dusk\u201c in den W\u00fcstensand Nordostafrikas bringen. Sie m\u00fcssen 30 volle Wellen von Feinden abwehren, w\u00e4hrend Flugzeuge w\u00e4hrend Welle 20 zum ersten Mal auftauchen.<\/p>\n\n\n\n<p>Die Platzierung der T\u00fcrme in diesem Level konzentriert sich darauf, die zahlreichen Hochebenen f\u00fcr ihre hohen Bodenboni zu nutzen, die f\u00fcr die Reichweite aller T\u00fcrme bereitgestellt werden. W\u00e4hrend des gesamten Levels sollten Sie es v\u00f6llig vermeiden, jemals einen Ihrer T\u00fcrme auf den niedrigen Boden zu stellen, wenn man bedenkt, wie viele erh\u00f6hte Positionen verf\u00fcgbar sind.<\/p>\n\n\n\n<h3 class=\"wp-block-heading\"><strong>Revolverplatzierung<\/strong><\/h3>\n\n\n\n<figure class=\"wp-block-gallery columns-2 is-cropped wp-block-gallery-1 is-layout-flex wp-block-gallery-is-layout-flex\"><ul class=\"blocks-gallery-grid\"><li class=\"blocks-gallery-item\"><figure><a href=\"https:\/\/ibomberdefense.standardof.net\/de\/guide\/achsenkampagne-2\/5-nordost-afrika-wuste-dammerung\/ibomber-defense-axis-campaign-05-north-east-africa-desert-dusk-2\/\"><img decoding=\"async\" width=\"800\" height=\"450\" src=\"https:\/\/ibomberdefense.standardof.net\/wp-content\/uploads\/sites\/5\/2020\/10\/iBomber-Defense-Axis-Campaign-05.-North-East-Africa-Desert-Dusk-2-800x450.jpg\" alt=\"&quot;iBomber Defense&quot; - Achsenkampagne - 05. Nordostafrika: W\u00fcstend\u00e4mmerung (2)\" data-id=\"93\" data-full-url=\"https:\/\/ibomberdefense.standardof.net\/wp-content\/uploads\/sites\/5\/2020\/10\/iBomber-Defense-Axis-Campaign-05.-North-East-Africa-Desert-Dusk-2.jpg\" data-link=\"https:\/\/ibomberdefense.standardof.net\/guide\/axis-campaign\/5-north-east-africa-desert-dusk\/ibomber-defense-axis-campaign-05-north-east-africa-desert-dusk-2\/\" class=\"wp-image-93\" title=\"\" srcset=\"https:\/\/ibomberdefense.standardof.net\/wp-content\/uploads\/sites\/5\/2020\/10\/iBomber-Defense-Axis-Campaign-05.-North-East-Africa-Desert-Dusk-2-800x450.jpg 800w, https:\/\/ibomberdefense.standardof.net\/wp-content\/uploads\/sites\/5\/2020\/10\/iBomber-Defense-Axis-Campaign-05.-North-East-Africa-Desert-Dusk-2-512x288.jpg 512w, https:\/\/ibomberdefense.standardof.net\/wp-content\/uploads\/sites\/5\/2020\/10\/iBomber-Defense-Axis-Campaign-05.-North-East-Africa-Desert-Dusk-2-200x113.jpg 200w, https:\/\/ibomberdefense.standardof.net\/wp-content\/uploads\/sites\/5\/2020\/10\/iBomber-Defense-Axis-Campaign-05.-North-East-Africa-Desert-Dusk-2-768x432.jpg 768w, https:\/\/ibomberdefense.standardof.net\/wp-content\/uploads\/sites\/5\/2020\/10\/iBomber-Defense-Axis-Campaign-05.-North-East-Africa-Desert-Dusk-2-16x9.jpg 16w, https:\/\/ibomberdefense.standardof.net\/wp-content\/uploads\/sites\/5\/2020\/10\/iBomber-Defense-Axis-Campaign-05.-North-East-Africa-Desert-Dusk-2.jpg 1280w\" sizes=\"(max-width: 800px) 100vw, 800px\" \/><\/a><figcaption class=\"blocks-gallery-item__caption\">Platzierung des Revolvers der Welle 10.<\/figcaption><\/figure><\/li><li class=\"blocks-gallery-item\"><figure><a href=\"https:\/\/ibomberdefense.standardof.net\/de\/guide\/achsenkampagne-2\/5-nordost-afrika-wuste-dammerung\/ibomber-defense-axis-campaign-05-north-east-africa-desert-dusk-3\/\"><img decoding=\"async\" width=\"800\" height=\"450\" src=\"https:\/\/ibomberdefense.standardof.net\/wp-content\/uploads\/sites\/5\/2020\/10\/iBomber-Defense-Axis-Campaign-05.-North-East-Africa-Desert-Dusk-3-800x450.jpg\" alt=\"&quot;iBomber Defense&quot; - Achsenkampagne - 05. Nordostafrika: W\u00fcstend\u00e4mmerung (3)\" data-id=\"94\" data-full-url=\"https:\/\/ibomberdefense.standardof.net\/wp-content\/uploads\/sites\/5\/2020\/10\/iBomber-Defense-Axis-Campaign-05.-North-East-Africa-Desert-Dusk-3.jpg\" data-link=\"https:\/\/ibomberdefense.standardof.net\/guide\/axis-campaign\/5-north-east-africa-desert-dusk\/ibomber-defense-axis-campaign-05-north-east-africa-desert-dusk-3\/\" class=\"wp-image-94\" title=\"\" srcset=\"https:\/\/ibomberdefense.standardof.net\/wp-content\/uploads\/sites\/5\/2020\/10\/iBomber-Defense-Axis-Campaign-05.-North-East-Africa-Desert-Dusk-3-800x450.jpg 800w, https:\/\/ibomberdefense.standardof.net\/wp-content\/uploads\/sites\/5\/2020\/10\/iBomber-Defense-Axis-Campaign-05.-North-East-Africa-Desert-Dusk-3-512x288.jpg 512w, https:\/\/ibomberdefense.standardof.net\/wp-content\/uploads\/sites\/5\/2020\/10\/iBomber-Defense-Axis-Campaign-05.-North-East-Africa-Desert-Dusk-3-200x113.jpg 200w, https:\/\/ibomberdefense.standardof.net\/wp-content\/uploads\/sites\/5\/2020\/10\/iBomber-Defense-Axis-Campaign-05.-North-East-Africa-Desert-Dusk-3-768x432.jpg 768w, https:\/\/ibomberdefense.standardof.net\/wp-content\/uploads\/sites\/5\/2020\/10\/iBomber-Defense-Axis-Campaign-05.-North-East-Africa-Desert-Dusk-3-16x9.jpg 16w, https:\/\/ibomberdefense.standardof.net\/wp-content\/uploads\/sites\/5\/2020\/10\/iBomber-Defense-Axis-Campaign-05.-North-East-Africa-Desert-Dusk-3.jpg 1280w\" sizes=\"(max-width: 800px) 100vw, 800px\" \/><\/a><figcaption class=\"blocks-gallery-item__caption\">Platzierung des Revolvers der Welle 20.<\/figcaption><\/figure><\/li><\/ul><\/figure>\n\n\n\n<p>Die Wellen eins bis zehn gehen auf das uralte \u201eLass uns einige Maschinengewehre platzieren\u201c zur\u00fcck: Strategie, um mit den beginnenden Wellen von Lichteinheiten umzugehen und gleichzeitig den Schaden f\u00fcr teurere T\u00fcrme aufzunehmen, die sp\u00e4ter platziert werden. Drei sollten an der Heimatbasis entlang der R\u00e4nder des erh\u00f6hten Bodens vorbeifahren, zwei auf den westlichsten Hochebenen, eine f\u00fcr jeden Haupteingang. Alle sollten bis Stufe 10 maximal sein.<\/p>\n\n\n\n<p>Konzentrieren Sie sich auf Ihrem Weg zu Welle 20 darauf, zwei Inferno-T\u00fcrme zu erhalten, einen auf jedem der Ostplateaus, um den Feind zu verlangsamen, w\u00e4hrend Sie sich darauf konzentrieren, eine voll verst\u00e4rkte X-Waffe (3 Staffeln oder goldene V-Formen) in der N\u00e4he zum Laufen zu bringen die ausgereiften MG-T\u00fcrme. Ein paar Kanonen werden in Ordnung sein, aber die X-Waffe ist wie eine Abendmahlskanone und sollte von nun an Ihre oberste Priorit\u00e4t sein. Stellen Sie sicher, dass Sie eine AA-Waffe kurz vor Level 20 haben.<\/p>\n\n\n\n<p>Eine X-Waffe mit vollem Boost sollte ausreichen. Der Rest Ihres Geldes flie\u00dft in die Aufr\u00fcstung Ihres AA-Turms auf Stufe 2 mit einer zweiten Stufe 1 entlang der Flugroute. Arbeiten Sie dar\u00fcber hinaus daran, Kanonen der Stufe drei in der N\u00e4he der Basis zu bauen, um gepanzerte Einheiten mit \u00fcberlappenden Feuerfeldern auszuschalten. Level 2 Infernos k\u00f6nnen auch eine praktische Verwendung von Ressourcen sein.<\/p>\n\n\n\n<div class=\"wp-block-image\"><figure class=\"aligncenter size-large\"><a href=\"https:\/\/ibomberdefense.standardof.net\/de\/guide\/achsenkampagne-2\/5-nordost-afrika-wuste-dammerung\/ibomber-defense-axis-campaign-05-north-east-africa-desert-dusk-4\/\"><img decoding=\"async\" width=\"800\" height=\"450\" src=\"https:\/\/ibomberdefense.standardof.net\/wp-content\/uploads\/sites\/5\/2020\/10\/iBomber-Defense-Axis-Campaign-05.-North-East-Africa-Desert-Dusk-4-800x450.jpg\" alt=\"&quot;iBomber Defense&quot; - Achsenkampagne - 05. Nordostafrika: W\u00fcstend\u00e4mmerung (4)\" class=\"wp-image-95\" title=\"\" srcset=\"https:\/\/ibomberdefense.standardof.net\/wp-content\/uploads\/sites\/5\/2020\/10\/iBomber-Defense-Axis-Campaign-05.-North-East-Africa-Desert-Dusk-4-800x450.jpg 800w, https:\/\/ibomberdefense.standardof.net\/wp-content\/uploads\/sites\/5\/2020\/10\/iBomber-Defense-Axis-Campaign-05.-North-East-Africa-Desert-Dusk-4-512x288.jpg 512w, https:\/\/ibomberdefense.standardof.net\/wp-content\/uploads\/sites\/5\/2020\/10\/iBomber-Defense-Axis-Campaign-05.-North-East-Africa-Desert-Dusk-4-200x113.jpg 200w, https:\/\/ibomberdefense.standardof.net\/wp-content\/uploads\/sites\/5\/2020\/10\/iBomber-Defense-Axis-Campaign-05.-North-East-Africa-Desert-Dusk-4-768x432.jpg 768w, https:\/\/ibomberdefense.standardof.net\/wp-content\/uploads\/sites\/5\/2020\/10\/iBomber-Defense-Axis-Campaign-05.-North-East-Africa-Desert-Dusk-4-16x9.jpg 16w, https:\/\/ibomberdefense.standardof.net\/wp-content\/uploads\/sites\/5\/2020\/10\/iBomber-Defense-Axis-Campaign-05.-North-East-Africa-Desert-Dusk-4.jpg 1280w\" sizes=\"(max-width: 800px) 100vw, 800px\" \/><\/a><figcaption>Platzierung des Revolvers der Welle 30.<\/figcaption><\/figure><\/div>\n\n\n\n<h3 class=\"wp-block-heading\"><strong>Siegpunktausgaben<\/strong><\/h3>\n\n\n\n<p>Nehmen Sie die beiden mit dem Abschluss dieses Levels gewonnenen Siegpunkte und setzen Sie einen in die X-Waffe und den anderen in die Reparatur, da beide in den folgenden Levels eine h\u00f6here Nachfrage haben werden.<\/p>\n\n\n\n<p>Die aktuellen R\u00e4nge der freigeschalteten Gegenst\u00e4nde sind:<br>Maschinengewehr und Kanone sind Level 3, alles andere ist Level 2.<\/p>\n\n\n\n<hr class=\"wp-block-separator\"\/>\n\n\n\n<h4 class=\"has-text-align-center wp-block-heading\">Videoanleitung<\/h4>\n\n\n\n<figure class=\"wp-block-embed-youtube wp-block-embed is-type-video is-provider-youtube wp-embed-aspect-16-9 wp-has-aspect-ratio\"><div class=\"wp-block-embed__wrapper\">\n<div class=\"ast-oembed-container\" style=\"height: 100%;\"><iframe title=\"iBomber Defense - Nordostafrika - W\u00fcstend\u00e4mmerung - Veteran + Perfekt\" width=\"500\" height=\"281\" src=\"https:\/\/www.youtube.com\/embed\/QR9dh_1PO6k?feature=oembed\" frameborder=\"0\" allow=\"accelerometer; autoplay; clipboard-write; encrypted-media; gyroscope; picture-in-picture; web-share\" referrerpolicy=\"strict-origin-when-cross-origin\" allowfullscreen><\/iframe><\/div>\n<\/div><\/figure>","protected":false},"excerpt":{"rendered":"<p>Mission 5 n the Axis Campaign is the first level to introduce enemy aircraft, taking you to the desert sands of North East Africa in &#8220;Desert Dusk&#8221;. You will need to fend off 30 full waves of enemies with aircraft making their first appearance during wave 20. Turret placement in this level will focus on [&hellip;]<\/p>","protected":false},"author":1,"featured_media":95,"parent":268,"menu_order":5,"comment_status":"open","ping_status":"closed","template":"","meta":{"_uag_custom_page_level_css":"","site-sidebar-layout":"default","site-content-layout":"default","ast-site-content-layout":"","site-content-style":"default","site-sidebar-style":"default","ast-global-header-display":"","ast-banner-title-visibility":"","ast-main-header-display":"","ast-hfb-above-header-display":"","ast-hfb-below-header-display":"","ast-hfb-mobile-header-display":"","site-post-title":"","ast-breadcrumbs-content":"","ast-featured-img":"","footer-sml-layout":"","theme-transparent-header-meta":"default","adv-header-id-meta":"","stick-header-meta":"","header-above-stick-meta":"","header-main-stick-meta":"","header-below-stick-meta":"","astra-migrate-meta-layouts":"default","ast-page-background-enabled":"default","ast-page-background-meta":{"desktop":{"background-color":"","background-image":"","background-repeat":"repeat","background-position":"center center","background-size":"auto","background-attachment":"scroll","background-type":"","background-media":"","overlay-type":"","overlay-color":"","overlay-gradient":""},"tablet":{"background-color":"","background-image":"","background-repeat":"repeat","background-position":"center center","background-size":"auto","background-attachment":"scroll","background-type":"","background-media":"","overlay-type":"","overlay-color":"","overlay-gradient":""},"mobile":{"background-color":"","background-image":"","background-repeat":"repeat","background-position":"center center","background-size":"auto","background-attachment":"scroll","background-type":"","background-media":"","overlay-type":"","overlay-color":"","overlay-gradient":""}},"ast-content-background-meta":{"desktop":{"background-color":"var(--ast-global-color-5)","background-image":"","background-repeat":"repeat","background-position":"center center","background-size":"auto","background-attachment":"scroll","background-type":"","background-media":"","overlay-type":"","overlay-color":"","overlay-gradient":""},"tablet":{"background-color":"var(--ast-global-color-5)","background-image":"","background-repeat":"repeat","background-position":"center center","background-size":"auto","background-attachment":"scroll","background-type":"","background-media":"","overlay-type":"","overlay-color":"","overlay-gradient":""},"mobile":{"background-color":"var(--ast-global-color-5)","background-image":"","background-repeat":"repeat","background-position":"center center","background-size":"auto","background-attachment":"scroll","background-type":"","background-media":"","overlay-type":"","overlay-color":"","overlay-gradient":""}},"footnotes":""},"uagb_featured_image_src":{"full":["https:\/\/ibomberdefense.standardof.net\/wp-content\/uploads\/sites\/5\/2020\/10\/iBomber-Defense-Axis-Campaign-05.-North-East-Africa-Desert-Dusk-4.jpg",1280,720,false],"thumbnail":["https:\/\/ibomberdefense.standardof.net\/wp-content\/uploads\/sites\/5\/2020\/10\/iBomber-Defense-Axis-Campaign-05.-North-East-Africa-Desert-Dusk-4-200x113.jpg",200,113,true],"medium":["https:\/\/ibomberdefense.standardof.net\/wp-content\/uploads\/sites\/5\/2020\/10\/iBomber-Defense-Axis-Campaign-05.-North-East-Africa-Desert-Dusk-4-512x288.jpg",512,288,true],"medium_large":["https:\/\/ibomberdefense.standardof.net\/wp-content\/uploads\/sites\/5\/2020\/10\/iBomber-Defense-Axis-Campaign-05.-North-East-Africa-Desert-Dusk-4-768x432.jpg",768,432,true],"large":["https:\/\/ibomberdefense.standardof.net\/wp-content\/uploads\/sites\/5\/2020\/10\/iBomber-Defense-Axis-Campaign-05.-North-East-Africa-Desert-Dusk-4-800x450.jpg",800,450,true],"1536x1536":["https:\/\/ibomberdefense.standardof.net\/wp-content\/uploads\/sites\/5\/2020\/10\/iBomber-Defense-Axis-Campaign-05.-North-East-Africa-Desert-Dusk-4.jpg",1280,720,false],"2048x2048":["https:\/\/ibomberdefense.standardof.net\/wp-content\/uploads\/sites\/5\/2020\/10\/iBomber-Defense-Axis-Campaign-05.-North-East-Africa-Desert-Dusk-4.jpg",1280,720,false],"trp-custom-language-flag":["https:\/\/ibomberdefense.standardof.net\/wp-content\/uploads\/sites\/5\/2020\/10\/iBomber-Defense-Axis-Campaign-05.-North-East-Africa-Desert-Dusk-4-16x9.jpg",16,9,true]},"uagb_author_info":{"display_name":"SOE","author_link":"https:\/\/ibomberdefense.standardof.net\/de\/author\/k-tastic\/"},"uagb_comment_info":0,"uagb_excerpt":"Mission 5 n the Axis Campaign is the first level to introduce enemy aircraft, taking you to the desert sands of North East Africa in &#8220;Desert Dusk&#8221;. You will need to fend off 30 full waves of enemies with aircraft making their first appearance during wave 20. Turret placement in this level will focus on&hellip;","_links":{"self":[{"href":"https:\/\/ibomberdefense.standardof.net\/de\/wp-json\/wp\/v2\/pages\/325"}],"collection":[{"href":"https:\/\/ibomberdefense.standardof.net\/de\/wp-json\/wp\/v2\/pages"}],"about":[{"href":"https:\/\/ibomberdefense.standardof.net\/de\/wp-json\/wp\/v2\/types\/page"}],"author":[{"embeddable":true,"href":"https:\/\/ibomberdefense.standardof.net\/de\/wp-json\/wp\/v2\/users\/1"}],"replies":[{"embeddable":true,"href":"https:\/\/ibomberdefense.standardof.net\/de\/wp-json\/wp\/v2\/comments?post=325"}],"version-history":[{"count":0,"href":"https:\/\/ibomberdefense.standardof.net\/de\/wp-json\/wp\/v2\/pages\/325\/revisions"}],"up":[{"embeddable":true,"href":"https:\/\/ibomberdefense.standardof.net\/de\/wp-json\/wp\/v2\/pages\/268"}],"wp:featuredmedia":[{"embeddable":true,"href":"https:\/\/ibomberdefense.standardof.net\/de\/wp-json\/wp\/v2\/media\/95"}],"wp:attachment":[{"href":"https:\/\/ibomberdefense.standardof.net\/de\/wp-json\/wp\/v2\/media?parent=325"}],"curies":[{"name":"wp","href":"https:\/\/api.w.org\/{rel}","templated":true}]}}