{"id":326,"date":"2020-10-19T07:17:42","date_gmt":"2020-10-19T07:17:42","guid":{"rendered":"https:\/\/ibomberdefense.standardof.net\/?page_id=326"},"modified":"2020-10-19T08:05:23","modified_gmt":"2020-10-19T08:05:23","slug":"6-south-east-europe-heat-wave","status":"publish","type":"page","link":"https:\/\/ibomberdefense.standardof.net\/de\/guide\/achsenkampagne-2\/6-sudost-europa-hitzewelle\/","title":{"rendered":"6. S\u00fcdosteuropa: Hitzewelle"},"content":{"rendered":"<div class=\"wp-block-image\"><figure class=\"aligncenter size-large\"><a href=\"https:\/\/ibomberdefense.standardof.net\/de\/guide\/achsenkampagne-2\/6-sudost-europa-hitzewelle\/ibomber-defense-axis-campaign-06-south-east-europe-heat-wave-1\/\"><img decoding=\"async\" width=\"800\" height=\"450\" src=\"https:\/\/ibomberdefense.standardof.net\/wp-content\/uploads\/sites\/5\/2020\/10\/iBomber-Defense-Axis-Campaign-06.-South-East-Europe-Heat-Wave-1-800x450.jpg\" alt=\"&quot;iBomber Defense&quot; - Achsenkampagne - 06. S\u00fcdosteuropa: Hitzewelle (1)\" class=\"wp-image-96\" title=\"\" srcset=\"https:\/\/ibomberdefense.standardof.net\/wp-content\/uploads\/sites\/5\/2020\/10\/iBomber-Defense-Axis-Campaign-06.-South-East-Europe-Heat-Wave-1-800x450.jpg 800w, https:\/\/ibomberdefense.standardof.net\/wp-content\/uploads\/sites\/5\/2020\/10\/iBomber-Defense-Axis-Campaign-06.-South-East-Europe-Heat-Wave-1-512x288.jpg 512w, https:\/\/ibomberdefense.standardof.net\/wp-content\/uploads\/sites\/5\/2020\/10\/iBomber-Defense-Axis-Campaign-06.-South-East-Europe-Heat-Wave-1-200x113.jpg 200w, https:\/\/ibomberdefense.standardof.net\/wp-content\/uploads\/sites\/5\/2020\/10\/iBomber-Defense-Axis-Campaign-06.-South-East-Europe-Heat-Wave-1-768x432.jpg 768w, https:\/\/ibomberdefense.standardof.net\/wp-content\/uploads\/sites\/5\/2020\/10\/iBomber-Defense-Axis-Campaign-06.-South-East-Europe-Heat-Wave-1-16x9.jpg 16w, https:\/\/ibomberdefense.standardof.net\/wp-content\/uploads\/sites\/5\/2020\/10\/iBomber-Defense-Axis-Campaign-06.-South-East-Europe-Heat-Wave-1.jpg 1280w\" sizes=\"(max-width: 800px) 100vw, 800px\" \/><\/a><figcaption>Karte der vom Feind in S\u00fcdosteuropa eingeschlagenen Routen \u201eHitzewelle\u201c mit Flugzeugen, dargestellt durch die blaue Linie.<\/figcaption><\/figure><\/div>\n\n\n\n<p>In S\u00fcdosteuropa kehren Sie mit \u201eHitzewelle\u201c zu einigen bekannten Gr\u00fcnden zur\u00fcck, die jedoch in einer Weise ge\u00e4ndert wurden, in der sie treffend benannt sind. Der See, der zuvor hier existierte, ist vollst\u00e4ndig ausgetrocknet und h\u00e4lt Sie immer noch davon ab, T\u00fcrme in diesem Bereich zu platzieren, er\u00f6ffnet jedoch einen neuen Angriffsweg gegen Ihre Basis. Die Bodeneinheiten, denen Sie in diesem Level gegen\u00fcberstehen, werden durch Flugzeuge bei Welle 15 erg\u00e4nzt, mit insgesamt 30 Wellen, durch die Sie sich k\u00e4mpfen k\u00f6nnen.<\/p>\n\n\n\n<p>Die Turmplatzierung sollte sich darauf konzentrieren, eine dicke Verteidigungslinie in der N\u00e4he der endg\u00fcltigen Konvergenz vor Ihrer Heimatbasis zu erstellen, wobei sich die T\u00fcrme von der Mitte dieses Treffpunkts nach Norden und Osten erstrecken, um die sich n\u00e4hernden Einheiten abzudecken. AA-T\u00fcrme k\u00f6nnen die Insel mit dem bebaubaren Raum im ausgetrockneten See einnehmen.<\/p>\n\n\n\n<h3 class=\"wp-block-heading\"><strong>Revolverplatzierung<\/strong><\/h3>\n\n\n\n<figure class=\"wp-block-gallery columns-2 is-cropped wp-block-gallery-1 is-layout-flex wp-block-gallery-is-layout-flex\"><ul class=\"blocks-gallery-grid\"><li class=\"blocks-gallery-item\"><figure><a href=\"https:\/\/ibomberdefense.standardof.net\/de\/guide\/achsenkampagne-2\/6-sudost-europa-hitzewelle\/ibomber-defense-axis-campaign-06-south-east-europe-heat-wave-2\/\"><img decoding=\"async\" width=\"800\" height=\"450\" src=\"https:\/\/ibomberdefense.standardof.net\/wp-content\/uploads\/sites\/5\/2020\/10\/iBomber-Defense-Axis-Campaign-06.-South-East-Europe-Heat-Wave-2-800x450.jpg\" alt=\"&quot;iBomber Defense&quot; - Achsenkampagne - 06. S\u00fcdosteuropa: Hitzewelle (2)\" data-id=\"97\" data-full-url=\"https:\/\/ibomberdefense.standardof.net\/wp-content\/uploads\/sites\/5\/2020\/10\/iBomber-Defense-Axis-Campaign-06.-South-East-Europe-Heat-Wave-2.jpg\" data-link=\"https:\/\/ibomberdefense.standardof.net\/guide\/axis-campaign\/6-south-east-europe-heat-wave\/ibomber-defense-axis-campaign-06-south-east-europe-heat-wave-2\/\" class=\"wp-image-97\" title=\"\" srcset=\"https:\/\/ibomberdefense.standardof.net\/wp-content\/uploads\/sites\/5\/2020\/10\/iBomber-Defense-Axis-Campaign-06.-South-East-Europe-Heat-Wave-2-800x450.jpg 800w, https:\/\/ibomberdefense.standardof.net\/wp-content\/uploads\/sites\/5\/2020\/10\/iBomber-Defense-Axis-Campaign-06.-South-East-Europe-Heat-Wave-2-512x288.jpg 512w, https:\/\/ibomberdefense.standardof.net\/wp-content\/uploads\/sites\/5\/2020\/10\/iBomber-Defense-Axis-Campaign-06.-South-East-Europe-Heat-Wave-2-200x113.jpg 200w, https:\/\/ibomberdefense.standardof.net\/wp-content\/uploads\/sites\/5\/2020\/10\/iBomber-Defense-Axis-Campaign-06.-South-East-Europe-Heat-Wave-2-768x432.jpg 768w, https:\/\/ibomberdefense.standardof.net\/wp-content\/uploads\/sites\/5\/2020\/10\/iBomber-Defense-Axis-Campaign-06.-South-East-Europe-Heat-Wave-2-16x9.jpg 16w, https:\/\/ibomberdefense.standardof.net\/wp-content\/uploads\/sites\/5\/2020\/10\/iBomber-Defense-Axis-Campaign-06.-South-East-Europe-Heat-Wave-2.jpg 1280w\" sizes=\"(max-width: 800px) 100vw, 800px\" \/><\/a><figcaption class=\"blocks-gallery-item__caption\">Platzierung des Revolvers der Welle 10.<\/figcaption><\/figure><\/li><li class=\"blocks-gallery-item\"><figure><a href=\"https:\/\/ibomberdefense.standardof.net\/de\/guide\/achsenkampagne-2\/6-sudost-europa-hitzewelle\/ibomber-defense-axis-campaign-06-south-east-europe-heat-wave-3\/\"><img decoding=\"async\" width=\"800\" height=\"450\" src=\"https:\/\/ibomberdefense.standardof.net\/wp-content\/uploads\/sites\/5\/2020\/10\/iBomber-Defense-Axis-Campaign-06.-South-East-Europe-Heat-Wave-3-800x450.jpg\" alt=\"&quot;iBomber Defense&quot; - Achsenkampagne - 06. S\u00fcdosteuropa: Hitzewelle (3)\" data-id=\"98\" data-full-url=\"https:\/\/ibomberdefense.standardof.net\/wp-content\/uploads\/sites\/5\/2020\/10\/iBomber-Defense-Axis-Campaign-06.-South-East-Europe-Heat-Wave-3.jpg\" data-link=\"https:\/\/ibomberdefense.standardof.net\/guide\/axis-campaign\/6-south-east-europe-heat-wave\/ibomber-defense-axis-campaign-06-south-east-europe-heat-wave-3\/\" class=\"wp-image-98\" title=\"\" srcset=\"https:\/\/ibomberdefense.standardof.net\/wp-content\/uploads\/sites\/5\/2020\/10\/iBomber-Defense-Axis-Campaign-06.-South-East-Europe-Heat-Wave-3-800x450.jpg 800w, https:\/\/ibomberdefense.standardof.net\/wp-content\/uploads\/sites\/5\/2020\/10\/iBomber-Defense-Axis-Campaign-06.-South-East-Europe-Heat-Wave-3-512x288.jpg 512w, https:\/\/ibomberdefense.standardof.net\/wp-content\/uploads\/sites\/5\/2020\/10\/iBomber-Defense-Axis-Campaign-06.-South-East-Europe-Heat-Wave-3-200x113.jpg 200w, https:\/\/ibomberdefense.standardof.net\/wp-content\/uploads\/sites\/5\/2020\/10\/iBomber-Defense-Axis-Campaign-06.-South-East-Europe-Heat-Wave-3-768x432.jpg 768w, https:\/\/ibomberdefense.standardof.net\/wp-content\/uploads\/sites\/5\/2020\/10\/iBomber-Defense-Axis-Campaign-06.-South-East-Europe-Heat-Wave-3-16x9.jpg 16w, https:\/\/ibomberdefense.standardof.net\/wp-content\/uploads\/sites\/5\/2020\/10\/iBomber-Defense-Axis-Campaign-06.-South-East-Europe-Heat-Wave-3.jpg 1280w\" sizes=\"(max-width: 800px) 100vw, 800px\" \/><\/a><figcaption class=\"blocks-gallery-item__caption\">Platzierung des Revolvers der Welle 20.<\/figcaption><\/figure><\/li><\/ul><\/figure>\n\n\n\n<p>Beginnen Sie erneut mit der Erstinvestition von Maschinengewehrt\u00fcrmen und platzieren Sie diese genau an der Stelle, an der sich die Stra\u00dfen neben Ihrer Basis treffen. Versuchen Sie, bis zum Ende von Level 10 maximal 5 zu haben.<\/p>\n\n\n\n<p>Wenn Sie mit dem Level fortfahren, stellen Sie sicher, dass Ihre AA bis zum Ende von Welle 14 so platziert ist, dass sie f\u00fcr die ersten Flugzeuggruppen mit 15 Platz bietet. Ansonsten sparen Sie f\u00fcr eine X-Waffe, die neben einigen platziert werden kann verbesserte T\u00fcrme f\u00fcr erh\u00f6hte Feuerkraft. Wie bei der vorherigen und den folgenden Missionen sind diese Ihr Ass im Loch.<\/p>\n\n\n\n<p>Speichern Sie ab Welle 20 bis zu einem Inferno-Turm auf jedem der Hauptpfade, die sich vor Ihrer Basis treffen, um deren Fluss zu verwalten. Bis Welle 30 sollten Sie 2 AA-T\u00fcrme der zweiten Stufe, ein Upgrade Ihrer X-Waffe der zweiten Stufe und den Rest Ihres Geldes f\u00fcr Kanonen der Stufe 3 haben.<\/p>\n\n\n\n<div class=\"wp-block-image\"><figure class=\"aligncenter size-large\"><a href=\"https:\/\/ibomberdefense.standardof.net\/de\/guide\/achsenkampagne-2\/6-sudost-europa-hitzewelle\/ibomber-defense-axis-campaign-06-south-east-europe-heat-wave-4\/\"><img decoding=\"async\" width=\"800\" height=\"450\" src=\"https:\/\/ibomberdefense.standardof.net\/wp-content\/uploads\/sites\/5\/2020\/10\/iBomber-Defense-Axis-Campaign-06.-South-East-Europe-Heat-Wave-4-800x450.jpg\" alt=\"&quot;iBomber Defense&quot; - Achsenkampagne - 06. S\u00fcdosteuropa: Hitzewelle (4)\" class=\"wp-image-99\" title=\"\" srcset=\"https:\/\/ibomberdefense.standardof.net\/wp-content\/uploads\/sites\/5\/2020\/10\/iBomber-Defense-Axis-Campaign-06.-South-East-Europe-Heat-Wave-4-800x450.jpg 800w, https:\/\/ibomberdefense.standardof.net\/wp-content\/uploads\/sites\/5\/2020\/10\/iBomber-Defense-Axis-Campaign-06.-South-East-Europe-Heat-Wave-4-512x288.jpg 512w, https:\/\/ibomberdefense.standardof.net\/wp-content\/uploads\/sites\/5\/2020\/10\/iBomber-Defense-Axis-Campaign-06.-South-East-Europe-Heat-Wave-4-200x113.jpg 200w, https:\/\/ibomberdefense.standardof.net\/wp-content\/uploads\/sites\/5\/2020\/10\/iBomber-Defense-Axis-Campaign-06.-South-East-Europe-Heat-Wave-4-768x432.jpg 768w, https:\/\/ibomberdefense.standardof.net\/wp-content\/uploads\/sites\/5\/2020\/10\/iBomber-Defense-Axis-Campaign-06.-South-East-Europe-Heat-Wave-4-16x9.jpg 16w, https:\/\/ibomberdefense.standardof.net\/wp-content\/uploads\/sites\/5\/2020\/10\/iBomber-Defense-Axis-Campaign-06.-South-East-Europe-Heat-Wave-4.jpg 1280w\" sizes=\"(max-width: 800px) 100vw, 800px\" \/><\/a><figcaption>Revolverplatzierung am Ende der Welle 30.<\/figcaption><\/figure><\/div>\n\n\n\n<h3 class=\"wp-block-heading\"><strong>Siegpunktausgaben<\/strong><\/h3>\n\n\n\n<p>Jetzt ist ein guter Zeitpunkt, um einen dritten Punkt in das Buy-Upgrade einzubringen und Ihnen die gr\u00f6\u00dftm\u00f6glichen Startgelder zu geben, die von nun an den entscheidenden Unterschied ausmachen k\u00f6nnen. AA-T\u00fcrme der dritten Stufe sind ebenfalls wertvoll, da ihre Waffen ben\u00f6tigt werden und es am besten ist, keinen Platz auf mehreren AA-Kanonen der Stufe 2 zu verschwenden, bei denen ein paar 3er-Gesch\u00fctze gut funktionieren.<\/p>\n\n\n\n<p>Alles sollte jetzt maximal sein, au\u00dfer Feuersturm, X-Waffe und Reparatur, die sich auf Stufe 2 befinden sollten.<\/p>\n\n\n\n<hr class=\"wp-block-separator\"\/>\n\n\n\n<h4 class=\"has-text-align-center wp-block-heading\">Videoanleitung<\/h4>\n\n\n\n<figure class=\"wp-block-embed-youtube wp-block-embed is-type-video is-provider-youtube wp-embed-aspect-16-9 wp-has-aspect-ratio\"><div class=\"wp-block-embed__wrapper\">\n<div class=\"ast-oembed-container\" style=\"height: 100%;\"><iframe title=\"iBomber Defense - S\u00fcdosteuropa - Hitzewelle - Veteran + Perfekt\" width=\"500\" height=\"281\" src=\"https:\/\/www.youtube.com\/embed\/3JA-d9zddsg?feature=oembed\" frameborder=\"0\" allow=\"accelerometer; autoplay; clipboard-write; encrypted-media; gyroscope; picture-in-picture; web-share\" referrerpolicy=\"strict-origin-when-cross-origin\" allowfullscreen><\/iframe><\/div>\n<\/div><\/figure>","protected":false},"excerpt":{"rendered":"<p>In South East Europe, &#8220;Heat Wave&#8221; you return to some familiar grounds, however changed in a way in which it is aptly named. The lake which previously existed here has completely dried up, still keeping you from placing turrets in this area, however opening up a new rout of attack against your base. The ground [&hellip;]<\/p>","protected":false},"author":1,"featured_media":99,"parent":268,"menu_order":6,"comment_status":"open","ping_status":"closed","template":"","meta":{"_uag_custom_page_level_css":"","site-sidebar-layout":"default","site-content-layout":"default","ast-site-content-layout":"","site-content-style":"default","site-sidebar-style":"default","ast-global-header-display":"","ast-banner-title-visibility":"","ast-main-header-display":"","ast-hfb-above-header-display":"","ast-hfb-below-header-display":"","ast-hfb-mobile-header-display":"","site-post-title":"","ast-breadcrumbs-content":"","ast-featured-img":"","footer-sml-layout":"","theme-transparent-header-meta":"default","adv-header-id-meta":"","stick-header-meta":"","header-above-stick-meta":"","header-main-stick-meta":"","header-below-stick-meta":"","astra-migrate-meta-layouts":"default","ast-page-background-enabled":"default","ast-page-background-meta":{"desktop":{"background-color":"","background-image":"","background-repeat":"repeat","background-position":"center center","background-size":"auto","background-attachment":"scroll","background-type":"","background-media":"","overlay-type":"","overlay-color":"","overlay-gradient":""},"tablet":{"background-color":"","background-image":"","background-repeat":"repeat","background-position":"center center","background-size":"auto","background-attachment":"scroll","background-type":"","background-media":"","overlay-type":"","overlay-color":"","overlay-gradient":""},"mobile":{"background-color":"","background-image":"","background-repeat":"repeat","background-position":"center center","background-size":"auto","background-attachment":"scroll","background-type":"","background-media":"","overlay-type":"","overlay-color":"","overlay-gradient":""}},"ast-content-background-meta":{"desktop":{"background-color":"var(--ast-global-color-5)","background-image":"","background-repeat":"repeat","background-position":"center center","background-size":"auto","background-attachment":"scroll","background-type":"","background-media":"","overlay-type":"","overlay-color":"","overlay-gradient":""},"tablet":{"background-color":"var(--ast-global-color-5)","background-image":"","background-repeat":"repeat","background-position":"center center","background-size":"auto","background-attachment":"scroll","background-type":"","background-media":"","overlay-type":"","overlay-color":"","overlay-gradient":""},"mobile":{"background-color":"var(--ast-global-color-5)","background-image":"","background-repeat":"repeat","background-position":"center center","background-size":"auto","background-attachment":"scroll","background-type":"","background-media":"","overlay-type":"","overlay-color":"","overlay-gradient":""}},"footnotes":""},"uagb_featured_image_src":{"full":["https:\/\/ibomberdefense.standardof.net\/wp-content\/uploads\/sites\/5\/2020\/10\/iBomber-Defense-Axis-Campaign-06.-South-East-Europe-Heat-Wave-4.jpg",1280,720,false],"thumbnail":["https:\/\/ibomberdefense.standardof.net\/wp-content\/uploads\/sites\/5\/2020\/10\/iBomber-Defense-Axis-Campaign-06.-South-East-Europe-Heat-Wave-4-200x113.jpg",200,113,true],"medium":["https:\/\/ibomberdefense.standardof.net\/wp-content\/uploads\/sites\/5\/2020\/10\/iBomber-Defense-Axis-Campaign-06.-South-East-Europe-Heat-Wave-4-512x288.jpg",512,288,true],"medium_large":["https:\/\/ibomberdefense.standardof.net\/wp-content\/uploads\/sites\/5\/2020\/10\/iBomber-Defense-Axis-Campaign-06.-South-East-Europe-Heat-Wave-4-768x432.jpg",768,432,true],"large":["https:\/\/ibomberdefense.standardof.net\/wp-content\/uploads\/sites\/5\/2020\/10\/iBomber-Defense-Axis-Campaign-06.-South-East-Europe-Heat-Wave-4-800x450.jpg",800,450,true],"1536x1536":["https:\/\/ibomberdefense.standardof.net\/wp-content\/uploads\/sites\/5\/2020\/10\/iBomber-Defense-Axis-Campaign-06.-South-East-Europe-Heat-Wave-4.jpg",1280,720,false],"2048x2048":["https:\/\/ibomberdefense.standardof.net\/wp-content\/uploads\/sites\/5\/2020\/10\/iBomber-Defense-Axis-Campaign-06.-South-East-Europe-Heat-Wave-4.jpg",1280,720,false],"trp-custom-language-flag":["https:\/\/ibomberdefense.standardof.net\/wp-content\/uploads\/sites\/5\/2020\/10\/iBomber-Defense-Axis-Campaign-06.-South-East-Europe-Heat-Wave-4-16x9.jpg",16,9,true]},"uagb_author_info":{"display_name":"SOE","author_link":"https:\/\/ibomberdefense.standardof.net\/de\/author\/k-tastic\/"},"uagb_comment_info":0,"uagb_excerpt":"In South East Europe, &#8220;Heat Wave&#8221; you return to some familiar grounds, however changed in a way in which it is aptly named. The lake which previously existed here has completely dried up, still keeping you from placing turrets in this area, however opening up a new rout of attack against your base. The ground&hellip;","_links":{"self":[{"href":"https:\/\/ibomberdefense.standardof.net\/de\/wp-json\/wp\/v2\/pages\/326"}],"collection":[{"href":"https:\/\/ibomberdefense.standardof.net\/de\/wp-json\/wp\/v2\/pages"}],"about":[{"href":"https:\/\/ibomberdefense.standardof.net\/de\/wp-json\/wp\/v2\/types\/page"}],"author":[{"embeddable":true,"href":"https:\/\/ibomberdefense.standardof.net\/de\/wp-json\/wp\/v2\/users\/1"}],"replies":[{"embeddable":true,"href":"https:\/\/ibomberdefense.standardof.net\/de\/wp-json\/wp\/v2\/comments?post=326"}],"version-history":[{"count":0,"href":"https:\/\/ibomberdefense.standardof.net\/de\/wp-json\/wp\/v2\/pages\/326\/revisions"}],"up":[{"embeddable":true,"href":"https:\/\/ibomberdefense.standardof.net\/de\/wp-json\/wp\/v2\/pages\/268"}],"wp:featuredmedia":[{"embeddable":true,"href":"https:\/\/ibomberdefense.standardof.net\/de\/wp-json\/wp\/v2\/media\/99"}],"wp:attachment":[{"href":"https:\/\/ibomberdefense.standardof.net\/de\/wp-json\/wp\/v2\/media?parent=326"}],"curies":[{"name":"wp","href":"https:\/\/api.w.org\/{rel}","templated":true}]}}