{"id":327,"date":"2020-10-19T07:17:58","date_gmt":"2020-10-19T07:17:58","guid":{"rendered":"https:\/\/ibomberdefense.standardof.net\/?page_id=327"},"modified":"2020-10-19T08:05:28","modified_gmt":"2020-10-19T08:05:28","slug":"7-eastern-mediterranean-tigershark","status":"publish","type":"page","link":"https:\/\/ibomberdefense.standardof.net\/de\/guide\/achsenkampagne-2\/7-ost-mittelmeer-tigerhai\/","title":{"rendered":"7. \u00d6stliches Mittelmeer: Tigerhai"},"content":{"rendered":"<div class=\"wp-block-image\"><figure class=\"aligncenter size-large\"><a href=\"https:\/\/ibomberdefense.standardof.net\/de\/guide\/achsenkampagne-2\/7-ost-mittelmeer-tigerhai\/ibomber-defense-axis-campaign-07-eastern-mediterranean-tigershark-1\/\"><img decoding=\"async\" width=\"800\" height=\"450\" src=\"https:\/\/ibomberdefense.standardof.net\/wp-content\/uploads\/sites\/5\/2020\/10\/iBomber-Defense-Axis-Campaign-07.-Eastern-Mediterranean-Tigershark-1-800x450.jpg\" alt=\"&quot;iBomber Defense&quot; - Achsenkampagne - 07. \u00d6stliches Mittelmeer: Tigerhai (1)\" class=\"wp-image-100\" title=\"\" srcset=\"https:\/\/ibomberdefense.standardof.net\/wp-content\/uploads\/sites\/5\/2020\/10\/iBomber-Defense-Axis-Campaign-07.-Eastern-Mediterranean-Tigershark-1-800x450.jpg 800w, https:\/\/ibomberdefense.standardof.net\/wp-content\/uploads\/sites\/5\/2020\/10\/iBomber-Defense-Axis-Campaign-07.-Eastern-Mediterranean-Tigershark-1-512x288.jpg 512w, https:\/\/ibomberdefense.standardof.net\/wp-content\/uploads\/sites\/5\/2020\/10\/iBomber-Defense-Axis-Campaign-07.-Eastern-Mediterranean-Tigershark-1-200x113.jpg 200w, https:\/\/ibomberdefense.standardof.net\/wp-content\/uploads\/sites\/5\/2020\/10\/iBomber-Defense-Axis-Campaign-07.-Eastern-Mediterranean-Tigershark-1-768x432.jpg 768w, https:\/\/ibomberdefense.standardof.net\/wp-content\/uploads\/sites\/5\/2020\/10\/iBomber-Defense-Axis-Campaign-07.-Eastern-Mediterranean-Tigershark-1-16x9.jpg 16w, https:\/\/ibomberdefense.standardof.net\/wp-content\/uploads\/sites\/5\/2020\/10\/iBomber-Defense-Axis-Campaign-07.-Eastern-Mediterranean-Tigershark-1.jpg 1280w\" sizes=\"(max-width: 800px) 100vw, 800px\" \/><\/a><figcaption>Karte der Routen feindlicher Einheiten im \u00f6stlichen Mittelmeerraum \u201eTigerhai\u201c im Videospiel \u201eiBomber Defense\u201c. Blauer Pfad kennzeichnet Flugzeuge.<\/figcaption><\/figure><\/div>\n\n\n\n<p>Bei Mission Nummer sieben in der Achsenkampagne stehen Sie nun insgesamt vierzig Wellen von Feinden gegen\u00fcber, die sich alle von drei verschiedenen Pfaden aus dem S\u00fcdwesten n\u00e4hern. Marineschiffe starten das Level, aber stellen Sie sicher, dass Sie auf Welle 20 vorbereitet sind, wenn das Flugzeug auftaucht.<\/p>\n\n\n\n<p>Die Platzierung des Turms sollte sich darauf konzentrieren, den Raum zu nutzen, der der Stelle am n\u00e4chsten liegt, an der sich die Pfade \u00f6stlich der Karte entlang der winzigen Insel treffen, auf der die Pfade zusammenlaufen.<\/p>\n\n\n\n<h3 class=\"wp-block-heading\"><strong>Revolverplatzierung<\/strong><\/h3>\n\n\n\n<figure class=\"wp-block-gallery columns-2 is-cropped wp-block-gallery-1 is-layout-flex wp-block-gallery-is-layout-flex\"><ul class=\"blocks-gallery-grid\"><li class=\"blocks-gallery-item\"><figure><a href=\"https:\/\/ibomberdefense.standardof.net\/de\/guide\/achsenkampagne-2\/7-ost-mittelmeer-tigerhai\/ibomber-defense-axis-campaign-07-eastern-mediterranean-tigershark-2\/\"><img decoding=\"async\" width=\"800\" height=\"450\" src=\"https:\/\/ibomberdefense.standardof.net\/wp-content\/uploads\/sites\/5\/2020\/10\/iBomber-Defense-Axis-Campaign-07.-Eastern-Mediterranean-Tigershark-2-800x450.jpg\" alt=\"&quot;iBomber Defense&quot; - Achsenkampagne - 07. \u00d6stliches Mittelmeer: Tigerhai (2)\" data-id=\"101\" data-full-url=\"https:\/\/ibomberdefense.standardof.net\/wp-content\/uploads\/sites\/5\/2020\/10\/iBomber-Defense-Axis-Campaign-07.-Eastern-Mediterranean-Tigershark-2.jpg\" data-link=\"https:\/\/ibomberdefense.standardof.net\/guide\/axis-campaign\/7-eastern-mediterranean-tigershark\/ibomber-defense-axis-campaign-07-eastern-mediterranean-tigershark-2\/\" class=\"wp-image-101\" title=\"\" srcset=\"https:\/\/ibomberdefense.standardof.net\/wp-content\/uploads\/sites\/5\/2020\/10\/iBomber-Defense-Axis-Campaign-07.-Eastern-Mediterranean-Tigershark-2-800x450.jpg 800w, https:\/\/ibomberdefense.standardof.net\/wp-content\/uploads\/sites\/5\/2020\/10\/iBomber-Defense-Axis-Campaign-07.-Eastern-Mediterranean-Tigershark-2-512x288.jpg 512w, https:\/\/ibomberdefense.standardof.net\/wp-content\/uploads\/sites\/5\/2020\/10\/iBomber-Defense-Axis-Campaign-07.-Eastern-Mediterranean-Tigershark-2-200x113.jpg 200w, https:\/\/ibomberdefense.standardof.net\/wp-content\/uploads\/sites\/5\/2020\/10\/iBomber-Defense-Axis-Campaign-07.-Eastern-Mediterranean-Tigershark-2-768x432.jpg 768w, https:\/\/ibomberdefense.standardof.net\/wp-content\/uploads\/sites\/5\/2020\/10\/iBomber-Defense-Axis-Campaign-07.-Eastern-Mediterranean-Tigershark-2-16x9.jpg 16w, https:\/\/ibomberdefense.standardof.net\/wp-content\/uploads\/sites\/5\/2020\/10\/iBomber-Defense-Axis-Campaign-07.-Eastern-Mediterranean-Tigershark-2.jpg 1280w\" sizes=\"(max-width: 800px) 100vw, 800px\" \/><\/a><figcaption class=\"blocks-gallery-item__caption\">Platzierung des Revolvers der Welle 10.<\/figcaption><\/figure><\/li><li class=\"blocks-gallery-item\"><figure><a href=\"https:\/\/ibomberdefense.standardof.net\/de\/guide\/achsenkampagne-2\/7-ost-mittelmeer-tigerhai\/ibomber-defense-axis-campaign-07-eastern-mediterranean-tigershark-3\/\"><img decoding=\"async\" width=\"800\" height=\"450\" src=\"https:\/\/ibomberdefense.standardof.net\/wp-content\/uploads\/sites\/5\/2020\/10\/iBomber-Defense-Axis-Campaign-07.-Eastern-Mediterranean-Tigershark-3-800x450.jpg\" alt=\"&quot;iBomber Defense&quot; - Achsenkampagne - 07. \u00d6stliches Mittelmeer: Tigerhai (3)\" data-id=\"102\" data-full-url=\"https:\/\/ibomberdefense.standardof.net\/wp-content\/uploads\/sites\/5\/2020\/10\/iBomber-Defense-Axis-Campaign-07.-Eastern-Mediterranean-Tigershark-3.jpg\" data-link=\"https:\/\/ibomberdefense.standardof.net\/guide\/axis-campaign\/7-eastern-mediterranean-tigershark\/ibomber-defense-axis-campaign-07-eastern-mediterranean-tigershark-3\/\" class=\"wp-image-102\" title=\"\" srcset=\"https:\/\/ibomberdefense.standardof.net\/wp-content\/uploads\/sites\/5\/2020\/10\/iBomber-Defense-Axis-Campaign-07.-Eastern-Mediterranean-Tigershark-3-800x450.jpg 800w, https:\/\/ibomberdefense.standardof.net\/wp-content\/uploads\/sites\/5\/2020\/10\/iBomber-Defense-Axis-Campaign-07.-Eastern-Mediterranean-Tigershark-3-512x288.jpg 512w, https:\/\/ibomberdefense.standardof.net\/wp-content\/uploads\/sites\/5\/2020\/10\/iBomber-Defense-Axis-Campaign-07.-Eastern-Mediterranean-Tigershark-3-200x113.jpg 200w, https:\/\/ibomberdefense.standardof.net\/wp-content\/uploads\/sites\/5\/2020\/10\/iBomber-Defense-Axis-Campaign-07.-Eastern-Mediterranean-Tigershark-3-768x432.jpg 768w, https:\/\/ibomberdefense.standardof.net\/wp-content\/uploads\/sites\/5\/2020\/10\/iBomber-Defense-Axis-Campaign-07.-Eastern-Mediterranean-Tigershark-3-16x9.jpg 16w, https:\/\/ibomberdefense.standardof.net\/wp-content\/uploads\/sites\/5\/2020\/10\/iBomber-Defense-Axis-Campaign-07.-Eastern-Mediterranean-Tigershark-3.jpg 1280w\" sizes=\"(max-width: 800px) 100vw, 800px\" \/><\/a><figcaption class=\"blocks-gallery-item__caption\">Platzierung des Revolvers der Welle 20.<\/figcaption><\/figure><\/li><\/ul><\/figure>\n\n\n\n<p>Die ersten T\u00fcrme sollten zwei Maschinengewehr-T\u00fcrme auf der kleinen Insel unten rechts und oben links sein. Der dritte Platz oben rechts sollte von einem Inferno belegt werden, nachdem beide Maschinengewehre und ein dritter durch die Konvergenz auf das maximale Level aufger\u00fcstet wurden.<\/p>\n\n\n\n<p>Welle 20 bringt feindliche Flugzeuge mit sich, daher sollte die Platzierung eines AA-Turms der Stufe 1 am Ende von Welle 19 oberste Priorit\u00e4t haben. Bauen Sie zuvor einige Kanonen auf der Nord- und S\u00fcdseite des Konvergenzgebiets. Von Level 20 bis 30 arbeiten Sie daran, eine X-Waffe der 2. Stufe mit maximalem Boost zu erhalten, w\u00e4hrend Sie nach Bedarf an mehr Kanonen und AA arbeiten.<\/p>\n\n\n\n<p>Wenn Sie die letzte Wellenstrecke in Richtung der letzten Herausforderungen erreichen, sparen Sie sich eine zweite X-Waffe und platzieren Sie sie an einem Ort, an dem sie von den nahe gelegenen T\u00fcrmen einen ordentlichen Schub erhalten kann. In einem zuk\u00fcnftigen Level wird es hier einen Gegenangriff geben, so dass es sich lohnt, so viel wie m\u00f6glich aufzubauen, auch wenn der Feind bereits \u00fcberw\u00e4ltigt ist. Wenn Sie k\u00f6nnen, versuchen Sie, die T\u00fcrme der kleinen Insel kurz vor Abschluss der Mission zu verkaufen und damit etwas anderes zu bauen, da diese in den ersten Augenblicken des Gegenangriffs zerst\u00f6rt werden.<\/p>\n\n\n\n<figure class=\"wp-block-gallery columns-2 is-cropped wp-block-gallery-2 is-layout-flex wp-block-gallery-is-layout-flex\"><ul class=\"blocks-gallery-grid\"><li class=\"blocks-gallery-item\"><figure><a href=\"https:\/\/ibomberdefense.standardof.net\/de\/guide\/achsenkampagne-2\/7-ost-mittelmeer-tigerhai\/ibomber-defense-axis-campaign-07-eastern-mediterranean-tigershark-4\/\"><img decoding=\"async\" width=\"800\" height=\"450\" src=\"https:\/\/ibomberdefense.standardof.net\/wp-content\/uploads\/sites\/5\/2020\/10\/iBomber-Defense-Axis-Campaign-07.-Eastern-Mediterranean-Tigershark-4-800x450.jpg\" alt=\"&quot;iBomber Defense&quot; - Achsenkampagne - 07. \u00d6stliches Mittelmeer: Tigerhai (4)\" data-id=\"103\" data-full-url=\"https:\/\/ibomberdefense.standardof.net\/wp-content\/uploads\/sites\/5\/2020\/10\/iBomber-Defense-Axis-Campaign-07.-Eastern-Mediterranean-Tigershark-4.jpg\" data-link=\"https:\/\/ibomberdefense.standardof.net\/guide\/axis-campaign\/7-eastern-mediterranean-tigershark\/ibomber-defense-axis-campaign-07-eastern-mediterranean-tigershark-4\/\" class=\"wp-image-103\" title=\"\" srcset=\"https:\/\/ibomberdefense.standardof.net\/wp-content\/uploads\/sites\/5\/2020\/10\/iBomber-Defense-Axis-Campaign-07.-Eastern-Mediterranean-Tigershark-4-800x450.jpg 800w, https:\/\/ibomberdefense.standardof.net\/wp-content\/uploads\/sites\/5\/2020\/10\/iBomber-Defense-Axis-Campaign-07.-Eastern-Mediterranean-Tigershark-4-512x288.jpg 512w, https:\/\/ibomberdefense.standardof.net\/wp-content\/uploads\/sites\/5\/2020\/10\/iBomber-Defense-Axis-Campaign-07.-Eastern-Mediterranean-Tigershark-4-200x113.jpg 200w, https:\/\/ibomberdefense.standardof.net\/wp-content\/uploads\/sites\/5\/2020\/10\/iBomber-Defense-Axis-Campaign-07.-Eastern-Mediterranean-Tigershark-4-768x432.jpg 768w, https:\/\/ibomberdefense.standardof.net\/wp-content\/uploads\/sites\/5\/2020\/10\/iBomber-Defense-Axis-Campaign-07.-Eastern-Mediterranean-Tigershark-4-16x9.jpg 16w, https:\/\/ibomberdefense.standardof.net\/wp-content\/uploads\/sites\/5\/2020\/10\/iBomber-Defense-Axis-Campaign-07.-Eastern-Mediterranean-Tigershark-4.jpg 1280w\" sizes=\"(max-width: 800px) 100vw, 800px\" \/><\/a><figcaption class=\"blocks-gallery-item__caption\">Platzierung des Revolvers der Welle 30.<\/figcaption><\/figure><\/li><li class=\"blocks-gallery-item\"><figure><a href=\"https:\/\/ibomberdefense.standardof.net\/de\/guide\/achsenkampagne-2\/7-ost-mittelmeer-tigerhai\/ibomber-defense-axis-campaign-07-eastern-mediterranean-tigershark-5\/\"><img decoding=\"async\" width=\"800\" height=\"450\" src=\"https:\/\/ibomberdefense.standardof.net\/wp-content\/uploads\/sites\/5\/2020\/10\/iBomber-Defense-Axis-Campaign-07.-Eastern-Mediterranean-Tigershark-5-800x450.jpg\" alt=\"&quot;iBomber Defense&quot; - Achsenkampagne - 07. \u00d6stliches Mittelmeer: Tigerhai (5)\" data-id=\"104\" data-full-url=\"https:\/\/ibomberdefense.standardof.net\/wp-content\/uploads\/sites\/5\/2020\/10\/iBomber-Defense-Axis-Campaign-07.-Eastern-Mediterranean-Tigershark-5.jpg\" data-link=\"https:\/\/ibomberdefense.standardof.net\/guide\/axis-campaign\/7-eastern-mediterranean-tigershark\/ibomber-defense-axis-campaign-07-eastern-mediterranean-tigershark-5\/\" class=\"wp-image-104\" title=\"\" srcset=\"https:\/\/ibomberdefense.standardof.net\/wp-content\/uploads\/sites\/5\/2020\/10\/iBomber-Defense-Axis-Campaign-07.-Eastern-Mediterranean-Tigershark-5-800x450.jpg 800w, https:\/\/ibomberdefense.standardof.net\/wp-content\/uploads\/sites\/5\/2020\/10\/iBomber-Defense-Axis-Campaign-07.-Eastern-Mediterranean-Tigershark-5-512x288.jpg 512w, https:\/\/ibomberdefense.standardof.net\/wp-content\/uploads\/sites\/5\/2020\/10\/iBomber-Defense-Axis-Campaign-07.-Eastern-Mediterranean-Tigershark-5-200x113.jpg 200w, https:\/\/ibomberdefense.standardof.net\/wp-content\/uploads\/sites\/5\/2020\/10\/iBomber-Defense-Axis-Campaign-07.-Eastern-Mediterranean-Tigershark-5-768x432.jpg 768w, https:\/\/ibomberdefense.standardof.net\/wp-content\/uploads\/sites\/5\/2020\/10\/iBomber-Defense-Axis-Campaign-07.-Eastern-Mediterranean-Tigershark-5-16x9.jpg 16w, https:\/\/ibomberdefense.standardof.net\/wp-content\/uploads\/sites\/5\/2020\/10\/iBomber-Defense-Axis-Campaign-07.-Eastern-Mediterranean-Tigershark-5.jpg 1280w\" sizes=\"(max-width: 800px) 100vw, 800px\" \/><\/a><figcaption class=\"blocks-gallery-item__caption\">Platzierung des Revolvers der Welle 40.<\/figcaption><\/figure><\/li><\/ul><\/figure>\n\n\n\n<h3 class=\"wp-block-heading\"><strong>Siegpunktausgaben<\/strong><\/h3>\n\n\n\n<p>An diesem Punkt ist fast alles voll, es bleiben 3 Optionen zur Auswahl und zwei Punkte zum Ausgeben. Ich habe mich f\u00fcr die 2. Stufe der X-Waffe und Reparatur entschieden, da Feuerst\u00fcrme der 2. Stufe ihren Zweck immer noch recht gut erf\u00fcllen. Zu diesem Zeitpunkt ist der Feuersturm das einzige, was nicht auf Stufe 3 (2) ist.<\/p>\n\n\n\n<hr class=\"wp-block-separator\"\/>\n\n\n\n<h4 class=\"has-text-align-center wp-block-heading\">Videoanleitung<\/h4>\n\n\n\n<figure class=\"wp-block-embed-youtube wp-block-embed is-type-video is-provider-youtube wp-embed-aspect-16-9 wp-has-aspect-ratio\"><div class=\"wp-block-embed__wrapper\">\n<div class=\"ast-oembed-container\" style=\"height: 100%;\"><iframe title=\"iBomber Defense - \u00d6stliches Mittelmeer - Tigerhai - Veteran + Perfekt\" width=\"500\" height=\"281\" src=\"https:\/\/www.youtube.com\/embed\/Zh013SOZgjQ?feature=oembed\" frameborder=\"0\" allow=\"accelerometer; autoplay; clipboard-write; encrypted-media; gyroscope; picture-in-picture; web-share\" referrerpolicy=\"strict-origin-when-cross-origin\" allowfullscreen><\/iframe><\/div>\n<\/div><\/figure>","protected":false},"excerpt":{"rendered":"<p>Mission number seven in the Axis campaign now has you facing a total of forty waves of enemies, all approaching from three different paths from the Southwest. Naval vessels will start off the level but make sure you are prepared for wave 20 when the aircraft show up. Turret placement should focus on utilizing the [&hellip;]<\/p>","protected":false},"author":1,"featured_media":104,"parent":268,"menu_order":7,"comment_status":"open","ping_status":"closed","template":"","meta":{"_uag_custom_page_level_css":"","site-sidebar-layout":"default","site-content-layout":"default","ast-site-content-layout":"","site-content-style":"default","site-sidebar-style":"default","ast-global-header-display":"","ast-banner-title-visibility":"","ast-main-header-display":"","ast-hfb-above-header-display":"","ast-hfb-below-header-display":"","ast-hfb-mobile-header-display":"","site-post-title":"","ast-breadcrumbs-content":"","ast-featured-img":"","footer-sml-layout":"","theme-transparent-header-meta":"default","adv-header-id-meta":"","stick-header-meta":"","header-above-stick-meta":"","header-main-stick-meta":"","header-below-stick-meta":"","astra-migrate-meta-layouts":"default","ast-page-background-enabled":"default","ast-page-background-meta":{"desktop":{"background-color":"","background-image":"","background-repeat":"repeat","background-position":"center center","background-size":"auto","background-attachment":"scroll","background-type":"","background-media":"","overlay-type":"","overlay-color":"","overlay-gradient":""},"tablet":{"background-color":"","background-image":"","background-repeat":"repeat","background-position":"center center","background-size":"auto","background-attachment":"scroll","background-type":"","background-media":"","overlay-type":"","overlay-color":"","overlay-gradient":""},"mobile":{"background-color":"","background-image":"","background-repeat":"repeat","background-position":"center center","background-size":"auto","background-attachment":"scroll","background-type":"","background-media":"","overlay-type":"","overlay-color":"","overlay-gradient":""}},"ast-content-background-meta":{"desktop":{"background-color":"var(--ast-global-color-5)","background-image":"","background-repeat":"repeat","background-position":"center center","background-size":"auto","background-attachment":"scroll","background-type":"","background-media":"","overlay-type":"","overlay-color":"","overlay-gradient":""},"tablet":{"background-color":"var(--ast-global-color-5)","background-image":"","background-repeat":"repeat","background-position":"center center","background-size":"auto","background-attachment":"scroll","background-type":"","background-media":"","overlay-type":"","overlay-color":"","overlay-gradient":""},"mobile":{"background-color":"var(--ast-global-color-5)","background-image":"","background-repeat":"repeat","background-position":"center center","background-size":"auto","background-attachment":"scroll","background-type":"","background-media":"","overlay-type":"","overlay-color":"","overlay-gradient":""}},"footnotes":""},"uagb_featured_image_src":{"full":["https:\/\/ibomberdefense.standardof.net\/wp-content\/uploads\/sites\/5\/2020\/10\/iBomber-Defense-Axis-Campaign-07.-Eastern-Mediterranean-Tigershark-5.jpg",1280,720,false],"thumbnail":["https:\/\/ibomberdefense.standardof.net\/wp-content\/uploads\/sites\/5\/2020\/10\/iBomber-Defense-Axis-Campaign-07.-Eastern-Mediterranean-Tigershark-5-200x113.jpg",200,113,true],"medium":["https:\/\/ibomberdefense.standardof.net\/wp-content\/uploads\/sites\/5\/2020\/10\/iBomber-Defense-Axis-Campaign-07.-Eastern-Mediterranean-Tigershark-5-512x288.jpg",512,288,true],"medium_large":["https:\/\/ibomberdefense.standardof.net\/wp-content\/uploads\/sites\/5\/2020\/10\/iBomber-Defense-Axis-Campaign-07.-Eastern-Mediterranean-Tigershark-5-768x432.jpg",768,432,true],"large":["https:\/\/ibomberdefense.standardof.net\/wp-content\/uploads\/sites\/5\/2020\/10\/iBomber-Defense-Axis-Campaign-07.-Eastern-Mediterranean-Tigershark-5-800x450.jpg",800,450,true],"1536x1536":["https:\/\/ibomberdefense.standardof.net\/wp-content\/uploads\/sites\/5\/2020\/10\/iBomber-Defense-Axis-Campaign-07.-Eastern-Mediterranean-Tigershark-5.jpg",1280,720,false],"2048x2048":["https:\/\/ibomberdefense.standardof.net\/wp-content\/uploads\/sites\/5\/2020\/10\/iBomber-Defense-Axis-Campaign-07.-Eastern-Mediterranean-Tigershark-5.jpg",1280,720,false],"trp-custom-language-flag":["https:\/\/ibomberdefense.standardof.net\/wp-content\/uploads\/sites\/5\/2020\/10\/iBomber-Defense-Axis-Campaign-07.-Eastern-Mediterranean-Tigershark-5-16x9.jpg",16,9,true]},"uagb_author_info":{"display_name":"SOE","author_link":"https:\/\/ibomberdefense.standardof.net\/de\/author\/k-tastic\/"},"uagb_comment_info":0,"uagb_excerpt":"Mission number seven in the Axis campaign now has you facing a total of forty waves of enemies, all approaching from three different paths from the Southwest. Naval vessels will start off the level but make sure you are prepared for wave 20 when the aircraft show up. Turret placement should focus on utilizing the&hellip;","_links":{"self":[{"href":"https:\/\/ibomberdefense.standardof.net\/de\/wp-json\/wp\/v2\/pages\/327"}],"collection":[{"href":"https:\/\/ibomberdefense.standardof.net\/de\/wp-json\/wp\/v2\/pages"}],"about":[{"href":"https:\/\/ibomberdefense.standardof.net\/de\/wp-json\/wp\/v2\/types\/page"}],"author":[{"embeddable":true,"href":"https:\/\/ibomberdefense.standardof.net\/de\/wp-json\/wp\/v2\/users\/1"}],"replies":[{"embeddable":true,"href":"https:\/\/ibomberdefense.standardof.net\/de\/wp-json\/wp\/v2\/comments?post=327"}],"version-history":[{"count":0,"href":"https:\/\/ibomberdefense.standardof.net\/de\/wp-json\/wp\/v2\/pages\/327\/revisions"}],"up":[{"embeddable":true,"href":"https:\/\/ibomberdefense.standardof.net\/de\/wp-json\/wp\/v2\/pages\/268"}],"wp:featuredmedia":[{"embeddable":true,"href":"https:\/\/ibomberdefense.standardof.net\/de\/wp-json\/wp\/v2\/media\/104"}],"wp:attachment":[{"href":"https:\/\/ibomberdefense.standardof.net\/de\/wp-json\/wp\/v2\/media?parent=327"}],"curies":[{"name":"wp","href":"https:\/\/api.w.org\/{rel}","templated":true}]}}