{"id":343,"date":"2020-10-19T07:39:22","date_gmt":"2020-10-19T07:39:22","guid":{"rendered":"https:\/\/ibomberdefense.standardof.net\/?page_id=343"},"modified":"2020-10-19T08:04:48","modified_gmt":"2020-10-19T08:04:48","slug":"8-eastern-mediterranean-counterattack","status":"publish","type":"page","link":"https:\/\/ibomberdefense.standardof.net\/de\/guide\/achsenkampagne-2\/8-ost-mittelmeer-gegenangriff-2\/","title":{"rendered":"8. \u00d6stliches Mittelmeer: Gegenangriff"},"content":{"rendered":"<div class=\"wp-block-image\"><figure class=\"aligncenter size-large\"><a href=\"https:\/\/ibomberdefense.standardof.net\/de\/guide\/achsenkampagne-2\/8-ost-mittelmeer-gegenangriff-2\/ibomber-defense-axis-campaign-08-eastern-mediterranean-counterattack-1\/\"><img decoding=\"async\" width=\"800\" height=\"450\" src=\"https:\/\/ibomberdefense.standardof.net\/wp-content\/uploads\/sites\/5\/2020\/10\/iBomber-Defense-Axis-Campaign-08.-Eastern-Mediterranean-Counterattack-1-800x450.jpg\" alt=\"&quot;iBomber Defense&quot; - Achsenkampagne - 08. \u00d6stliches Mittelmeer - Gegenangriff (1)\" class=\"wp-image-105\" title=\"\" srcset=\"https:\/\/ibomberdefense.standardof.net\/wp-content\/uploads\/sites\/5\/2020\/10\/iBomber-Defense-Axis-Campaign-08.-Eastern-Mediterranean-Counterattack-1-800x450.jpg 800w, https:\/\/ibomberdefense.standardof.net\/wp-content\/uploads\/sites\/5\/2020\/10\/iBomber-Defense-Axis-Campaign-08.-Eastern-Mediterranean-Counterattack-1-512x288.jpg 512w, https:\/\/ibomberdefense.standardof.net\/wp-content\/uploads\/sites\/5\/2020\/10\/iBomber-Defense-Axis-Campaign-08.-Eastern-Mediterranean-Counterattack-1-200x113.jpg 200w, https:\/\/ibomberdefense.standardof.net\/wp-content\/uploads\/sites\/5\/2020\/10\/iBomber-Defense-Axis-Campaign-08.-Eastern-Mediterranean-Counterattack-1-768x432.jpg 768w, https:\/\/ibomberdefense.standardof.net\/wp-content\/uploads\/sites\/5\/2020\/10\/iBomber-Defense-Axis-Campaign-08.-Eastern-Mediterranean-Counterattack-1-16x9.jpg 16w, https:\/\/ibomberdefense.standardof.net\/wp-content\/uploads\/sites\/5\/2020\/10\/iBomber-Defense-Axis-Campaign-08.-Eastern-Mediterranean-Counterattack-1.jpg 1280w\" sizes=\"(max-width: 800px) 100vw, 800px\" \/><\/a><figcaption>Routen feindlicher Einheiten im Level-Gegenangriff des \u00f6stlichen Mittelmeers im Spiel iBomber Defense. Blauer Pfad kennzeichnet Flugzeuge.<\/figcaption><\/figure><\/div>\n\n\n\n<p>Die zweite Gegenangriffsbonusmission in der Achsenkampagne und die insgesamt acht Missionen f\u00fchren Sie zur\u00fcck zur Karte des \u00f6stlichen Mittelmeers, um weitere 20 Wellen von Marineschiffen und Flugzeugen zu gewinnen. Das Flugzeug wird zum ersten Mal bei Welle 4 auftauchen.<\/p>\n\n\n\n<p>Der erste \u00dcberraschungsangriff wird die kleinste Insel ausschalten und alles zerst\u00f6ren, was sich auf ihr befand, w\u00e4hrend eine dritte Route aus dem Norden er\u00f6ffnet wird, genau wie der alliierte Gegenangriff auf dieser Karte.<\/p>\n\n\n\n<h3 class=\"wp-block-heading\"><strong>Revolverplatzierung:<\/strong><\/h3>\n\n\n\n<figure class=\"wp-block-gallery columns-2 is-cropped wp-block-gallery-1 is-layout-flex wp-block-gallery-is-layout-flex\"><ul class=\"blocks-gallery-grid\"><li class=\"blocks-gallery-item\"><figure><a href=\"https:\/\/ibomberdefense.standardof.net\/de\/guide\/achsenkampagne-2\/8-ost-mittelmeer-gegenangriff-2\/ibomber-defense-axis-campaign-08-eastern-mediterranean-counterattack-2\/\"><img decoding=\"async\" width=\"800\" height=\"450\" src=\"https:\/\/ibomberdefense.standardof.net\/wp-content\/uploads\/sites\/5\/2020\/10\/iBomber-Defense-Axis-Campaign-08.-Eastern-Mediterranean-Counterattack-2-800x450.jpg\" alt=\"&quot;iBomber Defense&quot; - Achsenkampagne - 08. \u00d6stliches Mittelmeer - Gegenangriff (2)\" data-id=\"106\" data-full-url=\"https:\/\/ibomberdefense.standardof.net\/wp-content\/uploads\/sites\/5\/2020\/10\/iBomber-Defense-Axis-Campaign-08.-Eastern-Mediterranean-Counterattack-2.jpg\" data-link=\"https:\/\/ibomberdefense.standardof.net\/guide\/axis-campaign\/8-eastern-mediterranean-counterattack\/ibomber-defense-axis-campaign-08-eastern-mediterranean-counterattack-2\/\" class=\"wp-image-106\" title=\"\" srcset=\"https:\/\/ibomberdefense.standardof.net\/wp-content\/uploads\/sites\/5\/2020\/10\/iBomber-Defense-Axis-Campaign-08.-Eastern-Mediterranean-Counterattack-2-800x450.jpg 800w, https:\/\/ibomberdefense.standardof.net\/wp-content\/uploads\/sites\/5\/2020\/10\/iBomber-Defense-Axis-Campaign-08.-Eastern-Mediterranean-Counterattack-2-512x288.jpg 512w, https:\/\/ibomberdefense.standardof.net\/wp-content\/uploads\/sites\/5\/2020\/10\/iBomber-Defense-Axis-Campaign-08.-Eastern-Mediterranean-Counterattack-2-200x113.jpg 200w, https:\/\/ibomberdefense.standardof.net\/wp-content\/uploads\/sites\/5\/2020\/10\/iBomber-Defense-Axis-Campaign-08.-Eastern-Mediterranean-Counterattack-2-768x432.jpg 768w, https:\/\/ibomberdefense.standardof.net\/wp-content\/uploads\/sites\/5\/2020\/10\/iBomber-Defense-Axis-Campaign-08.-Eastern-Mediterranean-Counterattack-2-16x9.jpg 16w, https:\/\/ibomberdefense.standardof.net\/wp-content\/uploads\/sites\/5\/2020\/10\/iBomber-Defense-Axis-Campaign-08.-Eastern-Mediterranean-Counterattack-2.jpg 1280w\" sizes=\"(max-width: 800px) 100vw, 800px\" \/><\/a><figcaption class=\"blocks-gallery-item__caption\">Revolverplatzierung am Ende von Welle 10.<\/figcaption><\/figure><\/li><li class=\"blocks-gallery-item\"><figure><a href=\"https:\/\/ibomberdefense.standardof.net\/de\/guide\/achsenkampagne-2\/8-ost-mittelmeer-gegenangriff-2\/ibomber-defense-axis-campaign-08-eastern-mediterranean-counterattack-3\/\"><img decoding=\"async\" width=\"800\" height=\"450\" src=\"https:\/\/ibomberdefense.standardof.net\/wp-content\/uploads\/sites\/5\/2020\/10\/iBomber-Defense-Axis-Campaign-08.-Eastern-Mediterranean-Counterattack-3-800x450.jpg\" alt=\"&quot;iBomber Defense&quot; - Achsenkampagne - 08. \u00d6stliches Mittelmeer - Gegenangriff (3)\" data-id=\"107\" data-full-url=\"https:\/\/ibomberdefense.standardof.net\/wp-content\/uploads\/sites\/5\/2020\/10\/iBomber-Defense-Axis-Campaign-08.-Eastern-Mediterranean-Counterattack-3.jpg\" data-link=\"https:\/\/ibomberdefense.standardof.net\/guide\/axis-campaign\/8-eastern-mediterranean-counterattack\/ibomber-defense-axis-campaign-08-eastern-mediterranean-counterattack-3\/\" class=\"wp-image-107\" title=\"\" srcset=\"https:\/\/ibomberdefense.standardof.net\/wp-content\/uploads\/sites\/5\/2020\/10\/iBomber-Defense-Axis-Campaign-08.-Eastern-Mediterranean-Counterattack-3-800x450.jpg 800w, https:\/\/ibomberdefense.standardof.net\/wp-content\/uploads\/sites\/5\/2020\/10\/iBomber-Defense-Axis-Campaign-08.-Eastern-Mediterranean-Counterattack-3-512x288.jpg 512w, https:\/\/ibomberdefense.standardof.net\/wp-content\/uploads\/sites\/5\/2020\/10\/iBomber-Defense-Axis-Campaign-08.-Eastern-Mediterranean-Counterattack-3-200x113.jpg 200w, https:\/\/ibomberdefense.standardof.net\/wp-content\/uploads\/sites\/5\/2020\/10\/iBomber-Defense-Axis-Campaign-08.-Eastern-Mediterranean-Counterattack-3-768x432.jpg 768w, https:\/\/ibomberdefense.standardof.net\/wp-content\/uploads\/sites\/5\/2020\/10\/iBomber-Defense-Axis-Campaign-08.-Eastern-Mediterranean-Counterattack-3-16x9.jpg 16w, https:\/\/ibomberdefense.standardof.net\/wp-content\/uploads\/sites\/5\/2020\/10\/iBomber-Defense-Axis-Campaign-08.-Eastern-Mediterranean-Counterattack-3.jpg 1280w\" sizes=\"(max-width: 800px) 100vw, 800px\" \/><\/a><figcaption class=\"blocks-gallery-item__caption\">Revolverplatzierung am Ende der Welle 20.<\/figcaption><\/figure><\/li><\/ul><\/figure>\n\n\n\n<p>Die Mittel f\u00fcr diese Mission sollten f\u00fcr die Aufr\u00fcstung von T\u00fcrmen ausgegeben werden, die zuvor nicht vollst\u00e4ndig geebnet waren, w\u00e4hrend die Landmassen im Norden und S\u00fcden erweitert wurden, auf denen wir zuvor Feuerbasen errichtet haben. Versuchen Sie auf Ihrem Weg in Richtung Welle 10, auf jedem St\u00fcck Land ein Inferno der Stufe 2 zu erhalten, auf dem alle nahe gelegenen Pfade getroffen werden k\u00f6nnen.<\/p>\n\n\n\n<p>Wenn Sie anfangen, Ihren gesamten Raum zu verbrauchen, lohnt es sich, Ihre Maschinengewehre zu verkaufen, um sie durch eine X-Waffe zu ersetzen, um Ihren Schaden dramatisch zu steigern. Die letzten Wellen werden aufgrund der Z\u00e4higkeit der feindlichen Schiffe gezogen, und schlie\u00dflich wird der gr\u00f6\u00dfte Teil Ihres Geldes f\u00fcr die Reparatur von T\u00fcrmen aus ihrem schweren Feuer verwendet.<\/p>\n\n\n\n<h3 class=\"wp-block-heading\"><strong>Siegpunktausgaben:<\/strong><\/h3>\n\n\n\n<p>Dies ist die letzte Mission, bei der Siegpunkte f\u00fcr Upgrades verwendet werden. Der letzte verf\u00fcgbare Kauf ist Inferno der Stufe 3, wodurch alle Gegenst\u00e4nde der Stufe 3 hergestellt und von hier an vollst\u00e4ndig aufger\u00fcstet werden.<\/p>\n\n\n\n<hr class=\"wp-block-separator\"\/>\n\n\n\n<h4 class=\"has-text-align-center wp-block-heading\">Videoanleitung<\/h4>\n\n\n\n<figure class=\"wp-block-embed-youtube wp-block-embed is-type-video is-provider-youtube wp-embed-aspect-16-9 wp-has-aspect-ratio\"><div class=\"wp-block-embed__wrapper\">\n<div class=\"ast-oembed-container\" style=\"height: 100%;\"><iframe title=\"iBomber Defense - \u00d6stliches Mittelmeer - Gegenangriffsachse - Veteran + Perfekt\" width=\"500\" height=\"281\" src=\"https:\/\/www.youtube.com\/embed\/m0pOPp7pzvE?feature=oembed\" frameborder=\"0\" allow=\"accelerometer; autoplay; clipboard-write; encrypted-media; gyroscope; picture-in-picture; web-share\" referrerpolicy=\"strict-origin-when-cross-origin\" allowfullscreen><\/iframe><\/div>\n<\/div><\/figure>","protected":false},"excerpt":{"rendered":"<p>The second counterattack bonus mission in the Axis campaign, and the eight mission overall, takes you back to the Eastern Mediterranean map to duke it out for another 20 waves of naval ships and aircraft. The aircraft will make their first appearance at wave 4. The opening surprise attack will take out the smallest island, [&hellip;]<\/p>","protected":false},"author":1,"featured_media":107,"parent":268,"menu_order":8,"comment_status":"open","ping_status":"closed","template":"","meta":{"_uag_custom_page_level_css":"","site-sidebar-layout":"default","site-content-layout":"default","ast-site-content-layout":"","site-content-style":"default","site-sidebar-style":"default","ast-global-header-display":"","ast-banner-title-visibility":"","ast-main-header-display":"","ast-hfb-above-header-display":"","ast-hfb-below-header-display":"","ast-hfb-mobile-header-display":"","site-post-title":"","ast-breadcrumbs-content":"","ast-featured-img":"","footer-sml-layout":"","theme-transparent-header-meta":"default","adv-header-id-meta":"","stick-header-meta":"","header-above-stick-meta":"","header-main-stick-meta":"","header-below-stick-meta":"","astra-migrate-meta-layouts":"default","ast-page-background-enabled":"default","ast-page-background-meta":{"desktop":{"background-color":"","background-image":"","background-repeat":"repeat","background-position":"center center","background-size":"auto","background-attachment":"scroll","background-type":"","background-media":"","overlay-type":"","overlay-color":"","overlay-gradient":""},"tablet":{"background-color":"","background-image":"","background-repeat":"repeat","background-position":"center center","background-size":"auto","background-attachment":"scroll","background-type":"","background-media":"","overlay-type":"","overlay-color":"","overlay-gradient":""},"mobile":{"background-color":"","background-image":"","background-repeat":"repeat","background-position":"center center","background-size":"auto","background-attachment":"scroll","background-type":"","background-media":"","overlay-type":"","overlay-color":"","overlay-gradient":""}},"ast-content-background-meta":{"desktop":{"background-color":"var(--ast-global-color-5)","background-image":"","background-repeat":"repeat","background-position":"center center","background-size":"auto","background-attachment":"scroll","background-type":"","background-media":"","overlay-type":"","overlay-color":"","overlay-gradient":""},"tablet":{"background-color":"var(--ast-global-color-5)","background-image":"","background-repeat":"repeat","background-position":"center center","background-size":"auto","background-attachment":"scroll","background-type":"","background-media":"","overlay-type":"","overlay-color":"","overlay-gradient":""},"mobile":{"background-color":"var(--ast-global-color-5)","background-image":"","background-repeat":"repeat","background-position":"center center","background-size":"auto","background-attachment":"scroll","background-type":"","background-media":"","overlay-type":"","overlay-color":"","overlay-gradient":""}},"footnotes":""},"uagb_featured_image_src":{"full":["https:\/\/ibomberdefense.standardof.net\/wp-content\/uploads\/sites\/5\/2020\/10\/iBomber-Defense-Axis-Campaign-08.-Eastern-Mediterranean-Counterattack-3.jpg",1280,720,false],"thumbnail":["https:\/\/ibomberdefense.standardof.net\/wp-content\/uploads\/sites\/5\/2020\/10\/iBomber-Defense-Axis-Campaign-08.-Eastern-Mediterranean-Counterattack-3-200x113.jpg",200,113,true],"medium":["https:\/\/ibomberdefense.standardof.net\/wp-content\/uploads\/sites\/5\/2020\/10\/iBomber-Defense-Axis-Campaign-08.-Eastern-Mediterranean-Counterattack-3-512x288.jpg",512,288,true],"medium_large":["https:\/\/ibomberdefense.standardof.net\/wp-content\/uploads\/sites\/5\/2020\/10\/iBomber-Defense-Axis-Campaign-08.-Eastern-Mediterranean-Counterattack-3-768x432.jpg",768,432,true],"large":["https:\/\/ibomberdefense.standardof.net\/wp-content\/uploads\/sites\/5\/2020\/10\/iBomber-Defense-Axis-Campaign-08.-Eastern-Mediterranean-Counterattack-3-800x450.jpg",800,450,true],"1536x1536":["https:\/\/ibomberdefense.standardof.net\/wp-content\/uploads\/sites\/5\/2020\/10\/iBomber-Defense-Axis-Campaign-08.-Eastern-Mediterranean-Counterattack-3.jpg",1280,720,false],"2048x2048":["https:\/\/ibomberdefense.standardof.net\/wp-content\/uploads\/sites\/5\/2020\/10\/iBomber-Defense-Axis-Campaign-08.-Eastern-Mediterranean-Counterattack-3.jpg",1280,720,false],"trp-custom-language-flag":["https:\/\/ibomberdefense.standardof.net\/wp-content\/uploads\/sites\/5\/2020\/10\/iBomber-Defense-Axis-Campaign-08.-Eastern-Mediterranean-Counterattack-3-16x9.jpg",16,9,true]},"uagb_author_info":{"display_name":"SOE","author_link":"https:\/\/ibomberdefense.standardof.net\/de\/author\/k-tastic\/"},"uagb_comment_info":0,"uagb_excerpt":"The second counterattack bonus mission in the Axis campaign, and the eight mission overall, takes you back to the Eastern Mediterranean map to duke it out for another 20 waves of naval ships and aircraft. The aircraft will make their first appearance at wave 4. The opening surprise attack will take out the smallest island,&hellip;","_links":{"self":[{"href":"https:\/\/ibomberdefense.standardof.net\/de\/wp-json\/wp\/v2\/pages\/343"}],"collection":[{"href":"https:\/\/ibomberdefense.standardof.net\/de\/wp-json\/wp\/v2\/pages"}],"about":[{"href":"https:\/\/ibomberdefense.standardof.net\/de\/wp-json\/wp\/v2\/types\/page"}],"author":[{"embeddable":true,"href":"https:\/\/ibomberdefense.standardof.net\/de\/wp-json\/wp\/v2\/users\/1"}],"replies":[{"embeddable":true,"href":"https:\/\/ibomberdefense.standardof.net\/de\/wp-json\/wp\/v2\/comments?post=343"}],"version-history":[{"count":0,"href":"https:\/\/ibomberdefense.standardof.net\/de\/wp-json\/wp\/v2\/pages\/343\/revisions"}],"up":[{"embeddable":true,"href":"https:\/\/ibomberdefense.standardof.net\/de\/wp-json\/wp\/v2\/pages\/268"}],"wp:featuredmedia":[{"embeddable":true,"href":"https:\/\/ibomberdefense.standardof.net\/de\/wp-json\/wp\/v2\/media\/107"}],"wp:attachment":[{"href":"https:\/\/ibomberdefense.standardof.net\/de\/wp-json\/wp\/v2\/media?parent=343"}],"curies":[{"name":"wp","href":"https:\/\/api.w.org\/{rel}","templated":true}]}}