{"id":344,"date":"2020-10-19T07:39:41","date_gmt":"2020-10-19T07:39:41","guid":{"rendered":"https:\/\/ibomberdefense.standardof.net\/?page_id=344"},"modified":"2020-10-19T08:04:53","modified_gmt":"2020-10-19T08:04:53","slug":"9-north-west-africa-on-the-beach","status":"publish","type":"page","link":"https:\/\/ibomberdefense.standardof.net\/de\/guide\/achsenkampagne-2\/9-nordwest-afrika-am-strand\/","title":{"rendered":"9. Nordwestafrika: Am Strand"},"content":{"rendered":"<div class=\"wp-block-image\"><figure class=\"aligncenter size-large\"><a href=\"https:\/\/ibomberdefense.standardof.net\/de\/guide\/achsenkampagne-2\/9-nordwest-afrika-am-strand\/ibomber-defense-axis-campaign-09-north-west-africa-on-the-beach-1\/\"><img decoding=\"async\" width=\"800\" height=\"450\" src=\"https:\/\/ibomberdefense.standardof.net\/wp-content\/uploads\/sites\/5\/2020\/10\/iBomber-Defense-Axis-Campaign-09.-North-West-Africa-On-the-Beach-1-800x450.jpg\" alt=\"&quot;iBomber Defense&quot; - Achsenkampagne - 09. Nordwestafrika - Am Strand (1)\" class=\"wp-image-108\" title=\"\" srcset=\"https:\/\/ibomberdefense.standardof.net\/wp-content\/uploads\/sites\/5\/2020\/10\/iBomber-Defense-Axis-Campaign-09.-North-West-Africa-On-the-Beach-1-800x450.jpg 800w, https:\/\/ibomberdefense.standardof.net\/wp-content\/uploads\/sites\/5\/2020\/10\/iBomber-Defense-Axis-Campaign-09.-North-West-Africa-On-the-Beach-1-512x288.jpg 512w, https:\/\/ibomberdefense.standardof.net\/wp-content\/uploads\/sites\/5\/2020\/10\/iBomber-Defense-Axis-Campaign-09.-North-West-Africa-On-the-Beach-1-200x113.jpg 200w, https:\/\/ibomberdefense.standardof.net\/wp-content\/uploads\/sites\/5\/2020\/10\/iBomber-Defense-Axis-Campaign-09.-North-West-Africa-On-the-Beach-1-768x432.jpg 768w, https:\/\/ibomberdefense.standardof.net\/wp-content\/uploads\/sites\/5\/2020\/10\/iBomber-Defense-Axis-Campaign-09.-North-West-Africa-On-the-Beach-1-16x9.jpg 16w, https:\/\/ibomberdefense.standardof.net\/wp-content\/uploads\/sites\/5\/2020\/10\/iBomber-Defense-Axis-Campaign-09.-North-West-Africa-On-the-Beach-1.jpg 1280w\" sizes=\"(max-width: 800px) 100vw, 800px\" \/><\/a><figcaption>Eingehende Routen von Angreifern im Level Nordwestafrika \u201eOn The Beach\u201c mit der blauen Linie f\u00fcr Flugzeuge.<\/figcaption><\/figure><\/div>\n\n\n\n<p>Die neunte Mission in der Axis-Kampagne im Videospiel <em>iBomber Defense<\/em>, Nordwestafrika \u201eOn the Beach\u201c f\u00fchrt Sie in ein W\u00fcstengebiet, um gegen 35 Wellen von Einheiten zu k\u00e4mpfen. Sie werden haupts\u00e4chlich Landeinheiten mit Flugzeugen gegen\u00fcberstehen, die bei Welle 20 auftauchen.<\/p>\n\n\n\n<p>Die Feinde in diesem Level n\u00e4hern sich von Norden und kommen auf 6 Bodenpfaden herunter, die sich schnell zu vier verschmelzen, die sich kurz vor der Basis treffen. Die Platzierung des Turms konzentriert sich darauf, drei Hauptgruppen von T\u00fcrmen zwischen diesen Pfaden vor der Basis einzurichten und sich nach au\u00dfen zu strecken, wobei der hohe Boden ausgenutzt wird.<\/p>\n\n\n\n<h3 class=\"wp-block-heading\"><strong>Revolverplatzierung:<\/strong><\/h3>\n\n\n\n<figure class=\"wp-block-gallery columns-2 is-cropped wp-block-gallery-1 is-layout-flex wp-block-gallery-is-layout-flex\"><ul class=\"blocks-gallery-grid\"><li class=\"blocks-gallery-item\"><figure><a href=\"https:\/\/ibomberdefense.standardof.net\/de\/guide\/achsenkampagne-2\/9-nordwest-afrika-am-strand\/ibomber-defense-axis-campaign-09-north-west-africa-on-the-beach-2\/\"><img decoding=\"async\" width=\"800\" height=\"450\" src=\"https:\/\/ibomberdefense.standardof.net\/wp-content\/uploads\/sites\/5\/2020\/10\/iBomber-Defense-Axis-Campaign-09.-North-West-Africa-On-the-Beach-2-800x450.jpg\" alt=\"&quot;iBomber Defense&quot; - Achsenkampagne - 09. Nordwestafrika - Am Strand (2)\" data-id=\"109\" data-full-url=\"https:\/\/ibomberdefense.standardof.net\/wp-content\/uploads\/sites\/5\/2020\/10\/iBomber-Defense-Axis-Campaign-09.-North-West-Africa-On-the-Beach-2.jpg\" data-link=\"https:\/\/ibomberdefense.standardof.net\/guide\/axis-campaign\/9-north-west-africa-on-the-beach\/ibomber-defense-axis-campaign-09-north-west-africa-on-the-beach-2\/\" class=\"wp-image-109\" title=\"\" srcset=\"https:\/\/ibomberdefense.standardof.net\/wp-content\/uploads\/sites\/5\/2020\/10\/iBomber-Defense-Axis-Campaign-09.-North-West-Africa-On-the-Beach-2-800x450.jpg 800w, https:\/\/ibomberdefense.standardof.net\/wp-content\/uploads\/sites\/5\/2020\/10\/iBomber-Defense-Axis-Campaign-09.-North-West-Africa-On-the-Beach-2-512x288.jpg 512w, https:\/\/ibomberdefense.standardof.net\/wp-content\/uploads\/sites\/5\/2020\/10\/iBomber-Defense-Axis-Campaign-09.-North-West-Africa-On-the-Beach-2-200x113.jpg 200w, https:\/\/ibomberdefense.standardof.net\/wp-content\/uploads\/sites\/5\/2020\/10\/iBomber-Defense-Axis-Campaign-09.-North-West-Africa-On-the-Beach-2-768x432.jpg 768w, https:\/\/ibomberdefense.standardof.net\/wp-content\/uploads\/sites\/5\/2020\/10\/iBomber-Defense-Axis-Campaign-09.-North-West-Africa-On-the-Beach-2-16x9.jpg 16w, https:\/\/ibomberdefense.standardof.net\/wp-content\/uploads\/sites\/5\/2020\/10\/iBomber-Defense-Axis-Campaign-09.-North-West-Africa-On-the-Beach-2.jpg 1280w\" sizes=\"(max-width: 800px) 100vw, 800px\" \/><\/a><figcaption class=\"blocks-gallery-item__caption\">Platzierung des Revolvers der Welle 15.<\/figcaption><\/figure><\/li><li class=\"blocks-gallery-item\"><figure><a href=\"https:\/\/ibomberdefense.standardof.net\/de\/guide\/achsenkampagne-2\/9-nordwest-afrika-am-strand\/ibomber-defense-axis-campaign-09-north-west-africa-on-the-beach-3\/\"><img decoding=\"async\" width=\"800\" height=\"450\" src=\"https:\/\/ibomberdefense.standardof.net\/wp-content\/uploads\/sites\/5\/2020\/10\/iBomber-Defense-Axis-Campaign-09.-North-West-Africa-On-the-Beach-3-800x450.jpg\" alt=\"&quot;iBomber Defense&quot; - Achsenkampagne - 09. Nordwestafrika - Am Strand (3)\" data-id=\"110\" data-full-url=\"https:\/\/ibomberdefense.standardof.net\/wp-content\/uploads\/sites\/5\/2020\/10\/iBomber-Defense-Axis-Campaign-09.-North-West-Africa-On-the-Beach-3.jpg\" data-link=\"https:\/\/ibomberdefense.standardof.net\/guide\/axis-campaign\/9-north-west-africa-on-the-beach\/ibomber-defense-axis-campaign-09-north-west-africa-on-the-beach-3\/\" class=\"wp-image-110\" title=\"\" srcset=\"https:\/\/ibomberdefense.standardof.net\/wp-content\/uploads\/sites\/5\/2020\/10\/iBomber-Defense-Axis-Campaign-09.-North-West-Africa-On-the-Beach-3-800x450.jpg 800w, https:\/\/ibomberdefense.standardof.net\/wp-content\/uploads\/sites\/5\/2020\/10\/iBomber-Defense-Axis-Campaign-09.-North-West-Africa-On-the-Beach-3-512x288.jpg 512w, https:\/\/ibomberdefense.standardof.net\/wp-content\/uploads\/sites\/5\/2020\/10\/iBomber-Defense-Axis-Campaign-09.-North-West-Africa-On-the-Beach-3-200x113.jpg 200w, https:\/\/ibomberdefense.standardof.net\/wp-content\/uploads\/sites\/5\/2020\/10\/iBomber-Defense-Axis-Campaign-09.-North-West-Africa-On-the-Beach-3-768x432.jpg 768w, https:\/\/ibomberdefense.standardof.net\/wp-content\/uploads\/sites\/5\/2020\/10\/iBomber-Defense-Axis-Campaign-09.-North-West-Africa-On-the-Beach-3-16x9.jpg 16w, https:\/\/ibomberdefense.standardof.net\/wp-content\/uploads\/sites\/5\/2020\/10\/iBomber-Defense-Axis-Campaign-09.-North-West-Africa-On-the-Beach-3.jpg 1280w\" sizes=\"(max-width: 800px) 100vw, 800px\" \/><\/a><figcaption class=\"blocks-gallery-item__caption\">Platzierung des Revolvers der Welle 25.<\/figcaption><\/figure><\/li><\/ul><\/figure>\n\n\n\n<p>\u00dcber das urspr\u00fcngliche Konzept der Maschinengewehre hinaus sollten sich die Wellen 1 bis 15 darauf konzentrieren, 2 Inferno-T\u00fcrme so zu positionieren, dass sie die vier Hauptpfade abdecken k\u00f6nnen, um die schnellen Fahrzeuge zu verlangsamen, die bald im Level zu sehen sind. Ein paar strategisch platzierte Kanonen werden ebenfalls wichtig sein.<\/p>\n\n\n\n<p>Konzentrieren Sie sich bis zur Welle 25 des Levels darauf, 2 Kanonen des zweiten Levels auf beiden Plateaus und den richtigen Teil des baubaren Raums zu erhalten, der zwischen zwei Pfaden verl\u00e4uft. Stellen Sie sicher, dass AA bis Welle 20 hoch ist, und arbeiten Sie daran, eine X-Waffe in die Mitte einer Ihrer Turmgruppen zu bringen.<\/p>\n\n\n\n<p>Am Ende des Levels m\u00fcssen Sie zwei AA-T\u00fcrme gebaut haben, einen auf Level 3 und einen auf 1, w\u00e4hrend Sie an Ihrer zweiten X-Waffe arbeiten, nachdem Sie die erste vollst\u00e4ndig aufger\u00fcstet und verst\u00e4rkt haben. M\u00f6glicherweise m\u00fcssen Sie an dieser Stelle ein oder zwei T\u00fcrme verkaufen, um Platz f\u00fcr etwas Wichtigeres wie die zweite AA- oder X-Waffe zu schaffen. Die 6 Kanonen auf Stufe 3 zu haben, ist angesichts der mit den X-Waffen gew\u00e4hrten Kraft ziemlich ausreichend.<\/p>\n\n\n\n<div class=\"wp-block-image\"><figure class=\"aligncenter size-large\"><a href=\"https:\/\/ibomberdefense.standardof.net\/de\/guide\/achsenkampagne-2\/9-nordwest-afrika-am-strand\/ibomber-defense-axis-campaign-09-north-west-africa-on-the-beach-4\/\"><img decoding=\"async\" width=\"800\" height=\"450\" src=\"https:\/\/ibomberdefense.standardof.net\/wp-content\/uploads\/sites\/5\/2020\/10\/iBomber-Defense-Axis-Campaign-09.-North-West-Africa-On-the-Beach-4-800x450.jpg\" alt=\"&quot;iBomber Defense&quot; - Achsenkampagne - 09. Nordwestafrika - Am Strand (4)\" class=\"wp-image-111\" title=\"\" srcset=\"https:\/\/ibomberdefense.standardof.net\/wp-content\/uploads\/sites\/5\/2020\/10\/iBomber-Defense-Axis-Campaign-09.-North-West-Africa-On-the-Beach-4-800x450.jpg 800w, https:\/\/ibomberdefense.standardof.net\/wp-content\/uploads\/sites\/5\/2020\/10\/iBomber-Defense-Axis-Campaign-09.-North-West-Africa-On-the-Beach-4-512x288.jpg 512w, https:\/\/ibomberdefense.standardof.net\/wp-content\/uploads\/sites\/5\/2020\/10\/iBomber-Defense-Axis-Campaign-09.-North-West-Africa-On-the-Beach-4-200x113.jpg 200w, https:\/\/ibomberdefense.standardof.net\/wp-content\/uploads\/sites\/5\/2020\/10\/iBomber-Defense-Axis-Campaign-09.-North-West-Africa-On-the-Beach-4-768x432.jpg 768w, https:\/\/ibomberdefense.standardof.net\/wp-content\/uploads\/sites\/5\/2020\/10\/iBomber-Defense-Axis-Campaign-09.-North-West-Africa-On-the-Beach-4-16x9.jpg 16w, https:\/\/ibomberdefense.standardof.net\/wp-content\/uploads\/sites\/5\/2020\/10\/iBomber-Defense-Axis-Campaign-09.-North-West-Africa-On-the-Beach-4.jpg 1280w\" sizes=\"(max-width: 800px) 100vw, 800px\" \/><\/a><figcaption>Platzierung des Revolvers der Welle 35.<\/figcaption><\/figure><\/div>\n\n\n\n<hr class=\"wp-block-separator\"\/>\n\n\n\n<h4 class=\"has-text-align-center wp-block-heading\">Videoanleitung<\/h4>\n\n\n\n<figure class=\"wp-block-embed-youtube wp-block-embed is-type-video is-provider-youtube wp-embed-aspect-16-9 wp-has-aspect-ratio\"><div class=\"wp-block-embed__wrapper\">\n<div class=\"ast-oembed-container\" style=\"height: 100%;\"><iframe title=\"iBomber Defense - Nordwestafrika - Am Strand - Veteran + Perfekt\" width=\"500\" height=\"281\" src=\"https:\/\/www.youtube.com\/embed\/uEiGCIDFvis?feature=oembed\" frameborder=\"0\" allow=\"accelerometer; autoplay; clipboard-write; encrypted-media; gyroscope; picture-in-picture; web-share\" referrerpolicy=\"strict-origin-when-cross-origin\" allowfullscreen><\/iframe><\/div>\n<\/div><\/figure>","protected":false},"excerpt":{"rendered":"<p>The ninth mission in the Axis campaign in the video game iBomber Defense, North West Africa &#8220;On the Beach,&#8221; takes you to a desert locale for a fight against 35 waves of units. You will face primarily land units with aircraft showing up at wave 20. The enemies in this level will approach from the [&hellip;]<\/p>","protected":false},"author":1,"featured_media":111,"parent":268,"menu_order":9,"comment_status":"open","ping_status":"closed","template":"","meta":{"_uag_custom_page_level_css":"","site-sidebar-layout":"default","site-content-layout":"default","ast-site-content-layout":"","site-content-style":"default","site-sidebar-style":"default","ast-global-header-display":"","ast-banner-title-visibility":"","ast-main-header-display":"","ast-hfb-above-header-display":"","ast-hfb-below-header-display":"","ast-hfb-mobile-header-display":"","site-post-title":"","ast-breadcrumbs-content":"","ast-featured-img":"","footer-sml-layout":"","theme-transparent-header-meta":"default","adv-header-id-meta":"","stick-header-meta":"","header-above-stick-meta":"","header-main-stick-meta":"","header-below-stick-meta":"","astra-migrate-meta-layouts":"default","ast-page-background-enabled":"default","ast-page-background-meta":{"desktop":{"background-color":"","background-image":"","background-repeat":"repeat","background-position":"center center","background-size":"auto","background-attachment":"scroll","background-type":"","background-media":"","overlay-type":"","overlay-color":"","overlay-gradient":""},"tablet":{"background-color":"","background-image":"","background-repeat":"repeat","background-position":"center center","background-size":"auto","background-attachment":"scroll","background-type":"","background-media":"","overlay-type":"","overlay-color":"","overlay-gradient":""},"mobile":{"background-color":"","background-image":"","background-repeat":"repeat","background-position":"center center","background-size":"auto","background-attachment":"scroll","background-type":"","background-media":"","overlay-type":"","overlay-color":"","overlay-gradient":""}},"ast-content-background-meta":{"desktop":{"background-color":"var(--ast-global-color-5)","background-image":"","background-repeat":"repeat","background-position":"center center","background-size":"auto","background-attachment":"scroll","background-type":"","background-media":"","overlay-type":"","overlay-color":"","overlay-gradient":""},"tablet":{"background-color":"var(--ast-global-color-5)","background-image":"","background-repeat":"repeat","background-position":"center center","background-size":"auto","background-attachment":"scroll","background-type":"","background-media":"","overlay-type":"","overlay-color":"","overlay-gradient":""},"mobile":{"background-color":"var(--ast-global-color-5)","background-image":"","background-repeat":"repeat","background-position":"center center","background-size":"auto","background-attachment":"scroll","background-type":"","background-media":"","overlay-type":"","overlay-color":"","overlay-gradient":""}},"footnotes":""},"uagb_featured_image_src":{"full":["https:\/\/ibomberdefense.standardof.net\/wp-content\/uploads\/sites\/5\/2020\/10\/iBomber-Defense-Axis-Campaign-09.-North-West-Africa-On-the-Beach-4.jpg",1280,720,false],"thumbnail":["https:\/\/ibomberdefense.standardof.net\/wp-content\/uploads\/sites\/5\/2020\/10\/iBomber-Defense-Axis-Campaign-09.-North-West-Africa-On-the-Beach-4-200x113.jpg",200,113,true],"medium":["https:\/\/ibomberdefense.standardof.net\/wp-content\/uploads\/sites\/5\/2020\/10\/iBomber-Defense-Axis-Campaign-09.-North-West-Africa-On-the-Beach-4-512x288.jpg",512,288,true],"medium_large":["https:\/\/ibomberdefense.standardof.net\/wp-content\/uploads\/sites\/5\/2020\/10\/iBomber-Defense-Axis-Campaign-09.-North-West-Africa-On-the-Beach-4-768x432.jpg",768,432,true],"large":["https:\/\/ibomberdefense.standardof.net\/wp-content\/uploads\/sites\/5\/2020\/10\/iBomber-Defense-Axis-Campaign-09.-North-West-Africa-On-the-Beach-4-800x450.jpg",800,450,true],"1536x1536":["https:\/\/ibomberdefense.standardof.net\/wp-content\/uploads\/sites\/5\/2020\/10\/iBomber-Defense-Axis-Campaign-09.-North-West-Africa-On-the-Beach-4.jpg",1280,720,false],"2048x2048":["https:\/\/ibomberdefense.standardof.net\/wp-content\/uploads\/sites\/5\/2020\/10\/iBomber-Defense-Axis-Campaign-09.-North-West-Africa-On-the-Beach-4.jpg",1280,720,false],"trp-custom-language-flag":["https:\/\/ibomberdefense.standardof.net\/wp-content\/uploads\/sites\/5\/2020\/10\/iBomber-Defense-Axis-Campaign-09.-North-West-Africa-On-the-Beach-4-16x9.jpg",16,9,true]},"uagb_author_info":{"display_name":"SOE","author_link":"https:\/\/ibomberdefense.standardof.net\/de\/author\/k-tastic\/"},"uagb_comment_info":0,"uagb_excerpt":"The ninth mission in the Axis campaign in the video game iBomber Defense, North West Africa &#8220;On the Beach,&#8221; takes you to a desert locale for a fight against 35 waves of units. You will face primarily land units with aircraft showing up at wave 20. The enemies in this level will approach from the&hellip;","_links":{"self":[{"href":"https:\/\/ibomberdefense.standardof.net\/de\/wp-json\/wp\/v2\/pages\/344"}],"collection":[{"href":"https:\/\/ibomberdefense.standardof.net\/de\/wp-json\/wp\/v2\/pages"}],"about":[{"href":"https:\/\/ibomberdefense.standardof.net\/de\/wp-json\/wp\/v2\/types\/page"}],"author":[{"embeddable":true,"href":"https:\/\/ibomberdefense.standardof.net\/de\/wp-json\/wp\/v2\/users\/1"}],"replies":[{"embeddable":true,"href":"https:\/\/ibomberdefense.standardof.net\/de\/wp-json\/wp\/v2\/comments?post=344"}],"version-history":[{"count":0,"href":"https:\/\/ibomberdefense.standardof.net\/de\/wp-json\/wp\/v2\/pages\/344\/revisions"}],"up":[{"embeddable":true,"href":"https:\/\/ibomberdefense.standardof.net\/de\/wp-json\/wp\/v2\/pages\/268"}],"wp:featuredmedia":[{"embeddable":true,"href":"https:\/\/ibomberdefense.standardof.net\/de\/wp-json\/wp\/v2\/media\/111"}],"wp:attachment":[{"href":"https:\/\/ibomberdefense.standardof.net\/de\/wp-json\/wp\/v2\/media?parent=344"}],"curies":[{"name":"wp","href":"https:\/\/api.w.org\/{rel}","templated":true}]}}