{"id":345,"date":"2020-10-19T07:40:13","date_gmt":"2020-10-19T07:40:13","guid":{"rendered":"https:\/\/ibomberdefense.standardof.net\/?page_id=345"},"modified":"2020-10-19T08:04:24","modified_gmt":"2020-10-19T08:04:24","slug":"10-southern-europe-trident","status":"publish","type":"page","link":"https:\/\/ibomberdefense.standardof.net\/de\/guide\/achsenkampagne-2\/10-sudeuropa-dreizack\/","title":{"rendered":"10. S\u00fcdeuropa: Dreizack"},"content":{"rendered":"<div class=\"wp-block-image\"><figure class=\"aligncenter size-large\"><a href=\"https:\/\/ibomberdefense.standardof.net\/de\/guide\/achsenkampagne-2\/10-sudeuropa-dreizack\/ibomber-defense-axis-campaign-10-southern-europe-trident-1\/\"><img decoding=\"async\" width=\"800\" height=\"450\" src=\"https:\/\/ibomberdefense.standardof.net\/wp-content\/uploads\/sites\/5\/2020\/10\/iBomber-Defense-Axis-Campaign-10.-Southern-Europe-Trident-1-800x450.jpg\" alt=\"&quot;iBomber Defense&quot; - Achsenkampagne - 10. S\u00fcdeuropa - Dreizack (1)\" class=\"wp-image-112\" title=\"\" srcset=\"https:\/\/ibomberdefense.standardof.net\/wp-content\/uploads\/sites\/5\/2020\/10\/iBomber-Defense-Axis-Campaign-10.-Southern-Europe-Trident-1-800x450.jpg 800w, https:\/\/ibomberdefense.standardof.net\/wp-content\/uploads\/sites\/5\/2020\/10\/iBomber-Defense-Axis-Campaign-10.-Southern-Europe-Trident-1-512x288.jpg 512w, https:\/\/ibomberdefense.standardof.net\/wp-content\/uploads\/sites\/5\/2020\/10\/iBomber-Defense-Axis-Campaign-10.-Southern-Europe-Trident-1-200x113.jpg 200w, https:\/\/ibomberdefense.standardof.net\/wp-content\/uploads\/sites\/5\/2020\/10\/iBomber-Defense-Axis-Campaign-10.-Southern-Europe-Trident-1-768x432.jpg 768w, https:\/\/ibomberdefense.standardof.net\/wp-content\/uploads\/sites\/5\/2020\/10\/iBomber-Defense-Axis-Campaign-10.-Southern-Europe-Trident-1-16x9.jpg 16w, https:\/\/ibomberdefense.standardof.net\/wp-content\/uploads\/sites\/5\/2020\/10\/iBomber-Defense-Axis-Campaign-10.-Southern-Europe-Trident-1.jpg 1280w\" sizes=\"(max-width: 800px) 100vw, 800px\" \/><\/a><figcaption>Route der ankommenden Feinde in S\u00fcdeuropa &quot;Trident&quot; mit blau gezeichneten Flugzeugen.<\/figcaption><\/figure><\/div>\n\n\n\n<p>In S\u00fcdeuropa \u201eTrident\u201c, der zehnten Ebene der Achsenkampagne, kehren Sie wieder zu einem vertrauten Boden zur\u00fcck. Anders als beim letzten Mal, als Sie auf dieser Karte gespielt haben, sind die Dinge besonders stark verschneit. Noch wichtiger ist jedoch, dass der zus\u00e4tzliche Pfad f\u00fcr alliierte Gegenangriffe von Anfang an offen ist. In diesem Level stehen 40 Wellen von Bodeneinheiten gegen\u00fcber, wobei Flugzeuge auf Welle 19 eintreffen.<\/p>\n\n\n\n<p>Die Platzierung des Turms sollte sich auf zwei gro\u00dfe Feuerbasen konzentrieren, eine im Norden und eine im S\u00fcden entlang der rot \/ orange und gr\u00fcn \/ gelb konvergierten Pfade, um die Effektivit\u00e4t zu maximieren. Ein oder zwei T\u00fcrme, die durch den gelb \/ orangefarbenen Spalt platziert wurden, k\u00f6nnen sich auf Anhieb lohnen, verlieren aber sp\u00e4ter an Wirksamkeit. Das zentrale Hochland ist perfekt f\u00fcr eine Kanone auf dem Feld ganz links, eine X-Waffe daneben und etwas Luftabwehr, um das feindliche Flugzeug zu stoppen.<\/p>\n\n\n\n<h3 class=\"wp-block-heading\"><strong>Revolverplatzierung:<\/strong><\/h3>\n\n\n\n<figure class=\"wp-block-gallery columns-2 is-cropped wp-block-gallery-1 is-layout-flex wp-block-gallery-is-layout-flex\"><ul class=\"blocks-gallery-grid\"><li class=\"blocks-gallery-item\"><figure><a href=\"https:\/\/ibomberdefense.standardof.net\/de\/guide\/achsenkampagne-2\/10-sudeuropa-dreizack\/ibomber-defense-axis-campaign-10-southern-europe-trident-2\/\"><img decoding=\"async\" width=\"800\" height=\"450\" src=\"https:\/\/ibomberdefense.standardof.net\/wp-content\/uploads\/sites\/5\/2020\/10\/iBomber-Defense-Axis-Campaign-10.-Southern-Europe-Trident-2-800x450.jpg\" alt=\"&quot;iBomber Defense&quot; - Achsenkampagne - 10. S\u00fcdeuropa - Dreizack (2)\" data-id=\"113\" data-full-url=\"https:\/\/ibomberdefense.standardof.net\/wp-content\/uploads\/sites\/5\/2020\/10\/iBomber-Defense-Axis-Campaign-10.-Southern-Europe-Trident-2.jpg\" data-link=\"https:\/\/ibomberdefense.standardof.net\/guide\/axis-campaign\/10-southern-europe-trident\/ibomber-defense-axis-campaign-10-southern-europe-trident-2\/\" class=\"wp-image-113\" title=\"\" srcset=\"https:\/\/ibomberdefense.standardof.net\/wp-content\/uploads\/sites\/5\/2020\/10\/iBomber-Defense-Axis-Campaign-10.-Southern-Europe-Trident-2-800x450.jpg 800w, https:\/\/ibomberdefense.standardof.net\/wp-content\/uploads\/sites\/5\/2020\/10\/iBomber-Defense-Axis-Campaign-10.-Southern-Europe-Trident-2-512x288.jpg 512w, https:\/\/ibomberdefense.standardof.net\/wp-content\/uploads\/sites\/5\/2020\/10\/iBomber-Defense-Axis-Campaign-10.-Southern-Europe-Trident-2-200x113.jpg 200w, https:\/\/ibomberdefense.standardof.net\/wp-content\/uploads\/sites\/5\/2020\/10\/iBomber-Defense-Axis-Campaign-10.-Southern-Europe-Trident-2-768x432.jpg 768w, https:\/\/ibomberdefense.standardof.net\/wp-content\/uploads\/sites\/5\/2020\/10\/iBomber-Defense-Axis-Campaign-10.-Southern-Europe-Trident-2-16x9.jpg 16w, https:\/\/ibomberdefense.standardof.net\/wp-content\/uploads\/sites\/5\/2020\/10\/iBomber-Defense-Axis-Campaign-10.-Southern-Europe-Trident-2.jpg 1280w\" sizes=\"(max-width: 800px) 100vw, 800px\" \/><\/a><figcaption class=\"blocks-gallery-item__caption\">Platzierung des Revolvers der Welle 10.<\/figcaption><\/figure><\/li><li class=\"blocks-gallery-item\"><figure><a href=\"https:\/\/ibomberdefense.standardof.net\/de\/guide\/achsenkampagne-2\/10-sudeuropa-dreizack\/ibomber-defense-axis-campaign-10-southern-europe-trident-3\/\"><img decoding=\"async\" width=\"800\" height=\"450\" src=\"https:\/\/ibomberdefense.standardof.net\/wp-content\/uploads\/sites\/5\/2020\/10\/iBomber-Defense-Axis-Campaign-10.-Southern-Europe-Trident-3-800x450.jpg\" alt=\"&quot;iBomber Defense&quot; - Achsenkampagne - 10. S\u00fcdeuropa - Dreizack (3)\" data-id=\"114\" data-full-url=\"https:\/\/ibomberdefense.standardof.net\/wp-content\/uploads\/sites\/5\/2020\/10\/iBomber-Defense-Axis-Campaign-10.-Southern-Europe-Trident-3.jpg\" data-link=\"https:\/\/ibomberdefense.standardof.net\/guide\/axis-campaign\/10-southern-europe-trident\/ibomber-defense-axis-campaign-10-southern-europe-trident-3\/\" class=\"wp-image-114\" title=\"\" srcset=\"https:\/\/ibomberdefense.standardof.net\/wp-content\/uploads\/sites\/5\/2020\/10\/iBomber-Defense-Axis-Campaign-10.-Southern-Europe-Trident-3-800x450.jpg 800w, https:\/\/ibomberdefense.standardof.net\/wp-content\/uploads\/sites\/5\/2020\/10\/iBomber-Defense-Axis-Campaign-10.-Southern-Europe-Trident-3-512x288.jpg 512w, https:\/\/ibomberdefense.standardof.net\/wp-content\/uploads\/sites\/5\/2020\/10\/iBomber-Defense-Axis-Campaign-10.-Southern-Europe-Trident-3-200x113.jpg 200w, https:\/\/ibomberdefense.standardof.net\/wp-content\/uploads\/sites\/5\/2020\/10\/iBomber-Defense-Axis-Campaign-10.-Southern-Europe-Trident-3-768x432.jpg 768w, https:\/\/ibomberdefense.standardof.net\/wp-content\/uploads\/sites\/5\/2020\/10\/iBomber-Defense-Axis-Campaign-10.-Southern-Europe-Trident-3-16x9.jpg 16w, https:\/\/ibomberdefense.standardof.net\/wp-content\/uploads\/sites\/5\/2020\/10\/iBomber-Defense-Axis-Campaign-10.-Southern-Europe-Trident-3.jpg 1280w\" sizes=\"(max-width: 800px) 100vw, 800px\" \/><\/a><figcaption class=\"blocks-gallery-item__caption\">Platzierung des Revolvers der Welle 20.<\/figcaption><\/figure><\/li><\/ul><\/figure>\n\n\n\n<p>Der Lauf bis zur Welle 10 sollte sich darauf konzentrieren, Ihre erste Handvoll T\u00fcrme entlang der rot \/ orange und gelb \/ gr\u00fcnen Pfade zu bringen, wobei einer rechts positioniert ist, wenn der Bot vor der Basis verschmilzt. Auf dem Bild rechts befindet sich ein Turm auf dem gelb \/ orangefarbenen Spalt, der jedoch sp\u00e4ter verkauft wird.<\/p>\n\n\n\n<p>Wenn Sie zu Welle 20 \u00fcbergehen, sollten Sie sich darauf konzentrieren, alle Upgrades der Maschinengewehre abzuschlie\u00dfen, und dann einen Inferno-Turm auf die Konvergenzpunkte von Gelb \/ Gr\u00fcn und Orange \/ Rot kleben, um Ihre anderen Waffen zu unterst\u00fctzen. Kanonen, die auf dem \u00e4u\u00dfersten linken Platz der Anh\u00f6he und in der N\u00e4he der Basis platziert sind, k\u00f6nnen bis zu einem gewissen Grad alle Pfade abdecken. Versuchen Sie also, einige Level 1 um diese Punkte herum zu erreichen. Es wird ein AA-Turm ben\u00f6tigt, der vorzugsweise 2 Felder rechts von der Hochbodenkanone vor Welle 19 platziert ist. Dieser Zwischenraum wird sp\u00e4ter f\u00fcr eine X-Waffe frei.<\/p>\n\n\n\n<p>In Richtung Welle 30 m\u00f6chten Sie diese X-Waffe auf der Anh\u00f6he an der zuvor genannten Stelle bauen, w\u00e4hrend Sie auf einen zweiten AA-Turm daneben hinarbeiten. Dar\u00fcber hinaus ist es am besten, insgesamt 7 Kanonen auf ihrer zweiten Ebene zu haben, die auf einer Anh\u00f6he und 3 auf jeder Feuerbasis auf der Nord- und S\u00fcdseite in der N\u00e4he Ihrer Hauptbasis.<\/p>\n\n\n\n<p>Die letzte Strecke zu Welle 40 sollte zwei vollst\u00e4ndig verbesserte und verst\u00e4rkte X-Waffen beinhalten, wobei die zweite an einer Stelle neben den zuvor erw\u00e4hnten Kanonen nahe Ihrer Hauptbasis platziert wird, damit sie auch alle eingehenden Pfade treffen kann. Vollst\u00e4ndig aufger\u00fcstete Inferno-T\u00fcrme werden eine lohnende Investition sein, aber immer noch nur die beiden, die fr\u00fch platziert wurden.<\/p>\n\n\n\n<figure class=\"wp-block-gallery columns-2 is-cropped wp-block-gallery-2 is-layout-flex wp-block-gallery-is-layout-flex\"><ul class=\"blocks-gallery-grid\"><li class=\"blocks-gallery-item\"><figure><a href=\"https:\/\/ibomberdefense.standardof.net\/de\/guide\/achsenkampagne-2\/10-sudeuropa-dreizack\/ibomber-defense-axis-campaign-10-southern-europe-trident-4\/\"><img decoding=\"async\" width=\"800\" height=\"450\" src=\"https:\/\/ibomberdefense.standardof.net\/wp-content\/uploads\/sites\/5\/2020\/10\/iBomber-Defense-Axis-Campaign-10.-Southern-Europe-Trident-4-800x450.jpg\" alt=\"&quot;iBomber Defense&quot; - Achsenkampagne - 10. S\u00fcdeuropa - Dreizack (4)\" data-id=\"115\" data-full-url=\"https:\/\/ibomberdefense.standardof.net\/wp-content\/uploads\/sites\/5\/2020\/10\/iBomber-Defense-Axis-Campaign-10.-Southern-Europe-Trident-4.jpg\" data-link=\"https:\/\/ibomberdefense.standardof.net\/guide\/axis-campaign\/10-southern-europe-trident\/ibomber-defense-axis-campaign-10-southern-europe-trident-4\/\" class=\"wp-image-115\" title=\"\" srcset=\"https:\/\/ibomberdefense.standardof.net\/wp-content\/uploads\/sites\/5\/2020\/10\/iBomber-Defense-Axis-Campaign-10.-Southern-Europe-Trident-4-800x450.jpg 800w, https:\/\/ibomberdefense.standardof.net\/wp-content\/uploads\/sites\/5\/2020\/10\/iBomber-Defense-Axis-Campaign-10.-Southern-Europe-Trident-4-512x288.jpg 512w, https:\/\/ibomberdefense.standardof.net\/wp-content\/uploads\/sites\/5\/2020\/10\/iBomber-Defense-Axis-Campaign-10.-Southern-Europe-Trident-4-200x113.jpg 200w, https:\/\/ibomberdefense.standardof.net\/wp-content\/uploads\/sites\/5\/2020\/10\/iBomber-Defense-Axis-Campaign-10.-Southern-Europe-Trident-4-768x432.jpg 768w, https:\/\/ibomberdefense.standardof.net\/wp-content\/uploads\/sites\/5\/2020\/10\/iBomber-Defense-Axis-Campaign-10.-Southern-Europe-Trident-4-16x9.jpg 16w, https:\/\/ibomberdefense.standardof.net\/wp-content\/uploads\/sites\/5\/2020\/10\/iBomber-Defense-Axis-Campaign-10.-Southern-Europe-Trident-4.jpg 1280w\" sizes=\"(max-width: 800px) 100vw, 800px\" \/><\/a><figcaption class=\"blocks-gallery-item__caption\">Platzierung des Revolvers der Welle 30.<\/figcaption><\/figure><\/li><li class=\"blocks-gallery-item\"><figure><a href=\"https:\/\/ibomberdefense.standardof.net\/de\/guide\/achsenkampagne-2\/10-sudeuropa-dreizack\/ibomber-defense-axis-campaign-10-southern-europe-trident-5\/\"><img decoding=\"async\" width=\"800\" height=\"450\" src=\"https:\/\/ibomberdefense.standardof.net\/wp-content\/uploads\/sites\/5\/2020\/10\/iBomber-Defense-Axis-Campaign-10.-Southern-Europe-Trident-5-800x450.jpg\" alt=\"&quot;iBomber Defense&quot; - Achsenkampagne - 10. S\u00fcdeuropa - Dreizack (5)\" data-id=\"116\" data-full-url=\"https:\/\/ibomberdefense.standardof.net\/wp-content\/uploads\/sites\/5\/2020\/10\/iBomber-Defense-Axis-Campaign-10.-Southern-Europe-Trident-5.jpg\" data-link=\"https:\/\/ibomberdefense.standardof.net\/guide\/axis-campaign\/10-southern-europe-trident\/ibomber-defense-axis-campaign-10-southern-europe-trident-5\/\" class=\"wp-image-116\" title=\"\" srcset=\"https:\/\/ibomberdefense.standardof.net\/wp-content\/uploads\/sites\/5\/2020\/10\/iBomber-Defense-Axis-Campaign-10.-Southern-Europe-Trident-5-800x450.jpg 800w, https:\/\/ibomberdefense.standardof.net\/wp-content\/uploads\/sites\/5\/2020\/10\/iBomber-Defense-Axis-Campaign-10.-Southern-Europe-Trident-5-512x288.jpg 512w, https:\/\/ibomberdefense.standardof.net\/wp-content\/uploads\/sites\/5\/2020\/10\/iBomber-Defense-Axis-Campaign-10.-Southern-Europe-Trident-5-200x113.jpg 200w, https:\/\/ibomberdefense.standardof.net\/wp-content\/uploads\/sites\/5\/2020\/10\/iBomber-Defense-Axis-Campaign-10.-Southern-Europe-Trident-5-768x432.jpg 768w, https:\/\/ibomberdefense.standardof.net\/wp-content\/uploads\/sites\/5\/2020\/10\/iBomber-Defense-Axis-Campaign-10.-Southern-Europe-Trident-5-16x9.jpg 16w, https:\/\/ibomberdefense.standardof.net\/wp-content\/uploads\/sites\/5\/2020\/10\/iBomber-Defense-Axis-Campaign-10.-Southern-Europe-Trident-5.jpg 1280w\" sizes=\"(max-width: 800px) 100vw, 800px\" \/><\/a><figcaption class=\"blocks-gallery-item__caption\">Platzierung des Revolvers der Welle 40.<\/figcaption><\/figure><\/li><\/ul><\/figure>\n\n\n\n<hr class=\"wp-block-separator\"\/>\n\n\n\n<h4 class=\"has-text-align-center wp-block-heading\">Videoanleitung<\/h4>\n\n\n\n<figure class=\"wp-block-embed-youtube wp-block-embed is-type-video is-provider-youtube wp-embed-aspect-16-9 wp-has-aspect-ratio\"><div class=\"wp-block-embed__wrapper\">\n<div class=\"ast-oembed-container\" style=\"height: 100%;\"><iframe title=\"iBomber Defense - S\u00fcdeuropa - Dreizack - Veteran + Perfekt\" width=\"500\" height=\"281\" src=\"https:\/\/www.youtube.com\/embed\/Cfi7BQTlWOM?feature=oembed\" frameborder=\"0\" allow=\"accelerometer; autoplay; clipboard-write; encrypted-media; gyroscope; picture-in-picture; web-share\" referrerpolicy=\"strict-origin-when-cross-origin\" allowfullscreen><\/iframe><\/div>\n<\/div><\/figure>","protected":false},"excerpt":{"rendered":"<p>In Southern Europe &#8220;Trident,\u201d the tenth level in the Axis campaign, you return once again to some familiar ground. Unlike the previous time you played on this map, things have gotten particularly more snowed over. But more importantly, the Allied counterattack extra path is open from the get go. There are 40 waves of ground [&hellip;]<\/p>","protected":false},"author":1,"featured_media":116,"parent":268,"menu_order":10,"comment_status":"open","ping_status":"closed","template":"","meta":{"_uag_custom_page_level_css":"","site-sidebar-layout":"default","site-content-layout":"default","ast-site-content-layout":"","site-content-style":"default","site-sidebar-style":"default","ast-global-header-display":"","ast-banner-title-visibility":"","ast-main-header-display":"","ast-hfb-above-header-display":"","ast-hfb-below-header-display":"","ast-hfb-mobile-header-display":"","site-post-title":"","ast-breadcrumbs-content":"","ast-featured-img":"","footer-sml-layout":"","theme-transparent-header-meta":"default","adv-header-id-meta":"","stick-header-meta":"","header-above-stick-meta":"","header-main-stick-meta":"","header-below-stick-meta":"","astra-migrate-meta-layouts":"default","ast-page-background-enabled":"default","ast-page-background-meta":{"desktop":{"background-color":"","background-image":"","background-repeat":"repeat","background-position":"center center","background-size":"auto","background-attachment":"scroll","background-type":"","background-media":"","overlay-type":"","overlay-color":"","overlay-gradient":""},"tablet":{"background-color":"","background-image":"","background-repeat":"repeat","background-position":"center center","background-size":"auto","background-attachment":"scroll","background-type":"","background-media":"","overlay-type":"","overlay-color":"","overlay-gradient":""},"mobile":{"background-color":"","background-image":"","background-repeat":"repeat","background-position":"center center","background-size":"auto","background-attachment":"scroll","background-type":"","background-media":"","overlay-type":"","overlay-color":"","overlay-gradient":""}},"ast-content-background-meta":{"desktop":{"background-color":"var(--ast-global-color-5)","background-image":"","background-repeat":"repeat","background-position":"center center","background-size":"auto","background-attachment":"scroll","background-type":"","background-media":"","overlay-type":"","overlay-color":"","overlay-gradient":""},"tablet":{"background-color":"var(--ast-global-color-5)","background-image":"","background-repeat":"repeat","background-position":"center center","background-size":"auto","background-attachment":"scroll","background-type":"","background-media":"","overlay-type":"","overlay-color":"","overlay-gradient":""},"mobile":{"background-color":"var(--ast-global-color-5)","background-image":"","background-repeat":"repeat","background-position":"center center","background-size":"auto","background-attachment":"scroll","background-type":"","background-media":"","overlay-type":"","overlay-color":"","overlay-gradient":""}},"footnotes":""},"uagb_featured_image_src":{"full":["https:\/\/ibomberdefense.standardof.net\/wp-content\/uploads\/sites\/5\/2020\/10\/iBomber-Defense-Axis-Campaign-10.-Southern-Europe-Trident-5.jpg",1280,720,false],"thumbnail":["https:\/\/ibomberdefense.standardof.net\/wp-content\/uploads\/sites\/5\/2020\/10\/iBomber-Defense-Axis-Campaign-10.-Southern-Europe-Trident-5-200x113.jpg",200,113,true],"medium":["https:\/\/ibomberdefense.standardof.net\/wp-content\/uploads\/sites\/5\/2020\/10\/iBomber-Defense-Axis-Campaign-10.-Southern-Europe-Trident-5-512x288.jpg",512,288,true],"medium_large":["https:\/\/ibomberdefense.standardof.net\/wp-content\/uploads\/sites\/5\/2020\/10\/iBomber-Defense-Axis-Campaign-10.-Southern-Europe-Trident-5-768x432.jpg",768,432,true],"large":["https:\/\/ibomberdefense.standardof.net\/wp-content\/uploads\/sites\/5\/2020\/10\/iBomber-Defense-Axis-Campaign-10.-Southern-Europe-Trident-5-800x450.jpg",800,450,true],"1536x1536":["https:\/\/ibomberdefense.standardof.net\/wp-content\/uploads\/sites\/5\/2020\/10\/iBomber-Defense-Axis-Campaign-10.-Southern-Europe-Trident-5.jpg",1280,720,false],"2048x2048":["https:\/\/ibomberdefense.standardof.net\/wp-content\/uploads\/sites\/5\/2020\/10\/iBomber-Defense-Axis-Campaign-10.-Southern-Europe-Trident-5.jpg",1280,720,false],"trp-custom-language-flag":["https:\/\/ibomberdefense.standardof.net\/wp-content\/uploads\/sites\/5\/2020\/10\/iBomber-Defense-Axis-Campaign-10.-Southern-Europe-Trident-5-16x9.jpg",16,9,true]},"uagb_author_info":{"display_name":"SOE","author_link":"https:\/\/ibomberdefense.standardof.net\/de\/author\/k-tastic\/"},"uagb_comment_info":0,"uagb_excerpt":"In Southern Europe &#8220;Trident,\u201d the tenth level in the Axis campaign, you return once again to some familiar ground. Unlike the previous time you played on this map, things have gotten particularly more snowed over. But more importantly, the Allied counterattack extra path is open from the get go. There are 40 waves of ground&hellip;","_links":{"self":[{"href":"https:\/\/ibomberdefense.standardof.net\/de\/wp-json\/wp\/v2\/pages\/345"}],"collection":[{"href":"https:\/\/ibomberdefense.standardof.net\/de\/wp-json\/wp\/v2\/pages"}],"about":[{"href":"https:\/\/ibomberdefense.standardof.net\/de\/wp-json\/wp\/v2\/types\/page"}],"author":[{"embeddable":true,"href":"https:\/\/ibomberdefense.standardof.net\/de\/wp-json\/wp\/v2\/users\/1"}],"replies":[{"embeddable":true,"href":"https:\/\/ibomberdefense.standardof.net\/de\/wp-json\/wp\/v2\/comments?post=345"}],"version-history":[{"count":0,"href":"https:\/\/ibomberdefense.standardof.net\/de\/wp-json\/wp\/v2\/pages\/345\/revisions"}],"up":[{"embeddable":true,"href":"https:\/\/ibomberdefense.standardof.net\/de\/wp-json\/wp\/v2\/pages\/268"}],"wp:featuredmedia":[{"embeddable":true,"href":"https:\/\/ibomberdefense.standardof.net\/de\/wp-json\/wp\/v2\/media\/116"}],"wp:attachment":[{"href":"https:\/\/ibomberdefense.standardof.net\/de\/wp-json\/wp\/v2\/media?parent=345"}],"curies":[{"name":"wp","href":"https:\/\/api.w.org\/{rel}","templated":true}]}}