{"id":346,"date":"2020-10-19T07:40:37","date_gmt":"2020-10-19T07:40:37","guid":{"rendered":"https:\/\/ibomberdefense.standardof.net\/?page_id=346"},"modified":"2020-10-19T08:04:29","modified_gmt":"2020-10-19T08:04:29","slug":"11-western-europe-cross-of-iron","status":"publish","type":"page","link":"https:\/\/ibomberdefense.standardof.net\/de\/guide\/achsenkampagne-2\/11-westeuropa-eisenkreuz-2\/","title":{"rendered":"11. Westeuropa: Kreuz aus Eisen"},"content":{"rendered":"<div class=\"wp-block-image\"><figure class=\"aligncenter size-large\"><a href=\"https:\/\/ibomberdefense.standardof.net\/de\/guide\/achsenkampagne-2\/11-westeuropa-eisenkreuz-2\/ibomber-defense-axis-campaign-11-western-europe-cross-of-iron-1\/\"><img decoding=\"async\" width=\"800\" height=\"450\" src=\"https:\/\/ibomberdefense.standardof.net\/wp-content\/uploads\/sites\/5\/2020\/10\/iBomber-Defense-Axis-Campaign-11.-Western-Europe-Cross-of-Iron-1-800x450.jpg\" alt=\"&quot;iBomber Defense&quot; - Achsenkampagne - 11. Westeuropa - Kreuz aus Eisen (1)\" class=\"wp-image-117\" title=\"\" srcset=\"https:\/\/ibomberdefense.standardof.net\/wp-content\/uploads\/sites\/5\/2020\/10\/iBomber-Defense-Axis-Campaign-11.-Western-Europe-Cross-of-Iron-1-800x450.jpg 800w, https:\/\/ibomberdefense.standardof.net\/wp-content\/uploads\/sites\/5\/2020\/10\/iBomber-Defense-Axis-Campaign-11.-Western-Europe-Cross-of-Iron-1-512x288.jpg 512w, https:\/\/ibomberdefense.standardof.net\/wp-content\/uploads\/sites\/5\/2020\/10\/iBomber-Defense-Axis-Campaign-11.-Western-Europe-Cross-of-Iron-1-200x113.jpg 200w, https:\/\/ibomberdefense.standardof.net\/wp-content\/uploads\/sites\/5\/2020\/10\/iBomber-Defense-Axis-Campaign-11.-Western-Europe-Cross-of-Iron-1-768x432.jpg 768w, https:\/\/ibomberdefense.standardof.net\/wp-content\/uploads\/sites\/5\/2020\/10\/iBomber-Defense-Axis-Campaign-11.-Western-Europe-Cross-of-Iron-1-16x9.jpg 16w, https:\/\/ibomberdefense.standardof.net\/wp-content\/uploads\/sites\/5\/2020\/10\/iBomber-Defense-Axis-Campaign-11.-Western-Europe-Cross-of-Iron-1.jpg 1280w\" sizes=\"(max-width: 800px) 100vw, 800px\" \/><\/a><figcaption>Routen feindlicher Einheiten in der iBomber-Verteidigung, Achsenkampagnenebene Westeuropa \u201eCross of Iron\u201c. Blauer Weg ist f\u00fcr Flugzeuge.<\/figcaption><\/figure><\/div>\n\n\n\n<p>Level 11 der Achsenkampagne in <em>iBomber Defense<\/em> findet in Westeuropa statt und tritt f\u00fcr 45 Wellen gegen drei Hauptpfade von Bodeneinheiten an. Einheiten, die vom roten Pfad kommen, k\u00f6nnen beim Erreichen der rechts abgebildeten Teilung tats\u00e4chlich einen von drei Unterpfaden nehmen, bevor sie kurz vor der Basis wieder zusammengef\u00fchrt werden. Zu Beginn der Welle 24 werden Flugzeuge eintreffen, um sich dem Kampf anzuschlie\u00dfen.<\/p>\n\n\n\n<p>Die Platzierung des Turms konzentriert sich zun\u00e4chst auf das Ausf\u00fcllen der R\u00e4ume in der Mitte des Kreises, die durch das Teilen und anschlie\u00dfende Zusammenf\u00fchren des roten Pfads sowie durch das anschlie\u00dfende Verbinden von Orange und Gelb entstehen. Von dort aus wird es ausgebreitet, um die 3 Plateaus im Westen zu besetzen, sobald dieser erste Teil ausreichend eingerichtet ist.<\/p>\n\n\n\n<h3 class=\"wp-block-heading\"><strong>Revolverplatzierung:<\/strong><\/h3>\n\n\n\n<figure class=\"wp-block-gallery columns-2 is-cropped wp-block-gallery-1 is-layout-flex wp-block-gallery-is-layout-flex\"><ul class=\"blocks-gallery-grid\"><li class=\"blocks-gallery-item\"><figure><a href=\"https:\/\/ibomberdefense.standardof.net\/de\/guide\/achsenkampagne-2\/11-westeuropa-eisenkreuz-2\/ibomber-defense-axis-campaign-11-western-europe-cross-of-iron-2\/\"><img decoding=\"async\" width=\"800\" height=\"450\" src=\"https:\/\/ibomberdefense.standardof.net\/wp-content\/uploads\/sites\/5\/2020\/10\/iBomber-Defense-Axis-Campaign-11.-Western-Europe-Cross-of-Iron-2-800x450.jpg\" alt=\"&quot;iBomber Defense&quot; - Achsenkampagne - 11. Westeuropa - Kreuz aus Eisen (2)\" data-id=\"118\" data-full-url=\"https:\/\/ibomberdefense.standardof.net\/wp-content\/uploads\/sites\/5\/2020\/10\/iBomber-Defense-Axis-Campaign-11.-Western-Europe-Cross-of-Iron-2.jpg\" data-link=\"https:\/\/ibomberdefense.standardof.net\/guide\/axis-campaign\/11-western-europe-cross-of-iron\/ibomber-defense-axis-campaign-11-western-europe-cross-of-iron-2\/\" class=\"wp-image-118\" title=\"\" srcset=\"https:\/\/ibomberdefense.standardof.net\/wp-content\/uploads\/sites\/5\/2020\/10\/iBomber-Defense-Axis-Campaign-11.-Western-Europe-Cross-of-Iron-2-800x450.jpg 800w, https:\/\/ibomberdefense.standardof.net\/wp-content\/uploads\/sites\/5\/2020\/10\/iBomber-Defense-Axis-Campaign-11.-Western-Europe-Cross-of-Iron-2-512x288.jpg 512w, https:\/\/ibomberdefense.standardof.net\/wp-content\/uploads\/sites\/5\/2020\/10\/iBomber-Defense-Axis-Campaign-11.-Western-Europe-Cross-of-Iron-2-200x113.jpg 200w, https:\/\/ibomberdefense.standardof.net\/wp-content\/uploads\/sites\/5\/2020\/10\/iBomber-Defense-Axis-Campaign-11.-Western-Europe-Cross-of-Iron-2-768x432.jpg 768w, https:\/\/ibomberdefense.standardof.net\/wp-content\/uploads\/sites\/5\/2020\/10\/iBomber-Defense-Axis-Campaign-11.-Western-Europe-Cross-of-Iron-2-16x9.jpg 16w, https:\/\/ibomberdefense.standardof.net\/wp-content\/uploads\/sites\/5\/2020\/10\/iBomber-Defense-Axis-Campaign-11.-Western-Europe-Cross-of-Iron-2.jpg 1280w\" sizes=\"(max-width: 800px) 100vw, 800px\" \/><\/a><figcaption class=\"blocks-gallery-item__caption\">Platzierung des Revolvers der Welle 10.<\/figcaption><\/figure><\/li><li class=\"blocks-gallery-item\"><figure><a href=\"https:\/\/ibomberdefense.standardof.net\/de\/guide\/achsenkampagne-2\/11-westeuropa-eisenkreuz-2\/ibomber-defense-axis-campaign-11-western-europe-cross-of-iron-3\/\"><img decoding=\"async\" width=\"800\" height=\"450\" src=\"https:\/\/ibomberdefense.standardof.net\/wp-content\/uploads\/sites\/5\/2020\/10\/iBomber-Defense-Axis-Campaign-11.-Western-Europe-Cross-of-Iron-3-800x450.jpg\" alt=\"&quot;iBomber Defense&quot; - Achsenkampagne - 11. Westeuropa - Kreuz aus Eisen (3)\" data-id=\"119\" data-full-url=\"https:\/\/ibomberdefense.standardof.net\/wp-content\/uploads\/sites\/5\/2020\/10\/iBomber-Defense-Axis-Campaign-11.-Western-Europe-Cross-of-Iron-3.jpg\" data-link=\"https:\/\/ibomberdefense.standardof.net\/guide\/axis-campaign\/11-western-europe-cross-of-iron\/ibomber-defense-axis-campaign-11-western-europe-cross-of-iron-3\/\" class=\"wp-image-119\" title=\"\" srcset=\"https:\/\/ibomberdefense.standardof.net\/wp-content\/uploads\/sites\/5\/2020\/10\/iBomber-Defense-Axis-Campaign-11.-Western-Europe-Cross-of-Iron-3-800x450.jpg 800w, https:\/\/ibomberdefense.standardof.net\/wp-content\/uploads\/sites\/5\/2020\/10\/iBomber-Defense-Axis-Campaign-11.-Western-Europe-Cross-of-Iron-3-512x288.jpg 512w, https:\/\/ibomberdefense.standardof.net\/wp-content\/uploads\/sites\/5\/2020\/10\/iBomber-Defense-Axis-Campaign-11.-Western-Europe-Cross-of-Iron-3-200x113.jpg 200w, https:\/\/ibomberdefense.standardof.net\/wp-content\/uploads\/sites\/5\/2020\/10\/iBomber-Defense-Axis-Campaign-11.-Western-Europe-Cross-of-Iron-3-768x432.jpg 768w, https:\/\/ibomberdefense.standardof.net\/wp-content\/uploads\/sites\/5\/2020\/10\/iBomber-Defense-Axis-Campaign-11.-Western-Europe-Cross-of-Iron-3-16x9.jpg 16w, https:\/\/ibomberdefense.standardof.net\/wp-content\/uploads\/sites\/5\/2020\/10\/iBomber-Defense-Axis-Campaign-11.-Western-Europe-Cross-of-Iron-3.jpg 1280w\" sizes=\"(max-width: 800px) 100vw, 800px\" \/><\/a><figcaption class=\"blocks-gallery-item__caption\">Platzierung des Revolvers der Welle 20.<\/figcaption><\/figure><\/li><\/ul><\/figure>\n\n\n\n<p>Ihre ersten Platzierungen sollten sich darauf konzentrieren, 6 vollst\u00e4ndig aufger\u00fcstete Maschinengewehre in Positionen zum Laufen zu bringen, in denen sie die mehreren eingehenden Pfade am besten abdecken k\u00f6nnen. Sobald diese unten sind, platzieren Sie einen Inferno-Turm neben der Stelle, an der die gelben und roten Pfade zusammengef\u00fchrt werden, und die orangefarbenen und roten Pfade, vorzugsweise am inneren Rand dieser Stra\u00dfen, damit sie den roten Pfad durch die Mitte stoppen k\u00f6nnen. Schlie\u00dflich sollten Sie in der Lage sein, mit den zahlreichen schwachen Einheiten, die w\u00e4hrend dieser Wellen auftreten, f\u00fcr eine einzelne X-Waffe zu sparen und sie in eine Position zu bringen, in der ihre Kraft durch Ihre bereits gebauten T\u00fcrme gesteigert wird.<\/p>\n\n\n\n<p>Von den Wellen 15 bis 25 sollte Ihr Fokus darauf liegen, eine zweite X-Waffe zu erhalten und dann beide auf Stufe 2 zu verbessern, w\u00e4hrend Sie die Inferno-T\u00fcrme aufr\u00fcsten. Das Platzieren einiger Kanonen ist in dieser Zeit ein gutes Ma\u00df an Positionen, an denen sie die X-Waffen verst\u00e4rken k\u00f6nnen. Stellen Sie schlie\u00dflich sicher, dass Sie Ihren Anti-Air bis zur Welle 24 haben. Eine gute Position daf\u00fcr ist der s\u00fcdliche H\u00fcgel.<\/p>\n\n\n\n<p>Fahren Sie mit Welle 35 fort und arbeiten Sie daran, Ihre X-Waffen auf ihre endg\u00fcltigen Stufen zu bringen, um den wirklich gro\u00dfen AOE-Spritzschaden zu verursachen, der das Blatt in den Achsenmissionen wendet. Sobald sie mit Upgrades und T\u00fcrmen zum Boosten, vorzugsweise Kanonen, aufgebaut sind, beginnen Sie mit der Arbeit an einer neuen X-Waffe. Wie Sie auf den Bildern rechts sehen k\u00f6nnen, sind bis Welle 35 vier vollst\u00e4ndig aktualisierte Kanonen m\u00f6glich, wobei die Arbeit am f\u00fcnften beginnt. Sie k\u00f6nnen gerne einige Ihrer Maschinengewehre verkaufen, um wertvollere Waffen zu platzieren.<\/p>\n\n\n\n<p>Sie k\u00f6nnen diese Strategie in Richtung der letzten Wellen fortsetzen und schlie\u00dflich auf allen drei H\u00fcgeln X-Weapon-Basen aufbauen. Der westliche H\u00fcgel ist ein geeigneter Ort f\u00fcr einen dritten und letzten AA-Turm.<\/p>\n\n\n\n<figure class=\"wp-block-gallery columns-2 is-cropped wp-block-gallery-2 is-layout-flex wp-block-gallery-is-layout-flex\"><ul class=\"blocks-gallery-grid\"><li class=\"blocks-gallery-item\"><figure><a href=\"https:\/\/ibomberdefense.standardof.net\/de\/guide\/achsenkampagne-2\/11-westeuropa-eisenkreuz-2\/ibomber-defense-axis-campaign-11-western-europe-cross-of-iron-4\/\"><img decoding=\"async\" width=\"800\" height=\"450\" src=\"https:\/\/ibomberdefense.standardof.net\/wp-content\/uploads\/sites\/5\/2020\/10\/iBomber-Defense-Axis-Campaign-11.-Western-Europe-Cross-of-Iron-4-800x450.jpg\" alt=\"&quot;iBomber Defense&quot; - Achsenkampagne - 11. Westeuropa - Kreuz aus Eisen (4)\" data-id=\"120\" data-full-url=\"https:\/\/ibomberdefense.standardof.net\/wp-content\/uploads\/sites\/5\/2020\/10\/iBomber-Defense-Axis-Campaign-11.-Western-Europe-Cross-of-Iron-4.jpg\" data-link=\"https:\/\/ibomberdefense.standardof.net\/guide\/axis-campaign\/11-western-europe-cross-of-iron\/ibomber-defense-axis-campaign-11-western-europe-cross-of-iron-4\/\" class=\"wp-image-120\" title=\"\" srcset=\"https:\/\/ibomberdefense.standardof.net\/wp-content\/uploads\/sites\/5\/2020\/10\/iBomber-Defense-Axis-Campaign-11.-Western-Europe-Cross-of-Iron-4-800x450.jpg 800w, https:\/\/ibomberdefense.standardof.net\/wp-content\/uploads\/sites\/5\/2020\/10\/iBomber-Defense-Axis-Campaign-11.-Western-Europe-Cross-of-Iron-4-512x288.jpg 512w, https:\/\/ibomberdefense.standardof.net\/wp-content\/uploads\/sites\/5\/2020\/10\/iBomber-Defense-Axis-Campaign-11.-Western-Europe-Cross-of-Iron-4-200x113.jpg 200w, https:\/\/ibomberdefense.standardof.net\/wp-content\/uploads\/sites\/5\/2020\/10\/iBomber-Defense-Axis-Campaign-11.-Western-Europe-Cross-of-Iron-4-768x432.jpg 768w, https:\/\/ibomberdefense.standardof.net\/wp-content\/uploads\/sites\/5\/2020\/10\/iBomber-Defense-Axis-Campaign-11.-Western-Europe-Cross-of-Iron-4-16x9.jpg 16w, https:\/\/ibomberdefense.standardof.net\/wp-content\/uploads\/sites\/5\/2020\/10\/iBomber-Defense-Axis-Campaign-11.-Western-Europe-Cross-of-Iron-4.jpg 1280w\" sizes=\"(max-width: 800px) 100vw, 800px\" \/><\/a><figcaption class=\"blocks-gallery-item__caption\">Platzierung des Revolvers der Welle 30.<\/figcaption><\/figure><\/li><li class=\"blocks-gallery-item\"><figure><a href=\"https:\/\/ibomberdefense.standardof.net\/de\/guide\/achsenkampagne-2\/11-westeuropa-eisenkreuz-2\/ibomber-defense-axis-campaign-11-western-europe-cross-of-iron-5\/\"><img decoding=\"async\" width=\"800\" height=\"450\" src=\"https:\/\/ibomberdefense.standardof.net\/wp-content\/uploads\/sites\/5\/2020\/10\/iBomber-Defense-Axis-Campaign-11.-Western-Europe-Cross-of-Iron-5-800x450.jpg\" alt=\"&quot;iBomber Defense&quot; - Achsenkampagne - 11. Westeuropa - Kreuz aus Eisen (5)\" data-id=\"121\" data-full-url=\"https:\/\/ibomberdefense.standardof.net\/wp-content\/uploads\/sites\/5\/2020\/10\/iBomber-Defense-Axis-Campaign-11.-Western-Europe-Cross-of-Iron-5.jpg\" data-link=\"https:\/\/ibomberdefense.standardof.net\/guide\/axis-campaign\/11-western-europe-cross-of-iron\/ibomber-defense-axis-campaign-11-western-europe-cross-of-iron-5\/\" class=\"wp-image-121\" title=\"\" srcset=\"https:\/\/ibomberdefense.standardof.net\/wp-content\/uploads\/sites\/5\/2020\/10\/iBomber-Defense-Axis-Campaign-11.-Western-Europe-Cross-of-Iron-5-800x450.jpg 800w, https:\/\/ibomberdefense.standardof.net\/wp-content\/uploads\/sites\/5\/2020\/10\/iBomber-Defense-Axis-Campaign-11.-Western-Europe-Cross-of-Iron-5-512x288.jpg 512w, https:\/\/ibomberdefense.standardof.net\/wp-content\/uploads\/sites\/5\/2020\/10\/iBomber-Defense-Axis-Campaign-11.-Western-Europe-Cross-of-Iron-5-200x113.jpg 200w, https:\/\/ibomberdefense.standardof.net\/wp-content\/uploads\/sites\/5\/2020\/10\/iBomber-Defense-Axis-Campaign-11.-Western-Europe-Cross-of-Iron-5-768x432.jpg 768w, https:\/\/ibomberdefense.standardof.net\/wp-content\/uploads\/sites\/5\/2020\/10\/iBomber-Defense-Axis-Campaign-11.-Western-Europe-Cross-of-Iron-5-16x9.jpg 16w, https:\/\/ibomberdefense.standardof.net\/wp-content\/uploads\/sites\/5\/2020\/10\/iBomber-Defense-Axis-Campaign-11.-Western-Europe-Cross-of-Iron-5.jpg 1280w\" sizes=\"(max-width: 800px) 100vw, 800px\" \/><\/a><figcaption class=\"blocks-gallery-item__caption\">Platzierung des Revolvers der Welle 40.<\/figcaption><\/figure><\/li><\/ul><\/figure>\n\n\n\n<hr class=\"wp-block-separator\"\/>\n\n\n\n<h4 class=\"has-text-align-center wp-block-heading\">Videoanleitung<\/h4>\n\n\n\n<figure class=\"wp-block-embed-youtube wp-block-embed is-type-video is-provider-youtube wp-embed-aspect-4-3 wp-has-aspect-ratio wp-embed-aspect-16-9\"><div class=\"wp-block-embed__wrapper\">\n<div class=\"ast-oembed-container\" style=\"height: 100%;\"><iframe title=\"iBomber Defense - Westeuropa - Kreuz aus Eisen - Veteran + Perfekt\" width=\"500\" height=\"281\" src=\"https:\/\/www.youtube.com\/embed\/HpVdfQL9ZdY?feature=oembed\" frameborder=\"0\" allow=\"accelerometer; autoplay; clipboard-write; encrypted-media; gyroscope; picture-in-picture; web-share\" referrerpolicy=\"strict-origin-when-cross-origin\" allowfullscreen><\/iframe><\/div>\n<\/div><\/figure>","protected":false},"excerpt":{"rendered":"<p>Level eleven of the Axis campaign in iBomber Defense takes place in Western Europe, facing off against three main incoming paths of ground units for 45 waves. Units coming from the red path can actually take one of 3 sub-paths upon reaching the split as depicted to the right before merging again just before the [&hellip;]<\/p>","protected":false},"author":1,"featured_media":121,"parent":268,"menu_order":11,"comment_status":"open","ping_status":"closed","template":"","meta":{"_uag_custom_page_level_css":"","site-sidebar-layout":"default","site-content-layout":"default","ast-site-content-layout":"","site-content-style":"default","site-sidebar-style":"default","ast-global-header-display":"","ast-banner-title-visibility":"","ast-main-header-display":"","ast-hfb-above-header-display":"","ast-hfb-below-header-display":"","ast-hfb-mobile-header-display":"","site-post-title":"","ast-breadcrumbs-content":"","ast-featured-img":"","footer-sml-layout":"","theme-transparent-header-meta":"default","adv-header-id-meta":"","stick-header-meta":"","header-above-stick-meta":"","header-main-stick-meta":"","header-below-stick-meta":"","astra-migrate-meta-layouts":"default","ast-page-background-enabled":"default","ast-page-background-meta":{"desktop":{"background-color":"","background-image":"","background-repeat":"repeat","background-position":"center center","background-size":"auto","background-attachment":"scroll","background-type":"","background-media":"","overlay-type":"","overlay-color":"","overlay-gradient":""},"tablet":{"background-color":"","background-image":"","background-repeat":"repeat","background-position":"center center","background-size":"auto","background-attachment":"scroll","background-type":"","background-media":"","overlay-type":"","overlay-color":"","overlay-gradient":""},"mobile":{"background-color":"","background-image":"","background-repeat":"repeat","background-position":"center center","background-size":"auto","background-attachment":"scroll","background-type":"","background-media":"","overlay-type":"","overlay-color":"","overlay-gradient":""}},"ast-content-background-meta":{"desktop":{"background-color":"var(--ast-global-color-5)","background-image":"","background-repeat":"repeat","background-position":"center center","background-size":"auto","background-attachment":"scroll","background-type":"","background-media":"","overlay-type":"","overlay-color":"","overlay-gradient":""},"tablet":{"background-color":"var(--ast-global-color-5)","background-image":"","background-repeat":"repeat","background-position":"center center","background-size":"auto","background-attachment":"scroll","background-type":"","background-media":"","overlay-type":"","overlay-color":"","overlay-gradient":""},"mobile":{"background-color":"var(--ast-global-color-5)","background-image":"","background-repeat":"repeat","background-position":"center center","background-size":"auto","background-attachment":"scroll","background-type":"","background-media":"","overlay-type":"","overlay-color":"","overlay-gradient":""}},"footnotes":""},"uagb_featured_image_src":{"full":["https:\/\/ibomberdefense.standardof.net\/wp-content\/uploads\/sites\/5\/2020\/10\/iBomber-Defense-Axis-Campaign-11.-Western-Europe-Cross-of-Iron-5.jpg",1280,720,false],"thumbnail":["https:\/\/ibomberdefense.standardof.net\/wp-content\/uploads\/sites\/5\/2020\/10\/iBomber-Defense-Axis-Campaign-11.-Western-Europe-Cross-of-Iron-5-200x113.jpg",200,113,true],"medium":["https:\/\/ibomberdefense.standardof.net\/wp-content\/uploads\/sites\/5\/2020\/10\/iBomber-Defense-Axis-Campaign-11.-Western-Europe-Cross-of-Iron-5-512x288.jpg",512,288,true],"medium_large":["https:\/\/ibomberdefense.standardof.net\/wp-content\/uploads\/sites\/5\/2020\/10\/iBomber-Defense-Axis-Campaign-11.-Western-Europe-Cross-of-Iron-5-768x432.jpg",768,432,true],"large":["https:\/\/ibomberdefense.standardof.net\/wp-content\/uploads\/sites\/5\/2020\/10\/iBomber-Defense-Axis-Campaign-11.-Western-Europe-Cross-of-Iron-5-800x450.jpg",800,450,true],"1536x1536":["https:\/\/ibomberdefense.standardof.net\/wp-content\/uploads\/sites\/5\/2020\/10\/iBomber-Defense-Axis-Campaign-11.-Western-Europe-Cross-of-Iron-5.jpg",1280,720,false],"2048x2048":["https:\/\/ibomberdefense.standardof.net\/wp-content\/uploads\/sites\/5\/2020\/10\/iBomber-Defense-Axis-Campaign-11.-Western-Europe-Cross-of-Iron-5.jpg",1280,720,false],"trp-custom-language-flag":["https:\/\/ibomberdefense.standardof.net\/wp-content\/uploads\/sites\/5\/2020\/10\/iBomber-Defense-Axis-Campaign-11.-Western-Europe-Cross-of-Iron-5-16x9.jpg",16,9,true]},"uagb_author_info":{"display_name":"SOE","author_link":"https:\/\/ibomberdefense.standardof.net\/de\/author\/k-tastic\/"},"uagb_comment_info":0,"uagb_excerpt":"Level eleven of the Axis campaign in iBomber Defense takes place in Western Europe, facing off against three main incoming paths of ground units for 45 waves. Units coming from the red path can actually take one of 3 sub-paths upon reaching the split as depicted to the right before merging again just before the&hellip;","_links":{"self":[{"href":"https:\/\/ibomberdefense.standardof.net\/de\/wp-json\/wp\/v2\/pages\/346"}],"collection":[{"href":"https:\/\/ibomberdefense.standardof.net\/de\/wp-json\/wp\/v2\/pages"}],"about":[{"href":"https:\/\/ibomberdefense.standardof.net\/de\/wp-json\/wp\/v2\/types\/page"}],"author":[{"embeddable":true,"href":"https:\/\/ibomberdefense.standardof.net\/de\/wp-json\/wp\/v2\/users\/1"}],"replies":[{"embeddable":true,"href":"https:\/\/ibomberdefense.standardof.net\/de\/wp-json\/wp\/v2\/comments?post=346"}],"version-history":[{"count":0,"href":"https:\/\/ibomberdefense.standardof.net\/de\/wp-json\/wp\/v2\/pages\/346\/revisions"}],"up":[{"embeddable":true,"href":"https:\/\/ibomberdefense.standardof.net\/de\/wp-json\/wp\/v2\/pages\/268"}],"wp:featuredmedia":[{"embeddable":true,"href":"https:\/\/ibomberdefense.standardof.net\/de\/wp-json\/wp\/v2\/media\/121"}],"wp:attachment":[{"href":"https:\/\/ibomberdefense.standardof.net\/de\/wp-json\/wp\/v2\/media?parent=346"}],"curies":[{"name":"wp","href":"https:\/\/api.w.org\/{rel}","templated":true}]}}