{"id":347,"date":"2020-10-19T07:40:58","date_gmt":"2020-10-19T07:40:58","guid":{"rendered":"https:\/\/ibomberdefense.standardof.net\/?page_id=347"},"modified":"2020-10-19T08:04:34","modified_gmt":"2020-10-19T08:04:34","slug":"12-western-mediterranean-spiderweb","status":"publish","type":"page","link":"https:\/\/ibomberdefense.standardof.net\/de\/guide\/achsenkampagne-2\/12-westliches-mediterranes-spinnennetz\/","title":{"rendered":"12. Westliches Mittelmeer: Spinnennetz"},"content":{"rendered":"<div class=\"wp-block-image\"><figure class=\"aligncenter size-large\"><a href=\"https:\/\/ibomberdefense.standardof.net\/de\/guide\/achsenkampagne-2\/12-westliches-mediterranes-spinnennetz\/ibomber-defense-axis-campaign-12-western-mediterranean-spiderweb-1\/\"><img decoding=\"async\" width=\"800\" height=\"450\" src=\"https:\/\/ibomberdefense.standardof.net\/wp-content\/uploads\/sites\/5\/2020\/10\/iBomber-Defense-Axis-Campaign-12.-Western-Mediterranean-Spiderweb-1-800x450.jpg\" alt=\"&quot;iBomber Defense&quot; - Achsenkampagne - 12. Westliches Mittelmeer - Spinnennetz (1)\" class=\"wp-image-122\" title=\"\" srcset=\"https:\/\/ibomberdefense.standardof.net\/wp-content\/uploads\/sites\/5\/2020\/10\/iBomber-Defense-Axis-Campaign-12.-Western-Mediterranean-Spiderweb-1-800x450.jpg 800w, https:\/\/ibomberdefense.standardof.net\/wp-content\/uploads\/sites\/5\/2020\/10\/iBomber-Defense-Axis-Campaign-12.-Western-Mediterranean-Spiderweb-1-512x288.jpg 512w, https:\/\/ibomberdefense.standardof.net\/wp-content\/uploads\/sites\/5\/2020\/10\/iBomber-Defense-Axis-Campaign-12.-Western-Mediterranean-Spiderweb-1-200x113.jpg 200w, https:\/\/ibomberdefense.standardof.net\/wp-content\/uploads\/sites\/5\/2020\/10\/iBomber-Defense-Axis-Campaign-12.-Western-Mediterranean-Spiderweb-1-768x432.jpg 768w, https:\/\/ibomberdefense.standardof.net\/wp-content\/uploads\/sites\/5\/2020\/10\/iBomber-Defense-Axis-Campaign-12.-Western-Mediterranean-Spiderweb-1-16x9.jpg 16w, https:\/\/ibomberdefense.standardof.net\/wp-content\/uploads\/sites\/5\/2020\/10\/iBomber-Defense-Axis-Campaign-12.-Western-Mediterranean-Spiderweb-1.jpg 1280w\" sizes=\"(max-width: 800px) 100vw, 800px\" \/><\/a><figcaption>Karte der vom Feind im westlichen Mittelmeer genommenen Routen \u201eSpinnennetz\u201c mit blau gezeichneten Flugzeugen.<\/figcaption><\/figure><\/div>\n\n\n\n<p>Es ist jetzt an der Zeit, w\u00e4hrend der Mission \u201eSpiderweb\u201c in der Achsenkampagne von ins westliche Mittelmeer zu reisen <em>iBomber Defense<\/em>mit Blick auf 50 Wellen von Marineeinheiten, die sich durch eine Reihe von Inseln schl\u00e4ngeln. Diese Einheiten kommen auf vier Hauptpfaden herunter, bewegen sich von West nach Ost und umkreisen die Turmposition der drei zentralen Inseln.<\/p>\n\n\n\n<p>Wenn Sie Ihre Waffen in diesem Level platzieren, sollten Sie sich darauf konzentrieren, die wichtigsten Konvergenzbereiche von Anfang an abzudecken, w\u00e4hrend Sie sich radial von diesen Punkten aus aufbauen. Vor Welle 19 m\u00fcssen Vorbereitungen getroffen werden, wenn das Flugzeug zum ersten Mal vor Ort ist.<\/p>\n\n\n\n<h3 class=\"wp-block-heading\"><strong>Revolverplatzierung:<\/strong><\/h3>\n\n\n\n<figure class=\"wp-block-gallery columns-2 is-cropped wp-block-gallery-1 is-layout-flex wp-block-gallery-is-layout-flex\"><ul class=\"blocks-gallery-grid\"><li class=\"blocks-gallery-item\"><figure><a href=\"https:\/\/ibomberdefense.standardof.net\/de\/guide\/achsenkampagne-2\/12-westliches-mediterranes-spinnennetz\/ibomber-defense-axis-campaign-12-western-mediterranean-spiderweb-2\/\"><img decoding=\"async\" width=\"800\" height=\"450\" src=\"https:\/\/ibomberdefense.standardof.net\/wp-content\/uploads\/sites\/5\/2020\/10\/iBomber-Defense-Axis-Campaign-12.-Western-Mediterranean-Spiderweb-2-800x450.jpg\" alt=\"&quot;iBomber Defense&quot; - Achsenkampagne - 12. Westliches Mittelmeer - Spinnennetz (2)\" data-id=\"123\" data-full-url=\"https:\/\/ibomberdefense.standardof.net\/wp-content\/uploads\/sites\/5\/2020\/10\/iBomber-Defense-Axis-Campaign-12.-Western-Mediterranean-Spiderweb-2.jpg\" data-link=\"https:\/\/ibomberdefense.standardof.net\/guide\/axis-campaign\/12-western-mediterranean-spiderweb\/ibomber-defense-axis-campaign-12-western-mediterranean-spiderweb-2\/\" class=\"wp-image-123\" title=\"\" srcset=\"https:\/\/ibomberdefense.standardof.net\/wp-content\/uploads\/sites\/5\/2020\/10\/iBomber-Defense-Axis-Campaign-12.-Western-Mediterranean-Spiderweb-2-800x450.jpg 800w, https:\/\/ibomberdefense.standardof.net\/wp-content\/uploads\/sites\/5\/2020\/10\/iBomber-Defense-Axis-Campaign-12.-Western-Mediterranean-Spiderweb-2-512x288.jpg 512w, https:\/\/ibomberdefense.standardof.net\/wp-content\/uploads\/sites\/5\/2020\/10\/iBomber-Defense-Axis-Campaign-12.-Western-Mediterranean-Spiderweb-2-200x113.jpg 200w, https:\/\/ibomberdefense.standardof.net\/wp-content\/uploads\/sites\/5\/2020\/10\/iBomber-Defense-Axis-Campaign-12.-Western-Mediterranean-Spiderweb-2-768x432.jpg 768w, https:\/\/ibomberdefense.standardof.net\/wp-content\/uploads\/sites\/5\/2020\/10\/iBomber-Defense-Axis-Campaign-12.-Western-Mediterranean-Spiderweb-2-16x9.jpg 16w, https:\/\/ibomberdefense.standardof.net\/wp-content\/uploads\/sites\/5\/2020\/10\/iBomber-Defense-Axis-Campaign-12.-Western-Mediterranean-Spiderweb-2.jpg 1280w\" sizes=\"(max-width: 800px) 100vw, 800px\" \/><\/a><figcaption class=\"blocks-gallery-item__caption\">Platzierung des Revolvers der Welle 10.<\/figcaption><\/figure><\/li><li class=\"blocks-gallery-item\"><figure><a href=\"https:\/\/ibomberdefense.standardof.net\/de\/guide\/achsenkampagne-2\/12-westliches-mediterranes-spinnennetz\/ibomber-defense-axis-campaign-12-western-mediterranean-spiderweb-3\/\"><img decoding=\"async\" width=\"800\" height=\"450\" src=\"https:\/\/ibomberdefense.standardof.net\/wp-content\/uploads\/sites\/5\/2020\/10\/iBomber-Defense-Axis-Campaign-12.-Western-Mediterranean-Spiderweb-3-800x450.jpg\" alt=\"&quot;iBomber Defense&quot; - Achsenkampagne - 12. Westliches Mittelmeer - Spinnennetz (3)\" data-id=\"124\" data-full-url=\"https:\/\/ibomberdefense.standardof.net\/wp-content\/uploads\/sites\/5\/2020\/10\/iBomber-Defense-Axis-Campaign-12.-Western-Mediterranean-Spiderweb-3.jpg\" data-link=\"https:\/\/ibomberdefense.standardof.net\/guide\/axis-campaign\/12-western-mediterranean-spiderweb\/ibomber-defense-axis-campaign-12-western-mediterranean-spiderweb-3\/\" class=\"wp-image-124\" title=\"\" srcset=\"https:\/\/ibomberdefense.standardof.net\/wp-content\/uploads\/sites\/5\/2020\/10\/iBomber-Defense-Axis-Campaign-12.-Western-Mediterranean-Spiderweb-3-800x450.jpg 800w, https:\/\/ibomberdefense.standardof.net\/wp-content\/uploads\/sites\/5\/2020\/10\/iBomber-Defense-Axis-Campaign-12.-Western-Mediterranean-Spiderweb-3-512x288.jpg 512w, https:\/\/ibomberdefense.standardof.net\/wp-content\/uploads\/sites\/5\/2020\/10\/iBomber-Defense-Axis-Campaign-12.-Western-Mediterranean-Spiderweb-3-200x113.jpg 200w, https:\/\/ibomberdefense.standardof.net\/wp-content\/uploads\/sites\/5\/2020\/10\/iBomber-Defense-Axis-Campaign-12.-Western-Mediterranean-Spiderweb-3-768x432.jpg 768w, https:\/\/ibomberdefense.standardof.net\/wp-content\/uploads\/sites\/5\/2020\/10\/iBomber-Defense-Axis-Campaign-12.-Western-Mediterranean-Spiderweb-3-16x9.jpg 16w, https:\/\/ibomberdefense.standardof.net\/wp-content\/uploads\/sites\/5\/2020\/10\/iBomber-Defense-Axis-Campaign-12.-Western-Mediterranean-Spiderweb-3.jpg 1280w\" sizes=\"(max-width: 800px) 100vw, 800px\" \/><\/a><figcaption class=\"blocks-gallery-item__caption\">Platzierung des Revolvers der Welle 20.<\/figcaption><\/figure><\/li><\/ul><\/figure>\n\n\n\n<p>Da Marinemissionen in der Regel finanziell begrenzter sind, muss die Platzierung der T\u00fcrme, insbesondere zu Beginn der Welle 10, ziemlich pr\u00e4zise sein. Maschinengewehre der Stufe 3 sollten auf der kleinen Westinsel platziert werden, auf der sich die roten, gr\u00fcnen und orangefarbenen Pfade zuerst aufteilen. Die Kurve, in der sich die orangefarbenen und gr\u00fcnen Pfade gelb \u00fcberlappen, und die orangefarbenen und roten Pfade \u00fcberlappen sich in der letzten Biegung. Ein zweiter Turm entlang des gelben und gr\u00fcnen zusammengef\u00fchrten Pfades.<\/p>\n\n\n\n<p>In Richtung Welle 20 k\u00f6nnen Sie gr\u00f6\u00dfere Waffen wie ein paar Kanonen und vorzugsweise eine fr\u00fche X-Waffe auf den zentralen und rechten Inseln platzieren. Wenn Sie die X-Waffe in der Mitte der Karte platzieren, sollte sie alle Pfade abdecken, w\u00e4hrend Sie daran arbeiten, sie zu verbessern. Konzentrieren Sie sich mehr darauf, schweres Feuer niederzulegen, unterst\u00fctzt von einem Inferno-Turm in der s\u00fcdlichen Kurve, in der sich die orangefarbenen, gelben und gr\u00fcnen Pfade kreuzen, da der n\u00f6rdliche rote Pfad besonders fr\u00fch leicht befahren wird. Denken Sie daran, rechtzeitig f\u00fcr Welle 19 eine Stufe 1 AA zu erreichen.<\/p>\n\n\n\n<p>Die kleine Insel auf der rechten Seite ist der n\u00e4chste perfekte Ort f\u00fcr eine X-Waffe auf dem Weg zur Welle 30. Sie platziert Kanonen jetzt an mehr Orten auf den drei zentralen Inseln und der s\u00fcdlichen Landmasse entlang der gelben und gr\u00fcnen Linie. Halten Sie Ihren Finger in der N\u00e4he der Pause-Taste oder beachten Sie die Luftwellen im folgenden Video, um AA-Upgrades auf eine Notwendigkeit zu beschr\u00e4nken, w\u00e4hrend Sie weiterhin in bodengest\u00fctzte Feuerkraft investieren.<\/p>\n\n\n\n<figure class=\"wp-block-gallery columns-2 is-cropped wp-block-gallery-2 is-layout-flex wp-block-gallery-is-layout-flex\"><ul class=\"blocks-gallery-grid\"><li class=\"blocks-gallery-item\"><figure><a href=\"https:\/\/ibomberdefense.standardof.net\/de\/guide\/achsenkampagne-2\/12-westliches-mediterranes-spinnennetz\/ibomber-defense-axis-campaign-12-western-mediterranean-spiderweb-4\/\"><img decoding=\"async\" width=\"800\" height=\"450\" src=\"https:\/\/ibomberdefense.standardof.net\/wp-content\/uploads\/sites\/5\/2020\/10\/iBomber-Defense-Axis-Campaign-12.-Western-Mediterranean-Spiderweb-4-800x450.jpg\" alt=\"&quot;iBomber Defense&quot; - Achsenkampagne - 12. Westliches Mittelmeer - Spinnennetz (4)\" data-id=\"125\" data-full-url=\"https:\/\/ibomberdefense.standardof.net\/wp-content\/uploads\/sites\/5\/2020\/10\/iBomber-Defense-Axis-Campaign-12.-Western-Mediterranean-Spiderweb-4.jpg\" data-link=\"https:\/\/ibomberdefense.standardof.net\/guide\/axis-campaign\/12-western-mediterranean-spiderweb\/ibomber-defense-axis-campaign-12-western-mediterranean-spiderweb-4\/\" class=\"wp-image-125\" title=\"\" srcset=\"https:\/\/ibomberdefense.standardof.net\/wp-content\/uploads\/sites\/5\/2020\/10\/iBomber-Defense-Axis-Campaign-12.-Western-Mediterranean-Spiderweb-4-800x450.jpg 800w, https:\/\/ibomberdefense.standardof.net\/wp-content\/uploads\/sites\/5\/2020\/10\/iBomber-Defense-Axis-Campaign-12.-Western-Mediterranean-Spiderweb-4-512x288.jpg 512w, https:\/\/ibomberdefense.standardof.net\/wp-content\/uploads\/sites\/5\/2020\/10\/iBomber-Defense-Axis-Campaign-12.-Western-Mediterranean-Spiderweb-4-200x113.jpg 200w, https:\/\/ibomberdefense.standardof.net\/wp-content\/uploads\/sites\/5\/2020\/10\/iBomber-Defense-Axis-Campaign-12.-Western-Mediterranean-Spiderweb-4-768x432.jpg 768w, https:\/\/ibomberdefense.standardof.net\/wp-content\/uploads\/sites\/5\/2020\/10\/iBomber-Defense-Axis-Campaign-12.-Western-Mediterranean-Spiderweb-4-16x9.jpg 16w, https:\/\/ibomberdefense.standardof.net\/wp-content\/uploads\/sites\/5\/2020\/10\/iBomber-Defense-Axis-Campaign-12.-Western-Mediterranean-Spiderweb-4.jpg 1280w\" sizes=\"(max-width: 800px) 100vw, 800px\" \/><\/a><figcaption class=\"blocks-gallery-item__caption\">Platzierung des Revolvers der Welle 30.<\/figcaption><\/figure><\/li><li class=\"blocks-gallery-item\"><figure><a href=\"https:\/\/ibomberdefense.standardof.net\/de\/guide\/achsenkampagne-2\/12-westliches-mediterranes-spinnennetz\/ibomber-defense-axis-campaign-12-western-mediterranean-spiderweb-5\/\"><img decoding=\"async\" width=\"800\" height=\"450\" src=\"https:\/\/ibomberdefense.standardof.net\/wp-content\/uploads\/sites\/5\/2020\/10\/iBomber-Defense-Axis-Campaign-12.-Western-Mediterranean-Spiderweb-5-800x450.jpg\" alt=\"&quot;iBomber Defense&quot; - Achsenkampagne - 12. Westliches Mittelmeer - Spinnennetz (5)\" data-id=\"126\" data-full-url=\"https:\/\/ibomberdefense.standardof.net\/wp-content\/uploads\/sites\/5\/2020\/10\/iBomber-Defense-Axis-Campaign-12.-Western-Mediterranean-Spiderweb-5.jpg\" data-link=\"https:\/\/ibomberdefense.standardof.net\/guide\/axis-campaign\/12-western-mediterranean-spiderweb\/ibomber-defense-axis-campaign-12-western-mediterranean-spiderweb-5\/\" class=\"wp-image-126\" title=\"\" srcset=\"https:\/\/ibomberdefense.standardof.net\/wp-content\/uploads\/sites\/5\/2020\/10\/iBomber-Defense-Axis-Campaign-12.-Western-Mediterranean-Spiderweb-5-800x450.jpg 800w, https:\/\/ibomberdefense.standardof.net\/wp-content\/uploads\/sites\/5\/2020\/10\/iBomber-Defense-Axis-Campaign-12.-Western-Mediterranean-Spiderweb-5-512x288.jpg 512w, https:\/\/ibomberdefense.standardof.net\/wp-content\/uploads\/sites\/5\/2020\/10\/iBomber-Defense-Axis-Campaign-12.-Western-Mediterranean-Spiderweb-5-200x113.jpg 200w, https:\/\/ibomberdefense.standardof.net\/wp-content\/uploads\/sites\/5\/2020\/10\/iBomber-Defense-Axis-Campaign-12.-Western-Mediterranean-Spiderweb-5-768x432.jpg 768w, https:\/\/ibomberdefense.standardof.net\/wp-content\/uploads\/sites\/5\/2020\/10\/iBomber-Defense-Axis-Campaign-12.-Western-Mediterranean-Spiderweb-5-16x9.jpg 16w, https:\/\/ibomberdefense.standardof.net\/wp-content\/uploads\/sites\/5\/2020\/10\/iBomber-Defense-Axis-Campaign-12.-Western-Mediterranean-Spiderweb-5.jpg 1280w\" sizes=\"(max-width: 800px) 100vw, 800px\" \/><\/a><figcaption class=\"blocks-gallery-item__caption\">Platzierung des Revolvers der Welle 40.<\/figcaption><\/figure><\/li><\/ul><\/figure>\n\n\n\n<p>Bis zur Welle 40 ist es eine gute Ma\u00dfnahme, drei vollst\u00e4ndig aktualisierte X-Waffen zu haben, eine auf jeder zentralen Insel und aktualisierte Kanonen zur Unterst\u00fctzung. Maschinengewehrt\u00fcrme, falls noch vorhanden, sollten sich in Positionen befinden, in denen sie Tannen f\u00fcr Ihre teureren Waffen aufsaugen, um die Reparaturkosten niedrig zu halten und Ihre gesamte Feuerkraft zu erh\u00f6hen. Zu diesem Zeitpunkt wird nach dem vollst\u00e4ndigen Upgrade des ersten ein zweiter AA-Turm der Stufe 2 ben\u00f6tigt.<\/p>\n\n\n\n<p>Zu diesem Zeitpunkt sollten Sie bereits ziemlich beeindruckenden Schaden anrichten, aber Sie k\u00f6nnen Ihre Kanonen weiter verbessern und Ihr verbleibendes Geld f\u00fcr ein Paar Superwaffen der Achse auf der s\u00fcdlichen Landmasse unterhalb der richtigen Insel ausgeben. Hier gebaute X-Waffen k\u00f6nnen auf den orangefarbenen, gr\u00fcnen und gelben Pfad treffen, auf dem die wirklich schwer gepanzerten Schiffe landen.<\/p>\n\n\n\n<div class=\"wp-block-image\"><figure class=\"aligncenter size-large\"><a href=\"https:\/\/ibomberdefense.standardof.net\/de\/guide\/achsenkampagne-2\/12-westliches-mediterranes-spinnennetz\/ibomber-defense-axis-campaign-12-western-mediterranean-spiderweb-6\/\"><img decoding=\"async\" width=\"800\" height=\"450\" src=\"https:\/\/ibomberdefense.standardof.net\/wp-content\/uploads\/sites\/5\/2020\/10\/iBomber-Defense-Axis-Campaign-12.-Western-Mediterranean-Spiderweb-6-800x450.jpg\" alt=\"&quot;iBomber Defense&quot; - Achsenkampagne - 12. Westliches Mittelmeer - Spinnennetz (6)\" class=\"wp-image-127\" title=\"\" srcset=\"https:\/\/ibomberdefense.standardof.net\/wp-content\/uploads\/sites\/5\/2020\/10\/iBomber-Defense-Axis-Campaign-12.-Western-Mediterranean-Spiderweb-6-800x450.jpg 800w, https:\/\/ibomberdefense.standardof.net\/wp-content\/uploads\/sites\/5\/2020\/10\/iBomber-Defense-Axis-Campaign-12.-Western-Mediterranean-Spiderweb-6-512x288.jpg 512w, https:\/\/ibomberdefense.standardof.net\/wp-content\/uploads\/sites\/5\/2020\/10\/iBomber-Defense-Axis-Campaign-12.-Western-Mediterranean-Spiderweb-6-200x113.jpg 200w, https:\/\/ibomberdefense.standardof.net\/wp-content\/uploads\/sites\/5\/2020\/10\/iBomber-Defense-Axis-Campaign-12.-Western-Mediterranean-Spiderweb-6-768x432.jpg 768w, https:\/\/ibomberdefense.standardof.net\/wp-content\/uploads\/sites\/5\/2020\/10\/iBomber-Defense-Axis-Campaign-12.-Western-Mediterranean-Spiderweb-6-16x9.jpg 16w, https:\/\/ibomberdefense.standardof.net\/wp-content\/uploads\/sites\/5\/2020\/10\/iBomber-Defense-Axis-Campaign-12.-Western-Mediterranean-Spiderweb-6.jpg 1280w\" sizes=\"(max-width: 800px) 100vw, 800px\" \/><\/a><figcaption>Platzierung des Revolvers der Welle 50.<\/figcaption><\/figure><\/div>\n\n\n\n<hr class=\"wp-block-separator\"\/>\n\n\n\n<h4 class=\"has-text-align-center wp-block-heading\">Videoanleitung<\/h4>\n\n\n\n<figure class=\"wp-block-embed-youtube wp-block-embed is-type-video is-provider-youtube wp-embed-aspect-16-9 wp-has-aspect-ratio\"><div class=\"wp-block-embed__wrapper\">\n<div class=\"ast-oembed-container\" style=\"height: 100%;\"><iframe title=\"iBomber Defense - Westliches Mittelmeer - Spinnennetz - Veteran + Perfekt\" width=\"500\" height=\"281\" src=\"https:\/\/www.youtube.com\/embed\/4eg1jnuLb5s?feature=oembed\" frameborder=\"0\" allow=\"accelerometer; autoplay; clipboard-write; encrypted-media; gyroscope; picture-in-picture; web-share\" referrerpolicy=\"strict-origin-when-cross-origin\" allowfullscreen><\/iframe><\/div>\n<\/div><\/figure>","protected":false},"excerpt":{"rendered":"<p>It is now time to head to the Western Mediterranean during mission &#8220;Spiderweb&#8221; in the Axis campaign of iBomber Defense, facing 50 waves of naval units winding their way through a series of islands. These units come down along four main paths, traveling west to east and circling the central three islands turret placement will [&hellip;]<\/p>","protected":false},"author":1,"featured_media":127,"parent":268,"menu_order":12,"comment_status":"open","ping_status":"closed","template":"","meta":{"_uag_custom_page_level_css":"","site-sidebar-layout":"default","site-content-layout":"default","ast-site-content-layout":"","site-content-style":"default","site-sidebar-style":"default","ast-global-header-display":"","ast-banner-title-visibility":"","ast-main-header-display":"","ast-hfb-above-header-display":"","ast-hfb-below-header-display":"","ast-hfb-mobile-header-display":"","site-post-title":"","ast-breadcrumbs-content":"","ast-featured-img":"","footer-sml-layout":"","theme-transparent-header-meta":"default","adv-header-id-meta":"","stick-header-meta":"","header-above-stick-meta":"","header-main-stick-meta":"","header-below-stick-meta":"","astra-migrate-meta-layouts":"default","ast-page-background-enabled":"default","ast-page-background-meta":{"desktop":{"background-color":"","background-image":"","background-repeat":"repeat","background-position":"center center","background-size":"auto","background-attachment":"scroll","background-type":"","background-media":"","overlay-type":"","overlay-color":"","overlay-gradient":""},"tablet":{"background-color":"","background-image":"","background-repeat":"repeat","background-position":"center center","background-size":"auto","background-attachment":"scroll","background-type":"","background-media":"","overlay-type":"","overlay-color":"","overlay-gradient":""},"mobile":{"background-color":"","background-image":"","background-repeat":"repeat","background-position":"center center","background-size":"auto","background-attachment":"scroll","background-type":"","background-media":"","overlay-type":"","overlay-color":"","overlay-gradient":""}},"ast-content-background-meta":{"desktop":{"background-color":"var(--ast-global-color-5)","background-image":"","background-repeat":"repeat","background-position":"center center","background-size":"auto","background-attachment":"scroll","background-type":"","background-media":"","overlay-type":"","overlay-color":"","overlay-gradient":""},"tablet":{"background-color":"var(--ast-global-color-5)","background-image":"","background-repeat":"repeat","background-position":"center center","background-size":"auto","background-attachment":"scroll","background-type":"","background-media":"","overlay-type":"","overlay-color":"","overlay-gradient":""},"mobile":{"background-color":"var(--ast-global-color-5)","background-image":"","background-repeat":"repeat","background-position":"center center","background-size":"auto","background-attachment":"scroll","background-type":"","background-media":"","overlay-type":"","overlay-color":"","overlay-gradient":""}},"footnotes":""},"uagb_featured_image_src":{"full":["https:\/\/ibomberdefense.standardof.net\/wp-content\/uploads\/sites\/5\/2020\/10\/iBomber-Defense-Axis-Campaign-12.-Western-Mediterranean-Spiderweb-6.jpg",1280,720,false],"thumbnail":["https:\/\/ibomberdefense.standardof.net\/wp-content\/uploads\/sites\/5\/2020\/10\/iBomber-Defense-Axis-Campaign-12.-Western-Mediterranean-Spiderweb-6-200x113.jpg",200,113,true],"medium":["https:\/\/ibomberdefense.standardof.net\/wp-content\/uploads\/sites\/5\/2020\/10\/iBomber-Defense-Axis-Campaign-12.-Western-Mediterranean-Spiderweb-6-512x288.jpg",512,288,true],"medium_large":["https:\/\/ibomberdefense.standardof.net\/wp-content\/uploads\/sites\/5\/2020\/10\/iBomber-Defense-Axis-Campaign-12.-Western-Mediterranean-Spiderweb-6-768x432.jpg",768,432,true],"large":["https:\/\/ibomberdefense.standardof.net\/wp-content\/uploads\/sites\/5\/2020\/10\/iBomber-Defense-Axis-Campaign-12.-Western-Mediterranean-Spiderweb-6-800x450.jpg",800,450,true],"1536x1536":["https:\/\/ibomberdefense.standardof.net\/wp-content\/uploads\/sites\/5\/2020\/10\/iBomber-Defense-Axis-Campaign-12.-Western-Mediterranean-Spiderweb-6.jpg",1280,720,false],"2048x2048":["https:\/\/ibomberdefense.standardof.net\/wp-content\/uploads\/sites\/5\/2020\/10\/iBomber-Defense-Axis-Campaign-12.-Western-Mediterranean-Spiderweb-6.jpg",1280,720,false],"trp-custom-language-flag":["https:\/\/ibomberdefense.standardof.net\/wp-content\/uploads\/sites\/5\/2020\/10\/iBomber-Defense-Axis-Campaign-12.-Western-Mediterranean-Spiderweb-6-16x9.jpg",16,9,true]},"uagb_author_info":{"display_name":"SOE","author_link":"https:\/\/ibomberdefense.standardof.net\/de\/author\/k-tastic\/"},"uagb_comment_info":0,"uagb_excerpt":"It is now time to head to the Western Mediterranean during mission &#8220;Spiderweb&#8221; in the Axis campaign of iBomber Defense, facing 50 waves of naval units winding their way through a series of islands. These units come down along four main paths, traveling west to east and circling the central three islands turret placement will&hellip;","_links":{"self":[{"href":"https:\/\/ibomberdefense.standardof.net\/de\/wp-json\/wp\/v2\/pages\/347"}],"collection":[{"href":"https:\/\/ibomberdefense.standardof.net\/de\/wp-json\/wp\/v2\/pages"}],"about":[{"href":"https:\/\/ibomberdefense.standardof.net\/de\/wp-json\/wp\/v2\/types\/page"}],"author":[{"embeddable":true,"href":"https:\/\/ibomberdefense.standardof.net\/de\/wp-json\/wp\/v2\/users\/1"}],"replies":[{"embeddable":true,"href":"https:\/\/ibomberdefense.standardof.net\/de\/wp-json\/wp\/v2\/comments?post=347"}],"version-history":[{"count":0,"href":"https:\/\/ibomberdefense.standardof.net\/de\/wp-json\/wp\/v2\/pages\/347\/revisions"}],"up":[{"embeddable":true,"href":"https:\/\/ibomberdefense.standardof.net\/de\/wp-json\/wp\/v2\/pages\/268"}],"wp:featuredmedia":[{"embeddable":true,"href":"https:\/\/ibomberdefense.standardof.net\/de\/wp-json\/wp\/v2\/media\/127"}],"wp:attachment":[{"href":"https:\/\/ibomberdefense.standardof.net\/de\/wp-json\/wp\/v2\/media?parent=347"}],"curies":[{"name":"wp","href":"https:\/\/api.w.org\/{rel}","templated":true}]}}