{"id":348,"date":"2020-10-19T07:41:17","date_gmt":"2020-10-19T07:41:17","guid":{"rendered":"https:\/\/ibomberdefense.standardof.net\/?page_id=348"},"modified":"2020-10-19T08:04:38","modified_gmt":"2020-10-19T08:04:38","slug":"13-north-west-africa-counterattack","status":"publish","type":"page","link":"https:\/\/ibomberdefense.standardof.net\/de\/guide\/achsenkampagne-2\/13-nordwest-afrika-gegenangriff\/","title":{"rendered":"13. Nordwestafrika: Gegenangriff"},"content":{"rendered":"<div class=\"wp-block-image\"><figure class=\"aligncenter size-large\"><a href=\"https:\/\/ibomberdefense.standardof.net\/de\/guide\/achsenkampagne-2\/13-nordwest-afrika-gegenangriff\/ibomber-defense-axis-campaign-13-north-west-africa-counterattack-1\/\"><img decoding=\"async\" width=\"800\" height=\"450\" src=\"https:\/\/ibomberdefense.standardof.net\/wp-content\/uploads\/sites\/5\/2020\/10\/iBomber-Defense-Axis-Campaign-13.-North-West-Africa-Counterattack-1-800x450.jpg\" alt=\"&quot;iBomber Defense&quot; - Achsenkampagne - 13. Nordwestafrika - Gegenangriff (1)\" class=\"wp-image-128\" title=\"\" srcset=\"https:\/\/ibomberdefense.standardof.net\/wp-content\/uploads\/sites\/5\/2020\/10\/iBomber-Defense-Axis-Campaign-13.-North-West-Africa-Counterattack-1-800x450.jpg 800w, https:\/\/ibomberdefense.standardof.net\/wp-content\/uploads\/sites\/5\/2020\/10\/iBomber-Defense-Axis-Campaign-13.-North-West-Africa-Counterattack-1-512x288.jpg 512w, https:\/\/ibomberdefense.standardof.net\/wp-content\/uploads\/sites\/5\/2020\/10\/iBomber-Defense-Axis-Campaign-13.-North-West-Africa-Counterattack-1-200x113.jpg 200w, https:\/\/ibomberdefense.standardof.net\/wp-content\/uploads\/sites\/5\/2020\/10\/iBomber-Defense-Axis-Campaign-13.-North-West-Africa-Counterattack-1-768x432.jpg 768w, https:\/\/ibomberdefense.standardof.net\/wp-content\/uploads\/sites\/5\/2020\/10\/iBomber-Defense-Axis-Campaign-13.-North-West-Africa-Counterattack-1-16x9.jpg 16w, https:\/\/ibomberdefense.standardof.net\/wp-content\/uploads\/sites\/5\/2020\/10\/iBomber-Defense-Axis-Campaign-13.-North-West-Africa-Counterattack-1.jpg 1280w\" sizes=\"(max-width: 800px) 100vw, 800px\" \/><\/a><figcaption>Die beiden Luftwege in Nordwestafrika greifen an, die Bodenwege bleiben unver\u00e4ndert, wie im n\u00e4chsten Bild zu sehen.<\/figcaption><\/figure><\/div>\n\n\n\n<div class=\"wp-block-image\"><figure class=\"aligncenter size-large\"><a href=\"https:\/\/ibomberdefense.standardof.net\/de\/guide\/achsenkampagne-2\/13-nordwest-afrika-gegenangriff\/ibomber-defense-axis-campaign-13-north-west-africa-counterattack-2\/\"><img decoding=\"async\" width=\"800\" height=\"450\" src=\"https:\/\/ibomberdefense.standardof.net\/wp-content\/uploads\/sites\/5\/2020\/10\/iBomber-Defense-Axis-Campaign-13.-North-West-Africa-Counterattack-2-800x450.jpg\" alt=\"&quot;iBomber Defense&quot; - Achsenkampagne - 13. Nordwestafrika - Gegenangriff (2)\" class=\"wp-image-129\" title=\"\" srcset=\"https:\/\/ibomberdefense.standardof.net\/wp-content\/uploads\/sites\/5\/2020\/10\/iBomber-Defense-Axis-Campaign-13.-North-West-Africa-Counterattack-2-800x450.jpg 800w, https:\/\/ibomberdefense.standardof.net\/wp-content\/uploads\/sites\/5\/2020\/10\/iBomber-Defense-Axis-Campaign-13.-North-West-Africa-Counterattack-2-512x288.jpg 512w, https:\/\/ibomberdefense.standardof.net\/wp-content\/uploads\/sites\/5\/2020\/10\/iBomber-Defense-Axis-Campaign-13.-North-West-Africa-Counterattack-2-200x113.jpg 200w, https:\/\/ibomberdefense.standardof.net\/wp-content\/uploads\/sites\/5\/2020\/10\/iBomber-Defense-Axis-Campaign-13.-North-West-Africa-Counterattack-2-768x432.jpg 768w, https:\/\/ibomberdefense.standardof.net\/wp-content\/uploads\/sites\/5\/2020\/10\/iBomber-Defense-Axis-Campaign-13.-North-West-Africa-Counterattack-2-16x9.jpg 16w, https:\/\/ibomberdefense.standardof.net\/wp-content\/uploads\/sites\/5\/2020\/10\/iBomber-Defense-Axis-Campaign-13.-North-West-Africa-Counterattack-2.jpg 1280w\" sizes=\"(max-width: 800px) 100vw, 800px\" \/><\/a><figcaption>Zeigt die alten Routen in Nordwestafrika. Beachten Sie, dass die einzige \u00c4nderung der blaue Luftweg ist, der sich wie im ersten Bild gezeigt verschoben hat, zusammen mit dem Hinzuf\u00fcgen einer zweiten Luftroute.<\/figcaption><\/figure><\/div>\n\n\n\n<p>Mission 13 in der Achsenkampagne ist Ihr letztes Gegenangriffsbonuslevel und kehrt f\u00fcr weitere 20 Wellen feindlicher Flugzeuge und Bodeneinheiten nach Nordwestafrika zur\u00fcck. Flugzeuge werden dieses Mal fr\u00fch bei Welle 2 auftauchen, und der \u00dcberraschungsangriff wird eine gro\u00dfe Menge Ihrer T\u00fcrme schwer besch\u00e4digen, anstatt einen neuen Bodenweg zu er\u00f6ffnen.<\/p>\n\n\n\n<p>Die Platzierung der Waffen konzentriert sich haupts\u00e4chlich auf den Aufbau um die zuvor eingerichteten Fie-Basen. Leider werden aufgrund des \u00dcberraschungsangriffs die Startgelder, die Sie erhalten, wahrscheinlich f\u00fcr Reparaturen verbraucht. Sie k\u00f6nnen alle T\u00fcrme verkaufen, f\u00fcr deren Reparatur Sie nicht das Geld haben und die wahrscheinlich zerst\u00f6rt werden, um den Verlust dieses Geldes zu vermeiden.<\/p>\n\n\n\n<h3 class=\"wp-block-heading\"><strong>Revolverplatzierung:<\/strong><\/h3>\n\n\n\n<figure class=\"wp-block-gallery columns-2 is-cropped wp-block-gallery-1 is-layout-flex wp-block-gallery-is-layout-flex\"><ul class=\"blocks-gallery-grid\"><li class=\"blocks-gallery-item\"><figure><a href=\"https:\/\/ibomberdefense.standardof.net\/de\/guide\/achsenkampagne-2\/13-nordwest-afrika-gegenangriff\/ibomber-defense-axis-campaign-13-north-west-africa-counterattack-3\/\"><img decoding=\"async\" width=\"800\" height=\"450\" src=\"https:\/\/ibomberdefense.standardof.net\/wp-content\/uploads\/sites\/5\/2020\/10\/iBomber-Defense-Axis-Campaign-13.-North-West-Africa-Counterattack-3-800x450.jpg\" alt=\"&quot;iBomber Defense&quot; - Achsenkampagne - 13. Nordwestafrika - Gegenangriff (3)\" data-id=\"130\" data-full-url=\"https:\/\/ibomberdefense.standardof.net\/wp-content\/uploads\/sites\/5\/2020\/10\/iBomber-Defense-Axis-Campaign-13.-North-West-Africa-Counterattack-3.jpg\" data-link=\"https:\/\/ibomberdefense.standardof.net\/guide\/axis-campaign\/13-north-west-africa-counterattack\/ibomber-defense-axis-campaign-13-north-west-africa-counterattack-3\/\" class=\"wp-image-130\" title=\"\" srcset=\"https:\/\/ibomberdefense.standardof.net\/wp-content\/uploads\/sites\/5\/2020\/10\/iBomber-Defense-Axis-Campaign-13.-North-West-Africa-Counterattack-3-800x450.jpg 800w, https:\/\/ibomberdefense.standardof.net\/wp-content\/uploads\/sites\/5\/2020\/10\/iBomber-Defense-Axis-Campaign-13.-North-West-Africa-Counterattack-3-512x288.jpg 512w, https:\/\/ibomberdefense.standardof.net\/wp-content\/uploads\/sites\/5\/2020\/10\/iBomber-Defense-Axis-Campaign-13.-North-West-Africa-Counterattack-3-200x113.jpg 200w, https:\/\/ibomberdefense.standardof.net\/wp-content\/uploads\/sites\/5\/2020\/10\/iBomber-Defense-Axis-Campaign-13.-North-West-Africa-Counterattack-3-768x432.jpg 768w, https:\/\/ibomberdefense.standardof.net\/wp-content\/uploads\/sites\/5\/2020\/10\/iBomber-Defense-Axis-Campaign-13.-North-West-Africa-Counterattack-3-16x9.jpg 16w, https:\/\/ibomberdefense.standardof.net\/wp-content\/uploads\/sites\/5\/2020\/10\/iBomber-Defense-Axis-Campaign-13.-North-West-Africa-Counterattack-3.jpg 1280w\" sizes=\"(max-width: 800px) 100vw, 800px\" \/><\/a><figcaption class=\"blocks-gallery-item__caption\">Platzierung des Revolvers der Welle 10.<\/figcaption><\/figure><\/li><li class=\"blocks-gallery-item\"><figure><a href=\"https:\/\/ibomberdefense.standardof.net\/de\/guide\/achsenkampagne-2\/13-nordwest-afrika-gegenangriff\/ibomber-defense-axis-campaign-13-north-west-africa-counterattack-4\/\"><img decoding=\"async\" width=\"800\" height=\"450\" src=\"https:\/\/ibomberdefense.standardof.net\/wp-content\/uploads\/sites\/5\/2020\/10\/iBomber-Defense-Axis-Campaign-13.-North-West-Africa-Counterattack-4-800x450.jpg\" alt=\"&quot;iBomber Defense&quot; - Achsenkampagne - 13. Nordwestafrika - Gegenangriff (4)\" data-id=\"131\" data-full-url=\"https:\/\/ibomberdefense.standardof.net\/wp-content\/uploads\/sites\/5\/2020\/10\/iBomber-Defense-Axis-Campaign-13.-North-West-Africa-Counterattack-4.jpg\" data-link=\"https:\/\/ibomberdefense.standardof.net\/guide\/axis-campaign\/13-north-west-africa-counterattack\/ibomber-defense-axis-campaign-13-north-west-africa-counterattack-4\/\" class=\"wp-image-131\" title=\"\" srcset=\"https:\/\/ibomberdefense.standardof.net\/wp-content\/uploads\/sites\/5\/2020\/10\/iBomber-Defense-Axis-Campaign-13.-North-West-Africa-Counterattack-4-800x450.jpg 800w, https:\/\/ibomberdefense.standardof.net\/wp-content\/uploads\/sites\/5\/2020\/10\/iBomber-Defense-Axis-Campaign-13.-North-West-Africa-Counterattack-4-512x288.jpg 512w, https:\/\/ibomberdefense.standardof.net\/wp-content\/uploads\/sites\/5\/2020\/10\/iBomber-Defense-Axis-Campaign-13.-North-West-Africa-Counterattack-4-200x113.jpg 200w, https:\/\/ibomberdefense.standardof.net\/wp-content\/uploads\/sites\/5\/2020\/10\/iBomber-Defense-Axis-Campaign-13.-North-West-Africa-Counterattack-4-768x432.jpg 768w, https:\/\/ibomberdefense.standardof.net\/wp-content\/uploads\/sites\/5\/2020\/10\/iBomber-Defense-Axis-Campaign-13.-North-West-Africa-Counterattack-4-16x9.jpg 16w, https:\/\/ibomberdefense.standardof.net\/wp-content\/uploads\/sites\/5\/2020\/10\/iBomber-Defense-Axis-Campaign-13.-North-West-Africa-Counterattack-4.jpg 1280w\" sizes=\"(max-width: 800px) 100vw, 800px\" \/><\/a><figcaption class=\"blocks-gallery-item__caption\">Platzierung des Revolvers der Welle 20.<\/figcaption><\/figure><\/li><\/ul><\/figure>\n\n\n\n<p>Ihr Hauptaugenmerk kann von Anfang an auf die X-Waffe gerichtet sein, wenn man die erheblichen Abwehrkr\u00e4fte ber\u00fccksichtigt, mit denen Sie beginnen sollten. Stellen Sie sicher, dass Sie zus\u00e4tzliche AA platzieren, wenn Sie \u00fcber das freie Geld verf\u00fcgen oder wenn dies von anspruchsvolleren Wellen verlangt wird, da dies das einzige Level ist, das Sie von zwei Pfaden von Lufteinheiten gleichzeitig angreifen k\u00f6nnen.<\/p>\n\n\n\n<p>Maschinengewehre erf\u00fcllen immer noch ihren Zweck als Futter f\u00fcr die feindlichen Gewehre, wenn sie strategisch platziert werden. Nach der Strategie der \u00fcberw\u00e4ltigenden Waffen sollte es m\u00f6glich sein, bis Welle 20 6 vollst\u00e4ndig verbesserte X-Waffen zu erhalten. \u00dcber die zus\u00e4tzliche Luftverteidigung f\u00fcr diese Mission hinaus ist wirklich nicht viel kompliziert.<\/p>\n\n\n\n<hr class=\"wp-block-separator\"\/>\n\n\n\n<h4 class=\"has-text-align-center wp-block-heading\">Videoanleitung<\/h4>\n\n\n\n<figure class=\"wp-block-embed-youtube wp-block-embed is-type-video is-provider-youtube wp-embed-aspect-16-9 wp-has-aspect-ratio\"><div class=\"wp-block-embed__wrapper\">\n<div class=\"ast-oembed-container\" style=\"height: 100%;\"><iframe title=\"iBomber Defense - Nordwestafrika - Gegenangriffsachse - Veteran + Perfekt\" width=\"500\" height=\"281\" src=\"https:\/\/www.youtube.com\/embed\/gbE5k52J2rA?feature=oembed\" frameborder=\"0\" allow=\"accelerometer; autoplay; clipboard-write; encrypted-media; gyroscope; picture-in-picture; web-share\" referrerpolicy=\"strict-origin-when-cross-origin\" allowfullscreen><\/iframe><\/div>\n<\/div><\/figure>","protected":false},"excerpt":{"rendered":"<p>Mission 13 in the Axis campaign is your final counterattack bonus level, returning to North West Africa for an additional 20 waves of enemy aircraft and ground units. Aircraft will show up early this time around at wave 2, and the surprise attack will severely damage a large amount of your turrets instead of opening [&hellip;]<\/p>","protected":false},"author":1,"featured_media":131,"parent":268,"menu_order":13,"comment_status":"open","ping_status":"closed","template":"","meta":{"_uag_custom_page_level_css":"","site-sidebar-layout":"default","site-content-layout":"default","ast-site-content-layout":"","site-content-style":"default","site-sidebar-style":"default","ast-global-header-display":"","ast-banner-title-visibility":"","ast-main-header-display":"","ast-hfb-above-header-display":"","ast-hfb-below-header-display":"","ast-hfb-mobile-header-display":"","site-post-title":"","ast-breadcrumbs-content":"","ast-featured-img":"","footer-sml-layout":"","theme-transparent-header-meta":"default","adv-header-id-meta":"","stick-header-meta":"","header-above-stick-meta":"","header-main-stick-meta":"","header-below-stick-meta":"","astra-migrate-meta-layouts":"default","ast-page-background-enabled":"default","ast-page-background-meta":{"desktop":{"background-color":"","background-image":"","background-repeat":"repeat","background-position":"center center","background-size":"auto","background-attachment":"scroll","background-type":"","background-media":"","overlay-type":"","overlay-color":"","overlay-gradient":""},"tablet":{"background-color":"","background-image":"","background-repeat":"repeat","background-position":"center center","background-size":"auto","background-attachment":"scroll","background-type":"","background-media":"","overlay-type":"","overlay-color":"","overlay-gradient":""},"mobile":{"background-color":"","background-image":"","background-repeat":"repeat","background-position":"center center","background-size":"auto","background-attachment":"scroll","background-type":"","background-media":"","overlay-type":"","overlay-color":"","overlay-gradient":""}},"ast-content-background-meta":{"desktop":{"background-color":"var(--ast-global-color-5)","background-image":"","background-repeat":"repeat","background-position":"center center","background-size":"auto","background-attachment":"scroll","background-type":"","background-media":"","overlay-type":"","overlay-color":"","overlay-gradient":""},"tablet":{"background-color":"var(--ast-global-color-5)","background-image":"","background-repeat":"repeat","background-position":"center center","background-size":"auto","background-attachment":"scroll","background-type":"","background-media":"","overlay-type":"","overlay-color":"","overlay-gradient":""},"mobile":{"background-color":"var(--ast-global-color-5)","background-image":"","background-repeat":"repeat","background-position":"center center","background-size":"auto","background-attachment":"scroll","background-type":"","background-media":"","overlay-type":"","overlay-color":"","overlay-gradient":""}},"footnotes":""},"uagb_featured_image_src":{"full":["https:\/\/ibomberdefense.standardof.net\/wp-content\/uploads\/sites\/5\/2020\/10\/iBomber-Defense-Axis-Campaign-13.-North-West-Africa-Counterattack-4.jpg",1280,720,false],"thumbnail":["https:\/\/ibomberdefense.standardof.net\/wp-content\/uploads\/sites\/5\/2020\/10\/iBomber-Defense-Axis-Campaign-13.-North-West-Africa-Counterattack-4-200x113.jpg",200,113,true],"medium":["https:\/\/ibomberdefense.standardof.net\/wp-content\/uploads\/sites\/5\/2020\/10\/iBomber-Defense-Axis-Campaign-13.-North-West-Africa-Counterattack-4-512x288.jpg",512,288,true],"medium_large":["https:\/\/ibomberdefense.standardof.net\/wp-content\/uploads\/sites\/5\/2020\/10\/iBomber-Defense-Axis-Campaign-13.-North-West-Africa-Counterattack-4-768x432.jpg",768,432,true],"large":["https:\/\/ibomberdefense.standardof.net\/wp-content\/uploads\/sites\/5\/2020\/10\/iBomber-Defense-Axis-Campaign-13.-North-West-Africa-Counterattack-4-800x450.jpg",800,450,true],"1536x1536":["https:\/\/ibomberdefense.standardof.net\/wp-content\/uploads\/sites\/5\/2020\/10\/iBomber-Defense-Axis-Campaign-13.-North-West-Africa-Counterattack-4.jpg",1280,720,false],"2048x2048":["https:\/\/ibomberdefense.standardof.net\/wp-content\/uploads\/sites\/5\/2020\/10\/iBomber-Defense-Axis-Campaign-13.-North-West-Africa-Counterattack-4.jpg",1280,720,false],"trp-custom-language-flag":["https:\/\/ibomberdefense.standardof.net\/wp-content\/uploads\/sites\/5\/2020\/10\/iBomber-Defense-Axis-Campaign-13.-North-West-Africa-Counterattack-4-16x9.jpg",16,9,true]},"uagb_author_info":{"display_name":"SOE","author_link":"https:\/\/ibomberdefense.standardof.net\/de\/author\/k-tastic\/"},"uagb_comment_info":0,"uagb_excerpt":"Mission 13 in the Axis campaign is your final counterattack bonus level, returning to North West Africa for an additional 20 waves of enemy aircraft and ground units. Aircraft will show up early this time around at wave 2, and the surprise attack will severely damage a large amount of your turrets instead of opening&hellip;","_links":{"self":[{"href":"https:\/\/ibomberdefense.standardof.net\/de\/wp-json\/wp\/v2\/pages\/348"}],"collection":[{"href":"https:\/\/ibomberdefense.standardof.net\/de\/wp-json\/wp\/v2\/pages"}],"about":[{"href":"https:\/\/ibomberdefense.standardof.net\/de\/wp-json\/wp\/v2\/types\/page"}],"author":[{"embeddable":true,"href":"https:\/\/ibomberdefense.standardof.net\/de\/wp-json\/wp\/v2\/users\/1"}],"replies":[{"embeddable":true,"href":"https:\/\/ibomberdefense.standardof.net\/de\/wp-json\/wp\/v2\/comments?post=348"}],"version-history":[{"count":0,"href":"https:\/\/ibomberdefense.standardof.net\/de\/wp-json\/wp\/v2\/pages\/348\/revisions"}],"up":[{"embeddable":true,"href":"https:\/\/ibomberdefense.standardof.net\/de\/wp-json\/wp\/v2\/pages\/268"}],"wp:featuredmedia":[{"embeddable":true,"href":"https:\/\/ibomberdefense.standardof.net\/de\/wp-json\/wp\/v2\/media\/131"}],"wp:attachment":[{"href":"https:\/\/ibomberdefense.standardof.net\/de\/wp-json\/wp\/v2\/media?parent=348"}],"curies":[{"name":"wp","href":"https:\/\/api.w.org\/{rel}","templated":true}]}}