{"id":349,"date":"2020-10-19T07:41:48","date_gmt":"2020-10-19T07:41:48","guid":{"rendered":"https:\/\/ibomberdefense.standardof.net\/?page_id=349"},"modified":"2020-10-19T08:04:43","modified_gmt":"2020-10-19T08:04:43","slug":"14-great-britain-final-victory","status":"publish","type":"page","link":"https:\/\/ibomberdefense.standardof.net\/de\/guide\/achsenkampagne-2\/14-grosbritannien-finalsieg\/","title":{"rendered":"14. Gro\u00dfbritannien: Endg\u00fcltiger Sieg!"},"content":{"rendered":"<div class=\"wp-block-image\"><figure class=\"aligncenter size-large\"><a href=\"https:\/\/ibomberdefense.standardof.net\/de\/guide\/achsenkampagne-2\/14-grosbritannien-finalsieg\/ibomber-defense-axis-campaign-14-great-britain-final-victory-1\/\"><img decoding=\"async\" width=\"800\" height=\"450\" src=\"https:\/\/ibomberdefense.standardof.net\/wp-content\/uploads\/sites\/5\/2020\/10\/iBomber-Defense-Axis-Campaign-14.-Great-Britain-Final-Victory-1-800x450.jpg\" alt=\"&quot;iBomber Defense&quot; - Achsenkampagne - 14. Gro\u00dfbritannien - Endg\u00fcltiger Sieg! (1)\" class=\"wp-image-132\" title=\"\" srcset=\"https:\/\/ibomberdefense.standardof.net\/wp-content\/uploads\/sites\/5\/2020\/10\/iBomber-Defense-Axis-Campaign-14.-Great-Britain-Final-Victory-1-800x450.jpg 800w, https:\/\/ibomberdefense.standardof.net\/wp-content\/uploads\/sites\/5\/2020\/10\/iBomber-Defense-Axis-Campaign-14.-Great-Britain-Final-Victory-1-512x288.jpg 512w, https:\/\/ibomberdefense.standardof.net\/wp-content\/uploads\/sites\/5\/2020\/10\/iBomber-Defense-Axis-Campaign-14.-Great-Britain-Final-Victory-1-200x113.jpg 200w, https:\/\/ibomberdefense.standardof.net\/wp-content\/uploads\/sites\/5\/2020\/10\/iBomber-Defense-Axis-Campaign-14.-Great-Britain-Final-Victory-1-768x432.jpg 768w, https:\/\/ibomberdefense.standardof.net\/wp-content\/uploads\/sites\/5\/2020\/10\/iBomber-Defense-Axis-Campaign-14.-Great-Britain-Final-Victory-1-16x9.jpg 16w, https:\/\/ibomberdefense.standardof.net\/wp-content\/uploads\/sites\/5\/2020\/10\/iBomber-Defense-Axis-Campaign-14.-Great-Britain-Final-Victory-1.jpg 1280w\" sizes=\"(max-width: 800px) 100vw, 800px\" \/><\/a><figcaption>Vom Feind im letzten Level der Achsenkampagne von iBomber Defense, Gro\u00dfbritannien, eingeschlagene Routen. Lila steht f\u00fcr Marineeinheiten, Blau f\u00fcr Flugzeuge. <\/figcaption><\/figure><\/div>\n\n\n\n<p>Die vierzehnte und letzte Mission in der Achsenkampagne f\u00fchrt Sie in die zerst\u00f6rte Landschaft Gro\u00dfbritanniens, um 50 Wellen kombinierter Flugzeuge, Marineeinheiten und Bodeneinheiten abzuwehren. Feinde n\u00e4hern sich von mehreren Pfaden aus allen Richtungen au\u00dfer nach Norden, wobei Marineeinheiten bei Welle 10 und Flugzeuge bei Welle 21 ankommen.<\/p>\n\n\n\n<p>Die Platzierung des Turms konzentriert sich darauf, Verteidigungsanlagen in der N\u00e4he Ihrer Heimatbasis aufzubauen und so schnell wie m\u00f6glich den X-Weapon-Status zu erreichen. Irgendwann wird sich alles wie das letzte Level in der alliierten Kampagne ausbreiten. Diese Mission hat nur begrenzten Bauraum.<\/p>\n\n\n\n<h3 class=\"wp-block-heading\"><strong>Revolverplatzierung:<\/strong><\/h3>\n\n\n\n<figure class=\"wp-block-gallery columns-2 is-cropped wp-block-gallery-1 is-layout-flex wp-block-gallery-is-layout-flex\"><ul class=\"blocks-gallery-grid\"><li class=\"blocks-gallery-item\"><figure><a href=\"https:\/\/ibomberdefense.standardof.net\/de\/guide\/achsenkampagne-2\/14-grosbritannien-finalsieg\/ibomber-defense-axis-campaign-14-great-britain-final-victory-2\/\"><img decoding=\"async\" width=\"800\" height=\"450\" src=\"https:\/\/ibomberdefense.standardof.net\/wp-content\/uploads\/sites\/5\/2020\/10\/iBomber-Defense-Axis-Campaign-14.-Great-Britain-Final-Victory-2-800x450.jpg\" alt=\"&quot;iBomber Defense&quot; - Achsenkampagne - 14. Gro\u00dfbritannien - Endg\u00fcltiger Sieg! (2)\" data-id=\"133\" data-full-url=\"https:\/\/ibomberdefense.standardof.net\/wp-content\/uploads\/sites\/5\/2020\/10\/iBomber-Defense-Axis-Campaign-14.-Great-Britain-Final-Victory-2.jpg\" data-link=\"https:\/\/ibomberdefense.standardof.net\/guide\/axis-campaign\/14-great-britain-final-victory\/ibomber-defense-axis-campaign-14-great-britain-final-victory-2\/\" class=\"wp-image-133\" title=\"\" srcset=\"https:\/\/ibomberdefense.standardof.net\/wp-content\/uploads\/sites\/5\/2020\/10\/iBomber-Defense-Axis-Campaign-14.-Great-Britain-Final-Victory-2-800x450.jpg 800w, https:\/\/ibomberdefense.standardof.net\/wp-content\/uploads\/sites\/5\/2020\/10\/iBomber-Defense-Axis-Campaign-14.-Great-Britain-Final-Victory-2-512x288.jpg 512w, https:\/\/ibomberdefense.standardof.net\/wp-content\/uploads\/sites\/5\/2020\/10\/iBomber-Defense-Axis-Campaign-14.-Great-Britain-Final-Victory-2-200x113.jpg 200w, https:\/\/ibomberdefense.standardof.net\/wp-content\/uploads\/sites\/5\/2020\/10\/iBomber-Defense-Axis-Campaign-14.-Great-Britain-Final-Victory-2-768x432.jpg 768w, https:\/\/ibomberdefense.standardof.net\/wp-content\/uploads\/sites\/5\/2020\/10\/iBomber-Defense-Axis-Campaign-14.-Great-Britain-Final-Victory-2-16x9.jpg 16w, https:\/\/ibomberdefense.standardof.net\/wp-content\/uploads\/sites\/5\/2020\/10\/iBomber-Defense-Axis-Campaign-14.-Great-Britain-Final-Victory-2.jpg 1280w\" sizes=\"(max-width: 800px) 100vw, 800px\" \/><\/a><figcaption class=\"blocks-gallery-item__caption\">Platzierung des Revolvers der Welle 10.<\/figcaption><\/figure><\/li><li class=\"blocks-gallery-item\"><figure><a href=\"https:\/\/ibomberdefense.standardof.net\/de\/guide\/achsenkampagne-2\/14-grosbritannien-finalsieg\/ibomber-defense-axis-campaign-14-great-britain-final-victory-3\/\"><img decoding=\"async\" width=\"800\" height=\"450\" src=\"https:\/\/ibomberdefense.standardof.net\/wp-content\/uploads\/sites\/5\/2020\/10\/iBomber-Defense-Axis-Campaign-14.-Great-Britain-Final-Victory-3-800x450.jpg\" alt=\"&quot;iBomber Defense&quot; - Achsenkampagne - 14. Gro\u00dfbritannien - Endg\u00fcltiger Sieg! (3)\" data-id=\"134\" data-full-url=\"https:\/\/ibomberdefense.standardof.net\/wp-content\/uploads\/sites\/5\/2020\/10\/iBomber-Defense-Axis-Campaign-14.-Great-Britain-Final-Victory-3.jpg\" data-link=\"https:\/\/ibomberdefense.standardof.net\/guide\/axis-campaign\/14-great-britain-final-victory\/ibomber-defense-axis-campaign-14-great-britain-final-victory-3\/\" class=\"wp-image-134\" title=\"\" srcset=\"https:\/\/ibomberdefense.standardof.net\/wp-content\/uploads\/sites\/5\/2020\/10\/iBomber-Defense-Axis-Campaign-14.-Great-Britain-Final-Victory-3-800x450.jpg 800w, https:\/\/ibomberdefense.standardof.net\/wp-content\/uploads\/sites\/5\/2020\/10\/iBomber-Defense-Axis-Campaign-14.-Great-Britain-Final-Victory-3-512x288.jpg 512w, https:\/\/ibomberdefense.standardof.net\/wp-content\/uploads\/sites\/5\/2020\/10\/iBomber-Defense-Axis-Campaign-14.-Great-Britain-Final-Victory-3-200x113.jpg 200w, https:\/\/ibomberdefense.standardof.net\/wp-content\/uploads\/sites\/5\/2020\/10\/iBomber-Defense-Axis-Campaign-14.-Great-Britain-Final-Victory-3-768x432.jpg 768w, https:\/\/ibomberdefense.standardof.net\/wp-content\/uploads\/sites\/5\/2020\/10\/iBomber-Defense-Axis-Campaign-14.-Great-Britain-Final-Victory-3-16x9.jpg 16w, https:\/\/ibomberdefense.standardof.net\/wp-content\/uploads\/sites\/5\/2020\/10\/iBomber-Defense-Axis-Campaign-14.-Great-Britain-Final-Victory-3.jpg 1280w\" sizes=\"(max-width: 800px) 100vw, 800px\" \/><\/a><figcaption class=\"blocks-gallery-item__caption\">Platzierung des Revolvers der Welle 20.<\/figcaption><\/figure><\/li><\/ul><\/figure>\n\n\n\n<p>Versuchen Sie, eine X-Waffe sofort mit Ihrem Startgeld direkt links unten auf der Bodenbasis zu platzieren. Folgen Sie diesem mit einem Maschinengewehr, das schnell auf Stufe 3 aufger\u00fcstet wurde und auf dem einen Abschnitt des Hochbodens direkt unter der Bodenbasis platziert ist, \u00fcber den die blaue Flugzeuglinie direkt f\u00fchrt. Bei Welle 10 sollten Sie eine zweite X-Waffe im Patch direkt rechts von Ihrer Bodenbasis mit einem Maschinengewehr haben, das auf dem Kamm vollst\u00e4ndig aufger\u00fcstet ist, um die Patrouillenboote zu stoppen, die die Marineangriffe starten.<\/p>\n\n\n\n<p>Platzieren Sie zwischen Level 10 und 20 Kanonen um Ihre X-Waffen und ignorieren Sie alle weiteren Maschinengewehre (auf den Bildern sehen Sie, dass ich den MG um einige Felder nach unten bewegt habe, um zu verhindern, dass die X-Waffe abgelenkt wird. Weitere Informationen finden Sie in Video unten) und platzieren Sie ein paar Inferno-T\u00fcrme, um die Ann\u00e4herung der Bodeneinheiten zu verlangsamen. Stellen Sie sicher, dass AA am Ende von Welle 20 bereit ist.<\/p>\n\n\n\n<p>Die Wellen 20 bis 30 sollten sich nun darauf konzentrieren, die Kanonen zu verbessern, die platziert wurden, um die X-Waffen zu verst\u00e4rken, und dann die X-Waffen selbst zu aktualisieren. Versuchen Sie, einen Inferno-Turm entlang des oberen Kamms zu bauen, um auch die Marineeinheiten zu verlangsamen. Infernos sind in diesem Level praktisch eine unbestreitbare Notwendigkeit.<\/p>\n\n\n\n<figure class=\"wp-block-gallery columns-2 is-cropped wp-block-gallery-2 is-layout-flex wp-block-gallery-is-layout-flex\"><ul class=\"blocks-gallery-grid\"><li class=\"blocks-gallery-item\"><figure><a href=\"https:\/\/ibomberdefense.standardof.net\/de\/guide\/achsenkampagne-2\/14-grosbritannien-finalsieg\/ibomber-defense-axis-campaign-14-great-britain-final-victory-4\/\"><img decoding=\"async\" width=\"800\" height=\"450\" src=\"https:\/\/ibomberdefense.standardof.net\/wp-content\/uploads\/sites\/5\/2020\/10\/iBomber-Defense-Axis-Campaign-14.-Great-Britain-Final-Victory-4-800x450.jpg\" alt=\"&quot;iBomber Defense&quot; - Achsenkampagne - 14. Gro\u00dfbritannien - Endg\u00fcltiger Sieg! (4)\" data-id=\"135\" data-full-url=\"https:\/\/ibomberdefense.standardof.net\/wp-content\/uploads\/sites\/5\/2020\/10\/iBomber-Defense-Axis-Campaign-14.-Great-Britain-Final-Victory-4.jpg\" data-link=\"https:\/\/ibomberdefense.standardof.net\/guide\/axis-campaign\/14-great-britain-final-victory\/ibomber-defense-axis-campaign-14-great-britain-final-victory-4\/\" class=\"wp-image-135\" title=\"\" srcset=\"https:\/\/ibomberdefense.standardof.net\/wp-content\/uploads\/sites\/5\/2020\/10\/iBomber-Defense-Axis-Campaign-14.-Great-Britain-Final-Victory-4-800x450.jpg 800w, https:\/\/ibomberdefense.standardof.net\/wp-content\/uploads\/sites\/5\/2020\/10\/iBomber-Defense-Axis-Campaign-14.-Great-Britain-Final-Victory-4-512x288.jpg 512w, https:\/\/ibomberdefense.standardof.net\/wp-content\/uploads\/sites\/5\/2020\/10\/iBomber-Defense-Axis-Campaign-14.-Great-Britain-Final-Victory-4-200x113.jpg 200w, https:\/\/ibomberdefense.standardof.net\/wp-content\/uploads\/sites\/5\/2020\/10\/iBomber-Defense-Axis-Campaign-14.-Great-Britain-Final-Victory-4-768x432.jpg 768w, https:\/\/ibomberdefense.standardof.net\/wp-content\/uploads\/sites\/5\/2020\/10\/iBomber-Defense-Axis-Campaign-14.-Great-Britain-Final-Victory-4-16x9.jpg 16w, https:\/\/ibomberdefense.standardof.net\/wp-content\/uploads\/sites\/5\/2020\/10\/iBomber-Defense-Axis-Campaign-14.-Great-Britain-Final-Victory-4.jpg 1280w\" sizes=\"(max-width: 800px) 100vw, 800px\" \/><\/a><figcaption class=\"blocks-gallery-item__caption\">Platzierung des Revolvers der Welle 30.<\/figcaption><\/figure><\/li><li class=\"blocks-gallery-item\"><figure><a href=\"https:\/\/ibomberdefense.standardof.net\/de\/guide\/achsenkampagne-2\/14-grosbritannien-finalsieg\/ibomber-defense-axis-campaign-14-great-britain-final-victory-5\/\"><img decoding=\"async\" width=\"800\" height=\"450\" src=\"https:\/\/ibomberdefense.standardof.net\/wp-content\/uploads\/sites\/5\/2020\/10\/iBomber-Defense-Axis-Campaign-14.-Great-Britain-Final-Victory-5-800x450.jpg\" alt=\"&quot;iBomber Defense&quot; - Achsenkampagne - 14. Gro\u00dfbritannien - Endg\u00fcltiger Sieg! (5)\" data-id=\"136\" data-full-url=\"https:\/\/ibomberdefense.standardof.net\/wp-content\/uploads\/sites\/5\/2020\/10\/iBomber-Defense-Axis-Campaign-14.-Great-Britain-Final-Victory-5.jpg\" data-link=\"https:\/\/ibomberdefense.standardof.net\/guide\/axis-campaign\/14-great-britain-final-victory\/ibomber-defense-axis-campaign-14-great-britain-final-victory-5\/\" class=\"wp-image-136\" title=\"\" srcset=\"https:\/\/ibomberdefense.standardof.net\/wp-content\/uploads\/sites\/5\/2020\/10\/iBomber-Defense-Axis-Campaign-14.-Great-Britain-Final-Victory-5-800x450.jpg 800w, https:\/\/ibomberdefense.standardof.net\/wp-content\/uploads\/sites\/5\/2020\/10\/iBomber-Defense-Axis-Campaign-14.-Great-Britain-Final-Victory-5-512x288.jpg 512w, https:\/\/ibomberdefense.standardof.net\/wp-content\/uploads\/sites\/5\/2020\/10\/iBomber-Defense-Axis-Campaign-14.-Great-Britain-Final-Victory-5-200x113.jpg 200w, https:\/\/ibomberdefense.standardof.net\/wp-content\/uploads\/sites\/5\/2020\/10\/iBomber-Defense-Axis-Campaign-14.-Great-Britain-Final-Victory-5-768x432.jpg 768w, https:\/\/ibomberdefense.standardof.net\/wp-content\/uploads\/sites\/5\/2020\/10\/iBomber-Defense-Axis-Campaign-14.-Great-Britain-Final-Victory-5-16x9.jpg 16w, https:\/\/ibomberdefense.standardof.net\/wp-content\/uploads\/sites\/5\/2020\/10\/iBomber-Defense-Axis-Campaign-14.-Great-Britain-Final-Victory-5.jpg 1280w\" sizes=\"(max-width: 800px) 100vw, 800px\" \/><\/a><figcaption class=\"blocks-gallery-item__caption\">Platzierung des Revolvers der Welle 40.<\/figcaption><\/figure><\/li><\/ul><\/figure>\n\n\n\n<p>Weitere zwei X-Waffen, die Ihre Gesamtzahl auf vier erh\u00f6hen, sind ein gutes Ziel auf dem Weg zu Welle 40. Es ist wichtig, einen Inferno-Turm in der N\u00e4he des gr\u00fcnen und gelben Pfades zu platzieren, wenn der \u00dcberraschungsangriff sie bei Welle 30 \u00f6ffnet helfende Hand zu haben.<\/p>\n\n\n\n<p>Die letzten 10 Wellen sollten zwischen 30 und 40 liegen und ein weiteres Paar X-Waffen mit unterst\u00fctzenden Kanonen aufbauen - vielleicht ein paar Maschinengewehre, wenn Sie bereits ernsthafte Fortschritte gemacht haben, um eine billigere Methode zur Verst\u00e4rkung Ihrer Superwaffen bereitzustellen. Das kleine St\u00fcck gr\u00fcnes Land in der N\u00e4he Ihres Seesturms ist ein guter Ort, um zus\u00e4tzliche Mittel f\u00fcr eine einzelne Kanone als Backup bereitzustellen, falls in der Verwirrung etwas durch Ihre n\u00f6rdlichen Verteidigungsanlagen gelangt.<\/p>\n\n\n\n<div class=\"wp-block-image\"><figure class=\"aligncenter size-large\"><a href=\"https:\/\/ibomberdefense.standardof.net\/de\/guide\/achsenkampagne-2\/14-grosbritannien-finalsieg\/ibomber-defense-axis-campaign-14-great-britain-final-victory-6\/\"><img decoding=\"async\" width=\"800\" height=\"450\" src=\"https:\/\/ibomberdefense.standardof.net\/wp-content\/uploads\/sites\/5\/2020\/10\/iBomber-Defense-Axis-Campaign-14.-Great-Britain-Final-Victory-6-800x450.jpg\" alt=\"&quot;iBomber Defense&quot; - Achsenkampagne - 14. Gro\u00dfbritannien - Endg\u00fcltiger Sieg! (6)\" class=\"wp-image-137\" title=\"\" srcset=\"https:\/\/ibomberdefense.standardof.net\/wp-content\/uploads\/sites\/5\/2020\/10\/iBomber-Defense-Axis-Campaign-14.-Great-Britain-Final-Victory-6-800x450.jpg 800w, https:\/\/ibomberdefense.standardof.net\/wp-content\/uploads\/sites\/5\/2020\/10\/iBomber-Defense-Axis-Campaign-14.-Great-Britain-Final-Victory-6-512x288.jpg 512w, https:\/\/ibomberdefense.standardof.net\/wp-content\/uploads\/sites\/5\/2020\/10\/iBomber-Defense-Axis-Campaign-14.-Great-Britain-Final-Victory-6-200x113.jpg 200w, https:\/\/ibomberdefense.standardof.net\/wp-content\/uploads\/sites\/5\/2020\/10\/iBomber-Defense-Axis-Campaign-14.-Great-Britain-Final-Victory-6-768x432.jpg 768w, https:\/\/ibomberdefense.standardof.net\/wp-content\/uploads\/sites\/5\/2020\/10\/iBomber-Defense-Axis-Campaign-14.-Great-Britain-Final-Victory-6-16x9.jpg 16w, https:\/\/ibomberdefense.standardof.net\/wp-content\/uploads\/sites\/5\/2020\/10\/iBomber-Defense-Axis-Campaign-14.-Great-Britain-Final-Victory-6.jpg 1280w\" sizes=\"(max-width: 800px) 100vw, 800px\" \/><\/a><figcaption>Platzierung des Revolvers der Welle 50.<\/figcaption><\/figure><\/div>\n\n\n\n<hr class=\"wp-block-separator\"\/>\n\n\n\n<h4 class=\"has-text-align-center wp-block-heading\">Videoanleitung<\/h4>\n\n\n\n<figure class=\"wp-block-embed-youtube wp-block-embed is-type-video is-provider-youtube wp-embed-aspect-4-3 wp-has-aspect-ratio\"><div class=\"wp-block-embed__wrapper\">\n<div class=\"ast-oembed-container\" style=\"height: 100%;\"><iframe title=\"iBomber Defense - Gro\u00dfbritannien - Endg\u00fcltiger Sieg! - Veteran + Perfekt\" width=\"500\" height=\"281\" src=\"https:\/\/www.youtube.com\/embed\/kG0MR7czZHg?feature=oembed\" frameborder=\"0\" allow=\"accelerometer; autoplay; clipboard-write; encrypted-media; gyroscope; picture-in-picture; web-share\" referrerpolicy=\"strict-origin-when-cross-origin\" allowfullscreen><\/iframe><\/div>\n<\/div><\/figure>","protected":false},"excerpt":{"rendered":"<p>The fourteenth and final mission in the Axis campaign takes you to the wrecked landscape of Great Britain to fend off 50 waves of combined aircraft, naval units, and ground units. Enemies will approach from multiple paths, from every direction except north with naval units arriving at wave 10 and aircraft at wave 21. Turret [&hellip;]<\/p>","protected":false},"author":1,"featured_media":137,"parent":268,"menu_order":14,"comment_status":"open","ping_status":"closed","template":"","meta":{"_uag_custom_page_level_css":"","site-sidebar-layout":"default","site-content-layout":"default","ast-site-content-layout":"","site-content-style":"default","site-sidebar-style":"default","ast-global-header-display":"","ast-banner-title-visibility":"","ast-main-header-display":"","ast-hfb-above-header-display":"","ast-hfb-below-header-display":"","ast-hfb-mobile-header-display":"","site-post-title":"","ast-breadcrumbs-content":"","ast-featured-img":"","footer-sml-layout":"","theme-transparent-header-meta":"default","adv-header-id-meta":"","stick-header-meta":"","header-above-stick-meta":"","header-main-stick-meta":"","header-below-stick-meta":"","astra-migrate-meta-layouts":"default","ast-page-background-enabled":"default","ast-page-background-meta":{"desktop":{"background-color":"","background-image":"","background-repeat":"repeat","background-position":"center center","background-size":"auto","background-attachment":"scroll","background-type":"","background-media":"","overlay-type":"","overlay-color":"","overlay-gradient":""},"tablet":{"background-color":"","background-image":"","background-repeat":"repeat","background-position":"center center","background-size":"auto","background-attachment":"scroll","background-type":"","background-media":"","overlay-type":"","overlay-color":"","overlay-gradient":""},"mobile":{"background-color":"","background-image":"","background-repeat":"repeat","background-position":"center center","background-size":"auto","background-attachment":"scroll","background-type":"","background-media":"","overlay-type":"","overlay-color":"","overlay-gradient":""}},"ast-content-background-meta":{"desktop":{"background-color":"var(--ast-global-color-5)","background-image":"","background-repeat":"repeat","background-position":"center center","background-size":"auto","background-attachment":"scroll","background-type":"","background-media":"","overlay-type":"","overlay-color":"","overlay-gradient":""},"tablet":{"background-color":"var(--ast-global-color-5)","background-image":"","background-repeat":"repeat","background-position":"center center","background-size":"auto","background-attachment":"scroll","background-type":"","background-media":"","overlay-type":"","overlay-color":"","overlay-gradient":""},"mobile":{"background-color":"var(--ast-global-color-5)","background-image":"","background-repeat":"repeat","background-position":"center center","background-size":"auto","background-attachment":"scroll","background-type":"","background-media":"","overlay-type":"","overlay-color":"","overlay-gradient":""}},"footnotes":""},"uagb_featured_image_src":{"full":["https:\/\/ibomberdefense.standardof.net\/wp-content\/uploads\/sites\/5\/2020\/10\/iBomber-Defense-Axis-Campaign-14.-Great-Britain-Final-Victory-6.jpg",1280,720,false],"thumbnail":["https:\/\/ibomberdefense.standardof.net\/wp-content\/uploads\/sites\/5\/2020\/10\/iBomber-Defense-Axis-Campaign-14.-Great-Britain-Final-Victory-6-200x113.jpg",200,113,true],"medium":["https:\/\/ibomberdefense.standardof.net\/wp-content\/uploads\/sites\/5\/2020\/10\/iBomber-Defense-Axis-Campaign-14.-Great-Britain-Final-Victory-6-512x288.jpg",512,288,true],"medium_large":["https:\/\/ibomberdefense.standardof.net\/wp-content\/uploads\/sites\/5\/2020\/10\/iBomber-Defense-Axis-Campaign-14.-Great-Britain-Final-Victory-6-768x432.jpg",768,432,true],"large":["https:\/\/ibomberdefense.standardof.net\/wp-content\/uploads\/sites\/5\/2020\/10\/iBomber-Defense-Axis-Campaign-14.-Great-Britain-Final-Victory-6-800x450.jpg",800,450,true],"1536x1536":["https:\/\/ibomberdefense.standardof.net\/wp-content\/uploads\/sites\/5\/2020\/10\/iBomber-Defense-Axis-Campaign-14.-Great-Britain-Final-Victory-6.jpg",1280,720,false],"2048x2048":["https:\/\/ibomberdefense.standardof.net\/wp-content\/uploads\/sites\/5\/2020\/10\/iBomber-Defense-Axis-Campaign-14.-Great-Britain-Final-Victory-6.jpg",1280,720,false],"trp-custom-language-flag":["https:\/\/ibomberdefense.standardof.net\/wp-content\/uploads\/sites\/5\/2020\/10\/iBomber-Defense-Axis-Campaign-14.-Great-Britain-Final-Victory-6-16x9.jpg",16,9,true]},"uagb_author_info":{"display_name":"SOE","author_link":"https:\/\/ibomberdefense.standardof.net\/de\/author\/k-tastic\/"},"uagb_comment_info":0,"uagb_excerpt":"The fourteenth and final mission in the Axis campaign takes you to the wrecked landscape of Great Britain to fend off 50 waves of combined aircraft, naval units, and ground units. Enemies will approach from multiple paths, from every direction except north with naval units arriving at wave 10 and aircraft at wave 21. Turret&hellip;","_links":{"self":[{"href":"https:\/\/ibomberdefense.standardof.net\/de\/wp-json\/wp\/v2\/pages\/349"}],"collection":[{"href":"https:\/\/ibomberdefense.standardof.net\/de\/wp-json\/wp\/v2\/pages"}],"about":[{"href":"https:\/\/ibomberdefense.standardof.net\/de\/wp-json\/wp\/v2\/types\/page"}],"author":[{"embeddable":true,"href":"https:\/\/ibomberdefense.standardof.net\/de\/wp-json\/wp\/v2\/users\/1"}],"replies":[{"embeddable":true,"href":"https:\/\/ibomberdefense.standardof.net\/de\/wp-json\/wp\/v2\/comments?post=349"}],"version-history":[{"count":0,"href":"https:\/\/ibomberdefense.standardof.net\/de\/wp-json\/wp\/v2\/pages\/349\/revisions"}],"up":[{"embeddable":true,"href":"https:\/\/ibomberdefense.standardof.net\/de\/wp-json\/wp\/v2\/pages\/268"}],"wp:featuredmedia":[{"embeddable":true,"href":"https:\/\/ibomberdefense.standardof.net\/de\/wp-json\/wp\/v2\/media\/137"}],"wp:attachment":[{"href":"https:\/\/ibomberdefense.standardof.net\/de\/wp-json\/wp\/v2\/media?parent=349"}],"curies":[{"name":"wp","href":"https:\/\/api.w.org\/{rel}","templated":true}]}}