{"id":156,"date":"2020-10-18T16:15:45","date_gmt":"2020-10-18T16:15:45","guid":{"rendered":"https:\/\/ibomberdefense.standardof.net\/?page_id=156"},"modified":"2020-10-19T08:06:58","modified_gmt":"2020-10-19T08:06:58","slug":"quick-play-and-bonus-levels","status":"publish","type":"page","link":"https:\/\/ibomberdefense.standardof.net\/es\/guide\/niveles-de-juego-rapido-y-bonificacion\/","title":{"rendered":"Juego r\u00e1pido y niveles de bonificaci\u00f3n"},"content":{"rendered":"<p>Esta gu\u00eda contin\u00faa el recorrido del videojuego iBomber Defense, que cubre todos los mapas de nivel de bonificaci\u00f3n y juego r\u00e1pido. Estas gu\u00edas est\u00e1n escritas para <strong>Veterano <\/strong>dificultad (m\u00e1s dif\u00edcil) y demostrar los m\u00e9todos utilizados para obtener una <strong>Perfecto <\/strong>calificaci\u00f3n en cada mapa. Estas estrategias est\u00e1n destinadas a ser utilizadas para obtener tambi\u00e9n las medallas de Superviviente, Defensor de base y Guardia de torreta para cada mapa, que pertenecen a los logros de Guardia, Superviviente y Defensor para el veterano y dificultades inferiores.<\/p>\n\n\n\n<p><strong>Nota: <\/strong>Aunque anteriormente mencion\u00e9 lo contrario, las misiones Quickplay difieren significativamente de las misiones de campa\u00f1a en que enfrentar\u00e1s oleadas ligeramente diferentes con opciones de torreta m\u00e1s limitadas. Por eso decid\u00ed continuar la gu\u00eda para estas misiones. Cada nivel est\u00e1 vinculado a continuaci\u00f3n, cada uno con su propia gu\u00eda y p\u00e1gina.<\/p>\n\n\n\n<p>** Esta gu\u00eda y sus subsecciones son actualmente WIP. A medida que se completen y publiquen las gu\u00edas para cada misi\u00f3n, encontrar\u00e1 esta p\u00e1gina actualizada con los enlaces a cada una.<\/p>\n\n\n\n<h3 class=\"wp-block-heading\">Niveles de juego r\u00e1pido aliados:<\/h3>\n\n\n\n<ol><li><strong><a href=\"https:\/\/ibomberdefense.standardof.net\/es\/guide\/niveles-de-juego-rapido-y-bonificacion\/europa-occidental-aliada\/\" class=\"rank-math-link\">Europa Oriental<\/a><\/strong><\/li><li><strong><a href=\"https:\/\/ibomberdefense.standardof.net\/es\/guide\/niveles-de-juego-rapido-y-bonificacion\/aliado-occidental-mediterraneo\/\" class=\"rank-math-link\">Mediterr\u00e1neo occidental<\/a><\/strong><\/li><li>\u00c1frica del Noroeste<\/li><li>Europa Oriental<\/li><li>Sureste de Europa<\/li><li>Mediterr\u00e1neo oriental<\/li><li>Europa del sur<\/li><li>Rusia occidental<\/li><li>Noreste de Europa<\/li><li>Norte de Europa<\/li><li>Alemania<\/li><\/ol>\n\n\n\n<h3 class=\"wp-block-heading\">Niveles de juego r\u00e1pido de Axis:<\/h3>\n\n\n\n<ol><li>Norte de Europa<\/li><li>Rusia occidental<\/li><li>Noreste de Europa<\/li><li>\u00c1frica nororiental<\/li><li>sureste de Europa<\/li><li>Mediterr\u00e1neo oriental<\/li><li>\u00c1frica del Noroeste<\/li><li>Europa del sur<\/li><li>Mediterr\u00e1neo occidental<\/li><li>Europa Oriental<\/li><li>Gran Breta\u00f1a<\/li><\/ol>\n\n\n\n<h3 class=\"wp-block-heading\">Misiones de bonificaci\u00f3n:<\/h3>\n\n\n\n<ol><li>Cosecha Amarga<\/li><li>Entre las ruinas<\/li><\/ol>\n\n\n\n<h3 class=\"wp-block-heading\">Otras gu\u00edas de defensa de iBomber:<\/h3>\n\n\n\n<p>Tutorial de la campa\u00f1a aliada<br>Tutorial de la campa\u00f1a de Axis<\/p>","protected":false},"excerpt":{"rendered":"<p>This guide continues the walkthrough of the video game iBomber Defense, covering all of the Quick Play and Bonus Level maps. These guides are written for the Veteran difficulty (hardest) and demonstrate methods used to get a Perfect rating on every single map. These strategies are meant to be used in order to also achieve [&hellip;]<\/p>","protected":false},"author":1,"featured_media":15,"parent":139,"menu_order":3,"comment_status":"closed","ping_status":"closed","template":"","meta":{"_uag_custom_page_level_css":"","site-sidebar-layout":"default","site-content-layout":"default","ast-site-content-layout":"","site-content-style":"default","site-sidebar-style":"default","ast-global-header-display":"","ast-banner-title-visibility":"","ast-main-header-display":"","ast-hfb-above-header-display":"","ast-hfb-below-header-display":"","ast-hfb-mobile-header-display":"","site-post-title":"","ast-breadcrumbs-content":"","ast-featured-img":"","footer-sml-layout":"","theme-transparent-header-meta":"default","adv-header-id-meta":"","stick-header-meta":"","header-above-stick-meta":"","header-main-stick-meta":"","header-below-stick-meta":"","astra-migrate-meta-layouts":"default","ast-page-background-enabled":"default","ast-page-background-meta":{"desktop":{"background-color":"","background-image":"","background-repeat":"repeat","background-position":"center center","background-size":"auto","background-attachment":"scroll","background-type":"","background-media":"","overlay-type":"","overlay-color":"","overlay-gradient":""},"tablet":{"background-color":"","background-image":"","background-repeat":"repeat","background-position":"center center","background-size":"auto","background-attachment":"scroll","background-type":"","background-media":"","overlay-type":"","overlay-color":"","overlay-gradient":""},"mobile":{"background-color":"","background-image":"","background-repeat":"repeat","background-position":"center center","background-size":"auto","background-attachment":"scroll","background-type":"","background-media":"","overlay-type":"","overlay-color":"","overlay-gradient":""}},"ast-content-background-meta":{"desktop":{"background-color":"var(--ast-global-color-5)","background-image":"","background-repeat":"repeat","background-position":"center center","background-size":"auto","background-attachment":"scroll","background-type":"","background-media":"","overlay-type":"","overlay-color":"","overlay-gradient":""},"tablet":{"background-color":"var(--ast-global-color-5)","background-image":"","background-repeat":"repeat","background-position":"center center","background-size":"auto","background-attachment":"scroll","background-type":"","background-media":"","overlay-type":"","overlay-color":"","overlay-gradient":""},"mobile":{"background-color":"var(--ast-global-color-5)","background-image":"","background-repeat":"repeat","background-position":"center center","background-size":"auto","background-attachment":"scroll","background-type":"","background-media":"","overlay-type":"","overlay-color":"","overlay-gradient":""}},"footnotes":""},"uagb_featured_image_src":{"full":["https:\/\/ibomberdefense.standardof.net\/wp-content\/uploads\/sites\/5\/2020\/10\/iBomber-Defense-Header-1.jpg",1020,766,false],"thumbnail":["https:\/\/ibomberdefense.standardof.net\/wp-content\/uploads\/sites\/5\/2020\/10\/iBomber-Defense-Header-1-200x150.jpg",200,150,true],"medium":["https:\/\/ibomberdefense.standardof.net\/wp-content\/uploads\/sites\/5\/2020\/10\/iBomber-Defense-Header-1-512x385.jpg",512,385,true],"medium_large":["https:\/\/ibomberdefense.standardof.net\/wp-content\/uploads\/sites\/5\/2020\/10\/iBomber-Defense-Header-1-768x577.jpg",768,577,true],"large":["https:\/\/ibomberdefense.standardof.net\/wp-content\/uploads\/sites\/5\/2020\/10\/iBomber-Defense-Header-1-800x601.jpg",800,601,true],"1536x1536":["https:\/\/ibomberdefense.standardof.net\/wp-content\/uploads\/sites\/5\/2020\/10\/iBomber-Defense-Header-1.jpg",1020,766,false],"2048x2048":["https:\/\/ibomberdefense.standardof.net\/wp-content\/uploads\/sites\/5\/2020\/10\/iBomber-Defense-Header-1.jpg",1020,766,false],"trp-custom-language-flag":["https:\/\/ibomberdefense.standardof.net\/wp-content\/uploads\/sites\/5\/2020\/10\/iBomber-Defense-Header-1-16x12.jpg",16,12,true]},"uagb_author_info":{"display_name":"SOE","author_link":"https:\/\/ibomberdefense.standardof.net\/es\/author\/k-tastic\/"},"uagb_comment_info":0,"uagb_excerpt":"This guide continues the walkthrough of the video game iBomber Defense, covering all of the Quick Play and Bonus Level maps. These guides are written for the Veteran difficulty (hardest) and demonstrate methods used to get a Perfect rating on every single map. These strategies are meant to be used in order to also achieve&hellip;","_links":{"self":[{"href":"https:\/\/ibomberdefense.standardof.net\/es\/wp-json\/wp\/v2\/pages\/156"}],"collection":[{"href":"https:\/\/ibomberdefense.standardof.net\/es\/wp-json\/wp\/v2\/pages"}],"about":[{"href":"https:\/\/ibomberdefense.standardof.net\/es\/wp-json\/wp\/v2\/types\/page"}],"author":[{"embeddable":true,"href":"https:\/\/ibomberdefense.standardof.net\/es\/wp-json\/wp\/v2\/users\/1"}],"replies":[{"embeddable":true,"href":"https:\/\/ibomberdefense.standardof.net\/es\/wp-json\/wp\/v2\/comments?post=156"}],"version-history":[{"count":0,"href":"https:\/\/ibomberdefense.standardof.net\/es\/wp-json\/wp\/v2\/pages\/156\/revisions"}],"up":[{"embeddable":true,"href":"https:\/\/ibomberdefense.standardof.net\/es\/wp-json\/wp\/v2\/pages\/139"}],"wp:featuredmedia":[{"embeddable":true,"href":"https:\/\/ibomberdefense.standardof.net\/es\/wp-json\/wp\/v2\/media\/15"}],"wp:attachment":[{"href":"https:\/\/ibomberdefense.standardof.net\/es\/wp-json\/wp\/v2\/media?parent=156"}],"curies":[{"name":"wp","href":"https:\/\/api.w.org\/{rel}","templated":true}]}}