{"id":262,"date":"2020-10-19T05:24:17","date_gmt":"2020-10-19T05:24:17","guid":{"rendered":"https:\/\/ibomberdefense.standardof.net\/?page_id=262"},"modified":"2020-10-19T08:07:07","modified_gmt":"2020-10-19T08:07:07","slug":"allied-western-mediterranean","status":"publish","type":"page","link":"https:\/\/ibomberdefense.standardof.net\/es\/guide\/niveles-de-juego-rapido-y-bonificacion\/aliado-occidental-mediterraneo\/","title":{"rendered":"Nivel de juego r\u00e1pido aliado: Mediterr\u00e1neo occidental"},"content":{"rendered":"<p>Esta gu\u00eda explicativa cubrir\u00e1 el nivel Allied Quick Play del Mediterr\u00e1neo occidental en el videojuego iBomber Defense. Dentro encontrar\u00e1 un video con comentarios junto con instrucciones detalladas sobre c\u00f3mo y qu\u00e9 torretas colocar para proteger su base y lograr una calificaci\u00f3n perfecta junto con las tres medallas en este nivel.<\/p>\n\n\n\n<div class=\"wp-block-image\"><figure class=\"aligncenter size-large\"><a href=\"https:\/\/ibomberdefense.standardof.net\/es\/guide\/niveles-de-juego-rapido-y-bonificacion\/aliado-occidental-mediterraneo\/ibomber-defense-allied-quick-play-02-western-mediterranean-1\/\"><img decoding=\"async\" width=\"800\" height=\"500\" src=\"https:\/\/ibomberdefense.standardof.net\/wp-content\/uploads\/sites\/5\/2020\/10\/iBomber-Defense-Allied-Quick-Play-02-Western-Mediterranean-1-800x500.jpg\" alt=\"&quot;iBomber Defense&quot; - Partida r\u00e1pida aliada 02 - Mediterr\u00e1neo occidental (1)\" class=\"wp-image-10\" title=\"\" srcset=\"https:\/\/ibomberdefense.standardof.net\/wp-content\/uploads\/sites\/5\/2020\/10\/iBomber-Defense-Allied-Quick-Play-02-Western-Mediterranean-1-800x500.jpg 800w, https:\/\/ibomberdefense.standardof.net\/wp-content\/uploads\/sites\/5\/2020\/10\/iBomber-Defense-Allied-Quick-Play-02-Western-Mediterranean-1-512x320.jpg 512w, https:\/\/ibomberdefense.standardof.net\/wp-content\/uploads\/sites\/5\/2020\/10\/iBomber-Defense-Allied-Quick-Play-02-Western-Mediterranean-1-200x125.jpg 200w, https:\/\/ibomberdefense.standardof.net\/wp-content\/uploads\/sites\/5\/2020\/10\/iBomber-Defense-Allied-Quick-Play-02-Western-Mediterranean-1-768x480.jpg 768w, https:\/\/ibomberdefense.standardof.net\/wp-content\/uploads\/sites\/5\/2020\/10\/iBomber-Defense-Allied-Quick-Play-02-Western-Mediterranean-1-16x10.jpg 16w, https:\/\/ibomberdefense.standardof.net\/wp-content\/uploads\/sites\/5\/2020\/10\/iBomber-Defense-Allied-Quick-Play-02-Western-Mediterranean-1.jpg 1280w\" sizes=\"(max-width: 800px) 100vw, 800px\" \/><\/a><figcaption>El camino que tomar\u00e1n las unidades enemigas en el Mediterr\u00e1neo occidental.<\/figcaption><\/figure><\/div>\n\n\n\n<p>Otra simple misi\u00f3n de juego r\u00e1pido, en la versi\u00f3n aliada del Mediterr\u00e1neo occidental te enfrentar\u00e1s a una serie de unidades navales mixtas \u00fanicamente, que atraviesan un tr\u00edo de islas espaciadas entre algunas pen\u00ednsulas continentales, viajando desde el suroeste al noreste. Esta misi\u00f3n se centrar\u00e1 en la calidad de las torretas y la ubicaci\u00f3n sobre la cantidad, ya que utilizar las pocas posiciones \u00f3ptimas de disparo ser\u00e1 clave aqu\u00ed.<\/p>\n\n\n\n<h3 class=\"wp-block-heading\">Gasto de puntos de victoria:<\/h3>\n\n\n\n<p>Solo un punto para gastar, deber\u00eda destinarse a actualizar las torretas de Ametralladora para desbloquear el nivel tres, que ser\u00e1 de gran ayuda en esta misi\u00f3n.<\/p>\n\n\n\n<div class=\"wp-block-image\"><figure class=\"aligncenter size-large\"><a href=\"https:\/\/ibomberdefense.standardof.net\/es\/guide\/niveles-de-juego-rapido-y-bonificacion\/aliado-occidental-mediterraneo\/ibomber-defense-allied-quick-play-02-western-mediterranean-2\/\"><img decoding=\"async\" width=\"800\" height=\"500\" src=\"https:\/\/ibomberdefense.standardof.net\/wp-content\/uploads\/sites\/5\/2020\/10\/iBomber-Defense-Allied-Quick-Play-02-Western-Mediterranean-2-800x500.jpg\" alt=\"&quot;iBomber Defense&quot; - Partida r\u00e1pida aliada 02 - Mediterr\u00e1neo occidental (2)\" class=\"wp-image-11\" title=\"\" srcset=\"https:\/\/ibomberdefense.standardof.net\/wp-content\/uploads\/sites\/5\/2020\/10\/iBomber-Defense-Allied-Quick-Play-02-Western-Mediterranean-2-800x500.jpg 800w, https:\/\/ibomberdefense.standardof.net\/wp-content\/uploads\/sites\/5\/2020\/10\/iBomber-Defense-Allied-Quick-Play-02-Western-Mediterranean-2-512x320.jpg 512w, https:\/\/ibomberdefense.standardof.net\/wp-content\/uploads\/sites\/5\/2020\/10\/iBomber-Defense-Allied-Quick-Play-02-Western-Mediterranean-2-200x125.jpg 200w, https:\/\/ibomberdefense.standardof.net\/wp-content\/uploads\/sites\/5\/2020\/10\/iBomber-Defense-Allied-Quick-Play-02-Western-Mediterranean-2-768x480.jpg 768w, https:\/\/ibomberdefense.standardof.net\/wp-content\/uploads\/sites\/5\/2020\/10\/iBomber-Defense-Allied-Quick-Play-02-Western-Mediterranean-2-16x10.jpg 16w, https:\/\/ibomberdefense.standardof.net\/wp-content\/uploads\/sites\/5\/2020\/10\/iBomber-Defense-Allied-Quick-Play-02-Western-Mediterranean-2.jpg 1280w\" sizes=\"(max-width: 800px) 100vw, 800px\" \/><\/a><figcaption>Gu\u00eda de colocaci\u00f3n de torreta.<\/figcaption><\/figure><\/div>\n\n\n\n<h3 class=\"wp-block-heading\">Colocaci\u00f3n de la torreta<\/h3>\n\n\n\n<p>Para el prop\u00f3sito de la gu\u00eda de esta misi\u00f3n, tomar\u00e9 un enfoque ligeramente diferente al normal, ya que la estrategia utilizada maneja solo un pu\u00f1ado de torretas colocadas en ubicaciones estrat\u00e9gicas, repasar\u00e9 una gu\u00eda de ubicaci\u00f3n paso a paso para cada torreta individualmente y ola en la que se colocan. Aseg\u00farese de consultar la segunda imagen a la derecha para conocer las ubicaciones adecuadas de los puntos mencionados.<\/p>\n\n\n\n<p>Ola 1: comience construyendo y mejorando completamente una ametralladora al nivel 3, colocada en el punto <strong>UN<\/strong>, que es la peque\u00f1a isla de un solo punto cerca de donde los barcos ingresan al mapa. Est\u00e9 atento a esta torreta a lo largo del nivel, ya que eventualmente deber\u00e1 repararla hacia el final.<\/p>\n\n\n\n<p>Fin de la Ola 4: Coloca una torreta de ametralladora de nivel 1 en el punto <strong>segundo<\/strong>, en la pen\u00ednsula continental en el lugar que sobresale en el agua, m\u00e1s al oeste. Actualice al nivel 2 en la ola 6 y al nivel 3 al final de la ola 8.<\/p>\n\n\n\n<p>Ola 9: coloque su tercera y \u00faltima ametralladora en el punto <strong>re<\/strong> en el punto m\u00e1s al sur de la isla del norte. Actualice al nivel 2 en la oleada 10.<\/p>\n\n\n\n<p>Fin de la oleada 13: coloca tu primera torreta de ca\u00f1\u00f3n en el punto <strong>C<\/strong> en la pen\u00ednsula sur, 2 casillas a la derecha y una casilla hacia arriba desde la Ametralladora en el mismo terreno que construiste antes.<\/p>\n\n\n\n<p>Ola 16: Mejora el punto <strong>re<\/strong> Torreta MG a su nivel final (3).<\/p>\n\n\n\n<p>Ola 17: construye un segundo ca\u00f1\u00f3n en el punto <strong>mi<\/strong> que es un cuadrado al noreste del punto el punto <strong>re<\/strong> ametralladora que acaba de actualizar.<\/p>\n\n\n\n<p>De ahora en adelante, actualice su primer ca\u00f1\u00f3n en el punto C al nivel 2 cuando tenga la oportunidad y revise sus torretas principales para ver si necesitan reparaciones. Deber\u00eda ser una envoltura con lo que tienes ahora.<\/p>\n\n\n\n<figure class=\"wp-block-gallery columns-2 is-cropped wp-block-gallery-1 is-layout-flex wp-block-gallery-is-layout-flex\"><ul class=\"blocks-gallery-grid\"><li class=\"blocks-gallery-item\"><figure><a href=\"https:\/\/ibomberdefense.standardof.net\/es\/guide\/niveles-de-juego-rapido-y-bonificacion\/aliado-occidental-mediterraneo\/ibomber-defense-allied-quick-play-02-western-mediterranean-3\/\"><img decoding=\"async\" width=\"800\" height=\"500\" src=\"https:\/\/ibomberdefense.standardof.net\/wp-content\/uploads\/sites\/5\/2020\/10\/iBomber-Defense-Allied-Quick-Play-02-Western-Mediterranean-3-800x500.jpg\" alt=\"&quot;iBomber Defense&quot; - Partida r\u00e1pida aliada 02 - Mediterr\u00e1neo occidental (3)\" data-id=\"12\" data-full-url=\"https:\/\/ibomberdefense.standardof.net\/wp-content\/uploads\/sites\/5\/2020\/10\/iBomber-Defense-Allied-Quick-Play-02-Western-Mediterranean-3.jpg\" data-link=\"https:\/\/ibomberdefense.standardof.net\/guide\/quick-play-and-bonus-levels\/allied-western-mediterranean\/ibomber-defense-allied-quick-play-02-western-mediterranean-3\/\" class=\"wp-image-12\" title=\"\" srcset=\"https:\/\/ibomberdefense.standardof.net\/wp-content\/uploads\/sites\/5\/2020\/10\/iBomber-Defense-Allied-Quick-Play-02-Western-Mediterranean-3-800x500.jpg 800w, https:\/\/ibomberdefense.standardof.net\/wp-content\/uploads\/sites\/5\/2020\/10\/iBomber-Defense-Allied-Quick-Play-02-Western-Mediterranean-3-512x320.jpg 512w, https:\/\/ibomberdefense.standardof.net\/wp-content\/uploads\/sites\/5\/2020\/10\/iBomber-Defense-Allied-Quick-Play-02-Western-Mediterranean-3-200x125.jpg 200w, https:\/\/ibomberdefense.standardof.net\/wp-content\/uploads\/sites\/5\/2020\/10\/iBomber-Defense-Allied-Quick-Play-02-Western-Mediterranean-3-768x480.jpg 768w, https:\/\/ibomberdefense.standardof.net\/wp-content\/uploads\/sites\/5\/2020\/10\/iBomber-Defense-Allied-Quick-Play-02-Western-Mediterranean-3-16x10.jpg 16w, https:\/\/ibomberdefense.standardof.net\/wp-content\/uploads\/sites\/5\/2020\/10\/iBomber-Defense-Allied-Quick-Play-02-Western-Mediterranean-3.jpg 1280w\" sizes=\"(max-width: 800px) 100vw, 800px\" \/><\/a><figcaption class=\"blocks-gallery-item__caption\">Colocaci\u00f3n de la torreta Wave 10.<\/figcaption><\/figure><\/li><li class=\"blocks-gallery-item\"><figure><a href=\"https:\/\/ibomberdefense.standardof.net\/es\/guide\/niveles-de-juego-rapido-y-bonificacion\/aliado-occidental-mediterraneo\/ibomber-defense-allied-quick-play-02-western-mediterranean-4\/\"><img decoding=\"async\" width=\"800\" height=\"500\" src=\"https:\/\/ibomberdefense.standardof.net\/wp-content\/uploads\/sites\/5\/2020\/10\/iBomber-Defense-Allied-Quick-Play-02-Western-Mediterranean-4-800x500.jpg\" alt=\"&quot;iBomber Defense&quot; - Partida r\u00e1pida aliada 02 - Mediterr\u00e1neo occidental (4)\" data-id=\"13\" data-full-url=\"https:\/\/ibomberdefense.standardof.net\/wp-content\/uploads\/sites\/5\/2020\/10\/iBomber-Defense-Allied-Quick-Play-02-Western-Mediterranean-4.jpg\" data-link=\"https:\/\/ibomberdefense.standardof.net\/guide\/quick-play-and-bonus-levels\/allied-western-mediterranean\/ibomber-defense-allied-quick-play-02-western-mediterranean-4\/\" class=\"wp-image-13\" title=\"\" srcset=\"https:\/\/ibomberdefense.standardof.net\/wp-content\/uploads\/sites\/5\/2020\/10\/iBomber-Defense-Allied-Quick-Play-02-Western-Mediterranean-4-800x500.jpg 800w, https:\/\/ibomberdefense.standardof.net\/wp-content\/uploads\/sites\/5\/2020\/10\/iBomber-Defense-Allied-Quick-Play-02-Western-Mediterranean-4-512x320.jpg 512w, https:\/\/ibomberdefense.standardof.net\/wp-content\/uploads\/sites\/5\/2020\/10\/iBomber-Defense-Allied-Quick-Play-02-Western-Mediterranean-4-200x125.jpg 200w, https:\/\/ibomberdefense.standardof.net\/wp-content\/uploads\/sites\/5\/2020\/10\/iBomber-Defense-Allied-Quick-Play-02-Western-Mediterranean-4-768x480.jpg 768w, https:\/\/ibomberdefense.standardof.net\/wp-content\/uploads\/sites\/5\/2020\/10\/iBomber-Defense-Allied-Quick-Play-02-Western-Mediterranean-4-16x10.jpg 16w, https:\/\/ibomberdefense.standardof.net\/wp-content\/uploads\/sites\/5\/2020\/10\/iBomber-Defense-Allied-Quick-Play-02-Western-Mediterranean-4.jpg 1280w\" sizes=\"(max-width: 800px) 100vw, 800px\" \/><\/a><figcaption class=\"blocks-gallery-item__caption\">Ola 20.<\/figcaption><\/figure><\/li><\/ul><\/figure>\n\n\n\n<hr class=\"wp-block-separator\"\/>\n\n\n\n<h4 class=\"has-text-align-center wp-block-heading\">Gu\u00eda de video<\/h4>\n\n\n\n<figure class=\"wp-block-embed-youtube wp-block-embed is-type-video is-provider-youtube wp-embed-aspect-4-3 wp-has-aspect-ratio\"><div class=\"wp-block-embed__wrapper\">\n<div class=\"ast-oembed-container\" style=\"height: 100%;\"><iframe title=\"iBomber Defense - Mediterr\u00e1neo occidental - Modo de juego r\u00e1pido - Veterano + Perfecto\" width=\"500\" height=\"375\" src=\"https:\/\/www.youtube.com\/embed\/9nyuZG1F55g?feature=oembed\" frameborder=\"0\" allow=\"accelerometer; autoplay; clipboard-write; encrypted-media; gyroscope; picture-in-picture; web-share\" referrerpolicy=\"strict-origin-when-cross-origin\" allowfullscreen><\/iframe><\/div>\n<\/div><\/figure>","protected":false},"excerpt":{"rendered":"<p>This walkthrough guide will cover the Western Mediterranean, Allied Quick Play level in the video game iBomber Defense. Within you will find a video playthrough with commentary along with detailed instructions on how and what turrets to place in order to protect your base and achieve a perfect rating along with all three medals in [&hellip;]<\/p>","protected":false},"author":1,"featured_media":13,"parent":156,"menu_order":2,"comment_status":"open","ping_status":"closed","template":"","meta":{"_uag_custom_page_level_css":"","site-sidebar-layout":"default","site-content-layout":"default","ast-site-content-layout":"","site-content-style":"default","site-sidebar-style":"default","ast-global-header-display":"","ast-banner-title-visibility":"","ast-main-header-display":"","ast-hfb-above-header-display":"","ast-hfb-below-header-display":"","ast-hfb-mobile-header-display":"","site-post-title":"","ast-breadcrumbs-content":"","ast-featured-img":"","footer-sml-layout":"","theme-transparent-header-meta":"default","adv-header-id-meta":"","stick-header-meta":"","header-above-stick-meta":"","header-main-stick-meta":"","header-below-stick-meta":"","astra-migrate-meta-layouts":"default","ast-page-background-enabled":"default","ast-page-background-meta":{"desktop":{"background-color":"","background-image":"","background-repeat":"repeat","background-position":"center center","background-size":"auto","background-attachment":"scroll","background-type":"","background-media":"","overlay-type":"","overlay-color":"","overlay-gradient":""},"tablet":{"background-color":"","background-image":"","background-repeat":"repeat","background-position":"center center","background-size":"auto","background-attachment":"scroll","background-type":"","background-media":"","overlay-type":"","overlay-color":"","overlay-gradient":""},"mobile":{"background-color":"","background-image":"","background-repeat":"repeat","background-position":"center center","background-size":"auto","background-attachment":"scroll","background-type":"","background-media":"","overlay-type":"","overlay-color":"","overlay-gradient":""}},"ast-content-background-meta":{"desktop":{"background-color":"var(--ast-global-color-5)","background-image":"","background-repeat":"repeat","background-position":"center center","background-size":"auto","background-attachment":"scroll","background-type":"","background-media":"","overlay-type":"","overlay-color":"","overlay-gradient":""},"tablet":{"background-color":"var(--ast-global-color-5)","background-image":"","background-repeat":"repeat","background-position":"center center","background-size":"auto","background-attachment":"scroll","background-type":"","background-media":"","overlay-type":"","overlay-color":"","overlay-gradient":""},"mobile":{"background-color":"var(--ast-global-color-5)","background-image":"","background-repeat":"repeat","background-position":"center center","background-size":"auto","background-attachment":"scroll","background-type":"","background-media":"","overlay-type":"","overlay-color":"","overlay-gradient":""}},"footnotes":""},"uagb_featured_image_src":{"full":["https:\/\/ibomberdefense.standardof.net\/wp-content\/uploads\/sites\/5\/2020\/10\/iBomber-Defense-Allied-Quick-Play-02-Western-Mediterranean-4.jpg",1280,800,false],"thumbnail":["https:\/\/ibomberdefense.standardof.net\/wp-content\/uploads\/sites\/5\/2020\/10\/iBomber-Defense-Allied-Quick-Play-02-Western-Mediterranean-4-200x125.jpg",200,125,true],"medium":["https:\/\/ibomberdefense.standardof.net\/wp-content\/uploads\/sites\/5\/2020\/10\/iBomber-Defense-Allied-Quick-Play-02-Western-Mediterranean-4-512x320.jpg",512,320,true],"medium_large":["https:\/\/ibomberdefense.standardof.net\/wp-content\/uploads\/sites\/5\/2020\/10\/iBomber-Defense-Allied-Quick-Play-02-Western-Mediterranean-4-768x480.jpg",768,480,true],"large":["https:\/\/ibomberdefense.standardof.net\/wp-content\/uploads\/sites\/5\/2020\/10\/iBomber-Defense-Allied-Quick-Play-02-Western-Mediterranean-4-800x500.jpg",800,500,true],"1536x1536":["https:\/\/ibomberdefense.standardof.net\/wp-content\/uploads\/sites\/5\/2020\/10\/iBomber-Defense-Allied-Quick-Play-02-Western-Mediterranean-4.jpg",1280,800,false],"2048x2048":["https:\/\/ibomberdefense.standardof.net\/wp-content\/uploads\/sites\/5\/2020\/10\/iBomber-Defense-Allied-Quick-Play-02-Western-Mediterranean-4.jpg",1280,800,false],"trp-custom-language-flag":["https:\/\/ibomberdefense.standardof.net\/wp-content\/uploads\/sites\/5\/2020\/10\/iBomber-Defense-Allied-Quick-Play-02-Western-Mediterranean-4-16x10.jpg",16,10,true]},"uagb_author_info":{"display_name":"SOE","author_link":"https:\/\/ibomberdefense.standardof.net\/es\/author\/k-tastic\/"},"uagb_comment_info":0,"uagb_excerpt":"This walkthrough guide will cover the Western Mediterranean, Allied Quick Play level in the video game iBomber Defense. Within you will find a video playthrough with commentary along with detailed instructions on how and what turrets to place in order to protect your base and achieve a perfect rating along with all three medals in&hellip;","_links":{"self":[{"href":"https:\/\/ibomberdefense.standardof.net\/es\/wp-json\/wp\/v2\/pages\/262"}],"collection":[{"href":"https:\/\/ibomberdefense.standardof.net\/es\/wp-json\/wp\/v2\/pages"}],"about":[{"href":"https:\/\/ibomberdefense.standardof.net\/es\/wp-json\/wp\/v2\/types\/page"}],"author":[{"embeddable":true,"href":"https:\/\/ibomberdefense.standardof.net\/es\/wp-json\/wp\/v2\/users\/1"}],"replies":[{"embeddable":true,"href":"https:\/\/ibomberdefense.standardof.net\/es\/wp-json\/wp\/v2\/comments?post=262"}],"version-history":[{"count":0,"href":"https:\/\/ibomberdefense.standardof.net\/es\/wp-json\/wp\/v2\/pages\/262\/revisions"}],"up":[{"embeddable":true,"href":"https:\/\/ibomberdefense.standardof.net\/es\/wp-json\/wp\/v2\/pages\/156"}],"wp:featuredmedia":[{"embeddable":true,"href":"https:\/\/ibomberdefense.standardof.net\/es\/wp-json\/wp\/v2\/media\/13"}],"wp:attachment":[{"href":"https:\/\/ibomberdefense.standardof.net\/es\/wp-json\/wp\/v2\/media?parent=262"}],"curies":[{"name":"wp","href":"https:\/\/api.w.org\/{rel}","templated":true}]}}