{"id":266,"date":"2020-10-19T05:28:50","date_gmt":"2020-10-19T05:28:50","guid":{"rendered":"https:\/\/ibomberdefense.standardof.net\/?page_id=266"},"modified":"2020-10-19T08:06:52","modified_gmt":"2020-10-19T08:06:52","slug":"allied-campaign","status":"publish","type":"page","link":"https:\/\/ibomberdefense.standardof.net\/es\/guide\/campana-aliada\/","title":{"rendered":"Campa\u00f1a aliada"},"content":{"rendered":"<h2 class=\"wp-block-heading\">Parte 1<\/h2>\n\n\n\n<p>Este tutorial cubrir\u00e1 las primeras 7 misiones jugadas en el modo campa\u00f1a Allied en el videojuego para PC y iPhone. <em>iBomber Defense<\/em>. La dificultad de los playthroughs realizados para la redacci\u00f3n de esta gu\u00eda y la creaci\u00f3n de sus videos se establece en <strong>Veterano<\/strong>, o la dificultad m\u00e1s dif\u00edcil del juego. Adem\u00e1s, los videos mostrar\u00e1n c\u00f3mo obtener un <strong>Perfecto <\/strong>calificaci\u00f3n en todos los niveles.<\/p>\n\n\n\n<p>Esta gu\u00eda y sus videos se pueden usar para desbloquear las tres medallas en Veteran; Superviviente, Defensor de la base y Guardia de la torreta.<\/p>\n\n\n\n<ol><li><a href=\"https:\/\/ibomberdefense.standardof.net\/es\/guide\/campana-aliada\/1-europa-occidental-la-lucha-comienza-aqui\/\" class=\"rank-math-link\">Europa occidental: \u00a1La lucha comienza aqu\u00ed!<\/a><\/li><li><a href=\"https:\/\/ibomberdefense.standardof.net\/es\/guide\/campana-aliada\/2-diablos-del-mar-mediterraneo-occidental\/\" class=\"rank-math-link\">Mediterr\u00e1neo occidental: Sea Devils!<\/a><\/li><li><a href=\"https:\/\/ibomberdefense.standardof.net\/es\/guide\/campana-aliada\/3-noroeste-africa-seiged-2\/\" class=\"rank-math-link\">\u00c1frica del noroeste: Seiged<\/a><\/li><li><a href=\"https:\/\/ibomberdefense.standardof.net\/es\/guide\/campana-aliada\/4-noroeste-africa-contraataque-2\/\" class=\"rank-math-link\">\u00c1frica noroccidental: contraataque<\/a><\/li><li><a href=\"https:\/\/ibomberdefense.standardof.net\/es\/guide\/campana-aliada\/5-nordeste-africa-escorpion-rojo\/\" class=\"rank-math-link\">\u00c1frica nororiental: escorpi\u00f3n rojo<\/a><\/li><li><a href=\"https:\/\/ibomberdefense.standardof.net\/es\/guide\/campana-aliada\/6-sudeste-europa-eightball\/\" class=\"rank-math-link\">Sudeste de Europa: Eightball<\/a><\/li><li><a href=\"https:\/\/ibomberdefense.standardof.net\/es\/guide\/campana-aliada\/7-cuello-de-botella-mediterraneo-oriental\/\" class=\"rank-math-link\">Mediterr\u00e1neo oriental: cuello de botella<\/a><\/li><\/ol>\n\n\n\n<h2 class=\"wp-block-heading\">Parte 2<\/h2>\n\n\n\n<p>Esta gu\u00eda contin\u00faa la segunda mitad y las siete \u00faltimas misiones de la campa\u00f1a aliada en el videojuego. <em>iBomber Defense<\/em>. Como se mencion\u00f3 anteriormente en la primera mitad, estas gu\u00edas est\u00e1n escritas para el <strong>Veterano <\/strong>dificultad (m\u00e1s dif\u00edcil) y demostrar los m\u00e9todos utilizados para obtener una <strong>Perfecto <\/strong>calificaci\u00f3n en cada mapa.<\/p>\n\n\n\n<p>En este punto de la campa\u00f1a, es importante tener en cuenta que todas las actualizaciones se han desbloqueado por completo a partir de la misi\u00f3n 7, ya que lograr la perfecci\u00f3n en cada misi\u00f3n otorga suficientes puntos de victoria para hacerlo. Por esta raz\u00f3n, los puntos de victoria y su gasto no se discutir\u00e1n en este semestre por considerar que ya no son relevantes.<\/p>\n\n\n\n<ul><li>8. <a href=\"https:\/\/ibomberdefense.standardof.net\/es\/guide\/campana-aliada\/8-contraataque-mediterraneo-oriental\/\" class=\"rank-math-link\">Mediterr\u00e1neo oriental: contraataque<\/a><\/li><li>9. <a href=\"https:\/\/ibomberdefense.standardof.net\/es\/guide\/campana-aliada\/9-sudeste-europa-snowblind\/\" class=\"rank-math-link\">Sureste de Europa: Snowblind<\/a><\/li><li>10. <a href=\"https:\/\/ibomberdefense.standardof.net\/es\/guide\/campana-aliada\/10-rusia-occidental-barbarroja\/\" class=\"rank-math-link\">Rusia occidental: Barbarroja<\/a><\/li><li>11. <a href=\"https:\/\/ibomberdefense.standardof.net\/es\/guide\/campana-aliada\/11-noreste-europa-corazon-de-roble\/\" class=\"rank-math-link\">Noreste de Europa: Heart of Oak<\/a><\/li><li>12. <a href=\"https:\/\/ibomberdefense.standardof.net\/es\/guide\/campana-aliada\/12-tormenta-de-fuego-del-norte-de-europa\/\" class=\"rank-math-link\">Europa del Norte: Tormenta de fuego<\/a><\/li><li>13. <a href=\"https:\/\/ibomberdefense.standardof.net\/es\/guide\/campana-aliada\/13-sudeste-europa-contraataque\/\" class=\"rank-math-link\">Sudeste de Europa: contraataque<\/a><\/li><li>14. <a href=\"https:\/\/ibomberdefense.standardof.net\/es\/guide\/campana-aliada\/14-alemania-la-pelea-final\/\" class=\"rank-math-link\">Alemania: la lucha final<\/a><\/li><\/ul>","protected":false},"excerpt":{"rendered":"<p>Part 1 This walkthrough will cover the first 7 missions played in the Allied campaign mode in the PC and iPhone video game iBomber Defense. The difficulty of the playthroughs performed for the writing of this guide and the creation of its videos is set to Veteran, or the hardest difficulty in the game. In [&hellip;]<\/p>","protected":false},"author":1,"featured_media":15,"parent":139,"menu_order":1,"comment_status":"open","ping_status":"closed","template":"","meta":{"_uag_custom_page_level_css":"","site-sidebar-layout":"default","site-content-layout":"default","ast-site-content-layout":"","site-content-style":"default","site-sidebar-style":"default","ast-global-header-display":"","ast-banner-title-visibility":"","ast-main-header-display":"","ast-hfb-above-header-display":"","ast-hfb-below-header-display":"","ast-hfb-mobile-header-display":"","site-post-title":"","ast-breadcrumbs-content":"","ast-featured-img":"","footer-sml-layout":"","theme-transparent-header-meta":"default","adv-header-id-meta":"","stick-header-meta":"","header-above-stick-meta":"","header-main-stick-meta":"","header-below-stick-meta":"","astra-migrate-meta-layouts":"default","ast-page-background-enabled":"default","ast-page-background-meta":{"desktop":{"background-color":"","background-image":"","background-repeat":"repeat","background-position":"center center","background-size":"auto","background-attachment":"scroll","background-type":"","background-media":"","overlay-type":"","overlay-color":"","overlay-gradient":""},"tablet":{"background-color":"","background-image":"","background-repeat":"repeat","background-position":"center center","background-size":"auto","background-attachment":"scroll","background-type":"","background-media":"","overlay-type":"","overlay-color":"","overlay-gradient":""},"mobile":{"background-color":"","background-image":"","background-repeat":"repeat","background-position":"center center","background-size":"auto","background-attachment":"scroll","background-type":"","background-media":"","overlay-type":"","overlay-color":"","overlay-gradient":""}},"ast-content-background-meta":{"desktop":{"background-color":"var(--ast-global-color-5)","background-image":"","background-repeat":"repeat","background-position":"center center","background-size":"auto","background-attachment":"scroll","background-type":"","background-media":"","overlay-type":"","overlay-color":"","overlay-gradient":""},"tablet":{"background-color":"var(--ast-global-color-5)","background-image":"","background-repeat":"repeat","background-position":"center center","background-size":"auto","background-attachment":"scroll","background-type":"","background-media":"","overlay-type":"","overlay-color":"","overlay-gradient":""},"mobile":{"background-color":"var(--ast-global-color-5)","background-image":"","background-repeat":"repeat","background-position":"center center","background-size":"auto","background-attachment":"scroll","background-type":"","background-media":"","overlay-type":"","overlay-color":"","overlay-gradient":""}},"footnotes":""},"uagb_featured_image_src":{"full":["https:\/\/ibomberdefense.standardof.net\/wp-content\/uploads\/sites\/5\/2020\/10\/iBomber-Defense-Header-1.jpg",1020,766,false],"thumbnail":["https:\/\/ibomberdefense.standardof.net\/wp-content\/uploads\/sites\/5\/2020\/10\/iBomber-Defense-Header-1-200x150.jpg",200,150,true],"medium":["https:\/\/ibomberdefense.standardof.net\/wp-content\/uploads\/sites\/5\/2020\/10\/iBomber-Defense-Header-1-512x385.jpg",512,385,true],"medium_large":["https:\/\/ibomberdefense.standardof.net\/wp-content\/uploads\/sites\/5\/2020\/10\/iBomber-Defense-Header-1-768x577.jpg",768,577,true],"large":["https:\/\/ibomberdefense.standardof.net\/wp-content\/uploads\/sites\/5\/2020\/10\/iBomber-Defense-Header-1-800x601.jpg",800,601,true],"1536x1536":["https:\/\/ibomberdefense.standardof.net\/wp-content\/uploads\/sites\/5\/2020\/10\/iBomber-Defense-Header-1.jpg",1020,766,false],"2048x2048":["https:\/\/ibomberdefense.standardof.net\/wp-content\/uploads\/sites\/5\/2020\/10\/iBomber-Defense-Header-1.jpg",1020,766,false],"trp-custom-language-flag":["https:\/\/ibomberdefense.standardof.net\/wp-content\/uploads\/sites\/5\/2020\/10\/iBomber-Defense-Header-1-16x12.jpg",16,12,true]},"uagb_author_info":{"display_name":"SOE","author_link":"https:\/\/ibomberdefense.standardof.net\/es\/author\/k-tastic\/"},"uagb_comment_info":0,"uagb_excerpt":"Part 1 This walkthrough will cover the first 7 missions played in the Allied campaign mode in the PC and iPhone video game iBomber Defense. The difficulty of the playthroughs performed for the writing of this guide and the creation of its videos is set to Veteran, or the hardest difficulty in the game. In&hellip;","_links":{"self":[{"href":"https:\/\/ibomberdefense.standardof.net\/es\/wp-json\/wp\/v2\/pages\/266"}],"collection":[{"href":"https:\/\/ibomberdefense.standardof.net\/es\/wp-json\/wp\/v2\/pages"}],"about":[{"href":"https:\/\/ibomberdefense.standardof.net\/es\/wp-json\/wp\/v2\/types\/page"}],"author":[{"embeddable":true,"href":"https:\/\/ibomberdefense.standardof.net\/es\/wp-json\/wp\/v2\/users\/1"}],"replies":[{"embeddable":true,"href":"https:\/\/ibomberdefense.standardof.net\/es\/wp-json\/wp\/v2\/comments?post=266"}],"version-history":[{"count":0,"href":"https:\/\/ibomberdefense.standardof.net\/es\/wp-json\/wp\/v2\/pages\/266\/revisions"}],"up":[{"embeddable":true,"href":"https:\/\/ibomberdefense.standardof.net\/es\/wp-json\/wp\/v2\/pages\/139"}],"wp:featuredmedia":[{"embeddable":true,"href":"https:\/\/ibomberdefense.standardof.net\/es\/wp-json\/wp\/v2\/media\/15"}],"wp:attachment":[{"href":"https:\/\/ibomberdefense.standardof.net\/es\/wp-json\/wp\/v2\/media?parent=266"}],"curies":[{"name":"wp","href":"https:\/\/api.w.org\/{rel}","templated":true}]}}