{"id":268,"date":"2020-10-19T05:30:12","date_gmt":"2020-10-19T05:30:12","guid":{"rendered":"https:\/\/ibomberdefense.standardof.net\/?page_id=268"},"modified":"2020-10-19T08:06:55","modified_gmt":"2020-10-19T08:06:55","slug":"axis-campaign","status":"publish","type":"page","link":"https:\/\/ibomberdefense.standardof.net\/es\/guide\/campana-eje\/","title":{"rendered":"Campa\u00f1a Axis"},"content":{"rendered":"<h2 class=\"wp-block-heading\">Parte 1<\/h2>\n\n\n\n<p>Esta es una gu\u00eda para el videojuego. <em>iBomber Defense<\/em>y proporciona recorridos para los primeros siete niveles de la campa\u00f1a Axis. Esta gu\u00eda est\u00e1 escrita para <strong>Veterano <\/strong>dificultad (m\u00e1s dif\u00edcil) y demuestra los m\u00e9todos utilizados para obtener una <strong>Perfecto <\/strong>calificaci\u00f3n en cada mapa. Dentro encontrar\u00e1 videos, mapas e informaci\u00f3n adicional \u00fatil.<\/p>\n\n\n\n<p>Comenzar la nueva campa\u00f1a del Eje despu\u00e9s de completar la Campa\u00f1a Aliada te permite comenzar de nuevo en t\u00e9rminos de adquisici\u00f3n de puntos de victoria, con dos torretas sustancialmente diferentes a las variantes Aliadas: Firestorm y X-Weapon reemplazan al Sabotage y Comms, respectivamente. Adem\u00e1s, dado que ya no tiene Comunicaciones, ya no se pueden acumular intereses; sin embargo, las torretas del Eje son m\u00e1s baratas de construir. Las estrategias espec\u00edficas que han cambiado se discutir\u00e1n en las secciones de nivel a continuaci\u00f3n.<\/p>\n\n\n\n<h3 class=\"wp-block-heading\"><strong>Tabla de contenido<\/strong><\/h3>\n\n\n\n<ol><li><a href=\"https:\/\/ibomberdefense.standardof.net\/es\/guide\/campana-eje\/1-norte-de-europa-valhalla\/\" class=\"rank-math-link\">Europa del Norte: Valhalla<\/a><\/li><li><a href=\"https:\/\/ibomberdefense.standardof.net\/es\/guide\/campana-eje\/2-rayo-de-europa-noreste\/\" class=\"rank-math-link\">Noreste de Europa: Lightning Bolt<\/a><\/li><li><a href=\"https:\/\/ibomberdefense.standardof.net\/es\/guide\/campana-eje\/3-rusia-occidental-barba-roja\/\" class=\"rank-math-link\">Rusia Occidental: Barba Roja<\/a><\/li><li><a href=\"https:\/\/ibomberdefense.standardof.net\/es\/guide\/campana-eje\/4-norte-este-europa-contraataque\/\" class=\"rank-math-link\">Noreste de Europa: contraataque<\/a><\/li><li><a href=\"https:\/\/ibomberdefense.standardof.net\/es\/guide\/campana-eje\/5-norte-este-africa-desierto-anochecer\/\" class=\"rank-math-link\">\u00c1frica nororiental: atardecer en el desierto<\/a><\/li><li><a href=\"https:\/\/ibomberdefense.standardof.net\/es\/guide\/campana-eje\/6-ola-de-calor-del-sureste-de-europa\/\" class=\"rank-math-link\">Sureste de Europa: Ola de calor<\/a><\/li><li><a href=\"https:\/\/ibomberdefense.standardof.net\/es\/guide\/campana-eje\/7-mediterraneo-oriental-tigershark\/\" class=\"rank-math-link\">Mediterr\u00e1neo oriental: Tigershark<\/a><\/li><\/ol>\n\n\n\n<h2 class=\"wp-block-heading\">Parte 2<\/h2>\n\n\n\n<p>Esta gu\u00eda paso a paso cubre la segunda mitad de la campa\u00f1a de Axis en el videojuego. <em>iBomber Defense<\/em>. En el interior, encontrar\u00e1 mapas y consejos para la ubicaci\u00f3n de la torreta, escritos para el <strong>Veterano <\/strong>dificultad, con videos que muestran c\u00f3mo obtener una <strong>Perfecto <\/strong>calificaci\u00f3n en las misiones 8 a 14.<\/p>\n\n\n\n<p><strong>Tabla de contenido:<\/strong><\/p>\n\n\n\n<p>8. <a href=\"https:\/\/ibomberdefense.standardof.net\/es\/guide\/campana-eje\/8-contraataque-mediterraneo-oriental-2\/\" class=\"rank-math-link\">Mediterr\u00e1neo Oriental - Contraataque<\/a><br>9. <a href=\"https:\/\/ibomberdefense.standardof.net\/es\/guide\/campana-eje\/9-africa-noroeste-en-la-playa\/\" class=\"rank-math-link\">\u00c1frica noroccidental: en la playa<\/a><br>10. <a href=\"https:\/\/ibomberdefense.standardof.net\/es\/guide\/campana-eje\/10-tridente-de-europa-meridional\/\" class=\"rank-math-link\">Sur de Europa - Trident<\/a><br>11. <a href=\"https:\/\/ibomberdefense.standardof.net\/es\/guide\/campana-eje\/11-cruz-de-hierro-de-europa-occidental\/\" class=\"rank-math-link\">Europa occidental - Cruz de hierro<\/a><br>12. <a href=\"https:\/\/ibomberdefense.standardof.net\/es\/guide\/campana-eje\/12-telarana-del-mediterraneo-occidental\/\" class=\"rank-math-link\">Mediterr\u00e1neo occidental - Telara\u00f1a<\/a><br>13. <a href=\"https:\/\/ibomberdefense.standardof.net\/es\/guide\/campana-eje\/13-noroeste-africa-contraataque\/\" class=\"rank-math-link\">\u00c1frica noroccidental: contraataque<\/a><br>14. <a href=\"https:\/\/ibomberdefense.standardof.net\/es\/guide\/campana-eje\/14-victoria-final-de-gran-bretana\/\" class=\"rank-math-link\">Gran Breta\u00f1a - \u00a1Victoria final!<\/a><\/p>","protected":false},"excerpt":{"rendered":"<p>Part 1 This is a guide for the video game iBomber Defense, and it provides walkthroughs for the first seven levels of the Axis campaign. This guide is written for the Veteran difficulty (hardest) and demonstrates methods used to get a Perfect rating on every single map. Within you will find videos, maps, and additional [&hellip;]<\/p>","protected":false},"author":1,"featured_media":15,"parent":139,"menu_order":2,"comment_status":"open","ping_status":"closed","template":"","meta":{"_uag_custom_page_level_css":"","site-sidebar-layout":"default","site-content-layout":"default","ast-site-content-layout":"","site-content-style":"default","site-sidebar-style":"default","ast-global-header-display":"","ast-banner-title-visibility":"","ast-main-header-display":"","ast-hfb-above-header-display":"","ast-hfb-below-header-display":"","ast-hfb-mobile-header-display":"","site-post-title":"","ast-breadcrumbs-content":"","ast-featured-img":"","footer-sml-layout":"","theme-transparent-header-meta":"default","adv-header-id-meta":"","stick-header-meta":"","header-above-stick-meta":"","header-main-stick-meta":"","header-below-stick-meta":"","astra-migrate-meta-layouts":"default","ast-page-background-enabled":"default","ast-page-background-meta":{"desktop":{"background-color":"","background-image":"","background-repeat":"repeat","background-position":"center center","background-size":"auto","background-attachment":"scroll","background-type":"","background-media":"","overlay-type":"","overlay-color":"","overlay-gradient":""},"tablet":{"background-color":"","background-image":"","background-repeat":"repeat","background-position":"center center","background-size":"auto","background-attachment":"scroll","background-type":"","background-media":"","overlay-type":"","overlay-color":"","overlay-gradient":""},"mobile":{"background-color":"","background-image":"","background-repeat":"repeat","background-position":"center center","background-size":"auto","background-attachment":"scroll","background-type":"","background-media":"","overlay-type":"","overlay-color":"","overlay-gradient":""}},"ast-content-background-meta":{"desktop":{"background-color":"var(--ast-global-color-5)","background-image":"","background-repeat":"repeat","background-position":"center center","background-size":"auto","background-attachment":"scroll","background-type":"","background-media":"","overlay-type":"","overlay-color":"","overlay-gradient":""},"tablet":{"background-color":"var(--ast-global-color-5)","background-image":"","background-repeat":"repeat","background-position":"center center","background-size":"auto","background-attachment":"scroll","background-type":"","background-media":"","overlay-type":"","overlay-color":"","overlay-gradient":""},"mobile":{"background-color":"var(--ast-global-color-5)","background-image":"","background-repeat":"repeat","background-position":"center center","background-size":"auto","background-attachment":"scroll","background-type":"","background-media":"","overlay-type":"","overlay-color":"","overlay-gradient":""}},"footnotes":""},"uagb_featured_image_src":{"full":["https:\/\/ibomberdefense.standardof.net\/wp-content\/uploads\/sites\/5\/2020\/10\/iBomber-Defense-Header-1.jpg",1020,766,false],"thumbnail":["https:\/\/ibomberdefense.standardof.net\/wp-content\/uploads\/sites\/5\/2020\/10\/iBomber-Defense-Header-1-200x150.jpg",200,150,true],"medium":["https:\/\/ibomberdefense.standardof.net\/wp-content\/uploads\/sites\/5\/2020\/10\/iBomber-Defense-Header-1-512x385.jpg",512,385,true],"medium_large":["https:\/\/ibomberdefense.standardof.net\/wp-content\/uploads\/sites\/5\/2020\/10\/iBomber-Defense-Header-1-768x577.jpg",768,577,true],"large":["https:\/\/ibomberdefense.standardof.net\/wp-content\/uploads\/sites\/5\/2020\/10\/iBomber-Defense-Header-1-800x601.jpg",800,601,true],"1536x1536":["https:\/\/ibomberdefense.standardof.net\/wp-content\/uploads\/sites\/5\/2020\/10\/iBomber-Defense-Header-1.jpg",1020,766,false],"2048x2048":["https:\/\/ibomberdefense.standardof.net\/wp-content\/uploads\/sites\/5\/2020\/10\/iBomber-Defense-Header-1.jpg",1020,766,false],"trp-custom-language-flag":["https:\/\/ibomberdefense.standardof.net\/wp-content\/uploads\/sites\/5\/2020\/10\/iBomber-Defense-Header-1-16x12.jpg",16,12,true]},"uagb_author_info":{"display_name":"SOE","author_link":"https:\/\/ibomberdefense.standardof.net\/es\/author\/k-tastic\/"},"uagb_comment_info":0,"uagb_excerpt":"Part 1 This is a guide for the video game iBomber Defense, and it provides walkthroughs for the first seven levels of the Axis campaign. This guide is written for the Veteran difficulty (hardest) and demonstrates methods used to get a Perfect rating on every single map. Within you will find videos, maps, and additional&hellip;","_links":{"self":[{"href":"https:\/\/ibomberdefense.standardof.net\/es\/wp-json\/wp\/v2\/pages\/268"}],"collection":[{"href":"https:\/\/ibomberdefense.standardof.net\/es\/wp-json\/wp\/v2\/pages"}],"about":[{"href":"https:\/\/ibomberdefense.standardof.net\/es\/wp-json\/wp\/v2\/types\/page"}],"author":[{"embeddable":true,"href":"https:\/\/ibomberdefense.standardof.net\/es\/wp-json\/wp\/v2\/users\/1"}],"replies":[{"embeddable":true,"href":"https:\/\/ibomberdefense.standardof.net\/es\/wp-json\/wp\/v2\/comments?post=268"}],"version-history":[{"count":0,"href":"https:\/\/ibomberdefense.standardof.net\/es\/wp-json\/wp\/v2\/pages\/268\/revisions"}],"up":[{"embeddable":true,"href":"https:\/\/ibomberdefense.standardof.net\/es\/wp-json\/wp\/v2\/pages\/139"}],"wp:featuredmedia":[{"embeddable":true,"href":"https:\/\/ibomberdefense.standardof.net\/es\/wp-json\/wp\/v2\/media\/15"}],"wp:attachment":[{"href":"https:\/\/ibomberdefense.standardof.net\/es\/wp-json\/wp\/v2\/media?parent=268"}],"curies":[{"name":"wp","href":"https:\/\/api.w.org\/{rel}","templated":true}]}}