{"id":274,"date":"2020-10-19T05:56:18","date_gmt":"2020-10-19T05:56:18","guid":{"rendered":"https:\/\/ibomberdefense.standardof.net\/?page_id=274"},"modified":"2020-10-19T08:05:52","modified_gmt":"2020-10-19T08:05:52","slug":"2-western-mediterranean-sea-devils","status":"publish","type":"page","link":"https:\/\/ibomberdefense.standardof.net\/es\/guide\/campana-aliada\/2-diablos-del-mar-mediterraneo-occidental\/","title":{"rendered":"2. Mediterr\u00e1neo occidental: \u00a1Sea Devils!"},"content":{"rendered":"<p>El nivel del Mediterr\u00e1neo Occidental en <em>iBomber Defense<\/em> nos lleva a un canal que las naves enemigas intentan cruzar para llegar a su base. Es hora de encontrar unidades de agua por primera vez en el juego, utilizando ventajas de altura para aumentar el alcance de tus torretas.<\/p>\n\n\n\n<div class=\"wp-block-image\"><figure class=\"aligncenter size-large\"><a href=\"https:\/\/ibomberdefense.standardof.net\/es\/guide\/campana-aliada\/2-diablos-del-mar-mediterraneo-occidental\/ibomber-defense-level-2-western-mediterranean-sea-devils-1\/\"><img decoding=\"async\" width=\"800\" height=\"450\" src=\"https:\/\/ibomberdefense.standardof.net\/wp-content\/uploads\/sites\/5\/2020\/10\/iBomber-Defense-Level-2-Western-Mediterranean-Sea-Devils-1-800x450.jpg\" alt=\"&quot;iBomber Defense&quot; - Nivel 2 - Mediterr\u00e1neo occidental: \u00a1Sea Devils! (1)\" class=\"wp-image-20\" title=\"\" srcset=\"https:\/\/ibomberdefense.standardof.net\/wp-content\/uploads\/sites\/5\/2020\/10\/iBomber-Defense-Level-2-Western-Mediterranean-Sea-Devils-1-800x450.jpg 800w, https:\/\/ibomberdefense.standardof.net\/wp-content\/uploads\/sites\/5\/2020\/10\/iBomber-Defense-Level-2-Western-Mediterranean-Sea-Devils-1-512x288.jpg 512w, https:\/\/ibomberdefense.standardof.net\/wp-content\/uploads\/sites\/5\/2020\/10\/iBomber-Defense-Level-2-Western-Mediterranean-Sea-Devils-1-200x113.jpg 200w, https:\/\/ibomberdefense.standardof.net\/wp-content\/uploads\/sites\/5\/2020\/10\/iBomber-Defense-Level-2-Western-Mediterranean-Sea-Devils-1-768x432.jpg 768w, https:\/\/ibomberdefense.standardof.net\/wp-content\/uploads\/sites\/5\/2020\/10\/iBomber-Defense-Level-2-Western-Mediterranean-Sea-Devils-1-16x9.jpg 16w, https:\/\/ibomberdefense.standardof.net\/wp-content\/uploads\/sites\/5\/2020\/10\/iBomber-Defense-Level-2-Western-Mediterranean-Sea-Devils-1.jpg 1280w\" sizes=\"(max-width: 800px) 100vw, 800px\" \/><\/a><figcaption>Solo hay un camino para las unidades navales en el Mediterr\u00e1neo Occidental.<\/figcaption><\/figure><\/div>\n\n\n\n<p>Los niveles navales generalmente dar\u00e1n prioridad a la ubicaci\u00f3n de las torretas de ca\u00f1\u00f3n sobre las torretas de ametralladora debido a las unidades t\u00edpicamente m\u00e1s blindadas y a mayores distancias desde donde las unidades navales viajan a lo largo de su camino y los lugares abiertos para la colocaci\u00f3n de torretas. Este nivel es una excepci\u00f3n, todav\u00eda es temprano, sin embargo, las torretas de ca\u00f1\u00f3n seguir\u00e1n teniendo su valor aqu\u00ed.<\/p>\n\n\n\n<h3 class=\"wp-block-heading\"><strong>Colocaci\u00f3n de la torreta<\/strong><\/h3>\n\n\n\n<p>Dado que recientemente desbloqueamos ca\u00f1ones y ametralladoras de nivel 3, nos vamos a concentrar en obtener solo un pu\u00f1ado de torretas de alto nivel para este nivel, que se adaptar\u00e1n perfectamente al prop\u00f3sito de detener al enemigo perfectamente. Esto es preferible a numerosas torretas, ya que las ubicaciones \u00f3ptimas para disparar en esta misi\u00f3n son escasas.<\/p>\n\n\n\n<p>Dos torretas de ametralladoras deber\u00edan terminar ocupando cada lado de la tierra que hace la primera curva en el camino de las unidades navales, mientras que 2 ametralladoras adicionales y un solo ca\u00f1\u00f3n ocupar\u00e1n la isla derecha. Verifique las im\u00e1genes a la derecha o puede ver el video a continuaci\u00f3n para ver las ubicaciones espec\u00edficas de la torreta utilizadas.<\/p>\n\n\n\n<figure class=\"wp-block-gallery columns-2 is-cropped wp-block-gallery-1 is-layout-flex wp-block-gallery-is-layout-flex\"><ul class=\"blocks-gallery-grid\"><li class=\"blocks-gallery-item\"><figure><a href=\"https:\/\/ibomberdefense.standardof.net\/es\/guide\/campana-aliada\/2-diablos-del-mar-mediterraneo-occidental\/ibomber-defense-level-2-western-mediterranean-sea-devils-2\/\"><img decoding=\"async\" width=\"800\" height=\"450\" src=\"https:\/\/ibomberdefense.standardof.net\/wp-content\/uploads\/sites\/5\/2020\/10\/iBomber-Defense-Level-2-Western-Mediterranean-Sea-Devils-2-800x450.jpg\" alt=\"&quot;iBomber Defense&quot; - Nivel 2 - Mediterr\u00e1neo occidental: \u00a1Sea Devils! (2)\" data-id=\"21\" data-full-url=\"https:\/\/ibomberdefense.standardof.net\/wp-content\/uploads\/sites\/5\/2020\/10\/iBomber-Defense-Level-2-Western-Mediterranean-Sea-Devils-2.jpg\" data-link=\"https:\/\/ibomberdefense.standardof.net\/guide\/allied-campaign\/2-western-mediterranean-sea-devils\/ibomber-defense-level-2-western-mediterranean-sea-devils-2\/\" class=\"wp-image-21\" title=\"\" srcset=\"https:\/\/ibomberdefense.standardof.net\/wp-content\/uploads\/sites\/5\/2020\/10\/iBomber-Defense-Level-2-Western-Mediterranean-Sea-Devils-2-800x450.jpg 800w, https:\/\/ibomberdefense.standardof.net\/wp-content\/uploads\/sites\/5\/2020\/10\/iBomber-Defense-Level-2-Western-Mediterranean-Sea-Devils-2-512x288.jpg 512w, https:\/\/ibomberdefense.standardof.net\/wp-content\/uploads\/sites\/5\/2020\/10\/iBomber-Defense-Level-2-Western-Mediterranean-Sea-Devils-2-200x113.jpg 200w, https:\/\/ibomberdefense.standardof.net\/wp-content\/uploads\/sites\/5\/2020\/10\/iBomber-Defense-Level-2-Western-Mediterranean-Sea-Devils-2-768x432.jpg 768w, https:\/\/ibomberdefense.standardof.net\/wp-content\/uploads\/sites\/5\/2020\/10\/iBomber-Defense-Level-2-Western-Mediterranean-Sea-Devils-2-16x9.jpg 16w, https:\/\/ibomberdefense.standardof.net\/wp-content\/uploads\/sites\/5\/2020\/10\/iBomber-Defense-Level-2-Western-Mediterranean-Sea-Devils-2.jpg 1280w\" sizes=\"(max-width: 800px) 100vw, 800px\" \/><\/a><figcaption class=\"blocks-gallery-item__caption\">Colocaci\u00f3n de la torreta Wave 10.<\/figcaption><\/figure><\/li><li class=\"blocks-gallery-item\"><figure><a href=\"https:\/\/ibomberdefense.standardof.net\/es\/guide\/campana-aliada\/2-diablos-del-mar-mediterraneo-occidental\/ibomber-defense-level-2-western-mediterranean-sea-devils-3\/\"><img decoding=\"async\" width=\"800\" height=\"450\" src=\"https:\/\/ibomberdefense.standardof.net\/wp-content\/uploads\/sites\/5\/2020\/10\/iBomber-Defense-Level-2-Western-Mediterranean-Sea-Devils-3-800x450.jpg\" alt=\"&quot;iBomber Defense&quot; - Nivel 2 - Mediterr\u00e1neo occidental: \u00a1Sea Devils! (3)\" data-id=\"22\" data-full-url=\"https:\/\/ibomberdefense.standardof.net\/wp-content\/uploads\/sites\/5\/2020\/10\/iBomber-Defense-Level-2-Western-Mediterranean-Sea-Devils-3.jpg\" data-link=\"https:\/\/ibomberdefense.standardof.net\/guide\/allied-campaign\/2-western-mediterranean-sea-devils\/ibomber-defense-level-2-western-mediterranean-sea-devils-3\/\" class=\"wp-image-22\" title=\"\" srcset=\"https:\/\/ibomberdefense.standardof.net\/wp-content\/uploads\/sites\/5\/2020\/10\/iBomber-Defense-Level-2-Western-Mediterranean-Sea-Devils-3-800x450.jpg 800w, https:\/\/ibomberdefense.standardof.net\/wp-content\/uploads\/sites\/5\/2020\/10\/iBomber-Defense-Level-2-Western-Mediterranean-Sea-Devils-3-512x288.jpg 512w, https:\/\/ibomberdefense.standardof.net\/wp-content\/uploads\/sites\/5\/2020\/10\/iBomber-Defense-Level-2-Western-Mediterranean-Sea-Devils-3-200x113.jpg 200w, https:\/\/ibomberdefense.standardof.net\/wp-content\/uploads\/sites\/5\/2020\/10\/iBomber-Defense-Level-2-Western-Mediterranean-Sea-Devils-3-768x432.jpg 768w, https:\/\/ibomberdefense.standardof.net\/wp-content\/uploads\/sites\/5\/2020\/10\/iBomber-Defense-Level-2-Western-Mediterranean-Sea-Devils-3-16x9.jpg 16w, https:\/\/ibomberdefense.standardof.net\/wp-content\/uploads\/sites\/5\/2020\/10\/iBomber-Defense-Level-2-Western-Mediterranean-Sea-Devils-3.jpg 1280w\" sizes=\"(max-width: 800px) 100vw, 800px\" \/><\/a><figcaption class=\"blocks-gallery-item__caption\">Colocaci\u00f3n de la torreta Wave 20.<\/figcaption><\/figure><\/li><\/ul><\/figure>\n\n\n\n<h3 class=\"wp-block-heading\"><strong>Gasto en puntos de victoria<\/strong><\/h3>\n\n\n\n<p>En este punto, los dos puntos de victoria obtenidos en esta misi\u00f3n se gastaron para desbloquear la torreta de sabotaje para usarla con el prop\u00f3sito de ralentizar a grupos de enemigos mientras se colocaba un punto en la torreta antia\u00e9rea para desbloquear su segundo nivel, ya que ser\u00e1 necesario. pronto.<\/p>\n\n\n\n<p>Rangos actuales de elementos desbloqueados:<br>Ametralladora 3, Ca\u00f1\u00f3n 3, Antia\u00e9reo 2, Sabotaje 1<\/p>\n\n\n\n<hr class=\"wp-block-separator\"\/>\n\n\n\n<h4 class=\"has-text-align-center wp-block-heading\">Gu\u00eda de video<\/h4>\n\n\n\n<figure class=\"wp-block-embed-youtube wp-block-embed is-type-video is-provider-youtube wp-embed-aspect-16-9 wp-has-aspect-ratio wp-embed-aspect-4-3\"><div class=\"wp-block-embed__wrapper\">\n<div class=\"ast-oembed-container\" style=\"height: 100%;\"><iframe title=\"iBomber Defense - Mediterr\u00e1neo Occidental - Veterano + Perfecto\" width=\"500\" height=\"281\" src=\"https:\/\/www.youtube.com\/embed\/hEjBsdPlZ4A?feature=oembed\" frameborder=\"0\" allow=\"accelerometer; autoplay; clipboard-write; encrypted-media; gyroscope; picture-in-picture; web-share\" referrerpolicy=\"strict-origin-when-cross-origin\" allowfullscreen><\/iframe><\/div>\n<\/div><\/figure>","protected":false},"excerpt":{"rendered":"<p>The Western Mediterranean level in iBomber Defense takes us to a channel which enemy naval vessels are trying to cross in order to reach your base. Its time to encounter water units for the first time in the game, using height advantages to boost the range of your turrets. Naval levels will generally prioritize the [&hellip;]<\/p>","protected":false},"author":1,"featured_media":22,"parent":266,"menu_order":2,"comment_status":"open","ping_status":"closed","template":"","meta":{"_uag_custom_page_level_css":"","site-sidebar-layout":"default","site-content-layout":"default","ast-site-content-layout":"","site-content-style":"default","site-sidebar-style":"default","ast-global-header-display":"","ast-banner-title-visibility":"","ast-main-header-display":"","ast-hfb-above-header-display":"","ast-hfb-below-header-display":"","ast-hfb-mobile-header-display":"","site-post-title":"","ast-breadcrumbs-content":"","ast-featured-img":"","footer-sml-layout":"","theme-transparent-header-meta":"default","adv-header-id-meta":"","stick-header-meta":"","header-above-stick-meta":"","header-main-stick-meta":"","header-below-stick-meta":"","astra-migrate-meta-layouts":"default","ast-page-background-enabled":"default","ast-page-background-meta":{"desktop":{"background-color":"","background-image":"","background-repeat":"repeat","background-position":"center center","background-size":"auto","background-attachment":"scroll","background-type":"","background-media":"","overlay-type":"","overlay-color":"","overlay-gradient":""},"tablet":{"background-color":"","background-image":"","background-repeat":"repeat","background-position":"center center","background-size":"auto","background-attachment":"scroll","background-type":"","background-media":"","overlay-type":"","overlay-color":"","overlay-gradient":""},"mobile":{"background-color":"","background-image":"","background-repeat":"repeat","background-position":"center center","background-size":"auto","background-attachment":"scroll","background-type":"","background-media":"","overlay-type":"","overlay-color":"","overlay-gradient":""}},"ast-content-background-meta":{"desktop":{"background-color":"var(--ast-global-color-5)","background-image":"","background-repeat":"repeat","background-position":"center center","background-size":"auto","background-attachment":"scroll","background-type":"","background-media":"","overlay-type":"","overlay-color":"","overlay-gradient":""},"tablet":{"background-color":"var(--ast-global-color-5)","background-image":"","background-repeat":"repeat","background-position":"center center","background-size":"auto","background-attachment":"scroll","background-type":"","background-media":"","overlay-type":"","overlay-color":"","overlay-gradient":""},"mobile":{"background-color":"var(--ast-global-color-5)","background-image":"","background-repeat":"repeat","background-position":"center center","background-size":"auto","background-attachment":"scroll","background-type":"","background-media":"","overlay-type":"","overlay-color":"","overlay-gradient":""}},"footnotes":""},"uagb_featured_image_src":{"full":["https:\/\/ibomberdefense.standardof.net\/wp-content\/uploads\/sites\/5\/2020\/10\/iBomber-Defense-Level-2-Western-Mediterranean-Sea-Devils-3.jpg",1280,720,false],"thumbnail":["https:\/\/ibomberdefense.standardof.net\/wp-content\/uploads\/sites\/5\/2020\/10\/iBomber-Defense-Level-2-Western-Mediterranean-Sea-Devils-3-200x113.jpg",200,113,true],"medium":["https:\/\/ibomberdefense.standardof.net\/wp-content\/uploads\/sites\/5\/2020\/10\/iBomber-Defense-Level-2-Western-Mediterranean-Sea-Devils-3-512x288.jpg",512,288,true],"medium_large":["https:\/\/ibomberdefense.standardof.net\/wp-content\/uploads\/sites\/5\/2020\/10\/iBomber-Defense-Level-2-Western-Mediterranean-Sea-Devils-3-768x432.jpg",768,432,true],"large":["https:\/\/ibomberdefense.standardof.net\/wp-content\/uploads\/sites\/5\/2020\/10\/iBomber-Defense-Level-2-Western-Mediterranean-Sea-Devils-3-800x450.jpg",800,450,true],"1536x1536":["https:\/\/ibomberdefense.standardof.net\/wp-content\/uploads\/sites\/5\/2020\/10\/iBomber-Defense-Level-2-Western-Mediterranean-Sea-Devils-3.jpg",1280,720,false],"2048x2048":["https:\/\/ibomberdefense.standardof.net\/wp-content\/uploads\/sites\/5\/2020\/10\/iBomber-Defense-Level-2-Western-Mediterranean-Sea-Devils-3.jpg",1280,720,false],"trp-custom-language-flag":["https:\/\/ibomberdefense.standardof.net\/wp-content\/uploads\/sites\/5\/2020\/10\/iBomber-Defense-Level-2-Western-Mediterranean-Sea-Devils-3-16x9.jpg",16,9,true]},"uagb_author_info":{"display_name":"SOE","author_link":"https:\/\/ibomberdefense.standardof.net\/es\/author\/k-tastic\/"},"uagb_comment_info":0,"uagb_excerpt":"The Western Mediterranean level in iBomber Defense takes us to a channel which enemy naval vessels are trying to cross in order to reach your base. Its time to encounter water units for the first time in the game, using height advantages to boost the range of your turrets. Naval levels will generally prioritize the&hellip;","_links":{"self":[{"href":"https:\/\/ibomberdefense.standardof.net\/es\/wp-json\/wp\/v2\/pages\/274"}],"collection":[{"href":"https:\/\/ibomberdefense.standardof.net\/es\/wp-json\/wp\/v2\/pages"}],"about":[{"href":"https:\/\/ibomberdefense.standardof.net\/es\/wp-json\/wp\/v2\/types\/page"}],"author":[{"embeddable":true,"href":"https:\/\/ibomberdefense.standardof.net\/es\/wp-json\/wp\/v2\/users\/1"}],"replies":[{"embeddable":true,"href":"https:\/\/ibomberdefense.standardof.net\/es\/wp-json\/wp\/v2\/comments?post=274"}],"version-history":[{"count":0,"href":"https:\/\/ibomberdefense.standardof.net\/es\/wp-json\/wp\/v2\/pages\/274\/revisions"}],"up":[{"embeddable":true,"href":"https:\/\/ibomberdefense.standardof.net\/es\/wp-json\/wp\/v2\/pages\/266"}],"wp:featuredmedia":[{"embeddable":true,"href":"https:\/\/ibomberdefense.standardof.net\/es\/wp-json\/wp\/v2\/media\/22"}],"wp:attachment":[{"href":"https:\/\/ibomberdefense.standardof.net\/es\/wp-json\/wp\/v2\/media?parent=274"}],"curies":[{"name":"wp","href":"https:\/\/api.w.org\/{rel}","templated":true}]}}