{"id":276,"date":"2020-10-19T06:00:04","date_gmt":"2020-10-19T06:00:04","guid":{"rendered":"https:\/\/ibomberdefense.standardof.net\/?page_id=276"},"modified":"2020-10-19T08:05:56","modified_gmt":"2020-10-19T08:05:56","slug":"3-north-west-africa-seiged","status":"publish","type":"page","link":"https:\/\/ibomberdefense.standardof.net\/es\/guide\/campana-aliada\/3-noroeste-africa-seiged-2\/","title":{"rendered":"3. \u00c1frica noroccidental: Seiged"},"content":{"rendered":"<div class=\"wp-block-image\"><figure class=\"aligncenter size-large\"><a href=\"https:\/\/ibomberdefense.standardof.net\/es\/guide\/campana-aliada\/3-noroeste-africa-seiged-2\/ibomber-defense-level-3-north-west-africa-seiged-1\/\"><img decoding=\"async\" width=\"800\" height=\"450\" src=\"https:\/\/ibomberdefense.standardof.net\/wp-content\/uploads\/sites\/5\/2020\/10\/iBomber-Defense-Level-3-North-West-Africa-Seiged-1-800x450.jpg\" alt=\"&quot;iBomber Defense&quot; - Nivel 3 - Noroeste de \u00c1frica: Seiged (1)\" class=\"wp-image-23\" title=\"\" srcset=\"https:\/\/ibomberdefense.standardof.net\/wp-content\/uploads\/sites\/5\/2020\/10\/iBomber-Defense-Level-3-North-West-Africa-Seiged-1-800x450.jpg 800w, https:\/\/ibomberdefense.standardof.net\/wp-content\/uploads\/sites\/5\/2020\/10\/iBomber-Defense-Level-3-North-West-Africa-Seiged-1-512x288.jpg 512w, https:\/\/ibomberdefense.standardof.net\/wp-content\/uploads\/sites\/5\/2020\/10\/iBomber-Defense-Level-3-North-West-Africa-Seiged-1-200x113.jpg 200w, https:\/\/ibomberdefense.standardof.net\/wp-content\/uploads\/sites\/5\/2020\/10\/iBomber-Defense-Level-3-North-West-Africa-Seiged-1-768x432.jpg 768w, https:\/\/ibomberdefense.standardof.net\/wp-content\/uploads\/sites\/5\/2020\/10\/iBomber-Defense-Level-3-North-West-Africa-Seiged-1-16x9.jpg 16w, https:\/\/ibomberdefense.standardof.net\/wp-content\/uploads\/sites\/5\/2020\/10\/iBomber-Defense-Level-3-North-West-Africa-Seiged-1.jpg 1280w\" sizes=\"(max-width: 800px) 100vw, 800px\" \/><\/a><figcaption>Rutas de viaje de las unidades de \u00c1frica del Noroeste.<\/figcaption><\/figure><\/div>\n\n\n\n<p>El noroeste de \u00c1frica nos lleva de nuevo a enfrentarnos a las unidades terrestres solo en el tercer nivel de la campa\u00f1a aliada en <em>iBomber Defense<\/em>. En este nivel des\u00e9rtico con varias mesetas sobre las que no se puede construir nos enfrentaremos a 30 olas provenientes de dos caminos que convergen r\u00e1pidamente a uno desde el oeste.<\/p>\n\n\n\n<p>Evite construir torretas cerca o a lo largo del tenue contorno de un camino que se curva hacia el sur de la meseta donde las dos carreteras convergen antes. Habr\u00e1 una misi\u00f3n de bonificaci\u00f3n de contraataque a continuaci\u00f3n que tendr\u00e1 esa franja de tierra bombardeada, destruyendo torretas colocadas directamente en o cerca de esa l\u00ednea.<\/p>\n\n\n\n<h3 class=\"wp-block-heading\"><strong>Colocaci\u00f3n de la torreta<\/strong><\/h3>\n\n\n\n<p>El mejor lugar para colocar la mayor\u00eda de sus torretas es en el lado derecho del camino que conduce a su base, directamente al norte de la base misma. Un par de ca\u00f1ones y un pu\u00f1ado de torretas de ametralladoras, todas mejoradas al nivel 3, har\u00e1n un excelente trabajo al lidiar con los enemigos. Todav\u00eda estamos lo suficientemente temprano en el juego donde las unidades blindadas no vienen en maremotos, por lo que las ametralladoras definitivamente tienen prioridad.<\/p>\n\n\n\n<p>Una torreta de Sabotaje funcionar\u00e1 bien, colocada justo antes de tu grupo principal de torretas colocadas justo antes de la base. Las torretas aqu\u00ed tambi\u00e9n ser\u00e1n \u00fatiles contra las unidades que vengan en el camino del contorno d\u00e9bil durante la pr\u00f3xima misi\u00f3n de contraataque, que conserva las torretas que construiste en este nivel, menos las destruidas. Si notas la imagen de la ola 30 a la derecha, la \u00fanica torreta de ametralladora en el centro del tr\u00edo colocada a la izquierda del camino cerca de la base est\u00e1 en la zona de muerte que ser\u00e1 destruida cuando el nuevo camino se abra en la pr\u00f3xima misi\u00f3n. .<\/p>\n\n\n\n<figure class=\"wp-block-gallery columns-2 is-cropped wp-block-gallery-1 is-layout-flex wp-block-gallery-is-layout-flex\"><ul class=\"blocks-gallery-grid\"><li class=\"blocks-gallery-item\"><figure><a href=\"https:\/\/ibomberdefense.standardof.net\/es\/guide\/campana-aliada\/3-noroeste-africa-seiged-2\/ibomber-defense-level-3-north-west-africa-seiged-2\/\"><img decoding=\"async\" width=\"800\" height=\"450\" src=\"https:\/\/ibomberdefense.standardof.net\/wp-content\/uploads\/sites\/5\/2020\/10\/iBomber-Defense-Level-3-North-West-Africa-Seiged-2-800x450.jpg\" alt=\"&quot;iBomber Defense&quot; - Nivel 3 - Noroeste de \u00c1frica: Seiged (2)\" data-id=\"24\" data-full-url=\"https:\/\/ibomberdefense.standardof.net\/wp-content\/uploads\/sites\/5\/2020\/10\/iBomber-Defense-Level-3-North-West-Africa-Seiged-2.jpg\" data-link=\"https:\/\/ibomberdefense.standardof.net\/guide\/allied-campaign\/3-north-west-africa-seiged\/ibomber-defense-level-3-north-west-africa-seiged-2\/\" class=\"wp-image-24\" title=\"\" srcset=\"https:\/\/ibomberdefense.standardof.net\/wp-content\/uploads\/sites\/5\/2020\/10\/iBomber-Defense-Level-3-North-West-Africa-Seiged-2-800x450.jpg 800w, https:\/\/ibomberdefense.standardof.net\/wp-content\/uploads\/sites\/5\/2020\/10\/iBomber-Defense-Level-3-North-West-Africa-Seiged-2-512x288.jpg 512w, https:\/\/ibomberdefense.standardof.net\/wp-content\/uploads\/sites\/5\/2020\/10\/iBomber-Defense-Level-3-North-West-Africa-Seiged-2-200x113.jpg 200w, https:\/\/ibomberdefense.standardof.net\/wp-content\/uploads\/sites\/5\/2020\/10\/iBomber-Defense-Level-3-North-West-Africa-Seiged-2-768x432.jpg 768w, https:\/\/ibomberdefense.standardof.net\/wp-content\/uploads\/sites\/5\/2020\/10\/iBomber-Defense-Level-3-North-West-Africa-Seiged-2-16x9.jpg 16w, https:\/\/ibomberdefense.standardof.net\/wp-content\/uploads\/sites\/5\/2020\/10\/iBomber-Defense-Level-3-North-West-Africa-Seiged-2.jpg 1280w\" sizes=\"(max-width: 800px) 100vw, 800px\" \/><\/a><figcaption class=\"blocks-gallery-item__caption\">Colocaci\u00f3n de la torreta Wave 10.<\/figcaption><\/figure><\/li><li class=\"blocks-gallery-item\"><figure><a href=\"https:\/\/ibomberdefense.standardof.net\/es\/guide\/campana-aliada\/3-noroeste-africa-seiged-2\/ibomber-defense-level-3-north-west-africa-seiged-3\/\"><img decoding=\"async\" width=\"800\" height=\"450\" src=\"https:\/\/ibomberdefense.standardof.net\/wp-content\/uploads\/sites\/5\/2020\/10\/iBomber-Defense-Level-3-North-West-Africa-Seiged-3-800x450.jpg\" alt=\"&quot;iBomber Defense&quot; - Nivel 3 - Noroeste de \u00c1frica: Seiged (3)\" data-id=\"25\" data-full-url=\"https:\/\/ibomberdefense.standardof.net\/wp-content\/uploads\/sites\/5\/2020\/10\/iBomber-Defense-Level-3-North-West-Africa-Seiged-3.jpg\" data-link=\"https:\/\/ibomberdefense.standardof.net\/guide\/allied-campaign\/3-north-west-africa-seiged\/ibomber-defense-level-3-north-west-africa-seiged-3\/\" class=\"wp-image-25\" title=\"\" srcset=\"https:\/\/ibomberdefense.standardof.net\/wp-content\/uploads\/sites\/5\/2020\/10\/iBomber-Defense-Level-3-North-West-Africa-Seiged-3-800x450.jpg 800w, https:\/\/ibomberdefense.standardof.net\/wp-content\/uploads\/sites\/5\/2020\/10\/iBomber-Defense-Level-3-North-West-Africa-Seiged-3-512x288.jpg 512w, https:\/\/ibomberdefense.standardof.net\/wp-content\/uploads\/sites\/5\/2020\/10\/iBomber-Defense-Level-3-North-West-Africa-Seiged-3-200x113.jpg 200w, https:\/\/ibomberdefense.standardof.net\/wp-content\/uploads\/sites\/5\/2020\/10\/iBomber-Defense-Level-3-North-West-Africa-Seiged-3-768x432.jpg 768w, https:\/\/ibomberdefense.standardof.net\/wp-content\/uploads\/sites\/5\/2020\/10\/iBomber-Defense-Level-3-North-West-Africa-Seiged-3-16x9.jpg 16w, https:\/\/ibomberdefense.standardof.net\/wp-content\/uploads\/sites\/5\/2020\/10\/iBomber-Defense-Level-3-North-West-Africa-Seiged-3.jpg 1280w\" sizes=\"(max-width: 800px) 100vw, 800px\" \/><\/a><figcaption class=\"blocks-gallery-item__caption\">Colocaci\u00f3n de la torreta Wave 20.<\/figcaption><\/figure><\/li><li class=\"blocks-gallery-item\"><figure><a href=\"https:\/\/ibomberdefense.standardof.net\/es\/guide\/campana-aliada\/3-noroeste-africa-seiged-2\/ibomber-defense-level-3-north-west-africa-seiged-4\/\"><img decoding=\"async\" width=\"800\" height=\"450\" src=\"https:\/\/ibomberdefense.standardof.net\/wp-content\/uploads\/sites\/5\/2020\/10\/iBomber-Defense-Level-3-North-West-Africa-Seiged-4-800x450.jpg\" alt=\"&quot;iBomber Defense&quot; - Nivel 3 - Noroeste de \u00c1frica: Seiged (4)\" data-id=\"26\" data-full-url=\"https:\/\/ibomberdefense.standardof.net\/wp-content\/uploads\/sites\/5\/2020\/10\/iBomber-Defense-Level-3-North-West-Africa-Seiged-4.jpg\" data-link=\"https:\/\/ibomberdefense.standardof.net\/guide\/allied-campaign\/3-north-west-africa-seiged\/ibomber-defense-level-3-north-west-africa-seiged-4\/\" class=\"wp-image-26\" title=\"\" srcset=\"https:\/\/ibomberdefense.standardof.net\/wp-content\/uploads\/sites\/5\/2020\/10\/iBomber-Defense-Level-3-North-West-Africa-Seiged-4-800x450.jpg 800w, https:\/\/ibomberdefense.standardof.net\/wp-content\/uploads\/sites\/5\/2020\/10\/iBomber-Defense-Level-3-North-West-Africa-Seiged-4-512x288.jpg 512w, https:\/\/ibomberdefense.standardof.net\/wp-content\/uploads\/sites\/5\/2020\/10\/iBomber-Defense-Level-3-North-West-Africa-Seiged-4-200x113.jpg 200w, https:\/\/ibomberdefense.standardof.net\/wp-content\/uploads\/sites\/5\/2020\/10\/iBomber-Defense-Level-3-North-West-Africa-Seiged-4-768x432.jpg 768w, https:\/\/ibomberdefense.standardof.net\/wp-content\/uploads\/sites\/5\/2020\/10\/iBomber-Defense-Level-3-North-West-Africa-Seiged-4-16x9.jpg 16w, https:\/\/ibomberdefense.standardof.net\/wp-content\/uploads\/sites\/5\/2020\/10\/iBomber-Defense-Level-3-North-West-Africa-Seiged-4.jpg 1280w\" sizes=\"(max-width: 800px) 100vw, 800px\" \/><\/a><figcaption class=\"blocks-gallery-item__caption\">Colocaci\u00f3n de la torreta Wave 30.<\/figcaption><\/figure><\/li><\/ul><\/figure>\n\n\n\n<h3 class=\"wp-block-heading\"><strong>Gasto en puntos de victoria<\/strong><\/h3>\n\n\n\n<p>Los dos puntos de victoria que obtuve en mi partida de esta misi\u00f3n se gastaron en desbloquear torretas de comunicaciones al nivel 1 y la reparaci\u00f3n al nivel 1, reduciendo el costo de reparaci\u00f3n de las torretas durante el juego. La torreta de comunicaciones aumentar\u00e1 el alcance y la potencia de fuego de las torretas cercanas al tiempo que te permitir\u00e1 acumular inter\u00e9s con el dinero ahorrado durante los niveles.<\/p>\n\n\n\n<p>Niveles de elementos desbloqueados actualmente:<br>Ametralladora 3, Ca\u00f1\u00f3n 3, Antia\u00e9reo 2, Sabotaje 1, Comunicaciones 1, Reparaci\u00f3n 1<\/p>\n\n\n\n<hr class=\"wp-block-separator\"\/>\n\n\n\n<h4 class=\"has-text-align-center wp-block-heading\">Gu\u00eda de video<\/h4>\n\n\n\n<figure class=\"wp-block-embed-youtube wp-block-embed is-type-video is-provider-youtube wp-embed-aspect-16-9 wp-has-aspect-ratio wp-embed-aspect-4-3\"><div class=\"wp-block-embed__wrapper\">\n<div class=\"ast-oembed-container\" style=\"height: 100%;\"><iframe title=\"iBomber Defense - Noroeste de \u00c1frica - Seiged - Veterano + Perfecto\" width=\"500\" height=\"281\" src=\"https:\/\/www.youtube.com\/embed\/qSDFBieAOa0?feature=oembed\" frameborder=\"0\" allow=\"accelerometer; autoplay; clipboard-write; encrypted-media; gyroscope; picture-in-picture; web-share\" referrerpolicy=\"strict-origin-when-cross-origin\" allowfullscreen><\/iframe><\/div>\n<\/div><\/figure>","protected":false},"excerpt":{"rendered":"<p>North West Africa takes us back to facing ground units only in the third level of the Allied campaign in iBomber Defense. In this desert level featuring several plateaus that cannot be built on we will face 30 waves coming from two paths converging quickly to one from the west. Avoid building turrets near or [&hellip;]<\/p>","protected":false},"author":1,"featured_media":26,"parent":266,"menu_order":3,"comment_status":"open","ping_status":"closed","template":"","meta":{"_uag_custom_page_level_css":"","site-sidebar-layout":"default","site-content-layout":"default","ast-site-content-layout":"","site-content-style":"default","site-sidebar-style":"default","ast-global-header-display":"","ast-banner-title-visibility":"","ast-main-header-display":"","ast-hfb-above-header-display":"","ast-hfb-below-header-display":"","ast-hfb-mobile-header-display":"","site-post-title":"","ast-breadcrumbs-content":"","ast-featured-img":"","footer-sml-layout":"","theme-transparent-header-meta":"default","adv-header-id-meta":"","stick-header-meta":"","header-above-stick-meta":"","header-main-stick-meta":"","header-below-stick-meta":"","astra-migrate-meta-layouts":"default","ast-page-background-enabled":"default","ast-page-background-meta":{"desktop":{"background-color":"","background-image":"","background-repeat":"repeat","background-position":"center center","background-size":"auto","background-attachment":"scroll","background-type":"","background-media":"","overlay-type":"","overlay-color":"","overlay-gradient":""},"tablet":{"background-color":"","background-image":"","background-repeat":"repeat","background-position":"center center","background-size":"auto","background-attachment":"scroll","background-type":"","background-media":"","overlay-type":"","overlay-color":"","overlay-gradient":""},"mobile":{"background-color":"","background-image":"","background-repeat":"repeat","background-position":"center center","background-size":"auto","background-attachment":"scroll","background-type":"","background-media":"","overlay-type":"","overlay-color":"","overlay-gradient":""}},"ast-content-background-meta":{"desktop":{"background-color":"var(--ast-global-color-5)","background-image":"","background-repeat":"repeat","background-position":"center center","background-size":"auto","background-attachment":"scroll","background-type":"","background-media":"","overlay-type":"","overlay-color":"","overlay-gradient":""},"tablet":{"background-color":"var(--ast-global-color-5)","background-image":"","background-repeat":"repeat","background-position":"center center","background-size":"auto","background-attachment":"scroll","background-type":"","background-media":"","overlay-type":"","overlay-color":"","overlay-gradient":""},"mobile":{"background-color":"var(--ast-global-color-5)","background-image":"","background-repeat":"repeat","background-position":"center center","background-size":"auto","background-attachment":"scroll","background-type":"","background-media":"","overlay-type":"","overlay-color":"","overlay-gradient":""}},"footnotes":""},"uagb_featured_image_src":{"full":["https:\/\/ibomberdefense.standardof.net\/wp-content\/uploads\/sites\/5\/2020\/10\/iBomber-Defense-Level-3-North-West-Africa-Seiged-4.jpg",1280,720,false],"thumbnail":["https:\/\/ibomberdefense.standardof.net\/wp-content\/uploads\/sites\/5\/2020\/10\/iBomber-Defense-Level-3-North-West-Africa-Seiged-4-200x113.jpg",200,113,true],"medium":["https:\/\/ibomberdefense.standardof.net\/wp-content\/uploads\/sites\/5\/2020\/10\/iBomber-Defense-Level-3-North-West-Africa-Seiged-4-512x288.jpg",512,288,true],"medium_large":["https:\/\/ibomberdefense.standardof.net\/wp-content\/uploads\/sites\/5\/2020\/10\/iBomber-Defense-Level-3-North-West-Africa-Seiged-4-768x432.jpg",768,432,true],"large":["https:\/\/ibomberdefense.standardof.net\/wp-content\/uploads\/sites\/5\/2020\/10\/iBomber-Defense-Level-3-North-West-Africa-Seiged-4-800x450.jpg",800,450,true],"1536x1536":["https:\/\/ibomberdefense.standardof.net\/wp-content\/uploads\/sites\/5\/2020\/10\/iBomber-Defense-Level-3-North-West-Africa-Seiged-4.jpg",1280,720,false],"2048x2048":["https:\/\/ibomberdefense.standardof.net\/wp-content\/uploads\/sites\/5\/2020\/10\/iBomber-Defense-Level-3-North-West-Africa-Seiged-4.jpg",1280,720,false],"trp-custom-language-flag":["https:\/\/ibomberdefense.standardof.net\/wp-content\/uploads\/sites\/5\/2020\/10\/iBomber-Defense-Level-3-North-West-Africa-Seiged-4-16x9.jpg",16,9,true]},"uagb_author_info":{"display_name":"SOE","author_link":"https:\/\/ibomberdefense.standardof.net\/es\/author\/k-tastic\/"},"uagb_comment_info":0,"uagb_excerpt":"North West Africa takes us back to facing ground units only in the third level of the Allied campaign in iBomber Defense. In this desert level featuring several plateaus that cannot be built on we will face 30 waves coming from two paths converging quickly to one from the west. Avoid building turrets near or&hellip;","_links":{"self":[{"href":"https:\/\/ibomberdefense.standardof.net\/es\/wp-json\/wp\/v2\/pages\/276"}],"collection":[{"href":"https:\/\/ibomberdefense.standardof.net\/es\/wp-json\/wp\/v2\/pages"}],"about":[{"href":"https:\/\/ibomberdefense.standardof.net\/es\/wp-json\/wp\/v2\/types\/page"}],"author":[{"embeddable":true,"href":"https:\/\/ibomberdefense.standardof.net\/es\/wp-json\/wp\/v2\/users\/1"}],"replies":[{"embeddable":true,"href":"https:\/\/ibomberdefense.standardof.net\/es\/wp-json\/wp\/v2\/comments?post=276"}],"version-history":[{"count":0,"href":"https:\/\/ibomberdefense.standardof.net\/es\/wp-json\/wp\/v2\/pages\/276\/revisions"}],"up":[{"embeddable":true,"href":"https:\/\/ibomberdefense.standardof.net\/es\/wp-json\/wp\/v2\/pages\/266"}],"wp:featuredmedia":[{"embeddable":true,"href":"https:\/\/ibomberdefense.standardof.net\/es\/wp-json\/wp\/v2\/media\/26"}],"wp:attachment":[{"href":"https:\/\/ibomberdefense.standardof.net\/es\/wp-json\/wp\/v2\/media?parent=276"}],"curies":[{"name":"wp","href":"https:\/\/api.w.org\/{rel}","templated":true}]}}