{"id":283,"date":"2020-10-19T06:06:58","date_gmt":"2020-10-19T06:06:58","guid":{"rendered":"https:\/\/ibomberdefense.standardof.net\/?page_id=283"},"modified":"2020-10-19T08:05:59","modified_gmt":"2020-10-19T08:05:59","slug":"4-north-west-africa-counterattack","status":"publish","type":"page","link":"https:\/\/ibomberdefense.standardof.net\/es\/guide\/campana-aliada\/4-noroeste-africa-contraataque-2\/","title":{"rendered":"4. \u00c1frica noroccidental: contraataque"},"content":{"rendered":"<div class=\"wp-block-image\"><figure class=\"aligncenter size-large\"><a href=\"https:\/\/ibomberdefense.standardof.net\/es\/guide\/campana-aliada\/4-noroeste-africa-contraataque-2\/ibomber-defense-level-4-north-west-africa-counterattack-1\/\"><img decoding=\"async\" width=\"800\" height=\"450\" src=\"https:\/\/ibomberdefense.standardof.net\/wp-content\/uploads\/sites\/5\/2020\/10\/iBomber-Defense-Level-4-North-West-Africa-Counterattack-1-800x450.jpg\" alt=\"&quot;iBomber Defense&quot; - Nivel 4 - Noroeste de \u00c1frica: Contraataque (1)\" class=\"wp-image-27\" title=\"\" srcset=\"https:\/\/ibomberdefense.standardof.net\/wp-content\/uploads\/sites\/5\/2020\/10\/iBomber-Defense-Level-4-North-West-Africa-Counterattack-1-800x450.jpg 800w, https:\/\/ibomberdefense.standardof.net\/wp-content\/uploads\/sites\/5\/2020\/10\/iBomber-Defense-Level-4-North-West-Africa-Counterattack-1-512x288.jpg 512w, https:\/\/ibomberdefense.standardof.net\/wp-content\/uploads\/sites\/5\/2020\/10\/iBomber-Defense-Level-4-North-West-Africa-Counterattack-1-200x113.jpg 200w, https:\/\/ibomberdefense.standardof.net\/wp-content\/uploads\/sites\/5\/2020\/10\/iBomber-Defense-Level-4-North-West-Africa-Counterattack-1-768x432.jpg 768w, https:\/\/ibomberdefense.standardof.net\/wp-content\/uploads\/sites\/5\/2020\/10\/iBomber-Defense-Level-4-North-West-Africa-Counterattack-1-16x9.jpg 16w, https:\/\/ibomberdefense.standardof.net\/wp-content\/uploads\/sites\/5\/2020\/10\/iBomber-Defense-Level-4-North-West-Africa-Counterattack-1.jpg 1280w\" sizes=\"(max-width: 800px) 100vw, 800px\" \/><\/a><figcaption>Las unidades enemigas viajan por rutas en el nivel de contraataque del noroeste de \u00c1frica.<\/figcaption><\/figure><\/div>\n\n\n\n<p>En esta misi\u00f3n de bonificaci\u00f3n de contraataque es el momento de volver al nivel anterior, Noroeste de \u00c1frica, retomando donde lo dejamos para otras 20 oleadas, que si alcanzas sin perder ninguna vida te otorgar\u00e1n 3 puntos de victoria. Dado que esta misi\u00f3n es una bonificaci\u00f3n, no es necesario que la apruebe para continuar con la campa\u00f1a, sin embargo, es muy posible obtener un aqu\u00ed perfecto, incluso en Veterano.<\/p>\n\n\n\n<p>Con la ubicaci\u00f3n de mi torreta desde el final de la \u00faltima misi\u00f3n retenida y un tesoro inicial significativamente inflado, ser\u00e1 el momento de prepararse para un desaf\u00edo adicional. Con las torretas de comunicaciones desbloqueadas despu\u00e9s de gastar los puntos de victoria del \u00faltimo nivel, tambi\u00e9n podemos comenzar a aumentar el alcance de la torreta, la potencia de fuego y ganar intereses sobre el efectivo acumulado.<\/p>\n\n\n\n<h3 class=\"wp-block-heading\"><strong>Colocaci\u00f3n de la torreta<\/strong><\/h3>\n\n\n\n<p>Una torreta de ametralladora se destruye cuando los bombarderos enemigos aparecen al comienzo de la misi\u00f3n para despejar el nuevo camino enemigo. Esto se puede compensar f\u00e1cilmente colocando un par de ametralladoras y una torreta de sabotaje a lo largo del camino tenue mientras contin\u00faa acumulando torretas en el parche que se construy\u00f3 cerca de la base de operaciones anteriormente.<\/p>\n\n\n\n<p>Llevar m\u00e1s ca\u00f1ones al nivel 3 y usar al menos una torreta de comunicaciones para aumentar el alcance y la potencia de tantas otras armas como sea posible ser\u00e1 otra inmensa ayuda, ya que con esta ubicaci\u00f3n a\u00fan podemos cubrir todos los caminos con un grupo de armamento. Todav\u00eda no hay unidades a\u00e9reas en este nivel, por lo que Anti Air no es un problema.<\/p>\n\n\n\n<figure class=\"wp-block-gallery columns-2 is-cropped wp-block-gallery-1 is-layout-flex wp-block-gallery-is-layout-flex\"><ul class=\"blocks-gallery-grid\"><li class=\"blocks-gallery-item\"><figure><a href=\"https:\/\/ibomberdefense.standardof.net\/es\/guide\/campana-aliada\/4-noroeste-africa-contraataque-2\/ibomber-defense-level-4-north-west-africa-counterattack-2\/\"><img decoding=\"async\" width=\"800\" height=\"450\" src=\"https:\/\/ibomberdefense.standardof.net\/wp-content\/uploads\/sites\/5\/2020\/10\/iBomber-Defense-Level-4-North-West-Africa-Counterattack-2-800x450.jpg\" alt=\"&quot;iBomber Defense&quot; - Nivel 4 - Noroeste de \u00c1frica: Contraataque (2)\" data-id=\"28\" data-full-url=\"https:\/\/ibomberdefense.standardof.net\/wp-content\/uploads\/sites\/5\/2020\/10\/iBomber-Defense-Level-4-North-West-Africa-Counterattack-2.jpg\" data-link=\"https:\/\/ibomberdefense.standardof.net\/guide\/allied-campaign\/4-north-west-africa-counterattack\/ibomber-defense-level-4-north-west-africa-counterattack-2\/\" class=\"wp-image-28\" title=\"\" srcset=\"https:\/\/ibomberdefense.standardof.net\/wp-content\/uploads\/sites\/5\/2020\/10\/iBomber-Defense-Level-4-North-West-Africa-Counterattack-2-800x450.jpg 800w, https:\/\/ibomberdefense.standardof.net\/wp-content\/uploads\/sites\/5\/2020\/10\/iBomber-Defense-Level-4-North-West-Africa-Counterattack-2-512x288.jpg 512w, https:\/\/ibomberdefense.standardof.net\/wp-content\/uploads\/sites\/5\/2020\/10\/iBomber-Defense-Level-4-North-West-Africa-Counterattack-2-200x113.jpg 200w, https:\/\/ibomberdefense.standardof.net\/wp-content\/uploads\/sites\/5\/2020\/10\/iBomber-Defense-Level-4-North-West-Africa-Counterattack-2-768x432.jpg 768w, https:\/\/ibomberdefense.standardof.net\/wp-content\/uploads\/sites\/5\/2020\/10\/iBomber-Defense-Level-4-North-West-Africa-Counterattack-2-16x9.jpg 16w, https:\/\/ibomberdefense.standardof.net\/wp-content\/uploads\/sites\/5\/2020\/10\/iBomber-Defense-Level-4-North-West-Africa-Counterattack-2.jpg 1280w\" sizes=\"(max-width: 800px) 100vw, 800px\" \/><\/a><figcaption class=\"blocks-gallery-item__caption\">Colocaci\u00f3n de la torreta Wave 10.<\/figcaption><\/figure><\/li><li class=\"blocks-gallery-item\"><figure><a href=\"https:\/\/ibomberdefense.standardof.net\/es\/guide\/campana-aliada\/4-noroeste-africa-contraataque-2\/ibomber-defense-level-4-north-west-africa-counterattack-3\/\"><img decoding=\"async\" width=\"800\" height=\"450\" src=\"https:\/\/ibomberdefense.standardof.net\/wp-content\/uploads\/sites\/5\/2020\/10\/iBomber-Defense-Level-4-North-West-Africa-Counterattack-3-800x450.jpg\" alt=\"&quot;iBomber Defense&quot; - Nivel 4 - Noroeste de \u00c1frica: Contraataque (3)\" data-id=\"29\" data-full-url=\"https:\/\/ibomberdefense.standardof.net\/wp-content\/uploads\/sites\/5\/2020\/10\/iBomber-Defense-Level-4-North-West-Africa-Counterattack-3.jpg\" data-link=\"https:\/\/ibomberdefense.standardof.net\/guide\/allied-campaign\/4-north-west-africa-counterattack\/ibomber-defense-level-4-north-west-africa-counterattack-3\/\" class=\"wp-image-29\" title=\"\" srcset=\"https:\/\/ibomberdefense.standardof.net\/wp-content\/uploads\/sites\/5\/2020\/10\/iBomber-Defense-Level-4-North-West-Africa-Counterattack-3-800x450.jpg 800w, https:\/\/ibomberdefense.standardof.net\/wp-content\/uploads\/sites\/5\/2020\/10\/iBomber-Defense-Level-4-North-West-Africa-Counterattack-3-512x288.jpg 512w, https:\/\/ibomberdefense.standardof.net\/wp-content\/uploads\/sites\/5\/2020\/10\/iBomber-Defense-Level-4-North-West-Africa-Counterattack-3-200x113.jpg 200w, https:\/\/ibomberdefense.standardof.net\/wp-content\/uploads\/sites\/5\/2020\/10\/iBomber-Defense-Level-4-North-West-Africa-Counterattack-3-768x432.jpg 768w, https:\/\/ibomberdefense.standardof.net\/wp-content\/uploads\/sites\/5\/2020\/10\/iBomber-Defense-Level-4-North-West-Africa-Counterattack-3-16x9.jpg 16w, https:\/\/ibomberdefense.standardof.net\/wp-content\/uploads\/sites\/5\/2020\/10\/iBomber-Defense-Level-4-North-West-Africa-Counterattack-3.jpg 1280w\" sizes=\"(max-width: 800px) 100vw, 800px\" \/><\/a><figcaption class=\"blocks-gallery-item__caption\">Colocaci\u00f3n de la torreta Wave 20.<\/figcaption><\/figure><\/li><\/ul><\/figure>\n\n\n\n<h3 class=\"wp-block-heading\"><strong>Gasto en puntos de victoria<\/strong><\/h3>\n\n\n\n<p>Con los 3 puntos de victoria otorgados por completar esta misi\u00f3n a la perfecci\u00f3n, he optado por poner dos de esos puntos en la actualizaci\u00f3n Comprar, aumentando el valor de reventa y proporcionando una tesorer\u00eda inicial m\u00e1s grande. El tercer punto entra en la torreta de comunicaciones para desbloquear el segundo nivel.<\/p>\n\n\n\n<p>Niveles de elementos desbloqueados actualmente:<br>Ametralladora 3, Ca\u00f1\u00f3n 3, Antia\u00e9reo 2, Sabotaje 1, Comunicaciones 2, Compra 2, Reparaci\u00f3n 1<\/p>\n\n\n\n<hr class=\"wp-block-separator\"\/>\n\n\n\n<h4 class=\"has-text-align-center wp-block-heading\">Gu\u00eda de video<\/h4>\n\n\n\n<figure class=\"wp-block-embed-youtube wp-block-embed is-type-video is-provider-youtube wp-embed-aspect-16-9 wp-has-aspect-ratio\"><div class=\"wp-block-embed__wrapper\">\n<div class=\"ast-oembed-container\" style=\"height: 100%;\"><iframe title=\"iBomber Defense - Contraataque de \u00c1frica del Noroeste - Veterano + Perfecto\" width=\"500\" height=\"281\" src=\"https:\/\/www.youtube.com\/embed\/ASmemkYsZQs?feature=oembed\" frameborder=\"0\" allow=\"accelerometer; autoplay; clipboard-write; encrypted-media; gyroscope; picture-in-picture; web-share\" referrerpolicy=\"strict-origin-when-cross-origin\" allowfullscreen><\/iframe><\/div>\n<\/div><\/figure>","protected":false},"excerpt":{"rendered":"<p>In this counterattack bonus mission it is time to go back to the previous level, North West Africa, picking up where we left off for another 20 waves, which if you reach without losing any lives you will be awarded 3 victory points. Since this mission is a bonus one, you do not have to [&hellip;]<\/p>","protected":false},"author":1,"featured_media":29,"parent":266,"menu_order":4,"comment_status":"open","ping_status":"closed","template":"","meta":{"_uag_custom_page_level_css":"","site-sidebar-layout":"default","site-content-layout":"default","ast-site-content-layout":"","site-content-style":"default","site-sidebar-style":"default","ast-global-header-display":"","ast-banner-title-visibility":"","ast-main-header-display":"","ast-hfb-above-header-display":"","ast-hfb-below-header-display":"","ast-hfb-mobile-header-display":"","site-post-title":"","ast-breadcrumbs-content":"","ast-featured-img":"","footer-sml-layout":"","theme-transparent-header-meta":"default","adv-header-id-meta":"","stick-header-meta":"","header-above-stick-meta":"","header-main-stick-meta":"","header-below-stick-meta":"","astra-migrate-meta-layouts":"default","ast-page-background-enabled":"default","ast-page-background-meta":{"desktop":{"background-color":"","background-image":"","background-repeat":"repeat","background-position":"center center","background-size":"auto","background-attachment":"scroll","background-type":"","background-media":"","overlay-type":"","overlay-color":"","overlay-gradient":""},"tablet":{"background-color":"","background-image":"","background-repeat":"repeat","background-position":"center center","background-size":"auto","background-attachment":"scroll","background-type":"","background-media":"","overlay-type":"","overlay-color":"","overlay-gradient":""},"mobile":{"background-color":"","background-image":"","background-repeat":"repeat","background-position":"center center","background-size":"auto","background-attachment":"scroll","background-type":"","background-media":"","overlay-type":"","overlay-color":"","overlay-gradient":""}},"ast-content-background-meta":{"desktop":{"background-color":"var(--ast-global-color-5)","background-image":"","background-repeat":"repeat","background-position":"center center","background-size":"auto","background-attachment":"scroll","background-type":"","background-media":"","overlay-type":"","overlay-color":"","overlay-gradient":""},"tablet":{"background-color":"var(--ast-global-color-5)","background-image":"","background-repeat":"repeat","background-position":"center center","background-size":"auto","background-attachment":"scroll","background-type":"","background-media":"","overlay-type":"","overlay-color":"","overlay-gradient":""},"mobile":{"background-color":"var(--ast-global-color-5)","background-image":"","background-repeat":"repeat","background-position":"center center","background-size":"auto","background-attachment":"scroll","background-type":"","background-media":"","overlay-type":"","overlay-color":"","overlay-gradient":""}},"footnotes":""},"uagb_featured_image_src":{"full":["https:\/\/ibomberdefense.standardof.net\/wp-content\/uploads\/sites\/5\/2020\/10\/iBomber-Defense-Level-4-North-West-Africa-Counterattack-3.jpg",1280,720,false],"thumbnail":["https:\/\/ibomberdefense.standardof.net\/wp-content\/uploads\/sites\/5\/2020\/10\/iBomber-Defense-Level-4-North-West-Africa-Counterattack-3-200x113.jpg",200,113,true],"medium":["https:\/\/ibomberdefense.standardof.net\/wp-content\/uploads\/sites\/5\/2020\/10\/iBomber-Defense-Level-4-North-West-Africa-Counterattack-3-512x288.jpg",512,288,true],"medium_large":["https:\/\/ibomberdefense.standardof.net\/wp-content\/uploads\/sites\/5\/2020\/10\/iBomber-Defense-Level-4-North-West-Africa-Counterattack-3-768x432.jpg",768,432,true],"large":["https:\/\/ibomberdefense.standardof.net\/wp-content\/uploads\/sites\/5\/2020\/10\/iBomber-Defense-Level-4-North-West-Africa-Counterattack-3-800x450.jpg",800,450,true],"1536x1536":["https:\/\/ibomberdefense.standardof.net\/wp-content\/uploads\/sites\/5\/2020\/10\/iBomber-Defense-Level-4-North-West-Africa-Counterattack-3.jpg",1280,720,false],"2048x2048":["https:\/\/ibomberdefense.standardof.net\/wp-content\/uploads\/sites\/5\/2020\/10\/iBomber-Defense-Level-4-North-West-Africa-Counterattack-3.jpg",1280,720,false],"trp-custom-language-flag":["https:\/\/ibomberdefense.standardof.net\/wp-content\/uploads\/sites\/5\/2020\/10\/iBomber-Defense-Level-4-North-West-Africa-Counterattack-3-16x9.jpg",16,9,true]},"uagb_author_info":{"display_name":"SOE","author_link":"https:\/\/ibomberdefense.standardof.net\/es\/author\/k-tastic\/"},"uagb_comment_info":0,"uagb_excerpt":"In this counterattack bonus mission it is time to go back to the previous level, North West Africa, picking up where we left off for another 20 waves, which if you reach without losing any lives you will be awarded 3 victory points. Since this mission is a bonus one, you do not have to&hellip;","_links":{"self":[{"href":"https:\/\/ibomberdefense.standardof.net\/es\/wp-json\/wp\/v2\/pages\/283"}],"collection":[{"href":"https:\/\/ibomberdefense.standardof.net\/es\/wp-json\/wp\/v2\/pages"}],"about":[{"href":"https:\/\/ibomberdefense.standardof.net\/es\/wp-json\/wp\/v2\/types\/page"}],"author":[{"embeddable":true,"href":"https:\/\/ibomberdefense.standardof.net\/es\/wp-json\/wp\/v2\/users\/1"}],"replies":[{"embeddable":true,"href":"https:\/\/ibomberdefense.standardof.net\/es\/wp-json\/wp\/v2\/comments?post=283"}],"version-history":[{"count":0,"href":"https:\/\/ibomberdefense.standardof.net\/es\/wp-json\/wp\/v2\/pages\/283\/revisions"}],"up":[{"embeddable":true,"href":"https:\/\/ibomberdefense.standardof.net\/es\/wp-json\/wp\/v2\/pages\/266"}],"wp:featuredmedia":[{"embeddable":true,"href":"https:\/\/ibomberdefense.standardof.net\/es\/wp-json\/wp\/v2\/media\/29"}],"wp:attachment":[{"href":"https:\/\/ibomberdefense.standardof.net\/es\/wp-json\/wp\/v2\/media?parent=283"}],"curies":[{"name":"wp","href":"https:\/\/api.w.org\/{rel}","templated":true}]}}