{"id":284,"date":"2020-10-19T06:07:15","date_gmt":"2020-10-19T06:07:15","guid":{"rendered":"https:\/\/ibomberdefense.standardof.net\/?page_id=284"},"modified":"2020-10-19T08:06:04","modified_gmt":"2020-10-19T08:06:04","slug":"5-north-east-africa-red-scorpion","status":"publish","type":"page","link":"https:\/\/ibomberdefense.standardof.net\/es\/guide\/campana-aliada\/5-nordeste-africa-escorpion-rojo\/","title":{"rendered":"5. \u00c1frica nororiental: Red Scorpion"},"content":{"rendered":"<div class=\"wp-block-image\"><figure class=\"aligncenter size-large\"><a href=\"https:\/\/ibomberdefense.standardof.net\/es\/guide\/campana-aliada\/5-nordeste-africa-escorpion-rojo\/ibomber-defense-level-5-north-east-africa-red-scorpion-1\/\"><img decoding=\"async\" width=\"800\" height=\"450\" src=\"https:\/\/ibomberdefense.standardof.net\/wp-content\/uploads\/sites\/5\/2020\/10\/iBomber-Defense-Level-5-North-East-Africa-Red-Scorpion-1-800x450.jpg\" alt=\"&quot;iBomber Defense&quot; - Nivel 5 - Noreste de \u00c1frica: Red Scorpion (1)\" class=\"wp-image-30\" title=\"\" srcset=\"https:\/\/ibomberdefense.standardof.net\/wp-content\/uploads\/sites\/5\/2020\/10\/iBomber-Defense-Level-5-North-East-Africa-Red-Scorpion-1-800x450.jpg 800w, https:\/\/ibomberdefense.standardof.net\/wp-content\/uploads\/sites\/5\/2020\/10\/iBomber-Defense-Level-5-North-East-Africa-Red-Scorpion-1-512x288.jpg 512w, https:\/\/ibomberdefense.standardof.net\/wp-content\/uploads\/sites\/5\/2020\/10\/iBomber-Defense-Level-5-North-East-Africa-Red-Scorpion-1-200x113.jpg 200w, https:\/\/ibomberdefense.standardof.net\/wp-content\/uploads\/sites\/5\/2020\/10\/iBomber-Defense-Level-5-North-East-Africa-Red-Scorpion-1-768x432.jpg 768w, https:\/\/ibomberdefense.standardof.net\/wp-content\/uploads\/sites\/5\/2020\/10\/iBomber-Defense-Level-5-North-East-Africa-Red-Scorpion-1-16x9.jpg 16w, https:\/\/ibomberdefense.standardof.net\/wp-content\/uploads\/sites\/5\/2020\/10\/iBomber-Defense-Level-5-North-East-Africa-Red-Scorpion-1.jpg 1280w\" sizes=\"(max-width: 800px) 100vw, 800px\" \/><\/a><figcaption>Rutas de las unidades enemigas en el noreste de \u00c1frica. Los caminos verde y amarillo son unidades terrestres, la l\u00ednea negra son unidades a\u00e9reas.<\/figcaption><\/figure><\/div>\n\n\n\n<p>Ahora volv\u00edamos al desierto, pero en una nueva ubicaci\u00f3n, el noreste de \u00c1frica enfrentando 3 caminos diferentes de unidades terrestres que viajan entre una serie de mesetas en las que podemos construir para aumentar el alcance con el primer grupo de unidades a\u00e9reas enfrentadas hasta ahora viajando hacia abajo. el centro del mapa.<\/p>\n\n\n\n<p>El mejor lugar para concentrarse en construir su armamento es en estas mesetas que ocupan el centro del mapa. Dado que las carreteras se entrelazan y convergen alrededor de este terreno elevado, las torretas colocadas a lo largo de esta \u00e1rea tendr\u00e1n un excelente campo de fuego para golpear a la gran mayor\u00eda de las unidades que se dirigen hacia su base.<\/p>\n\n\n\n<h3 class=\"wp-block-heading\"><strong>Colocaci\u00f3n de la torreta<\/strong><\/h3>\n\n\n\n<p>Comience colocando un par de torretas de ametralladoras donde los caminos convergen en el camino \u00fanico final hacia la base, en la meseta directamente al noroeste de la base. Comience a ahorrar para que las torretas de comunicaciones se coloquen en esta meseta y luego contin\u00fae construy\u00e9ndola con ca\u00f1ones y otra ametralladora para tener m\u00faltiples torretas superpuestas en el \u00e1rea de convergencia, especialmente dados los aumentos de altura y rango de comunicaciones.<\/p>\n\n\n\n<p>Las ondas de aire aparecen por primera vez en el juego en la onda 20, as\u00ed que aseg\u00farate de tener algunas torretas anti-aire para entonces, coloc\u00e1ndolas hacia el centro del mapa para obtener la mejor cobertura a lo largo del camino de la unidad a\u00e9rea. Una vez que la primera meseta est\u00e9 bien armada, puede trabajar en agregar a las otras 3 mesetas centrales mientras agrega Comunicaciones a cada una para tener una poderosa red de defensa.<\/p>\n\n\n\n<figure class=\"wp-block-gallery columns-2 is-cropped wp-block-gallery-1 is-layout-flex wp-block-gallery-is-layout-flex\"><ul class=\"blocks-gallery-grid\"><li class=\"blocks-gallery-item\"><figure><a href=\"https:\/\/ibomberdefense.standardof.net\/es\/guide\/campana-aliada\/5-nordeste-africa-escorpion-rojo\/ibomber-defense-level-5-north-east-africa-red-scorpion-2\/\"><img decoding=\"async\" width=\"800\" height=\"450\" src=\"https:\/\/ibomberdefense.standardof.net\/wp-content\/uploads\/sites\/5\/2020\/10\/iBomber-Defense-Level-5-North-East-Africa-Red-Scorpion-2-800x450.jpg\" alt=\"&quot;iBomber Defense&quot; - Nivel 5 - Noreste de \u00c1frica: Red Scorpion (2)\" data-id=\"31\" data-full-url=\"https:\/\/ibomberdefense.standardof.net\/wp-content\/uploads\/sites\/5\/2020\/10\/iBomber-Defense-Level-5-North-East-Africa-Red-Scorpion-2.jpg\" data-link=\"https:\/\/ibomberdefense.standardof.net\/guide\/allied-campaign\/5-north-east-africa-red-scorpion\/ibomber-defense-level-5-north-east-africa-red-scorpion-2\/\" class=\"wp-image-31\" title=\"\" srcset=\"https:\/\/ibomberdefense.standardof.net\/wp-content\/uploads\/sites\/5\/2020\/10\/iBomber-Defense-Level-5-North-East-Africa-Red-Scorpion-2-800x450.jpg 800w, https:\/\/ibomberdefense.standardof.net\/wp-content\/uploads\/sites\/5\/2020\/10\/iBomber-Defense-Level-5-North-East-Africa-Red-Scorpion-2-512x288.jpg 512w, https:\/\/ibomberdefense.standardof.net\/wp-content\/uploads\/sites\/5\/2020\/10\/iBomber-Defense-Level-5-North-East-Africa-Red-Scorpion-2-200x113.jpg 200w, https:\/\/ibomberdefense.standardof.net\/wp-content\/uploads\/sites\/5\/2020\/10\/iBomber-Defense-Level-5-North-East-Africa-Red-Scorpion-2-768x432.jpg 768w, https:\/\/ibomberdefense.standardof.net\/wp-content\/uploads\/sites\/5\/2020\/10\/iBomber-Defense-Level-5-North-East-Africa-Red-Scorpion-2-16x9.jpg 16w, https:\/\/ibomberdefense.standardof.net\/wp-content\/uploads\/sites\/5\/2020\/10\/iBomber-Defense-Level-5-North-East-Africa-Red-Scorpion-2.jpg 1280w\" sizes=\"(max-width: 800px) 100vw, 800px\" \/><\/a><figcaption class=\"blocks-gallery-item__caption\">Colocaci\u00f3n de la torreta Wave 10.<\/figcaption><\/figure><\/li><li class=\"blocks-gallery-item\"><figure><a href=\"https:\/\/ibomberdefense.standardof.net\/es\/guide\/campana-aliada\/5-nordeste-africa-escorpion-rojo\/ibomber-defense-level-5-north-east-africa-red-scorpion-3\/\"><img decoding=\"async\" width=\"800\" height=\"450\" src=\"https:\/\/ibomberdefense.standardof.net\/wp-content\/uploads\/sites\/5\/2020\/10\/iBomber-Defense-Level-5-North-East-Africa-Red-Scorpion-3-800x450.jpg\" alt=\"&quot;iBomber Defense&quot; - Nivel 5 - Noreste de \u00c1frica: Red Scorpion (3)\" data-id=\"32\" data-full-url=\"https:\/\/ibomberdefense.standardof.net\/wp-content\/uploads\/sites\/5\/2020\/10\/iBomber-Defense-Level-5-North-East-Africa-Red-Scorpion-3.jpg\" data-link=\"https:\/\/ibomberdefense.standardof.net\/guide\/allied-campaign\/5-north-east-africa-red-scorpion\/ibomber-defense-level-5-north-east-africa-red-scorpion-3\/\" class=\"wp-image-32\" title=\"\" srcset=\"https:\/\/ibomberdefense.standardof.net\/wp-content\/uploads\/sites\/5\/2020\/10\/iBomber-Defense-Level-5-North-East-Africa-Red-Scorpion-3-800x450.jpg 800w, https:\/\/ibomberdefense.standardof.net\/wp-content\/uploads\/sites\/5\/2020\/10\/iBomber-Defense-Level-5-North-East-Africa-Red-Scorpion-3-512x288.jpg 512w, https:\/\/ibomberdefense.standardof.net\/wp-content\/uploads\/sites\/5\/2020\/10\/iBomber-Defense-Level-5-North-East-Africa-Red-Scorpion-3-200x113.jpg 200w, https:\/\/ibomberdefense.standardof.net\/wp-content\/uploads\/sites\/5\/2020\/10\/iBomber-Defense-Level-5-North-East-Africa-Red-Scorpion-3-768x432.jpg 768w, https:\/\/ibomberdefense.standardof.net\/wp-content\/uploads\/sites\/5\/2020\/10\/iBomber-Defense-Level-5-North-East-Africa-Red-Scorpion-3-16x9.jpg 16w, https:\/\/ibomberdefense.standardof.net\/wp-content\/uploads\/sites\/5\/2020\/10\/iBomber-Defense-Level-5-North-East-Africa-Red-Scorpion-3.jpg 1280w\" sizes=\"(max-width: 800px) 100vw, 800px\" \/><\/a><figcaption class=\"blocks-gallery-item__caption\">Colocaci\u00f3n de la torreta Wave 20.<\/figcaption><\/figure><\/li><li class=\"blocks-gallery-item\"><figure><a href=\"https:\/\/ibomberdefense.standardof.net\/es\/guide\/campana-aliada\/5-nordeste-africa-escorpion-rojo\/ibomber-defense-level-5-north-east-africa-red-scorpion-4\/\"><img decoding=\"async\" width=\"800\" height=\"450\" src=\"https:\/\/ibomberdefense.standardof.net\/wp-content\/uploads\/sites\/5\/2020\/10\/iBomber-Defense-Level-5-North-East-Africa-Red-Scorpion-4-800x450.jpg\" alt=\"&quot;iBomber Defense&quot; - Nivel 5 - Noreste de \u00c1frica: Red Scorpion (4)\" data-id=\"33\" data-full-url=\"https:\/\/ibomberdefense.standardof.net\/wp-content\/uploads\/sites\/5\/2020\/10\/iBomber-Defense-Level-5-North-East-Africa-Red-Scorpion-4.jpg\" data-link=\"https:\/\/ibomberdefense.standardof.net\/guide\/allied-campaign\/5-north-east-africa-red-scorpion\/ibomber-defense-level-5-north-east-africa-red-scorpion-4\/\" class=\"wp-image-33\" title=\"\" srcset=\"https:\/\/ibomberdefense.standardof.net\/wp-content\/uploads\/sites\/5\/2020\/10\/iBomber-Defense-Level-5-North-East-Africa-Red-Scorpion-4-800x450.jpg 800w, https:\/\/ibomberdefense.standardof.net\/wp-content\/uploads\/sites\/5\/2020\/10\/iBomber-Defense-Level-5-North-East-Africa-Red-Scorpion-4-512x288.jpg 512w, https:\/\/ibomberdefense.standardof.net\/wp-content\/uploads\/sites\/5\/2020\/10\/iBomber-Defense-Level-5-North-East-Africa-Red-Scorpion-4-200x113.jpg 200w, https:\/\/ibomberdefense.standardof.net\/wp-content\/uploads\/sites\/5\/2020\/10\/iBomber-Defense-Level-5-North-East-Africa-Red-Scorpion-4-768x432.jpg 768w, https:\/\/ibomberdefense.standardof.net\/wp-content\/uploads\/sites\/5\/2020\/10\/iBomber-Defense-Level-5-North-East-Africa-Red-Scorpion-4-16x9.jpg 16w, https:\/\/ibomberdefense.standardof.net\/wp-content\/uploads\/sites\/5\/2020\/10\/iBomber-Defense-Level-5-North-East-Africa-Red-Scorpion-4.jpg 1280w\" sizes=\"(max-width: 800px) 100vw, 800px\" \/><\/a><figcaption class=\"blocks-gallery-item__caption\">Colocaci\u00f3n de la torreta Wave 30.<\/figcaption><\/figure><\/li><\/ul><\/figure>\n\n\n\n<h3 class=\"wp-block-heading\"><strong>Gasto en puntos de victoria<\/strong><\/h3>\n\n\n\n<p>Con la introducci\u00f3n de unidades a\u00e9reas en este punto del juego, lo mejor es gastar uno de los dos puntos de victoria ganados en este nivel en la torreta Anti Air para desbloquear el tercer nivel, ya que el espacio para ellas suele ser limitado, lo que requiere actualizaciones de tercer nivel. A continuaci\u00f3n, podemos actualizar la torreta Sabotage al nivel 2 para tener una mejor herramienta con la que usar para ralentizar al enemigo.<\/p>\n\n\n\n<p>Niveles de elementos desbloqueados actualmente:<br>Ametralladora 3, Ca\u00f1\u00f3n 3, Antia\u00e9reo 3, Sabotaje 2, Comunicaciones 2, Compra 2, Reparaci\u00f3n 1<\/p>\n\n\n\n<hr class=\"wp-block-separator\"\/>\n\n\n\n<h4 class=\"has-text-align-center wp-block-heading\">Gu\u00eda de video<\/h4>\n\n\n\n<figure class=\"wp-block-embed-youtube wp-block-embed is-type-video is-provider-youtube wp-embed-aspect-16-9 wp-has-aspect-ratio\"><div class=\"wp-block-embed__wrapper\">\n<div class=\"ast-oembed-container\" style=\"height: 100%;\"><iframe title=\"iBomber Defense - Noreste de \u00c1frica - Red Scorpion - Veterano + Perfecto\" width=\"500\" height=\"281\" src=\"https:\/\/www.youtube.com\/embed\/3Vn9yk3Rkgc?feature=oembed\" frameborder=\"0\" allow=\"accelerometer; autoplay; clipboard-write; encrypted-media; gyroscope; picture-in-picture; web-share\" referrerpolicy=\"strict-origin-when-cross-origin\" allowfullscreen><\/iframe><\/div>\n<\/div><\/figure>","protected":false},"excerpt":{"rendered":"<p>Now were back to the desert again but in a new location, North East Africa facing 3 different paths of ground units that travel between a series of plateaus that we can build on for increased range with the first group of air units faced so far traveling down the center of the map. The [&hellip;]<\/p>","protected":false},"author":1,"featured_media":33,"parent":266,"menu_order":5,"comment_status":"open","ping_status":"closed","template":"","meta":{"_uag_custom_page_level_css":"","site-sidebar-layout":"default","site-content-layout":"default","ast-site-content-layout":"","site-content-style":"default","site-sidebar-style":"default","ast-global-header-display":"","ast-banner-title-visibility":"","ast-main-header-display":"","ast-hfb-above-header-display":"","ast-hfb-below-header-display":"","ast-hfb-mobile-header-display":"","site-post-title":"","ast-breadcrumbs-content":"","ast-featured-img":"","footer-sml-layout":"","theme-transparent-header-meta":"default","adv-header-id-meta":"","stick-header-meta":"","header-above-stick-meta":"","header-main-stick-meta":"","header-below-stick-meta":"","astra-migrate-meta-layouts":"default","ast-page-background-enabled":"default","ast-page-background-meta":{"desktop":{"background-color":"","background-image":"","background-repeat":"repeat","background-position":"center center","background-size":"auto","background-attachment":"scroll","background-type":"","background-media":"","overlay-type":"","overlay-color":"","overlay-gradient":""},"tablet":{"background-color":"","background-image":"","background-repeat":"repeat","background-position":"center center","background-size":"auto","background-attachment":"scroll","background-type":"","background-media":"","overlay-type":"","overlay-color":"","overlay-gradient":""},"mobile":{"background-color":"","background-image":"","background-repeat":"repeat","background-position":"center center","background-size":"auto","background-attachment":"scroll","background-type":"","background-media":"","overlay-type":"","overlay-color":"","overlay-gradient":""}},"ast-content-background-meta":{"desktop":{"background-color":"var(--ast-global-color-5)","background-image":"","background-repeat":"repeat","background-position":"center center","background-size":"auto","background-attachment":"scroll","background-type":"","background-media":"","overlay-type":"","overlay-color":"","overlay-gradient":""},"tablet":{"background-color":"var(--ast-global-color-5)","background-image":"","background-repeat":"repeat","background-position":"center center","background-size":"auto","background-attachment":"scroll","background-type":"","background-media":"","overlay-type":"","overlay-color":"","overlay-gradient":""},"mobile":{"background-color":"var(--ast-global-color-5)","background-image":"","background-repeat":"repeat","background-position":"center center","background-size":"auto","background-attachment":"scroll","background-type":"","background-media":"","overlay-type":"","overlay-color":"","overlay-gradient":""}},"footnotes":""},"uagb_featured_image_src":{"full":["https:\/\/ibomberdefense.standardof.net\/wp-content\/uploads\/sites\/5\/2020\/10\/iBomber-Defense-Level-5-North-East-Africa-Red-Scorpion-4.jpg",1280,720,false],"thumbnail":["https:\/\/ibomberdefense.standardof.net\/wp-content\/uploads\/sites\/5\/2020\/10\/iBomber-Defense-Level-5-North-East-Africa-Red-Scorpion-4-200x113.jpg",200,113,true],"medium":["https:\/\/ibomberdefense.standardof.net\/wp-content\/uploads\/sites\/5\/2020\/10\/iBomber-Defense-Level-5-North-East-Africa-Red-Scorpion-4-512x288.jpg",512,288,true],"medium_large":["https:\/\/ibomberdefense.standardof.net\/wp-content\/uploads\/sites\/5\/2020\/10\/iBomber-Defense-Level-5-North-East-Africa-Red-Scorpion-4-768x432.jpg",768,432,true],"large":["https:\/\/ibomberdefense.standardof.net\/wp-content\/uploads\/sites\/5\/2020\/10\/iBomber-Defense-Level-5-North-East-Africa-Red-Scorpion-4-800x450.jpg",800,450,true],"1536x1536":["https:\/\/ibomberdefense.standardof.net\/wp-content\/uploads\/sites\/5\/2020\/10\/iBomber-Defense-Level-5-North-East-Africa-Red-Scorpion-4.jpg",1280,720,false],"2048x2048":["https:\/\/ibomberdefense.standardof.net\/wp-content\/uploads\/sites\/5\/2020\/10\/iBomber-Defense-Level-5-North-East-Africa-Red-Scorpion-4.jpg",1280,720,false],"trp-custom-language-flag":["https:\/\/ibomberdefense.standardof.net\/wp-content\/uploads\/sites\/5\/2020\/10\/iBomber-Defense-Level-5-North-East-Africa-Red-Scorpion-4-16x9.jpg",16,9,true]},"uagb_author_info":{"display_name":"SOE","author_link":"https:\/\/ibomberdefense.standardof.net\/es\/author\/k-tastic\/"},"uagb_comment_info":0,"uagb_excerpt":"Now were back to the desert again but in a new location, North East Africa facing 3 different paths of ground units that travel between a series of plateaus that we can build on for increased range with the first group of air units faced so far traveling down the center of the map. The&hellip;","_links":{"self":[{"href":"https:\/\/ibomberdefense.standardof.net\/es\/wp-json\/wp\/v2\/pages\/284"}],"collection":[{"href":"https:\/\/ibomberdefense.standardof.net\/es\/wp-json\/wp\/v2\/pages"}],"about":[{"href":"https:\/\/ibomberdefense.standardof.net\/es\/wp-json\/wp\/v2\/types\/page"}],"author":[{"embeddable":true,"href":"https:\/\/ibomberdefense.standardof.net\/es\/wp-json\/wp\/v2\/users\/1"}],"replies":[{"embeddable":true,"href":"https:\/\/ibomberdefense.standardof.net\/es\/wp-json\/wp\/v2\/comments?post=284"}],"version-history":[{"count":0,"href":"https:\/\/ibomberdefense.standardof.net\/es\/wp-json\/wp\/v2\/pages\/284\/revisions"}],"up":[{"embeddable":true,"href":"https:\/\/ibomberdefense.standardof.net\/es\/wp-json\/wp\/v2\/pages\/266"}],"wp:featuredmedia":[{"embeddable":true,"href":"https:\/\/ibomberdefense.standardof.net\/es\/wp-json\/wp\/v2\/media\/33"}],"wp:attachment":[{"href":"https:\/\/ibomberdefense.standardof.net\/es\/wp-json\/wp\/v2\/media?parent=284"}],"curies":[{"name":"wp","href":"https:\/\/api.w.org\/{rel}","templated":true}]}}