{"id":285,"date":"2020-10-19T06:07:32","date_gmt":"2020-10-19T06:07:32","guid":{"rendered":"https:\/\/ibomberdefense.standardof.net\/?page_id=285"},"modified":"2020-10-19T08:06:08","modified_gmt":"2020-10-19T08:06:08","slug":"6-south-east-europe-eightball","status":"publish","type":"page","link":"https:\/\/ibomberdefense.standardof.net\/es\/guide\/campana-aliada\/6-sudeste-europa-eightball\/","title":{"rendered":"6. Sudeste de Europa: Eightball"},"content":{"rendered":"<div class=\"wp-block-image\"><figure class=\"aligncenter size-large\"><a href=\"https:\/\/ibomberdefense.standardof.net\/es\/guide\/campana-aliada\/6-sudeste-europa-eightball\/ibomber-defense-level-6-south-east-europe-eightball-1\/\"><img decoding=\"async\" width=\"800\" height=\"450\" src=\"https:\/\/ibomberdefense.standardof.net\/wp-content\/uploads\/sites\/5\/2020\/10\/iBomber-Defense-Level-6-South-East-Europe-Eightball-1-800x450.jpg\" alt=\"&quot;iBomber Defense&quot; - Nivel 6 - Sureste de Europa: Eightball (1)\" class=\"wp-image-34\" title=\"\" srcset=\"https:\/\/ibomberdefense.standardof.net\/wp-content\/uploads\/sites\/5\/2020\/10\/iBomber-Defense-Level-6-South-East-Europe-Eightball-1-800x450.jpg 800w, https:\/\/ibomberdefense.standardof.net\/wp-content\/uploads\/sites\/5\/2020\/10\/iBomber-Defense-Level-6-South-East-Europe-Eightball-1-512x288.jpg 512w, https:\/\/ibomberdefense.standardof.net\/wp-content\/uploads\/sites\/5\/2020\/10\/iBomber-Defense-Level-6-South-East-Europe-Eightball-1-200x113.jpg 200w, https:\/\/ibomberdefense.standardof.net\/wp-content\/uploads\/sites\/5\/2020\/10\/iBomber-Defense-Level-6-South-East-Europe-Eightball-1-768x432.jpg 768w, https:\/\/ibomberdefense.standardof.net\/wp-content\/uploads\/sites\/5\/2020\/10\/iBomber-Defense-Level-6-South-East-Europe-Eightball-1-16x9.jpg 16w, https:\/\/ibomberdefense.standardof.net\/wp-content\/uploads\/sites\/5\/2020\/10\/iBomber-Defense-Level-6-South-East-Europe-Eightball-1.jpg 1280w\" sizes=\"(max-width: 800px) 100vw, 800px\" \/><\/a><figcaption>Las rutas rojas y azules indican las rutas de viaje de las unidades terrestres con unidades a\u00e9reas que toman la ruta naranja en el sureste de Europa.<\/figcaption><\/figure><\/div>\n\n\n\n<p>Ahora estamos de regreso a las tierras verdes brillantes del bosque para enfrentar 30 olas de unidades terrestres y a\u00e9reas que viajan alrededor y sobre un lago cercano, cuya base se encuentra justo al sureste. Desafortunadamente, los caminos aqu\u00ed convergen muy tarde en un \u00e1rea con poca oportunidad de colocaci\u00f3n de torretas, por lo que las estrategias aqu\u00ed tendr\u00e1n que enfocarse en dos bases de fuego separadas para manejar cada uno de los caminos de entrada de las unidades terrestres con AA en el centro.<\/p>\n\n\n\n<p>Solo hay dos caminos que toman las unidades terrestres, con un tercero para las Aeronaves que viajan por el medio y se curvan hacia la base. Las bases de fuego que elegiremos construir estar\u00e1n en la meseta sur y el parche abierto entre el bosque y el lago por la entrada norte.<\/p>\n\n\n\n<h3 class=\"wp-block-heading\"><strong>Colocaci\u00f3n de la torreta<\/strong><\/h3>\n\n\n\n<p>Hasta la ola 10, es mejor enfocarse en un par de torretas de ametralladoras para cada una de las bases de fuego mencionadas anteriormente y visibles en las im\u00e1genes de olas a la derecha. Lleve cada par de torretas de ametralladora al nivel 3, ya que se enfrentar\u00e1n principalmente a unidades ligeras hasta este punto. Cada vez que sube una nueva torreta de ametralladora, deber\u00eda actualizarse al nivel 3 con bastante rapidez.<\/p>\n\n\n\n<p>Desde las oleadas 10 hasta la 20, querr\u00e1 concentrarse en construir una tercera torreta de ametralladora en cada base de fuego mientras agrega una torreta de comunicaciones a cada una para mejorar su alcance. Para el nivel 15 necesitar\u00e1s tener una torreta anti-a\u00e9rea colocada en la base de fuego norte, lejos del borde del camino para evitar usar un lugar m\u00e1s \u00fatil para otra arma. Hacia el 20, agregar un ca\u00f1\u00f3n con una tercera torreta de comunicaciones justo al lado de la base en las rutas de convergencia nos permitir\u00e1 una copia de seguridad contra cualquier cosa que se escape.<\/p>\n\n\n\n<p>Las ondas 20 a 30 deben centrarse en mejorar las torretas de Comunicaciones al nivel 2 mientras se agrega una torreta Cannon adicional a ambas bases de fuego y en el otro lado del camino junto a la base donde convergen las dos carreteras principales. Si tiene algo de dinero extra, actualizar los ca\u00f1ones m\u00e1s all\u00e1 del nivel 1 deber\u00eda llegar hacia el final, ya que los ca\u00f1ones de nivel 2 no son exactamente necesarios aqu\u00ed.<\/p>\n\n\n\n<figure class=\"wp-block-gallery columns-2 is-cropped wp-block-gallery-1 is-layout-flex wp-block-gallery-is-layout-flex\"><ul class=\"blocks-gallery-grid\"><li class=\"blocks-gallery-item\"><figure><a href=\"https:\/\/ibomberdefense.standardof.net\/es\/guide\/campana-aliada\/6-sudeste-europa-eightball\/ibomber-defense-level-6-south-east-europe-eightball-2\/\"><img decoding=\"async\" width=\"800\" height=\"450\" src=\"https:\/\/ibomberdefense.standardof.net\/wp-content\/uploads\/sites\/5\/2020\/10\/iBomber-Defense-Level-6-South-East-Europe-Eightball-2-800x450.jpg\" alt=\"&quot;iBomber Defense&quot; - Nivel 6 - Sureste de Europa: Eightball (2)\" data-id=\"35\" data-full-url=\"https:\/\/ibomberdefense.standardof.net\/wp-content\/uploads\/sites\/5\/2020\/10\/iBomber-Defense-Level-6-South-East-Europe-Eightball-2.jpg\" data-link=\"https:\/\/ibomberdefense.standardof.net\/guide\/allied-campaign\/6-south-east-europe-eightball\/ibomber-defense-level-6-south-east-europe-eightball-2\/\" class=\"wp-image-35\" title=\"\" srcset=\"https:\/\/ibomberdefense.standardof.net\/wp-content\/uploads\/sites\/5\/2020\/10\/iBomber-Defense-Level-6-South-East-Europe-Eightball-2-800x450.jpg 800w, https:\/\/ibomberdefense.standardof.net\/wp-content\/uploads\/sites\/5\/2020\/10\/iBomber-Defense-Level-6-South-East-Europe-Eightball-2-512x288.jpg 512w, https:\/\/ibomberdefense.standardof.net\/wp-content\/uploads\/sites\/5\/2020\/10\/iBomber-Defense-Level-6-South-East-Europe-Eightball-2-200x113.jpg 200w, https:\/\/ibomberdefense.standardof.net\/wp-content\/uploads\/sites\/5\/2020\/10\/iBomber-Defense-Level-6-South-East-Europe-Eightball-2-768x432.jpg 768w, https:\/\/ibomberdefense.standardof.net\/wp-content\/uploads\/sites\/5\/2020\/10\/iBomber-Defense-Level-6-South-East-Europe-Eightball-2-16x9.jpg 16w, https:\/\/ibomberdefense.standardof.net\/wp-content\/uploads\/sites\/5\/2020\/10\/iBomber-Defense-Level-6-South-East-Europe-Eightball-2.jpg 1280w\" sizes=\"(max-width: 800px) 100vw, 800px\" \/><\/a><figcaption class=\"blocks-gallery-item__caption\">Colocaci\u00f3n de la torreta Wave 10.<\/figcaption><\/figure><\/li><li class=\"blocks-gallery-item\"><figure><a href=\"https:\/\/ibomberdefense.standardof.net\/es\/guide\/campana-aliada\/6-sudeste-europa-eightball\/ibomber-defense-level-6-south-east-europe-eightball-3\/\"><img decoding=\"async\" width=\"800\" height=\"450\" src=\"https:\/\/ibomberdefense.standardof.net\/wp-content\/uploads\/sites\/5\/2020\/10\/iBomber-Defense-Level-6-South-East-Europe-Eightball-3-800x450.jpg\" alt=\"&quot;iBomber Defense&quot; - Nivel 6 - Sureste de Europa: Eightball (3)\" data-id=\"36\" data-full-url=\"https:\/\/ibomberdefense.standardof.net\/wp-content\/uploads\/sites\/5\/2020\/10\/iBomber-Defense-Level-6-South-East-Europe-Eightball-3.jpg\" data-link=\"https:\/\/ibomberdefense.standardof.net\/guide\/allied-campaign\/6-south-east-europe-eightball\/ibomber-defense-level-6-south-east-europe-eightball-3\/\" class=\"wp-image-36\" title=\"\" srcset=\"https:\/\/ibomberdefense.standardof.net\/wp-content\/uploads\/sites\/5\/2020\/10\/iBomber-Defense-Level-6-South-East-Europe-Eightball-3-800x450.jpg 800w, https:\/\/ibomberdefense.standardof.net\/wp-content\/uploads\/sites\/5\/2020\/10\/iBomber-Defense-Level-6-South-East-Europe-Eightball-3-512x288.jpg 512w, https:\/\/ibomberdefense.standardof.net\/wp-content\/uploads\/sites\/5\/2020\/10\/iBomber-Defense-Level-6-South-East-Europe-Eightball-3-200x113.jpg 200w, https:\/\/ibomberdefense.standardof.net\/wp-content\/uploads\/sites\/5\/2020\/10\/iBomber-Defense-Level-6-South-East-Europe-Eightball-3-768x432.jpg 768w, https:\/\/ibomberdefense.standardof.net\/wp-content\/uploads\/sites\/5\/2020\/10\/iBomber-Defense-Level-6-South-East-Europe-Eightball-3-16x9.jpg 16w, https:\/\/ibomberdefense.standardof.net\/wp-content\/uploads\/sites\/5\/2020\/10\/iBomber-Defense-Level-6-South-East-Europe-Eightball-3.jpg 1280w\" sizes=\"(max-width: 800px) 100vw, 800px\" \/><\/a><figcaption class=\"blocks-gallery-item__caption\">Colocaci\u00f3n de la torreta Wave 20.<\/figcaption><\/figure><\/li><li class=\"blocks-gallery-item\"><figure><a href=\"https:\/\/ibomberdefense.standardof.net\/es\/guide\/campana-aliada\/6-sudeste-europa-eightball\/ibomber-defense-level-6-south-east-europe-eightball-4\/\"><img decoding=\"async\" width=\"800\" height=\"450\" src=\"https:\/\/ibomberdefense.standardof.net\/wp-content\/uploads\/sites\/5\/2020\/10\/iBomber-Defense-Level-6-South-East-Europe-Eightball-4-800x450.jpg\" alt=\"&quot;iBomber Defense&quot; - Nivel 6 - Sureste de Europa: Eightball (4)\" data-id=\"37\" data-full-url=\"https:\/\/ibomberdefense.standardof.net\/wp-content\/uploads\/sites\/5\/2020\/10\/iBomber-Defense-Level-6-South-East-Europe-Eightball-4.jpg\" data-link=\"https:\/\/ibomberdefense.standardof.net\/guide\/allied-campaign\/6-south-east-europe-eightball\/ibomber-defense-level-6-south-east-europe-eightball-4\/\" class=\"wp-image-37\" title=\"\" srcset=\"https:\/\/ibomberdefense.standardof.net\/wp-content\/uploads\/sites\/5\/2020\/10\/iBomber-Defense-Level-6-South-East-Europe-Eightball-4-800x450.jpg 800w, https:\/\/ibomberdefense.standardof.net\/wp-content\/uploads\/sites\/5\/2020\/10\/iBomber-Defense-Level-6-South-East-Europe-Eightball-4-512x288.jpg 512w, https:\/\/ibomberdefense.standardof.net\/wp-content\/uploads\/sites\/5\/2020\/10\/iBomber-Defense-Level-6-South-East-Europe-Eightball-4-200x113.jpg 200w, https:\/\/ibomberdefense.standardof.net\/wp-content\/uploads\/sites\/5\/2020\/10\/iBomber-Defense-Level-6-South-East-Europe-Eightball-4-768x432.jpg 768w, https:\/\/ibomberdefense.standardof.net\/wp-content\/uploads\/sites\/5\/2020\/10\/iBomber-Defense-Level-6-South-East-Europe-Eightball-4-16x9.jpg 16w, https:\/\/ibomberdefense.standardof.net\/wp-content\/uploads\/sites\/5\/2020\/10\/iBomber-Defense-Level-6-South-East-Europe-Eightball-4.jpg 1280w\" sizes=\"(max-width: 800px) 100vw, 800px\" \/><\/a><figcaption class=\"blocks-gallery-item__caption\">Colocaci\u00f3n de la torreta Wave 30.<\/figcaption><\/figure><\/li><\/ul><\/figure>\n\n\n\n<h3 class=\"wp-block-heading\"><strong>Gasto en puntos de victoria<\/strong><\/h3>\n\n\n\n<p>Con los dos puntos otorgados por la finalizaci\u00f3n perfecta de este nivel, se gast\u00f3 un punto en la torreta de comunicaciones para desbloquear su tercer nivel y su incre\u00edble potencial de cr\u00e9ditos de bonificaci\u00f3n, mientras que el otro se us\u00f3 en la torreta de sabotaje para que todo el armamento se pueda actualizar a nivel 3. En este punto, todo es nivel 3, excepto Comprar y reparar, que todav\u00eda se encuentran en el nivel 2.<\/p>\n\n\n\n<hr class=\"wp-block-separator\"\/>\n\n\n\n<h4 class=\"has-text-align-center wp-block-heading\">Gu\u00eda de video<\/h4>\n\n\n\n<figure class=\"wp-block-embed-youtube wp-block-embed is-type-video is-provider-youtube wp-embed-aspect-16-9 wp-has-aspect-ratio\"><div class=\"wp-block-embed__wrapper\">\n<div class=\"ast-oembed-container\" style=\"height: 100%;\"><iframe title=\"iBomber Defense - Sureste de Europa - Eightball - Veterano + Perfecto\" width=\"500\" height=\"281\" src=\"https:\/\/www.youtube.com\/embed\/bWgEgcBmGLY?feature=oembed\" frameborder=\"0\" allow=\"accelerometer; autoplay; clipboard-write; encrypted-media; gyroscope; picture-in-picture; web-share\" referrerpolicy=\"strict-origin-when-cross-origin\" allowfullscreen><\/iframe><\/div>\n<\/div><\/figure>","protected":false},"excerpt":{"rendered":"<p>Now we are back to the bright green lands of forest to face 30 waves of ground and air units that travel around and over a nearby lake which the base sits just southeast of. Unfortunately the paths here converge very late in an are with little turret placement opportunity so strategies here will have [&hellip;]<\/p>","protected":false},"author":1,"featured_media":37,"parent":266,"menu_order":6,"comment_status":"open","ping_status":"closed","template":"","meta":{"_uag_custom_page_level_css":"","site-sidebar-layout":"default","site-content-layout":"default","ast-site-content-layout":"","site-content-style":"default","site-sidebar-style":"default","ast-global-header-display":"","ast-banner-title-visibility":"","ast-main-header-display":"","ast-hfb-above-header-display":"","ast-hfb-below-header-display":"","ast-hfb-mobile-header-display":"","site-post-title":"","ast-breadcrumbs-content":"","ast-featured-img":"","footer-sml-layout":"","theme-transparent-header-meta":"default","adv-header-id-meta":"","stick-header-meta":"","header-above-stick-meta":"","header-main-stick-meta":"","header-below-stick-meta":"","astra-migrate-meta-layouts":"default","ast-page-background-enabled":"default","ast-page-background-meta":{"desktop":{"background-color":"","background-image":"","background-repeat":"repeat","background-position":"center center","background-size":"auto","background-attachment":"scroll","background-type":"","background-media":"","overlay-type":"","overlay-color":"","overlay-gradient":""},"tablet":{"background-color":"","background-image":"","background-repeat":"repeat","background-position":"center center","background-size":"auto","background-attachment":"scroll","background-type":"","background-media":"","overlay-type":"","overlay-color":"","overlay-gradient":""},"mobile":{"background-color":"","background-image":"","background-repeat":"repeat","background-position":"center center","background-size":"auto","background-attachment":"scroll","background-type":"","background-media":"","overlay-type":"","overlay-color":"","overlay-gradient":""}},"ast-content-background-meta":{"desktop":{"background-color":"var(--ast-global-color-5)","background-image":"","background-repeat":"repeat","background-position":"center center","background-size":"auto","background-attachment":"scroll","background-type":"","background-media":"","overlay-type":"","overlay-color":"","overlay-gradient":""},"tablet":{"background-color":"var(--ast-global-color-5)","background-image":"","background-repeat":"repeat","background-position":"center center","background-size":"auto","background-attachment":"scroll","background-type":"","background-media":"","overlay-type":"","overlay-color":"","overlay-gradient":""},"mobile":{"background-color":"var(--ast-global-color-5)","background-image":"","background-repeat":"repeat","background-position":"center center","background-size":"auto","background-attachment":"scroll","background-type":"","background-media":"","overlay-type":"","overlay-color":"","overlay-gradient":""}},"footnotes":""},"uagb_featured_image_src":{"full":["https:\/\/ibomberdefense.standardof.net\/wp-content\/uploads\/sites\/5\/2020\/10\/iBomber-Defense-Level-6-South-East-Europe-Eightball-4.jpg",1280,720,false],"thumbnail":["https:\/\/ibomberdefense.standardof.net\/wp-content\/uploads\/sites\/5\/2020\/10\/iBomber-Defense-Level-6-South-East-Europe-Eightball-4-200x113.jpg",200,113,true],"medium":["https:\/\/ibomberdefense.standardof.net\/wp-content\/uploads\/sites\/5\/2020\/10\/iBomber-Defense-Level-6-South-East-Europe-Eightball-4-512x288.jpg",512,288,true],"medium_large":["https:\/\/ibomberdefense.standardof.net\/wp-content\/uploads\/sites\/5\/2020\/10\/iBomber-Defense-Level-6-South-East-Europe-Eightball-4-768x432.jpg",768,432,true],"large":["https:\/\/ibomberdefense.standardof.net\/wp-content\/uploads\/sites\/5\/2020\/10\/iBomber-Defense-Level-6-South-East-Europe-Eightball-4-800x450.jpg",800,450,true],"1536x1536":["https:\/\/ibomberdefense.standardof.net\/wp-content\/uploads\/sites\/5\/2020\/10\/iBomber-Defense-Level-6-South-East-Europe-Eightball-4.jpg",1280,720,false],"2048x2048":["https:\/\/ibomberdefense.standardof.net\/wp-content\/uploads\/sites\/5\/2020\/10\/iBomber-Defense-Level-6-South-East-Europe-Eightball-4.jpg",1280,720,false],"trp-custom-language-flag":["https:\/\/ibomberdefense.standardof.net\/wp-content\/uploads\/sites\/5\/2020\/10\/iBomber-Defense-Level-6-South-East-Europe-Eightball-4-16x9.jpg",16,9,true]},"uagb_author_info":{"display_name":"SOE","author_link":"https:\/\/ibomberdefense.standardof.net\/es\/author\/k-tastic\/"},"uagb_comment_info":0,"uagb_excerpt":"Now we are back to the bright green lands of forest to face 30 waves of ground and air units that travel around and over a nearby lake which the base sits just southeast of. Unfortunately the paths here converge very late in an are with little turret placement opportunity so strategies here will have&hellip;","_links":{"self":[{"href":"https:\/\/ibomberdefense.standardof.net\/es\/wp-json\/wp\/v2\/pages\/285"}],"collection":[{"href":"https:\/\/ibomberdefense.standardof.net\/es\/wp-json\/wp\/v2\/pages"}],"about":[{"href":"https:\/\/ibomberdefense.standardof.net\/es\/wp-json\/wp\/v2\/types\/page"}],"author":[{"embeddable":true,"href":"https:\/\/ibomberdefense.standardof.net\/es\/wp-json\/wp\/v2\/users\/1"}],"replies":[{"embeddable":true,"href":"https:\/\/ibomberdefense.standardof.net\/es\/wp-json\/wp\/v2\/comments?post=285"}],"version-history":[{"count":0,"href":"https:\/\/ibomberdefense.standardof.net\/es\/wp-json\/wp\/v2\/pages\/285\/revisions"}],"up":[{"embeddable":true,"href":"https:\/\/ibomberdefense.standardof.net\/es\/wp-json\/wp\/v2\/pages\/266"}],"wp:featuredmedia":[{"embeddable":true,"href":"https:\/\/ibomberdefense.standardof.net\/es\/wp-json\/wp\/v2\/media\/37"}],"wp:attachment":[{"href":"https:\/\/ibomberdefense.standardof.net\/es\/wp-json\/wp\/v2\/media?parent=285"}],"curies":[{"name":"wp","href":"https:\/\/api.w.org\/{rel}","templated":true}]}}