{"id":286,"date":"2020-10-19T06:07:46","date_gmt":"2020-10-19T06:07:46","guid":{"rendered":"https:\/\/ibomberdefense.standardof.net\/?page_id=286"},"modified":"2020-10-19T08:06:12","modified_gmt":"2020-10-19T08:06:12","slug":"7-eastern-mediterranean-bottleneck","status":"publish","type":"page","link":"https:\/\/ibomberdefense.standardof.net\/es\/guide\/campana-aliada\/7-cuello-de-botella-mediterraneo-oriental\/","title":{"rendered":"7. Mediterr\u00e1neo oriental: cuello de botella"},"content":{"rendered":"<div class=\"wp-block-image\"><figure class=\"aligncenter size-large\"><a href=\"https:\/\/ibomberdefense.standardof.net\/es\/guide\/campana-aliada\/7-cuello-de-botella-mediterraneo-oriental\/ibomber-defense-level-7-eastern-mediterranean-bottleneck-1\/\"><img decoding=\"async\" width=\"800\" height=\"450\" src=\"https:\/\/ibomberdefense.standardof.net\/wp-content\/uploads\/sites\/5\/2020\/10\/iBomber-Defense-Level-7-Eastern-Mediterranean-Bottleneck-1-800x450.jpg\" alt=\"&quot;iBomber Defense&quot; - Nivel 7 - Mediterr\u00e1neo Oriental: Cuello de botella (1)\" class=\"wp-image-38\" title=\"\" srcset=\"https:\/\/ibomberdefense.standardof.net\/wp-content\/uploads\/sites\/5\/2020\/10\/iBomber-Defense-Level-7-Eastern-Mediterranean-Bottleneck-1-800x450.jpg 800w, https:\/\/ibomberdefense.standardof.net\/wp-content\/uploads\/sites\/5\/2020\/10\/iBomber-Defense-Level-7-Eastern-Mediterranean-Bottleneck-1-512x288.jpg 512w, https:\/\/ibomberdefense.standardof.net\/wp-content\/uploads\/sites\/5\/2020\/10\/iBomber-Defense-Level-7-Eastern-Mediterranean-Bottleneck-1-200x113.jpg 200w, https:\/\/ibomberdefense.standardof.net\/wp-content\/uploads\/sites\/5\/2020\/10\/iBomber-Defense-Level-7-Eastern-Mediterranean-Bottleneck-1-768x432.jpg 768w, https:\/\/ibomberdefense.standardof.net\/wp-content\/uploads\/sites\/5\/2020\/10\/iBomber-Defense-Level-7-Eastern-Mediterranean-Bottleneck-1-16x9.jpg 16w, https:\/\/ibomberdefense.standardof.net\/wp-content\/uploads\/sites\/5\/2020\/10\/iBomber-Defense-Level-7-Eastern-Mediterranean-Bottleneck-1.jpg 1280w\" sizes=\"(max-width: 800px) 100vw, 800px\" \/><\/a><figcaption>El camino verde denota la ruta recorrida por las unidades a\u00e9reas, mientras que el rojo y el naranja marcan por donde viajan las unidades navales en el Mediterr\u00e1neo Oriental.<\/figcaption><\/figure><\/div>\n\n\n\n<p>El s\u00e9ptimo nivel de la campa\u00f1a aliada, contando las misiones de bonificaci\u00f3n, es el mapa del Mediterr\u00e1neo oriental que te hace defender un puerto con un tr\u00edo de islas que las unidades navales enemigas rodear\u00e1n desde dos entradas principales en su ruta hasta tu base. pantalla hacia el este.<\/p>\n\n\n\n<p>Esta vez nos enfrentaremos a 40 oleadas de unidades a\u00e9reas y navales, y el avi\u00f3n aparecer\u00e1 en la oleada 20. Eventualmente volver\u00e1s a esta misi\u00f3n para un nivel de contraataque, as\u00ed que aseg\u00farate de no vender nada al final de esta misi\u00f3n.<\/p>\n\n\n\n<h3 class=\"wp-block-heading\"><strong>Colocaci\u00f3n de la torreta<\/strong><\/h3>\n\n\n\n<figure class=\"wp-block-gallery columns-2 is-cropped wp-block-gallery-1 is-layout-flex wp-block-gallery-is-layout-flex\"><ul class=\"blocks-gallery-grid\"><li class=\"blocks-gallery-item\"><figure><a href=\"https:\/\/ibomberdefense.standardof.net\/es\/guide\/campana-aliada\/7-cuello-de-botella-mediterraneo-oriental\/ibomber-defense-level-7-eastern-mediterranean-bottleneck-2\/\"><img decoding=\"async\" width=\"800\" height=\"450\" src=\"https:\/\/ibomberdefense.standardof.net\/wp-content\/uploads\/sites\/5\/2020\/10\/iBomber-Defense-Level-7-Eastern-Mediterranean-Bottleneck-2-800x450.jpg\" alt=\"&quot;iBomber Defense&quot; - Nivel 7 - Mediterr\u00e1neo Oriental: Cuello de botella (2)\" data-id=\"39\" data-full-url=\"https:\/\/ibomberdefense.standardof.net\/wp-content\/uploads\/sites\/5\/2020\/10\/iBomber-Defense-Level-7-Eastern-Mediterranean-Bottleneck-2.jpg\" data-link=\"https:\/\/ibomberdefense.standardof.net\/guide\/allied-campaign\/7-eastern-mediterranean-bottleneck\/ibomber-defense-level-7-eastern-mediterranean-bottleneck-2\/\" class=\"wp-image-39\" title=\"\" srcset=\"https:\/\/ibomberdefense.standardof.net\/wp-content\/uploads\/sites\/5\/2020\/10\/iBomber-Defense-Level-7-Eastern-Mediterranean-Bottleneck-2-800x450.jpg 800w, https:\/\/ibomberdefense.standardof.net\/wp-content\/uploads\/sites\/5\/2020\/10\/iBomber-Defense-Level-7-Eastern-Mediterranean-Bottleneck-2-512x288.jpg 512w, https:\/\/ibomberdefense.standardof.net\/wp-content\/uploads\/sites\/5\/2020\/10\/iBomber-Defense-Level-7-Eastern-Mediterranean-Bottleneck-2-200x113.jpg 200w, https:\/\/ibomberdefense.standardof.net\/wp-content\/uploads\/sites\/5\/2020\/10\/iBomber-Defense-Level-7-Eastern-Mediterranean-Bottleneck-2-768x432.jpg 768w, https:\/\/ibomberdefense.standardof.net\/wp-content\/uploads\/sites\/5\/2020\/10\/iBomber-Defense-Level-7-Eastern-Mediterranean-Bottleneck-2-16x9.jpg 16w, https:\/\/ibomberdefense.standardof.net\/wp-content\/uploads\/sites\/5\/2020\/10\/iBomber-Defense-Level-7-Eastern-Mediterranean-Bottleneck-2.jpg 1280w\" sizes=\"(max-width: 800px) 100vw, 800px\" \/><\/a><figcaption class=\"blocks-gallery-item__caption\">Colocaci\u00f3n de la torreta Wave 10.<\/figcaption><\/figure><\/li><li class=\"blocks-gallery-item\"><figure><a href=\"https:\/\/ibomberdefense.standardof.net\/es\/guide\/campana-aliada\/7-cuello-de-botella-mediterraneo-oriental\/ibomber-defense-level-7-eastern-mediterranean-bottleneck-3\/\"><img decoding=\"async\" width=\"800\" height=\"450\" src=\"https:\/\/ibomberdefense.standardof.net\/wp-content\/uploads\/sites\/5\/2020\/10\/iBomber-Defense-Level-7-Eastern-Mediterranean-Bottleneck-3-800x450.jpg\" alt=\"&quot;iBomber Defense&quot; - Nivel 7 - Mediterr\u00e1neo Oriental: Cuello de botella (3)\" data-id=\"40\" data-full-url=\"https:\/\/ibomberdefense.standardof.net\/wp-content\/uploads\/sites\/5\/2020\/10\/iBomber-Defense-Level-7-Eastern-Mediterranean-Bottleneck-3.jpg\" data-link=\"https:\/\/ibomberdefense.standardof.net\/guide\/allied-campaign\/7-eastern-mediterranean-bottleneck\/ibomber-defense-level-7-eastern-mediterranean-bottleneck-3\/\" class=\"wp-image-40\" title=\"\" srcset=\"https:\/\/ibomberdefense.standardof.net\/wp-content\/uploads\/sites\/5\/2020\/10\/iBomber-Defense-Level-7-Eastern-Mediterranean-Bottleneck-3-800x450.jpg 800w, https:\/\/ibomberdefense.standardof.net\/wp-content\/uploads\/sites\/5\/2020\/10\/iBomber-Defense-Level-7-Eastern-Mediterranean-Bottleneck-3-512x288.jpg 512w, https:\/\/ibomberdefense.standardof.net\/wp-content\/uploads\/sites\/5\/2020\/10\/iBomber-Defense-Level-7-Eastern-Mediterranean-Bottleneck-3-200x113.jpg 200w, https:\/\/ibomberdefense.standardof.net\/wp-content\/uploads\/sites\/5\/2020\/10\/iBomber-Defense-Level-7-Eastern-Mediterranean-Bottleneck-3-768x432.jpg 768w, https:\/\/ibomberdefense.standardof.net\/wp-content\/uploads\/sites\/5\/2020\/10\/iBomber-Defense-Level-7-Eastern-Mediterranean-Bottleneck-3-16x9.jpg 16w, https:\/\/ibomberdefense.standardof.net\/wp-content\/uploads\/sites\/5\/2020\/10\/iBomber-Defense-Level-7-Eastern-Mediterranean-Bottleneck-3.jpg 1280w\" sizes=\"(max-width: 800px) 100vw, 800px\" \/><\/a><figcaption class=\"blocks-gallery-item__caption\">Colocaci\u00f3n de la torreta Wave 20.<\/figcaption><\/figure><\/li><\/ul><\/figure>\n\n\n\n<p>Hasta la oleada 10 debe centrarse en construir 3 ametralladoras y elevarlas al nivel 3 cada una. 2 de ellos deben colocarse en la m\u00e1s peque\u00f1a de las dos islas no conectadas, mientras que el tercero se encuentra en el punto de convergencia lo m\u00e1s al oeste posible contra el agua.<\/p>\n\n\n\n<p>A medida que avanza hacia la ola veinte, debe concentrarse en las partes superior e inferior de tierra que forman la parte superior de la Y lateral que forma el punto de convergencia para las dos rutas de los barcos de guerra. Agregue al menos una torreta de comunicaciones para aumentar la potencia de fuego en el lado norte y despliegue una torreta antia\u00e9rea antes de alcanzar el nivel 20.<\/p>\n\n\n\n<p>Intente comenzar a ahorrar el exceso de efectivo una vez que tenga un segundo nivel de Comunicaciones mientras se dirige hacia la ola treinta, que para entonces deber\u00eda tener al menos dos ca\u00f1ones de nivel 3 y una comunicaci\u00f3n de nivel 3 con la que otorgar potencia de fuego, alcance e intereses acumulados con sus sobras dinero. Muchas torretas de ametralladoras siguen siendo efectivas en este punto del juego a pesar de que se enfrentan a barcos navales, ya que todav\u00eda hay muchas de las variedades m\u00e1s d\u00e9biles aqu\u00ed.<\/p>\n\n\n\n<p>Una vez que alcanzas el nivel 35, es hora de comenzar a agregar solo Ca\u00f1ones, habiendo llenado hasta ese momento la mayor\u00eda de los espacios abiertos a lo largo del \u00e1rea de convergencia, agregando algo de Anti Air adicional a medida que los bombarderos m\u00e1s pesados comienzan a aparecer. Recuerde revisar las im\u00e1genes de la derecha para ver c\u00f3mo se ve\u00edan mis torretas en las diferentes olas.<\/p>\n\n\n\n<figure class=\"wp-block-gallery columns-2 is-cropped wp-block-gallery-2 is-layout-flex wp-block-gallery-is-layout-flex\"><ul class=\"blocks-gallery-grid\"><li class=\"blocks-gallery-item\"><figure><a href=\"https:\/\/ibomberdefense.standardof.net\/es\/guide\/campana-aliada\/7-cuello-de-botella-mediterraneo-oriental\/ibomber-defense-level-7-eastern-mediterranean-bottleneck-4\/\"><img decoding=\"async\" width=\"800\" height=\"450\" src=\"https:\/\/ibomberdefense.standardof.net\/wp-content\/uploads\/sites\/5\/2020\/10\/iBomber-Defense-Level-7-Eastern-Mediterranean-Bottleneck-4-800x450.jpg\" alt=\"&quot;iBomber Defense&quot; - Nivel 7 - Mediterr\u00e1neo Oriental: Cuello de botella (4)\" data-id=\"41\" data-full-url=\"https:\/\/ibomberdefense.standardof.net\/wp-content\/uploads\/sites\/5\/2020\/10\/iBomber-Defense-Level-7-Eastern-Mediterranean-Bottleneck-4.jpg\" data-link=\"https:\/\/ibomberdefense.standardof.net\/guide\/allied-campaign\/7-eastern-mediterranean-bottleneck\/ibomber-defense-level-7-eastern-mediterranean-bottleneck-4\/\" class=\"wp-image-41\" title=\"\" srcset=\"https:\/\/ibomberdefense.standardof.net\/wp-content\/uploads\/sites\/5\/2020\/10\/iBomber-Defense-Level-7-Eastern-Mediterranean-Bottleneck-4-800x450.jpg 800w, https:\/\/ibomberdefense.standardof.net\/wp-content\/uploads\/sites\/5\/2020\/10\/iBomber-Defense-Level-7-Eastern-Mediterranean-Bottleneck-4-512x288.jpg 512w, https:\/\/ibomberdefense.standardof.net\/wp-content\/uploads\/sites\/5\/2020\/10\/iBomber-Defense-Level-7-Eastern-Mediterranean-Bottleneck-4-200x113.jpg 200w, https:\/\/ibomberdefense.standardof.net\/wp-content\/uploads\/sites\/5\/2020\/10\/iBomber-Defense-Level-7-Eastern-Mediterranean-Bottleneck-4-768x432.jpg 768w, https:\/\/ibomberdefense.standardof.net\/wp-content\/uploads\/sites\/5\/2020\/10\/iBomber-Defense-Level-7-Eastern-Mediterranean-Bottleneck-4-16x9.jpg 16w, https:\/\/ibomberdefense.standardof.net\/wp-content\/uploads\/sites\/5\/2020\/10\/iBomber-Defense-Level-7-Eastern-Mediterranean-Bottleneck-4.jpg 1280w\" sizes=\"(max-width: 800px) 100vw, 800px\" \/><\/a><figcaption class=\"blocks-gallery-item__caption\">Colocaci\u00f3n de la torreta Wave 30.<\/figcaption><\/figure><\/li><li class=\"blocks-gallery-item\"><figure><a href=\"https:\/\/ibomberdefense.standardof.net\/es\/guide\/campana-aliada\/7-cuello-de-botella-mediterraneo-oriental\/ibomber-defense-level-7-eastern-mediterranean-bottleneck-5\/\"><img decoding=\"async\" width=\"800\" height=\"450\" src=\"https:\/\/ibomberdefense.standardof.net\/wp-content\/uploads\/sites\/5\/2020\/10\/iBomber-Defense-Level-7-Eastern-Mediterranean-Bottleneck-5-800x450.jpg\" alt=\"&quot;iBomber Defense&quot; - Nivel 7 - Mediterr\u00e1neo Oriental: Cuello de botella (5)\" data-id=\"42\" data-full-url=\"https:\/\/ibomberdefense.standardof.net\/wp-content\/uploads\/sites\/5\/2020\/10\/iBomber-Defense-Level-7-Eastern-Mediterranean-Bottleneck-5.jpg\" data-link=\"https:\/\/ibomberdefense.standardof.net\/guide\/allied-campaign\/7-eastern-mediterranean-bottleneck\/ibomber-defense-level-7-eastern-mediterranean-bottleneck-5\/\" class=\"wp-image-42\" title=\"\" srcset=\"https:\/\/ibomberdefense.standardof.net\/wp-content\/uploads\/sites\/5\/2020\/10\/iBomber-Defense-Level-7-Eastern-Mediterranean-Bottleneck-5-800x450.jpg 800w, https:\/\/ibomberdefense.standardof.net\/wp-content\/uploads\/sites\/5\/2020\/10\/iBomber-Defense-Level-7-Eastern-Mediterranean-Bottleneck-5-512x288.jpg 512w, https:\/\/ibomberdefense.standardof.net\/wp-content\/uploads\/sites\/5\/2020\/10\/iBomber-Defense-Level-7-Eastern-Mediterranean-Bottleneck-5-200x113.jpg 200w, https:\/\/ibomberdefense.standardof.net\/wp-content\/uploads\/sites\/5\/2020\/10\/iBomber-Defense-Level-7-Eastern-Mediterranean-Bottleneck-5-768x432.jpg 768w, https:\/\/ibomberdefense.standardof.net\/wp-content\/uploads\/sites\/5\/2020\/10\/iBomber-Defense-Level-7-Eastern-Mediterranean-Bottleneck-5-16x9.jpg 16w, https:\/\/ibomberdefense.standardof.net\/wp-content\/uploads\/sites\/5\/2020\/10\/iBomber-Defense-Level-7-Eastern-Mediterranean-Bottleneck-5.jpg 1280w\" sizes=\"(max-width: 800px) 100vw, 800px\" \/><\/a><figcaption class=\"blocks-gallery-item__caption\">Colocaci\u00f3n de la torreta Wave 40.<\/figcaption><\/figure><\/li><\/ul><\/figure>\n\n\n\n<h3 class=\"wp-block-heading\"><strong>Gasto en puntos de victoria<\/strong><\/h3>\n\n\n\n<p>Con los dos puntos de victoria obtenidos en este nivel, si ha ganado la cantidad m\u00e1xima de las misiones anteriores hasta ahora, ahora podr\u00e1 tener todas las actualizaciones al m\u00e1ximo por completo. A partir de este momento, los puntos de victoria quedar\u00e1n fuera de la gu\u00eda de campa\u00f1a aliada para <em>iBomber Defense<\/em> ya que gastarlos ya no es un problema.<\/p>\n\n\n\n<hr class=\"wp-block-separator\"\/>\n\n\n\n<h4 class=\"has-text-align-center wp-block-heading\">Gu\u00eda de video<\/h4>\n\n\n\n<figure class=\"wp-block-embed-youtube wp-block-embed is-type-video is-provider-youtube wp-embed-aspect-16-9 wp-has-aspect-ratio\"><div class=\"wp-block-embed__wrapper\">\n<div class=\"ast-oembed-container\" style=\"height: 100%;\"><iframe title=\"iBomber Defense - Mediterr\u00e1neo Oriental - Cuello de botella - Veterano + Perfecto\" width=\"500\" height=\"281\" src=\"https:\/\/www.youtube.com\/embed\/BkCTuVpcb6A?feature=oembed\" frameborder=\"0\" allow=\"accelerometer; autoplay; clipboard-write; encrypted-media; gyroscope; picture-in-picture; web-share\" referrerpolicy=\"strict-origin-when-cross-origin\" allowfullscreen><\/iframe><\/div>\n<\/div><\/figure>","protected":false},"excerpt":{"rendered":"<p>The seventh level in the Allied campaign, counting the bonus missions, is the Eastern Mediterranean map which has you defending a harbor with a trio of Islands that the enemy naval units will curve around from two main entrances on their route through to your base off-screen to the east. This time around we will [&hellip;]<\/p>","protected":false},"author":1,"featured_media":42,"parent":266,"menu_order":7,"comment_status":"open","ping_status":"closed","template":"","meta":{"_uag_custom_page_level_css":"","site-sidebar-layout":"default","site-content-layout":"default","ast-site-content-layout":"","site-content-style":"default","site-sidebar-style":"default","ast-global-header-display":"","ast-banner-title-visibility":"","ast-main-header-display":"","ast-hfb-above-header-display":"","ast-hfb-below-header-display":"","ast-hfb-mobile-header-display":"","site-post-title":"","ast-breadcrumbs-content":"","ast-featured-img":"","footer-sml-layout":"","theme-transparent-header-meta":"default","adv-header-id-meta":"","stick-header-meta":"","header-above-stick-meta":"","header-main-stick-meta":"","header-below-stick-meta":"","astra-migrate-meta-layouts":"default","ast-page-background-enabled":"default","ast-page-background-meta":{"desktop":{"background-color":"","background-image":"","background-repeat":"repeat","background-position":"center center","background-size":"auto","background-attachment":"scroll","background-type":"","background-media":"","overlay-type":"","overlay-color":"","overlay-gradient":""},"tablet":{"background-color":"","background-image":"","background-repeat":"repeat","background-position":"center center","background-size":"auto","background-attachment":"scroll","background-type":"","background-media":"","overlay-type":"","overlay-color":"","overlay-gradient":""},"mobile":{"background-color":"","background-image":"","background-repeat":"repeat","background-position":"center center","background-size":"auto","background-attachment":"scroll","background-type":"","background-media":"","overlay-type":"","overlay-color":"","overlay-gradient":""}},"ast-content-background-meta":{"desktop":{"background-color":"var(--ast-global-color-5)","background-image":"","background-repeat":"repeat","background-position":"center center","background-size":"auto","background-attachment":"scroll","background-type":"","background-media":"","overlay-type":"","overlay-color":"","overlay-gradient":""},"tablet":{"background-color":"var(--ast-global-color-5)","background-image":"","background-repeat":"repeat","background-position":"center center","background-size":"auto","background-attachment":"scroll","background-type":"","background-media":"","overlay-type":"","overlay-color":"","overlay-gradient":""},"mobile":{"background-color":"var(--ast-global-color-5)","background-image":"","background-repeat":"repeat","background-position":"center center","background-size":"auto","background-attachment":"scroll","background-type":"","background-media":"","overlay-type":"","overlay-color":"","overlay-gradient":""}},"footnotes":""},"uagb_featured_image_src":{"full":["https:\/\/ibomberdefense.standardof.net\/wp-content\/uploads\/sites\/5\/2020\/10\/iBomber-Defense-Level-7-Eastern-Mediterranean-Bottleneck-5.jpg",1280,720,false],"thumbnail":["https:\/\/ibomberdefense.standardof.net\/wp-content\/uploads\/sites\/5\/2020\/10\/iBomber-Defense-Level-7-Eastern-Mediterranean-Bottleneck-5-200x113.jpg",200,113,true],"medium":["https:\/\/ibomberdefense.standardof.net\/wp-content\/uploads\/sites\/5\/2020\/10\/iBomber-Defense-Level-7-Eastern-Mediterranean-Bottleneck-5-512x288.jpg",512,288,true],"medium_large":["https:\/\/ibomberdefense.standardof.net\/wp-content\/uploads\/sites\/5\/2020\/10\/iBomber-Defense-Level-7-Eastern-Mediterranean-Bottleneck-5-768x432.jpg",768,432,true],"large":["https:\/\/ibomberdefense.standardof.net\/wp-content\/uploads\/sites\/5\/2020\/10\/iBomber-Defense-Level-7-Eastern-Mediterranean-Bottleneck-5-800x450.jpg",800,450,true],"1536x1536":["https:\/\/ibomberdefense.standardof.net\/wp-content\/uploads\/sites\/5\/2020\/10\/iBomber-Defense-Level-7-Eastern-Mediterranean-Bottleneck-5.jpg",1280,720,false],"2048x2048":["https:\/\/ibomberdefense.standardof.net\/wp-content\/uploads\/sites\/5\/2020\/10\/iBomber-Defense-Level-7-Eastern-Mediterranean-Bottleneck-5.jpg",1280,720,false],"trp-custom-language-flag":["https:\/\/ibomberdefense.standardof.net\/wp-content\/uploads\/sites\/5\/2020\/10\/iBomber-Defense-Level-7-Eastern-Mediterranean-Bottleneck-5-16x9.jpg",16,9,true]},"uagb_author_info":{"display_name":"SOE","author_link":"https:\/\/ibomberdefense.standardof.net\/es\/author\/k-tastic\/"},"uagb_comment_info":0,"uagb_excerpt":"The seventh level in the Allied campaign, counting the bonus missions, is the Eastern Mediterranean map which has you defending a harbor with a trio of Islands that the enemy naval units will curve around from two main entrances on their route through to your base off-screen to the east. This time around we will&hellip;","_links":{"self":[{"href":"https:\/\/ibomberdefense.standardof.net\/es\/wp-json\/wp\/v2\/pages\/286"}],"collection":[{"href":"https:\/\/ibomberdefense.standardof.net\/es\/wp-json\/wp\/v2\/pages"}],"about":[{"href":"https:\/\/ibomberdefense.standardof.net\/es\/wp-json\/wp\/v2\/types\/page"}],"author":[{"embeddable":true,"href":"https:\/\/ibomberdefense.standardof.net\/es\/wp-json\/wp\/v2\/users\/1"}],"replies":[{"embeddable":true,"href":"https:\/\/ibomberdefense.standardof.net\/es\/wp-json\/wp\/v2\/comments?post=286"}],"version-history":[{"count":0,"href":"https:\/\/ibomberdefense.standardof.net\/es\/wp-json\/wp\/v2\/pages\/286\/revisions"}],"up":[{"embeddable":true,"href":"https:\/\/ibomberdefense.standardof.net\/es\/wp-json\/wp\/v2\/pages\/266"}],"wp:featuredmedia":[{"embeddable":true,"href":"https:\/\/ibomberdefense.standardof.net\/es\/wp-json\/wp\/v2\/media\/42"}],"wp:attachment":[{"href":"https:\/\/ibomberdefense.standardof.net\/es\/wp-json\/wp\/v2\/media?parent=286"}],"curies":[{"name":"wp","href":"https:\/\/api.w.org\/{rel}","templated":true}]}}