{"id":298,"date":"2020-10-19T06:25:22","date_gmt":"2020-10-19T06:25:22","guid":{"rendered":"https:\/\/ibomberdefense.standardof.net\/?page_id=298"},"modified":"2020-10-19T08:06:15","modified_gmt":"2020-10-19T08:06:15","slug":"8-eastern-mediterranean-counterattack","status":"publish","type":"page","link":"https:\/\/ibomberdefense.standardof.net\/es\/guide\/campana-aliada\/8-contraataque-mediterraneo-oriental\/","title":{"rendered":"8. Mediterr\u00e1neo oriental: contraataque"},"content":{"rendered":"<div class=\"wp-block-image\"><figure class=\"aligncenter size-large\"><a href=\"https:\/\/ibomberdefense.standardof.net\/es\/guide\/campana-aliada\/8-contraataque-mediterraneo-oriental\/ibomber-defense-level-8-eastern-mediterranean-counterattack-1\/\"><img decoding=\"async\" width=\"800\" height=\"450\" src=\"https:\/\/ibomberdefense.standardof.net\/wp-content\/uploads\/sites\/5\/2020\/10\/iBomber-Defense-Level-8-Eastern-Mediterranean-Counterattack-1-800x450.jpg\" alt=\"&quot;iBomber Defense&quot; - Nivel 8 - Mediterr\u00e1neo Oriental: Contraataque (1)\" class=\"wp-image-43\" title=\"\" srcset=\"https:\/\/ibomberdefense.standardof.net\/wp-content\/uploads\/sites\/5\/2020\/10\/iBomber-Defense-Level-8-Eastern-Mediterranean-Counterattack-1-800x450.jpg 800w, https:\/\/ibomberdefense.standardof.net\/wp-content\/uploads\/sites\/5\/2020\/10\/iBomber-Defense-Level-8-Eastern-Mediterranean-Counterattack-1-512x288.jpg 512w, https:\/\/ibomberdefense.standardof.net\/wp-content\/uploads\/sites\/5\/2020\/10\/iBomber-Defense-Level-8-Eastern-Mediterranean-Counterattack-1-200x113.jpg 200w, https:\/\/ibomberdefense.standardof.net\/wp-content\/uploads\/sites\/5\/2020\/10\/iBomber-Defense-Level-8-Eastern-Mediterranean-Counterattack-1-768x432.jpg 768w, https:\/\/ibomberdefense.standardof.net\/wp-content\/uploads\/sites\/5\/2020\/10\/iBomber-Defense-Level-8-Eastern-Mediterranean-Counterattack-1-16x9.jpg 16w, https:\/\/ibomberdefense.standardof.net\/wp-content\/uploads\/sites\/5\/2020\/10\/iBomber-Defense-Level-8-Eastern-Mediterranean-Counterattack-1.jpg 1280w\" sizes=\"(max-width: 800px) 100vw, 800px\" \/><\/a><figcaption>Las trayectorias de las unidades enemigas en el contraataque del Mediterr\u00e1neo oriental en &quot;iBomber Defense&quot;. El rojo, el naranja y el amarillo son unidades navales, el azul es un avi\u00f3n.<\/figcaption><\/figure><\/div>\n\n\n\n<p>La segunda misi\u00f3n de bonificaci\u00f3n de contraataque nos lleva de nuevo al Mediterr\u00e1neo oriental para otras 20 oleadas de unidades navales y a\u00e9reas a\u00fan m\u00e1s fuertes. Comenzar\u00e1s esta misi\u00f3n con las torretas que hab\u00edas construido al final del nivel anterior y vendr\u00e1 un bombardero enemigo y abrir\u00e1 una tercera ruta de ataque para que los buques de guerra se acerquen, destruyendo el puente que conectaba la isla m\u00e1s grande con el continente. junto con cualquier cosa en la isla m\u00e1s peque\u00f1a.<\/p>\n\n\n\n<p>Con todas las actualizaciones desbloqueadas en este punto y la cantidad significativa de oleadas en las misiones que siguen, se convierte en una opci\u00f3n estrat\u00e9gicamente viable para tener 3 torretas de comunicaciones de nivel tres lo antes posible mientras acumula 150$ ahorrados al final de cada nivel. . Hacer esto le permite obtener el inter\u00e9s de bonificaci\u00f3n m\u00e1ximo de 50$ por ola. A partir de ahora, esto se convierte en una estrategia recurrente.<\/p>\n\n\n\n<h3 class=\"wp-block-heading\"><strong>Colocaci\u00f3n de la torreta<\/strong><\/h3>\n\n\n\n<p>Desde las oleadas iniciales hasta la oleada 10, debe concentrarse principalmente en obtener el bono de inter\u00e9s completo de tres torres de comunicaciones completamente mejoradas mientras llena los espacios abiertos en la tierra principal norte y sur. Los ca\u00f1ones son el camino a seguir aqu\u00ed, tal vez algunas torretas de ametralladoras adicionales, pero solo se debe requerir un Anti Air adicional, colocado en la isla m\u00e1s grande debajo de su ruta de vuelo.<\/p>\n\n\n\n<p>En el camino hacia la ola 20, deber\u00eda llegar al punto en el que ha empaquetado torretas en todos los espacios posibles, asegur\u00e1ndose de tener comunicaciones dentro de grupos de torretas siempre que sea posible para aumentar su alcance y potencia de fuego, incluso si ya est\u00e1 ganando el m\u00e1ximo inter\u00e9s.<\/p>\n\n\n\n<figure class=\"wp-block-gallery columns-2 is-cropped wp-block-gallery-1 is-layout-flex wp-block-gallery-is-layout-flex\"><ul class=\"blocks-gallery-grid\"><li class=\"blocks-gallery-item\"><figure><a href=\"https:\/\/ibomberdefense.standardof.net\/es\/guide\/campana-aliada\/8-contraataque-mediterraneo-oriental\/ibomber-defense-level-8-eastern-mediterranean-counterattack-2\/\"><img decoding=\"async\" width=\"800\" height=\"450\" src=\"https:\/\/ibomberdefense.standardof.net\/wp-content\/uploads\/sites\/5\/2020\/10\/iBomber-Defense-Level-8-Eastern-Mediterranean-Counterattack-2-800x450.jpg\" alt=\"&quot;iBomber Defense&quot; - Nivel 8 - Mediterr\u00e1neo Oriental: Contraataque (2)\" data-id=\"44\" data-full-url=\"https:\/\/ibomberdefense.standardof.net\/wp-content\/uploads\/sites\/5\/2020\/10\/iBomber-Defense-Level-8-Eastern-Mediterranean-Counterattack-2.jpg\" data-link=\"https:\/\/ibomberdefense.standardof.net\/guide\/allied-campaign\/8-eastern-mediterranean-counterattack\/ibomber-defense-level-8-eastern-mediterranean-counterattack-2\/\" class=\"wp-image-44\" title=\"\" srcset=\"https:\/\/ibomberdefense.standardof.net\/wp-content\/uploads\/sites\/5\/2020\/10\/iBomber-Defense-Level-8-Eastern-Mediterranean-Counterattack-2-800x450.jpg 800w, https:\/\/ibomberdefense.standardof.net\/wp-content\/uploads\/sites\/5\/2020\/10\/iBomber-Defense-Level-8-Eastern-Mediterranean-Counterattack-2-512x288.jpg 512w, https:\/\/ibomberdefense.standardof.net\/wp-content\/uploads\/sites\/5\/2020\/10\/iBomber-Defense-Level-8-Eastern-Mediterranean-Counterattack-2-200x113.jpg 200w, https:\/\/ibomberdefense.standardof.net\/wp-content\/uploads\/sites\/5\/2020\/10\/iBomber-Defense-Level-8-Eastern-Mediterranean-Counterattack-2-768x432.jpg 768w, https:\/\/ibomberdefense.standardof.net\/wp-content\/uploads\/sites\/5\/2020\/10\/iBomber-Defense-Level-8-Eastern-Mediterranean-Counterattack-2-16x9.jpg 16w, https:\/\/ibomberdefense.standardof.net\/wp-content\/uploads\/sites\/5\/2020\/10\/iBomber-Defense-Level-8-Eastern-Mediterranean-Counterattack-2.jpg 1280w\" sizes=\"(max-width: 800px) 100vw, 800px\" \/><\/a><figcaption class=\"blocks-gallery-item__caption\">Colocaci\u00f3n de la torreta en la oleada 10 en el contraataque del Mediterr\u00e1neo Oriental.<\/figcaption><\/figure><\/li><li class=\"blocks-gallery-item\"><figure><a href=\"https:\/\/ibomberdefense.standardof.net\/es\/guide\/campana-aliada\/8-contraataque-mediterraneo-oriental\/ibomber-defense-level-8-eastern-mediterranean-counterattack-3\/\"><img decoding=\"async\" width=\"800\" height=\"450\" src=\"https:\/\/ibomberdefense.standardof.net\/wp-content\/uploads\/sites\/5\/2020\/10\/iBomber-Defense-Level-8-Eastern-Mediterranean-Counterattack-3-800x450.jpg\" alt=\"&quot;iBomber Defense&quot; - Nivel 8 - Mediterr\u00e1neo Oriental: Contraataque (3)\" data-id=\"45\" data-full-url=\"https:\/\/ibomberdefense.standardof.net\/wp-content\/uploads\/sites\/5\/2020\/10\/iBomber-Defense-Level-8-Eastern-Mediterranean-Counterattack-3.jpg\" data-link=\"https:\/\/ibomberdefense.standardof.net\/guide\/allied-campaign\/8-eastern-mediterranean-counterattack\/ibomber-defense-level-8-eastern-mediterranean-counterattack-3\/\" class=\"wp-image-45\" title=\"\" srcset=\"https:\/\/ibomberdefense.standardof.net\/wp-content\/uploads\/sites\/5\/2020\/10\/iBomber-Defense-Level-8-Eastern-Mediterranean-Counterattack-3-800x450.jpg 800w, https:\/\/ibomberdefense.standardof.net\/wp-content\/uploads\/sites\/5\/2020\/10\/iBomber-Defense-Level-8-Eastern-Mediterranean-Counterattack-3-512x288.jpg 512w, https:\/\/ibomberdefense.standardof.net\/wp-content\/uploads\/sites\/5\/2020\/10\/iBomber-Defense-Level-8-Eastern-Mediterranean-Counterattack-3-200x113.jpg 200w, https:\/\/ibomberdefense.standardof.net\/wp-content\/uploads\/sites\/5\/2020\/10\/iBomber-Defense-Level-8-Eastern-Mediterranean-Counterattack-3-768x432.jpg 768w, https:\/\/ibomberdefense.standardof.net\/wp-content\/uploads\/sites\/5\/2020\/10\/iBomber-Defense-Level-8-Eastern-Mediterranean-Counterattack-3-16x9.jpg 16w, https:\/\/ibomberdefense.standardof.net\/wp-content\/uploads\/sites\/5\/2020\/10\/iBomber-Defense-Level-8-Eastern-Mediterranean-Counterattack-3.jpg 1280w\" sizes=\"(max-width: 800px) 100vw, 800px\" \/><\/a><figcaption class=\"blocks-gallery-item__caption\">Colocaci\u00f3n de la torreta en la oleada 20.<\/figcaption><\/figure><\/li><\/ul><\/figure>\n\n\n\n<hr class=\"wp-block-separator\"\/>\n\n\n\n<h4 class=\"has-text-align-center wp-block-heading\">Gu\u00eda de video<\/h4>\n\n\n\n<figure class=\"wp-block-embed-youtube wp-block-embed is-type-video is-provider-youtube wp-embed-aspect-16-9 wp-has-aspect-ratio wp-embed-aspect-4-3\"><div class=\"wp-block-embed__wrapper\">\n<div class=\"ast-oembed-container\" style=\"height: 100%;\"><iframe title=\"iBomber Defense - Mediterr\u00e1neo Oriental - Contraataque - Veterano + Perfecto\" width=\"500\" height=\"281\" src=\"https:\/\/www.youtube.com\/embed\/VhyvzgQnsDA?feature=oembed\" frameborder=\"0\" allow=\"accelerometer; autoplay; clipboard-write; encrypted-media; gyroscope; picture-in-picture; web-share\" referrerpolicy=\"strict-origin-when-cross-origin\" allowfullscreen><\/iframe><\/div>\n<\/div><\/figure>","protected":false},"excerpt":{"rendered":"<p>The second counterattack bonus mission brings us again back to the Eastern Mediterranean for another 20 waves of even stronger naval and air units. You will begin this mission with the turrets you had built at the end of the previous level and an enemy bomber will come and open up a third route of [&hellip;]<\/p>","protected":false},"author":1,"featured_media":45,"parent":266,"menu_order":8,"comment_status":"open","ping_status":"closed","template":"","meta":{"_uag_custom_page_level_css":"","site-sidebar-layout":"default","site-content-layout":"default","ast-site-content-layout":"","site-content-style":"default","site-sidebar-style":"default","ast-global-header-display":"","ast-banner-title-visibility":"","ast-main-header-display":"","ast-hfb-above-header-display":"","ast-hfb-below-header-display":"","ast-hfb-mobile-header-display":"","site-post-title":"","ast-breadcrumbs-content":"","ast-featured-img":"","footer-sml-layout":"","theme-transparent-header-meta":"default","adv-header-id-meta":"","stick-header-meta":"","header-above-stick-meta":"","header-main-stick-meta":"","header-below-stick-meta":"","astra-migrate-meta-layouts":"default","ast-page-background-enabled":"default","ast-page-background-meta":{"desktop":{"background-color":"","background-image":"","background-repeat":"repeat","background-position":"center center","background-size":"auto","background-attachment":"scroll","background-type":"","background-media":"","overlay-type":"","overlay-color":"","overlay-gradient":""},"tablet":{"background-color":"","background-image":"","background-repeat":"repeat","background-position":"center center","background-size":"auto","background-attachment":"scroll","background-type":"","background-media":"","overlay-type":"","overlay-color":"","overlay-gradient":""},"mobile":{"background-color":"","background-image":"","background-repeat":"repeat","background-position":"center center","background-size":"auto","background-attachment":"scroll","background-type":"","background-media":"","overlay-type":"","overlay-color":"","overlay-gradient":""}},"ast-content-background-meta":{"desktop":{"background-color":"var(--ast-global-color-5)","background-image":"","background-repeat":"repeat","background-position":"center center","background-size":"auto","background-attachment":"scroll","background-type":"","background-media":"","overlay-type":"","overlay-color":"","overlay-gradient":""},"tablet":{"background-color":"var(--ast-global-color-5)","background-image":"","background-repeat":"repeat","background-position":"center center","background-size":"auto","background-attachment":"scroll","background-type":"","background-media":"","overlay-type":"","overlay-color":"","overlay-gradient":""},"mobile":{"background-color":"var(--ast-global-color-5)","background-image":"","background-repeat":"repeat","background-position":"center center","background-size":"auto","background-attachment":"scroll","background-type":"","background-media":"","overlay-type":"","overlay-color":"","overlay-gradient":""}},"footnotes":""},"uagb_featured_image_src":{"full":["https:\/\/ibomberdefense.standardof.net\/wp-content\/uploads\/sites\/5\/2020\/10\/iBomber-Defense-Level-8-Eastern-Mediterranean-Counterattack-3.jpg",1280,720,false],"thumbnail":["https:\/\/ibomberdefense.standardof.net\/wp-content\/uploads\/sites\/5\/2020\/10\/iBomber-Defense-Level-8-Eastern-Mediterranean-Counterattack-3-200x113.jpg",200,113,true],"medium":["https:\/\/ibomberdefense.standardof.net\/wp-content\/uploads\/sites\/5\/2020\/10\/iBomber-Defense-Level-8-Eastern-Mediterranean-Counterattack-3-512x288.jpg",512,288,true],"medium_large":["https:\/\/ibomberdefense.standardof.net\/wp-content\/uploads\/sites\/5\/2020\/10\/iBomber-Defense-Level-8-Eastern-Mediterranean-Counterattack-3-768x432.jpg",768,432,true],"large":["https:\/\/ibomberdefense.standardof.net\/wp-content\/uploads\/sites\/5\/2020\/10\/iBomber-Defense-Level-8-Eastern-Mediterranean-Counterattack-3-800x450.jpg",800,450,true],"1536x1536":["https:\/\/ibomberdefense.standardof.net\/wp-content\/uploads\/sites\/5\/2020\/10\/iBomber-Defense-Level-8-Eastern-Mediterranean-Counterattack-3.jpg",1280,720,false],"2048x2048":["https:\/\/ibomberdefense.standardof.net\/wp-content\/uploads\/sites\/5\/2020\/10\/iBomber-Defense-Level-8-Eastern-Mediterranean-Counterattack-3.jpg",1280,720,false],"trp-custom-language-flag":["https:\/\/ibomberdefense.standardof.net\/wp-content\/uploads\/sites\/5\/2020\/10\/iBomber-Defense-Level-8-Eastern-Mediterranean-Counterattack-3-16x9.jpg",16,9,true]},"uagb_author_info":{"display_name":"SOE","author_link":"https:\/\/ibomberdefense.standardof.net\/es\/author\/k-tastic\/"},"uagb_comment_info":0,"uagb_excerpt":"The second counterattack bonus mission brings us again back to the Eastern Mediterranean for another 20 waves of even stronger naval and air units. You will begin this mission with the turrets you had built at the end of the previous level and an enemy bomber will come and open up a third route of&hellip;","_links":{"self":[{"href":"https:\/\/ibomberdefense.standardof.net\/es\/wp-json\/wp\/v2\/pages\/298"}],"collection":[{"href":"https:\/\/ibomberdefense.standardof.net\/es\/wp-json\/wp\/v2\/pages"}],"about":[{"href":"https:\/\/ibomberdefense.standardof.net\/es\/wp-json\/wp\/v2\/types\/page"}],"author":[{"embeddable":true,"href":"https:\/\/ibomberdefense.standardof.net\/es\/wp-json\/wp\/v2\/users\/1"}],"replies":[{"embeddable":true,"href":"https:\/\/ibomberdefense.standardof.net\/es\/wp-json\/wp\/v2\/comments?post=298"}],"version-history":[{"count":0,"href":"https:\/\/ibomberdefense.standardof.net\/es\/wp-json\/wp\/v2\/pages\/298\/revisions"}],"up":[{"embeddable":true,"href":"https:\/\/ibomberdefense.standardof.net\/es\/wp-json\/wp\/v2\/pages\/266"}],"wp:featuredmedia":[{"embeddable":true,"href":"https:\/\/ibomberdefense.standardof.net\/es\/wp-json\/wp\/v2\/media\/45"}],"wp:attachment":[{"href":"https:\/\/ibomberdefense.standardof.net\/es\/wp-json\/wp\/v2\/media?parent=298"}],"curies":[{"name":"wp","href":"https:\/\/api.w.org\/{rel}","templated":true}]}}