{"id":299,"date":"2020-10-19T06:25:43","date_gmt":"2020-10-19T06:25:43","guid":{"rendered":"https:\/\/ibomberdefense.standardof.net\/?page_id=299"},"modified":"2020-10-19T08:06:19","modified_gmt":"2020-10-19T08:06:19","slug":"9-south-east-europe-snowblind","status":"publish","type":"page","link":"https:\/\/ibomberdefense.standardof.net\/es\/guide\/campana-aliada\/9-sudeste-europa-snowblind\/","title":{"rendered":"9. Sureste de Europa: Snowblind"},"content":{"rendered":"<div class=\"wp-block-image\"><figure class=\"aligncenter size-large\"><a href=\"https:\/\/ibomberdefense.standardof.net\/es\/guide\/campana-aliada\/9-sudeste-europa-snowblind\/ibomber-defense-level-9-south-east-europe-snowblind-1\/\"><img decoding=\"async\" width=\"800\" height=\"450\" src=\"https:\/\/ibomberdefense.standardof.net\/wp-content\/uploads\/sites\/5\/2020\/10\/iBomber-Defense-Level-9-South-East-Europe-Snowblind-1-800x450.jpg\" alt=\"&quot;iBomber Defense&quot; - Nivel 9 - Sureste de Europa: Snowblind (1)\" class=\"wp-image-46\" title=\"\" srcset=\"https:\/\/ibomberdefense.standardof.net\/wp-content\/uploads\/sites\/5\/2020\/10\/iBomber-Defense-Level-9-South-East-Europe-Snowblind-1-800x450.jpg 800w, https:\/\/ibomberdefense.standardof.net\/wp-content\/uploads\/sites\/5\/2020\/10\/iBomber-Defense-Level-9-South-East-Europe-Snowblind-1-512x288.jpg 512w, https:\/\/ibomberdefense.standardof.net\/wp-content\/uploads\/sites\/5\/2020\/10\/iBomber-Defense-Level-9-South-East-Europe-Snowblind-1-200x113.jpg 200w, https:\/\/ibomberdefense.standardof.net\/wp-content\/uploads\/sites\/5\/2020\/10\/iBomber-Defense-Level-9-South-East-Europe-Snowblind-1-768x432.jpg 768w, https:\/\/ibomberdefense.standardof.net\/wp-content\/uploads\/sites\/5\/2020\/10\/iBomber-Defense-Level-9-South-East-Europe-Snowblind-1-16x9.jpg 16w, https:\/\/ibomberdefense.standardof.net\/wp-content\/uploads\/sites\/5\/2020\/10\/iBomber-Defense-Level-9-South-East-Europe-Snowblind-1.jpg 1280w\" sizes=\"(max-width: 800px) 100vw, 800px\" \/><\/a><figcaption>Rutas de los enemigos entrantes en el nivel de iBomber Defense del sureste de Europa. Rojo, amarillo y naranja son unidades terrestres, la l\u00ednea azul es aeronave.<\/figcaption><\/figure><\/div>\n\n\n\n<p>Continuando en la campa\u00f1a aliada de <em>iBomber Defense<\/em> es hora de enfrentar el nivel del sudeste de Europa, que tiene lugar en un valle verde que corre alrededor de una monta\u00f1a central cubierta de nieve y bordeado por crestas cubiertas de nieve a\u00fan m\u00e1s grandes a lo largo de los lados. Tendr\u00e1s que enfrentarte a un total de 40 oleadas de enemigos de unidades terrestres y aviones combinados.<\/p>\n\n\n\n<p>El posicionamiento de la torreta se centrar\u00e1 principalmente en la mitad occidental del mapa con torretas colocadas en la monta\u00f1a central para llegar a las rutas superior e inferior. Las unidades a\u00e9reas aparecer\u00e1n en el nivel veinte y habr\u00e1 una misi\u00f3n de contraataque adicional que volver\u00e1 a este nivel m\u00e1s adelante.<\/p>\n\n\n\n<h3 class=\"wp-block-heading\"><strong>Colocaci\u00f3n de la torreta<\/strong><\/h3>\n\n\n\n<figure class=\"wp-block-gallery columns-2 is-cropped wp-block-gallery-1 is-layout-flex wp-block-gallery-is-layout-flex\"><ul class=\"blocks-gallery-grid\"><li class=\"blocks-gallery-item\"><figure><a href=\"https:\/\/ibomberdefense.standardof.net\/es\/guide\/campana-aliada\/9-sudeste-europa-snowblind\/ibomber-defense-level-9-south-east-europe-snowblind-2\/\"><img decoding=\"async\" width=\"800\" height=\"450\" src=\"https:\/\/ibomberdefense.standardof.net\/wp-content\/uploads\/sites\/5\/2020\/10\/iBomber-Defense-Level-9-South-East-Europe-Snowblind-2-800x450.jpg\" alt=\"&quot;iBomber Defense&quot; - Nivel 9 - Sureste de Europa: Snowblind (2)\" data-id=\"47\" data-full-url=\"https:\/\/ibomberdefense.standardof.net\/wp-content\/uploads\/sites\/5\/2020\/10\/iBomber-Defense-Level-9-South-East-Europe-Snowblind-2.jpg\" data-link=\"https:\/\/ibomberdefense.standardof.net\/guide\/allied-campaign\/9-south-east-europe-snowblind\/ibomber-defense-level-9-south-east-europe-snowblind-2\/\" class=\"wp-image-47\" title=\"\" srcset=\"https:\/\/ibomberdefense.standardof.net\/wp-content\/uploads\/sites\/5\/2020\/10\/iBomber-Defense-Level-9-South-East-Europe-Snowblind-2-800x450.jpg 800w, https:\/\/ibomberdefense.standardof.net\/wp-content\/uploads\/sites\/5\/2020\/10\/iBomber-Defense-Level-9-South-East-Europe-Snowblind-2-512x288.jpg 512w, https:\/\/ibomberdefense.standardof.net\/wp-content\/uploads\/sites\/5\/2020\/10\/iBomber-Defense-Level-9-South-East-Europe-Snowblind-2-200x113.jpg 200w, https:\/\/ibomberdefense.standardof.net\/wp-content\/uploads\/sites\/5\/2020\/10\/iBomber-Defense-Level-9-South-East-Europe-Snowblind-2-768x432.jpg 768w, https:\/\/ibomberdefense.standardof.net\/wp-content\/uploads\/sites\/5\/2020\/10\/iBomber-Defense-Level-9-South-East-Europe-Snowblind-2-16x9.jpg 16w, https:\/\/ibomberdefense.standardof.net\/wp-content\/uploads\/sites\/5\/2020\/10\/iBomber-Defense-Level-9-South-East-Europe-Snowblind-2.jpg 1280w\" sizes=\"(max-width: 800px) 100vw, 800px\" \/><\/a><figcaption class=\"blocks-gallery-item__caption\">Colocaci\u00f3n de la torreta en la ola 10.<\/figcaption><\/figure><\/li><li class=\"blocks-gallery-item\"><figure><a href=\"https:\/\/ibomberdefense.standardof.net\/es\/guide\/campana-aliada\/9-sudeste-europa-snowblind\/ibomber-defense-level-9-south-east-europe-snowblind-3\/\"><img decoding=\"async\" width=\"800\" height=\"450\" src=\"https:\/\/ibomberdefense.standardof.net\/wp-content\/uploads\/sites\/5\/2020\/10\/iBomber-Defense-Level-9-South-East-Europe-Snowblind-3-800x450.jpg\" alt=\"&quot;iBomber Defense&quot; - Nivel 9 - Sureste de Europa: Snowblind (3)\" data-id=\"48\" data-full-url=\"https:\/\/ibomberdefense.standardof.net\/wp-content\/uploads\/sites\/5\/2020\/10\/iBomber-Defense-Level-9-South-East-Europe-Snowblind-3.jpg\" data-link=\"https:\/\/ibomberdefense.standardof.net\/guide\/allied-campaign\/9-south-east-europe-snowblind\/ibomber-defense-level-9-south-east-europe-snowblind-3\/\" class=\"wp-image-48\" title=\"\" srcset=\"https:\/\/ibomberdefense.standardof.net\/wp-content\/uploads\/sites\/5\/2020\/10\/iBomber-Defense-Level-9-South-East-Europe-Snowblind-3-800x450.jpg 800w, https:\/\/ibomberdefense.standardof.net\/wp-content\/uploads\/sites\/5\/2020\/10\/iBomber-Defense-Level-9-South-East-Europe-Snowblind-3-512x288.jpg 512w, https:\/\/ibomberdefense.standardof.net\/wp-content\/uploads\/sites\/5\/2020\/10\/iBomber-Defense-Level-9-South-East-Europe-Snowblind-3-200x113.jpg 200w, https:\/\/ibomberdefense.standardof.net\/wp-content\/uploads\/sites\/5\/2020\/10\/iBomber-Defense-Level-9-South-East-Europe-Snowblind-3-768x432.jpg 768w, https:\/\/ibomberdefense.standardof.net\/wp-content\/uploads\/sites\/5\/2020\/10\/iBomber-Defense-Level-9-South-East-Europe-Snowblind-3-16x9.jpg 16w, https:\/\/ibomberdefense.standardof.net\/wp-content\/uploads\/sites\/5\/2020\/10\/iBomber-Defense-Level-9-South-East-Europe-Snowblind-3.jpg 1280w\" sizes=\"(max-width: 800px) 100vw, 800px\" \/><\/a><figcaption class=\"blocks-gallery-item__caption\">Colocaci\u00f3n de la torreta en la oleada 20.<\/figcaption><\/figure><\/li><\/ul><\/figure>\n\n\n\n<p>Desde la ola inicial hasta el n\u00famero diez, ser\u00e1 mejor concentrarse en obtener dos torretas de ametralladoras completamente mejoradas, una en cada entrada con una adicional en la base y una torreta de ca\u00f1\u00f3n en la monta\u00f1a central que puede disparar desde dicha posici\u00f3n contra ambos. rutas. Tenga en cuenta que la misi\u00f3n de contraataque abrir\u00e1 una nueva ruta hacia la parte inferior central izquierda del mapa donde podr\u00e1 ver un camino cubierto de nieve.<\/p>\n\n\n\n<p>Hacia la oleada veinte querr\u00e1s concentrarte en construir otro Ca\u00f1\u00f3n en la monta\u00f1a central junto con una torreta AA para el avi\u00f3n entrante. Tambi\u00e9n deber\u00edas centrarte en construir nuevas bases de fuego adicionales con torretas de comunicaciones para impulsar y comenzar a acumular inter\u00e9s en las partes norte y suroeste del mapa cerca de la base.<\/p>\n\n\n\n<p>Desde la oleada 20 hasta la 30, debe trabajar en la mejora de sus torretas de comunicaciones con fines de inter\u00e9s, mientras agrega torretas de ca\u00f1\u00f3n a las 3 ubicaciones construidas hasta ahora, que son los lados norte y suroeste del mapa y la monta\u00f1a central. Trabaja tambi\u00e9n para que tu torreta Anti Air alcance el nivel 3 durante este tiempo.<\/p>\n\n\n\n<p>Las \u00faltimas diez oleadas deben centrarse en maximizar el bono de inter\u00e9s de cada ronda mientras se usa el dinero extra para actualizar todas sus torretas Cannon al nivel 3. Valdr\u00e1 la pena agregar una segunda torreta Anti-Air en alg\u00fan lugar del camino central que toman los aviones. personalmente elijo el lado este de la monta\u00f1a central.<\/p>\n\n\n\n<figure class=\"wp-block-gallery columns-2 is-cropped wp-block-gallery-2 is-layout-flex wp-block-gallery-is-layout-flex\"><ul class=\"blocks-gallery-grid\"><li class=\"blocks-gallery-item\"><figure><a href=\"https:\/\/ibomberdefense.standardof.net\/es\/guide\/campana-aliada\/9-sudeste-europa-snowblind\/ibomber-defense-level-9-south-east-europe-snowblind-4\/\"><img decoding=\"async\" width=\"800\" height=\"450\" src=\"https:\/\/ibomberdefense.standardof.net\/wp-content\/uploads\/sites\/5\/2020\/10\/iBomber-Defense-Level-9-South-East-Europe-Snowblind-4-800x450.jpg\" alt=\"&quot;iBomber Defense&quot; - Nivel 9 - Sureste de Europa: Snowblind (4)\" data-id=\"49\" data-full-url=\"https:\/\/ibomberdefense.standardof.net\/wp-content\/uploads\/sites\/5\/2020\/10\/iBomber-Defense-Level-9-South-East-Europe-Snowblind-4.jpg\" data-link=\"https:\/\/ibomberdefense.standardof.net\/guide\/allied-campaign\/9-south-east-europe-snowblind\/ibomber-defense-level-9-south-east-europe-snowblind-4\/\" class=\"wp-image-49\" title=\"\" srcset=\"https:\/\/ibomberdefense.standardof.net\/wp-content\/uploads\/sites\/5\/2020\/10\/iBomber-Defense-Level-9-South-East-Europe-Snowblind-4-800x450.jpg 800w, https:\/\/ibomberdefense.standardof.net\/wp-content\/uploads\/sites\/5\/2020\/10\/iBomber-Defense-Level-9-South-East-Europe-Snowblind-4-512x288.jpg 512w, https:\/\/ibomberdefense.standardof.net\/wp-content\/uploads\/sites\/5\/2020\/10\/iBomber-Defense-Level-9-South-East-Europe-Snowblind-4-200x113.jpg 200w, https:\/\/ibomberdefense.standardof.net\/wp-content\/uploads\/sites\/5\/2020\/10\/iBomber-Defense-Level-9-South-East-Europe-Snowblind-4-768x432.jpg 768w, https:\/\/ibomberdefense.standardof.net\/wp-content\/uploads\/sites\/5\/2020\/10\/iBomber-Defense-Level-9-South-East-Europe-Snowblind-4-16x9.jpg 16w, https:\/\/ibomberdefense.standardof.net\/wp-content\/uploads\/sites\/5\/2020\/10\/iBomber-Defense-Level-9-South-East-Europe-Snowblind-4.jpg 1280w\" sizes=\"(max-width: 800px) 100vw, 800px\" \/><\/a><figcaption class=\"blocks-gallery-item__caption\">Colocaci\u00f3n de la torreta en la ola 30.<\/figcaption><\/figure><\/li><li class=\"blocks-gallery-item\"><figure><a href=\"https:\/\/ibomberdefense.standardof.net\/es\/guide\/campana-aliada\/9-sudeste-europa-snowblind\/ibomber-defense-level-9-south-east-europe-snowblind-5\/\"><img decoding=\"async\" width=\"800\" height=\"450\" src=\"https:\/\/ibomberdefense.standardof.net\/wp-content\/uploads\/sites\/5\/2020\/10\/iBomber-Defense-Level-9-South-East-Europe-Snowblind-5-800x450.jpg\" alt=\"&quot;iBomber Defense&quot; - Nivel 9 - Sureste de Europa: Snowblind (5)\" data-id=\"50\" data-full-url=\"https:\/\/ibomberdefense.standardof.net\/wp-content\/uploads\/sites\/5\/2020\/10\/iBomber-Defense-Level-9-South-East-Europe-Snowblind-5.jpg\" data-link=\"https:\/\/ibomberdefense.standardof.net\/guide\/allied-campaign\/9-south-east-europe-snowblind\/ibomber-defense-level-9-south-east-europe-snowblind-5\/\" class=\"wp-image-50\" title=\"\" srcset=\"https:\/\/ibomberdefense.standardof.net\/wp-content\/uploads\/sites\/5\/2020\/10\/iBomber-Defense-Level-9-South-East-Europe-Snowblind-5-800x450.jpg 800w, https:\/\/ibomberdefense.standardof.net\/wp-content\/uploads\/sites\/5\/2020\/10\/iBomber-Defense-Level-9-South-East-Europe-Snowblind-5-512x288.jpg 512w, https:\/\/ibomberdefense.standardof.net\/wp-content\/uploads\/sites\/5\/2020\/10\/iBomber-Defense-Level-9-South-East-Europe-Snowblind-5-200x113.jpg 200w, https:\/\/ibomberdefense.standardof.net\/wp-content\/uploads\/sites\/5\/2020\/10\/iBomber-Defense-Level-9-South-East-Europe-Snowblind-5-768x432.jpg 768w, https:\/\/ibomberdefense.standardof.net\/wp-content\/uploads\/sites\/5\/2020\/10\/iBomber-Defense-Level-9-South-East-Europe-Snowblind-5-16x9.jpg 16w, https:\/\/ibomberdefense.standardof.net\/wp-content\/uploads\/sites\/5\/2020\/10\/iBomber-Defense-Level-9-South-East-Europe-Snowblind-5.jpg 1280w\" sizes=\"(max-width: 800px) 100vw, 800px\" \/><\/a><figcaption class=\"blocks-gallery-item__caption\">Colocaci\u00f3n de la torreta en la onda 40.<\/figcaption><\/figure><\/li><\/ul><\/figure>\n\n\n\n<hr class=\"wp-block-separator\"\/>\n\n\n\n<h4 class=\"has-text-align-center wp-block-heading\">Gu\u00eda de video<\/h4>\n\n\n\n<figure class=\"wp-block-embed-youtube wp-block-embed is-type-video is-provider-youtube wp-embed-aspect-4-3 wp-has-aspect-ratio\"><div class=\"wp-block-embed__wrapper\">\n<div class=\"ast-oembed-container\" style=\"height: 100%;\"><iframe title=\"iBomber Defense - Sureste de Europa - Snowblind - Veterano + Perfecto\" width=\"500\" height=\"281\" src=\"https:\/\/www.youtube.com\/embed\/qZ8uu88C06g?feature=oembed\" frameborder=\"0\" allow=\"accelerometer; autoplay; clipboard-write; encrypted-media; gyroscope; picture-in-picture; web-share\" referrerpolicy=\"strict-origin-when-cross-origin\" allowfullscreen><\/iframe><\/div>\n<\/div><\/figure>","protected":false},"excerpt":{"rendered":"<p>Proceeding onwards in the Allied campaign of iBomber Defense it is time to face the South East Europe level, taking place in a green valley that runs around a central snow covered mountain and lined with even larger snow covered ridges along the sides. You will have to face a total of 40 waves of [&hellip;]<\/p>","protected":false},"author":1,"featured_media":50,"parent":266,"menu_order":9,"comment_status":"open","ping_status":"closed","template":"","meta":{"_uag_custom_page_level_css":"","site-sidebar-layout":"default","site-content-layout":"default","ast-site-content-layout":"","site-content-style":"default","site-sidebar-style":"default","ast-global-header-display":"","ast-banner-title-visibility":"","ast-main-header-display":"","ast-hfb-above-header-display":"","ast-hfb-below-header-display":"","ast-hfb-mobile-header-display":"","site-post-title":"","ast-breadcrumbs-content":"","ast-featured-img":"","footer-sml-layout":"","theme-transparent-header-meta":"default","adv-header-id-meta":"","stick-header-meta":"","header-above-stick-meta":"","header-main-stick-meta":"","header-below-stick-meta":"","astra-migrate-meta-layouts":"default","ast-page-background-enabled":"default","ast-page-background-meta":{"desktop":{"background-color":"","background-image":"","background-repeat":"repeat","background-position":"center center","background-size":"auto","background-attachment":"scroll","background-type":"","background-media":"","overlay-type":"","overlay-color":"","overlay-gradient":""},"tablet":{"background-color":"","background-image":"","background-repeat":"repeat","background-position":"center center","background-size":"auto","background-attachment":"scroll","background-type":"","background-media":"","overlay-type":"","overlay-color":"","overlay-gradient":""},"mobile":{"background-color":"","background-image":"","background-repeat":"repeat","background-position":"center center","background-size":"auto","background-attachment":"scroll","background-type":"","background-media":"","overlay-type":"","overlay-color":"","overlay-gradient":""}},"ast-content-background-meta":{"desktop":{"background-color":"var(--ast-global-color-5)","background-image":"","background-repeat":"repeat","background-position":"center center","background-size":"auto","background-attachment":"scroll","background-type":"","background-media":"","overlay-type":"","overlay-color":"","overlay-gradient":""},"tablet":{"background-color":"var(--ast-global-color-5)","background-image":"","background-repeat":"repeat","background-position":"center center","background-size":"auto","background-attachment":"scroll","background-type":"","background-media":"","overlay-type":"","overlay-color":"","overlay-gradient":""},"mobile":{"background-color":"var(--ast-global-color-5)","background-image":"","background-repeat":"repeat","background-position":"center center","background-size":"auto","background-attachment":"scroll","background-type":"","background-media":"","overlay-type":"","overlay-color":"","overlay-gradient":""}},"footnotes":""},"uagb_featured_image_src":{"full":["https:\/\/ibomberdefense.standardof.net\/wp-content\/uploads\/sites\/5\/2020\/10\/iBomber-Defense-Level-9-South-East-Europe-Snowblind-5.jpg",1280,720,false],"thumbnail":["https:\/\/ibomberdefense.standardof.net\/wp-content\/uploads\/sites\/5\/2020\/10\/iBomber-Defense-Level-9-South-East-Europe-Snowblind-5-200x113.jpg",200,113,true],"medium":["https:\/\/ibomberdefense.standardof.net\/wp-content\/uploads\/sites\/5\/2020\/10\/iBomber-Defense-Level-9-South-East-Europe-Snowblind-5-512x288.jpg",512,288,true],"medium_large":["https:\/\/ibomberdefense.standardof.net\/wp-content\/uploads\/sites\/5\/2020\/10\/iBomber-Defense-Level-9-South-East-Europe-Snowblind-5-768x432.jpg",768,432,true],"large":["https:\/\/ibomberdefense.standardof.net\/wp-content\/uploads\/sites\/5\/2020\/10\/iBomber-Defense-Level-9-South-East-Europe-Snowblind-5-800x450.jpg",800,450,true],"1536x1536":["https:\/\/ibomberdefense.standardof.net\/wp-content\/uploads\/sites\/5\/2020\/10\/iBomber-Defense-Level-9-South-East-Europe-Snowblind-5.jpg",1280,720,false],"2048x2048":["https:\/\/ibomberdefense.standardof.net\/wp-content\/uploads\/sites\/5\/2020\/10\/iBomber-Defense-Level-9-South-East-Europe-Snowblind-5.jpg",1280,720,false],"trp-custom-language-flag":["https:\/\/ibomberdefense.standardof.net\/wp-content\/uploads\/sites\/5\/2020\/10\/iBomber-Defense-Level-9-South-East-Europe-Snowblind-5-16x9.jpg",16,9,true]},"uagb_author_info":{"display_name":"SOE","author_link":"https:\/\/ibomberdefense.standardof.net\/es\/author\/k-tastic\/"},"uagb_comment_info":0,"uagb_excerpt":"Proceeding onwards in the Allied campaign of iBomber Defense it is time to face the South East Europe level, taking place in a green valley that runs around a central snow covered mountain and lined with even larger snow covered ridges along the sides. You will have to face a total of 40 waves of&hellip;","_links":{"self":[{"href":"https:\/\/ibomberdefense.standardof.net\/es\/wp-json\/wp\/v2\/pages\/299"}],"collection":[{"href":"https:\/\/ibomberdefense.standardof.net\/es\/wp-json\/wp\/v2\/pages"}],"about":[{"href":"https:\/\/ibomberdefense.standardof.net\/es\/wp-json\/wp\/v2\/types\/page"}],"author":[{"embeddable":true,"href":"https:\/\/ibomberdefense.standardof.net\/es\/wp-json\/wp\/v2\/users\/1"}],"replies":[{"embeddable":true,"href":"https:\/\/ibomberdefense.standardof.net\/es\/wp-json\/wp\/v2\/comments?post=299"}],"version-history":[{"count":0,"href":"https:\/\/ibomberdefense.standardof.net\/es\/wp-json\/wp\/v2\/pages\/299\/revisions"}],"up":[{"embeddable":true,"href":"https:\/\/ibomberdefense.standardof.net\/es\/wp-json\/wp\/v2\/pages\/266"}],"wp:featuredmedia":[{"embeddable":true,"href":"https:\/\/ibomberdefense.standardof.net\/es\/wp-json\/wp\/v2\/media\/50"}],"wp:attachment":[{"href":"https:\/\/ibomberdefense.standardof.net\/es\/wp-json\/wp\/v2\/media?parent=299"}],"curies":[{"name":"wp","href":"https:\/\/api.w.org\/{rel}","templated":true}]}}