{"id":300,"date":"2020-10-19T06:26:07","date_gmt":"2020-10-19T06:26:07","guid":{"rendered":"https:\/\/ibomberdefense.standardof.net\/?page_id=300"},"modified":"2020-10-19T08:06:23","modified_gmt":"2020-10-19T08:06:23","slug":"10-western-russia-barbarossa","status":"publish","type":"page","link":"https:\/\/ibomberdefense.standardof.net\/es\/guide\/campana-aliada\/10-rusia-occidental-barbarroja\/","title":{"rendered":"10. Rusia occidental: Barbarroja"},"content":{"rendered":"<div class=\"wp-block-image\"><figure class=\"aligncenter size-large\"><a href=\"https:\/\/ibomberdefense.standardof.net\/es\/guide\/campana-aliada\/10-rusia-occidental-barbarroja\/ibomber-defense-level-10-western-russia-barbarossa-1\/\"><img decoding=\"async\" width=\"800\" height=\"450\" src=\"https:\/\/ibomberdefense.standardof.net\/wp-content\/uploads\/sites\/5\/2020\/10\/iBomber-Defense-Level-10-Western-Russia-Barbarossa-1-800x450.jpg\" alt=\"&quot;iBomber Defense&quot; - Nivel 10 - Rusia occidental: Barbarroja (1)\" class=\"wp-image-51\" title=\"\" srcset=\"https:\/\/ibomberdefense.standardof.net\/wp-content\/uploads\/sites\/5\/2020\/10\/iBomber-Defense-Level-10-Western-Russia-Barbarossa-1-800x450.jpg 800w, https:\/\/ibomberdefense.standardof.net\/wp-content\/uploads\/sites\/5\/2020\/10\/iBomber-Defense-Level-10-Western-Russia-Barbarossa-1-512x288.jpg 512w, https:\/\/ibomberdefense.standardof.net\/wp-content\/uploads\/sites\/5\/2020\/10\/iBomber-Defense-Level-10-Western-Russia-Barbarossa-1-200x113.jpg 200w, https:\/\/ibomberdefense.standardof.net\/wp-content\/uploads\/sites\/5\/2020\/10\/iBomber-Defense-Level-10-Western-Russia-Barbarossa-1-768x432.jpg 768w, https:\/\/ibomberdefense.standardof.net\/wp-content\/uploads\/sites\/5\/2020\/10\/iBomber-Defense-Level-10-Western-Russia-Barbarossa-1-16x9.jpg 16w, https:\/\/ibomberdefense.standardof.net\/wp-content\/uploads\/sites\/5\/2020\/10\/iBomber-Defense-Level-10-Western-Russia-Barbarossa-1.jpg 1280w\" sizes=\"(max-width: 800px) 100vw, 800px\" \/><\/a><figcaption>Rutas tomadas por las unidades terrestres en Rusia Occidental.<\/figcaption><\/figure><\/div>\n\n\n\n<p>El d\u00e9cimo nivel en la campa\u00f1a aliada de <em>iBomber Defense<\/em> y la tercera misi\u00f3n de esta segunda mitad de la gu\u00eda paso a paso nos lleva a las tierras nevadas del oeste de Rusia. Te enfrentar\u00e1s a cuarenta oleadas de unidades terrestres que provienen de 3 caminos que emanan del noroeste, noreste y suroeste, girando hacia el centro del mapa donde se encuentra la base. No hay unidades a\u00e9reas a las que enfrentarse en este nivel.<\/p>\n\n\n\n<p>La ubicaci\u00f3n de las torretas en el oeste de Rusia se centrar\u00e1 en crear una l\u00ednea gruesa de ca\u00f1ones principalmente impulsada por torres de comunicaciones que se extienden por el centro del mapa. Este nivel tiene excelentes lugares para colocar muchas torretas que cubren m\u00faltiples rutas.<\/p>\n\n\n\n<h3 class=\"wp-block-heading\"><strong>Colocaci\u00f3n de la torreta<\/strong><\/h3>\n\n\n\n<figure class=\"wp-block-gallery columns-2 is-cropped wp-block-gallery-1 is-layout-flex wp-block-gallery-is-layout-flex\"><ul class=\"blocks-gallery-grid\"><li class=\"blocks-gallery-item\"><figure><a href=\"https:\/\/ibomberdefense.standardof.net\/es\/guide\/campana-aliada\/10-rusia-occidental-barbarroja\/ibomber-defense-level-10-western-russia-barbarossa-2\/\"><img decoding=\"async\" width=\"800\" height=\"450\" src=\"https:\/\/ibomberdefense.standardof.net\/wp-content\/uploads\/sites\/5\/2020\/10\/iBomber-Defense-Level-10-Western-Russia-Barbarossa-2-800x450.jpg\" alt=\"&quot;iBomber Defense&quot; - Nivel 10 - Rusia occidental: Barbarroja (2)\" data-id=\"52\" data-full-url=\"https:\/\/ibomberdefense.standardof.net\/wp-content\/uploads\/sites\/5\/2020\/10\/iBomber-Defense-Level-10-Western-Russia-Barbarossa-2.jpg\" data-link=\"https:\/\/ibomberdefense.standardof.net\/guide\/allied-campaign\/10-western-russia-barbarossa\/ibomber-defense-level-10-western-russia-barbarossa-2\/\" class=\"wp-image-52\" title=\"\" srcset=\"https:\/\/ibomberdefense.standardof.net\/wp-content\/uploads\/sites\/5\/2020\/10\/iBomber-Defense-Level-10-Western-Russia-Barbarossa-2-800x450.jpg 800w, https:\/\/ibomberdefense.standardof.net\/wp-content\/uploads\/sites\/5\/2020\/10\/iBomber-Defense-Level-10-Western-Russia-Barbarossa-2-512x288.jpg 512w, https:\/\/ibomberdefense.standardof.net\/wp-content\/uploads\/sites\/5\/2020\/10\/iBomber-Defense-Level-10-Western-Russia-Barbarossa-2-200x113.jpg 200w, https:\/\/ibomberdefense.standardof.net\/wp-content\/uploads\/sites\/5\/2020\/10\/iBomber-Defense-Level-10-Western-Russia-Barbarossa-2-768x432.jpg 768w, https:\/\/ibomberdefense.standardof.net\/wp-content\/uploads\/sites\/5\/2020\/10\/iBomber-Defense-Level-10-Western-Russia-Barbarossa-2-16x9.jpg 16w, https:\/\/ibomberdefense.standardof.net\/wp-content\/uploads\/sites\/5\/2020\/10\/iBomber-Defense-Level-10-Western-Russia-Barbarossa-2.jpg 1280w\" sizes=\"(max-width: 800px) 100vw, 800px\" \/><\/a><figcaption class=\"blocks-gallery-item__caption\">Colocaci\u00f3n de la torreta Wave 10.<\/figcaption><\/figure><\/li><li class=\"blocks-gallery-item\"><figure><a href=\"https:\/\/ibomberdefense.standardof.net\/es\/guide\/campana-aliada\/10-rusia-occidental-barbarroja\/ibomber-defense-level-10-western-russia-barbarossa-3\/\"><img decoding=\"async\" width=\"800\" height=\"450\" src=\"https:\/\/ibomberdefense.standardof.net\/wp-content\/uploads\/sites\/5\/2020\/10\/iBomber-Defense-Level-10-Western-Russia-Barbarossa-3-800x450.jpg\" alt=\"&quot;iBomber Defense&quot; - Nivel 10 - Rusia occidental: Barbarroja (3)\" data-id=\"53\" data-full-url=\"https:\/\/ibomberdefense.standardof.net\/wp-content\/uploads\/sites\/5\/2020\/10\/iBomber-Defense-Level-10-Western-Russia-Barbarossa-3.jpg\" data-link=\"https:\/\/ibomberdefense.standardof.net\/guide\/allied-campaign\/10-western-russia-barbarossa\/ibomber-defense-level-10-western-russia-barbarossa-3\/\" class=\"wp-image-53\" title=\"\" srcset=\"https:\/\/ibomberdefense.standardof.net\/wp-content\/uploads\/sites\/5\/2020\/10\/iBomber-Defense-Level-10-Western-Russia-Barbarossa-3-800x450.jpg 800w, https:\/\/ibomberdefense.standardof.net\/wp-content\/uploads\/sites\/5\/2020\/10\/iBomber-Defense-Level-10-Western-Russia-Barbarossa-3-512x288.jpg 512w, https:\/\/ibomberdefense.standardof.net\/wp-content\/uploads\/sites\/5\/2020\/10\/iBomber-Defense-Level-10-Western-Russia-Barbarossa-3-200x113.jpg 200w, https:\/\/ibomberdefense.standardof.net\/wp-content\/uploads\/sites\/5\/2020\/10\/iBomber-Defense-Level-10-Western-Russia-Barbarossa-3-768x432.jpg 768w, https:\/\/ibomberdefense.standardof.net\/wp-content\/uploads\/sites\/5\/2020\/10\/iBomber-Defense-Level-10-Western-Russia-Barbarossa-3-16x9.jpg 16w, https:\/\/ibomberdefense.standardof.net\/wp-content\/uploads\/sites\/5\/2020\/10\/iBomber-Defense-Level-10-Western-Russia-Barbarossa-3.jpg 1280w\" sizes=\"(max-width: 800px) 100vw, 800px\" \/><\/a><figcaption class=\"blocks-gallery-item__caption\">Colocaci\u00f3n de la torreta Wave 20.<\/figcaption><\/figure><\/li><\/ul><\/figure>\n\n\n\n<p>Desde el inicio hasta la ola 10, sus esfuerzos deben enfocarse, como suele ser el caso cuando se enfrentan fuerzas terrestres, para construir al principio un par de ametralladoras de nivel 3, una a cada lado del punto donde convergen los 3 caminos. Una vez que est\u00e9n listos, puede agregar otra Ametralladora para comenzar a actualizar justo a la izquierda de la peque\u00f1a meseta cerca de su base.<\/p>\n\n\n\n<p>Llegar a la oleada 20 debe abarcar la expansi\u00f3n de las defensas de las torretas que tiene en los lados derecho e izquierdo de la base, cada una respaldada por torres de comunicaciones de nivel 2 que deber\u00edan comenzar a generar inter\u00e9s para usted. Aseg\u00farate de comenzar a colocar ca\u00f1ones de nivel 1 en ambos lados junto con ametralladoras adicionales.<\/p>\n\n\n\n<p>En su camino hacia la ola treinta en el oeste de Rusia, comience a construir una base de torreta secundaria donde las carreteras de entrada superior derecha e inferior izquierda convergen en una antes de encontrarse con la carretera superior izquierda antes de la base. Intente tener tres torres de comunicaciones de nivel 3 y todas las torretas colocadas actualizadas a sus niveles m\u00e1ximos. Las torretas de sabotaje pueden ser \u00fatiles aqu\u00ed para compensar las distancias cortas con las que tienes que detener al enemigo.<\/p>\n\n\n\n<p>Entre la ola 30 y la \u00faltima ola 40, deber\u00edas poder usar la enorme cantidad de inter\u00e9s que est\u00e1s obteniendo en cada ola para comenzar a acumular campos de ca\u00f1ones para dominar al enemigo. Recuerde usar las im\u00e1genes de la derecha y el video a continuaci\u00f3n para obtener detalles m\u00e1s espec\u00edficos sobre la ubicaci\u00f3n de mi torreta.<\/p>\n\n\n\n<figure class=\"wp-block-gallery columns-2 is-cropped wp-block-gallery-2 is-layout-flex wp-block-gallery-is-layout-flex\"><ul class=\"blocks-gallery-grid\"><li class=\"blocks-gallery-item\"><figure><a href=\"https:\/\/ibomberdefense.standardof.net\/es\/guide\/campana-aliada\/10-rusia-occidental-barbarroja\/ibomber-defense-level-10-western-russia-barbarossa-4\/\"><img decoding=\"async\" width=\"800\" height=\"450\" src=\"https:\/\/ibomberdefense.standardof.net\/wp-content\/uploads\/sites\/5\/2020\/10\/iBomber-Defense-Level-10-Western-Russia-Barbarossa-4-800x450.jpg\" alt=\"&quot;iBomber Defense&quot; - Nivel 10 - Rusia occidental: Barbarroja (4)\" data-id=\"54\" data-full-url=\"https:\/\/ibomberdefense.standardof.net\/wp-content\/uploads\/sites\/5\/2020\/10\/iBomber-Defense-Level-10-Western-Russia-Barbarossa-4.jpg\" data-link=\"https:\/\/ibomberdefense.standardof.net\/guide\/allied-campaign\/10-western-russia-barbarossa\/ibomber-defense-level-10-western-russia-barbarossa-4\/\" class=\"wp-image-54\" title=\"\" srcset=\"https:\/\/ibomberdefense.standardof.net\/wp-content\/uploads\/sites\/5\/2020\/10\/iBomber-Defense-Level-10-Western-Russia-Barbarossa-4-800x450.jpg 800w, https:\/\/ibomberdefense.standardof.net\/wp-content\/uploads\/sites\/5\/2020\/10\/iBomber-Defense-Level-10-Western-Russia-Barbarossa-4-512x288.jpg 512w, https:\/\/ibomberdefense.standardof.net\/wp-content\/uploads\/sites\/5\/2020\/10\/iBomber-Defense-Level-10-Western-Russia-Barbarossa-4-200x113.jpg 200w, https:\/\/ibomberdefense.standardof.net\/wp-content\/uploads\/sites\/5\/2020\/10\/iBomber-Defense-Level-10-Western-Russia-Barbarossa-4-768x432.jpg 768w, https:\/\/ibomberdefense.standardof.net\/wp-content\/uploads\/sites\/5\/2020\/10\/iBomber-Defense-Level-10-Western-Russia-Barbarossa-4-16x9.jpg 16w, https:\/\/ibomberdefense.standardof.net\/wp-content\/uploads\/sites\/5\/2020\/10\/iBomber-Defense-Level-10-Western-Russia-Barbarossa-4.jpg 1280w\" sizes=\"(max-width: 800px) 100vw, 800px\" \/><\/a><figcaption class=\"blocks-gallery-item__caption\">Colocaci\u00f3n de la torreta Wave 30.<\/figcaption><\/figure><\/li><li class=\"blocks-gallery-item\"><figure><a href=\"https:\/\/ibomberdefense.standardof.net\/es\/guide\/campana-aliada\/10-rusia-occidental-barbarroja\/ibomber-defense-level-10-western-russia-barbarossa-5\/\"><img decoding=\"async\" width=\"800\" height=\"450\" src=\"https:\/\/ibomberdefense.standardof.net\/wp-content\/uploads\/sites\/5\/2020\/10\/iBomber-Defense-Level-10-Western-Russia-Barbarossa-5-800x450.jpg\" alt=\"&quot;iBomber Defense&quot; - Nivel 10 - Rusia occidental: Barbarroja (5)\" data-id=\"55\" data-full-url=\"https:\/\/ibomberdefense.standardof.net\/wp-content\/uploads\/sites\/5\/2020\/10\/iBomber-Defense-Level-10-Western-Russia-Barbarossa-5.jpg\" data-link=\"https:\/\/ibomberdefense.standardof.net\/guide\/allied-campaign\/10-western-russia-barbarossa\/ibomber-defense-level-10-western-russia-barbarossa-5\/\" class=\"wp-image-55\" title=\"\" srcset=\"https:\/\/ibomberdefense.standardof.net\/wp-content\/uploads\/sites\/5\/2020\/10\/iBomber-Defense-Level-10-Western-Russia-Barbarossa-5-800x450.jpg 800w, https:\/\/ibomberdefense.standardof.net\/wp-content\/uploads\/sites\/5\/2020\/10\/iBomber-Defense-Level-10-Western-Russia-Barbarossa-5-512x288.jpg 512w, https:\/\/ibomberdefense.standardof.net\/wp-content\/uploads\/sites\/5\/2020\/10\/iBomber-Defense-Level-10-Western-Russia-Barbarossa-5-200x113.jpg 200w, https:\/\/ibomberdefense.standardof.net\/wp-content\/uploads\/sites\/5\/2020\/10\/iBomber-Defense-Level-10-Western-Russia-Barbarossa-5-768x432.jpg 768w, https:\/\/ibomberdefense.standardof.net\/wp-content\/uploads\/sites\/5\/2020\/10\/iBomber-Defense-Level-10-Western-Russia-Barbarossa-5-16x9.jpg 16w, https:\/\/ibomberdefense.standardof.net\/wp-content\/uploads\/sites\/5\/2020\/10\/iBomber-Defense-Level-10-Western-Russia-Barbarossa-5.jpg 1280w\" sizes=\"(max-width: 800px) 100vw, 800px\" \/><\/a><figcaption class=\"blocks-gallery-item__caption\">Colocaci\u00f3n de la torreta Wave 40.<\/figcaption><\/figure><\/li><\/ul><\/figure>\n\n\n\n<hr class=\"wp-block-separator\"\/>\n\n\n\n<h4 class=\"has-text-align-center wp-block-heading\">Gu\u00eda de video<\/h4>\n\n\n\n<figure class=\"wp-block-embed-youtube wp-block-embed is-type-video is-provider-youtube wp-embed-aspect-16-9 wp-has-aspect-ratio\"><div class=\"wp-block-embed__wrapper\">\n<div class=\"ast-oembed-container\" style=\"height: 100%;\"><iframe title=\"iBomber Defense - Rusia Occidental - Barbarroja - Veterano + Perfecto\" width=\"500\" height=\"281\" src=\"https:\/\/www.youtube.com\/embed\/UuXaSzCxym8?feature=oembed\" frameborder=\"0\" allow=\"accelerometer; autoplay; clipboard-write; encrypted-media; gyroscope; picture-in-picture; web-share\" referrerpolicy=\"strict-origin-when-cross-origin\" allowfullscreen><\/iframe><\/div>\n<\/div><\/figure>","protected":false},"excerpt":{"rendered":"<p>The tenth level in the Allied campaign of iBomber Defense and the third mission in this second half of the walkthrough guide takes us to the snow covered lands of Western Russia. You will be facing forty waves of ground units that come from 3 roads emanating from the northwest, northeast and southwest, curling around [&hellip;]<\/p>","protected":false},"author":1,"featured_media":55,"parent":266,"menu_order":10,"comment_status":"open","ping_status":"closed","template":"","meta":{"_uag_custom_page_level_css":"","site-sidebar-layout":"default","site-content-layout":"default","ast-site-content-layout":"","site-content-style":"default","site-sidebar-style":"default","ast-global-header-display":"","ast-banner-title-visibility":"","ast-main-header-display":"","ast-hfb-above-header-display":"","ast-hfb-below-header-display":"","ast-hfb-mobile-header-display":"","site-post-title":"","ast-breadcrumbs-content":"","ast-featured-img":"","footer-sml-layout":"","theme-transparent-header-meta":"default","adv-header-id-meta":"","stick-header-meta":"","header-above-stick-meta":"","header-main-stick-meta":"","header-below-stick-meta":"","astra-migrate-meta-layouts":"default","ast-page-background-enabled":"default","ast-page-background-meta":{"desktop":{"background-color":"","background-image":"","background-repeat":"repeat","background-position":"center center","background-size":"auto","background-attachment":"scroll","background-type":"","background-media":"","overlay-type":"","overlay-color":"","overlay-gradient":""},"tablet":{"background-color":"","background-image":"","background-repeat":"repeat","background-position":"center center","background-size":"auto","background-attachment":"scroll","background-type":"","background-media":"","overlay-type":"","overlay-color":"","overlay-gradient":""},"mobile":{"background-color":"","background-image":"","background-repeat":"repeat","background-position":"center center","background-size":"auto","background-attachment":"scroll","background-type":"","background-media":"","overlay-type":"","overlay-color":"","overlay-gradient":""}},"ast-content-background-meta":{"desktop":{"background-color":"var(--ast-global-color-5)","background-image":"","background-repeat":"repeat","background-position":"center center","background-size":"auto","background-attachment":"scroll","background-type":"","background-media":"","overlay-type":"","overlay-color":"","overlay-gradient":""},"tablet":{"background-color":"var(--ast-global-color-5)","background-image":"","background-repeat":"repeat","background-position":"center center","background-size":"auto","background-attachment":"scroll","background-type":"","background-media":"","overlay-type":"","overlay-color":"","overlay-gradient":""},"mobile":{"background-color":"var(--ast-global-color-5)","background-image":"","background-repeat":"repeat","background-position":"center center","background-size":"auto","background-attachment":"scroll","background-type":"","background-media":"","overlay-type":"","overlay-color":"","overlay-gradient":""}},"footnotes":""},"uagb_featured_image_src":{"full":["https:\/\/ibomberdefense.standardof.net\/wp-content\/uploads\/sites\/5\/2020\/10\/iBomber-Defense-Level-10-Western-Russia-Barbarossa-5.jpg",1280,720,false],"thumbnail":["https:\/\/ibomberdefense.standardof.net\/wp-content\/uploads\/sites\/5\/2020\/10\/iBomber-Defense-Level-10-Western-Russia-Barbarossa-5-200x113.jpg",200,113,true],"medium":["https:\/\/ibomberdefense.standardof.net\/wp-content\/uploads\/sites\/5\/2020\/10\/iBomber-Defense-Level-10-Western-Russia-Barbarossa-5-512x288.jpg",512,288,true],"medium_large":["https:\/\/ibomberdefense.standardof.net\/wp-content\/uploads\/sites\/5\/2020\/10\/iBomber-Defense-Level-10-Western-Russia-Barbarossa-5-768x432.jpg",768,432,true],"large":["https:\/\/ibomberdefense.standardof.net\/wp-content\/uploads\/sites\/5\/2020\/10\/iBomber-Defense-Level-10-Western-Russia-Barbarossa-5-800x450.jpg",800,450,true],"1536x1536":["https:\/\/ibomberdefense.standardof.net\/wp-content\/uploads\/sites\/5\/2020\/10\/iBomber-Defense-Level-10-Western-Russia-Barbarossa-5.jpg",1280,720,false],"2048x2048":["https:\/\/ibomberdefense.standardof.net\/wp-content\/uploads\/sites\/5\/2020\/10\/iBomber-Defense-Level-10-Western-Russia-Barbarossa-5.jpg",1280,720,false],"trp-custom-language-flag":["https:\/\/ibomberdefense.standardof.net\/wp-content\/uploads\/sites\/5\/2020\/10\/iBomber-Defense-Level-10-Western-Russia-Barbarossa-5-16x9.jpg",16,9,true]},"uagb_author_info":{"display_name":"SOE","author_link":"https:\/\/ibomberdefense.standardof.net\/es\/author\/k-tastic\/"},"uagb_comment_info":0,"uagb_excerpt":"The tenth level in the Allied campaign of iBomber Defense and the third mission in this second half of the walkthrough guide takes us to the snow covered lands of Western Russia. You will be facing forty waves of ground units that come from 3 roads emanating from the northwest, northeast and southwest, curling around&hellip;","_links":{"self":[{"href":"https:\/\/ibomberdefense.standardof.net\/es\/wp-json\/wp\/v2\/pages\/300"}],"collection":[{"href":"https:\/\/ibomberdefense.standardof.net\/es\/wp-json\/wp\/v2\/pages"}],"about":[{"href":"https:\/\/ibomberdefense.standardof.net\/es\/wp-json\/wp\/v2\/types\/page"}],"author":[{"embeddable":true,"href":"https:\/\/ibomberdefense.standardof.net\/es\/wp-json\/wp\/v2\/users\/1"}],"replies":[{"embeddable":true,"href":"https:\/\/ibomberdefense.standardof.net\/es\/wp-json\/wp\/v2\/comments?post=300"}],"version-history":[{"count":0,"href":"https:\/\/ibomberdefense.standardof.net\/es\/wp-json\/wp\/v2\/pages\/300\/revisions"}],"up":[{"embeddable":true,"href":"https:\/\/ibomberdefense.standardof.net\/es\/wp-json\/wp\/v2\/pages\/266"}],"wp:featuredmedia":[{"embeddable":true,"href":"https:\/\/ibomberdefense.standardof.net\/es\/wp-json\/wp\/v2\/media\/55"}],"wp:attachment":[{"href":"https:\/\/ibomberdefense.standardof.net\/es\/wp-json\/wp\/v2\/media?parent=300"}],"curies":[{"name":"wp","href":"https:\/\/api.w.org\/{rel}","templated":true}]}}