{"id":301,"date":"2020-10-19T06:26:26","date_gmt":"2020-10-19T06:26:26","guid":{"rendered":"https:\/\/ibomberdefense.standardof.net\/?page_id=301"},"modified":"2020-10-19T08:06:28","modified_gmt":"2020-10-19T08:06:28","slug":"11-north-east-europe-heart-of-oak","status":"publish","type":"page","link":"https:\/\/ibomberdefense.standardof.net\/es\/guide\/campana-aliada\/11-noreste-europa-corazon-de-roble\/","title":{"rendered":"11. Noreste de Europa: Heart of Oak"},"content":{"rendered":"<div class=\"wp-block-image\"><figure class=\"aligncenter size-large\"><a href=\"https:\/\/ibomberdefense.standardof.net\/es\/guide\/campana-aliada\/11-noreste-europa-corazon-de-roble\/ibomber-defense-level-11-north-east-europe-heart-of-oak-1\/\"><img decoding=\"async\" width=\"800\" height=\"450\" src=\"https:\/\/ibomberdefense.standardof.net\/wp-content\/uploads\/sites\/5\/2020\/10\/iBomber-Defense-Level-11-North-East-Europe-Heart-of-Oak-1-800x450.jpg\" alt=\"&quot;iBomber Defense&quot; - Nivel 11 - Noreste de Europa: Heart of Oak (1)\" class=\"wp-image-56\" title=\"\" srcset=\"https:\/\/ibomberdefense.standardof.net\/wp-content\/uploads\/sites\/5\/2020\/10\/iBomber-Defense-Level-11-North-East-Europe-Heart-of-Oak-1-800x450.jpg 800w, https:\/\/ibomberdefense.standardof.net\/wp-content\/uploads\/sites\/5\/2020\/10\/iBomber-Defense-Level-11-North-East-Europe-Heart-of-Oak-1-512x288.jpg 512w, https:\/\/ibomberdefense.standardof.net\/wp-content\/uploads\/sites\/5\/2020\/10\/iBomber-Defense-Level-11-North-East-Europe-Heart-of-Oak-1-200x113.jpg 200w, https:\/\/ibomberdefense.standardof.net\/wp-content\/uploads\/sites\/5\/2020\/10\/iBomber-Defense-Level-11-North-East-Europe-Heart-of-Oak-1-768x432.jpg 768w, https:\/\/ibomberdefense.standardof.net\/wp-content\/uploads\/sites\/5\/2020\/10\/iBomber-Defense-Level-11-North-East-Europe-Heart-of-Oak-1-16x9.jpg 16w, https:\/\/ibomberdefense.standardof.net\/wp-content\/uploads\/sites\/5\/2020\/10\/iBomber-Defense-Level-11-North-East-Europe-Heart-of-Oak-1.jpg 1280w\" sizes=\"(max-width: 800px) 100vw, 800px\" \/><\/a><figcaption>Las muchas rutas diferentes tomadas por las unidades enemigas en el noreste de Europa. La l\u00ednea p\u00farpura es el avi\u00f3n.<\/figcaption><\/figure><\/div>\n\n\n\n<p>El nivel de Europa del Noreste de la campa\u00f1a aliada en <em>iBomber Defense<\/em> nos lleva de regreso a las verdes tierras boscosas para defender una base que cuenta con 8 rutas de ataque diferentes, sin incluir la ruta que recorren las unidades a\u00e9reas hacia su base. La ubicaci\u00f3n de la torreta comienza a ser un poco complicada en este nivel, ya que las carreteras ocupan tanto espacio que las opciones de ubicaci\u00f3n son algo limitadas.<\/p>\n\n\n\n<p>Dado que esta es otra misi\u00f3n con espacios de construcci\u00f3n limitados, actualizar tus torretas hasta su nivel m\u00e1ximo es bastante importante. Las torretas construidas aqu\u00ed estar\u00e1n principalmente centradas en y alrededor de las dos mesetas centrales. Hay 40 olas en total para defenderse en el noreste de Europa y los aviones comenzar\u00e1n a aparecer en la ola 20.<\/p>\n\n\n\n<h3 class=\"wp-block-heading\"><strong>Colocaci\u00f3n de la torreta<\/strong><\/h3>\n\n\n\n<figure class=\"wp-block-gallery columns-2 is-cropped wp-block-gallery-1 is-layout-flex wp-block-gallery-is-layout-flex\"><ul class=\"blocks-gallery-grid\"><li class=\"blocks-gallery-item\"><figure><a href=\"https:\/\/ibomberdefense.standardof.net\/es\/guide\/campana-aliada\/11-noreste-europa-corazon-de-roble\/ibomber-defense-level-11-north-east-europe-heart-of-oak-2\/\"><img decoding=\"async\" width=\"800\" height=\"450\" src=\"https:\/\/ibomberdefense.standardof.net\/wp-content\/uploads\/sites\/5\/2020\/10\/iBomber-Defense-Level-11-North-East-Europe-Heart-of-Oak-2-800x450.jpg\" alt=\"&quot;iBomber Defense&quot; - Nivel 11 - Noreste de Europa: Heart of Oak (2)\" data-id=\"57\" data-full-url=\"https:\/\/ibomberdefense.standardof.net\/wp-content\/uploads\/sites\/5\/2020\/10\/iBomber-Defense-Level-11-North-East-Europe-Heart-of-Oak-2.jpg\" data-link=\"https:\/\/ibomberdefense.standardof.net\/guide\/allied-campaign\/11-north-east-europe-heart-of-oak\/ibomber-defense-level-11-north-east-europe-heart-of-oak-2\/\" class=\"wp-image-57\" title=\"\" srcset=\"https:\/\/ibomberdefense.standardof.net\/wp-content\/uploads\/sites\/5\/2020\/10\/iBomber-Defense-Level-11-North-East-Europe-Heart-of-Oak-2-800x450.jpg 800w, https:\/\/ibomberdefense.standardof.net\/wp-content\/uploads\/sites\/5\/2020\/10\/iBomber-Defense-Level-11-North-East-Europe-Heart-of-Oak-2-512x288.jpg 512w, https:\/\/ibomberdefense.standardof.net\/wp-content\/uploads\/sites\/5\/2020\/10\/iBomber-Defense-Level-11-North-East-Europe-Heart-of-Oak-2-200x113.jpg 200w, https:\/\/ibomberdefense.standardof.net\/wp-content\/uploads\/sites\/5\/2020\/10\/iBomber-Defense-Level-11-North-East-Europe-Heart-of-Oak-2-768x432.jpg 768w, https:\/\/ibomberdefense.standardof.net\/wp-content\/uploads\/sites\/5\/2020\/10\/iBomber-Defense-Level-11-North-East-Europe-Heart-of-Oak-2-16x9.jpg 16w, https:\/\/ibomberdefense.standardof.net\/wp-content\/uploads\/sites\/5\/2020\/10\/iBomber-Defense-Level-11-North-East-Europe-Heart-of-Oak-2.jpg 1280w\" sizes=\"(max-width: 800px) 100vw, 800px\" \/><\/a><figcaption class=\"blocks-gallery-item__caption\">Colocaci\u00f3n de la torreta Wave 10.<\/figcaption><\/figure><\/li><li class=\"blocks-gallery-item\"><figure><a href=\"https:\/\/ibomberdefense.standardof.net\/es\/guide\/campana-aliada\/11-noreste-europa-corazon-de-roble\/ibomber-defense-level-11-north-east-europe-heart-of-oak-3\/\"><img decoding=\"async\" width=\"800\" height=\"450\" src=\"https:\/\/ibomberdefense.standardof.net\/wp-content\/uploads\/sites\/5\/2020\/10\/iBomber-Defense-Level-11-North-East-Europe-Heart-of-Oak-3-800x450.jpg\" alt=\"&quot;iBomber Defense&quot; - Nivel 11 - Noreste de Europa: Heart of Oak (3)\" data-id=\"58\" data-full-url=\"https:\/\/ibomberdefense.standardof.net\/wp-content\/uploads\/sites\/5\/2020\/10\/iBomber-Defense-Level-11-North-East-Europe-Heart-of-Oak-3.jpg\" data-link=\"https:\/\/ibomberdefense.standardof.net\/guide\/allied-campaign\/11-north-east-europe-heart-of-oak\/ibomber-defense-level-11-north-east-europe-heart-of-oak-3\/\" class=\"wp-image-58\" title=\"\" srcset=\"https:\/\/ibomberdefense.standardof.net\/wp-content\/uploads\/sites\/5\/2020\/10\/iBomber-Defense-Level-11-North-East-Europe-Heart-of-Oak-3-800x450.jpg 800w, https:\/\/ibomberdefense.standardof.net\/wp-content\/uploads\/sites\/5\/2020\/10\/iBomber-Defense-Level-11-North-East-Europe-Heart-of-Oak-3-512x288.jpg 512w, https:\/\/ibomberdefense.standardof.net\/wp-content\/uploads\/sites\/5\/2020\/10\/iBomber-Defense-Level-11-North-East-Europe-Heart-of-Oak-3-200x113.jpg 200w, https:\/\/ibomberdefense.standardof.net\/wp-content\/uploads\/sites\/5\/2020\/10\/iBomber-Defense-Level-11-North-East-Europe-Heart-of-Oak-3-768x432.jpg 768w, https:\/\/ibomberdefense.standardof.net\/wp-content\/uploads\/sites\/5\/2020\/10\/iBomber-Defense-Level-11-North-East-Europe-Heart-of-Oak-3-16x9.jpg 16w, https:\/\/ibomberdefense.standardof.net\/wp-content\/uploads\/sites\/5\/2020\/10\/iBomber-Defense-Level-11-North-East-Europe-Heart-of-Oak-3.jpg 1280w\" sizes=\"(max-width: 800px) 100vw, 800px\" \/><\/a><figcaption class=\"blocks-gallery-item__caption\">Colocaci\u00f3n de la torreta Wave 20.<\/figcaption><\/figure><\/li><\/ul><\/figure>\n\n\n\n<p>Para comenzar y hacer rodar la pelota, el camino hacia la ola 10 debe enfocarse en colocar dos torretas de ametralladoras a cada lado del camino donde convergen todos los caminos. Despu\u00e9s de que estos dos primeros est\u00e9n arriba y al menos en el nivel 2, aseg\u00farese de colocar una torreta en alg\u00fan lugar a lo largo del camino rojo, preferiblemente donde se encuentran los caminos rojo y naranja (vea la imagen a la derecha).<\/p>\n\n\n\n<p>Llegar a la oleada veinte deber\u00eda centrarse en agregar torretas Cannon a su arsenal, una torre de comunicaciones de nivel 2 y una torreta antia\u00e9rea que probablemente podr\u00eda funcionar con una mejora de nivel 2 desde el principio, colocada en la esquina superior izquierda de la meseta central derecha . La meseta izquierda debe tener sus dos espacios ocupados, al menos uno de los cuales debe ser Ca\u00f1\u00f3n, el otro puede ser una Ametralladora.<\/p>\n\n\n\n<p>A medida que avanza desde la oleada veinte hasta la treinta, ampl\u00ede las ubicaciones en las que ha comenzado a construir hasta ahora, colocando 3 torres de comunicaciones de nivel tres para impulsar sus torretas y comenzar el proceso abrumador una vez m\u00e1s con bonificaciones de inter\u00e9s 50$ en cada ola. Una torreta antia\u00e9rea de nivel 3 todav\u00eda est\u00e1 bien en este punto, pero ya deber\u00edas tener un par de ca\u00f1ones de nivel 2.<\/p>\n\n\n\n<p>Las \u00faltimas 10 oleadas, que suelen ser las m\u00e1s prolongadas y, por supuesto, las m\u00e1s blindadas, querr\u00e1n tratar de conseguir la masa de torretas Cannon que deber\u00eda tener, impulsadas por Comms, todas hasta el nivel 3. Un nivel 3 adicional Se puede colocar una torreta antia\u00e9rea y, si ambas se potencian con Comms, ser\u00e1 suficiente para detener la marea de todos los aviones enemigos a los que te enfrentas.<\/p>\n\n\n\n<figure class=\"wp-block-gallery columns-2 is-cropped wp-block-gallery-2 is-layout-flex wp-block-gallery-is-layout-flex\"><ul class=\"blocks-gallery-grid\"><li class=\"blocks-gallery-item\"><figure><a href=\"https:\/\/ibomberdefense.standardof.net\/es\/guide\/campana-aliada\/11-noreste-europa-corazon-de-roble\/ibomber-defense-level-11-north-east-europe-heart-of-oak-4\/\"><img decoding=\"async\" width=\"800\" height=\"450\" src=\"https:\/\/ibomberdefense.standardof.net\/wp-content\/uploads\/sites\/5\/2020\/10\/iBomber-Defense-Level-11-North-East-Europe-Heart-of-Oak-4-800x450.jpg\" alt=\"&quot;iBomber Defense&quot; - Nivel 11 - Noreste de Europa: Heart of Oak (4)\" data-id=\"59\" data-full-url=\"https:\/\/ibomberdefense.standardof.net\/wp-content\/uploads\/sites\/5\/2020\/10\/iBomber-Defense-Level-11-North-East-Europe-Heart-of-Oak-4.jpg\" data-link=\"https:\/\/ibomberdefense.standardof.net\/guide\/allied-campaign\/11-north-east-europe-heart-of-oak\/ibomber-defense-level-11-north-east-europe-heart-of-oak-4\/\" class=\"wp-image-59\" title=\"\" srcset=\"https:\/\/ibomberdefense.standardof.net\/wp-content\/uploads\/sites\/5\/2020\/10\/iBomber-Defense-Level-11-North-East-Europe-Heart-of-Oak-4-800x450.jpg 800w, https:\/\/ibomberdefense.standardof.net\/wp-content\/uploads\/sites\/5\/2020\/10\/iBomber-Defense-Level-11-North-East-Europe-Heart-of-Oak-4-512x288.jpg 512w, https:\/\/ibomberdefense.standardof.net\/wp-content\/uploads\/sites\/5\/2020\/10\/iBomber-Defense-Level-11-North-East-Europe-Heart-of-Oak-4-200x113.jpg 200w, https:\/\/ibomberdefense.standardof.net\/wp-content\/uploads\/sites\/5\/2020\/10\/iBomber-Defense-Level-11-North-East-Europe-Heart-of-Oak-4-768x432.jpg 768w, https:\/\/ibomberdefense.standardof.net\/wp-content\/uploads\/sites\/5\/2020\/10\/iBomber-Defense-Level-11-North-East-Europe-Heart-of-Oak-4-16x9.jpg 16w, https:\/\/ibomberdefense.standardof.net\/wp-content\/uploads\/sites\/5\/2020\/10\/iBomber-Defense-Level-11-North-East-Europe-Heart-of-Oak-4.jpg 1280w\" sizes=\"(max-width: 800px) 100vw, 800px\" \/><\/a><figcaption class=\"blocks-gallery-item__caption\">Colocaci\u00f3n de la torreta Wave 30.<\/figcaption><\/figure><\/li><li class=\"blocks-gallery-item\"><figure><a href=\"https:\/\/ibomberdefense.standardof.net\/es\/guide\/campana-aliada\/11-noreste-europa-corazon-de-roble\/ibomber-defense-level-11-north-east-europe-heart-of-oak-5\/\"><img decoding=\"async\" width=\"800\" height=\"450\" src=\"https:\/\/ibomberdefense.standardof.net\/wp-content\/uploads\/sites\/5\/2020\/10\/iBomber-Defense-Level-11-North-East-Europe-Heart-of-Oak-5-800x450.jpg\" alt=\"&quot;iBomber Defense&quot; - Nivel 11 - Noreste de Europa: Heart of Oak (5)\" data-id=\"60\" data-full-url=\"https:\/\/ibomberdefense.standardof.net\/wp-content\/uploads\/sites\/5\/2020\/10\/iBomber-Defense-Level-11-North-East-Europe-Heart-of-Oak-5.jpg\" data-link=\"https:\/\/ibomberdefense.standardof.net\/guide\/allied-campaign\/11-north-east-europe-heart-of-oak\/ibomber-defense-level-11-north-east-europe-heart-of-oak-5\/\" class=\"wp-image-60\" title=\"\" srcset=\"https:\/\/ibomberdefense.standardof.net\/wp-content\/uploads\/sites\/5\/2020\/10\/iBomber-Defense-Level-11-North-East-Europe-Heart-of-Oak-5-800x450.jpg 800w, https:\/\/ibomberdefense.standardof.net\/wp-content\/uploads\/sites\/5\/2020\/10\/iBomber-Defense-Level-11-North-East-Europe-Heart-of-Oak-5-512x288.jpg 512w, https:\/\/ibomberdefense.standardof.net\/wp-content\/uploads\/sites\/5\/2020\/10\/iBomber-Defense-Level-11-North-East-Europe-Heart-of-Oak-5-200x113.jpg 200w, https:\/\/ibomberdefense.standardof.net\/wp-content\/uploads\/sites\/5\/2020\/10\/iBomber-Defense-Level-11-North-East-Europe-Heart-of-Oak-5-768x432.jpg 768w, https:\/\/ibomberdefense.standardof.net\/wp-content\/uploads\/sites\/5\/2020\/10\/iBomber-Defense-Level-11-North-East-Europe-Heart-of-Oak-5-16x9.jpg 16w, https:\/\/ibomberdefense.standardof.net\/wp-content\/uploads\/sites\/5\/2020\/10\/iBomber-Defense-Level-11-North-East-Europe-Heart-of-Oak-5.jpg 1280w\" sizes=\"(max-width: 800px) 100vw, 800px\" \/><\/a><figcaption class=\"blocks-gallery-item__caption\">Colocaci\u00f3n de la torreta Wave 40.<\/figcaption><\/figure><\/li><\/ul><\/figure>\n\n\n\n<hr class=\"wp-block-separator\"\/>\n\n\n\n<h4 class=\"has-text-align-center wp-block-heading\">Gu\u00eda de video<\/h4>\n\n\n\n<figure class=\"wp-block-embed-youtube wp-block-embed is-type-video is-provider-youtube wp-embed-aspect-16-9 wp-has-aspect-ratio\"><div class=\"wp-block-embed__wrapper\">\n<div class=\"ast-oembed-container\" style=\"height: 100%;\"><iframe title=\"iBomber Defense - Noreste de Europa - Heart of Oak - Veterano + Perfecto\" width=\"500\" height=\"281\" src=\"https:\/\/www.youtube.com\/embed\/8mlxvN6yhaY?feature=oembed\" frameborder=\"0\" allow=\"accelerometer; autoplay; clipboard-write; encrypted-media; gyroscope; picture-in-picture; web-share\" referrerpolicy=\"strict-origin-when-cross-origin\" allowfullscreen><\/iframe><\/div>\n<\/div><\/figure>","protected":false},"excerpt":{"rendered":"<p>The North East Europe level of the Allied campaign in iBomber Defense takes us back to the green forested lands to defend a base that has 8 different routes of attack, not including the route traveled by air units towards your base. Turret placement begins to get a little tricky in this level as so [&hellip;]<\/p>","protected":false},"author":1,"featured_media":60,"parent":266,"menu_order":11,"comment_status":"open","ping_status":"closed","template":"","meta":{"_uag_custom_page_level_css":"","site-sidebar-layout":"default","site-content-layout":"default","ast-site-content-layout":"","site-content-style":"default","site-sidebar-style":"default","ast-global-header-display":"","ast-banner-title-visibility":"","ast-main-header-display":"","ast-hfb-above-header-display":"","ast-hfb-below-header-display":"","ast-hfb-mobile-header-display":"","site-post-title":"","ast-breadcrumbs-content":"","ast-featured-img":"","footer-sml-layout":"","theme-transparent-header-meta":"default","adv-header-id-meta":"","stick-header-meta":"","header-above-stick-meta":"","header-main-stick-meta":"","header-below-stick-meta":"","astra-migrate-meta-layouts":"default","ast-page-background-enabled":"default","ast-page-background-meta":{"desktop":{"background-color":"","background-image":"","background-repeat":"repeat","background-position":"center center","background-size":"auto","background-attachment":"scroll","background-type":"","background-media":"","overlay-type":"","overlay-color":"","overlay-gradient":""},"tablet":{"background-color":"","background-image":"","background-repeat":"repeat","background-position":"center center","background-size":"auto","background-attachment":"scroll","background-type":"","background-media":"","overlay-type":"","overlay-color":"","overlay-gradient":""},"mobile":{"background-color":"","background-image":"","background-repeat":"repeat","background-position":"center center","background-size":"auto","background-attachment":"scroll","background-type":"","background-media":"","overlay-type":"","overlay-color":"","overlay-gradient":""}},"ast-content-background-meta":{"desktop":{"background-color":"var(--ast-global-color-5)","background-image":"","background-repeat":"repeat","background-position":"center center","background-size":"auto","background-attachment":"scroll","background-type":"","background-media":"","overlay-type":"","overlay-color":"","overlay-gradient":""},"tablet":{"background-color":"var(--ast-global-color-5)","background-image":"","background-repeat":"repeat","background-position":"center center","background-size":"auto","background-attachment":"scroll","background-type":"","background-media":"","overlay-type":"","overlay-color":"","overlay-gradient":""},"mobile":{"background-color":"var(--ast-global-color-5)","background-image":"","background-repeat":"repeat","background-position":"center center","background-size":"auto","background-attachment":"scroll","background-type":"","background-media":"","overlay-type":"","overlay-color":"","overlay-gradient":""}},"footnotes":""},"uagb_featured_image_src":{"full":["https:\/\/ibomberdefense.standardof.net\/wp-content\/uploads\/sites\/5\/2020\/10\/iBomber-Defense-Level-11-North-East-Europe-Heart-of-Oak-5.jpg",1280,720,false],"thumbnail":["https:\/\/ibomberdefense.standardof.net\/wp-content\/uploads\/sites\/5\/2020\/10\/iBomber-Defense-Level-11-North-East-Europe-Heart-of-Oak-5-200x113.jpg",200,113,true],"medium":["https:\/\/ibomberdefense.standardof.net\/wp-content\/uploads\/sites\/5\/2020\/10\/iBomber-Defense-Level-11-North-East-Europe-Heart-of-Oak-5-512x288.jpg",512,288,true],"medium_large":["https:\/\/ibomberdefense.standardof.net\/wp-content\/uploads\/sites\/5\/2020\/10\/iBomber-Defense-Level-11-North-East-Europe-Heart-of-Oak-5-768x432.jpg",768,432,true],"large":["https:\/\/ibomberdefense.standardof.net\/wp-content\/uploads\/sites\/5\/2020\/10\/iBomber-Defense-Level-11-North-East-Europe-Heart-of-Oak-5-800x450.jpg",800,450,true],"1536x1536":["https:\/\/ibomberdefense.standardof.net\/wp-content\/uploads\/sites\/5\/2020\/10\/iBomber-Defense-Level-11-North-East-Europe-Heart-of-Oak-5.jpg",1280,720,false],"2048x2048":["https:\/\/ibomberdefense.standardof.net\/wp-content\/uploads\/sites\/5\/2020\/10\/iBomber-Defense-Level-11-North-East-Europe-Heart-of-Oak-5.jpg",1280,720,false],"trp-custom-language-flag":["https:\/\/ibomberdefense.standardof.net\/wp-content\/uploads\/sites\/5\/2020\/10\/iBomber-Defense-Level-11-North-East-Europe-Heart-of-Oak-5-16x9.jpg",16,9,true]},"uagb_author_info":{"display_name":"SOE","author_link":"https:\/\/ibomberdefense.standardof.net\/es\/author\/k-tastic\/"},"uagb_comment_info":0,"uagb_excerpt":"The North East Europe level of the Allied campaign in iBomber Defense takes us back to the green forested lands to defend a base that has 8 different routes of attack, not including the route traveled by air units towards your base. Turret placement begins to get a little tricky in this level as so&hellip;","_links":{"self":[{"href":"https:\/\/ibomberdefense.standardof.net\/es\/wp-json\/wp\/v2\/pages\/301"}],"collection":[{"href":"https:\/\/ibomberdefense.standardof.net\/es\/wp-json\/wp\/v2\/pages"}],"about":[{"href":"https:\/\/ibomberdefense.standardof.net\/es\/wp-json\/wp\/v2\/types\/page"}],"author":[{"embeddable":true,"href":"https:\/\/ibomberdefense.standardof.net\/es\/wp-json\/wp\/v2\/users\/1"}],"replies":[{"embeddable":true,"href":"https:\/\/ibomberdefense.standardof.net\/es\/wp-json\/wp\/v2\/comments?post=301"}],"version-history":[{"count":0,"href":"https:\/\/ibomberdefense.standardof.net\/es\/wp-json\/wp\/v2\/pages\/301\/revisions"}],"up":[{"embeddable":true,"href":"https:\/\/ibomberdefense.standardof.net\/es\/wp-json\/wp\/v2\/pages\/266"}],"wp:featuredmedia":[{"embeddable":true,"href":"https:\/\/ibomberdefense.standardof.net\/es\/wp-json\/wp\/v2\/media\/60"}],"wp:attachment":[{"href":"https:\/\/ibomberdefense.standardof.net\/es\/wp-json\/wp\/v2\/media?parent=301"}],"curies":[{"name":"wp","href":"https:\/\/api.w.org\/{rel}","templated":true}]}}