{"id":302,"date":"2020-10-19T06:26:41","date_gmt":"2020-10-19T06:26:41","guid":{"rendered":"https:\/\/ibomberdefense.standardof.net\/?page_id=302"},"modified":"2020-10-19T08:06:32","modified_gmt":"2020-10-19T08:06:32","slug":"12-northern-europe-firestorm","status":"publish","type":"page","link":"https:\/\/ibomberdefense.standardof.net\/es\/guide\/campana-aliada\/12-tormenta-de-fuego-del-norte-de-europa\/","title":{"rendered":"12. Norte de Europa: Tormenta de fuego"},"content":{"rendered":"<div class=\"wp-block-image\"><figure class=\"aligncenter size-large\"><a href=\"https:\/\/ibomberdefense.standardof.net\/es\/guide\/campana-aliada\/12-tormenta-de-fuego-del-norte-de-europa\/ibomber-defense-level-12-northern-europe-firestorm-1\/\"><img decoding=\"async\" width=\"800\" height=\"450\" src=\"https:\/\/ibomberdefense.standardof.net\/wp-content\/uploads\/sites\/5\/2020\/10\/iBomber-Defense-Level-12-Northern-Europe-Firestorm-1-800x450.jpg\" alt=\"&quot;iBomber Defense&quot; - Nivel 12 - Norte de Europa: Tormenta de fuego (1)\" class=\"wp-image-61\" title=\"\" srcset=\"https:\/\/ibomberdefense.standardof.net\/wp-content\/uploads\/sites\/5\/2020\/10\/iBomber-Defense-Level-12-Northern-Europe-Firestorm-1-800x450.jpg 800w, https:\/\/ibomberdefense.standardof.net\/wp-content\/uploads\/sites\/5\/2020\/10\/iBomber-Defense-Level-12-Northern-Europe-Firestorm-1-512x288.jpg 512w, https:\/\/ibomberdefense.standardof.net\/wp-content\/uploads\/sites\/5\/2020\/10\/iBomber-Defense-Level-12-Northern-Europe-Firestorm-1-200x113.jpg 200w, https:\/\/ibomberdefense.standardof.net\/wp-content\/uploads\/sites\/5\/2020\/10\/iBomber-Defense-Level-12-Northern-Europe-Firestorm-1-768x432.jpg 768w, https:\/\/ibomberdefense.standardof.net\/wp-content\/uploads\/sites\/5\/2020\/10\/iBomber-Defense-Level-12-Northern-Europe-Firestorm-1-16x9.jpg 16w, https:\/\/ibomberdefense.standardof.net\/wp-content\/uploads\/sites\/5\/2020\/10\/iBomber-Defense-Level-12-Northern-Europe-Firestorm-1.jpg 1280w\" sizes=\"(max-width: 800px) 100vw, 800px\" \/><\/a><figcaption>Las numerosas rutas que siguen los buques de guerra en el norte de Europa, con la excepci\u00f3n de la ruta celeste que recorren los aviones. Las flechas se dejan afuera para reducir el desorden, pero todo se mueve de oeste a este.<\/figcaption><\/figure><\/div>\n\n\n\n<p>El norte de Europa nos lleva de regreso a las aguas heladas para repeler a 50 oleadas masivas de embarcaciones navales en lo que es posiblemente el mapa m\u00e1s complicado hasta ahora cuando se trata de predecir la ruta que tomar\u00e1 tu enemigo. Dado que este mapa es una serie de islas por las que atraviesan los barcos, ser\u00e1 importante tener un amplio rango de cobertura para manejar al enemigo.<\/p>\n\n\n\n<p>Las aeronaves comienzan a aparecer como lo han hecho en el pasado, en la oleada 20, pero en su mayor parte su enfoque estar\u00e1 en ensuciar las islas central y derecha con tantas torretas de ca\u00f1ones de nivel 3 como sea posible, todas reforzadas con torres de comunicaci\u00f3n con el ocasional Anti Torreta de aire y solo una salpicadura de torretas de ametralladora en algunas de las curvas en el camino de los enemigos.<\/p>\n\n\n\n<h3 class=\"wp-block-heading\"><strong>Colocaci\u00f3n de la torreta<\/strong><\/h3>\n\n\n\n<figure class=\"wp-block-gallery columns-2 is-cropped wp-block-gallery-1 is-layout-flex wp-block-gallery-is-layout-flex\"><ul class=\"blocks-gallery-grid\"><li class=\"blocks-gallery-item\"><figure><a href=\"https:\/\/ibomberdefense.standardof.net\/es\/guide\/campana-aliada\/12-tormenta-de-fuego-del-norte-de-europa\/ibomber-defense-level-12-northern-europe-firestorm-2\/\"><img decoding=\"async\" width=\"800\" height=\"450\" src=\"https:\/\/ibomberdefense.standardof.net\/wp-content\/uploads\/sites\/5\/2020\/10\/iBomber-Defense-Level-12-Northern-Europe-Firestorm-2-800x450.jpg\" alt=\"&quot;iBomber Defense&quot; - Nivel 12 - Norte de Europa: Tormenta de fuego (2)\" data-id=\"62\" data-full-url=\"https:\/\/ibomberdefense.standardof.net\/wp-content\/uploads\/sites\/5\/2020\/10\/iBomber-Defense-Level-12-Northern-Europe-Firestorm-2.jpg\" data-link=\"https:\/\/ibomberdefense.standardof.net\/guide\/allied-campaign\/12-northern-europe-firestorm\/ibomber-defense-level-12-northern-europe-firestorm-2\/\" class=\"wp-image-62\" title=\"\" srcset=\"https:\/\/ibomberdefense.standardof.net\/wp-content\/uploads\/sites\/5\/2020\/10\/iBomber-Defense-Level-12-Northern-Europe-Firestorm-2-800x450.jpg 800w, https:\/\/ibomberdefense.standardof.net\/wp-content\/uploads\/sites\/5\/2020\/10\/iBomber-Defense-Level-12-Northern-Europe-Firestorm-2-512x288.jpg 512w, https:\/\/ibomberdefense.standardof.net\/wp-content\/uploads\/sites\/5\/2020\/10\/iBomber-Defense-Level-12-Northern-Europe-Firestorm-2-200x113.jpg 200w, https:\/\/ibomberdefense.standardof.net\/wp-content\/uploads\/sites\/5\/2020\/10\/iBomber-Defense-Level-12-Northern-Europe-Firestorm-2-768x432.jpg 768w, https:\/\/ibomberdefense.standardof.net\/wp-content\/uploads\/sites\/5\/2020\/10\/iBomber-Defense-Level-12-Northern-Europe-Firestorm-2-16x9.jpg 16w, https:\/\/ibomberdefense.standardof.net\/wp-content\/uploads\/sites\/5\/2020\/10\/iBomber-Defense-Level-12-Northern-Europe-Firestorm-2.jpg 1280w\" sizes=\"(max-width: 800px) 100vw, 800px\" \/><\/a><figcaption class=\"blocks-gallery-item__caption\">Ubicaci\u00f3n de la torreta Wave 10 en el nivel de &quot;iBomber Defense&quot; del norte de Europa.<\/figcaption><\/figure><\/li><li class=\"blocks-gallery-item\"><figure><a href=\"https:\/\/ibomberdefense.standardof.net\/es\/guide\/campana-aliada\/12-tormenta-de-fuego-del-norte-de-europa\/ibomber-defense-level-12-northern-europe-firestorm-3\/\"><img decoding=\"async\" width=\"800\" height=\"450\" src=\"https:\/\/ibomberdefense.standardof.net\/wp-content\/uploads\/sites\/5\/2020\/10\/iBomber-Defense-Level-12-Northern-Europe-Firestorm-3-800x450.jpg\" alt=\"&quot;iBomber Defense&quot; - Nivel 12 - Norte de Europa: Tormenta de fuego (3)\" data-id=\"63\" data-full-url=\"https:\/\/ibomberdefense.standardof.net\/wp-content\/uploads\/sites\/5\/2020\/10\/iBomber-Defense-Level-12-Northern-Europe-Firestorm-3.jpg\" data-link=\"https:\/\/ibomberdefense.standardof.net\/guide\/allied-campaign\/12-northern-europe-firestorm\/ibomber-defense-level-12-northern-europe-firestorm-3\/\" class=\"wp-image-63\" title=\"\" srcset=\"https:\/\/ibomberdefense.standardof.net\/wp-content\/uploads\/sites\/5\/2020\/10\/iBomber-Defense-Level-12-Northern-Europe-Firestorm-3-800x450.jpg 800w, https:\/\/ibomberdefense.standardof.net\/wp-content\/uploads\/sites\/5\/2020\/10\/iBomber-Defense-Level-12-Northern-Europe-Firestorm-3-512x288.jpg 512w, https:\/\/ibomberdefense.standardof.net\/wp-content\/uploads\/sites\/5\/2020\/10\/iBomber-Defense-Level-12-Northern-Europe-Firestorm-3-200x113.jpg 200w, https:\/\/ibomberdefense.standardof.net\/wp-content\/uploads\/sites\/5\/2020\/10\/iBomber-Defense-Level-12-Northern-Europe-Firestorm-3-768x432.jpg 768w, https:\/\/ibomberdefense.standardof.net\/wp-content\/uploads\/sites\/5\/2020\/10\/iBomber-Defense-Level-12-Northern-Europe-Firestorm-3-16x9.jpg 16w, https:\/\/ibomberdefense.standardof.net\/wp-content\/uploads\/sites\/5\/2020\/10\/iBomber-Defense-Level-12-Northern-Europe-Firestorm-3.jpg 1280w\" sizes=\"(max-width: 800px) 100vw, 800px\" \/><\/a><figcaption class=\"blocks-gallery-item__caption\">Colocaci\u00f3n de la torreta Wave 20.<\/figcaption><\/figure><\/li><\/ul><\/figure>\n\n\n\n<p>Desde el ascenso hacia la ola diez, querr\u00e1s enfocarte como de costumbre, en las torretas de Ametralladora, colocando cuatro de ellas, una en cada una de las diversas curvas que hacen los buques de guerra en su camino. Esto se ve mejor en las im\u00e1genes de la derecha (miniatura #2).<\/p>\n\n\n\n<p>El camino hacia la ola 20 deber\u00eda estar pavimentado con la mejora de algunas de esas torretas de ametralladoras mientras se construye una sola torreta AA en el centro de la isla m\u00e1s grande mientras se cubre la peque\u00f1a isla derecha llena de torretas impulsadas por una torre de comunicaci\u00f3n. Los ca\u00f1ones ser\u00e1n tu edificio preferido de aqu\u00ed en adelante.<\/p>\n\n\n\n<p>A medida que avanza desde el nivel 20 hasta el nivel treinta, dedique este tiempo a acumular inter\u00e9s mientras mejora las torretas en su peque\u00f1a isla derecha mientras comienza el desarrollo en la gran central. Wave 30 en s\u00ed tambi\u00e9n deber\u00eda significar tener 2 torres de comunicaciones de nivel 3 que le otorgan dinero extra con cada ronda que pasa.<\/p>\n\n\n\n<p>Continuando hasta la ola cuarenta, realmente deber\u00eda estar rastrillando la masa despu\u00e9s de colocar una tercera torre de comunicaciones para proporcionar cobertura para las torretas colocadas en la isla central mientras actualiza las tres torres a su nivel de actualizaci\u00f3n m\u00e1s alto. Usa los abrumadores fondos para hacer que toda la isla central se cubra de ca\u00f1ones, excepto por las comunicaciones de impulso y dos torretas antia\u00e9reas en el nivel 3. A medida que te diriges hacia el nivel 50, el enfoque cambiar\u00e1 a subir el bastidor de ca\u00f1ones que se ve en la imagen de la ola 40. al nivel 3, proporcionando una pared literal de proyectiles pesados para hacer a\u00f1icos los buques de guerra.<\/p>\n\n\n\n<figure class=\"wp-block-gallery columns-2 is-cropped wp-block-gallery-2 is-layout-flex wp-block-gallery-is-layout-flex\"><ul class=\"blocks-gallery-grid\"><li class=\"blocks-gallery-item\"><figure><a href=\"https:\/\/ibomberdefense.standardof.net\/es\/guide\/campana-aliada\/12-tormenta-de-fuego-del-norte-de-europa\/ibomber-defense-level-12-northern-europe-firestorm-4\/\"><img decoding=\"async\" width=\"800\" height=\"450\" src=\"https:\/\/ibomberdefense.standardof.net\/wp-content\/uploads\/sites\/5\/2020\/10\/iBomber-Defense-Level-12-Northern-Europe-Firestorm-4-800x450.jpg\" alt=\"&quot;iBomber Defense&quot; - Nivel 12 - Norte de Europa: Tormenta de fuego (4)\" data-id=\"64\" data-full-url=\"https:\/\/ibomberdefense.standardof.net\/wp-content\/uploads\/sites\/5\/2020\/10\/iBomber-Defense-Level-12-Northern-Europe-Firestorm-4.jpg\" data-link=\"https:\/\/ibomberdefense.standardof.net\/guide\/allied-campaign\/12-northern-europe-firestorm\/ibomber-defense-level-12-northern-europe-firestorm-4\/\" class=\"wp-image-64\" title=\"\" srcset=\"https:\/\/ibomberdefense.standardof.net\/wp-content\/uploads\/sites\/5\/2020\/10\/iBomber-Defense-Level-12-Northern-Europe-Firestorm-4-800x450.jpg 800w, https:\/\/ibomberdefense.standardof.net\/wp-content\/uploads\/sites\/5\/2020\/10\/iBomber-Defense-Level-12-Northern-Europe-Firestorm-4-512x288.jpg 512w, https:\/\/ibomberdefense.standardof.net\/wp-content\/uploads\/sites\/5\/2020\/10\/iBomber-Defense-Level-12-Northern-Europe-Firestorm-4-200x113.jpg 200w, https:\/\/ibomberdefense.standardof.net\/wp-content\/uploads\/sites\/5\/2020\/10\/iBomber-Defense-Level-12-Northern-Europe-Firestorm-4-768x432.jpg 768w, https:\/\/ibomberdefense.standardof.net\/wp-content\/uploads\/sites\/5\/2020\/10\/iBomber-Defense-Level-12-Northern-Europe-Firestorm-4-16x9.jpg 16w, https:\/\/ibomberdefense.standardof.net\/wp-content\/uploads\/sites\/5\/2020\/10\/iBomber-Defense-Level-12-Northern-Europe-Firestorm-4.jpg 1280w\" sizes=\"(max-width: 800px) 100vw, 800px\" \/><\/a><figcaption class=\"blocks-gallery-item__caption\">Colocaci\u00f3n de la torreta Wave 30.<\/figcaption><\/figure><\/li><li class=\"blocks-gallery-item\"><figure><a href=\"https:\/\/ibomberdefense.standardof.net\/es\/guide\/campana-aliada\/12-tormenta-de-fuego-del-norte-de-europa\/ibomber-defense-level-12-northern-europe-firestorm-5\/\"><img decoding=\"async\" width=\"800\" height=\"450\" src=\"https:\/\/ibomberdefense.standardof.net\/wp-content\/uploads\/sites\/5\/2020\/10\/iBomber-Defense-Level-12-Northern-Europe-Firestorm-5-800x450.jpg\" alt=\"&quot;iBomber Defense&quot; - Nivel 12 - Norte de Europa: Tormenta de fuego (5)\" data-id=\"65\" data-full-url=\"https:\/\/ibomberdefense.standardof.net\/wp-content\/uploads\/sites\/5\/2020\/10\/iBomber-Defense-Level-12-Northern-Europe-Firestorm-5.jpg\" data-link=\"https:\/\/ibomberdefense.standardof.net\/guide\/allied-campaign\/12-northern-europe-firestorm\/ibomber-defense-level-12-northern-europe-firestorm-5\/\" class=\"wp-image-65\" title=\"\" srcset=\"https:\/\/ibomberdefense.standardof.net\/wp-content\/uploads\/sites\/5\/2020\/10\/iBomber-Defense-Level-12-Northern-Europe-Firestorm-5-800x450.jpg 800w, https:\/\/ibomberdefense.standardof.net\/wp-content\/uploads\/sites\/5\/2020\/10\/iBomber-Defense-Level-12-Northern-Europe-Firestorm-5-512x288.jpg 512w, https:\/\/ibomberdefense.standardof.net\/wp-content\/uploads\/sites\/5\/2020\/10\/iBomber-Defense-Level-12-Northern-Europe-Firestorm-5-200x113.jpg 200w, https:\/\/ibomberdefense.standardof.net\/wp-content\/uploads\/sites\/5\/2020\/10\/iBomber-Defense-Level-12-Northern-Europe-Firestorm-5-768x432.jpg 768w, https:\/\/ibomberdefense.standardof.net\/wp-content\/uploads\/sites\/5\/2020\/10\/iBomber-Defense-Level-12-Northern-Europe-Firestorm-5-16x9.jpg 16w, https:\/\/ibomberdefense.standardof.net\/wp-content\/uploads\/sites\/5\/2020\/10\/iBomber-Defense-Level-12-Northern-Europe-Firestorm-5.jpg 1280w\" sizes=\"(max-width: 800px) 100vw, 800px\" \/><\/a><figcaption class=\"blocks-gallery-item__caption\">Ubicaci\u00f3n de la torreta Wave 40 en el nivel de &quot;iBomber Defense&quot; del norte de Europa.<\/figcaption><\/figure><\/li><li class=\"blocks-gallery-item\"><figure><a href=\"https:\/\/ibomberdefense.standardof.net\/es\/guide\/campana-aliada\/12-tormenta-de-fuego-del-norte-de-europa\/ibomber-defense-level-12-northern-europe-firestorm-6\/\"><img decoding=\"async\" width=\"800\" height=\"450\" src=\"https:\/\/ibomberdefense.standardof.net\/wp-content\/uploads\/sites\/5\/2020\/10\/iBomber-Defense-Level-12-Northern-Europe-Firestorm-6-800x450.jpg\" alt=\"&quot;iBomber Defense&quot; - Nivel 12 - Norte de Europa: Tormenta de fuego (6)\" data-id=\"66\" data-full-url=\"https:\/\/ibomberdefense.standardof.net\/wp-content\/uploads\/sites\/5\/2020\/10\/iBomber-Defense-Level-12-Northern-Europe-Firestorm-6.jpg\" data-link=\"https:\/\/ibomberdefense.standardof.net\/guide\/allied-campaign\/12-northern-europe-firestorm\/ibomber-defense-level-12-northern-europe-firestorm-6\/\" class=\"wp-image-66\" title=\"\" srcset=\"https:\/\/ibomberdefense.standardof.net\/wp-content\/uploads\/sites\/5\/2020\/10\/iBomber-Defense-Level-12-Northern-Europe-Firestorm-6-800x450.jpg 800w, https:\/\/ibomberdefense.standardof.net\/wp-content\/uploads\/sites\/5\/2020\/10\/iBomber-Defense-Level-12-Northern-Europe-Firestorm-6-512x288.jpg 512w, https:\/\/ibomberdefense.standardof.net\/wp-content\/uploads\/sites\/5\/2020\/10\/iBomber-Defense-Level-12-Northern-Europe-Firestorm-6-200x113.jpg 200w, https:\/\/ibomberdefense.standardof.net\/wp-content\/uploads\/sites\/5\/2020\/10\/iBomber-Defense-Level-12-Northern-Europe-Firestorm-6-768x432.jpg 768w, https:\/\/ibomberdefense.standardof.net\/wp-content\/uploads\/sites\/5\/2020\/10\/iBomber-Defense-Level-12-Northern-Europe-Firestorm-6-16x9.jpg 16w, https:\/\/ibomberdefense.standardof.net\/wp-content\/uploads\/sites\/5\/2020\/10\/iBomber-Defense-Level-12-Northern-Europe-Firestorm-6.jpg 1280w\" sizes=\"(max-width: 800px) 100vw, 800px\" \/><\/a><figcaption class=\"blocks-gallery-item__caption\">Ubicaci\u00f3n de la torreta Wave 50 en el nivel del norte de Europa de &quot;iBomber Defense&quot;.<\/figcaption><\/figure><\/li><\/ul><\/figure>\n\n\n\n<hr class=\"wp-block-separator\"\/>\n\n\n\n<h4 class=\"has-text-align-center wp-block-heading\">Gu\u00eda de video<\/h4>\n\n\n\n<figure class=\"wp-block-embed-youtube wp-block-embed is-type-video is-provider-youtube wp-embed-aspect-16-9 wp-has-aspect-ratio\"><div class=\"wp-block-embed__wrapper\">\n<div class=\"ast-oembed-container\" style=\"height: 100%;\"><iframe title=\"iBomber Defense - Norte de Europa - Firestorm - Veterano + Perfecto\" width=\"500\" height=\"281\" src=\"https:\/\/www.youtube.com\/embed\/kwe8sJlFnhk?feature=oembed\" frameborder=\"0\" allow=\"accelerometer; autoplay; clipboard-write; encrypted-media; gyroscope; picture-in-picture; web-share\" referrerpolicy=\"strict-origin-when-cross-origin\" allowfullscreen><\/iframe><\/div>\n<\/div><\/figure>","protected":false},"excerpt":{"rendered":"<p>Northern Europe takes us back to the icy waters in order to fend off a massive 50 waves of naval vessels in what is quite possibly the most complicated map so far when it comes to predicting the route your enemy will take. Since this map is a series of island through which the ships [&hellip;]<\/p>","protected":false},"author":1,"featured_media":66,"parent":266,"menu_order":12,"comment_status":"open","ping_status":"closed","template":"","meta":{"_uag_custom_page_level_css":"","site-sidebar-layout":"default","site-content-layout":"default","ast-site-content-layout":"","site-content-style":"default","site-sidebar-style":"default","ast-global-header-display":"","ast-banner-title-visibility":"","ast-main-header-display":"","ast-hfb-above-header-display":"","ast-hfb-below-header-display":"","ast-hfb-mobile-header-display":"","site-post-title":"","ast-breadcrumbs-content":"","ast-featured-img":"","footer-sml-layout":"","theme-transparent-header-meta":"default","adv-header-id-meta":"","stick-header-meta":"","header-above-stick-meta":"","header-main-stick-meta":"","header-below-stick-meta":"","astra-migrate-meta-layouts":"default","ast-page-background-enabled":"default","ast-page-background-meta":{"desktop":{"background-color":"","background-image":"","background-repeat":"repeat","background-position":"center center","background-size":"auto","background-attachment":"scroll","background-type":"","background-media":"","overlay-type":"","overlay-color":"","overlay-gradient":""},"tablet":{"background-color":"","background-image":"","background-repeat":"repeat","background-position":"center center","background-size":"auto","background-attachment":"scroll","background-type":"","background-media":"","overlay-type":"","overlay-color":"","overlay-gradient":""},"mobile":{"background-color":"","background-image":"","background-repeat":"repeat","background-position":"center center","background-size":"auto","background-attachment":"scroll","background-type":"","background-media":"","overlay-type":"","overlay-color":"","overlay-gradient":""}},"ast-content-background-meta":{"desktop":{"background-color":"var(--ast-global-color-5)","background-image":"","background-repeat":"repeat","background-position":"center center","background-size":"auto","background-attachment":"scroll","background-type":"","background-media":"","overlay-type":"","overlay-color":"","overlay-gradient":""},"tablet":{"background-color":"var(--ast-global-color-5)","background-image":"","background-repeat":"repeat","background-position":"center center","background-size":"auto","background-attachment":"scroll","background-type":"","background-media":"","overlay-type":"","overlay-color":"","overlay-gradient":""},"mobile":{"background-color":"var(--ast-global-color-5)","background-image":"","background-repeat":"repeat","background-position":"center center","background-size":"auto","background-attachment":"scroll","background-type":"","background-media":"","overlay-type":"","overlay-color":"","overlay-gradient":""}},"footnotes":""},"uagb_featured_image_src":{"full":["https:\/\/ibomberdefense.standardof.net\/wp-content\/uploads\/sites\/5\/2020\/10\/iBomber-Defense-Level-12-Northern-Europe-Firestorm-6.jpg",1280,720,false],"thumbnail":["https:\/\/ibomberdefense.standardof.net\/wp-content\/uploads\/sites\/5\/2020\/10\/iBomber-Defense-Level-12-Northern-Europe-Firestorm-6-200x113.jpg",200,113,true],"medium":["https:\/\/ibomberdefense.standardof.net\/wp-content\/uploads\/sites\/5\/2020\/10\/iBomber-Defense-Level-12-Northern-Europe-Firestorm-6-512x288.jpg",512,288,true],"medium_large":["https:\/\/ibomberdefense.standardof.net\/wp-content\/uploads\/sites\/5\/2020\/10\/iBomber-Defense-Level-12-Northern-Europe-Firestorm-6-768x432.jpg",768,432,true],"large":["https:\/\/ibomberdefense.standardof.net\/wp-content\/uploads\/sites\/5\/2020\/10\/iBomber-Defense-Level-12-Northern-Europe-Firestorm-6-800x450.jpg",800,450,true],"1536x1536":["https:\/\/ibomberdefense.standardof.net\/wp-content\/uploads\/sites\/5\/2020\/10\/iBomber-Defense-Level-12-Northern-Europe-Firestorm-6.jpg",1280,720,false],"2048x2048":["https:\/\/ibomberdefense.standardof.net\/wp-content\/uploads\/sites\/5\/2020\/10\/iBomber-Defense-Level-12-Northern-Europe-Firestorm-6.jpg",1280,720,false],"trp-custom-language-flag":["https:\/\/ibomberdefense.standardof.net\/wp-content\/uploads\/sites\/5\/2020\/10\/iBomber-Defense-Level-12-Northern-Europe-Firestorm-6-16x9.jpg",16,9,true]},"uagb_author_info":{"display_name":"SOE","author_link":"https:\/\/ibomberdefense.standardof.net\/es\/author\/k-tastic\/"},"uagb_comment_info":0,"uagb_excerpt":"Northern Europe takes us back to the icy waters in order to fend off a massive 50 waves of naval vessels in what is quite possibly the most complicated map so far when it comes to predicting the route your enemy will take. Since this map is a series of island through which the ships&hellip;","_links":{"self":[{"href":"https:\/\/ibomberdefense.standardof.net\/es\/wp-json\/wp\/v2\/pages\/302"}],"collection":[{"href":"https:\/\/ibomberdefense.standardof.net\/es\/wp-json\/wp\/v2\/pages"}],"about":[{"href":"https:\/\/ibomberdefense.standardof.net\/es\/wp-json\/wp\/v2\/types\/page"}],"author":[{"embeddable":true,"href":"https:\/\/ibomberdefense.standardof.net\/es\/wp-json\/wp\/v2\/users\/1"}],"replies":[{"embeddable":true,"href":"https:\/\/ibomberdefense.standardof.net\/es\/wp-json\/wp\/v2\/comments?post=302"}],"version-history":[{"count":0,"href":"https:\/\/ibomberdefense.standardof.net\/es\/wp-json\/wp\/v2\/pages\/302\/revisions"}],"up":[{"embeddable":true,"href":"https:\/\/ibomberdefense.standardof.net\/es\/wp-json\/wp\/v2\/pages\/266"}],"wp:featuredmedia":[{"embeddable":true,"href":"https:\/\/ibomberdefense.standardof.net\/es\/wp-json\/wp\/v2\/media\/66"}],"wp:attachment":[{"href":"https:\/\/ibomberdefense.standardof.net\/es\/wp-json\/wp\/v2\/media?parent=302"}],"curies":[{"name":"wp","href":"https:\/\/api.w.org\/{rel}","templated":true}]}}