{"id":304,"date":"2020-10-19T06:27:16","date_gmt":"2020-10-19T06:27:16","guid":{"rendered":"https:\/\/ibomberdefense.standardof.net\/?page_id=304"},"modified":"2020-10-19T08:06:40","modified_gmt":"2020-10-19T08:06:40","slug":"14-germany-the-final-fight","status":"publish","type":"page","link":"https:\/\/ibomberdefense.standardof.net\/es\/guide\/campana-aliada\/14-alemania-la-pelea-final\/","title":{"rendered":"14. Alemania: la lucha final"},"content":{"rendered":"<div class=\"wp-block-image\"><figure class=\"aligncenter size-large\"><a href=\"https:\/\/ibomberdefense.standardof.net\/es\/guide\/campana-aliada\/14-alemania-la-pelea-final\/ibomber-defense-level-14-germany-the-final-fight-1\/\"><img decoding=\"async\" width=\"800\" height=\"450\" src=\"https:\/\/ibomberdefense.standardof.net\/wp-content\/uploads\/sites\/5\/2020\/10\/iBomber-Defense-Level-14-Germany-The-Final-Fight-1-800x450.jpg\" alt=\"&quot;iBomber Defense&quot; - Nivel 14 - Alemania: La lucha final (1)\" class=\"wp-image-71\" title=\"\" srcset=\"https:\/\/ibomberdefense.standardof.net\/wp-content\/uploads\/sites\/5\/2020\/10\/iBomber-Defense-Level-14-Germany-The-Final-Fight-1-800x450.jpg 800w, https:\/\/ibomberdefense.standardof.net\/wp-content\/uploads\/sites\/5\/2020\/10\/iBomber-Defense-Level-14-Germany-The-Final-Fight-1-512x288.jpg 512w, https:\/\/ibomberdefense.standardof.net\/wp-content\/uploads\/sites\/5\/2020\/10\/iBomber-Defense-Level-14-Germany-The-Final-Fight-1-200x113.jpg 200w, https:\/\/ibomberdefense.standardof.net\/wp-content\/uploads\/sites\/5\/2020\/10\/iBomber-Defense-Level-14-Germany-The-Final-Fight-1-768x432.jpg 768w, https:\/\/ibomberdefense.standardof.net\/wp-content\/uploads\/sites\/5\/2020\/10\/iBomber-Defense-Level-14-Germany-The-Final-Fight-1-16x9.jpg 16w, https:\/\/ibomberdefense.standardof.net\/wp-content\/uploads\/sites\/5\/2020\/10\/iBomber-Defense-Level-14-Germany-The-Final-Fight-1.jpg 1280w\" sizes=\"(max-width: 800px) 100vw, 800px\" \/><\/a><figcaption>Rutas tomadas por las unidades enemigas en el nivel de Alemania de &quot;iBomber Defense&quot;. La l\u00ednea negra es para unidades navales y la p\u00farpura es para aviones (flechas) el resto son terrestres (solo l\u00edneas).<\/figcaption><\/figure><\/div>\n\n\n\n<p>El nivel de Alemania es la misi\u00f3n final que debes superar en la campa\u00f1a de los Aliados, y te ofrece el mayor desaf\u00edo hasta ahora. Aqu\u00ed te enfrentar\u00e1s a los tres tipos de unidades a la vez, aviones, embarcaciones y unidades terrestres en abundancia. Esto, combinado con la ciudad bombardeada, dificulta la colocaci\u00f3n de torretas, es muy importante d\u00f3nde colocar qu\u00e9 en esta misi\u00f3n.<\/p>\n\n\n\n<p>Hay 50 oleadas de unidades para que puedas abrirte camino con las unidades navales que aparecen por primera vez en la oleada 10 y los aviones llegan a la escena en la oleada 21 at\u00edpica. Es casi una necesidad realizar el abrumador truco de ingresos usando 150$ + de dinero ahorrado al poseer 3 o m\u00e1s torres de comunicaciones de nivel tres. Tambi\u00e9n alrededor de la mitad del nivel, algo de artiller\u00eda vendr\u00e1 de fuera de la pantalla para abrir el camino rosa que viaja a trav\u00e9s del edificio demolido, pero no destruir\u00e1 ninguna de sus torretas y el \u00e1rea no se pudo construir en primer lugar.<\/p>\n\n\n\n<h3 class=\"wp-block-heading\"><strong>Colocaci\u00f3n de la torreta<\/strong><\/h3>\n\n\n\n<figure class=\"wp-block-gallery columns-2 is-cropped wp-block-gallery-1 is-layout-flex wp-block-gallery-is-layout-flex\"><ul class=\"blocks-gallery-grid\"><li class=\"blocks-gallery-item\"><figure><a href=\"https:\/\/ibomberdefense.standardof.net\/es\/guide\/campana-aliada\/14-alemania-la-pelea-final\/ibomber-defense-level-14-germany-the-final-fight-2\/\"><img decoding=\"async\" width=\"800\" height=\"450\" src=\"https:\/\/ibomberdefense.standardof.net\/wp-content\/uploads\/sites\/5\/2020\/10\/iBomber-Defense-Level-14-Germany-The-Final-Fight-2-800x450.jpg\" alt=\"&quot;iBomber Defense&quot; - Nivel 14 - Alemania: La lucha final (2)\" data-id=\"72\" data-full-url=\"https:\/\/ibomberdefense.standardof.net\/wp-content\/uploads\/sites\/5\/2020\/10\/iBomber-Defense-Level-14-Germany-The-Final-Fight-2.jpg\" data-link=\"https:\/\/ibomberdefense.standardof.net\/guide\/allied-campaign\/14-germany-the-final-fight\/ibomber-defense-level-14-germany-the-final-fight-2\/\" class=\"wp-image-72\" title=\"\" srcset=\"https:\/\/ibomberdefense.standardof.net\/wp-content\/uploads\/sites\/5\/2020\/10\/iBomber-Defense-Level-14-Germany-The-Final-Fight-2-800x450.jpg 800w, https:\/\/ibomberdefense.standardof.net\/wp-content\/uploads\/sites\/5\/2020\/10\/iBomber-Defense-Level-14-Germany-The-Final-Fight-2-512x288.jpg 512w, https:\/\/ibomberdefense.standardof.net\/wp-content\/uploads\/sites\/5\/2020\/10\/iBomber-Defense-Level-14-Germany-The-Final-Fight-2-200x113.jpg 200w, https:\/\/ibomberdefense.standardof.net\/wp-content\/uploads\/sites\/5\/2020\/10\/iBomber-Defense-Level-14-Germany-The-Final-Fight-2-768x432.jpg 768w, https:\/\/ibomberdefense.standardof.net\/wp-content\/uploads\/sites\/5\/2020\/10\/iBomber-Defense-Level-14-Germany-The-Final-Fight-2-16x9.jpg 16w, https:\/\/ibomberdefense.standardof.net\/wp-content\/uploads\/sites\/5\/2020\/10\/iBomber-Defense-Level-14-Germany-The-Final-Fight-2.jpg 1280w\" sizes=\"(max-width: 800px) 100vw, 800px\" \/><\/a><figcaption class=\"blocks-gallery-item__caption\">Colocaci\u00f3n de la torreta Wave 10.<\/figcaption><\/figure><\/li><li class=\"blocks-gallery-item\"><figure><a href=\"https:\/\/ibomberdefense.standardof.net\/es\/guide\/campana-aliada\/14-alemania-la-pelea-final\/ibomber-defense-level-14-germany-the-final-fight-3\/\"><img decoding=\"async\" width=\"800\" height=\"450\" src=\"https:\/\/ibomberdefense.standardof.net\/wp-content\/uploads\/sites\/5\/2020\/10\/iBomber-Defense-Level-14-Germany-The-Final-Fight-3-800x450.jpg\" alt=\"&quot;iBomber Defense&quot; - Nivel 14 - Alemania: La lucha final (3)\" data-id=\"73\" data-full-url=\"https:\/\/ibomberdefense.standardof.net\/wp-content\/uploads\/sites\/5\/2020\/10\/iBomber-Defense-Level-14-Germany-The-Final-Fight-3.jpg\" data-link=\"https:\/\/ibomberdefense.standardof.net\/guide\/allied-campaign\/14-germany-the-final-fight\/ibomber-defense-level-14-germany-the-final-fight-3\/\" class=\"wp-image-73\" title=\"\" srcset=\"https:\/\/ibomberdefense.standardof.net\/wp-content\/uploads\/sites\/5\/2020\/10\/iBomber-Defense-Level-14-Germany-The-Final-Fight-3-800x450.jpg 800w, https:\/\/ibomberdefense.standardof.net\/wp-content\/uploads\/sites\/5\/2020\/10\/iBomber-Defense-Level-14-Germany-The-Final-Fight-3-512x288.jpg 512w, https:\/\/ibomberdefense.standardof.net\/wp-content\/uploads\/sites\/5\/2020\/10\/iBomber-Defense-Level-14-Germany-The-Final-Fight-3-200x113.jpg 200w, https:\/\/ibomberdefense.standardof.net\/wp-content\/uploads\/sites\/5\/2020\/10\/iBomber-Defense-Level-14-Germany-The-Final-Fight-3-768x432.jpg 768w, https:\/\/ibomberdefense.standardof.net\/wp-content\/uploads\/sites\/5\/2020\/10\/iBomber-Defense-Level-14-Germany-The-Final-Fight-3-16x9.jpg 16w, https:\/\/ibomberdefense.standardof.net\/wp-content\/uploads\/sites\/5\/2020\/10\/iBomber-Defense-Level-14-Germany-The-Final-Fight-3.jpg 1280w\" sizes=\"(max-width: 800px) 100vw, 800px\" \/><\/a><figcaption class=\"blocks-gallery-item__caption\">Colocaci\u00f3n de la torreta Wave 20.<\/figcaption><\/figure><\/li><\/ul><\/figure>\n\n\n\n<p>Nuevamente, realmente ayuda ver el video a continuaci\u00f3n o las im\u00e1genes al lado para obtener detalles m\u00e1s espec\u00edficos, pero el comienzo de esta misi\u00f3n hasta la ola diez debe consistir en ametralladoras colocadas estrat\u00e9gicamente. Uno debe ir en la esquina superior derecha de la meseta al lado de su base terrestre, uno m\u00e1s en el peque\u00f1o anillo de sacos de arena en el centro de la ciudad, la tercera torreta va donde los caminos verde y amarillo se encuentran al este y finalmente uno en la parte inferior. esquina derecha de la meseta mencionada anteriormente lo m\u00e1s cerca posible del nivel 10 para detener la marea de la unidad naval. Hacia el final de esta misi\u00f3n, venderemos esta cuarta torreta de ametralladora cuando sea menos \u00fatil.<\/p>\n\n\n\n<p>Las oleadas diez a veinte deber\u00edan tener que ver con la construcci\u00f3n de ca\u00f1ones y una torreta de comunicaciones de nivel 3 en la meseta en la que construimos las dos ametralladoras anteriormente. Esta masa de tierra cuando se aumenta con la altura y las comunicaciones permite que los ca\u00f1ones colocados all\u00ed golpeen a todas las unidades terrestres y navales presentes en este mapa, ya que todos sus caminos terminar\u00e1n bajo su rango de fuego.<\/p>\n\n\n\n<figure class=\"wp-block-gallery columns-2 is-cropped wp-block-gallery-2 is-layout-flex wp-block-gallery-is-layout-flex\"><ul class=\"blocks-gallery-grid\"><li class=\"blocks-gallery-item\"><figure><a href=\"https:\/\/ibomberdefense.standardof.net\/es\/guide\/campana-aliada\/14-alemania-la-pelea-final\/ibomber-defense-level-14-germany-the-final-fight-4\/\"><img decoding=\"async\" width=\"800\" height=\"450\" src=\"https:\/\/ibomberdefense.standardof.net\/wp-content\/uploads\/sites\/5\/2020\/10\/iBomber-Defense-Level-14-Germany-The-Final-Fight-4-800x450.jpg\" alt=\"&quot;iBomber Defense&quot; - Nivel 14 - Alemania: La lucha final (4)\" data-id=\"74\" data-full-url=\"https:\/\/ibomberdefense.standardof.net\/wp-content\/uploads\/sites\/5\/2020\/10\/iBomber-Defense-Level-14-Germany-The-Final-Fight-4.jpg\" data-link=\"https:\/\/ibomberdefense.standardof.net\/guide\/allied-campaign\/14-germany-the-final-fight\/ibomber-defense-level-14-germany-the-final-fight-4\/\" class=\"wp-image-74\" title=\"\" srcset=\"https:\/\/ibomberdefense.standardof.net\/wp-content\/uploads\/sites\/5\/2020\/10\/iBomber-Defense-Level-14-Germany-The-Final-Fight-4-800x450.jpg 800w, https:\/\/ibomberdefense.standardof.net\/wp-content\/uploads\/sites\/5\/2020\/10\/iBomber-Defense-Level-14-Germany-The-Final-Fight-4-512x288.jpg 512w, https:\/\/ibomberdefense.standardof.net\/wp-content\/uploads\/sites\/5\/2020\/10\/iBomber-Defense-Level-14-Germany-The-Final-Fight-4-200x113.jpg 200w, https:\/\/ibomberdefense.standardof.net\/wp-content\/uploads\/sites\/5\/2020\/10\/iBomber-Defense-Level-14-Germany-The-Final-Fight-4-768x432.jpg 768w, https:\/\/ibomberdefense.standardof.net\/wp-content\/uploads\/sites\/5\/2020\/10\/iBomber-Defense-Level-14-Germany-The-Final-Fight-4-16x9.jpg 16w, https:\/\/ibomberdefense.standardof.net\/wp-content\/uploads\/sites\/5\/2020\/10\/iBomber-Defense-Level-14-Germany-The-Final-Fight-4.jpg 1280w\" sizes=\"(max-width: 800px) 100vw, 800px\" \/><\/a><figcaption class=\"blocks-gallery-item__caption\">Colocaci\u00f3n de la torreta Wave 30.<\/figcaption><\/figure><\/li><li class=\"blocks-gallery-item\"><figure><a href=\"https:\/\/ibomberdefense.standardof.net\/es\/guide\/campana-aliada\/14-alemania-la-pelea-final\/ibomber-defense-level-14-germany-the-final-fight-5\/\"><img decoding=\"async\" width=\"800\" height=\"450\" src=\"https:\/\/ibomberdefense.standardof.net\/wp-content\/uploads\/sites\/5\/2020\/10\/iBomber-Defense-Level-14-Germany-The-Final-Fight-5-800x450.jpg\" alt=\"&quot;iBomber Defense&quot; - Nivel 14 - Alemania: La lucha final (5)\" data-id=\"75\" data-full-url=\"https:\/\/ibomberdefense.standardof.net\/wp-content\/uploads\/sites\/5\/2020\/10\/iBomber-Defense-Level-14-Germany-The-Final-Fight-5.jpg\" data-link=\"https:\/\/ibomberdefense.standardof.net\/guide\/allied-campaign\/14-germany-the-final-fight\/ibomber-defense-level-14-germany-the-final-fight-5\/\" class=\"wp-image-75\" title=\"\" srcset=\"https:\/\/ibomberdefense.standardof.net\/wp-content\/uploads\/sites\/5\/2020\/10\/iBomber-Defense-Level-14-Germany-The-Final-Fight-5-800x450.jpg 800w, https:\/\/ibomberdefense.standardof.net\/wp-content\/uploads\/sites\/5\/2020\/10\/iBomber-Defense-Level-14-Germany-The-Final-Fight-5-512x288.jpg 512w, https:\/\/ibomberdefense.standardof.net\/wp-content\/uploads\/sites\/5\/2020\/10\/iBomber-Defense-Level-14-Germany-The-Final-Fight-5-200x113.jpg 200w, https:\/\/ibomberdefense.standardof.net\/wp-content\/uploads\/sites\/5\/2020\/10\/iBomber-Defense-Level-14-Germany-The-Final-Fight-5-768x432.jpg 768w, https:\/\/ibomberdefense.standardof.net\/wp-content\/uploads\/sites\/5\/2020\/10\/iBomber-Defense-Level-14-Germany-The-Final-Fight-5-16x9.jpg 16w, https:\/\/ibomberdefense.standardof.net\/wp-content\/uploads\/sites\/5\/2020\/10\/iBomber-Defense-Level-14-Germany-The-Final-Fight-5.jpg 1280w\" sizes=\"(max-width: 800px) 100vw, 800px\" \/><\/a><figcaption class=\"blocks-gallery-item__caption\">Colocaci\u00f3n de la torreta Wave 40.<\/figcaption><\/figure><\/li><\/ul><\/figure>\n\n\n\n<p>En el camino hacia la ola 30, ser\u00e1 el momento de expandirse, mejorando un poco los Ca\u00f1ones, pero sobre todo construyendo otros nuevos con Comms aumentando en el edificio m\u00e1s demolido a la izquierda con algunas torretas Anti Air all\u00ed, los sacos de arena m\u00e1s a la izquierda de eso y la isla debajo de esa ubicaci\u00f3n. Algunas torretas colocadas en el peque\u00f1o espacio a la derecha de su base terrestre pueden ser \u00fatiles para cualquier cosa que se deslice, sin embargo, ignore el espacio de 2 \u00d7 2 a la derecha de su base naval. Es in\u00fatil.<\/p>\n\n\n\n<p>30 hasta el final de la ola final 50 deber\u00eda ser sobre usar primero su ahora 50$, una ola de inter\u00e9s que ya deber\u00eda haber alcanzado para actualizar todas sus torretas a su nivel m\u00e1s alto, deteniendo su Anti Air en dos torretas de nivel tres que son suficientes para el aviones limitados presentes. Tambi\u00e9n es una buena idea vender algunas de tus torretas de ametralladoras de antes para reemplazarlas con m\u00e1s ca\u00f1ones, ya que es el primer nivel real donde el espacio est\u00e1 limitado hasta el punto en que se convierte en una buena idea. Las torretas de sabotaje se pueden ignorar pr\u00e1cticamente en todo el nivel y no son tan \u00fatiles con el espacio limitado.<\/p>\n\n\n\n<div class=\"wp-block-image\"><figure class=\"aligncenter size-large\"><a href=\"https:\/\/ibomberdefense.standardof.net\/es\/guide\/campana-aliada\/14-alemania-la-pelea-final\/ibomber-defense-level-14-germany-the-final-fight-6\/\"><img decoding=\"async\" width=\"800\" height=\"450\" src=\"https:\/\/ibomberdefense.standardof.net\/wp-content\/uploads\/sites\/5\/2020\/10\/iBomber-Defense-Level-14-Germany-The-Final-Fight-6-800x450.jpg\" alt=\"&quot;iBomber Defense&quot; - Nivel 14 - Alemania: La lucha final (6)\" class=\"wp-image-76\" title=\"\" srcset=\"https:\/\/ibomberdefense.standardof.net\/wp-content\/uploads\/sites\/5\/2020\/10\/iBomber-Defense-Level-14-Germany-The-Final-Fight-6-800x450.jpg 800w, https:\/\/ibomberdefense.standardof.net\/wp-content\/uploads\/sites\/5\/2020\/10\/iBomber-Defense-Level-14-Germany-The-Final-Fight-6-512x288.jpg 512w, https:\/\/ibomberdefense.standardof.net\/wp-content\/uploads\/sites\/5\/2020\/10\/iBomber-Defense-Level-14-Germany-The-Final-Fight-6-200x113.jpg 200w, https:\/\/ibomberdefense.standardof.net\/wp-content\/uploads\/sites\/5\/2020\/10\/iBomber-Defense-Level-14-Germany-The-Final-Fight-6-768x432.jpg 768w, https:\/\/ibomberdefense.standardof.net\/wp-content\/uploads\/sites\/5\/2020\/10\/iBomber-Defense-Level-14-Germany-The-Final-Fight-6-16x9.jpg 16w, https:\/\/ibomberdefense.standardof.net\/wp-content\/uploads\/sites\/5\/2020\/10\/iBomber-Defense-Level-14-Germany-The-Final-Fight-6.jpg 1280w\" sizes=\"(max-width: 800px) 100vw, 800px\" \/><\/a><figcaption>Colocaci\u00f3n de la torreta Wave 50.<\/figcaption><\/figure><\/div>\n\n\n\n<hr class=\"wp-block-separator\"\/>\n\n\n\n<h4 class=\"has-text-align-center wp-block-heading\">Gu\u00eda de video<\/h4>\n\n\n\n<figure class=\"wp-block-embed-youtube wp-block-embed is-type-video is-provider-youtube wp-embed-aspect-4-3 wp-has-aspect-ratio\"><div class=\"wp-block-embed__wrapper\">\n<div class=\"ast-oembed-container\" style=\"height: 100%;\"><iframe title=\"iBomber Defense - Alemania - La lucha final - Veterano + Perfecto\" width=\"500\" height=\"281\" src=\"https:\/\/www.youtube.com\/embed\/QIdS_h-p84Q?feature=oembed\" frameborder=\"0\" allow=\"accelerometer; autoplay; clipboard-write; encrypted-media; gyroscope; picture-in-picture; web-share\" referrerpolicy=\"strict-origin-when-cross-origin\" allowfullscreen><\/iframe><\/div>\n<\/div><\/figure>","protected":false},"excerpt":{"rendered":"<p>The Germany level is the final mission for you to overcome in the Allied campaign, serving you the greatest challenge so far. Here you will be facing all three types of units at once, aircraft, naval vessels and ground units galore. This combined with the bombed out city making it difficult to place turrets, it [&hellip;]<\/p>","protected":false},"author":1,"featured_media":76,"parent":266,"menu_order":14,"comment_status":"open","ping_status":"closed","template":"","meta":{"_uag_custom_page_level_css":"","site-sidebar-layout":"default","site-content-layout":"default","ast-site-content-layout":"","site-content-style":"default","site-sidebar-style":"default","ast-global-header-display":"","ast-banner-title-visibility":"","ast-main-header-display":"","ast-hfb-above-header-display":"","ast-hfb-below-header-display":"","ast-hfb-mobile-header-display":"","site-post-title":"","ast-breadcrumbs-content":"","ast-featured-img":"","footer-sml-layout":"","theme-transparent-header-meta":"default","adv-header-id-meta":"","stick-header-meta":"","header-above-stick-meta":"","header-main-stick-meta":"","header-below-stick-meta":"","astra-migrate-meta-layouts":"default","ast-page-background-enabled":"default","ast-page-background-meta":{"desktop":{"background-color":"","background-image":"","background-repeat":"repeat","background-position":"center center","background-size":"auto","background-attachment":"scroll","background-type":"","background-media":"","overlay-type":"","overlay-color":"","overlay-gradient":""},"tablet":{"background-color":"","background-image":"","background-repeat":"repeat","background-position":"center center","background-size":"auto","background-attachment":"scroll","background-type":"","background-media":"","overlay-type":"","overlay-color":"","overlay-gradient":""},"mobile":{"background-color":"","background-image":"","background-repeat":"repeat","background-position":"center center","background-size":"auto","background-attachment":"scroll","background-type":"","background-media":"","overlay-type":"","overlay-color":"","overlay-gradient":""}},"ast-content-background-meta":{"desktop":{"background-color":"var(--ast-global-color-5)","background-image":"","background-repeat":"repeat","background-position":"center center","background-size":"auto","background-attachment":"scroll","background-type":"","background-media":"","overlay-type":"","overlay-color":"","overlay-gradient":""},"tablet":{"background-color":"var(--ast-global-color-5)","background-image":"","background-repeat":"repeat","background-position":"center center","background-size":"auto","background-attachment":"scroll","background-type":"","background-media":"","overlay-type":"","overlay-color":"","overlay-gradient":""},"mobile":{"background-color":"var(--ast-global-color-5)","background-image":"","background-repeat":"repeat","background-position":"center center","background-size":"auto","background-attachment":"scroll","background-type":"","background-media":"","overlay-type":"","overlay-color":"","overlay-gradient":""}},"footnotes":""},"uagb_featured_image_src":{"full":["https:\/\/ibomberdefense.standardof.net\/wp-content\/uploads\/sites\/5\/2020\/10\/iBomber-Defense-Level-14-Germany-The-Final-Fight-6.jpg",1280,720,false],"thumbnail":["https:\/\/ibomberdefense.standardof.net\/wp-content\/uploads\/sites\/5\/2020\/10\/iBomber-Defense-Level-14-Germany-The-Final-Fight-6-200x113.jpg",200,113,true],"medium":["https:\/\/ibomberdefense.standardof.net\/wp-content\/uploads\/sites\/5\/2020\/10\/iBomber-Defense-Level-14-Germany-The-Final-Fight-6-512x288.jpg",512,288,true],"medium_large":["https:\/\/ibomberdefense.standardof.net\/wp-content\/uploads\/sites\/5\/2020\/10\/iBomber-Defense-Level-14-Germany-The-Final-Fight-6-768x432.jpg",768,432,true],"large":["https:\/\/ibomberdefense.standardof.net\/wp-content\/uploads\/sites\/5\/2020\/10\/iBomber-Defense-Level-14-Germany-The-Final-Fight-6-800x450.jpg",800,450,true],"1536x1536":["https:\/\/ibomberdefense.standardof.net\/wp-content\/uploads\/sites\/5\/2020\/10\/iBomber-Defense-Level-14-Germany-The-Final-Fight-6.jpg",1280,720,false],"2048x2048":["https:\/\/ibomberdefense.standardof.net\/wp-content\/uploads\/sites\/5\/2020\/10\/iBomber-Defense-Level-14-Germany-The-Final-Fight-6.jpg",1280,720,false],"trp-custom-language-flag":["https:\/\/ibomberdefense.standardof.net\/wp-content\/uploads\/sites\/5\/2020\/10\/iBomber-Defense-Level-14-Germany-The-Final-Fight-6-16x9.jpg",16,9,true]},"uagb_author_info":{"display_name":"SOE","author_link":"https:\/\/ibomberdefense.standardof.net\/es\/author\/k-tastic\/"},"uagb_comment_info":0,"uagb_excerpt":"The Germany level is the final mission for you to overcome in the Allied campaign, serving you the greatest challenge so far. Here you will be facing all three types of units at once, aircraft, naval vessels and ground units galore. This combined with the bombed out city making it difficult to place turrets, it&hellip;","_links":{"self":[{"href":"https:\/\/ibomberdefense.standardof.net\/es\/wp-json\/wp\/v2\/pages\/304"}],"collection":[{"href":"https:\/\/ibomberdefense.standardof.net\/es\/wp-json\/wp\/v2\/pages"}],"about":[{"href":"https:\/\/ibomberdefense.standardof.net\/es\/wp-json\/wp\/v2\/types\/page"}],"author":[{"embeddable":true,"href":"https:\/\/ibomberdefense.standardof.net\/es\/wp-json\/wp\/v2\/users\/1"}],"replies":[{"embeddable":true,"href":"https:\/\/ibomberdefense.standardof.net\/es\/wp-json\/wp\/v2\/comments?post=304"}],"version-history":[{"count":0,"href":"https:\/\/ibomberdefense.standardof.net\/es\/wp-json\/wp\/v2\/pages\/304\/revisions"}],"up":[{"embeddable":true,"href":"https:\/\/ibomberdefense.standardof.net\/es\/wp-json\/wp\/v2\/pages\/266"}],"wp:featuredmedia":[{"embeddable":true,"href":"https:\/\/ibomberdefense.standardof.net\/es\/wp-json\/wp\/v2\/media\/76"}],"wp:attachment":[{"href":"https:\/\/ibomberdefense.standardof.net\/es\/wp-json\/wp\/v2\/media?parent=304"}],"curies":[{"name":"wp","href":"https:\/\/api.w.org\/{rel}","templated":true}]}}