{"id":321,"date":"2020-10-19T07:16:19","date_gmt":"2020-10-19T07:16:19","guid":{"rendered":"https:\/\/ibomberdefense.standardof.net\/?page_id=321"},"modified":"2020-10-19T08:05:03","modified_gmt":"2020-10-19T08:05:03","slug":"1-northern-europe-valhalla","status":"publish","type":"page","link":"https:\/\/ibomberdefense.standardof.net\/es\/guide\/campana-eje\/1-norte-de-europa-valhalla\/","title":{"rendered":"1. Europa del Norte: Valhalla"},"content":{"rendered":"<div class=\"wp-block-image\"><figure class=\"aligncenter size-large\"><a href=\"https:\/\/ibomberdefense.standardof.net\/es\/guide\/campana-eje\/1-norte-de-europa-valhalla\/ibomber-defense-axis-campaign-01-northern-europe-valhalla-1\/\"><img decoding=\"async\" width=\"800\" height=\"450\" src=\"https:\/\/ibomberdefense.standardof.net\/wp-content\/uploads\/sites\/5\/2020\/10\/iBomber-Defense-Axis-Campaign-01.-Northern-Europe-Valhalla-1-800x450.jpg\" alt=\"&quot;iBomber Defense&quot; - Campa\u00f1a del Eje - 01. Norte de Europa: Valhalla (1)\" class=\"wp-image-77\" title=\"\" srcset=\"https:\/\/ibomberdefense.standardof.net\/wp-content\/uploads\/sites\/5\/2020\/10\/iBomber-Defense-Axis-Campaign-01.-Northern-Europe-Valhalla-1-800x450.jpg 800w, https:\/\/ibomberdefense.standardof.net\/wp-content\/uploads\/sites\/5\/2020\/10\/iBomber-Defense-Axis-Campaign-01.-Northern-Europe-Valhalla-1-512x288.jpg 512w, https:\/\/ibomberdefense.standardof.net\/wp-content\/uploads\/sites\/5\/2020\/10\/iBomber-Defense-Axis-Campaign-01.-Northern-Europe-Valhalla-1-200x113.jpg 200w, https:\/\/ibomberdefense.standardof.net\/wp-content\/uploads\/sites\/5\/2020\/10\/iBomber-Defense-Axis-Campaign-01.-Northern-Europe-Valhalla-1-768x432.jpg 768w, https:\/\/ibomberdefense.standardof.net\/wp-content\/uploads\/sites\/5\/2020\/10\/iBomber-Defense-Axis-Campaign-01.-Northern-Europe-Valhalla-1-16x9.jpg 16w, https:\/\/ibomberdefense.standardof.net\/wp-content\/uploads\/sites\/5\/2020\/10\/iBomber-Defense-Axis-Campaign-01.-Northern-Europe-Valhalla-1.jpg 1280w\" sizes=\"(max-width: 800px) 100vw, 800px\" \/><\/a><figcaption>Mapa de las rutas tomadas por el enemigo en el nivel del Eje Norte de Europa - Valhalla<\/figcaption><\/figure><\/div>\n\n\n\n<p>El primer nivel de la campa\u00f1a de Axis nos lleva de regreso a uno de los territorios previamente conquistados comenzando la serie de nuevos giros en \u00e1reas antiguas que est\u00e1n presentes en esta parte del juego. No todos los niveles son repeticiones y algunos han cambiado significativamente m\u00e1s all\u00e1 de las olas que atacan o las torretas a tu disposici\u00f3n.<\/p>\n\n\n\n<p>Esta vez en el norte de Europa, Valhalla, se enfrenta a una amenaza significativamente menor de 20 oleadas de naves navales m\u00e1s ligeras sin ning\u00fan apoyo a\u00e9reo. En este punto, tambi\u00e9n est\u00e1s limitado a ametralladoras y ca\u00f1ones de nivel 2. El enemigo recorre un solo camino desde el oeste hacia arriba a trav\u00e9s de la franja de agua que corre entre la gran isla y la pen\u00ednsula derecha.<\/p>\n\n\n\n<h3 class=\"wp-block-heading\"><strong>Colocaci\u00f3n de la torreta<\/strong><\/h3>\n\n\n\n<p>Colocar sus torretas aqu\u00ed es bastante sencillo considerando la baja dificultad y el n\u00famero limitado de olas en este nivel. Las oleadas 1\u201310 deben centrarse en construir 5 torretas de ametralladoras de nivel 2 a lo largo del lado sureste de la isla central en puntos donde puedan obtener la mejor cobertura sobre el camino del enemigo.<\/p>\n\n\n\n<p>Las ondas 10 a 20 se pueden concentrar en agregar 3 ca\u00f1ones distribuidos a lo largo de la misma l\u00ednea contra la que se alinean las torretas MG para proporcionar potencia de fuego adicional contra los buques de guerra blindados m\u00e1s resistentes. Deber\u00eda tener suficiente para actualizar al menos uno al nivel dos, pero coloque los tres antes de hacerlo, ya que su baja velocidad de disparo se compensa con m\u00faltiples armas.<\/p>\n\n\n\n<figure class=\"wp-block-gallery columns-2 is-cropped wp-block-gallery-1 is-layout-flex wp-block-gallery-is-layout-flex\"><ul class=\"blocks-gallery-grid\"><li class=\"blocks-gallery-item\"><figure><a href=\"https:\/\/ibomberdefense.standardof.net\/es\/guide\/campana-eje\/1-norte-de-europa-valhalla\/ibomber-defense-axis-campaign-01-northern-europe-valhalla-2\/\"><img decoding=\"async\" width=\"800\" height=\"450\" src=\"https:\/\/ibomberdefense.standardof.net\/wp-content\/uploads\/sites\/5\/2020\/10\/iBomber-Defense-Axis-Campaign-01.-Northern-Europe-Valhalla-2-800x450.jpg\" alt=\"&quot;iBomber Defense&quot; - Campa\u00f1a del Eje - 01. Norte de Europa: Valhalla (2)\" data-id=\"78\" data-full-url=\"https:\/\/ibomberdefense.standardof.net\/wp-content\/uploads\/sites\/5\/2020\/10\/iBomber-Defense-Axis-Campaign-01.-Northern-Europe-Valhalla-2.jpg\" data-link=\"https:\/\/ibomberdefense.standardof.net\/guide\/axis-campaign\/1-northern-europe-valhalla\/ibomber-defense-axis-campaign-01-northern-europe-valhalla-2\/\" class=\"wp-image-78\" title=\"\" srcset=\"https:\/\/ibomberdefense.standardof.net\/wp-content\/uploads\/sites\/5\/2020\/10\/iBomber-Defense-Axis-Campaign-01.-Northern-Europe-Valhalla-2-800x450.jpg 800w, https:\/\/ibomberdefense.standardof.net\/wp-content\/uploads\/sites\/5\/2020\/10\/iBomber-Defense-Axis-Campaign-01.-Northern-Europe-Valhalla-2-512x288.jpg 512w, https:\/\/ibomberdefense.standardof.net\/wp-content\/uploads\/sites\/5\/2020\/10\/iBomber-Defense-Axis-Campaign-01.-Northern-Europe-Valhalla-2-200x113.jpg 200w, https:\/\/ibomberdefense.standardof.net\/wp-content\/uploads\/sites\/5\/2020\/10\/iBomber-Defense-Axis-Campaign-01.-Northern-Europe-Valhalla-2-768x432.jpg 768w, https:\/\/ibomberdefense.standardof.net\/wp-content\/uploads\/sites\/5\/2020\/10\/iBomber-Defense-Axis-Campaign-01.-Northern-Europe-Valhalla-2-16x9.jpg 16w, https:\/\/ibomberdefense.standardof.net\/wp-content\/uploads\/sites\/5\/2020\/10\/iBomber-Defense-Axis-Campaign-01.-Northern-Europe-Valhalla-2.jpg 1280w\" sizes=\"(max-width: 800px) 100vw, 800px\" \/><\/a><figcaption class=\"blocks-gallery-item__caption\">Colocaci\u00f3n de la torreta Wave 10.<\/figcaption><\/figure><\/li><li class=\"blocks-gallery-item\"><figure><a href=\"https:\/\/ibomberdefense.standardof.net\/es\/guide\/campana-eje\/1-norte-de-europa-valhalla\/ibomber-defense-axis-campaign-01-northern-europe-valhalla-3\/\"><img decoding=\"async\" width=\"800\" height=\"450\" src=\"https:\/\/ibomberdefense.standardof.net\/wp-content\/uploads\/sites\/5\/2020\/10\/iBomber-Defense-Axis-Campaign-01.-Northern-Europe-Valhalla-3-800x450.jpg\" alt=\"&quot;iBomber Defense&quot; - Campa\u00f1a Axis - 01. Norte de Europa: Valhalla (3)\" data-id=\"79\" data-full-url=\"https:\/\/ibomberdefense.standardof.net\/wp-content\/uploads\/sites\/5\/2020\/10\/iBomber-Defense-Axis-Campaign-01.-Northern-Europe-Valhalla-3.jpg\" data-link=\"https:\/\/ibomberdefense.standardof.net\/guide\/axis-campaign\/1-northern-europe-valhalla\/ibomber-defense-axis-campaign-01-northern-europe-valhalla-3\/\" class=\"wp-image-79\" title=\"\" srcset=\"https:\/\/ibomberdefense.standardof.net\/wp-content\/uploads\/sites\/5\/2020\/10\/iBomber-Defense-Axis-Campaign-01.-Northern-Europe-Valhalla-3-800x450.jpg 800w, https:\/\/ibomberdefense.standardof.net\/wp-content\/uploads\/sites\/5\/2020\/10\/iBomber-Defense-Axis-Campaign-01.-Northern-Europe-Valhalla-3-512x288.jpg 512w, https:\/\/ibomberdefense.standardof.net\/wp-content\/uploads\/sites\/5\/2020\/10\/iBomber-Defense-Axis-Campaign-01.-Northern-Europe-Valhalla-3-200x113.jpg 200w, https:\/\/ibomberdefense.standardof.net\/wp-content\/uploads\/sites\/5\/2020\/10\/iBomber-Defense-Axis-Campaign-01.-Northern-Europe-Valhalla-3-768x432.jpg 768w, https:\/\/ibomberdefense.standardof.net\/wp-content\/uploads\/sites\/5\/2020\/10\/iBomber-Defense-Axis-Campaign-01.-Northern-Europe-Valhalla-3-16x9.jpg 16w, https:\/\/ibomberdefense.standardof.net\/wp-content\/uploads\/sites\/5\/2020\/10\/iBomber-Defense-Axis-Campaign-01.-Northern-Europe-Valhalla-3.jpg 1280w\" sizes=\"(max-width: 800px) 100vw, 800px\" \/><\/a><figcaption class=\"blocks-gallery-item__caption\">Colocaci\u00f3n de la torreta Wave 20.<\/figcaption><\/figure><\/li><\/ul><\/figure>\n\n\n\n<h3 class=\"wp-block-heading\"><strong>Gasto en puntos de victoria<\/strong><\/h3>\n\n\n\n<p>Desde que comenzamos una vez m\u00e1s con solo ca\u00f1ones y ametralladoras de nivel 2, es hora de comenzar a desbloquear todas las actualizaciones disponibles una vez m\u00e1s en la campa\u00f1a de Axis. Dado que los fondos son limitados sin inter\u00e9s, ponga un punto en la capacidad de Comprar para obtener dinero inicial adicional y otro punto en Ametralladoras para desbloquear el nivel 3.<\/p>\n\n\n\n<p>Los rangos actuales de elementos desbloqueados son:<br>Ametralladora 3, Ca\u00f1\u00f3n 2, Anti-aire 1, Compra 1<\/p>\n\n\n\n<hr class=\"wp-block-separator\"\/>\n\n\n\n<h4 class=\"has-text-align-center wp-block-heading\">Gu\u00eda de video<\/h4>\n\n\n\n<figure class=\"wp-block-embed-youtube wp-block-embed is-type-video is-provider-youtube wp-embed-aspect-16-9 wp-has-aspect-ratio\"><div class=\"wp-block-embed__wrapper\">\n<div class=\"ast-oembed-container\" style=\"height: 100%;\"><iframe title=\"iBomber Defense - Norte de Europa - Valhalla - Veterano + Perfecto\" width=\"500\" height=\"281\" src=\"https:\/\/www.youtube.com\/embed\/nha1AToCtFI?feature=oembed\" frameborder=\"0\" allow=\"accelerometer; autoplay; clipboard-write; encrypted-media; gyroscope; picture-in-picture; web-share\" referrerpolicy=\"strict-origin-when-cross-origin\" allowfullscreen><\/iframe><\/div>\n<\/div><\/figure>","protected":false},"excerpt":{"rendered":"<p>The first level in the Axis campaign takes us back to one of the previously conquered territories beginning the series of new twists on old areas that are present in this portion of the game. Not all levels are repeats and some that are have changed significantly beyond just the waves that attack or the [&hellip;]<\/p>","protected":false},"author":1,"featured_media":79,"parent":268,"menu_order":1,"comment_status":"open","ping_status":"closed","template":"","meta":{"_uag_custom_page_level_css":"","site-sidebar-layout":"default","site-content-layout":"default","ast-site-content-layout":"","site-content-style":"default","site-sidebar-style":"default","ast-global-header-display":"","ast-banner-title-visibility":"","ast-main-header-display":"","ast-hfb-above-header-display":"","ast-hfb-below-header-display":"","ast-hfb-mobile-header-display":"","site-post-title":"","ast-breadcrumbs-content":"","ast-featured-img":"","footer-sml-layout":"","theme-transparent-header-meta":"default","adv-header-id-meta":"","stick-header-meta":"","header-above-stick-meta":"","header-main-stick-meta":"","header-below-stick-meta":"","astra-migrate-meta-layouts":"default","ast-page-background-enabled":"default","ast-page-background-meta":{"desktop":{"background-color":"","background-image":"","background-repeat":"repeat","background-position":"center center","background-size":"auto","background-attachment":"scroll","background-type":"","background-media":"","overlay-type":"","overlay-color":"","overlay-gradient":""},"tablet":{"background-color":"","background-image":"","background-repeat":"repeat","background-position":"center center","background-size":"auto","background-attachment":"scroll","background-type":"","background-media":"","overlay-type":"","overlay-color":"","overlay-gradient":""},"mobile":{"background-color":"","background-image":"","background-repeat":"repeat","background-position":"center center","background-size":"auto","background-attachment":"scroll","background-type":"","background-media":"","overlay-type":"","overlay-color":"","overlay-gradient":""}},"ast-content-background-meta":{"desktop":{"background-color":"var(--ast-global-color-5)","background-image":"","background-repeat":"repeat","background-position":"center center","background-size":"auto","background-attachment":"scroll","background-type":"","background-media":"","overlay-type":"","overlay-color":"","overlay-gradient":""},"tablet":{"background-color":"var(--ast-global-color-5)","background-image":"","background-repeat":"repeat","background-position":"center center","background-size":"auto","background-attachment":"scroll","background-type":"","background-media":"","overlay-type":"","overlay-color":"","overlay-gradient":""},"mobile":{"background-color":"var(--ast-global-color-5)","background-image":"","background-repeat":"repeat","background-position":"center center","background-size":"auto","background-attachment":"scroll","background-type":"","background-media":"","overlay-type":"","overlay-color":"","overlay-gradient":""}},"footnotes":""},"uagb_featured_image_src":{"full":["https:\/\/ibomberdefense.standardof.net\/wp-content\/uploads\/sites\/5\/2020\/10\/iBomber-Defense-Axis-Campaign-01.-Northern-Europe-Valhalla-3.jpg",1280,720,false],"thumbnail":["https:\/\/ibomberdefense.standardof.net\/wp-content\/uploads\/sites\/5\/2020\/10\/iBomber-Defense-Axis-Campaign-01.-Northern-Europe-Valhalla-3-200x113.jpg",200,113,true],"medium":["https:\/\/ibomberdefense.standardof.net\/wp-content\/uploads\/sites\/5\/2020\/10\/iBomber-Defense-Axis-Campaign-01.-Northern-Europe-Valhalla-3-512x288.jpg",512,288,true],"medium_large":["https:\/\/ibomberdefense.standardof.net\/wp-content\/uploads\/sites\/5\/2020\/10\/iBomber-Defense-Axis-Campaign-01.-Northern-Europe-Valhalla-3-768x432.jpg",768,432,true],"large":["https:\/\/ibomberdefense.standardof.net\/wp-content\/uploads\/sites\/5\/2020\/10\/iBomber-Defense-Axis-Campaign-01.-Northern-Europe-Valhalla-3-800x450.jpg",800,450,true],"1536x1536":["https:\/\/ibomberdefense.standardof.net\/wp-content\/uploads\/sites\/5\/2020\/10\/iBomber-Defense-Axis-Campaign-01.-Northern-Europe-Valhalla-3.jpg",1280,720,false],"2048x2048":["https:\/\/ibomberdefense.standardof.net\/wp-content\/uploads\/sites\/5\/2020\/10\/iBomber-Defense-Axis-Campaign-01.-Northern-Europe-Valhalla-3.jpg",1280,720,false],"trp-custom-language-flag":["https:\/\/ibomberdefense.standardof.net\/wp-content\/uploads\/sites\/5\/2020\/10\/iBomber-Defense-Axis-Campaign-01.-Northern-Europe-Valhalla-3-16x9.jpg",16,9,true]},"uagb_author_info":{"display_name":"SOE","author_link":"https:\/\/ibomberdefense.standardof.net\/es\/author\/k-tastic\/"},"uagb_comment_info":0,"uagb_excerpt":"The first level in the Axis campaign takes us back to one of the previously conquered territories beginning the series of new twists on old areas that are present in this portion of the game. Not all levels are repeats and some that are have changed significantly beyond just the waves that attack or the&hellip;","_links":{"self":[{"href":"https:\/\/ibomberdefense.standardof.net\/es\/wp-json\/wp\/v2\/pages\/321"}],"collection":[{"href":"https:\/\/ibomberdefense.standardof.net\/es\/wp-json\/wp\/v2\/pages"}],"about":[{"href":"https:\/\/ibomberdefense.standardof.net\/es\/wp-json\/wp\/v2\/types\/page"}],"author":[{"embeddable":true,"href":"https:\/\/ibomberdefense.standardof.net\/es\/wp-json\/wp\/v2\/users\/1"}],"replies":[{"embeddable":true,"href":"https:\/\/ibomberdefense.standardof.net\/es\/wp-json\/wp\/v2\/comments?post=321"}],"version-history":[{"count":0,"href":"https:\/\/ibomberdefense.standardof.net\/es\/wp-json\/wp\/v2\/pages\/321\/revisions"}],"up":[{"embeddable":true,"href":"https:\/\/ibomberdefense.standardof.net\/es\/wp-json\/wp\/v2\/pages\/268"}],"wp:featuredmedia":[{"embeddable":true,"href":"https:\/\/ibomberdefense.standardof.net\/es\/wp-json\/wp\/v2\/media\/79"}],"wp:attachment":[{"href":"https:\/\/ibomberdefense.standardof.net\/es\/wp-json\/wp\/v2\/media?parent=321"}],"curies":[{"name":"wp","href":"https:\/\/api.w.org\/{rel}","templated":true}]}}