{"id":322,"date":"2020-10-19T07:16:37","date_gmt":"2020-10-19T07:16:37","guid":{"rendered":"https:\/\/ibomberdefense.standardof.net\/?page_id=322"},"modified":"2020-10-19T08:05:07","modified_gmt":"2020-10-19T08:05:07","slug":"2-north-east-europe-lightning-bolt","status":"publish","type":"page","link":"https:\/\/ibomberdefense.standardof.net\/es\/guide\/campana-eje\/2-rayo-de-europa-noreste\/","title":{"rendered":"2. Noreste de Europa: Lightning Bolt"},"content":{"rendered":"<div class=\"wp-block-image\"><figure class=\"aligncenter size-large\"><a href=\"https:\/\/ibomberdefense.standardof.net\/es\/guide\/campana-eje\/2-rayo-de-europa-noreste\/ibomber-defense-axis-campaign-02-north-east-europe-lightning-bolt-1\/\"><img decoding=\"async\" width=\"800\" height=\"450\" src=\"https:\/\/ibomberdefense.standardof.net\/wp-content\/uploads\/sites\/5\/2020\/10\/iBomber-Defense-Axis-Campaign-02.-North-East-Europe-Lightning-Bolt-1-800x450.jpg\" alt=\"&quot;iBomber Defense&quot; - Campa\u00f1a Axis - 02. Noreste de Europa: Lightning Bolt (1)\" class=\"wp-image-80\" title=\"\" srcset=\"https:\/\/ibomberdefense.standardof.net\/wp-content\/uploads\/sites\/5\/2020\/10\/iBomber-Defense-Axis-Campaign-02.-North-East-Europe-Lightning-Bolt-1-800x450.jpg 800w, https:\/\/ibomberdefense.standardof.net\/wp-content\/uploads\/sites\/5\/2020\/10\/iBomber-Defense-Axis-Campaign-02.-North-East-Europe-Lightning-Bolt-1-512x288.jpg 512w, https:\/\/ibomberdefense.standardof.net\/wp-content\/uploads\/sites\/5\/2020\/10\/iBomber-Defense-Axis-Campaign-02.-North-East-Europe-Lightning-Bolt-1-200x113.jpg 200w, https:\/\/ibomberdefense.standardof.net\/wp-content\/uploads\/sites\/5\/2020\/10\/iBomber-Defense-Axis-Campaign-02.-North-East-Europe-Lightning-Bolt-1-768x432.jpg 768w, https:\/\/ibomberdefense.standardof.net\/wp-content\/uploads\/sites\/5\/2020\/10\/iBomber-Defense-Axis-Campaign-02.-North-East-Europe-Lightning-Bolt-1-16x9.jpg 16w, https:\/\/ibomberdefense.standardof.net\/wp-content\/uploads\/sites\/5\/2020\/10\/iBomber-Defense-Axis-Campaign-02.-North-East-Europe-Lightning-Bolt-1.jpg 1280w\" sizes=\"(max-width: 800px) 100vw, 800px\" \/><\/a><figcaption>Mapa de las rutas tomadas en el nivel del Eje de \u201ciBomber Defense\u201d, Noreste de Europa - Lightning Bolt.<\/figcaption><\/figure><\/div>\n\n\n\n<p>En el segundo nivel de la campa\u00f1a del Eje, es hora de enfrentarse a las unidades terrestres ahora en el noreste de Europa, &quot;Lightning Bolt&quot;. En este nivel, tendr\u00e1s la tarea de enfrentarte a 30 oleadas de infanter\u00eda, veh\u00edculos y tanques que se acercan desde los caminos noreste y noroeste, convergiendo cerca del centro superior del mapa antes de girar hacia la base, formando una J.<\/p>\n\n\n\n<p>La ubicaci\u00f3n de la torreta en este nivel del juego se centrar\u00e1 en acumular armamento en la meseta en la parte central sur del mapa, justo al lado de la base. Las armas colocadas aqu\u00ed no solo tendr\u00e1n la mejor efectividad contra las unidades que se acercan por cualquiera de las entradas, sino que tambi\u00e9n demostrar\u00e1n estar en una posici\u00f3n \u00fatil cuando llegue el momento de regresar a este nivel en la pr\u00f3xima misi\u00f3n de bonificaci\u00f3n de contraataque.<\/p>\n\n\n\n<h3 class=\"wp-block-heading\"><strong>Colocaci\u00f3n de la torreta<\/strong><\/h3>\n\n\n\n<figure class=\"wp-block-gallery columns-2 is-cropped wp-block-gallery-1 is-layout-flex wp-block-gallery-is-layout-flex\"><ul class=\"blocks-gallery-grid\"><li class=\"blocks-gallery-item\"><figure><a href=\"https:\/\/ibomberdefense.standardof.net\/es\/guide\/campana-eje\/2-rayo-de-europa-noreste\/ibomber-defense-axis-campaign-02-north-east-europe-lightning-bolt-2\/\"><img decoding=\"async\" width=\"800\" height=\"450\" src=\"https:\/\/ibomberdefense.standardof.net\/wp-content\/uploads\/sites\/5\/2020\/10\/iBomber-Defense-Axis-Campaign-02.-North-East-Europe-Lightning-Bolt-2-800x450.jpg\" alt=\"&quot;iBomber Defense&quot; - Campa\u00f1a Axis - 02. Noreste de Europa: Lightning Bolt (2)\" data-id=\"81\" data-full-url=\"https:\/\/ibomberdefense.standardof.net\/wp-content\/uploads\/sites\/5\/2020\/10\/iBomber-Defense-Axis-Campaign-02.-North-East-Europe-Lightning-Bolt-2.jpg\" data-link=\"https:\/\/ibomberdefense.standardof.net\/guide\/axis-campaign\/2-north-east-europe-lightning-bolt\/ibomber-defense-axis-campaign-02-north-east-europe-lightning-bolt-2\/\" class=\"wp-image-81\" title=\"\" srcset=\"https:\/\/ibomberdefense.standardof.net\/wp-content\/uploads\/sites\/5\/2020\/10\/iBomber-Defense-Axis-Campaign-02.-North-East-Europe-Lightning-Bolt-2-800x450.jpg 800w, https:\/\/ibomberdefense.standardof.net\/wp-content\/uploads\/sites\/5\/2020\/10\/iBomber-Defense-Axis-Campaign-02.-North-East-Europe-Lightning-Bolt-2-512x288.jpg 512w, https:\/\/ibomberdefense.standardof.net\/wp-content\/uploads\/sites\/5\/2020\/10\/iBomber-Defense-Axis-Campaign-02.-North-East-Europe-Lightning-Bolt-2-200x113.jpg 200w, https:\/\/ibomberdefense.standardof.net\/wp-content\/uploads\/sites\/5\/2020\/10\/iBomber-Defense-Axis-Campaign-02.-North-East-Europe-Lightning-Bolt-2-768x432.jpg 768w, https:\/\/ibomberdefense.standardof.net\/wp-content\/uploads\/sites\/5\/2020\/10\/iBomber-Defense-Axis-Campaign-02.-North-East-Europe-Lightning-Bolt-2-16x9.jpg 16w, https:\/\/ibomberdefense.standardof.net\/wp-content\/uploads\/sites\/5\/2020\/10\/iBomber-Defense-Axis-Campaign-02.-North-East-Europe-Lightning-Bolt-2.jpg 1280w\" sizes=\"(max-width: 800px) 100vw, 800px\" \/><\/a><figcaption class=\"blocks-gallery-item__caption\">Colocaci\u00f3n de la torreta al final de la oleada 10.<\/figcaption><\/figure><\/li><li class=\"blocks-gallery-item\"><figure><a href=\"https:\/\/ibomberdefense.standardof.net\/es\/guide\/campana-eje\/2-rayo-de-europa-noreste\/ibomber-defense-axis-campaign-02-north-east-europe-lightning-bolt-3\/\"><img decoding=\"async\" width=\"800\" height=\"450\" src=\"https:\/\/ibomberdefense.standardof.net\/wp-content\/uploads\/sites\/5\/2020\/10\/iBomber-Defense-Axis-Campaign-02.-North-East-Europe-Lightning-Bolt-3-800x450.jpg\" alt=\"&quot;iBomber Defense&quot; - Campa\u00f1a Axis - 02. Noreste de Europa: Lightning Bolt (3)\" data-id=\"82\" data-full-url=\"https:\/\/ibomberdefense.standardof.net\/wp-content\/uploads\/sites\/5\/2020\/10\/iBomber-Defense-Axis-Campaign-02.-North-East-Europe-Lightning-Bolt-3.jpg\" data-link=\"https:\/\/ibomberdefense.standardof.net\/guide\/axis-campaign\/2-north-east-europe-lightning-bolt\/ibomber-defense-axis-campaign-02-north-east-europe-lightning-bolt-3\/\" class=\"wp-image-82\" title=\"\" srcset=\"https:\/\/ibomberdefense.standardof.net\/wp-content\/uploads\/sites\/5\/2020\/10\/iBomber-Defense-Axis-Campaign-02.-North-East-Europe-Lightning-Bolt-3-800x450.jpg 800w, https:\/\/ibomberdefense.standardof.net\/wp-content\/uploads\/sites\/5\/2020\/10\/iBomber-Defense-Axis-Campaign-02.-North-East-Europe-Lightning-Bolt-3-512x288.jpg 512w, https:\/\/ibomberdefense.standardof.net\/wp-content\/uploads\/sites\/5\/2020\/10\/iBomber-Defense-Axis-Campaign-02.-North-East-Europe-Lightning-Bolt-3-200x113.jpg 200w, https:\/\/ibomberdefense.standardof.net\/wp-content\/uploads\/sites\/5\/2020\/10\/iBomber-Defense-Axis-Campaign-02.-North-East-Europe-Lightning-Bolt-3-768x432.jpg 768w, https:\/\/ibomberdefense.standardof.net\/wp-content\/uploads\/sites\/5\/2020\/10\/iBomber-Defense-Axis-Campaign-02.-North-East-Europe-Lightning-Bolt-3-16x9.jpg 16w, https:\/\/ibomberdefense.standardof.net\/wp-content\/uploads\/sites\/5\/2020\/10\/iBomber-Defense-Axis-Campaign-02.-North-East-Europe-Lightning-Bolt-3.jpg 1280w\" sizes=\"(max-width: 800px) 100vw, 800px\" \/><\/a><figcaption class=\"blocks-gallery-item__caption\">Colocaci\u00f3n de la torreta al final de la oleada 20.<\/figcaption><\/figure><\/li><\/ul><\/figure>\n\n\n\n<p>Comenzando en este nivel y subiendo hasta la d\u00e9cima ola de enemigos, la ubicaci\u00f3n de su torreta debe centrarse en colocar 3 torretas de ametralladora de nivel tres a lo largo del borde de la meseta mencionada anteriormente. Finalmente, construya un cuarto en el espacio abierto entre el acantilado y la carretera misma (vea la segunda imagen a la derecha) para lidiar con las unidades iniciales m\u00e1s ligeras.<\/p>\n\n\n\n<p>A medida que avanza hacia la ola 20, aseg\u00farese de que las cuatro ametralladoras que ha colocado est\u00e9n en el nivel 3 y comience a construir un tr\u00edo de torretas de ca\u00f1\u00f3n en los espacios abiertos restantes de esta meseta. Intente actualizar uno de estos ca\u00f1ones a su segundo nivel.<\/p>\n\n\n\n<p>Desde la oleada 20 hasta la oleada final, lleva todos tus ca\u00f1ones a su segundo nivel y encuentra otro lugar para colocar una ametralladora de nivel 2 y un ca\u00f1\u00f3n de nivel 1, que deber\u00edan ser los \u00faltimos elementos que construyas. Aunque la imagen final los muestra colocados en el encuentro de los dos caminos de entrada, colocarlos hacia el sur entre la meseta derecha y la carretera principal los har\u00e1 m\u00e1s efectivos en el contraataque, aunque no necesariamente.<\/p>\n\n\n\n<div class=\"wp-block-image\"><figure class=\"aligncenter size-large\"><a href=\"https:\/\/ibomberdefense.standardof.net\/es\/guide\/campana-eje\/2-rayo-de-europa-noreste\/ibomber-defense-axis-campaign-02-north-east-europe-lightning-bolt-4\/\"><img decoding=\"async\" width=\"800\" height=\"450\" src=\"https:\/\/ibomberdefense.standardof.net\/wp-content\/uploads\/sites\/5\/2020\/10\/iBomber-Defense-Axis-Campaign-02.-North-East-Europe-Lightning-Bolt-4-800x450.jpg\" alt=\"&quot;iBomber Defense&quot; - Campa\u00f1a Axis - 02. Noreste de Europa: Lightning Bolt (4)\" class=\"wp-image-83\" title=\"\" srcset=\"https:\/\/ibomberdefense.standardof.net\/wp-content\/uploads\/sites\/5\/2020\/10\/iBomber-Defense-Axis-Campaign-02.-North-East-Europe-Lightning-Bolt-4-800x450.jpg 800w, https:\/\/ibomberdefense.standardof.net\/wp-content\/uploads\/sites\/5\/2020\/10\/iBomber-Defense-Axis-Campaign-02.-North-East-Europe-Lightning-Bolt-4-512x288.jpg 512w, https:\/\/ibomberdefense.standardof.net\/wp-content\/uploads\/sites\/5\/2020\/10\/iBomber-Defense-Axis-Campaign-02.-North-East-Europe-Lightning-Bolt-4-200x113.jpg 200w, https:\/\/ibomberdefense.standardof.net\/wp-content\/uploads\/sites\/5\/2020\/10\/iBomber-Defense-Axis-Campaign-02.-North-East-Europe-Lightning-Bolt-4-768x432.jpg 768w, https:\/\/ibomberdefense.standardof.net\/wp-content\/uploads\/sites\/5\/2020\/10\/iBomber-Defense-Axis-Campaign-02.-North-East-Europe-Lightning-Bolt-4-16x9.jpg 16w, https:\/\/ibomberdefense.standardof.net\/wp-content\/uploads\/sites\/5\/2020\/10\/iBomber-Defense-Axis-Campaign-02.-North-East-Europe-Lightning-Bolt-4.jpg 1280w\" sizes=\"(max-width: 800px) 100vw, 800px\" \/><\/a><figcaption>Colocaci\u00f3n de la torreta al final de la oleada 30.<\/figcaption><\/figure><\/div>\n\n\n\n<h3 class=\"wp-block-heading\"><strong>Gasto en puntos de victoria<\/strong><\/h3>\n\n\n\n<p>Dado que todav\u00eda estamos a un par de niveles de enfrentarnos a cualquier avi\u00f3n o de acumular la gran cantidad de fondos necesarios para el uso efectivo de X-Weapon, el mejor lugar para gastar puntos de victoria en este momento es desbloquear ca\u00f1ones de tercer nivel y el primer nivel del arma Firestorm que es incre\u00edblemente \u00fatil en esta campa\u00f1a.<\/p>\n\n\n\n<p>Niveles de elementos desbloqueados actualmente:<br>MG 3, Ca\u00f1\u00f3n 3, AA 1, Tormenta de fuego 1, Compra 1<\/p>\n\n\n\n<hr class=\"wp-block-separator\"\/>\n\n\n\n<h4 class=\"has-text-align-center wp-block-heading\">Gu\u00eda de video<\/h4>\n\n\n\n<figure class=\"wp-block-embed-youtube wp-block-embed is-type-video is-provider-youtube wp-embed-aspect-16-9 wp-has-aspect-ratio\"><div class=\"wp-block-embed__wrapper\">\n<div class=\"ast-oembed-container\" style=\"height: 100%;\"><iframe title=\"iBomber Defense - Noreste de Europa - Lightning Bolt - Veterano + Perfecto\" width=\"500\" height=\"281\" src=\"https:\/\/www.youtube.com\/embed\/bVfjuBohAys?feature=oembed\" frameborder=\"0\" allow=\"accelerometer; autoplay; clipboard-write; encrypted-media; gyroscope; picture-in-picture; web-share\" referrerpolicy=\"strict-origin-when-cross-origin\" allowfullscreen><\/iframe><\/div>\n<\/div><\/figure>","protected":false},"excerpt":{"rendered":"<p>In the second level of the Axis campaign it is time to face ground units now in North East Europe, &#8220;Lightning Bolt&#8221;. In this level you will be tasked with facing 30 waves of infantry, vehicles and tanks that approach from the northeast and northwest paths, converging near the top center of the map before [&hellip;]<\/p>","protected":false},"author":1,"featured_media":83,"parent":268,"menu_order":2,"comment_status":"open","ping_status":"closed","template":"","meta":{"_uag_custom_page_level_css":"","site-sidebar-layout":"default","site-content-layout":"default","ast-site-content-layout":"","site-content-style":"default","site-sidebar-style":"default","ast-global-header-display":"","ast-banner-title-visibility":"","ast-main-header-display":"","ast-hfb-above-header-display":"","ast-hfb-below-header-display":"","ast-hfb-mobile-header-display":"","site-post-title":"","ast-breadcrumbs-content":"","ast-featured-img":"","footer-sml-layout":"","theme-transparent-header-meta":"default","adv-header-id-meta":"","stick-header-meta":"","header-above-stick-meta":"","header-main-stick-meta":"","header-below-stick-meta":"","astra-migrate-meta-layouts":"default","ast-page-background-enabled":"default","ast-page-background-meta":{"desktop":{"background-color":"","background-image":"","background-repeat":"repeat","background-position":"center center","background-size":"auto","background-attachment":"scroll","background-type":"","background-media":"","overlay-type":"","overlay-color":"","overlay-gradient":""},"tablet":{"background-color":"","background-image":"","background-repeat":"repeat","background-position":"center center","background-size":"auto","background-attachment":"scroll","background-type":"","background-media":"","overlay-type":"","overlay-color":"","overlay-gradient":""},"mobile":{"background-color":"","background-image":"","background-repeat":"repeat","background-position":"center center","background-size":"auto","background-attachment":"scroll","background-type":"","background-media":"","overlay-type":"","overlay-color":"","overlay-gradient":""}},"ast-content-background-meta":{"desktop":{"background-color":"var(--ast-global-color-5)","background-image":"","background-repeat":"repeat","background-position":"center center","background-size":"auto","background-attachment":"scroll","background-type":"","background-media":"","overlay-type":"","overlay-color":"","overlay-gradient":""},"tablet":{"background-color":"var(--ast-global-color-5)","background-image":"","background-repeat":"repeat","background-position":"center center","background-size":"auto","background-attachment":"scroll","background-type":"","background-media":"","overlay-type":"","overlay-color":"","overlay-gradient":""},"mobile":{"background-color":"var(--ast-global-color-5)","background-image":"","background-repeat":"repeat","background-position":"center center","background-size":"auto","background-attachment":"scroll","background-type":"","background-media":"","overlay-type":"","overlay-color":"","overlay-gradient":""}},"footnotes":""},"uagb_featured_image_src":{"full":["https:\/\/ibomberdefense.standardof.net\/wp-content\/uploads\/sites\/5\/2020\/10\/iBomber-Defense-Axis-Campaign-02.-North-East-Europe-Lightning-Bolt-4.jpg",1280,720,false],"thumbnail":["https:\/\/ibomberdefense.standardof.net\/wp-content\/uploads\/sites\/5\/2020\/10\/iBomber-Defense-Axis-Campaign-02.-North-East-Europe-Lightning-Bolt-4-200x113.jpg",200,113,true],"medium":["https:\/\/ibomberdefense.standardof.net\/wp-content\/uploads\/sites\/5\/2020\/10\/iBomber-Defense-Axis-Campaign-02.-North-East-Europe-Lightning-Bolt-4-512x288.jpg",512,288,true],"medium_large":["https:\/\/ibomberdefense.standardof.net\/wp-content\/uploads\/sites\/5\/2020\/10\/iBomber-Defense-Axis-Campaign-02.-North-East-Europe-Lightning-Bolt-4-768x432.jpg",768,432,true],"large":["https:\/\/ibomberdefense.standardof.net\/wp-content\/uploads\/sites\/5\/2020\/10\/iBomber-Defense-Axis-Campaign-02.-North-East-Europe-Lightning-Bolt-4-800x450.jpg",800,450,true],"1536x1536":["https:\/\/ibomberdefense.standardof.net\/wp-content\/uploads\/sites\/5\/2020\/10\/iBomber-Defense-Axis-Campaign-02.-North-East-Europe-Lightning-Bolt-4.jpg",1280,720,false],"2048x2048":["https:\/\/ibomberdefense.standardof.net\/wp-content\/uploads\/sites\/5\/2020\/10\/iBomber-Defense-Axis-Campaign-02.-North-East-Europe-Lightning-Bolt-4.jpg",1280,720,false],"trp-custom-language-flag":["https:\/\/ibomberdefense.standardof.net\/wp-content\/uploads\/sites\/5\/2020\/10\/iBomber-Defense-Axis-Campaign-02.-North-East-Europe-Lightning-Bolt-4-16x9.jpg",16,9,true]},"uagb_author_info":{"display_name":"SOE","author_link":"https:\/\/ibomberdefense.standardof.net\/es\/author\/k-tastic\/"},"uagb_comment_info":0,"uagb_excerpt":"In the second level of the Axis campaign it is time to face ground units now in North East Europe, &#8220;Lightning Bolt&#8221;. In this level you will be tasked with facing 30 waves of infantry, vehicles and tanks that approach from the northeast and northwest paths, converging near the top center of the map before&hellip;","_links":{"self":[{"href":"https:\/\/ibomberdefense.standardof.net\/es\/wp-json\/wp\/v2\/pages\/322"}],"collection":[{"href":"https:\/\/ibomberdefense.standardof.net\/es\/wp-json\/wp\/v2\/pages"}],"about":[{"href":"https:\/\/ibomberdefense.standardof.net\/es\/wp-json\/wp\/v2\/types\/page"}],"author":[{"embeddable":true,"href":"https:\/\/ibomberdefense.standardof.net\/es\/wp-json\/wp\/v2\/users\/1"}],"replies":[{"embeddable":true,"href":"https:\/\/ibomberdefense.standardof.net\/es\/wp-json\/wp\/v2\/comments?post=322"}],"version-history":[{"count":0,"href":"https:\/\/ibomberdefense.standardof.net\/es\/wp-json\/wp\/v2\/pages\/322\/revisions"}],"up":[{"embeddable":true,"href":"https:\/\/ibomberdefense.standardof.net\/es\/wp-json\/wp\/v2\/pages\/268"}],"wp:featuredmedia":[{"embeddable":true,"href":"https:\/\/ibomberdefense.standardof.net\/es\/wp-json\/wp\/v2\/media\/83"}],"wp:attachment":[{"href":"https:\/\/ibomberdefense.standardof.net\/es\/wp-json\/wp\/v2\/media?parent=322"}],"curies":[{"name":"wp","href":"https:\/\/api.w.org\/{rel}","templated":true}]}}