{"id":325,"date":"2020-10-19T07:17:25","date_gmt":"2020-10-19T07:17:25","guid":{"rendered":"https:\/\/ibomberdefense.standardof.net\/?page_id=325"},"modified":"2020-10-19T08:05:18","modified_gmt":"2020-10-19T08:05:18","slug":"5-north-east-africa-desert-dusk","status":"publish","type":"page","link":"https:\/\/ibomberdefense.standardof.net\/es\/guide\/campana-eje\/5-norte-este-africa-desierto-anochecer\/","title":{"rendered":"5. \u00c1frica nororiental: atardecer en el desierto"},"content":{"rendered":"<div class=\"wp-block-image\"><figure class=\"aligncenter size-large\"><a href=\"https:\/\/ibomberdefense.standardof.net\/es\/guide\/campana-eje\/5-norte-este-africa-desierto-anochecer\/ibomber-defense-axis-campaign-05-north-east-africa-desert-dusk-1\/\"><img decoding=\"async\" width=\"800\" height=\"450\" src=\"https:\/\/ibomberdefense.standardof.net\/wp-content\/uploads\/sites\/5\/2020\/10\/iBomber-Defense-Axis-Campaign-05.-North-East-Africa-Desert-Dusk-1-800x450.jpg\" alt=\"&quot;iBomber Defense&quot; - Campa\u00f1a del Eje - 05. Noreste de \u00c1frica: Atardecer en el desierto (1)\" class=\"wp-image-92\" title=\"\" srcset=\"https:\/\/ibomberdefense.standardof.net\/wp-content\/uploads\/sites\/5\/2020\/10\/iBomber-Defense-Axis-Campaign-05.-North-East-Africa-Desert-Dusk-1-800x450.jpg 800w, https:\/\/ibomberdefense.standardof.net\/wp-content\/uploads\/sites\/5\/2020\/10\/iBomber-Defense-Axis-Campaign-05.-North-East-Africa-Desert-Dusk-1-512x288.jpg 512w, https:\/\/ibomberdefense.standardof.net\/wp-content\/uploads\/sites\/5\/2020\/10\/iBomber-Defense-Axis-Campaign-05.-North-East-Africa-Desert-Dusk-1-200x113.jpg 200w, https:\/\/ibomberdefense.standardof.net\/wp-content\/uploads\/sites\/5\/2020\/10\/iBomber-Defense-Axis-Campaign-05.-North-East-Africa-Desert-Dusk-1-768x432.jpg 768w, https:\/\/ibomberdefense.standardof.net\/wp-content\/uploads\/sites\/5\/2020\/10\/iBomber-Defense-Axis-Campaign-05.-North-East-Africa-Desert-Dusk-1-16x9.jpg 16w, https:\/\/ibomberdefense.standardof.net\/wp-content\/uploads\/sites\/5\/2020\/10\/iBomber-Defense-Axis-Campaign-05.-North-East-Africa-Desert-Dusk-1.jpg 1280w\" sizes=\"(max-width: 800px) 100vw, 800px\" \/><\/a><figcaption>Rutas enemigas en el nivel &quot;Desert Dusk&quot; de &quot;iBomber Defense&quot; del noreste de \u00c1frica. La l\u00ednea azul la toman los aviones.<\/figcaption><\/figure><\/div>\n\n\n\n<p>Mission 5 n the Axis Campaign es el primer nivel para introducir aviones enemigos, que te llevar\u00e1n a las arenas del desierto del noreste de \u00c1frica en &quot;Desert Dusk&quot;. Tendr\u00e1s que defenderte de 30 oleadas completas de enemigos con aviones haciendo su primera aparici\u00f3n durante la oleada 20.<\/p>\n\n\n\n<p>La ubicaci\u00f3n de la torreta en este nivel se centrar\u00e1 en aprovechar las numerosas mesetas por sus bonificaciones de terreno elevado proporcionadas al alcance de todas las torretas. A lo largo de todo el nivel, debes evitar por completo colocar una de tus torretas en un terreno bajo considerando la cantidad de posiciones elevadas disponibles.<\/p>\n\n\n\n<h3 class=\"wp-block-heading\"><strong>Colocaci\u00f3n de la torreta<\/strong><\/h3>\n\n\n\n<figure class=\"wp-block-gallery columns-2 is-cropped wp-block-gallery-1 is-layout-flex wp-block-gallery-is-layout-flex\"><ul class=\"blocks-gallery-grid\"><li class=\"blocks-gallery-item\"><figure><a href=\"https:\/\/ibomberdefense.standardof.net\/es\/guide\/campana-eje\/5-norte-este-africa-desierto-anochecer\/ibomber-defense-axis-campaign-05-north-east-africa-desert-dusk-2\/\"><img decoding=\"async\" width=\"800\" height=\"450\" src=\"https:\/\/ibomberdefense.standardof.net\/wp-content\/uploads\/sites\/5\/2020\/10\/iBomber-Defense-Axis-Campaign-05.-North-East-Africa-Desert-Dusk-2-800x450.jpg\" alt=\"&quot;iBomber Defense&quot; - Campa\u00f1a del Eje - 05. Noreste de \u00c1frica: Atardecer en el desierto (2)\" data-id=\"93\" data-full-url=\"https:\/\/ibomberdefense.standardof.net\/wp-content\/uploads\/sites\/5\/2020\/10\/iBomber-Defense-Axis-Campaign-05.-North-East-Africa-Desert-Dusk-2.jpg\" data-link=\"https:\/\/ibomberdefense.standardof.net\/guide\/axis-campaign\/5-north-east-africa-desert-dusk\/ibomber-defense-axis-campaign-05-north-east-africa-desert-dusk-2\/\" class=\"wp-image-93\" title=\"\" srcset=\"https:\/\/ibomberdefense.standardof.net\/wp-content\/uploads\/sites\/5\/2020\/10\/iBomber-Defense-Axis-Campaign-05.-North-East-Africa-Desert-Dusk-2-800x450.jpg 800w, https:\/\/ibomberdefense.standardof.net\/wp-content\/uploads\/sites\/5\/2020\/10\/iBomber-Defense-Axis-Campaign-05.-North-East-Africa-Desert-Dusk-2-512x288.jpg 512w, https:\/\/ibomberdefense.standardof.net\/wp-content\/uploads\/sites\/5\/2020\/10\/iBomber-Defense-Axis-Campaign-05.-North-East-Africa-Desert-Dusk-2-200x113.jpg 200w, https:\/\/ibomberdefense.standardof.net\/wp-content\/uploads\/sites\/5\/2020\/10\/iBomber-Defense-Axis-Campaign-05.-North-East-Africa-Desert-Dusk-2-768x432.jpg 768w, https:\/\/ibomberdefense.standardof.net\/wp-content\/uploads\/sites\/5\/2020\/10\/iBomber-Defense-Axis-Campaign-05.-North-East-Africa-Desert-Dusk-2-16x9.jpg 16w, https:\/\/ibomberdefense.standardof.net\/wp-content\/uploads\/sites\/5\/2020\/10\/iBomber-Defense-Axis-Campaign-05.-North-East-Africa-Desert-Dusk-2.jpg 1280w\" sizes=\"(max-width: 800px) 100vw, 800px\" \/><\/a><figcaption class=\"blocks-gallery-item__caption\">Colocaci\u00f3n de la torreta Wave 10.<\/figcaption><\/figure><\/li><li class=\"blocks-gallery-item\"><figure><a href=\"https:\/\/ibomberdefense.standardof.net\/es\/guide\/campana-eje\/5-norte-este-africa-desierto-anochecer\/ibomber-defense-axis-campaign-05-north-east-africa-desert-dusk-3\/\"><img decoding=\"async\" width=\"800\" height=\"450\" src=\"https:\/\/ibomberdefense.standardof.net\/wp-content\/uploads\/sites\/5\/2020\/10\/iBomber-Defense-Axis-Campaign-05.-North-East-Africa-Desert-Dusk-3-800x450.jpg\" alt=\"&quot;iBomber Defense&quot; - Campa\u00f1a del Eje - 05. Noreste de \u00c1frica: Anochecer del desierto (3)\" data-id=\"94\" data-full-url=\"https:\/\/ibomberdefense.standardof.net\/wp-content\/uploads\/sites\/5\/2020\/10\/iBomber-Defense-Axis-Campaign-05.-North-East-Africa-Desert-Dusk-3.jpg\" data-link=\"https:\/\/ibomberdefense.standardof.net\/guide\/axis-campaign\/5-north-east-africa-desert-dusk\/ibomber-defense-axis-campaign-05-north-east-africa-desert-dusk-3\/\" class=\"wp-image-94\" title=\"\" srcset=\"https:\/\/ibomberdefense.standardof.net\/wp-content\/uploads\/sites\/5\/2020\/10\/iBomber-Defense-Axis-Campaign-05.-North-East-Africa-Desert-Dusk-3-800x450.jpg 800w, https:\/\/ibomberdefense.standardof.net\/wp-content\/uploads\/sites\/5\/2020\/10\/iBomber-Defense-Axis-Campaign-05.-North-East-Africa-Desert-Dusk-3-512x288.jpg 512w, https:\/\/ibomberdefense.standardof.net\/wp-content\/uploads\/sites\/5\/2020\/10\/iBomber-Defense-Axis-Campaign-05.-North-East-Africa-Desert-Dusk-3-200x113.jpg 200w, https:\/\/ibomberdefense.standardof.net\/wp-content\/uploads\/sites\/5\/2020\/10\/iBomber-Defense-Axis-Campaign-05.-North-East-Africa-Desert-Dusk-3-768x432.jpg 768w, https:\/\/ibomberdefense.standardof.net\/wp-content\/uploads\/sites\/5\/2020\/10\/iBomber-Defense-Axis-Campaign-05.-North-East-Africa-Desert-Dusk-3-16x9.jpg 16w, https:\/\/ibomberdefense.standardof.net\/wp-content\/uploads\/sites\/5\/2020\/10\/iBomber-Defense-Axis-Campaign-05.-North-East-Africa-Desert-Dusk-3.jpg 1280w\" sizes=\"(max-width: 800px) 100vw, 800px\" \/><\/a><figcaption class=\"blocks-gallery-item__caption\">Colocaci\u00f3n de la torreta Wave 20.<\/figcaption><\/figure><\/li><\/ul><\/figure>\n\n\n\n<p>Wave uno a diez se remonta a la antigua &quot;coloquemos algunas ametralladoras&quot;: estrategia para hacer frente a las ondas iniciales de unidades de luz mientras proporciona un medio para absorber el da\u00f1o de las torretas m\u00e1s caras colocadas m\u00e1s tarde. Tres deben pasar por la base de operaciones a lo largo de los bordes del terreno elevado con dos colocados en las mesetas m\u00e1s occidentales, uno para cada entrada principal. Todo debe estar al m\u00e1ximo en el nivel 10.<\/p>\n\n\n\n<p>En tu camino hacia la oleada veinte, conc\u00e9ntrate en conseguir dos torretas Inferno, una en cada una de las mesetas del este para ralentizar al enemigo mientras te concentras en conseguir un Arma X completamente potenciada (3 escalones o formas de V doradas) en funcionamiento, colocadas cerca las torretas MG al m\u00e1ximo. Un par de ca\u00f1ones estar\u00e1 bien, pero el X-Weapon es como un ca\u00f1\u00f3n de cena y deber\u00eda ser tu m\u00e1xima prioridad de aqu\u00ed en adelante. Aseg\u00farate de tener una pistola AA justo antes del nivel 20.<\/p>\n\n\n\n<p>Una X-Weapon con impulso completo deber\u00eda ser suficiente, y el resto de sus fondos se destinar\u00e1 a actualizar su torreta AA al nivel 2 con un segundo nivel 1 a lo largo de la ruta del avi\u00f3n. M\u00e1s all\u00e1 de eso, trabaje en la construcci\u00f3n de ca\u00f1ones de nivel tres cerca de la base para ayudar a eliminar unidades blindadas con campos de fuego superpuestos. Los Infiernos de nivel 2 tambi\u00e9n pueden ser un uso \u00fatil de los recursos.<\/p>\n\n\n\n<div class=\"wp-block-image\"><figure class=\"aligncenter size-large\"><a href=\"https:\/\/ibomberdefense.standardof.net\/es\/guide\/campana-eje\/5-norte-este-africa-desierto-anochecer\/ibomber-defense-axis-campaign-05-north-east-africa-desert-dusk-4\/\"><img decoding=\"async\" width=\"800\" height=\"450\" src=\"https:\/\/ibomberdefense.standardof.net\/wp-content\/uploads\/sites\/5\/2020\/10\/iBomber-Defense-Axis-Campaign-05.-North-East-Africa-Desert-Dusk-4-800x450.jpg\" alt=\"&quot;iBomber Defense&quot; - Campa\u00f1a del Eje - 05. Noreste de \u00c1frica: Atardecer en el desierto (4)\" class=\"wp-image-95\" title=\"\" srcset=\"https:\/\/ibomberdefense.standardof.net\/wp-content\/uploads\/sites\/5\/2020\/10\/iBomber-Defense-Axis-Campaign-05.-North-East-Africa-Desert-Dusk-4-800x450.jpg 800w, https:\/\/ibomberdefense.standardof.net\/wp-content\/uploads\/sites\/5\/2020\/10\/iBomber-Defense-Axis-Campaign-05.-North-East-Africa-Desert-Dusk-4-512x288.jpg 512w, https:\/\/ibomberdefense.standardof.net\/wp-content\/uploads\/sites\/5\/2020\/10\/iBomber-Defense-Axis-Campaign-05.-North-East-Africa-Desert-Dusk-4-200x113.jpg 200w, https:\/\/ibomberdefense.standardof.net\/wp-content\/uploads\/sites\/5\/2020\/10\/iBomber-Defense-Axis-Campaign-05.-North-East-Africa-Desert-Dusk-4-768x432.jpg 768w, https:\/\/ibomberdefense.standardof.net\/wp-content\/uploads\/sites\/5\/2020\/10\/iBomber-Defense-Axis-Campaign-05.-North-East-Africa-Desert-Dusk-4-16x9.jpg 16w, https:\/\/ibomberdefense.standardof.net\/wp-content\/uploads\/sites\/5\/2020\/10\/iBomber-Defense-Axis-Campaign-05.-North-East-Africa-Desert-Dusk-4.jpg 1280w\" sizes=\"(max-width: 800px) 100vw, 800px\" \/><\/a><figcaption>Colocaci\u00f3n de la torreta Wave 30.<\/figcaption><\/figure><\/div>\n\n\n\n<h3 class=\"wp-block-heading\"><strong>Gasto en puntos de victoria<\/strong><\/h3>\n\n\n\n<p>Toma los dos puntos de victoria ganados con la finalizaci\u00f3n de este nivel y coloca uno en X-Weapon y el otro en Repair, ya que ambos ser\u00e1n de mayor demanda en los siguientes niveles.<\/p>\n\n\n\n<p>Los rangos actuales de elementos desbloqueados son:<br>Machine Gun y Cannon son de nivel 3, todo lo dem\u00e1s es de nivel 2.<\/p>\n\n\n\n<hr class=\"wp-block-separator\"\/>\n\n\n\n<h4 class=\"has-text-align-center wp-block-heading\">Gu\u00eda de video<\/h4>\n\n\n\n<figure class=\"wp-block-embed-youtube wp-block-embed is-type-video is-provider-youtube wp-embed-aspect-16-9 wp-has-aspect-ratio\"><div class=\"wp-block-embed__wrapper\">\n<div class=\"ast-oembed-container\" style=\"height: 100%;\"><iframe title=\"iBomber Defense - Noreste de \u00c1frica - Desert Dusk - Veterano + Perfecto\" width=\"500\" height=\"281\" src=\"https:\/\/www.youtube.com\/embed\/QR9dh_1PO6k?feature=oembed\" frameborder=\"0\" allow=\"accelerometer; autoplay; clipboard-write; encrypted-media; gyroscope; picture-in-picture; web-share\" referrerpolicy=\"strict-origin-when-cross-origin\" allowfullscreen><\/iframe><\/div>\n<\/div><\/figure>","protected":false},"excerpt":{"rendered":"<p>Mission 5 n the Axis Campaign is the first level to introduce enemy aircraft, taking you to the desert sands of North East Africa in &#8220;Desert Dusk&#8221;. You will need to fend off 30 full waves of enemies with aircraft making their first appearance during wave 20. Turret placement in this level will focus on [&hellip;]<\/p>","protected":false},"author":1,"featured_media":95,"parent":268,"menu_order":5,"comment_status":"open","ping_status":"closed","template":"","meta":{"_uag_custom_page_level_css":"","site-sidebar-layout":"default","site-content-layout":"default","ast-site-content-layout":"","site-content-style":"default","site-sidebar-style":"default","ast-global-header-display":"","ast-banner-title-visibility":"","ast-main-header-display":"","ast-hfb-above-header-display":"","ast-hfb-below-header-display":"","ast-hfb-mobile-header-display":"","site-post-title":"","ast-breadcrumbs-content":"","ast-featured-img":"","footer-sml-layout":"","theme-transparent-header-meta":"default","adv-header-id-meta":"","stick-header-meta":"","header-above-stick-meta":"","header-main-stick-meta":"","header-below-stick-meta":"","astra-migrate-meta-layouts":"default","ast-page-background-enabled":"default","ast-page-background-meta":{"desktop":{"background-color":"","background-image":"","background-repeat":"repeat","background-position":"center center","background-size":"auto","background-attachment":"scroll","background-type":"","background-media":"","overlay-type":"","overlay-color":"","overlay-gradient":""},"tablet":{"background-color":"","background-image":"","background-repeat":"repeat","background-position":"center center","background-size":"auto","background-attachment":"scroll","background-type":"","background-media":"","overlay-type":"","overlay-color":"","overlay-gradient":""},"mobile":{"background-color":"","background-image":"","background-repeat":"repeat","background-position":"center center","background-size":"auto","background-attachment":"scroll","background-type":"","background-media":"","overlay-type":"","overlay-color":"","overlay-gradient":""}},"ast-content-background-meta":{"desktop":{"background-color":"var(--ast-global-color-5)","background-image":"","background-repeat":"repeat","background-position":"center center","background-size":"auto","background-attachment":"scroll","background-type":"","background-media":"","overlay-type":"","overlay-color":"","overlay-gradient":""},"tablet":{"background-color":"var(--ast-global-color-5)","background-image":"","background-repeat":"repeat","background-position":"center center","background-size":"auto","background-attachment":"scroll","background-type":"","background-media":"","overlay-type":"","overlay-color":"","overlay-gradient":""},"mobile":{"background-color":"var(--ast-global-color-5)","background-image":"","background-repeat":"repeat","background-position":"center center","background-size":"auto","background-attachment":"scroll","background-type":"","background-media":"","overlay-type":"","overlay-color":"","overlay-gradient":""}},"footnotes":""},"uagb_featured_image_src":{"full":["https:\/\/ibomberdefense.standardof.net\/wp-content\/uploads\/sites\/5\/2020\/10\/iBomber-Defense-Axis-Campaign-05.-North-East-Africa-Desert-Dusk-4.jpg",1280,720,false],"thumbnail":["https:\/\/ibomberdefense.standardof.net\/wp-content\/uploads\/sites\/5\/2020\/10\/iBomber-Defense-Axis-Campaign-05.-North-East-Africa-Desert-Dusk-4-200x113.jpg",200,113,true],"medium":["https:\/\/ibomberdefense.standardof.net\/wp-content\/uploads\/sites\/5\/2020\/10\/iBomber-Defense-Axis-Campaign-05.-North-East-Africa-Desert-Dusk-4-512x288.jpg",512,288,true],"medium_large":["https:\/\/ibomberdefense.standardof.net\/wp-content\/uploads\/sites\/5\/2020\/10\/iBomber-Defense-Axis-Campaign-05.-North-East-Africa-Desert-Dusk-4-768x432.jpg",768,432,true],"large":["https:\/\/ibomberdefense.standardof.net\/wp-content\/uploads\/sites\/5\/2020\/10\/iBomber-Defense-Axis-Campaign-05.-North-East-Africa-Desert-Dusk-4-800x450.jpg",800,450,true],"1536x1536":["https:\/\/ibomberdefense.standardof.net\/wp-content\/uploads\/sites\/5\/2020\/10\/iBomber-Defense-Axis-Campaign-05.-North-East-Africa-Desert-Dusk-4.jpg",1280,720,false],"2048x2048":["https:\/\/ibomberdefense.standardof.net\/wp-content\/uploads\/sites\/5\/2020\/10\/iBomber-Defense-Axis-Campaign-05.-North-East-Africa-Desert-Dusk-4.jpg",1280,720,false],"trp-custom-language-flag":["https:\/\/ibomberdefense.standardof.net\/wp-content\/uploads\/sites\/5\/2020\/10\/iBomber-Defense-Axis-Campaign-05.-North-East-Africa-Desert-Dusk-4-16x9.jpg",16,9,true]},"uagb_author_info":{"display_name":"SOE","author_link":"https:\/\/ibomberdefense.standardof.net\/es\/author\/k-tastic\/"},"uagb_comment_info":0,"uagb_excerpt":"Mission 5 n the Axis Campaign is the first level to introduce enemy aircraft, taking you to the desert sands of North East Africa in &#8220;Desert Dusk&#8221;. You will need to fend off 30 full waves of enemies with aircraft making their first appearance during wave 20. Turret placement in this level will focus on&hellip;","_links":{"self":[{"href":"https:\/\/ibomberdefense.standardof.net\/es\/wp-json\/wp\/v2\/pages\/325"}],"collection":[{"href":"https:\/\/ibomberdefense.standardof.net\/es\/wp-json\/wp\/v2\/pages"}],"about":[{"href":"https:\/\/ibomberdefense.standardof.net\/es\/wp-json\/wp\/v2\/types\/page"}],"author":[{"embeddable":true,"href":"https:\/\/ibomberdefense.standardof.net\/es\/wp-json\/wp\/v2\/users\/1"}],"replies":[{"embeddable":true,"href":"https:\/\/ibomberdefense.standardof.net\/es\/wp-json\/wp\/v2\/comments?post=325"}],"version-history":[{"count":0,"href":"https:\/\/ibomberdefense.standardof.net\/es\/wp-json\/wp\/v2\/pages\/325\/revisions"}],"up":[{"embeddable":true,"href":"https:\/\/ibomberdefense.standardof.net\/es\/wp-json\/wp\/v2\/pages\/268"}],"wp:featuredmedia":[{"embeddable":true,"href":"https:\/\/ibomberdefense.standardof.net\/es\/wp-json\/wp\/v2\/media\/95"}],"wp:attachment":[{"href":"https:\/\/ibomberdefense.standardof.net\/es\/wp-json\/wp\/v2\/media?parent=325"}],"curies":[{"name":"wp","href":"https:\/\/api.w.org\/{rel}","templated":true}]}}