{"id":326,"date":"2020-10-19T07:17:42","date_gmt":"2020-10-19T07:17:42","guid":{"rendered":"https:\/\/ibomberdefense.standardof.net\/?page_id=326"},"modified":"2020-10-19T08:05:23","modified_gmt":"2020-10-19T08:05:23","slug":"6-south-east-europe-heat-wave","status":"publish","type":"page","link":"https:\/\/ibomberdefense.standardof.net\/es\/guide\/campana-eje\/6-ola-de-calor-del-sureste-de-europa\/","title":{"rendered":"6. Sudeste de Europa: Ola de calor"},"content":{"rendered":"<div class=\"wp-block-image\"><figure class=\"aligncenter size-large\"><a href=\"https:\/\/ibomberdefense.standardof.net\/es\/guide\/campana-eje\/6-ola-de-calor-del-sureste-de-europa\/ibomber-defense-axis-campaign-06-south-east-europe-heat-wave-1\/\"><img decoding=\"async\" width=\"800\" height=\"450\" src=\"https:\/\/ibomberdefense.standardof.net\/wp-content\/uploads\/sites\/5\/2020\/10\/iBomber-Defense-Axis-Campaign-06.-South-East-Europe-Heat-Wave-1-800x450.jpg\" alt=\"&quot;iBomber Defense&quot; - Campa\u00f1a Axis - 06. Sudeste de Europa: Ola de calor (1)\" class=\"wp-image-96\" title=\"\" srcset=\"https:\/\/ibomberdefense.standardof.net\/wp-content\/uploads\/sites\/5\/2020\/10\/iBomber-Defense-Axis-Campaign-06.-South-East-Europe-Heat-Wave-1-800x450.jpg 800w, https:\/\/ibomberdefense.standardof.net\/wp-content\/uploads\/sites\/5\/2020\/10\/iBomber-Defense-Axis-Campaign-06.-South-East-Europe-Heat-Wave-1-512x288.jpg 512w, https:\/\/ibomberdefense.standardof.net\/wp-content\/uploads\/sites\/5\/2020\/10\/iBomber-Defense-Axis-Campaign-06.-South-East-Europe-Heat-Wave-1-200x113.jpg 200w, https:\/\/ibomberdefense.standardof.net\/wp-content\/uploads\/sites\/5\/2020\/10\/iBomber-Defense-Axis-Campaign-06.-South-East-Europe-Heat-Wave-1-768x432.jpg 768w, https:\/\/ibomberdefense.standardof.net\/wp-content\/uploads\/sites\/5\/2020\/10\/iBomber-Defense-Axis-Campaign-06.-South-East-Europe-Heat-Wave-1-16x9.jpg 16w, https:\/\/ibomberdefense.standardof.net\/wp-content\/uploads\/sites\/5\/2020\/10\/iBomber-Defense-Axis-Campaign-06.-South-East-Europe-Heat-Wave-1.jpg 1280w\" sizes=\"(max-width: 800px) 100vw, 800px\" \/><\/a><figcaption>Mapa de las rutas tomadas por el enemigo en el sureste de Europa \u201cOla de calor\u201d con aviones representados por la l\u00ednea azul.<\/figcaption><\/figure><\/div>\n\n\n\n<p>En el sudeste de Europa, &quot;Ola de calor&quot; vuelve a algunos terrenos familiares, sin embargo cambiados de una manera en la que se le llama acertadamente. El lago que exist\u00eda anteriormente aqu\u00ed se ha secado por completo, lo que a\u00fan le impide colocar torretas en esta \u00e1rea, sin embargo, abre una nueva ruta de ataque contra su base. Las unidades terrestres a las que te enfrentar\u00e1s en este nivel se complementar\u00e1n con aviones en la ola 15, con 30 olas en total para abrirte camino.<\/p>\n\n\n\n<p>La ubicaci\u00f3n de las torretas debe centrarse en crear una l\u00ednea defensiva gruesa cerca de la convergencia final antes de su base de operaciones, con torretas que se extienden desde el centro de este punto de encuentro tanto al norte como al este para cubrir las unidades que se acercan. Las torretas AA pueden ocupar la isla de espacio edificable en el lago seco.<\/p>\n\n\n\n<h3 class=\"wp-block-heading\"><strong>Colocaci\u00f3n de la torreta<\/strong><\/h3>\n\n\n\n<figure class=\"wp-block-gallery columns-2 is-cropped wp-block-gallery-1 is-layout-flex wp-block-gallery-is-layout-flex\"><ul class=\"blocks-gallery-grid\"><li class=\"blocks-gallery-item\"><figure><a href=\"https:\/\/ibomberdefense.standardof.net\/es\/guide\/campana-eje\/6-ola-de-calor-del-sureste-de-europa\/ibomber-defense-axis-campaign-06-south-east-europe-heat-wave-2\/\"><img decoding=\"async\" width=\"800\" height=\"450\" src=\"https:\/\/ibomberdefense.standardof.net\/wp-content\/uploads\/sites\/5\/2020\/10\/iBomber-Defense-Axis-Campaign-06.-South-East-Europe-Heat-Wave-2-800x450.jpg\" alt=\"&quot;iBomber Defense&quot; - Campa\u00f1a Axis - 06. Sudeste de Europa: Ola de calor (2)\" data-id=\"97\" data-full-url=\"https:\/\/ibomberdefense.standardof.net\/wp-content\/uploads\/sites\/5\/2020\/10\/iBomber-Defense-Axis-Campaign-06.-South-East-Europe-Heat-Wave-2.jpg\" data-link=\"https:\/\/ibomberdefense.standardof.net\/guide\/axis-campaign\/6-south-east-europe-heat-wave\/ibomber-defense-axis-campaign-06-south-east-europe-heat-wave-2\/\" class=\"wp-image-97\" title=\"\" srcset=\"https:\/\/ibomberdefense.standardof.net\/wp-content\/uploads\/sites\/5\/2020\/10\/iBomber-Defense-Axis-Campaign-06.-South-East-Europe-Heat-Wave-2-800x450.jpg 800w, https:\/\/ibomberdefense.standardof.net\/wp-content\/uploads\/sites\/5\/2020\/10\/iBomber-Defense-Axis-Campaign-06.-South-East-Europe-Heat-Wave-2-512x288.jpg 512w, https:\/\/ibomberdefense.standardof.net\/wp-content\/uploads\/sites\/5\/2020\/10\/iBomber-Defense-Axis-Campaign-06.-South-East-Europe-Heat-Wave-2-200x113.jpg 200w, https:\/\/ibomberdefense.standardof.net\/wp-content\/uploads\/sites\/5\/2020\/10\/iBomber-Defense-Axis-Campaign-06.-South-East-Europe-Heat-Wave-2-768x432.jpg 768w, https:\/\/ibomberdefense.standardof.net\/wp-content\/uploads\/sites\/5\/2020\/10\/iBomber-Defense-Axis-Campaign-06.-South-East-Europe-Heat-Wave-2-16x9.jpg 16w, https:\/\/ibomberdefense.standardof.net\/wp-content\/uploads\/sites\/5\/2020\/10\/iBomber-Defense-Axis-Campaign-06.-South-East-Europe-Heat-Wave-2.jpg 1280w\" sizes=\"(max-width: 800px) 100vw, 800px\" \/><\/a><figcaption class=\"blocks-gallery-item__caption\">Colocaci\u00f3n de la torreta Wave 10.<\/figcaption><\/figure><\/li><li class=\"blocks-gallery-item\"><figure><a href=\"https:\/\/ibomberdefense.standardof.net\/es\/guide\/campana-eje\/6-ola-de-calor-del-sureste-de-europa\/ibomber-defense-axis-campaign-06-south-east-europe-heat-wave-3\/\"><img decoding=\"async\" width=\"800\" height=\"450\" src=\"https:\/\/ibomberdefense.standardof.net\/wp-content\/uploads\/sites\/5\/2020\/10\/iBomber-Defense-Axis-Campaign-06.-South-East-Europe-Heat-Wave-3-800x450.jpg\" alt=\"&quot;iBomber Defense&quot; - Campa\u00f1a Axis - 06. Sudeste de Europa: Ola de calor (3)\" data-id=\"98\" data-full-url=\"https:\/\/ibomberdefense.standardof.net\/wp-content\/uploads\/sites\/5\/2020\/10\/iBomber-Defense-Axis-Campaign-06.-South-East-Europe-Heat-Wave-3.jpg\" data-link=\"https:\/\/ibomberdefense.standardof.net\/guide\/axis-campaign\/6-south-east-europe-heat-wave\/ibomber-defense-axis-campaign-06-south-east-europe-heat-wave-3\/\" class=\"wp-image-98\" title=\"\" srcset=\"https:\/\/ibomberdefense.standardof.net\/wp-content\/uploads\/sites\/5\/2020\/10\/iBomber-Defense-Axis-Campaign-06.-South-East-Europe-Heat-Wave-3-800x450.jpg 800w, https:\/\/ibomberdefense.standardof.net\/wp-content\/uploads\/sites\/5\/2020\/10\/iBomber-Defense-Axis-Campaign-06.-South-East-Europe-Heat-Wave-3-512x288.jpg 512w, https:\/\/ibomberdefense.standardof.net\/wp-content\/uploads\/sites\/5\/2020\/10\/iBomber-Defense-Axis-Campaign-06.-South-East-Europe-Heat-Wave-3-200x113.jpg 200w, https:\/\/ibomberdefense.standardof.net\/wp-content\/uploads\/sites\/5\/2020\/10\/iBomber-Defense-Axis-Campaign-06.-South-East-Europe-Heat-Wave-3-768x432.jpg 768w, https:\/\/ibomberdefense.standardof.net\/wp-content\/uploads\/sites\/5\/2020\/10\/iBomber-Defense-Axis-Campaign-06.-South-East-Europe-Heat-Wave-3-16x9.jpg 16w, https:\/\/ibomberdefense.standardof.net\/wp-content\/uploads\/sites\/5\/2020\/10\/iBomber-Defense-Axis-Campaign-06.-South-East-Europe-Heat-Wave-3.jpg 1280w\" sizes=\"(max-width: 800px) 100vw, 800px\" \/><\/a><figcaption class=\"blocks-gallery-item__caption\">Colocaci\u00f3n de la torreta Wave 20.<\/figcaption><\/figure><\/li><\/ul><\/figure>\n\n\n\n<p>Comenzando su tiempo una vez m\u00e1s para la inversi\u00f3n inicial de torretas de ametralladoras, coloc\u00e1ndolas justo en el punto donde las carreteras se encuentran junto a su base. Intenta tener 5 al m\u00e1ximo al final del nivel 10.<\/p>\n\n\n\n<p>Continuando en el nivel, aseg\u00farese de tener su AA colocado al final de la ola 14 para acomodar a los primeros grupos de aviones en 15. Aparte de eso, aseg\u00farese de ahorrar para un Arma X que se puede colocar junto a algunos torretas mejoradas para potencia de fuego mejorada. Como la misi\u00f3n anterior y las siguientes, estas son tu as en la manga.<\/p>\n\n\n\n<p>A partir de la oleada 20, ahorre para colocar una torreta Inferno en cada uno de los caminos principales que se encuentran antes de su base para gestionar su flujo. Para la oleada 30, deber\u00edas tener 2 torretas AA de segundo nivel, una mejora de segundo nivel para tu X-Weapon y el resto del dinero gastado en ca\u00f1ones de nivel 3.<\/p>\n\n\n\n<div class=\"wp-block-image\"><figure class=\"aligncenter size-large\"><a href=\"https:\/\/ibomberdefense.standardof.net\/es\/guide\/campana-eje\/6-ola-de-calor-del-sureste-de-europa\/ibomber-defense-axis-campaign-06-south-east-europe-heat-wave-4\/\"><img decoding=\"async\" width=\"800\" height=\"450\" src=\"https:\/\/ibomberdefense.standardof.net\/wp-content\/uploads\/sites\/5\/2020\/10\/iBomber-Defense-Axis-Campaign-06.-South-East-Europe-Heat-Wave-4-800x450.jpg\" alt=\"&quot;iBomber Defense&quot; - Campa\u00f1a Axis - 06. Sudeste de Europa: Ola de calor (4)\" class=\"wp-image-99\" title=\"\" srcset=\"https:\/\/ibomberdefense.standardof.net\/wp-content\/uploads\/sites\/5\/2020\/10\/iBomber-Defense-Axis-Campaign-06.-South-East-Europe-Heat-Wave-4-800x450.jpg 800w, https:\/\/ibomberdefense.standardof.net\/wp-content\/uploads\/sites\/5\/2020\/10\/iBomber-Defense-Axis-Campaign-06.-South-East-Europe-Heat-Wave-4-512x288.jpg 512w, https:\/\/ibomberdefense.standardof.net\/wp-content\/uploads\/sites\/5\/2020\/10\/iBomber-Defense-Axis-Campaign-06.-South-East-Europe-Heat-Wave-4-200x113.jpg 200w, https:\/\/ibomberdefense.standardof.net\/wp-content\/uploads\/sites\/5\/2020\/10\/iBomber-Defense-Axis-Campaign-06.-South-East-Europe-Heat-Wave-4-768x432.jpg 768w, https:\/\/ibomberdefense.standardof.net\/wp-content\/uploads\/sites\/5\/2020\/10\/iBomber-Defense-Axis-Campaign-06.-South-East-Europe-Heat-Wave-4-16x9.jpg 16w, https:\/\/ibomberdefense.standardof.net\/wp-content\/uploads\/sites\/5\/2020\/10\/iBomber-Defense-Axis-Campaign-06.-South-East-Europe-Heat-Wave-4.jpg 1280w\" sizes=\"(max-width: 800px) 100vw, 800px\" \/><\/a><figcaption>Colocaci\u00f3n de la torreta al final de la oleada 30.<\/figcaption><\/figure><\/div>\n\n\n\n<h3 class=\"wp-block-heading\"><strong>Gasto en puntos de victoria<\/strong><\/h3>\n\n\n\n<p>Ahora es un buen momento para poner un tercer punto en la actualizaci\u00f3n de Compra, lo que le brinda los mayores fondos iniciales posibles que pueden marcar la diferencia de ahora en adelante. Las torretas AA de tercer nivel tambi\u00e9n son valiosas considerando que su armamento ser\u00e1 necesario y es mejor no tener que perder espacio en varias armas AA de nivel 2, donde un par de armas de nivel 3 funcionar\u00e1n bien.<\/p>\n\n\n\n<p>Ahora todo deber\u00eda estar al m\u00e1ximo, excepto Firestorm, X-Weapon y Repair, que deber\u00edan estar en el nivel 2.<\/p>\n\n\n\n<hr class=\"wp-block-separator\"\/>\n\n\n\n<h4 class=\"has-text-align-center wp-block-heading\">Gu\u00eda de video<\/h4>\n\n\n\n<figure class=\"wp-block-embed-youtube wp-block-embed is-type-video is-provider-youtube wp-embed-aspect-16-9 wp-has-aspect-ratio\"><div class=\"wp-block-embed__wrapper\">\n<div class=\"ast-oembed-container\" style=\"height: 100%;\"><iframe title=\"iBomber Defense - Sureste de Europa - Ola de calor - Veterano + Perfecto\" width=\"500\" height=\"281\" src=\"https:\/\/www.youtube.com\/embed\/3JA-d9zddsg?feature=oembed\" frameborder=\"0\" allow=\"accelerometer; autoplay; clipboard-write; encrypted-media; gyroscope; picture-in-picture; web-share\" referrerpolicy=\"strict-origin-when-cross-origin\" allowfullscreen><\/iframe><\/div>\n<\/div><\/figure>","protected":false},"excerpt":{"rendered":"<p>In South East Europe, &#8220;Heat Wave&#8221; you return to some familiar grounds, however changed in a way in which it is aptly named. The lake which previously existed here has completely dried up, still keeping you from placing turrets in this area, however opening up a new rout of attack against your base. The ground [&hellip;]<\/p>","protected":false},"author":1,"featured_media":99,"parent":268,"menu_order":6,"comment_status":"open","ping_status":"closed","template":"","meta":{"_uag_custom_page_level_css":"","site-sidebar-layout":"default","site-content-layout":"default","ast-site-content-layout":"","site-content-style":"default","site-sidebar-style":"default","ast-global-header-display":"","ast-banner-title-visibility":"","ast-main-header-display":"","ast-hfb-above-header-display":"","ast-hfb-below-header-display":"","ast-hfb-mobile-header-display":"","site-post-title":"","ast-breadcrumbs-content":"","ast-featured-img":"","footer-sml-layout":"","theme-transparent-header-meta":"default","adv-header-id-meta":"","stick-header-meta":"","header-above-stick-meta":"","header-main-stick-meta":"","header-below-stick-meta":"","astra-migrate-meta-layouts":"default","ast-page-background-enabled":"default","ast-page-background-meta":{"desktop":{"background-color":"","background-image":"","background-repeat":"repeat","background-position":"center center","background-size":"auto","background-attachment":"scroll","background-type":"","background-media":"","overlay-type":"","overlay-color":"","overlay-gradient":""},"tablet":{"background-color":"","background-image":"","background-repeat":"repeat","background-position":"center center","background-size":"auto","background-attachment":"scroll","background-type":"","background-media":"","overlay-type":"","overlay-color":"","overlay-gradient":""},"mobile":{"background-color":"","background-image":"","background-repeat":"repeat","background-position":"center center","background-size":"auto","background-attachment":"scroll","background-type":"","background-media":"","overlay-type":"","overlay-color":"","overlay-gradient":""}},"ast-content-background-meta":{"desktop":{"background-color":"var(--ast-global-color-5)","background-image":"","background-repeat":"repeat","background-position":"center center","background-size":"auto","background-attachment":"scroll","background-type":"","background-media":"","overlay-type":"","overlay-color":"","overlay-gradient":""},"tablet":{"background-color":"var(--ast-global-color-5)","background-image":"","background-repeat":"repeat","background-position":"center center","background-size":"auto","background-attachment":"scroll","background-type":"","background-media":"","overlay-type":"","overlay-color":"","overlay-gradient":""},"mobile":{"background-color":"var(--ast-global-color-5)","background-image":"","background-repeat":"repeat","background-position":"center center","background-size":"auto","background-attachment":"scroll","background-type":"","background-media":"","overlay-type":"","overlay-color":"","overlay-gradient":""}},"footnotes":""},"uagb_featured_image_src":{"full":["https:\/\/ibomberdefense.standardof.net\/wp-content\/uploads\/sites\/5\/2020\/10\/iBomber-Defense-Axis-Campaign-06.-South-East-Europe-Heat-Wave-4.jpg",1280,720,false],"thumbnail":["https:\/\/ibomberdefense.standardof.net\/wp-content\/uploads\/sites\/5\/2020\/10\/iBomber-Defense-Axis-Campaign-06.-South-East-Europe-Heat-Wave-4-200x113.jpg",200,113,true],"medium":["https:\/\/ibomberdefense.standardof.net\/wp-content\/uploads\/sites\/5\/2020\/10\/iBomber-Defense-Axis-Campaign-06.-South-East-Europe-Heat-Wave-4-512x288.jpg",512,288,true],"medium_large":["https:\/\/ibomberdefense.standardof.net\/wp-content\/uploads\/sites\/5\/2020\/10\/iBomber-Defense-Axis-Campaign-06.-South-East-Europe-Heat-Wave-4-768x432.jpg",768,432,true],"large":["https:\/\/ibomberdefense.standardof.net\/wp-content\/uploads\/sites\/5\/2020\/10\/iBomber-Defense-Axis-Campaign-06.-South-East-Europe-Heat-Wave-4-800x450.jpg",800,450,true],"1536x1536":["https:\/\/ibomberdefense.standardof.net\/wp-content\/uploads\/sites\/5\/2020\/10\/iBomber-Defense-Axis-Campaign-06.-South-East-Europe-Heat-Wave-4.jpg",1280,720,false],"2048x2048":["https:\/\/ibomberdefense.standardof.net\/wp-content\/uploads\/sites\/5\/2020\/10\/iBomber-Defense-Axis-Campaign-06.-South-East-Europe-Heat-Wave-4.jpg",1280,720,false],"trp-custom-language-flag":["https:\/\/ibomberdefense.standardof.net\/wp-content\/uploads\/sites\/5\/2020\/10\/iBomber-Defense-Axis-Campaign-06.-South-East-Europe-Heat-Wave-4-16x9.jpg",16,9,true]},"uagb_author_info":{"display_name":"SOE","author_link":"https:\/\/ibomberdefense.standardof.net\/es\/author\/k-tastic\/"},"uagb_comment_info":0,"uagb_excerpt":"In South East Europe, &#8220;Heat Wave&#8221; you return to some familiar grounds, however changed in a way in which it is aptly named. The lake which previously existed here has completely dried up, still keeping you from placing turrets in this area, however opening up a new rout of attack against your base. The ground&hellip;","_links":{"self":[{"href":"https:\/\/ibomberdefense.standardof.net\/es\/wp-json\/wp\/v2\/pages\/326"}],"collection":[{"href":"https:\/\/ibomberdefense.standardof.net\/es\/wp-json\/wp\/v2\/pages"}],"about":[{"href":"https:\/\/ibomberdefense.standardof.net\/es\/wp-json\/wp\/v2\/types\/page"}],"author":[{"embeddable":true,"href":"https:\/\/ibomberdefense.standardof.net\/es\/wp-json\/wp\/v2\/users\/1"}],"replies":[{"embeddable":true,"href":"https:\/\/ibomberdefense.standardof.net\/es\/wp-json\/wp\/v2\/comments?post=326"}],"version-history":[{"count":0,"href":"https:\/\/ibomberdefense.standardof.net\/es\/wp-json\/wp\/v2\/pages\/326\/revisions"}],"up":[{"embeddable":true,"href":"https:\/\/ibomberdefense.standardof.net\/es\/wp-json\/wp\/v2\/pages\/268"}],"wp:featuredmedia":[{"embeddable":true,"href":"https:\/\/ibomberdefense.standardof.net\/es\/wp-json\/wp\/v2\/media\/99"}],"wp:attachment":[{"href":"https:\/\/ibomberdefense.standardof.net\/es\/wp-json\/wp\/v2\/media?parent=326"}],"curies":[{"name":"wp","href":"https:\/\/api.w.org\/{rel}","templated":true}]}}